{"id":92629,"date":"2025-05-06T14:19:09","date_gmt":"2025-05-06T12:19:09","guid":{"rendered":"https:\/\/clair.si\/izdelek\/kamasne-kavalkade-flavius\/"},"modified":"2025-08-30T13:41:30","modified_gmt":"2025-08-30T11:41:30","slug":"cepse-kavalkade-flavius","status":"publish","type":"product","link":"https:\/\/clair.si\/hr\/izdelek\/cepse-kavalkade-flavius\/","title":{"rendered":"\u010cepse Kavalkade Flavius"},"content":{"rendered":"<p class=\"\" data-start=\"94\" data-end=\"353\">Izra\u0111eno od prirodno \u0161tavljene, mekane i kvalitetne ko\u017ee. S anatomski oblikovanim ulo\u0161kom od perforiranog KavalPrena (neoprena) u podru\u010dju potplata za jo\u0161 ve\u0107u udobnost i prozra\u010dnost. Dodatno rastezljivo podru\u010dje uz sna\u017eni patentni zatvara\u010d koji se prote\u017ee odozgo prema dolje.<\/p>\n<p class=\"\" data-start=\"355\" data-end=\"421\">Sa sigurnosnim zatvaranjem gore i dolje. Elasti\u010dna traka preko rista.<\/p>\n","protected":false},"excerpt":{"rendered":"<p>Izra\u0111eno od prirodno \u0161tavljene, mekane i kvalitetne ko\u017ee. S anatomski oblikovanim ulo\u0161kom od perforiranog KavalPrena (neoprena) u podru\u010dju potplata za<\/p>\n","protected":false},"featured_media":92638,"template":"","meta":{"footnotes":""},"product_brand":[],"product_cat":[5809,5654,5811,5657,5655,5658],"product_tag":[],"class_list":{"0":"post-92629","1":"product","2":"type-product","3":"status-publish","4":"has-post-thumbnail","6":"product_cat-cepse","7":"product_cat-jahac-hr","8":"product_cat-kamasne-hr","9":"product_cat-kategorije-hr","10":"product_cat-obuca","11":"product_cat-pocetci-jahanja","13":"first","14":"instock","15":"shipping-taxable","16":"purchasable","17":"product-type-variable"},"yoast_head":"<!-- This site is optimized with the Yoast SEO plugin v27.3 - https:\/\/yoast.com\/product\/yoast-seo-wordpress\/ -->\n<title>\u010cepse Kavalkade Flavius - Clair<\/title>\n<meta name=\"description\" content=\"Prirodno \u0161tavljena mekana ko\u017ea, KavalPren ulo\u017eak, rastezljiva zona i patentni zatvara\u010d sa sigurnosnim zatvaranjem za udobnost i sigurnost pri no\u0161enju.\" \/>\n<meta name=\"robots\" content=\"index, follow, max-snippet:-1, max-image-preview:large, max-video-preview:-1\" \/>\n<link rel=\"canonical\" href=\"https:\/\/clair.si\/izdelek\/gamase-kavalkade-flavius\/\" \/>\n<meta property=\"og:locale\" content=\"hr_HR\" \/>\n<meta property=\"og:type\" content=\"article\" \/>\n<meta property=\"og:title\" content=\"\u010cepse Kavalkade Flavius - Clair\" \/>\n<meta property=\"og:description\" content=\"Prirodno \u0161tavljena mekana ko\u017ea, KavalPren ulo\u017eak, rastezljiva zona i patentni zatvara\u010d sa sigurnosnim zatvaranjem za udobnost i sigurnost pri no\u0161enju.\" \/>\n<meta property=\"og:url\" content=\"https:\/\/clair.si\/izdelek\/gamase-kavalkade-flavius\/\" \/>\n<meta property=\"og:site_name\" content=\"Clair\" \/>\n<meta property=\"article:publisher\" content=\"https:\/\/www.facebook.com\/TrgovinaClair\/\" \/>\n<meta property=\"article:modified_time\" content=\"2025-08-30T11:41:30+00:00\" \/>\n<meta property=\"og:image\" content=\"https:\/\/clair.si\/wp-content\/uploads\/2025\/05\/Kavalkade-Flavius_2.webp\" \/>\n\t<meta property=\"og:image:width\" content=\"800\" \/>\n\t<meta property=\"og:image:height\" content=\"800\" \/>\n\t<meta property=\"og:image:type\" content=\"image\/jpeg\" \/>\n<meta name=\"twitter:card\" content=\"summary_large_image\" \/>\n<meta name=\"twitter:label1\" content=\"Procijenjeno vrijeme \u010ditanja\" \/>\n\t<meta name=\"twitter:data1\" content=\"1 minuta\" \/>\n<script type=\"application\/ld+json\" class=\"yoast-schema-graph\">{\"@context\":\"https:\\\/\\\/schema.org\",\"@graph\":[{\"@type\":\"WebPage\",\"@id\":\"https:\\\/\\\/clair.si\\\/izdelek\\\/gamase-kavalkade-flavius\\\/\",\"url\":\"https:\\\/\\\/clair.si\\\/izdelek\\\/gamase-kavalkade-flavius\\\/\",\"name\":\"\u010cepse Kavalkade Flavius - Clair\",\"isPartOf\":{\"@id\":\"https:\\\/\\\/clair.si\\\/#website\"},\"primaryImageOfPage\":{\"@id\":\"https:\\\/\\\/clair.si\\\/izdelek\\\/gamase-kavalkade-flavius\\\/#primaryimage\"},\"image\":{\"@id\":\"https:\\\/\\\/clair.si\\\/izdelek\\\/gamase-kavalkade-flavius\\\/#primaryimage\"},\"thumbnailUrl\":\"https:\\\/\\\/clair.si\\\/wp-content\\\/uploads\\\/2025\\\/05\\\/Kavalkade-Flavius_2.webp\",\"datePublished\":\"2025-05-06T12:19:09+00:00\",\"dateModified\":\"2025-08-30T11:41:30+00:00\",\"description\":\"Prirodno \u0161tavljena mekana ko\u017ea, KavalPren ulo\u017eak, rastezljiva zona i patentni zatvara\u010d sa sigurnosnim zatvaranjem za udobnost i sigurnost pri no\u0161enju.\",\"breadcrumb\":{\"@id\":\"https:\\\/\\\/clair.si\\\/izdelek\\\/gamase-kavalkade-flavius\\\/#breadcrumb\"},\"inLanguage\":\"hr\",\"potentialAction\":[{\"@type\":\"ReadAction\",\"target\":[\"https:\\\/\\\/clair.si\\\/izdelek\\\/gamase-kavalkade-flavius\\\/\"]}]},{\"@type\":\"ImageObject\",\"inLanguage\":\"hr\",\"@id\":\"https:\\\/\\\/clair.si\\\/izdelek\\\/gamase-kavalkade-flavius\\\/#primaryimage\",\"url\":\"https:\\\/\\\/clair.si\\\/wp-content\\\/uploads\\\/2025\\\/05\\\/Kavalkade-Flavius_2.webp\",\"contentUrl\":\"https:\\\/\\\/clair.si\\\/wp-content\\\/uploads\\\/2025\\\/05\\\/Kavalkade-Flavius_2.webp\",\"width\":800,\"height\":800},{\"@type\":\"BreadcrumbList\",\"@id\":\"https:\\\/\\\/clair.si\\\/izdelek\\\/gamase-kavalkade-flavius\\\/#breadcrumb\",\"itemListElement\":[{\"@type\":\"ListItem\",\"position\":1,\"name\":\"Home\",\"item\":\"https:\\\/\\\/clair.si\\\/hr\\\/\"},{\"@type\":\"ListItem\",\"position\":2,\"name\":\"Trgovina\",\"item\":\"https:\\\/\\\/clair.si\\\/trgovina\\\/\"},{\"@type\":\"ListItem\",\"position\":3,\"name\":\"\u010cepse Kavalkade Flavius\"}]},{\"@type\":\"WebSite\",\"@id\":\"https:\\\/\\\/clair.si\\\/#website\",\"url\":\"https:\\\/\\\/clair.si\\\/\",\"name\":\"Clair\",\"description\":\"Trgovina s konjeni\u0161ko opremo\",\"publisher\":{\"@id\":\"https:\\\/\\\/clair.si\\\/#organization\"},\"potentialAction\":[{\"@type\":\"SearchAction\",\"target\":{\"@type\":\"EntryPoint\",\"urlTemplate\":\"https:\\\/\\\/clair.si\\\/?s={search_term_string}\"},\"query-input\":{\"@type\":\"PropertyValueSpecification\",\"valueRequired\":true,\"valueName\":\"search_term_string\"}}],\"inLanguage\":\"hr\"},{\"@type\":\"Organization\",\"@id\":\"https:\\\/\\\/clair.si\\\/#organization\",\"name\":\"Clair\",\"url\":\"https:\\\/\\\/clair.si\\\/\",\"logo\":{\"@type\":\"ImageObject\",\"inLanguage\":\"hr\",\"@id\":\"https:\\\/\\\/clair.si\\\/#\\\/schema\\\/logo\\\/image\\\/\",\"url\":\"https:\\\/\\\/clair.si\\\/wp-content\\\/uploads\\\/2022\\\/11\\\/clair_logo_2022.jpg\",\"contentUrl\":\"https:\\\/\\\/clair.si\\\/wp-content\\\/uploads\\\/2022\\\/11\\\/clair_logo_2022.jpg\",\"width\":1920,\"height\":1920,\"caption\":\"Clair\"},\"image\":{\"@id\":\"https:\\\/\\\/clair.si\\\/#\\\/schema\\\/logo\\\/image\\\/\"},\"sameAs\":[\"https:\\\/\\\/www.facebook.com\\\/TrgovinaClair\\\/\"]}]}<\/script>\n<!-- \/ Yoast SEO plugin. -->","yoast_head_json":{"title":"\u010cepse Kavalkade Flavius - Clair","description":"Prirodno \u0161tavljena mekana ko\u017ea, KavalPren ulo\u017eak, rastezljiva zona i patentni zatvara\u010d sa sigurnosnim zatvaranjem za udobnost i sigurnost pri no\u0161enju.","robots":{"index":"index","follow":"follow","max-snippet":"max-snippet:-1","max-image-preview":"max-image-preview:large","max-video-preview":"max-video-preview:-1"},"canonical":"https:\/\/clair.si\/izdelek\/gamase-kavalkade-flavius\/","og_locale":"hr_HR","og_type":"article","og_title":"\u010cepse Kavalkade Flavius - Clair","og_description":"Prirodno \u0161tavljena mekana ko\u017ea, KavalPren ulo\u017eak, rastezljiva zona i patentni zatvara\u010d sa sigurnosnim zatvaranjem za udobnost i sigurnost pri no\u0161enju.","og_url":"https:\/\/clair.si\/izdelek\/gamase-kavalkade-flavius\/","og_site_name":"Clair","article_publisher":"https:\/\/www.facebook.com\/TrgovinaClair\/","article_modified_time":"2025-08-30T11:41:30+00:00","og_image":[{"width":800,"height":800,"url":"https:\/\/clair.si\/wp-content\/uploads\/2025\/05\/Kavalkade-Flavius_2.webp","type":"image\/jpeg"}],"twitter_card":"summary_large_image","twitter_misc":{"Procijenjeno vrijeme \u010ditanja":"1 minuta"},"schema":{"@context":"https:\/\/schema.org","@graph":[{"@type":"WebPage","@id":"https:\/\/clair.si\/izdelek\/gamase-kavalkade-flavius\/","url":"https:\/\/clair.si\/izdelek\/gamase-kavalkade-flavius\/","name":"\u010cepse Kavalkade Flavius - Clair","isPartOf":{"@id":"https:\/\/clair.si\/#website"},"primaryImageOfPage":{"@id":"https:\/\/clair.si\/izdelek\/gamase-kavalkade-flavius\/#primaryimage"},"image":{"@id":"https:\/\/clair.si\/izdelek\/gamase-kavalkade-flavius\/#primaryimage"},"thumbnailUrl":"https:\/\/clair.si\/wp-content\/uploads\/2025\/05\/Kavalkade-Flavius_2.webp","datePublished":"2025-05-06T12:19:09+00:00","dateModified":"2025-08-30T11:41:30+00:00","description":"Prirodno \u0161tavljena mekana ko\u017ea, KavalPren ulo\u017eak, rastezljiva zona i patentni zatvara\u010d sa sigurnosnim zatvaranjem za udobnost i sigurnost pri no\u0161enju.","breadcrumb":{"@id":"https:\/\/clair.si\/izdelek\/gamase-kavalkade-flavius\/#breadcrumb"},"inLanguage":"hr","potentialAction":[{"@type":"ReadAction","target":["https:\/\/clair.si\/izdelek\/gamase-kavalkade-flavius\/"]}]},{"@type":"ImageObject","inLanguage":"hr","@id":"https:\/\/clair.si\/izdelek\/gamase-kavalkade-flavius\/#primaryimage","url":"https:\/\/clair.si\/wp-content\/uploads\/2025\/05\/Kavalkade-Flavius_2.webp","contentUrl":"https:\/\/clair.si\/wp-content\/uploads\/2025\/05\/Kavalkade-Flavius_2.webp","width":800,"height":800},{"@type":"BreadcrumbList","@id":"https:\/\/clair.si\/izdelek\/gamase-kavalkade-flavius\/#breadcrumb","itemListElement":[{"@type":"ListItem","position":1,"name":"Home","item":"https:\/\/clair.si\/hr\/"},{"@type":"ListItem","position":2,"name":"Trgovina","item":"https:\/\/clair.si\/trgovina\/"},{"@type":"ListItem","position":3,"name":"\u010cepse Kavalkade Flavius"}]},{"@type":"WebSite","@id":"https:\/\/clair.si\/#website","url":"https:\/\/clair.si\/","name":"Clair","description":"Trgovina s konjeni\u0161ko opremo","publisher":{"@id":"https:\/\/clair.si\/#organization"},"potentialAction":[{"@type":"SearchAction","target":{"@type":"EntryPoint","urlTemplate":"https:\/\/clair.si\/?s={search_term_string}"},"query-input":{"@type":"PropertyValueSpecification","valueRequired":true,"valueName":"search_term_string"}}],"inLanguage":"hr"},{"@type":"Organization","@id":"https:\/\/clair.si\/#organization","name":"Clair","url":"https:\/\/clair.si\/","logo":{"@type":"ImageObject","inLanguage":"hr","@id":"https:\/\/clair.si\/#\/schema\/logo\/image\/","url":"https:\/\/clair.si\/wp-content\/uploads\/2022\/11\/clair_logo_2022.jpg","contentUrl":"https:\/\/clair.si\/wp-content\/uploads\/2022\/11\/clair_logo_2022.jpg","width":1920,"height":1920,"caption":"Clair"},"image":{"@id":"https:\/\/clair.si\/#\/schema\/logo\/image\/"},"sameAs":["https:\/\/www.facebook.com\/TrgovinaClair\/"]}]}},"_links":{"self":[{"href":"https:\/\/clair.si\/hr\/wp-json\/wp\/v2\/product\/92629","targetHints":{"allow":["GET"]}}],"collection":[{"href":"https:\/\/clair.si\/hr\/wp-json\/wp\/v2\/product"}],"about":[{"href":"https:\/\/clair.si\/hr\/wp-json\/wp\/v2\/types\/product"}],"version-history":[{"count":0,"href":"https:\/\/clair.si\/hr\/wp-json\/wp\/v2\/product\/92629\/revisions"}],"wp:featuredmedia":[{"embeddable":true,"href":"https:\/\/clair.si\/hr\/wp-json\/wp\/v2\/media\/92638"}],"wp:attachment":[{"href":"https:\/\/clair.si\/hr\/wp-json\/wp\/v2\/media?parent=92629"}],"wp:term":[{"taxonomy":"product_brand","embeddable":true,"href":"https:\/\/clair.si\/hr\/wp-json\/wp\/v2\/product_brand?post=92629"},{"taxonomy":"product_cat","embeddable":true,"href":"https:\/\/clair.si\/hr\/wp-json\/wp\/v2\/product_cat?post=92629"},{"taxonomy":"product_tag","embeddable":true,"href":"https:\/\/clair.si\/hr\/wp-json\/wp\/v2\/product_tag?post=92629"}],"curies":[{"name":"wp","href":"https:\/\/api.w.org\/{rel}","templated":true}]}}