{"id":92632,"date":"2025-05-06T13:45:21","date_gmt":"2025-05-06T11:45:21","guid":{"rendered":"https:\/\/clair.si\/izdelek\/podsedelni-remen-kavalkade-classic\/"},"modified":"2025-09-28T19:22:18","modified_gmt":"2025-09-28T17:22:18","slug":"podsedelni-kolan-kavalkade-classic","status":"publish","type":"product","link":"https:\/\/clair.si\/hr\/izdelek\/podsedelni-kolan-kavalkade-classic\/","title":{"rendered":"Podsedelni kolan Kavalkade Classic"},"content":{"rendered":"<p class=\"\" data-start=\"90\" data-end=\"404\"><strong data-start=\"90\" data-end=\"123\">Podsedelni kolan Classic<\/strong> izra\u0111en je od vrhunskog uljenog usnja. Usnje je tijekom postupka \u0161tavljenja namo\u010deno u biljno ulje, \u0161to ga \u010dini mek\u0161im i postojanijim. Ulje prodire dublje u pore usnja, \u0161to osigurava da je uljeno usnje dugoro\u010dno izdr\u017eljivije i ostaje fleksibilno. Usnje se ne isu\u0161uje.   <\/p>\n<p class=\"\" data-start=\"406\" data-end=\"514\">Podsedelni kolan Classic iznimno je mekano podlo\u017een i klasi\u010dno uzak. Pro\u0161iven je bijelim kontrastnim koncem. <\/p>\n<ul data-start=\"516\" data-end=\"629\">\n<li class=\"\" data-start=\"516\" data-end=\"529\">\n<p class=\"\" data-start=\"518\" data-end=\"529\">uzak kroj<\/p>\n<\/li>\n<li class=\"\" data-start=\"530\" data-end=\"571\">\n<p class=\"\" data-start=\"532\" data-end=\"571\">uljeno usnje, vrlo glatko i postojano<\/p>\n<\/li>\n<li class=\"\" data-start=\"572\" data-end=\"601\">\n<p class=\"\" data-start=\"574\" data-end=\"601\">elasti\u010dan na obje strane<\/p>\n<\/li>\n<li class=\"\" data-start=\"602\" data-end=\"629\">\n<p class=\"\" data-start=\"604\" data-end=\"629\">bijeli kontrastni \u0161iva\u0107i konac<\/p>\n<\/li>\n<\/ul>\n<p class=\"\" data-start=\"631\" data-end=\"751\"><strong data-start=\"631\" data-end=\"655\">Dodatne informacije:<\/strong><br data-start=\"655\" data-end=\"658\">Veli\u010dina: 115\u2013140 cm<br data-start=\"678\" data-end=\"681\">Materijal: uljeno usnje<br data-start=\"703\" data-end=\"706\">Te\u017eina: 0,8 kg<br data-start=\"718\" data-end=\"721\">Boja: crno-crna, sme\u0111e-crna<\/p>\n<p class=\"\" data-start=\"753\" data-end=\"1071\"><strong data-start=\"753\" data-end=\"797\">Uporaba podsedelnega pasu Classic<\/strong><br data-start=\"797\" data-end=\"800\">Ovaj podsedelni kolan je jedinstven. Zbog uljenog usnja vrlo je izdr\u017eljiv i ugodno mekan. Podloga je iznimno mekana i osigurava iznimnu udobnost. U\u017ei kroj omogu\u0107uje dovoljno slobode kretanja i idealan je i za konje kod kojih se pod \u0161irim remenima razvije previ\u0161e topline.   <\/p>\n","protected":false},"excerpt":{"rendered":"<p>Podsedelni kolan Classic izra\u0111en je od vrhunskog uljenog usnja. Usnje je tijekom postupka \u0161tavljenja namo\u010deno u biljno ulje, \u0161to ga<\/p>\n","protected":false},"featured_media":92649,"template":"","meta":{"footnotes":""},"product_brand":[],"product_cat":[5818,5624,5819],"product_tag":[],"class_list":{"0":"post-92632","1":"product","2":"type-product","3":"status-publish","4":"has-post-thumbnail","6":"product_cat-kolan","7":"product_cat-konj-hr","8":"product_cat-visenamjenski-kolani","10":"first","11":"instock","12":"shipping-taxable","13":"purchasable","14":"product-type-variable"},"yoast_head":"<!-- This site is optimized with the Yoast SEO plugin v27.3 - https:\/\/yoast.com\/product\/yoast-seo-wordpress\/ -->\n<title>Podsedelni kolan Kavalkade Classic - Clair<\/title>\n<meta name=\"description\" content=\"Uljeni podsedelni kolan Foster Classic je mekan, izdr\u017eljiv i uzak \u2013 za maksimalnu udobnost i slobodu kretanja va\u0161eg konja. Provjerite na\u0161u ponudu.\" \/>\n<meta name=\"robots\" content=\"index, follow, max-snippet:-1, max-image-preview:large, max-video-preview:-1\" \/>\n<link rel=\"canonical\" href=\"https:\/\/clair.si\/hr\/izdelek\/podsedelni-kolan-kavalkade-classic\/\" \/>\n<meta property=\"og:locale\" content=\"hr_HR\" \/>\n<meta property=\"og:type\" content=\"article\" \/>\n<meta property=\"og:title\" content=\"Podsedelni kolan Kavalkade Classic - Clair\" \/>\n<meta property=\"og:description\" content=\"Uljeni podsedelni kolan Foster Classic je mekan, izdr\u017eljiv i uzak \u2013 za maksimalnu udobnost i slobodu kretanja va\u0161eg konja. Provjerite na\u0161u ponudu.\" \/>\n<meta property=\"og:url\" content=\"https:\/\/clair.si\/hr\/izdelek\/podsedelni-kolan-kavalkade-classic\/\" \/>\n<meta property=\"og:site_name\" content=\"Clair\" \/>\n<meta property=\"article:publisher\" content=\"https:\/\/www.facebook.com\/TrgovinaClair\/\" \/>\n<meta property=\"article:modified_time\" content=\"2025-09-28T17:22:18+00:00\" \/>\n<meta property=\"og:image\" content=\"https:\/\/clair.si\/wp-content\/uploads\/2025\/05\/Kavalkade-pas-Classic.webp\" \/>\n\t<meta property=\"og:image:width\" content=\"800\" \/>\n\t<meta property=\"og:image:height\" content=\"800\" \/>\n\t<meta property=\"og:image:type\" content=\"image\/jpeg\" \/>\n<meta name=\"twitter:card\" content=\"summary_large_image\" \/>\n<meta name=\"twitter:label1\" content=\"Procijenjeno vrijeme \u010ditanja\" \/>\n\t<meta name=\"twitter:data1\" content=\"1 minuta\" \/>\n<script type=\"application\/ld+json\" class=\"yoast-schema-graph\">{\"@context\":\"https:\\\/\\\/schema.org\",\"@graph\":[{\"@type\":\"WebPage\",\"@id\":\"https:\\\/\\\/clair.si\\\/hr\\\/izdelek\\\/podsedelni-kolan-kavalkade-classic\\\/\",\"url\":\"https:\\\/\\\/clair.si\\\/hr\\\/izdelek\\\/podsedelni-kolan-kavalkade-classic\\\/\",\"name\":\"Podsedelni kolan Kavalkade Classic - Clair\",\"isPartOf\":{\"@id\":\"https:\\\/\\\/clair.si\\\/#website\"},\"primaryImageOfPage\":{\"@id\":\"https:\\\/\\\/clair.si\\\/hr\\\/izdelek\\\/podsedelni-kolan-kavalkade-classic\\\/#primaryimage\"},\"image\":{\"@id\":\"https:\\\/\\\/clair.si\\\/hr\\\/izdelek\\\/podsedelni-kolan-kavalkade-classic\\\/#primaryimage\"},\"thumbnailUrl\":\"https:\\\/\\\/clair.si\\\/wp-content\\\/uploads\\\/2025\\\/05\\\/Kavalkade-pas-Classic.webp\",\"datePublished\":\"2025-05-06T11:45:21+00:00\",\"dateModified\":\"2025-09-28T17:22:18+00:00\",\"description\":\"Uljeni podsedelni kolan Foster Classic je mekan, izdr\u017eljiv i uzak \u2013 za maksimalnu udobnost i slobodu kretanja va\u0161eg konja. Provjerite na\u0161u ponudu.\",\"breadcrumb\":{\"@id\":\"https:\\\/\\\/clair.si\\\/hr\\\/izdelek\\\/podsedelni-kolan-kavalkade-classic\\\/#breadcrumb\"},\"inLanguage\":\"hr\",\"potentialAction\":[{\"@type\":\"ReadAction\",\"target\":[\"https:\\\/\\\/clair.si\\\/hr\\\/izdelek\\\/podsedelni-kolan-kavalkade-classic\\\/\"]}]},{\"@type\":\"ImageObject\",\"inLanguage\":\"hr\",\"@id\":\"https:\\\/\\\/clair.si\\\/hr\\\/izdelek\\\/podsedelni-kolan-kavalkade-classic\\\/#primaryimage\",\"url\":\"https:\\\/\\\/clair.si\\\/wp-content\\\/uploads\\\/2025\\\/05\\\/Kavalkade-pas-Classic.webp\",\"contentUrl\":\"https:\\\/\\\/clair.si\\\/wp-content\\\/uploads\\\/2025\\\/05\\\/Kavalkade-pas-Classic.webp\",\"width\":800,\"height\":800},{\"@type\":\"BreadcrumbList\",\"@id\":\"https:\\\/\\\/clair.si\\\/hr\\\/izdelek\\\/podsedelni-kolan-kavalkade-classic\\\/#breadcrumb\",\"itemListElement\":[{\"@type\":\"ListItem\",\"position\":1,\"name\":\"Home\",\"item\":\"https:\\\/\\\/clair.si\\\/hr\\\/\"},{\"@type\":\"ListItem\",\"position\":2,\"name\":\"Trgovina\",\"item\":\"https:\\\/\\\/clair.si\\\/trgovina\\\/\"},{\"@type\":\"ListItem\",\"position\":3,\"name\":\"Podsedelni kolan Kavalkade Classic\"}]},{\"@type\":\"WebSite\",\"@id\":\"https:\\\/\\\/clair.si\\\/#website\",\"url\":\"https:\\\/\\\/clair.si\\\/\",\"name\":\"Clair\",\"description\":\"Trgovina s konjeni\u0161ko opremo\",\"publisher\":{\"@id\":\"https:\\\/\\\/clair.si\\\/#organization\"},\"potentialAction\":[{\"@type\":\"SearchAction\",\"target\":{\"@type\":\"EntryPoint\",\"urlTemplate\":\"https:\\\/\\\/clair.si\\\/?s={search_term_string}\"},\"query-input\":{\"@type\":\"PropertyValueSpecification\",\"valueRequired\":true,\"valueName\":\"search_term_string\"}}],\"inLanguage\":\"hr\"},{\"@type\":\"Organization\",\"@id\":\"https:\\\/\\\/clair.si\\\/#organization\",\"name\":\"Clair\",\"url\":\"https:\\\/\\\/clair.si\\\/\",\"logo\":{\"@type\":\"ImageObject\",\"inLanguage\":\"hr\",\"@id\":\"https:\\\/\\\/clair.si\\\/#\\\/schema\\\/logo\\\/image\\\/\",\"url\":\"https:\\\/\\\/clair.si\\\/wp-content\\\/uploads\\\/2022\\\/11\\\/clair_logo_2022.jpg\",\"contentUrl\":\"https:\\\/\\\/clair.si\\\/wp-content\\\/uploads\\\/2022\\\/11\\\/clair_logo_2022.jpg\",\"width\":1920,\"height\":1920,\"caption\":\"Clair\"},\"image\":{\"@id\":\"https:\\\/\\\/clair.si\\\/#\\\/schema\\\/logo\\\/image\\\/\"},\"sameAs\":[\"https:\\\/\\\/www.facebook.com\\\/TrgovinaClair\\\/\"]}]}<\/script>\n<!-- \/ Yoast SEO plugin. -->","yoast_head_json":{"title":"Podsedelni kolan Kavalkade Classic - Clair","description":"Uljeni podsedelni kolan Foster Classic je mekan, izdr\u017eljiv i uzak \u2013 za maksimalnu udobnost i slobodu kretanja va\u0161eg konja. Provjerite na\u0161u ponudu.","robots":{"index":"index","follow":"follow","max-snippet":"max-snippet:-1","max-image-preview":"max-image-preview:large","max-video-preview":"max-video-preview:-1"},"canonical":"https:\/\/clair.si\/hr\/izdelek\/podsedelni-kolan-kavalkade-classic\/","og_locale":"hr_HR","og_type":"article","og_title":"Podsedelni kolan Kavalkade Classic - Clair","og_description":"Uljeni podsedelni kolan Foster Classic je mekan, izdr\u017eljiv i uzak \u2013 za maksimalnu udobnost i slobodu kretanja va\u0161eg konja. Provjerite na\u0161u ponudu.","og_url":"https:\/\/clair.si\/hr\/izdelek\/podsedelni-kolan-kavalkade-classic\/","og_site_name":"Clair","article_publisher":"https:\/\/www.facebook.com\/TrgovinaClair\/","article_modified_time":"2025-09-28T17:22:18+00:00","og_image":[{"width":800,"height":800,"url":"https:\/\/clair.si\/wp-content\/uploads\/2025\/05\/Kavalkade-pas-Classic.webp","type":"image\/jpeg"}],"twitter_card":"summary_large_image","twitter_misc":{"Procijenjeno vrijeme \u010ditanja":"1 minuta"},"schema":{"@context":"https:\/\/schema.org","@graph":[{"@type":"WebPage","@id":"https:\/\/clair.si\/hr\/izdelek\/podsedelni-kolan-kavalkade-classic\/","url":"https:\/\/clair.si\/hr\/izdelek\/podsedelni-kolan-kavalkade-classic\/","name":"Podsedelni kolan Kavalkade Classic - Clair","isPartOf":{"@id":"https:\/\/clair.si\/#website"},"primaryImageOfPage":{"@id":"https:\/\/clair.si\/hr\/izdelek\/podsedelni-kolan-kavalkade-classic\/#primaryimage"},"image":{"@id":"https:\/\/clair.si\/hr\/izdelek\/podsedelni-kolan-kavalkade-classic\/#primaryimage"},"thumbnailUrl":"https:\/\/clair.si\/wp-content\/uploads\/2025\/05\/Kavalkade-pas-Classic.webp","datePublished":"2025-05-06T11:45:21+00:00","dateModified":"2025-09-28T17:22:18+00:00","description":"Uljeni podsedelni kolan Foster Classic je mekan, izdr\u017eljiv i uzak \u2013 za maksimalnu udobnost i slobodu kretanja va\u0161eg konja. Provjerite na\u0161u ponudu.","breadcrumb":{"@id":"https:\/\/clair.si\/hr\/izdelek\/podsedelni-kolan-kavalkade-classic\/#breadcrumb"},"inLanguage":"hr","potentialAction":[{"@type":"ReadAction","target":["https:\/\/clair.si\/hr\/izdelek\/podsedelni-kolan-kavalkade-classic\/"]}]},{"@type":"ImageObject","inLanguage":"hr","@id":"https:\/\/clair.si\/hr\/izdelek\/podsedelni-kolan-kavalkade-classic\/#primaryimage","url":"https:\/\/clair.si\/wp-content\/uploads\/2025\/05\/Kavalkade-pas-Classic.webp","contentUrl":"https:\/\/clair.si\/wp-content\/uploads\/2025\/05\/Kavalkade-pas-Classic.webp","width":800,"height":800},{"@type":"BreadcrumbList","@id":"https:\/\/clair.si\/hr\/izdelek\/podsedelni-kolan-kavalkade-classic\/#breadcrumb","itemListElement":[{"@type":"ListItem","position":1,"name":"Home","item":"https:\/\/clair.si\/hr\/"},{"@type":"ListItem","position":2,"name":"Trgovina","item":"https:\/\/clair.si\/trgovina\/"},{"@type":"ListItem","position":3,"name":"Podsedelni kolan Kavalkade Classic"}]},{"@type":"WebSite","@id":"https:\/\/clair.si\/#website","url":"https:\/\/clair.si\/","name":"Clair","description":"Trgovina s konjeni\u0161ko opremo","publisher":{"@id":"https:\/\/clair.si\/#organization"},"potentialAction":[{"@type":"SearchAction","target":{"@type":"EntryPoint","urlTemplate":"https:\/\/clair.si\/?s={search_term_string}"},"query-input":{"@type":"PropertyValueSpecification","valueRequired":true,"valueName":"search_term_string"}}],"inLanguage":"hr"},{"@type":"Organization","@id":"https:\/\/clair.si\/#organization","name":"Clair","url":"https:\/\/clair.si\/","logo":{"@type":"ImageObject","inLanguage":"hr","@id":"https:\/\/clair.si\/#\/schema\/logo\/image\/","url":"https:\/\/clair.si\/wp-content\/uploads\/2022\/11\/clair_logo_2022.jpg","contentUrl":"https:\/\/clair.si\/wp-content\/uploads\/2022\/11\/clair_logo_2022.jpg","width":1920,"height":1920,"caption":"Clair"},"image":{"@id":"https:\/\/clair.si\/#\/schema\/logo\/image\/"},"sameAs":["https:\/\/www.facebook.com\/TrgovinaClair\/"]}]}},"_links":{"self":[{"href":"https:\/\/clair.si\/hr\/wp-json\/wp\/v2\/product\/92632","targetHints":{"allow":["GET"]}}],"collection":[{"href":"https:\/\/clair.si\/hr\/wp-json\/wp\/v2\/product"}],"about":[{"href":"https:\/\/clair.si\/hr\/wp-json\/wp\/v2\/types\/product"}],"version-history":[{"count":2,"href":"https:\/\/clair.si\/hr\/wp-json\/wp\/v2\/product\/92632\/revisions"}],"predecessor-version":[{"id":115122,"href":"https:\/\/clair.si\/hr\/wp-json\/wp\/v2\/product\/92632\/revisions\/115122"}],"wp:featuredmedia":[{"embeddable":true,"href":"https:\/\/clair.si\/hr\/wp-json\/wp\/v2\/media\/92649"}],"wp:attachment":[{"href":"https:\/\/clair.si\/hr\/wp-json\/wp\/v2\/media?parent=92632"}],"wp:term":[{"taxonomy":"product_brand","embeddable":true,"href":"https:\/\/clair.si\/hr\/wp-json\/wp\/v2\/product_brand?post=92632"},{"taxonomy":"product_cat","embeddable":true,"href":"https:\/\/clair.si\/hr\/wp-json\/wp\/v2\/product_cat?post=92632"},{"taxonomy":"product_tag","embeddable":true,"href":"https:\/\/clair.si\/hr\/wp-json\/wp\/v2\/product_tag?post=92632"}],"curies":[{"name":"wp","href":"https:\/\/api.w.org\/{rel}","templated":true}]}}