{"id":92692,"date":"2025-04-25T11:50:04","date_gmt":"2025-04-25T09:50:04","guid":{"rendered":"https:\/\/clair.si\/izdelek\/bic-za-lonziranje-wg-carbon\/"},"modified":"2025-10-04T11:15:05","modified_gmt":"2025-10-04T09:15:05","slug":"bic-za-lonziranje-wg-carbon","status":"publish","type":"product","link":"https:\/\/clair.si\/hr\/izdelek\/bic-za-lonziranje-wg-carbon\/","title":{"rendered":"Bi\u010d za lon\u017eiranje W&amp;G Carbon"},"content":{"rendered":"<p class=\"\" data-start=\"122\" data-end=\"344\">Vrlo lagan s fleksibilnom \u0161upljom jezgrom, ali istovremeno iznimno \u010dvrst, izra\u0111en od kompozitnih staklenih vlakana i karbona. Duga gumirana protuklizna ru\u010dka s metalnim zavr\u0161etkom.<\/p>\n","protected":false},"excerpt":{"rendered":"<p>Vrlo lagan s fleksibilnom \u0161upljom jezgrom, ali istovremeno iznimno \u010dvrst, izra\u0111en od kompozitnih staklenih vlakana i karbona. Duga gumirana protuklizna<\/p>\n","protected":false},"featured_media":92697,"template":"","meta":{"footnotes":""},"product_brand":[],"product_cat":[5831,5654,5624,5830],"product_tag":[],"class_list":{"0":"post-92692","1":"product","2":"type-product","3":"status-publish","4":"has-post-thumbnail","6":"product_cat-bicevi-za-lonziranje","7":"product_cat-jahac-hr","8":"product_cat-konj-hr","9":"product_cat-lonziranje-hr","11":"first","12":"instock","13":"sale","14":"shipping-taxable","15":"purchasable","16":"product-type-variable"},"yoast_head":"<!-- This site is optimized with the Yoast SEO plugin v27.3 - https:\/\/yoast.com\/product\/yoast-seo-wordpress\/ -->\n<title>Bi\u010d za lon\u017eiranje W&amp;G Carbon - Clair<\/title>\n<meta name=\"description\" content=\"Lagan i \u010dvrst bi\u010d za lon\u017eiranje od karbona i staklenih vlakana s protukliznom ru\u010dkom i plovkom sa zglobom. Osigurajte svoj primjerak.\" \/>\n<meta name=\"robots\" content=\"index, follow, max-snippet:-1, max-image-preview:large, max-video-preview:-1\" \/>\n<link rel=\"canonical\" href=\"https:\/\/clair.si\/hr\/izdelek\/bic-za-lonziranje-wg-carbon\/\" \/>\n<meta property=\"og:locale\" content=\"hr_HR\" \/>\n<meta property=\"og:type\" content=\"article\" \/>\n<meta property=\"og:title\" content=\"Bi\u010d za lon\u017eiranje W&amp;G Carbon - Clair\" \/>\n<meta property=\"og:description\" content=\"Lagan i \u010dvrst bi\u010d za lon\u017eiranje od karbona i staklenih vlakana s protukliznom ru\u010dkom i plovkom sa zglobom. Osigurajte svoj primjerak.\" \/>\n<meta property=\"og:url\" content=\"https:\/\/clair.si\/hr\/izdelek\/bic-za-lonziranje-wg-carbon\/\" \/>\n<meta property=\"og:site_name\" content=\"Clair\" \/>\n<meta property=\"article:publisher\" content=\"https:\/\/www.facebook.com\/TrgovinaClair\/\" \/>\n<meta property=\"article:modified_time\" content=\"2025-10-04T09:15:05+00:00\" \/>\n<meta property=\"og:image\" content=\"https:\/\/clair.si\/wp-content\/uploads\/2025\/04\/11.webp\" \/>\n\t<meta property=\"og:image:width\" content=\"500\" \/>\n\t<meta property=\"og:image:height\" content=\"500\" \/>\n\t<meta property=\"og:image:type\" content=\"image\/jpeg\" \/>\n<meta name=\"twitter:card\" content=\"summary_large_image\" \/>\n<meta name=\"twitter:label1\" content=\"Procijenjeno vrijeme \u010ditanja\" \/>\n\t<meta name=\"twitter:data1\" content=\"1 minuta\" \/>\n<script type=\"application\/ld+json\" class=\"yoast-schema-graph\">{\"@context\":\"https:\\\/\\\/schema.org\",\"@graph\":[{\"@type\":\"WebPage\",\"@id\":\"https:\\\/\\\/clair.si\\\/hr\\\/izdelek\\\/bic-za-lonziranje-wg-carbon\\\/\",\"url\":\"https:\\\/\\\/clair.si\\\/hr\\\/izdelek\\\/bic-za-lonziranje-wg-carbon\\\/\",\"name\":\"Bi\u010d za lon\u017eiranje W&amp;G Carbon - Clair\",\"isPartOf\":{\"@id\":\"https:\\\/\\\/clair.si\\\/#website\"},\"primaryImageOfPage\":{\"@id\":\"https:\\\/\\\/clair.si\\\/hr\\\/izdelek\\\/bic-za-lonziranje-wg-carbon\\\/#primaryimage\"},\"image\":{\"@id\":\"https:\\\/\\\/clair.si\\\/hr\\\/izdelek\\\/bic-za-lonziranje-wg-carbon\\\/#primaryimage\"},\"thumbnailUrl\":\"https:\\\/\\\/clair.si\\\/wp-content\\\/uploads\\\/2025\\\/04\\\/11.webp\",\"datePublished\":\"2025-04-25T09:50:04+00:00\",\"dateModified\":\"2025-10-04T09:15:05+00:00\",\"description\":\"Lagan i \u010dvrst bi\u010d za lon\u017eiranje od karbona i staklenih vlakana s protukliznom ru\u010dkom i plovkom sa zglobom. Osigurajte svoj primjerak.\",\"breadcrumb\":{\"@id\":\"https:\\\/\\\/clair.si\\\/hr\\\/izdelek\\\/bic-za-lonziranje-wg-carbon\\\/#breadcrumb\"},\"inLanguage\":\"hr\",\"potentialAction\":[{\"@type\":\"ReadAction\",\"target\":[\"https:\\\/\\\/clair.si\\\/hr\\\/izdelek\\\/bic-za-lonziranje-wg-carbon\\\/\"]}]},{\"@type\":\"ImageObject\",\"inLanguage\":\"hr\",\"@id\":\"https:\\\/\\\/clair.si\\\/hr\\\/izdelek\\\/bic-za-lonziranje-wg-carbon\\\/#primaryimage\",\"url\":\"https:\\\/\\\/clair.si\\\/wp-content\\\/uploads\\\/2025\\\/04\\\/11.webp\",\"contentUrl\":\"https:\\\/\\\/clair.si\\\/wp-content\\\/uploads\\\/2025\\\/04\\\/11.webp\",\"width\":500,\"height\":500},{\"@type\":\"BreadcrumbList\",\"@id\":\"https:\\\/\\\/clair.si\\\/hr\\\/izdelek\\\/bic-za-lonziranje-wg-carbon\\\/#breadcrumb\",\"itemListElement\":[{\"@type\":\"ListItem\",\"position\":1,\"name\":\"Home\",\"item\":\"https:\\\/\\\/clair.si\\\/hr\\\/\"},{\"@type\":\"ListItem\",\"position\":2,\"name\":\"Trgovina\",\"item\":\"https:\\\/\\\/clair.si\\\/trgovina\\\/\"},{\"@type\":\"ListItem\",\"position\":3,\"name\":\"Bi\u010d za lon\u017eiranje W&amp;G Carbon\"}]},{\"@type\":\"WebSite\",\"@id\":\"https:\\\/\\\/clair.si\\\/#website\",\"url\":\"https:\\\/\\\/clair.si\\\/\",\"name\":\"Clair\",\"description\":\"Trgovina s konjeni\u0161ko opremo\",\"publisher\":{\"@id\":\"https:\\\/\\\/clair.si\\\/#organization\"},\"potentialAction\":[{\"@type\":\"SearchAction\",\"target\":{\"@type\":\"EntryPoint\",\"urlTemplate\":\"https:\\\/\\\/clair.si\\\/?s={search_term_string}\"},\"query-input\":{\"@type\":\"PropertyValueSpecification\",\"valueRequired\":true,\"valueName\":\"search_term_string\"}}],\"inLanguage\":\"hr\"},{\"@type\":\"Organization\",\"@id\":\"https:\\\/\\\/clair.si\\\/#organization\",\"name\":\"Clair\",\"url\":\"https:\\\/\\\/clair.si\\\/\",\"logo\":{\"@type\":\"ImageObject\",\"inLanguage\":\"hr\",\"@id\":\"https:\\\/\\\/clair.si\\\/#\\\/schema\\\/logo\\\/image\\\/\",\"url\":\"https:\\\/\\\/clair.si\\\/wp-content\\\/uploads\\\/2022\\\/11\\\/clair_logo_2022.jpg\",\"contentUrl\":\"https:\\\/\\\/clair.si\\\/wp-content\\\/uploads\\\/2022\\\/11\\\/clair_logo_2022.jpg\",\"width\":1920,\"height\":1920,\"caption\":\"Clair\"},\"image\":{\"@id\":\"https:\\\/\\\/clair.si\\\/#\\\/schema\\\/logo\\\/image\\\/\"},\"sameAs\":[\"https:\\\/\\\/www.facebook.com\\\/TrgovinaClair\\\/\"]}]}<\/script>\n<!-- \/ Yoast SEO plugin. -->","yoast_head_json":{"title":"Bi\u010d za lon\u017eiranje W&amp;G Carbon - Clair","description":"Lagan i \u010dvrst bi\u010d za lon\u017eiranje od karbona i staklenih vlakana s protukliznom ru\u010dkom i plovkom sa zglobom. Osigurajte svoj primjerak.","robots":{"index":"index","follow":"follow","max-snippet":"max-snippet:-1","max-image-preview":"max-image-preview:large","max-video-preview":"max-video-preview:-1"},"canonical":"https:\/\/clair.si\/hr\/izdelek\/bic-za-lonziranje-wg-carbon\/","og_locale":"hr_HR","og_type":"article","og_title":"Bi\u010d za lon\u017eiranje W&amp;G Carbon - Clair","og_description":"Lagan i \u010dvrst bi\u010d za lon\u017eiranje od karbona i staklenih vlakana s protukliznom ru\u010dkom i plovkom sa zglobom. Osigurajte svoj primjerak.","og_url":"https:\/\/clair.si\/hr\/izdelek\/bic-za-lonziranje-wg-carbon\/","og_site_name":"Clair","article_publisher":"https:\/\/www.facebook.com\/TrgovinaClair\/","article_modified_time":"2025-10-04T09:15:05+00:00","og_image":[{"width":500,"height":500,"url":"https:\/\/clair.si\/wp-content\/uploads\/2025\/04\/11.webp","type":"image\/jpeg"}],"twitter_card":"summary_large_image","twitter_misc":{"Procijenjeno vrijeme \u010ditanja":"1 minuta"},"schema":{"@context":"https:\/\/schema.org","@graph":[{"@type":"WebPage","@id":"https:\/\/clair.si\/hr\/izdelek\/bic-za-lonziranje-wg-carbon\/","url":"https:\/\/clair.si\/hr\/izdelek\/bic-za-lonziranje-wg-carbon\/","name":"Bi\u010d za lon\u017eiranje W&amp;G Carbon - Clair","isPartOf":{"@id":"https:\/\/clair.si\/#website"},"primaryImageOfPage":{"@id":"https:\/\/clair.si\/hr\/izdelek\/bic-za-lonziranje-wg-carbon\/#primaryimage"},"image":{"@id":"https:\/\/clair.si\/hr\/izdelek\/bic-za-lonziranje-wg-carbon\/#primaryimage"},"thumbnailUrl":"https:\/\/clair.si\/wp-content\/uploads\/2025\/04\/11.webp","datePublished":"2025-04-25T09:50:04+00:00","dateModified":"2025-10-04T09:15:05+00:00","description":"Lagan i \u010dvrst bi\u010d za lon\u017eiranje od karbona i staklenih vlakana s protukliznom ru\u010dkom i plovkom sa zglobom. Osigurajte svoj primjerak.","breadcrumb":{"@id":"https:\/\/clair.si\/hr\/izdelek\/bic-za-lonziranje-wg-carbon\/#breadcrumb"},"inLanguage":"hr","potentialAction":[{"@type":"ReadAction","target":["https:\/\/clair.si\/hr\/izdelek\/bic-za-lonziranje-wg-carbon\/"]}]},{"@type":"ImageObject","inLanguage":"hr","@id":"https:\/\/clair.si\/hr\/izdelek\/bic-za-lonziranje-wg-carbon\/#primaryimage","url":"https:\/\/clair.si\/wp-content\/uploads\/2025\/04\/11.webp","contentUrl":"https:\/\/clair.si\/wp-content\/uploads\/2025\/04\/11.webp","width":500,"height":500},{"@type":"BreadcrumbList","@id":"https:\/\/clair.si\/hr\/izdelek\/bic-za-lonziranje-wg-carbon\/#breadcrumb","itemListElement":[{"@type":"ListItem","position":1,"name":"Home","item":"https:\/\/clair.si\/hr\/"},{"@type":"ListItem","position":2,"name":"Trgovina","item":"https:\/\/clair.si\/trgovina\/"},{"@type":"ListItem","position":3,"name":"Bi\u010d za lon\u017eiranje W&amp;G Carbon"}]},{"@type":"WebSite","@id":"https:\/\/clair.si\/#website","url":"https:\/\/clair.si\/","name":"Clair","description":"Trgovina s konjeni\u0161ko opremo","publisher":{"@id":"https:\/\/clair.si\/#organization"},"potentialAction":[{"@type":"SearchAction","target":{"@type":"EntryPoint","urlTemplate":"https:\/\/clair.si\/?s={search_term_string}"},"query-input":{"@type":"PropertyValueSpecification","valueRequired":true,"valueName":"search_term_string"}}],"inLanguage":"hr"},{"@type":"Organization","@id":"https:\/\/clair.si\/#organization","name":"Clair","url":"https:\/\/clair.si\/","logo":{"@type":"ImageObject","inLanguage":"hr","@id":"https:\/\/clair.si\/#\/schema\/logo\/image\/","url":"https:\/\/clair.si\/wp-content\/uploads\/2022\/11\/clair_logo_2022.jpg","contentUrl":"https:\/\/clair.si\/wp-content\/uploads\/2022\/11\/clair_logo_2022.jpg","width":1920,"height":1920,"caption":"Clair"},"image":{"@id":"https:\/\/clair.si\/#\/schema\/logo\/image\/"},"sameAs":["https:\/\/www.facebook.com\/TrgovinaClair\/"]}]}},"_links":{"self":[{"href":"https:\/\/clair.si\/hr\/wp-json\/wp\/v2\/product\/92692","targetHints":{"allow":["GET"]}}],"collection":[{"href":"https:\/\/clair.si\/hr\/wp-json\/wp\/v2\/product"}],"about":[{"href":"https:\/\/clair.si\/hr\/wp-json\/wp\/v2\/types\/product"}],"version-history":[{"count":2,"href":"https:\/\/clair.si\/hr\/wp-json\/wp\/v2\/product\/92692\/revisions"}],"predecessor-version":[{"id":115665,"href":"https:\/\/clair.si\/hr\/wp-json\/wp\/v2\/product\/92692\/revisions\/115665"}],"wp:featuredmedia":[{"embeddable":true,"href":"https:\/\/clair.si\/hr\/wp-json\/wp\/v2\/media\/92697"}],"wp:attachment":[{"href":"https:\/\/clair.si\/hr\/wp-json\/wp\/v2\/media?parent=92692"}],"wp:term":[{"taxonomy":"product_brand","embeddable":true,"href":"https:\/\/clair.si\/hr\/wp-json\/wp\/v2\/product_brand?post=92692"},{"taxonomy":"product_cat","embeddable":true,"href":"https:\/\/clair.si\/hr\/wp-json\/wp\/v2\/product_cat?post=92692"},{"taxonomy":"product_tag","embeddable":true,"href":"https:\/\/clair.si\/hr\/wp-json\/wp\/v2\/product_tag?post=92692"}],"curies":[{"name":"wp","href":"https:\/\/api.w.org\/{rel}","templated":true}]}}