{"id":92702,"date":"2025-04-18T10:04:28","date_gmt":"2025-04-18T08:04:28","guid":{"rendered":"https:\/\/clair.si\/izdelek\/bic-za-preskakanje-prepreka-fleck-contact-60cm\/"},"modified":"2025-08-30T13:51:11","modified_gmt":"2025-08-30T11:51:11","slug":"bic-za-skakanje-prepreka-fleck-contact-60cm","status":"publish","type":"product","link":"https:\/\/clair.si\/hr\/izdelek\/bic-za-skakanje-prepreka-fleck-contact-60cm\/","title":{"rendered":"Bi\u010d za skakanje Fleck Contact 60cm"},"content":{"rendered":"<p>Moderno dizajniran bi\u010d s odli\u010dnom ravnote\u017eom, optimalnom elasti\u010dno\u0161\u0107u i savr\u0161enim prianjanjem. Jezgra od stakloplastike omotana je u najlonsku pletenicu. Posebna protuklizna ru\u010dka \u201cContact\u201d od u\u017eljebljenog poliuretana omogu\u0107uje pouzdan oprijem.<\/p>\n<p>Du\u017eina: 60cm<\/p>\n","protected":false},"excerpt":{"rendered":"<p>Moderno dizajniran bi\u010d s odli\u010dnom ravnote\u017eom, optimalnom elasti\u010dno\u0161\u0107u i savr\u0161enim prianjanjem. Jezgra od stakloplastike omotana je u najlonsku pletenicu. Posebna<\/p>\n","protected":false},"featured_media":92715,"template":"","meta":{"footnotes":""},"product_brand":[],"product_cat":[5732,5654,5670,5733],"product_tag":[],"class_list":{"0":"post-92702","1":"product","2":"type-product","3":"status-publish","4":"has-post-thumbnail","6":"product_cat-bicevi","7":"product_cat-jahac-hr","8":"product_cat-natjecanja","9":"product_cat-preponski-bicevi","11":"first","12":"instock","13":"sale","14":"shipping-taxable","15":"purchasable","16":"product-type-simple"},"yoast_head":"<!-- This site is optimized with the Yoast SEO plugin v27.3 - https:\/\/yoast.com\/product\/yoast-seo-wordpress\/ -->\n<title>Bi\u010d za skakanje Fleck Contact 60cm - Clair<\/title>\n<meta name=\"description\" content=\"Moderno dizajniran bi\u010d s jezgrom od stakloplastike, protukliznom ru\u010dkom i \u0161irokim sinteti\u010dkim udarcem za potpunu kontrolu i udobnost.\" \/>\n<meta name=\"robots\" content=\"index, follow, max-snippet:-1, max-image-preview:large, max-video-preview:-1\" \/>\n<link rel=\"canonical\" href=\"https:\/\/clair.si\/hr\/izdelek\/bic-za-skakanje-prepreka-fleck-contact-60cm\/\" \/>\n<meta property=\"og:locale\" content=\"hr_HR\" \/>\n<meta property=\"og:type\" content=\"article\" \/>\n<meta property=\"og:title\" content=\"Bi\u010d za skakanje Fleck Contact 60cm - Clair\" \/>\n<meta property=\"og:description\" content=\"Moderno dizajniran bi\u010d s jezgrom od stakloplastike, protukliznom ru\u010dkom i \u0161irokim sinteti\u010dkim udarcem za potpunu kontrolu i udobnost.\" \/>\n<meta property=\"og:url\" content=\"https:\/\/clair.si\/hr\/izdelek\/bic-za-skakanje-prepreka-fleck-contact-60cm\/\" \/>\n<meta property=\"og:site_name\" content=\"Clair\" \/>\n<meta property=\"article:publisher\" content=\"https:\/\/www.facebook.com\/TrgovinaClair\/\" \/>\n<meta property=\"article:modified_time\" content=\"2025-08-30T11:51:11+00:00\" \/>\n<meta property=\"og:image\" content=\"https:\/\/clair.si\/wp-content\/uploads\/2025\/04\/Fleck-contact_1.webp\" \/>\n\t<meta property=\"og:image:width\" content=\"600\" \/>\n\t<meta property=\"og:image:height\" content=\"600\" \/>\n\t<meta property=\"og:image:type\" content=\"image\/jpeg\" \/>\n<meta name=\"twitter:card\" content=\"summary_large_image\" \/>\n<meta name=\"twitter:label1\" content=\"Procijenjeno vrijeme \u010ditanja\" \/>\n\t<meta name=\"twitter:data1\" content=\"1 minuta\" \/>\n<script type=\"application\/ld+json\" class=\"yoast-schema-graph\">{\"@context\":\"https:\\\/\\\/schema.org\",\"@graph\":[{\"@type\":\"WebPage\",\"@id\":\"https:\\\/\\\/clair.si\\\/hr\\\/izdelek\\\/bic-za-skakanje-prepreka-fleck-contact-60cm\\\/\",\"url\":\"https:\\\/\\\/clair.si\\\/hr\\\/izdelek\\\/bic-za-skakanje-prepreka-fleck-contact-60cm\\\/\",\"name\":\"Bi\u010d za skakanje Fleck Contact 60cm - Clair\",\"isPartOf\":{\"@id\":\"https:\\\/\\\/clair.si\\\/#website\"},\"primaryImageOfPage\":{\"@id\":\"https:\\\/\\\/clair.si\\\/hr\\\/izdelek\\\/bic-za-skakanje-prepreka-fleck-contact-60cm\\\/#primaryimage\"},\"image\":{\"@id\":\"https:\\\/\\\/clair.si\\\/hr\\\/izdelek\\\/bic-za-skakanje-prepreka-fleck-contact-60cm\\\/#primaryimage\"},\"thumbnailUrl\":\"https:\\\/\\\/clair.si\\\/wp-content\\\/uploads\\\/2025\\\/04\\\/Fleck-contact_1.webp\",\"datePublished\":\"2025-04-18T08:04:28+00:00\",\"dateModified\":\"2025-08-30T11:51:11+00:00\",\"description\":\"Moderno dizajniran bi\u010d s jezgrom od stakloplastike, protukliznom ru\u010dkom i \u0161irokim sinteti\u010dkim udarcem za potpunu kontrolu i udobnost.\",\"breadcrumb\":{\"@id\":\"https:\\\/\\\/clair.si\\\/hr\\\/izdelek\\\/bic-za-skakanje-prepreka-fleck-contact-60cm\\\/#breadcrumb\"},\"inLanguage\":\"hr\",\"potentialAction\":[{\"@type\":\"ReadAction\",\"target\":[\"https:\\\/\\\/clair.si\\\/hr\\\/izdelek\\\/bic-za-skakanje-prepreka-fleck-contact-60cm\\\/\"]}]},{\"@type\":\"ImageObject\",\"inLanguage\":\"hr\",\"@id\":\"https:\\\/\\\/clair.si\\\/hr\\\/izdelek\\\/bic-za-skakanje-prepreka-fleck-contact-60cm\\\/#primaryimage\",\"url\":\"https:\\\/\\\/clair.si\\\/wp-content\\\/uploads\\\/2025\\\/04\\\/Fleck-contact_1.webp\",\"contentUrl\":\"https:\\\/\\\/clair.si\\\/wp-content\\\/uploads\\\/2025\\\/04\\\/Fleck-contact_1.webp\",\"width\":600,\"height\":600},{\"@type\":\"BreadcrumbList\",\"@id\":\"https:\\\/\\\/clair.si\\\/hr\\\/izdelek\\\/bic-za-skakanje-prepreka-fleck-contact-60cm\\\/#breadcrumb\",\"itemListElement\":[{\"@type\":\"ListItem\",\"position\":1,\"name\":\"Home\",\"item\":\"https:\\\/\\\/clair.si\\\/hr\\\/\"},{\"@type\":\"ListItem\",\"position\":2,\"name\":\"Trgovina\",\"item\":\"https:\\\/\\\/clair.si\\\/trgovina\\\/\"},{\"@type\":\"ListItem\",\"position\":3,\"name\":\"Bi\u010d za skakanje Fleck Contact 60cm\"}]},{\"@type\":\"WebSite\",\"@id\":\"https:\\\/\\\/clair.si\\\/#website\",\"url\":\"https:\\\/\\\/clair.si\\\/\",\"name\":\"Clair\",\"description\":\"Trgovina s konjeni\u0161ko opremo\",\"publisher\":{\"@id\":\"https:\\\/\\\/clair.si\\\/#organization\"},\"potentialAction\":[{\"@type\":\"SearchAction\",\"target\":{\"@type\":\"EntryPoint\",\"urlTemplate\":\"https:\\\/\\\/clair.si\\\/?s={search_term_string}\"},\"query-input\":{\"@type\":\"PropertyValueSpecification\",\"valueRequired\":true,\"valueName\":\"search_term_string\"}}],\"inLanguage\":\"hr\"},{\"@type\":\"Organization\",\"@id\":\"https:\\\/\\\/clair.si\\\/#organization\",\"name\":\"Clair\",\"url\":\"https:\\\/\\\/clair.si\\\/\",\"logo\":{\"@type\":\"ImageObject\",\"inLanguage\":\"hr\",\"@id\":\"https:\\\/\\\/clair.si\\\/#\\\/schema\\\/logo\\\/image\\\/\",\"url\":\"https:\\\/\\\/clair.si\\\/wp-content\\\/uploads\\\/2022\\\/11\\\/clair_logo_2022.jpg\",\"contentUrl\":\"https:\\\/\\\/clair.si\\\/wp-content\\\/uploads\\\/2022\\\/11\\\/clair_logo_2022.jpg\",\"width\":1920,\"height\":1920,\"caption\":\"Clair\"},\"image\":{\"@id\":\"https:\\\/\\\/clair.si\\\/#\\\/schema\\\/logo\\\/image\\\/\"},\"sameAs\":[\"https:\\\/\\\/www.facebook.com\\\/TrgovinaClair\\\/\"]}]}<\/script>\n<!-- \/ Yoast SEO plugin. -->","yoast_head_json":{"title":"Bi\u010d za skakanje Fleck Contact 60cm - Clair","description":"Moderno dizajniran bi\u010d s jezgrom od stakloplastike, protukliznom ru\u010dkom i \u0161irokim sinteti\u010dkim udarcem za potpunu kontrolu i udobnost.","robots":{"index":"index","follow":"follow","max-snippet":"max-snippet:-1","max-image-preview":"max-image-preview:large","max-video-preview":"max-video-preview:-1"},"canonical":"https:\/\/clair.si\/hr\/izdelek\/bic-za-skakanje-prepreka-fleck-contact-60cm\/","og_locale":"hr_HR","og_type":"article","og_title":"Bi\u010d za skakanje Fleck Contact 60cm - Clair","og_description":"Moderno dizajniran bi\u010d s jezgrom od stakloplastike, protukliznom ru\u010dkom i \u0161irokim sinteti\u010dkim udarcem za potpunu kontrolu i udobnost.","og_url":"https:\/\/clair.si\/hr\/izdelek\/bic-za-skakanje-prepreka-fleck-contact-60cm\/","og_site_name":"Clair","article_publisher":"https:\/\/www.facebook.com\/TrgovinaClair\/","article_modified_time":"2025-08-30T11:51:11+00:00","og_image":[{"width":600,"height":600,"url":"https:\/\/clair.si\/wp-content\/uploads\/2025\/04\/Fleck-contact_1.webp","type":"image\/jpeg"}],"twitter_card":"summary_large_image","twitter_misc":{"Procijenjeno vrijeme \u010ditanja":"1 minuta"},"schema":{"@context":"https:\/\/schema.org","@graph":[{"@type":"WebPage","@id":"https:\/\/clair.si\/hr\/izdelek\/bic-za-skakanje-prepreka-fleck-contact-60cm\/","url":"https:\/\/clair.si\/hr\/izdelek\/bic-za-skakanje-prepreka-fleck-contact-60cm\/","name":"Bi\u010d za skakanje Fleck Contact 60cm - Clair","isPartOf":{"@id":"https:\/\/clair.si\/#website"},"primaryImageOfPage":{"@id":"https:\/\/clair.si\/hr\/izdelek\/bic-za-skakanje-prepreka-fleck-contact-60cm\/#primaryimage"},"image":{"@id":"https:\/\/clair.si\/hr\/izdelek\/bic-za-skakanje-prepreka-fleck-contact-60cm\/#primaryimage"},"thumbnailUrl":"https:\/\/clair.si\/wp-content\/uploads\/2025\/04\/Fleck-contact_1.webp","datePublished":"2025-04-18T08:04:28+00:00","dateModified":"2025-08-30T11:51:11+00:00","description":"Moderno dizajniran bi\u010d s jezgrom od stakloplastike, protukliznom ru\u010dkom i \u0161irokim sinteti\u010dkim udarcem za potpunu kontrolu i udobnost.","breadcrumb":{"@id":"https:\/\/clair.si\/hr\/izdelek\/bic-za-skakanje-prepreka-fleck-contact-60cm\/#breadcrumb"},"inLanguage":"hr","potentialAction":[{"@type":"ReadAction","target":["https:\/\/clair.si\/hr\/izdelek\/bic-za-skakanje-prepreka-fleck-contact-60cm\/"]}]},{"@type":"ImageObject","inLanguage":"hr","@id":"https:\/\/clair.si\/hr\/izdelek\/bic-za-skakanje-prepreka-fleck-contact-60cm\/#primaryimage","url":"https:\/\/clair.si\/wp-content\/uploads\/2025\/04\/Fleck-contact_1.webp","contentUrl":"https:\/\/clair.si\/wp-content\/uploads\/2025\/04\/Fleck-contact_1.webp","width":600,"height":600},{"@type":"BreadcrumbList","@id":"https:\/\/clair.si\/hr\/izdelek\/bic-za-skakanje-prepreka-fleck-contact-60cm\/#breadcrumb","itemListElement":[{"@type":"ListItem","position":1,"name":"Home","item":"https:\/\/clair.si\/hr\/"},{"@type":"ListItem","position":2,"name":"Trgovina","item":"https:\/\/clair.si\/trgovina\/"},{"@type":"ListItem","position":3,"name":"Bi\u010d za skakanje Fleck Contact 60cm"}]},{"@type":"WebSite","@id":"https:\/\/clair.si\/#website","url":"https:\/\/clair.si\/","name":"Clair","description":"Trgovina s konjeni\u0161ko opremo","publisher":{"@id":"https:\/\/clair.si\/#organization"},"potentialAction":[{"@type":"SearchAction","target":{"@type":"EntryPoint","urlTemplate":"https:\/\/clair.si\/?s={search_term_string}"},"query-input":{"@type":"PropertyValueSpecification","valueRequired":true,"valueName":"search_term_string"}}],"inLanguage":"hr"},{"@type":"Organization","@id":"https:\/\/clair.si\/#organization","name":"Clair","url":"https:\/\/clair.si\/","logo":{"@type":"ImageObject","inLanguage":"hr","@id":"https:\/\/clair.si\/#\/schema\/logo\/image\/","url":"https:\/\/clair.si\/wp-content\/uploads\/2022\/11\/clair_logo_2022.jpg","contentUrl":"https:\/\/clair.si\/wp-content\/uploads\/2022\/11\/clair_logo_2022.jpg","width":1920,"height":1920,"caption":"Clair"},"image":{"@id":"https:\/\/clair.si\/#\/schema\/logo\/image\/"},"sameAs":["https:\/\/www.facebook.com\/TrgovinaClair\/"]}]}},"_links":{"self":[{"href":"https:\/\/clair.si\/hr\/wp-json\/wp\/v2\/product\/92702","targetHints":{"allow":["GET"]}}],"collection":[{"href":"https:\/\/clair.si\/hr\/wp-json\/wp\/v2\/product"}],"about":[{"href":"https:\/\/clair.si\/hr\/wp-json\/wp\/v2\/types\/product"}],"version-history":[{"count":0,"href":"https:\/\/clair.si\/hr\/wp-json\/wp\/v2\/product\/92702\/revisions"}],"wp:featuredmedia":[{"embeddable":true,"href":"https:\/\/clair.si\/hr\/wp-json\/wp\/v2\/media\/92715"}],"wp:attachment":[{"href":"https:\/\/clair.si\/hr\/wp-json\/wp\/v2\/media?parent=92702"}],"wp:term":[{"taxonomy":"product_brand","embeddable":true,"href":"https:\/\/clair.si\/hr\/wp-json\/wp\/v2\/product_brand?post=92702"},{"taxonomy":"product_cat","embeddable":true,"href":"https:\/\/clair.si\/hr\/wp-json\/wp\/v2\/product_cat?post=92702"},{"taxonomy":"product_tag","embeddable":true,"href":"https:\/\/clair.si\/hr\/wp-json\/wp\/v2\/product_tag?post=92702"}],"curies":[{"name":"wp","href":"https:\/\/api.w.org\/{rel}","templated":true}]}}