{"id":92716,"date":"2025-04-25T13:16:23","date_gmt":"2025-04-25T11:16:23","guid":{"rendered":"https:\/\/clair.si\/izdelek\/jahace-cizme-hkm-lack\/"},"modified":"2025-08-27T21:41:11","modified_gmt":"2025-08-27T19:41:11","slug":"jahace-cizme-hkm-lack","status":"publish","type":"product","link":"https:\/\/clair.si\/hr\/izdelek\/jahace-cizme-hkm-lack\/","title":{"rendered":"Jaha\u0107e \u010dizme HKM Lack"},"content":{"rendered":"<ul>\n<li data-start=\"97\" data-end=\"300\"><strong data-start=\"97\" data-end=\"300\">Fleksibilan, protuklizni gumeni potplat<\/strong><\/li>\n<li data-start=\"97\" data-end=\"300\"><strong data-start=\"97\" data-end=\"300\">lakirana ko\u017ea<\/strong><\/li>\n<li data-start=\"97\" data-end=\"300\"><strong data-start=\"97\" data-end=\"300\">unutra\u0161njost od ko\u017ee i sinteti\u010dkih materijala<\/strong><\/li>\n<li data-start=\"97\" data-end=\"300\"><strong data-start=\"97\" data-end=\"300\">dva elasti\u010dna umetka za najbolje prianjanje<\/strong><\/li>\n<li data-start=\"97\" data-end=\"300\"><strong data-start=\"97\" data-end=\"300\">utisnut logotip HKM<\/strong><\/li>\n<li data-start=\"97\" data-end=\"300\"><strong data-start=\"97\" data-end=\"300\">om\u010da za lak\u0161e obuvanje<\/strong><\/li>\n<\/ul>\n<p class=\"\" data-start=\"302\" data-end=\"848\">Jaha\u0107e gle\u017enja\u010de kombiniraju kvalitetne materijale s elegantnim dizajnom i funkcionalnim detaljima. Gornji dio od prave ko\u017ee nadopunjuju profinjeni detalji od lakirane ko\u017ee. Zahvaljuju\u0107i dvama elasti\u010dnim umetcima i prakti\u010dnoj om\u010di za lak\u0161e obuvanje, gle\u017enja\u010da omogu\u0107uje odli\u010dno prianjanje i najve\u0107u udobnost. Elasti\u010dan i protuklizni gumeni potplat s petom osigurava dobar oprijem i stabilnost. Dizajn nadopunjuje diskretno utisnut logotip <strong data-start=\"752\" data-end=\"759\">HKM<\/strong>, zbog \u010dega je gle\u017enja\u010da stilski pratitelj kako u \u0161tali tako i u svakodnevnom \u017eivotu.    <\/p>\n","protected":false},"excerpt":{"rendered":"<p>Fleksibilan, protuklizni gumeni potplat lakirana ko\u017ea unutra\u0161njost od ko\u017ee i sinteti\u010dkih materijala dva elasti\u010dna umetka za najbolje prianjanje utisnut logotip<\/p>\n","protected":false},"featured_media":92720,"template":"","meta":{"footnotes":""},"product_brand":[],"product_cat":[5659,5836,5654,5657,5655,5658],"product_tag":[],"class_list":{"0":"post-92716","1":"product","2":"type-product","3":"status-publish","4":"has-post-thumbnail","6":"product_cat-cipele-za-jahanje","7":"product_cat-gleznjace","8":"product_cat-jahac-hr","9":"product_cat-kategorije-hr","10":"product_cat-obuca","11":"product_cat-pocetci-jahanja","13":"first","14":"instock","15":"sale","16":"shipping-taxable","17":"purchasable","18":"product-type-variable"},"yoast_head":"<!-- This site is optimized with the Yoast SEO plugin v27.4 - https:\/\/yoast.com\/product\/yoast-seo-wordpress\/ -->\n<title>Jaha\u0107e \u010dizme HKM Lack - Clair<\/title>\n<meta name=\"description\" content=\"Elegantne jaha\u0107e gle\u017enja\u010de od prave i lakirane ko\u017ee s elasti\u010dnim potplatom i logotipom HKM za udobnost i stabilnost.\" \/>\n<meta name=\"robots\" content=\"index, follow, max-snippet:-1, max-image-preview:large, max-video-preview:-1\" \/>\n<link rel=\"canonical\" href=\"https:\/\/clair.si\/hr\/izdelek\/jahace-cizme-hkm-lack\/\" \/>\n<meta property=\"og:locale\" content=\"hr_HR\" \/>\n<meta property=\"og:type\" content=\"article\" \/>\n<meta property=\"og:title\" content=\"Jaha\u0107e \u010dizme HKM Lack - Clair\" \/>\n<meta property=\"og:description\" content=\"Elegantne jaha\u0107e gle\u017enja\u010de od prave i lakirane ko\u017ee s elasti\u010dnim potplatom i logotipom HKM za udobnost i stabilnost.\" \/>\n<meta property=\"og:url\" content=\"https:\/\/clair.si\/hr\/izdelek\/jahace-cizme-hkm-lack\/\" \/>\n<meta property=\"og:site_name\" content=\"Clair\" \/>\n<meta property=\"article:publisher\" content=\"https:\/\/www.facebook.com\/TrgovinaClair\/\" \/>\n<meta property=\"article:modified_time\" content=\"2025-08-27T19:41:11+00:00\" \/>\n<meta property=\"og:image\" content=\"https:\/\/clair.si\/wp-content\/uploads\/2025\/04\/Lack_2.webp\" \/>\n\t<meta property=\"og:image:width\" content=\"700\" \/>\n\t<meta property=\"og:image:height\" content=\"700\" \/>\n\t<meta property=\"og:image:type\" content=\"image\/jpeg\" \/>\n<meta name=\"twitter:card\" content=\"summary_large_image\" \/>\n<meta name=\"twitter:label1\" content=\"Procijenjeno vrijeme \u010ditanja\" \/>\n\t<meta name=\"twitter:data1\" content=\"1 minuta\" \/>\n<script type=\"application\/ld+json\" class=\"yoast-schema-graph\">{\"@context\":\"https:\\\/\\\/schema.org\",\"@graph\":[{\"@type\":\"WebPage\",\"@id\":\"https:\\\/\\\/clair.si\\\/hr\\\/izdelek\\\/jahace-cizme-hkm-lack\\\/\",\"url\":\"https:\\\/\\\/clair.si\\\/hr\\\/izdelek\\\/jahace-cizme-hkm-lack\\\/\",\"name\":\"Jaha\u0107e \u010dizme HKM Lack - Clair\",\"isPartOf\":{\"@id\":\"https:\\\/\\\/clair.si\\\/#website\"},\"primaryImageOfPage\":{\"@id\":\"https:\\\/\\\/clair.si\\\/hr\\\/izdelek\\\/jahace-cizme-hkm-lack\\\/#primaryimage\"},\"image\":{\"@id\":\"https:\\\/\\\/clair.si\\\/hr\\\/izdelek\\\/jahace-cizme-hkm-lack\\\/#primaryimage\"},\"thumbnailUrl\":\"https:\\\/\\\/clair.si\\\/wp-content\\\/uploads\\\/2025\\\/04\\\/Lack_2.webp\",\"datePublished\":\"2025-04-25T11:16:23+00:00\",\"dateModified\":\"2025-08-27T19:41:11+00:00\",\"description\":\"Elegantne jaha\u0107e gle\u017enja\u010de od prave i lakirane ko\u017ee s elasti\u010dnim potplatom i logotipom HKM za udobnost i stabilnost.\",\"breadcrumb\":{\"@id\":\"https:\\\/\\\/clair.si\\\/hr\\\/izdelek\\\/jahace-cizme-hkm-lack\\\/#breadcrumb\"},\"inLanguage\":\"hr\",\"potentialAction\":[{\"@type\":\"ReadAction\",\"target\":[\"https:\\\/\\\/clair.si\\\/hr\\\/izdelek\\\/jahace-cizme-hkm-lack\\\/\"]}]},{\"@type\":\"ImageObject\",\"inLanguage\":\"hr\",\"@id\":\"https:\\\/\\\/clair.si\\\/hr\\\/izdelek\\\/jahace-cizme-hkm-lack\\\/#primaryimage\",\"url\":\"https:\\\/\\\/clair.si\\\/wp-content\\\/uploads\\\/2025\\\/04\\\/Lack_2.webp\",\"contentUrl\":\"https:\\\/\\\/clair.si\\\/wp-content\\\/uploads\\\/2025\\\/04\\\/Lack_2.webp\",\"width\":700,\"height\":700},{\"@type\":\"BreadcrumbList\",\"@id\":\"https:\\\/\\\/clair.si\\\/hr\\\/izdelek\\\/jahace-cizme-hkm-lack\\\/#breadcrumb\",\"itemListElement\":[{\"@type\":\"ListItem\",\"position\":1,\"name\":\"Home\",\"item\":\"https:\\\/\\\/clair.si\\\/hr\\\/\"},{\"@type\":\"ListItem\",\"position\":2,\"name\":\"Trgovina\",\"item\":\"https:\\\/\\\/clair.si\\\/trgovina\\\/\"},{\"@type\":\"ListItem\",\"position\":3,\"name\":\"Jaha\u0107e \u010dizme HKM Lack\"}]},{\"@type\":\"WebSite\",\"@id\":\"https:\\\/\\\/clair.si\\\/#website\",\"url\":\"https:\\\/\\\/clair.si\\\/\",\"name\":\"Clair\",\"description\":\"Trgovina s konjeni\u0161ko opremo\",\"publisher\":{\"@id\":\"https:\\\/\\\/clair.si\\\/#organization\"},\"potentialAction\":[{\"@type\":\"SearchAction\",\"target\":{\"@type\":\"EntryPoint\",\"urlTemplate\":\"https:\\\/\\\/clair.si\\\/?s={search_term_string}\"},\"query-input\":{\"@type\":\"PropertyValueSpecification\",\"valueRequired\":true,\"valueName\":\"search_term_string\"}}],\"inLanguage\":\"hr\"},{\"@type\":\"Organization\",\"@id\":\"https:\\\/\\\/clair.si\\\/#organization\",\"name\":\"Clair\",\"url\":\"https:\\\/\\\/clair.si\\\/\",\"logo\":{\"@type\":\"ImageObject\",\"inLanguage\":\"hr\",\"@id\":\"https:\\\/\\\/clair.si\\\/#\\\/schema\\\/logo\\\/image\\\/\",\"url\":\"https:\\\/\\\/clair.si\\\/wp-content\\\/uploads\\\/2022\\\/11\\\/clair_logo_2022.jpg\",\"contentUrl\":\"https:\\\/\\\/clair.si\\\/wp-content\\\/uploads\\\/2022\\\/11\\\/clair_logo_2022.jpg\",\"width\":1920,\"height\":1920,\"caption\":\"Clair\"},\"image\":{\"@id\":\"https:\\\/\\\/clair.si\\\/#\\\/schema\\\/logo\\\/image\\\/\"},\"sameAs\":[\"https:\\\/\\\/www.facebook.com\\\/TrgovinaClair\\\/\"]}]}<\/script>\n<!-- \/ Yoast SEO plugin. -->","yoast_head_json":{"title":"Jaha\u0107e \u010dizme HKM Lack - Clair","description":"Elegantne jaha\u0107e gle\u017enja\u010de od prave i lakirane ko\u017ee s elasti\u010dnim potplatom i logotipom HKM za udobnost i stabilnost.","robots":{"index":"index","follow":"follow","max-snippet":"max-snippet:-1","max-image-preview":"max-image-preview:large","max-video-preview":"max-video-preview:-1"},"canonical":"https:\/\/clair.si\/hr\/izdelek\/jahace-cizme-hkm-lack\/","og_locale":"hr_HR","og_type":"article","og_title":"Jaha\u0107e \u010dizme HKM Lack - Clair","og_description":"Elegantne jaha\u0107e gle\u017enja\u010de od prave i lakirane ko\u017ee s elasti\u010dnim potplatom i logotipom HKM za udobnost i stabilnost.","og_url":"https:\/\/clair.si\/hr\/izdelek\/jahace-cizme-hkm-lack\/","og_site_name":"Clair","article_publisher":"https:\/\/www.facebook.com\/TrgovinaClair\/","article_modified_time":"2025-08-27T19:41:11+00:00","og_image":[{"width":700,"height":700,"url":"https:\/\/clair.si\/wp-content\/uploads\/2025\/04\/Lack_2.webp","type":"image\/jpeg"}],"twitter_card":"summary_large_image","twitter_misc":{"Procijenjeno vrijeme \u010ditanja":"1 minuta"},"schema":{"@context":"https:\/\/schema.org","@graph":[{"@type":"WebPage","@id":"https:\/\/clair.si\/hr\/izdelek\/jahace-cizme-hkm-lack\/","url":"https:\/\/clair.si\/hr\/izdelek\/jahace-cizme-hkm-lack\/","name":"Jaha\u0107e \u010dizme HKM Lack - Clair","isPartOf":{"@id":"https:\/\/clair.si\/#website"},"primaryImageOfPage":{"@id":"https:\/\/clair.si\/hr\/izdelek\/jahace-cizme-hkm-lack\/#primaryimage"},"image":{"@id":"https:\/\/clair.si\/hr\/izdelek\/jahace-cizme-hkm-lack\/#primaryimage"},"thumbnailUrl":"https:\/\/clair.si\/wp-content\/uploads\/2025\/04\/Lack_2.webp","datePublished":"2025-04-25T11:16:23+00:00","dateModified":"2025-08-27T19:41:11+00:00","description":"Elegantne jaha\u0107e gle\u017enja\u010de od prave i lakirane ko\u017ee s elasti\u010dnim potplatom i logotipom HKM za udobnost i stabilnost.","breadcrumb":{"@id":"https:\/\/clair.si\/hr\/izdelek\/jahace-cizme-hkm-lack\/#breadcrumb"},"inLanguage":"hr","potentialAction":[{"@type":"ReadAction","target":["https:\/\/clair.si\/hr\/izdelek\/jahace-cizme-hkm-lack\/"]}]},{"@type":"ImageObject","inLanguage":"hr","@id":"https:\/\/clair.si\/hr\/izdelek\/jahace-cizme-hkm-lack\/#primaryimage","url":"https:\/\/clair.si\/wp-content\/uploads\/2025\/04\/Lack_2.webp","contentUrl":"https:\/\/clair.si\/wp-content\/uploads\/2025\/04\/Lack_2.webp","width":700,"height":700},{"@type":"BreadcrumbList","@id":"https:\/\/clair.si\/hr\/izdelek\/jahace-cizme-hkm-lack\/#breadcrumb","itemListElement":[{"@type":"ListItem","position":1,"name":"Home","item":"https:\/\/clair.si\/hr\/"},{"@type":"ListItem","position":2,"name":"Trgovina","item":"https:\/\/clair.si\/trgovina\/"},{"@type":"ListItem","position":3,"name":"Jaha\u0107e \u010dizme HKM Lack"}]},{"@type":"WebSite","@id":"https:\/\/clair.si\/#website","url":"https:\/\/clair.si\/","name":"Clair","description":"Trgovina s konjeni\u0161ko opremo","publisher":{"@id":"https:\/\/clair.si\/#organization"},"potentialAction":[{"@type":"SearchAction","target":{"@type":"EntryPoint","urlTemplate":"https:\/\/clair.si\/?s={search_term_string}"},"query-input":{"@type":"PropertyValueSpecification","valueRequired":true,"valueName":"search_term_string"}}],"inLanguage":"hr"},{"@type":"Organization","@id":"https:\/\/clair.si\/#organization","name":"Clair","url":"https:\/\/clair.si\/","logo":{"@type":"ImageObject","inLanguage":"hr","@id":"https:\/\/clair.si\/#\/schema\/logo\/image\/","url":"https:\/\/clair.si\/wp-content\/uploads\/2022\/11\/clair_logo_2022.jpg","contentUrl":"https:\/\/clair.si\/wp-content\/uploads\/2022\/11\/clair_logo_2022.jpg","width":1920,"height":1920,"caption":"Clair"},"image":{"@id":"https:\/\/clair.si\/#\/schema\/logo\/image\/"},"sameAs":["https:\/\/www.facebook.com\/TrgovinaClair\/"]}]}},"_links":{"self":[{"href":"https:\/\/clair.si\/hr\/wp-json\/wp\/v2\/product\/92716","targetHints":{"allow":["GET"]}}],"collection":[{"href":"https:\/\/clair.si\/hr\/wp-json\/wp\/v2\/product"}],"about":[{"href":"https:\/\/clair.si\/hr\/wp-json\/wp\/v2\/types\/product"}],"version-history":[{"count":0,"href":"https:\/\/clair.si\/hr\/wp-json\/wp\/v2\/product\/92716\/revisions"}],"wp:featuredmedia":[{"embeddable":true,"href":"https:\/\/clair.si\/hr\/wp-json\/wp\/v2\/media\/92720"}],"wp:attachment":[{"href":"https:\/\/clair.si\/hr\/wp-json\/wp\/v2\/media?parent=92716"}],"wp:term":[{"taxonomy":"product_brand","embeddable":true,"href":"https:\/\/clair.si\/hr\/wp-json\/wp\/v2\/product_brand?post=92716"},{"taxonomy":"product_cat","embeddable":true,"href":"https:\/\/clair.si\/hr\/wp-json\/wp\/v2\/product_cat?post=92716"},{"taxonomy":"product_tag","embeddable":true,"href":"https:\/\/clair.si\/hr\/wp-json\/wp\/v2\/product_tag?post=92716"}],"curies":[{"name":"wp","href":"https:\/\/api.w.org\/{rel}","templated":true}]}}