{"id":92717,"date":"2025-04-25T11:25:18","date_gmt":"2025-04-25T09:25:18","guid":{"rendered":"https:\/\/clair.si\/izdelek\/jahace-tajice-e-t-joyce\/"},"modified":"2025-08-27T21:41:06","modified_gmt":"2025-08-27T19:41:06","slug":"jahace-tajice-e-t-joyce","status":"publish","type":"product","link":"https:\/\/clair.si\/hr\/izdelek\/jahace-tajice-e-t-joyce\/","title":{"rendered":"Jaha\u0107e tajice E-T Joyce"},"content":{"rendered":"<p class=\"\" data-start=\"107\" data-end=\"172\"><strong data-start=\"107\" data-end=\"170\">Tajice koje osiguravaju maksimalnu udobnost \u2013 \u010dak i na konju.<\/strong><\/p>\n<ul data-start=\"173\" data-end=\"479\">\n<li class=\"\" data-start=\"173\" data-end=\"308\">\n<p class=\"\" data-start=\"175\" data-end=\"308\"><strong data-start=\"175\" data-end=\"196\">Udobne i prozra\u010dne:<\/strong> Tkanina s ravnim \u0161avovima, koja se brzo su\u0161i, za optimalnu udobnost te silikonski dio na sjedalu za bolji prihvat.<\/p>\n<\/li>\n<li class=\"\" data-start=\"309\" data-end=\"395\">\n<p class=\"\" data-start=\"311\" data-end=\"395\"><strong data-start=\"311\" data-end=\"336\">Rastezljive i lagane:<\/strong> 4-smjerno rastezljiv materijal za potpunu slobodu kretanja.<\/p>\n<\/li>\n<li class=\"\" data-start=\"396\" data-end=\"479\">\n<p class=\"\" data-start=\"398\" data-end=\"479\"><strong data-start=\"398\" data-end=\"419\">Izuzetno otporne:<\/strong> Tkanina koja odvaja vlagu i uklju\u010duje tehnologiju hla\u0111enja.<\/p>\n<\/li>\n<\/ul>\n<p class=\"\" data-start=\"481\" data-end=\"499\"><strong data-start=\"481\" data-end=\"497\">DETALJI:<\/strong><\/p>\n<ul data-start=\"500\" data-end=\"655\">\n<li class=\"\" data-start=\"500\" data-end=\"551\">\n<p class=\"\" data-start=\"502\" data-end=\"551\">Elasti\u010dan pojas za precizno i udobno prianjanje.<\/p>\n<\/li>\n<li class=\"\" data-start=\"552\" data-end=\"597\">\n<p class=\"\" data-start=\"554\" data-end=\"597\">Bo\u010dni d\u017eep na lijevoj strani za prakti\u010dan pristup.<\/p>\n<\/li>\n<li class=\"\" data-start=\"598\" data-end=\"655\">\n<p class=\"\" data-start=\"600\" data-end=\"655\">Laserski izrezan logotip za moderan i elegantan izgled.<\/p>\n<\/li>\n<\/ul>\n<p class=\"\" data-start=\"657\" data-end=\"671\"><strong data-start=\"657\" data-end=\"669\">SASTAV:<\/strong><\/p>\n<ul data-start=\"672\" data-end=\"719\">\n<li class=\"\" data-start=\"672\" data-end=\"719\">\n<p class=\"\" data-start=\"674\" data-end=\"719\">Glavni materijal: 78 % poliester, 22 % elastan<\/p>\n<\/li>\n<\/ul>\n<p><strong>BOJA: <\/strong><\/p>\n<ul>\n<li>crna<\/li>\n<\/ul>\n","protected":false},"excerpt":{"rendered":"<p>Tajice koje osiguravaju maksimalnu udobnost \u2013 \u010dak i na konju. Udobne i prozra\u010dne: Tkanina s ravnim \u0161avovima, koja se brzo<\/p>\n","protected":false},"featured_media":92723,"template":"","meta":{"footnotes":""},"product_brand":[],"product_cat":[5654,5838,5657,5658,5667,5708],"product_tag":[],"class_list":{"0":"post-92717","1":"product","2":"type-product","3":"status-publish","4":"has-post-thumbnail","6":"product_cat-jahac-hr","7":"product_cat-jahace-hlace","8":"product_cat-kategorije-hr","9":"product_cat-pocetci-jahanja","10":"product_cat-zene","11":"product_cat-zenske-jahace-hlace","13":"first","14":"instock","15":"shipping-taxable","16":"purchasable","17":"product-type-variable"},"yoast_head":"<!-- This site is optimized with the Yoast SEO plugin v27.3 - https:\/\/yoast.com\/product\/yoast-seo-wordpress\/ -->\n<title>Jaha\u0107e tajice E-T Joyce - Clair<\/title>\n<meta name=\"description\" content=\"Tajice za maksimalnu udobnost i kretanje \u2013 prozra\u010dne, rastezljive i sa silikonskim prihvatom za jahanje. Provjerite na\u0161u ponudu i odaberite svoje.\" \/>\n<meta name=\"robots\" content=\"index, follow, max-snippet:-1, max-image-preview:large, max-video-preview:-1\" \/>\n<link rel=\"canonical\" href=\"https:\/\/clair.si\/hr\/izdelek\/jahace-tajice-e-t-joyce\/\" \/>\n<meta property=\"og:locale\" content=\"hr_HR\" \/>\n<meta property=\"og:type\" content=\"article\" \/>\n<meta property=\"og:title\" content=\"Jaha\u0107e tajice E-T Joyce - Clair\" \/>\n<meta property=\"og:description\" content=\"Tajice za maksimalnu udobnost i kretanje \u2013 prozra\u010dne, rastezljive i sa silikonskim prihvatom za jahanje. Provjerite na\u0161u ponudu i odaberite svoje.\" \/>\n<meta property=\"og:url\" content=\"https:\/\/clair.si\/hr\/izdelek\/jahace-tajice-e-t-joyce\/\" \/>\n<meta property=\"og:site_name\" content=\"Clair\" \/>\n<meta property=\"article:publisher\" content=\"https:\/\/www.facebook.com\/TrgovinaClair\/\" \/>\n<meta property=\"article:modified_time\" content=\"2025-08-27T19:41:06+00:00\" \/>\n<meta property=\"og:image\" content=\"https:\/\/clair.si\/wp-content\/uploads\/2025\/04\/1.webp\" \/>\n\t<meta property=\"og:image:width\" content=\"500\" \/>\n\t<meta property=\"og:image:height\" content=\"500\" \/>\n\t<meta property=\"og:image:type\" content=\"image\/jpeg\" \/>\n<meta name=\"twitter:card\" content=\"summary_large_image\" \/>\n<script type=\"application\/ld+json\" class=\"yoast-schema-graph\">{\"@context\":\"https:\\\/\\\/schema.org\",\"@graph\":[{\"@type\":\"WebPage\",\"@id\":\"https:\\\/\\\/clair.si\\\/hr\\\/izdelek\\\/jahace-tajice-e-t-joyce\\\/\",\"url\":\"https:\\\/\\\/clair.si\\\/hr\\\/izdelek\\\/jahace-tajice-e-t-joyce\\\/\",\"name\":\"Jaha\u0107e tajice E-T Joyce - Clair\",\"isPartOf\":{\"@id\":\"https:\\\/\\\/clair.si\\\/#website\"},\"primaryImageOfPage\":{\"@id\":\"https:\\\/\\\/clair.si\\\/hr\\\/izdelek\\\/jahace-tajice-e-t-joyce\\\/#primaryimage\"},\"image\":{\"@id\":\"https:\\\/\\\/clair.si\\\/hr\\\/izdelek\\\/jahace-tajice-e-t-joyce\\\/#primaryimage\"},\"thumbnailUrl\":\"https:\\\/\\\/clair.si\\\/wp-content\\\/uploads\\\/2025\\\/04\\\/1.webp\",\"datePublished\":\"2025-04-25T09:25:18+00:00\",\"dateModified\":\"2025-08-27T19:41:06+00:00\",\"description\":\"Tajice za maksimalnu udobnost i kretanje \u2013 prozra\u010dne, rastezljive i sa silikonskim prihvatom za jahanje. Provjerite na\u0161u ponudu i odaberite svoje.\",\"breadcrumb\":{\"@id\":\"https:\\\/\\\/clair.si\\\/hr\\\/izdelek\\\/jahace-tajice-e-t-joyce\\\/#breadcrumb\"},\"inLanguage\":\"hr\",\"potentialAction\":[{\"@type\":\"ReadAction\",\"target\":[\"https:\\\/\\\/clair.si\\\/hr\\\/izdelek\\\/jahace-tajice-e-t-joyce\\\/\"]}]},{\"@type\":\"ImageObject\",\"inLanguage\":\"hr\",\"@id\":\"https:\\\/\\\/clair.si\\\/hr\\\/izdelek\\\/jahace-tajice-e-t-joyce\\\/#primaryimage\",\"url\":\"https:\\\/\\\/clair.si\\\/wp-content\\\/uploads\\\/2025\\\/04\\\/1.webp\",\"contentUrl\":\"https:\\\/\\\/clair.si\\\/wp-content\\\/uploads\\\/2025\\\/04\\\/1.webp\",\"width\":500,\"height\":500},{\"@type\":\"BreadcrumbList\",\"@id\":\"https:\\\/\\\/clair.si\\\/hr\\\/izdelek\\\/jahace-tajice-e-t-joyce\\\/#breadcrumb\",\"itemListElement\":[{\"@type\":\"ListItem\",\"position\":1,\"name\":\"Home\",\"item\":\"https:\\\/\\\/clair.si\\\/hr\\\/\"},{\"@type\":\"ListItem\",\"position\":2,\"name\":\"Trgovina\",\"item\":\"https:\\\/\\\/clair.si\\\/trgovina\\\/\"},{\"@type\":\"ListItem\",\"position\":3,\"name\":\"Jaha\u0107e tajice E-T Joyce\"}]},{\"@type\":\"WebSite\",\"@id\":\"https:\\\/\\\/clair.si\\\/#website\",\"url\":\"https:\\\/\\\/clair.si\\\/\",\"name\":\"Clair\",\"description\":\"Trgovina s konjeni\u0161ko opremo\",\"publisher\":{\"@id\":\"https:\\\/\\\/clair.si\\\/#organization\"},\"potentialAction\":[{\"@type\":\"SearchAction\",\"target\":{\"@type\":\"EntryPoint\",\"urlTemplate\":\"https:\\\/\\\/clair.si\\\/?s={search_term_string}\"},\"query-input\":{\"@type\":\"PropertyValueSpecification\",\"valueRequired\":true,\"valueName\":\"search_term_string\"}}],\"inLanguage\":\"hr\"},{\"@type\":\"Organization\",\"@id\":\"https:\\\/\\\/clair.si\\\/#organization\",\"name\":\"Clair\",\"url\":\"https:\\\/\\\/clair.si\\\/\",\"logo\":{\"@type\":\"ImageObject\",\"inLanguage\":\"hr\",\"@id\":\"https:\\\/\\\/clair.si\\\/#\\\/schema\\\/logo\\\/image\\\/\",\"url\":\"https:\\\/\\\/clair.si\\\/wp-content\\\/uploads\\\/2022\\\/11\\\/clair_logo_2022.jpg\",\"contentUrl\":\"https:\\\/\\\/clair.si\\\/wp-content\\\/uploads\\\/2022\\\/11\\\/clair_logo_2022.jpg\",\"width\":1920,\"height\":1920,\"caption\":\"Clair\"},\"image\":{\"@id\":\"https:\\\/\\\/clair.si\\\/#\\\/schema\\\/logo\\\/image\\\/\"},\"sameAs\":[\"https:\\\/\\\/www.facebook.com\\\/TrgovinaClair\\\/\"]}]}<\/script>\n<!-- \/ Yoast SEO plugin. -->","yoast_head_json":{"title":"Jaha\u0107e tajice E-T Joyce - Clair","description":"Tajice za maksimalnu udobnost i kretanje \u2013 prozra\u010dne, rastezljive i sa silikonskim prihvatom za jahanje. Provjerite na\u0161u ponudu i odaberite svoje.","robots":{"index":"index","follow":"follow","max-snippet":"max-snippet:-1","max-image-preview":"max-image-preview:large","max-video-preview":"max-video-preview:-1"},"canonical":"https:\/\/clair.si\/hr\/izdelek\/jahace-tajice-e-t-joyce\/","og_locale":"hr_HR","og_type":"article","og_title":"Jaha\u0107e tajice E-T Joyce - Clair","og_description":"Tajice za maksimalnu udobnost i kretanje \u2013 prozra\u010dne, rastezljive i sa silikonskim prihvatom za jahanje. Provjerite na\u0161u ponudu i odaberite svoje.","og_url":"https:\/\/clair.si\/hr\/izdelek\/jahace-tajice-e-t-joyce\/","og_site_name":"Clair","article_publisher":"https:\/\/www.facebook.com\/TrgovinaClair\/","article_modified_time":"2025-08-27T19:41:06+00:00","og_image":[{"width":500,"height":500,"url":"https:\/\/clair.si\/wp-content\/uploads\/2025\/04\/1.webp","type":"image\/jpeg"}],"twitter_card":"summary_large_image","schema":{"@context":"https:\/\/schema.org","@graph":[{"@type":"WebPage","@id":"https:\/\/clair.si\/hr\/izdelek\/jahace-tajice-e-t-joyce\/","url":"https:\/\/clair.si\/hr\/izdelek\/jahace-tajice-e-t-joyce\/","name":"Jaha\u0107e tajice E-T Joyce - Clair","isPartOf":{"@id":"https:\/\/clair.si\/#website"},"primaryImageOfPage":{"@id":"https:\/\/clair.si\/hr\/izdelek\/jahace-tajice-e-t-joyce\/#primaryimage"},"image":{"@id":"https:\/\/clair.si\/hr\/izdelek\/jahace-tajice-e-t-joyce\/#primaryimage"},"thumbnailUrl":"https:\/\/clair.si\/wp-content\/uploads\/2025\/04\/1.webp","datePublished":"2025-04-25T09:25:18+00:00","dateModified":"2025-08-27T19:41:06+00:00","description":"Tajice za maksimalnu udobnost i kretanje \u2013 prozra\u010dne, rastezljive i sa silikonskim prihvatom za jahanje. Provjerite na\u0161u ponudu i odaberite svoje.","breadcrumb":{"@id":"https:\/\/clair.si\/hr\/izdelek\/jahace-tajice-e-t-joyce\/#breadcrumb"},"inLanguage":"hr","potentialAction":[{"@type":"ReadAction","target":["https:\/\/clair.si\/hr\/izdelek\/jahace-tajice-e-t-joyce\/"]}]},{"@type":"ImageObject","inLanguage":"hr","@id":"https:\/\/clair.si\/hr\/izdelek\/jahace-tajice-e-t-joyce\/#primaryimage","url":"https:\/\/clair.si\/wp-content\/uploads\/2025\/04\/1.webp","contentUrl":"https:\/\/clair.si\/wp-content\/uploads\/2025\/04\/1.webp","width":500,"height":500},{"@type":"BreadcrumbList","@id":"https:\/\/clair.si\/hr\/izdelek\/jahace-tajice-e-t-joyce\/#breadcrumb","itemListElement":[{"@type":"ListItem","position":1,"name":"Home","item":"https:\/\/clair.si\/hr\/"},{"@type":"ListItem","position":2,"name":"Trgovina","item":"https:\/\/clair.si\/trgovina\/"},{"@type":"ListItem","position":3,"name":"Jaha\u0107e tajice E-T Joyce"}]},{"@type":"WebSite","@id":"https:\/\/clair.si\/#website","url":"https:\/\/clair.si\/","name":"Clair","description":"Trgovina s konjeni\u0161ko opremo","publisher":{"@id":"https:\/\/clair.si\/#organization"},"potentialAction":[{"@type":"SearchAction","target":{"@type":"EntryPoint","urlTemplate":"https:\/\/clair.si\/?s={search_term_string}"},"query-input":{"@type":"PropertyValueSpecification","valueRequired":true,"valueName":"search_term_string"}}],"inLanguage":"hr"},{"@type":"Organization","@id":"https:\/\/clair.si\/#organization","name":"Clair","url":"https:\/\/clair.si\/","logo":{"@type":"ImageObject","inLanguage":"hr","@id":"https:\/\/clair.si\/#\/schema\/logo\/image\/","url":"https:\/\/clair.si\/wp-content\/uploads\/2022\/11\/clair_logo_2022.jpg","contentUrl":"https:\/\/clair.si\/wp-content\/uploads\/2022\/11\/clair_logo_2022.jpg","width":1920,"height":1920,"caption":"Clair"},"image":{"@id":"https:\/\/clair.si\/#\/schema\/logo\/image\/"},"sameAs":["https:\/\/www.facebook.com\/TrgovinaClair\/"]}]}},"_links":{"self":[{"href":"https:\/\/clair.si\/hr\/wp-json\/wp\/v2\/product\/92717","targetHints":{"allow":["GET"]}}],"collection":[{"href":"https:\/\/clair.si\/hr\/wp-json\/wp\/v2\/product"}],"about":[{"href":"https:\/\/clair.si\/hr\/wp-json\/wp\/v2\/types\/product"}],"version-history":[{"count":0,"href":"https:\/\/clair.si\/hr\/wp-json\/wp\/v2\/product\/92717\/revisions"}],"wp:featuredmedia":[{"embeddable":true,"href":"https:\/\/clair.si\/hr\/wp-json\/wp\/v2\/media\/92723"}],"wp:attachment":[{"href":"https:\/\/clair.si\/hr\/wp-json\/wp\/v2\/media?parent=92717"}],"wp:term":[{"taxonomy":"product_brand","embeddable":true,"href":"https:\/\/clair.si\/hr\/wp-json\/wp\/v2\/product_brand?post=92717"},{"taxonomy":"product_cat","embeddable":true,"href":"https:\/\/clair.si\/hr\/wp-json\/wp\/v2\/product_cat?post=92717"},{"taxonomy":"product_tag","embeddable":true,"href":"https:\/\/clair.si\/hr\/wp-json\/wp\/v2\/product_tag?post=92717"}],"curies":[{"name":"wp","href":"https:\/\/api.w.org\/{rel}","templated":true}]}}