{"id":92718,"date":"2025-04-08T09:51:07","date_gmt":"2025-04-08T07:51:07","guid":{"rendered":"https:\/\/clair.si\/izdelek\/sprej-protiv-insekata-horse-protection-spray-bubble-bite-500ml\/"},"modified":"2025-09-05T13:20:08","modified_gmt":"2025-09-05T11:20:08","slug":"sprej-protiv-insekata-horse-protection-spray-bubble-bite-500ml","status":"publish","type":"product","link":"https:\/\/clair.si\/hr\/izdelek\/sprej-protiv-insekata-horse-protection-spray-bubble-bite-500ml\/","title":{"rendered":"Sprej protiv insekata Horse Protection Spray Bubble Bite 500ml"},"content":{"rendered":"<p>Prirodni <strong data-start=\"196\" data-end=\"222\">Horse Protection Spray<\/strong> je nje\u017ena, ali u\u010dinkovita za\u0161tita za konje od dosadnih insekata, kao \u0161to su muhe, obadi i komarci. Formula se temelji na mje\u0161avini pa\u017eljivo odabranih eteri\u010dnih ulja koja stvaraju neugodno okru\u017eenje za insekte, a istovremeno ne iritiraju ko\u017eu \u017eivotinja. Sprej je siguran za svakodnevnu upotrebu, ne sadr\u017ei \u0161tetne kemikalije, ima ugodan prirodan miris i brzo se upija. Idealan za upotrebu tijekom jahanja, na pa\u0161njaku ili u staji.   <\/p>\n<p><strong>Sastav:<\/strong><\/p>\n<p class=\"\" data-start=\"844\" data-end=\"1079\">Voda, alkohol (prirodnog izvora), ulje citronele, ulje limunskog eukaliptusa, ulje \u010dajevca, ulje paprene metvice, glicerin, polisorbat 20, limonen*, linalol*, citral*, geraniol*<br data-start=\"1030\" data-end=\"1033\">(*prirodno prisutni alergeni u eteri\u010dnim uljima)<\/p>\n","protected":false},"excerpt":{"rendered":"<p>Prirodni Horse Protection Spray je nje\u017ena, ali u\u010dinkovita za\u0161tita za konje od dosadnih insekata, kao \u0161to su muhe, obadi i<\/p>\n","protected":false},"featured_media":100593,"template":"","meta":{"footnotes":""},"product_brand":[],"product_cat":[5624,5677,5676,5627,5674,5679],"product_tag":[],"class_list":{"0":"post-92718","1":"product","2":"type-product","3":"status-publish","4":"has-post-thumbnail","6":"product_cat-konj-hr","7":"product_cat-kozmetika-za-konje-hr-2","8":"product_cat-sprejevi-i-kreme","9":"product_cat-stala-i-pasnjak","10":"product_cat-zastita-od-insekata","11":"product_cat-zastita-od-insekata-hr","13":"first","14":"instock","15":"shipping-taxable","16":"purchasable","17":"product-type-simple"},"yoast_head":"<!-- This site is optimized with the Yoast SEO plugin v27.4 - https:\/\/yoast.com\/product\/yoast-seo-wordpress\/ -->\n<title>Sprej protiv insekata Horse Protection Spray Bubble Bite 500ml - Clair<\/title>\n<meta name=\"description\" content=\"Prirodni sprej za za\u0161titu konja od insekata. Sigurna, u\u010dinkovita i nje\u017ena formula s eteri\u010dnim uljima, bez \u0161tetnih kemikalija.\" \/>\n<meta name=\"robots\" content=\"index, follow, max-snippet:-1, max-image-preview:large, max-video-preview:-1\" \/>\n<link rel=\"canonical\" href=\"https:\/\/clair.si\/hr\/izdelek\/sprej-protiv-insekata-horse-protection-spray-bubble-bite-500ml\/\" \/>\n<meta property=\"og:locale\" content=\"hr_HR\" \/>\n<meta property=\"og:type\" content=\"article\" \/>\n<meta property=\"og:title\" content=\"Sprej protiv insekata Horse Protection Spray Bubble Bite 500ml - Clair\" \/>\n<meta property=\"og:description\" content=\"Prirodni sprej za za\u0161titu konja od insekata. Sigurna, u\u010dinkovita i nje\u017ena formula s eteri\u010dnim uljima, bez \u0161tetnih kemikalija.\" \/>\n<meta property=\"og:url\" content=\"https:\/\/clair.si\/hr\/izdelek\/sprej-protiv-insekata-horse-protection-spray-bubble-bite-500ml\/\" \/>\n<meta property=\"og:site_name\" content=\"Clair\" \/>\n<meta property=\"article:publisher\" content=\"https:\/\/www.facebook.com\/TrgovinaClair\/\" \/>\n<meta property=\"article:modified_time\" content=\"2025-09-05T11:20:08+00:00\" \/>\n<meta property=\"og:image\" content=\"https:\/\/clair.si\/wp-content\/uploads\/2025\/04\/BUBBLE-BITE-CLAIR.webp\" \/>\n\t<meta property=\"og:image:width\" content=\"720\" \/>\n\t<meta property=\"og:image:height\" content=\"720\" \/>\n\t<meta property=\"og:image:type\" content=\"image\/jpeg\" \/>\n<meta name=\"twitter:card\" content=\"summary_large_image\" \/>\n<meta name=\"twitter:label1\" content=\"Procijenjeno vrijeme \u010ditanja\" \/>\n\t<meta name=\"twitter:data1\" content=\"1 minuta\" \/>\n<script type=\"application\/ld+json\" class=\"yoast-schema-graph\">{\"@context\":\"https:\\\/\\\/schema.org\",\"@graph\":[{\"@type\":\"WebPage\",\"@id\":\"https:\\\/\\\/clair.si\\\/hr\\\/izdelek\\\/sprej-protiv-insekata-horse-protection-spray-bubble-bite-500ml\\\/\",\"url\":\"https:\\\/\\\/clair.si\\\/hr\\\/izdelek\\\/sprej-protiv-insekata-horse-protection-spray-bubble-bite-500ml\\\/\",\"name\":\"Sprej protiv insekata Horse Protection Spray Bubble Bite 500ml - Clair\",\"isPartOf\":{\"@id\":\"https:\\\/\\\/clair.si\\\/#website\"},\"primaryImageOfPage\":{\"@id\":\"https:\\\/\\\/clair.si\\\/hr\\\/izdelek\\\/sprej-protiv-insekata-horse-protection-spray-bubble-bite-500ml\\\/#primaryimage\"},\"image\":{\"@id\":\"https:\\\/\\\/clair.si\\\/hr\\\/izdelek\\\/sprej-protiv-insekata-horse-protection-spray-bubble-bite-500ml\\\/#primaryimage\"},\"thumbnailUrl\":\"https:\\\/\\\/clair.si\\\/wp-content\\\/uploads\\\/2025\\\/04\\\/BUBBLE-BITE-CLAIR.webp\",\"datePublished\":\"2025-04-08T07:51:07+00:00\",\"dateModified\":\"2025-09-05T11:20:08+00:00\",\"description\":\"Prirodni sprej za za\u0161titu konja od insekata. Sigurna, u\u010dinkovita i nje\u017ena formula s eteri\u010dnim uljima, bez \u0161tetnih kemikalija.\",\"breadcrumb\":{\"@id\":\"https:\\\/\\\/clair.si\\\/hr\\\/izdelek\\\/sprej-protiv-insekata-horse-protection-spray-bubble-bite-500ml\\\/#breadcrumb\"},\"inLanguage\":\"hr\",\"potentialAction\":[{\"@type\":\"ReadAction\",\"target\":[\"https:\\\/\\\/clair.si\\\/hr\\\/izdelek\\\/sprej-protiv-insekata-horse-protection-spray-bubble-bite-500ml\\\/\"]}]},{\"@type\":\"ImageObject\",\"inLanguage\":\"hr\",\"@id\":\"https:\\\/\\\/clair.si\\\/hr\\\/izdelek\\\/sprej-protiv-insekata-horse-protection-spray-bubble-bite-500ml\\\/#primaryimage\",\"url\":\"https:\\\/\\\/clair.si\\\/wp-content\\\/uploads\\\/2025\\\/04\\\/BUBBLE-BITE-CLAIR.webp\",\"contentUrl\":\"https:\\\/\\\/clair.si\\\/wp-content\\\/uploads\\\/2025\\\/04\\\/BUBBLE-BITE-CLAIR.webp\",\"width\":720,\"height\":720},{\"@type\":\"BreadcrumbList\",\"@id\":\"https:\\\/\\\/clair.si\\\/hr\\\/izdelek\\\/sprej-protiv-insekata-horse-protection-spray-bubble-bite-500ml\\\/#breadcrumb\",\"itemListElement\":[{\"@type\":\"ListItem\",\"position\":1,\"name\":\"Home\",\"item\":\"https:\\\/\\\/clair.si\\\/hr\\\/\"},{\"@type\":\"ListItem\",\"position\":2,\"name\":\"Trgovina\",\"item\":\"https:\\\/\\\/clair.si\\\/trgovina\\\/\"},{\"@type\":\"ListItem\",\"position\":3,\"name\":\"Sprej protiv insekata Horse Protection Spray Bubble Bite 500ml\"}]},{\"@type\":\"WebSite\",\"@id\":\"https:\\\/\\\/clair.si\\\/#website\",\"url\":\"https:\\\/\\\/clair.si\\\/\",\"name\":\"Clair\",\"description\":\"Trgovina s konjeni\u0161ko opremo\",\"publisher\":{\"@id\":\"https:\\\/\\\/clair.si\\\/#organization\"},\"potentialAction\":[{\"@type\":\"SearchAction\",\"target\":{\"@type\":\"EntryPoint\",\"urlTemplate\":\"https:\\\/\\\/clair.si\\\/?s={search_term_string}\"},\"query-input\":{\"@type\":\"PropertyValueSpecification\",\"valueRequired\":true,\"valueName\":\"search_term_string\"}}],\"inLanguage\":\"hr\"},{\"@type\":\"Organization\",\"@id\":\"https:\\\/\\\/clair.si\\\/#organization\",\"name\":\"Clair\",\"url\":\"https:\\\/\\\/clair.si\\\/\",\"logo\":{\"@type\":\"ImageObject\",\"inLanguage\":\"hr\",\"@id\":\"https:\\\/\\\/clair.si\\\/#\\\/schema\\\/logo\\\/image\\\/\",\"url\":\"https:\\\/\\\/clair.si\\\/wp-content\\\/uploads\\\/2022\\\/11\\\/clair_logo_2022.jpg\",\"contentUrl\":\"https:\\\/\\\/clair.si\\\/wp-content\\\/uploads\\\/2022\\\/11\\\/clair_logo_2022.jpg\",\"width\":1920,\"height\":1920,\"caption\":\"Clair\"},\"image\":{\"@id\":\"https:\\\/\\\/clair.si\\\/#\\\/schema\\\/logo\\\/image\\\/\"},\"sameAs\":[\"https:\\\/\\\/www.facebook.com\\\/TrgovinaClair\\\/\"]}]}<\/script>\n<!-- \/ Yoast SEO plugin. -->","yoast_head_json":{"title":"Sprej protiv insekata Horse Protection Spray Bubble Bite 500ml - Clair","description":"Prirodni sprej za za\u0161titu konja od insekata. Sigurna, u\u010dinkovita i nje\u017ena formula s eteri\u010dnim uljima, bez \u0161tetnih kemikalija.","robots":{"index":"index","follow":"follow","max-snippet":"max-snippet:-1","max-image-preview":"max-image-preview:large","max-video-preview":"max-video-preview:-1"},"canonical":"https:\/\/clair.si\/hr\/izdelek\/sprej-protiv-insekata-horse-protection-spray-bubble-bite-500ml\/","og_locale":"hr_HR","og_type":"article","og_title":"Sprej protiv insekata Horse Protection Spray Bubble Bite 500ml - Clair","og_description":"Prirodni sprej za za\u0161titu konja od insekata. Sigurna, u\u010dinkovita i nje\u017ena formula s eteri\u010dnim uljima, bez \u0161tetnih kemikalija.","og_url":"https:\/\/clair.si\/hr\/izdelek\/sprej-protiv-insekata-horse-protection-spray-bubble-bite-500ml\/","og_site_name":"Clair","article_publisher":"https:\/\/www.facebook.com\/TrgovinaClair\/","article_modified_time":"2025-09-05T11:20:08+00:00","og_image":[{"width":720,"height":720,"url":"https:\/\/clair.si\/wp-content\/uploads\/2025\/04\/BUBBLE-BITE-CLAIR.webp","type":"image\/jpeg"}],"twitter_card":"summary_large_image","twitter_misc":{"Procijenjeno vrijeme \u010ditanja":"1 minuta"},"schema":{"@context":"https:\/\/schema.org","@graph":[{"@type":"WebPage","@id":"https:\/\/clair.si\/hr\/izdelek\/sprej-protiv-insekata-horse-protection-spray-bubble-bite-500ml\/","url":"https:\/\/clair.si\/hr\/izdelek\/sprej-protiv-insekata-horse-protection-spray-bubble-bite-500ml\/","name":"Sprej protiv insekata Horse Protection Spray Bubble Bite 500ml - Clair","isPartOf":{"@id":"https:\/\/clair.si\/#website"},"primaryImageOfPage":{"@id":"https:\/\/clair.si\/hr\/izdelek\/sprej-protiv-insekata-horse-protection-spray-bubble-bite-500ml\/#primaryimage"},"image":{"@id":"https:\/\/clair.si\/hr\/izdelek\/sprej-protiv-insekata-horse-protection-spray-bubble-bite-500ml\/#primaryimage"},"thumbnailUrl":"https:\/\/clair.si\/wp-content\/uploads\/2025\/04\/BUBBLE-BITE-CLAIR.webp","datePublished":"2025-04-08T07:51:07+00:00","dateModified":"2025-09-05T11:20:08+00:00","description":"Prirodni sprej za za\u0161titu konja od insekata. Sigurna, u\u010dinkovita i nje\u017ena formula s eteri\u010dnim uljima, bez \u0161tetnih kemikalija.","breadcrumb":{"@id":"https:\/\/clair.si\/hr\/izdelek\/sprej-protiv-insekata-horse-protection-spray-bubble-bite-500ml\/#breadcrumb"},"inLanguage":"hr","potentialAction":[{"@type":"ReadAction","target":["https:\/\/clair.si\/hr\/izdelek\/sprej-protiv-insekata-horse-protection-spray-bubble-bite-500ml\/"]}]},{"@type":"ImageObject","inLanguage":"hr","@id":"https:\/\/clair.si\/hr\/izdelek\/sprej-protiv-insekata-horse-protection-spray-bubble-bite-500ml\/#primaryimage","url":"https:\/\/clair.si\/wp-content\/uploads\/2025\/04\/BUBBLE-BITE-CLAIR.webp","contentUrl":"https:\/\/clair.si\/wp-content\/uploads\/2025\/04\/BUBBLE-BITE-CLAIR.webp","width":720,"height":720},{"@type":"BreadcrumbList","@id":"https:\/\/clair.si\/hr\/izdelek\/sprej-protiv-insekata-horse-protection-spray-bubble-bite-500ml\/#breadcrumb","itemListElement":[{"@type":"ListItem","position":1,"name":"Home","item":"https:\/\/clair.si\/hr\/"},{"@type":"ListItem","position":2,"name":"Trgovina","item":"https:\/\/clair.si\/trgovina\/"},{"@type":"ListItem","position":3,"name":"Sprej protiv insekata Horse Protection Spray Bubble Bite 500ml"}]},{"@type":"WebSite","@id":"https:\/\/clair.si\/#website","url":"https:\/\/clair.si\/","name":"Clair","description":"Trgovina s konjeni\u0161ko opremo","publisher":{"@id":"https:\/\/clair.si\/#organization"},"potentialAction":[{"@type":"SearchAction","target":{"@type":"EntryPoint","urlTemplate":"https:\/\/clair.si\/?s={search_term_string}"},"query-input":{"@type":"PropertyValueSpecification","valueRequired":true,"valueName":"search_term_string"}}],"inLanguage":"hr"},{"@type":"Organization","@id":"https:\/\/clair.si\/#organization","name":"Clair","url":"https:\/\/clair.si\/","logo":{"@type":"ImageObject","inLanguage":"hr","@id":"https:\/\/clair.si\/#\/schema\/logo\/image\/","url":"https:\/\/clair.si\/wp-content\/uploads\/2022\/11\/clair_logo_2022.jpg","contentUrl":"https:\/\/clair.si\/wp-content\/uploads\/2022\/11\/clair_logo_2022.jpg","width":1920,"height":1920,"caption":"Clair"},"image":{"@id":"https:\/\/clair.si\/#\/schema\/logo\/image\/"},"sameAs":["https:\/\/www.facebook.com\/TrgovinaClair\/"]}]}},"_links":{"self":[{"href":"https:\/\/clair.si\/hr\/wp-json\/wp\/v2\/product\/92718","targetHints":{"allow":["GET"]}}],"collection":[{"href":"https:\/\/clair.si\/hr\/wp-json\/wp\/v2\/product"}],"about":[{"href":"https:\/\/clair.si\/hr\/wp-json\/wp\/v2\/types\/product"}],"version-history":[{"count":0,"href":"https:\/\/clair.si\/hr\/wp-json\/wp\/v2\/product\/92718\/revisions"}],"wp:featuredmedia":[{"embeddable":true,"href":"https:\/\/clair.si\/hr\/wp-json\/wp\/v2\/media\/100593"}],"wp:attachment":[{"href":"https:\/\/clair.si\/hr\/wp-json\/wp\/v2\/media?parent=92718"}],"wp:term":[{"taxonomy":"product_brand","embeddable":true,"href":"https:\/\/clair.si\/hr\/wp-json\/wp\/v2\/product_brand?post=92718"},{"taxonomy":"product_cat","embeddable":true,"href":"https:\/\/clair.si\/hr\/wp-json\/wp\/v2\/product_cat?post=92718"},{"taxonomy":"product_tag","embeddable":true,"href":"https:\/\/clair.si\/hr\/wp-json\/wp\/v2\/product_tag?post=92718"}],"curies":[{"name":"wp","href":"https:\/\/api.w.org\/{rel}","templated":true}]}}