{"id":92734,"date":"2025-04-08T09:41:39","date_gmt":"2025-04-08T07:41:39","guid":{"rendered":"https:\/\/clair.si\/izdelek\/krema-protiv-komaraca-bubble-bite-150ml\/"},"modified":"2025-09-05T13:20:25","modified_gmt":"2025-09-05T11:20:25","slug":"krema-protiv-komaraca-bubble-bite-150ml","status":"publish","type":"product","link":"https:\/\/clair.si\/hr\/izdelek\/krema-protiv-komaraca-bubble-bite-150ml\/","title":{"rendered":"Krema protiv komaraca Bubble Bite 150ml"},"content":{"rendered":"<p><strong>Anti Mosquito Skin Care Cream<\/strong><\/p>\n<p>U\u010dinkovita za\u0161tita od komaraca, krpelja i drugih insekata. S inovativnim 2u1 u\u010dinkom ne samo da odbija dosadne insekte, ve\u0107 istovremeno njeguje va\u0161u ko\u017eu. <\/p>\n<p>Osigurajte si potpunu za\u0161titu do 6 sati.<\/p>\n<p>\u2705 Ugodan miris citronele<br \/>\n\u2705 Brzo se upija i ne ostavlja mrlje<br \/>\n\u2705 Dermatolo\u0161ki testirano (prikladno za djecu)<\/p>\n<p>&nbsp;<\/p>\n<p><strong><u>INFORMACIJE O PROIZVODU:  <\/u><\/strong><\/p>\n<ul>\n<li> <strong> Optimalna za\u0161tita za cijelu obitelj<\/strong><strong><br \/>\n\u2022 Prikladno za djecu od 6 mjeseci nadalje<br \/>\n\u2022 Do 6 sati za\u0161tite od komaraca i krpelja<br \/>\n\u2022 Dermatolo\u0161ki testirano<br \/>\n\u2022 Svje\u017ea aroma citronele<br \/>\n\u2022 Ostavlja ugodan, mekan osje\u0107aj na ko\u017ei<br \/>\n<\/strong><br \/>\nKrema za za\u0161titu cijele obitelji od komaraca i krpelja do 6 sati. Za\u0161tita je prikladna za djecu stariju od 6 mjeseci. Proizvod je napravljen od prirodnih sastojaka, koji ostavljaju ugodan, mekan osje\u0107aj na ko\u017ei i do\u010daravaju svje\u017eu aromu citronele. Proizvod je dermatolo\u0161ki testiran. Bez parabena i sulfata.   <\/li>\n<\/ul>\n<p><strong> <\/strong><\/p>\n<p><strong><u>\u0160TO SADR\u017dI?<\/u><\/strong><strong><br \/>\n<\/strong>Anti Mosquito Cream je napravljena od pa\u017eljivo odabranih sastojaka najvi\u0161e kvalitete.<\/p>\n<p>Aktivni sastojak:<br \/>\n<em>200 g\/l Eucalyptus citriodora Ulje hidrirano, ciklizirano (EC Oil (H\/C))<\/em><em><br \/>\n<\/em>Sadr\u017ei Citronelol, Cineol, Pin-2(10)-en, Pin-2 (3) -ene. Mo\u017ee izazvati alergijsku reakciju. <\/p>\n<p><strong><u> <\/u><\/strong><\/p>\n<p><strong><u>UPOTREBA: <\/u><\/strong><\/p>\n<p>Ravnomjerno rasporedite po ko\u017ei. Obradite tako\u0111er predjele, koji su pokriveni samo laganom odje\u0107om. Kada u\u010dinak izblijedi ili kod ekstremnog fizi\u010dkog napora i razvoja znojenja preporu\u010dljivo je ponoviti nano\u0161enje. U kombinaciji s losionom za sun\u010danje uvijek nanesite kremu protiv komaraca u drugom koraku.   <\/p>\n<p>Doziranje:<br \/>\n*0,425 g\/600 cm2 &#8211; Nanosite umjereno!<br \/>\n*Polovi\u010dna koli\u010dina nano\u0161enja od gore, ako se koristi u kombinaciji s losionom za sun\u010danje<\/p>\n<p>Prikladno za dojen\u010dad stariju od 6 mjeseci, ali upotrebljavajte umjereno i ne na cijelom tijelu. Nakon upotrebe preporu\u010dljivo je oprati ruke. Ne nanosite na sluznice i o\u010di. Ako proizvod do\u0111e u o\u010di, temeljito isperite vodom. \u010cuvati izvan dohvata djece, odvojeno od smrzavanja, vru\u0107ine i izravnih sun\u010devih zraka.    <\/p>\n<p>Biocide rabite sigurno. Prije uporabe uvijek pro\u010ditajte oznaku i informacije o proizvodu. <\/p>\n","protected":false},"excerpt":{"rendered":"<p>Anti Mosquito Skin Care Cream U\u010dinkovita za\u0161tita od komaraca, krpelja i drugih insekata. S inovativnim 2u1 u\u010dinkom ne samo da<\/p>\n","protected":false},"featured_media":99977,"template":"","meta":{"footnotes":""},"product_brand":[],"product_cat":[5624,5677,5676,5627,5679,5674],"product_tag":[],"class_list":{"0":"post-92734","1":"product","2":"type-product","3":"status-publish","4":"has-post-thumbnail","6":"product_cat-konj-hr","7":"product_cat-kozmetika-za-konje-hr-2","8":"product_cat-sprejevi-i-kreme","9":"product_cat-stala-i-pasnjak","10":"product_cat-zastita-od-insekata-hr","11":"product_cat-zastita-od-insekata","13":"first","14":"instock","15":"shipping-taxable","16":"purchasable","17":"product-type-simple"},"yoast_head":"<!-- This site is optimized with the Yoast SEO plugin v27.3 - https:\/\/yoast.com\/product\/yoast-seo-wordpress\/ -->\n<title>Krema protiv komaraca Bubble Bite 150ml - Clair<\/title>\n<meta name=\"description\" content=\"Krema protiv komaraca za njegu i za\u0161titu ko\u017ee. Nje\u017ena, u\u010dinkovita i prikladna i za djecu. Provjerite na\u0161u cjelokupnu ponudu.\" \/>\n<meta name=\"robots\" content=\"index, follow, max-snippet:-1, max-image-preview:large, max-video-preview:-1\" \/>\n<link rel=\"canonical\" href=\"https:\/\/clair.si\/hr\/izdelek\/krema-protiv-komaraca-bubble-bite-150ml\/\" \/>\n<meta property=\"og:locale\" content=\"hr_HR\" \/>\n<meta property=\"og:type\" content=\"article\" \/>\n<meta property=\"og:title\" content=\"Krema protiv komaraca Bubble Bite 150ml - Clair\" \/>\n<meta property=\"og:description\" content=\"Krema protiv komaraca za njegu i za\u0161titu ko\u017ee. Nje\u017ena, u\u010dinkovita i prikladna i za djecu. Provjerite na\u0161u cjelokupnu ponudu.\" \/>\n<meta property=\"og:url\" content=\"https:\/\/clair.si\/hr\/izdelek\/krema-protiv-komaraca-bubble-bite-150ml\/\" \/>\n<meta property=\"og:site_name\" content=\"Clair\" \/>\n<meta property=\"article:publisher\" content=\"https:\/\/www.facebook.com\/TrgovinaClair\/\" \/>\n<meta property=\"article:modified_time\" content=\"2025-09-05T11:20:25+00:00\" \/>\n<meta property=\"og:image\" content=\"https:\/\/clair.si\/wp-content\/uploads\/2025\/04\/Anti_Mosquito_Skin_Care_Cream_150ml.jpg\" \/>\n\t<meta property=\"og:image:width\" content=\"720\" \/>\n\t<meta property=\"og:image:height\" content=\"720\" \/>\n\t<meta property=\"og:image:type\" content=\"image\/jpeg\" \/>\n<meta name=\"twitter:card\" content=\"summary_large_image\" \/>\n<meta name=\"twitter:label1\" content=\"Procijenjeno vrijeme \u010ditanja\" \/>\n\t<meta name=\"twitter:data1\" content=\"2 minute\" \/>\n<script type=\"application\/ld+json\" class=\"yoast-schema-graph\">{\"@context\":\"https:\\\/\\\/schema.org\",\"@graph\":[{\"@type\":\"WebPage\",\"@id\":\"https:\\\/\\\/clair.si\\\/hr\\\/izdelek\\\/krema-protiv-komaraca-bubble-bite-150ml\\\/\",\"url\":\"https:\\\/\\\/clair.si\\\/hr\\\/izdelek\\\/krema-protiv-komaraca-bubble-bite-150ml\\\/\",\"name\":\"Krema protiv komaraca Bubble Bite 150ml - Clair\",\"isPartOf\":{\"@id\":\"https:\\\/\\\/clair.si\\\/#website\"},\"primaryImageOfPage\":{\"@id\":\"https:\\\/\\\/clair.si\\\/hr\\\/izdelek\\\/krema-protiv-komaraca-bubble-bite-150ml\\\/#primaryimage\"},\"image\":{\"@id\":\"https:\\\/\\\/clair.si\\\/hr\\\/izdelek\\\/krema-protiv-komaraca-bubble-bite-150ml\\\/#primaryimage\"},\"thumbnailUrl\":\"https:\\\/\\\/clair.si\\\/wp-content\\\/uploads\\\/2025\\\/04\\\/Anti_Mosquito_Skin_Care_Cream_150ml.webp\",\"datePublished\":\"2025-04-08T07:41:39+00:00\",\"dateModified\":\"2025-09-05T11:20:25+00:00\",\"description\":\"Krema protiv komaraca za njegu i za\u0161titu ko\u017ee. Nje\u017ena, u\u010dinkovita i prikladna i za djecu. Provjerite na\u0161u cjelokupnu ponudu.\",\"breadcrumb\":{\"@id\":\"https:\\\/\\\/clair.si\\\/hr\\\/izdelek\\\/krema-protiv-komaraca-bubble-bite-150ml\\\/#breadcrumb\"},\"inLanguage\":\"hr\",\"potentialAction\":[{\"@type\":\"ReadAction\",\"target\":[\"https:\\\/\\\/clair.si\\\/hr\\\/izdelek\\\/krema-protiv-komaraca-bubble-bite-150ml\\\/\"]}]},{\"@type\":\"ImageObject\",\"inLanguage\":\"hr\",\"@id\":\"https:\\\/\\\/clair.si\\\/hr\\\/izdelek\\\/krema-protiv-komaraca-bubble-bite-150ml\\\/#primaryimage\",\"url\":\"https:\\\/\\\/clair.si\\\/wp-content\\\/uploads\\\/2025\\\/04\\\/Anti_Mosquito_Skin_Care_Cream_150ml.webp\",\"contentUrl\":\"https:\\\/\\\/clair.si\\\/wp-content\\\/uploads\\\/2025\\\/04\\\/Anti_Mosquito_Skin_Care_Cream_150ml.webp\",\"width\":720,\"height\":720},{\"@type\":\"BreadcrumbList\",\"@id\":\"https:\\\/\\\/clair.si\\\/hr\\\/izdelek\\\/krema-protiv-komaraca-bubble-bite-150ml\\\/#breadcrumb\",\"itemListElement\":[{\"@type\":\"ListItem\",\"position\":1,\"name\":\"Home\",\"item\":\"https:\\\/\\\/clair.si\\\/hr\\\/\"},{\"@type\":\"ListItem\",\"position\":2,\"name\":\"Trgovina\",\"item\":\"https:\\\/\\\/clair.si\\\/trgovina\\\/\"},{\"@type\":\"ListItem\",\"position\":3,\"name\":\"Krema protiv komaraca Bubble Bite 150ml\"}]},{\"@type\":\"WebSite\",\"@id\":\"https:\\\/\\\/clair.si\\\/#website\",\"url\":\"https:\\\/\\\/clair.si\\\/\",\"name\":\"Clair\",\"description\":\"Trgovina s konjeni\u0161ko opremo\",\"publisher\":{\"@id\":\"https:\\\/\\\/clair.si\\\/#organization\"},\"potentialAction\":[{\"@type\":\"SearchAction\",\"target\":{\"@type\":\"EntryPoint\",\"urlTemplate\":\"https:\\\/\\\/clair.si\\\/?s={search_term_string}\"},\"query-input\":{\"@type\":\"PropertyValueSpecification\",\"valueRequired\":true,\"valueName\":\"search_term_string\"}}],\"inLanguage\":\"hr\"},{\"@type\":\"Organization\",\"@id\":\"https:\\\/\\\/clair.si\\\/#organization\",\"name\":\"Clair\",\"url\":\"https:\\\/\\\/clair.si\\\/\",\"logo\":{\"@type\":\"ImageObject\",\"inLanguage\":\"hr\",\"@id\":\"https:\\\/\\\/clair.si\\\/#\\\/schema\\\/logo\\\/image\\\/\",\"url\":\"https:\\\/\\\/clair.si\\\/wp-content\\\/uploads\\\/2022\\\/11\\\/clair_logo_2022.jpg\",\"contentUrl\":\"https:\\\/\\\/clair.si\\\/wp-content\\\/uploads\\\/2022\\\/11\\\/clair_logo_2022.jpg\",\"width\":1920,\"height\":1920,\"caption\":\"Clair\"},\"image\":{\"@id\":\"https:\\\/\\\/clair.si\\\/#\\\/schema\\\/logo\\\/image\\\/\"},\"sameAs\":[\"https:\\\/\\\/www.facebook.com\\\/TrgovinaClair\\\/\"]}]}<\/script>\n<!-- \/ Yoast SEO plugin. -->","yoast_head_json":{"title":"Krema protiv komaraca Bubble Bite 150ml - Clair","description":"Krema protiv komaraca za njegu i za\u0161titu ko\u017ee. Nje\u017ena, u\u010dinkovita i prikladna i za djecu. Provjerite na\u0161u cjelokupnu ponudu.","robots":{"index":"index","follow":"follow","max-snippet":"max-snippet:-1","max-image-preview":"max-image-preview:large","max-video-preview":"max-video-preview:-1"},"canonical":"https:\/\/clair.si\/hr\/izdelek\/krema-protiv-komaraca-bubble-bite-150ml\/","og_locale":"hr_HR","og_type":"article","og_title":"Krema protiv komaraca Bubble Bite 150ml - Clair","og_description":"Krema protiv komaraca za njegu i za\u0161titu ko\u017ee. Nje\u017ena, u\u010dinkovita i prikladna i za djecu. Provjerite na\u0161u cjelokupnu ponudu.","og_url":"https:\/\/clair.si\/hr\/izdelek\/krema-protiv-komaraca-bubble-bite-150ml\/","og_site_name":"Clair","article_publisher":"https:\/\/www.facebook.com\/TrgovinaClair\/","article_modified_time":"2025-09-05T11:20:25+00:00","og_image":[{"width":720,"height":720,"url":"https:\/\/clair.si\/wp-content\/uploads\/2025\/04\/Anti_Mosquito_Skin_Care_Cream_150ml.jpg","type":"image\/jpeg"}],"twitter_card":"summary_large_image","twitter_misc":{"Procijenjeno vrijeme \u010ditanja":"2 minute"},"schema":{"@context":"https:\/\/schema.org","@graph":[{"@type":"WebPage","@id":"https:\/\/clair.si\/hr\/izdelek\/krema-protiv-komaraca-bubble-bite-150ml\/","url":"https:\/\/clair.si\/hr\/izdelek\/krema-protiv-komaraca-bubble-bite-150ml\/","name":"Krema protiv komaraca Bubble Bite 150ml - Clair","isPartOf":{"@id":"https:\/\/clair.si\/#website"},"primaryImageOfPage":{"@id":"https:\/\/clair.si\/hr\/izdelek\/krema-protiv-komaraca-bubble-bite-150ml\/#primaryimage"},"image":{"@id":"https:\/\/clair.si\/hr\/izdelek\/krema-protiv-komaraca-bubble-bite-150ml\/#primaryimage"},"thumbnailUrl":"https:\/\/clair.si\/wp-content\/uploads\/2025\/04\/Anti_Mosquito_Skin_Care_Cream_150ml.webp","datePublished":"2025-04-08T07:41:39+00:00","dateModified":"2025-09-05T11:20:25+00:00","description":"Krema protiv komaraca za njegu i za\u0161titu ko\u017ee. Nje\u017ena, u\u010dinkovita i prikladna i za djecu. Provjerite na\u0161u cjelokupnu ponudu.","breadcrumb":{"@id":"https:\/\/clair.si\/hr\/izdelek\/krema-protiv-komaraca-bubble-bite-150ml\/#breadcrumb"},"inLanguage":"hr","potentialAction":[{"@type":"ReadAction","target":["https:\/\/clair.si\/hr\/izdelek\/krema-protiv-komaraca-bubble-bite-150ml\/"]}]},{"@type":"ImageObject","inLanguage":"hr","@id":"https:\/\/clair.si\/hr\/izdelek\/krema-protiv-komaraca-bubble-bite-150ml\/#primaryimage","url":"https:\/\/clair.si\/wp-content\/uploads\/2025\/04\/Anti_Mosquito_Skin_Care_Cream_150ml.webp","contentUrl":"https:\/\/clair.si\/wp-content\/uploads\/2025\/04\/Anti_Mosquito_Skin_Care_Cream_150ml.webp","width":720,"height":720},{"@type":"BreadcrumbList","@id":"https:\/\/clair.si\/hr\/izdelek\/krema-protiv-komaraca-bubble-bite-150ml\/#breadcrumb","itemListElement":[{"@type":"ListItem","position":1,"name":"Home","item":"https:\/\/clair.si\/hr\/"},{"@type":"ListItem","position":2,"name":"Trgovina","item":"https:\/\/clair.si\/trgovina\/"},{"@type":"ListItem","position":3,"name":"Krema protiv komaraca Bubble Bite 150ml"}]},{"@type":"WebSite","@id":"https:\/\/clair.si\/#website","url":"https:\/\/clair.si\/","name":"Clair","description":"Trgovina s konjeni\u0161ko opremo","publisher":{"@id":"https:\/\/clair.si\/#organization"},"potentialAction":[{"@type":"SearchAction","target":{"@type":"EntryPoint","urlTemplate":"https:\/\/clair.si\/?s={search_term_string}"},"query-input":{"@type":"PropertyValueSpecification","valueRequired":true,"valueName":"search_term_string"}}],"inLanguage":"hr"},{"@type":"Organization","@id":"https:\/\/clair.si\/#organization","name":"Clair","url":"https:\/\/clair.si\/","logo":{"@type":"ImageObject","inLanguage":"hr","@id":"https:\/\/clair.si\/#\/schema\/logo\/image\/","url":"https:\/\/clair.si\/wp-content\/uploads\/2022\/11\/clair_logo_2022.jpg","contentUrl":"https:\/\/clair.si\/wp-content\/uploads\/2022\/11\/clair_logo_2022.jpg","width":1920,"height":1920,"caption":"Clair"},"image":{"@id":"https:\/\/clair.si\/#\/schema\/logo\/image\/"},"sameAs":["https:\/\/www.facebook.com\/TrgovinaClair\/"]}]}},"_links":{"self":[{"href":"https:\/\/clair.si\/hr\/wp-json\/wp\/v2\/product\/92734","targetHints":{"allow":["GET"]}}],"collection":[{"href":"https:\/\/clair.si\/hr\/wp-json\/wp\/v2\/product"}],"about":[{"href":"https:\/\/clair.si\/hr\/wp-json\/wp\/v2\/types\/product"}],"version-history":[{"count":0,"href":"https:\/\/clair.si\/hr\/wp-json\/wp\/v2\/product\/92734\/revisions"}],"wp:featuredmedia":[{"embeddable":true,"href":"https:\/\/clair.si\/hr\/wp-json\/wp\/v2\/media\/99977"}],"wp:attachment":[{"href":"https:\/\/clair.si\/hr\/wp-json\/wp\/v2\/media?parent=92734"}],"wp:term":[{"taxonomy":"product_brand","embeddable":true,"href":"https:\/\/clair.si\/hr\/wp-json\/wp\/v2\/product_brand?post=92734"},{"taxonomy":"product_cat","embeddable":true,"href":"https:\/\/clair.si\/hr\/wp-json\/wp\/v2\/product_cat?post=92734"},{"taxonomy":"product_tag","embeddable":true,"href":"https:\/\/clair.si\/hr\/wp-json\/wp\/v2\/product_tag?post=92734"}],"curies":[{"name":"wp","href":"https:\/\/api.w.org\/{rel}","templated":true}]}}