{"id":92748,"date":"2025-04-10T09:59:07","date_gmt":"2025-04-10T07:59:07","guid":{"rendered":"https:\/\/clair.si\/izdelek\/maska-protiv-muha-hkm-flamingo\/"},"modified":"2025-09-11T09:14:20","modified_gmt":"2025-09-11T07:14:20","slug":"maska-protiv-muha-hkm-flamingo","status":"publish","type":"product","link":"https:\/\/clair.si\/hr\/izdelek\/maska-protiv-muha-hkm-flamingo\/","title":{"rendered":"Maska protiv muha HKM Flamingo"},"content":{"rendered":"<p class=\"\" data-start=\"27\" data-end=\"435\">Elasti\u010dna za\u0161titna maska protiv insekata Flamingo kombinira pouzdanu za\u0161titu i razigran dizajn. Elasti\u010dan, prozra\u010dan rastezljiv materijal u\u010dinkovito odbija dosadne insekte te se \u010dvrsto prilije\u017ee bez ograni\u010davanja konja. S trendovskim uzorkom flaminga dodaje \u017eivahan naglasak boje. Ugra\u0111ena UV-za\u0161tita sa za\u0161titnim faktorom od sunca 50+ \u0161titi konja od jakog sunca, stoga je maska idealan pratitelj u vru\u0107im danima.   <\/p>\n<p class=\"\" data-start=\"437\" data-end=\"451\"><strong data-start=\"437\" data-end=\"451\">Zna\u010dajke:<\/strong><\/p>\n<ul data-start=\"452\" data-end=\"566\">\n<li class=\"\" data-start=\"452\" data-end=\"463\">\n<p class=\"\" data-start=\"454\" data-end=\"463\">elasti\u010dno<\/p>\n<\/li>\n<li class=\"\" data-start=\"464\" data-end=\"496\">\n<p class=\"\" data-start=\"466\" data-end=\"496\">za\u0161tita od muha i insekata<\/p>\n<\/li>\n<li class=\"\" data-start=\"497\" data-end=\"509\">\n<p class=\"\" data-start=\"499\" data-end=\"509\">UV-za\u0161tita<\/p>\n<\/li>\n<li class=\"\" data-start=\"510\" data-end=\"531\">\n<p class=\"\" data-start=\"512\" data-end=\"531\">rastezljivi materijal<\/p>\n<\/li>\n<li class=\"\" data-start=\"532\" data-end=\"553\">\n<p class=\"\" data-start=\"534\" data-end=\"553\">za\u0161titni faktor 50+<\/p>\n<\/li>\n<li class=\"\" data-start=\"554\" data-end=\"566\">\n<p class=\"\" data-start=\"556\" data-end=\"566\">vrlo lagana<\/p>\n<\/li>\n<\/ul>\n<p><strong>Materijal: 100% poliester<\/strong><\/p>\n","protected":false},"excerpt":{"rendered":"<p>Elasti\u010dna za\u0161titna maska protiv insekata Flamingo kombinira pouzdanu za\u0161titu i razigran dizajn. Elasti\u010dan, prozra\u010dan rastezljiv materijal u\u010dinkovito odbija dosadne insekte<\/p>\n","protected":false},"featured_media":92750,"template":"","meta":{"footnotes":""},"product_brand":[],"product_cat":[5624,5780,5674],"product_tag":[],"class_list":{"0":"post-92748","1":"product","2":"type-product","3":"status-publish","4":"has-post-thumbnail","6":"product_cat-konj-hr","7":"product_cat-maske-protiv-muha","8":"product_cat-zastita-od-insekata","10":"first","11":"instock","12":"sale","13":"shipping-taxable","14":"purchasable","15":"product-type-variable"},"yoast_head":"<!-- This site is optimized with the Yoast SEO plugin v27.4 - https:\/\/yoast.com\/product\/yoast-seo-wordpress\/ -->\n<title>Maska protiv muha HKM Flamingo - Clair<\/title>\n<meta name=\"description\" content=\"Elasti\u010dna maska Flamingo nudi za\u0161titu od insekata i UV zraka (SPF 50+), prozra\u010dna je, rastezljiva i \u0161arena \u2013 idealna za vru\u0107e dane. Kupi sada.\" \/>\n<meta name=\"robots\" content=\"index, follow, max-snippet:-1, max-image-preview:large, max-video-preview:-1\" \/>\n<link rel=\"canonical\" href=\"https:\/\/clair.si\/hr\/izdelek\/maska-protiv-muha-hkm-flamingo\/\" \/>\n<meta property=\"og:locale\" content=\"hr_HR\" \/>\n<meta property=\"og:type\" content=\"article\" \/>\n<meta property=\"og:title\" content=\"Maska protiv muha HKM Flamingo - Clair\" \/>\n<meta property=\"og:description\" content=\"Elasti\u010dna maska Flamingo nudi za\u0161titu od insekata i UV zraka (SPF 50+), prozra\u010dna je, rastezljiva i \u0161arena \u2013 idealna za vru\u0107e dane. Kupi sada.\" \/>\n<meta property=\"og:url\" content=\"https:\/\/clair.si\/hr\/izdelek\/maska-protiv-muha-hkm-flamingo\/\" \/>\n<meta property=\"og:site_name\" content=\"Clair\" \/>\n<meta property=\"article:publisher\" content=\"https:\/\/www.facebook.com\/TrgovinaClair\/\" \/>\n<meta property=\"article:modified_time\" content=\"2025-09-11T07:14:20+00:00\" \/>\n<meta property=\"og:image\" content=\"https:\/\/clair.si\/wp-content\/uploads\/2025\/04\/Maska-Flamingo-HKM_1.webp\" \/>\n\t<meta property=\"og:image:width\" content=\"700\" \/>\n\t<meta property=\"og:image:height\" content=\"700\" \/>\n\t<meta property=\"og:image:type\" content=\"image\/jpeg\" \/>\n<meta name=\"twitter:card\" content=\"summary_large_image\" \/>\n<script type=\"application\/ld+json\" class=\"yoast-schema-graph\">{\"@context\":\"https:\\\/\\\/schema.org\",\"@graph\":[{\"@type\":\"WebPage\",\"@id\":\"https:\\\/\\\/clair.si\\\/hr\\\/izdelek\\\/maska-protiv-muha-hkm-flamingo\\\/\",\"url\":\"https:\\\/\\\/clair.si\\\/hr\\\/izdelek\\\/maska-protiv-muha-hkm-flamingo\\\/\",\"name\":\"Maska protiv muha HKM Flamingo - Clair\",\"isPartOf\":{\"@id\":\"https:\\\/\\\/clair.si\\\/#website\"},\"primaryImageOfPage\":{\"@id\":\"https:\\\/\\\/clair.si\\\/hr\\\/izdelek\\\/maska-protiv-muha-hkm-flamingo\\\/#primaryimage\"},\"image\":{\"@id\":\"https:\\\/\\\/clair.si\\\/hr\\\/izdelek\\\/maska-protiv-muha-hkm-flamingo\\\/#primaryimage\"},\"thumbnailUrl\":\"https:\\\/\\\/clair.si\\\/wp-content\\\/uploads\\\/2025\\\/04\\\/Maska-Flamingo-HKM_1.webp\",\"datePublished\":\"2025-04-10T07:59:07+00:00\",\"dateModified\":\"2025-09-11T07:14:20+00:00\",\"description\":\"Elasti\u010dna maska Flamingo nudi za\u0161titu od insekata i UV zraka (SPF 50+), prozra\u010dna je, rastezljiva i \u0161arena \u2013 idealna za vru\u0107e dane. Kupi sada.\",\"breadcrumb\":{\"@id\":\"https:\\\/\\\/clair.si\\\/hr\\\/izdelek\\\/maska-protiv-muha-hkm-flamingo\\\/#breadcrumb\"},\"inLanguage\":\"hr\",\"potentialAction\":[{\"@type\":\"ReadAction\",\"target\":[\"https:\\\/\\\/clair.si\\\/hr\\\/izdelek\\\/maska-protiv-muha-hkm-flamingo\\\/\"]}]},{\"@type\":\"ImageObject\",\"inLanguage\":\"hr\",\"@id\":\"https:\\\/\\\/clair.si\\\/hr\\\/izdelek\\\/maska-protiv-muha-hkm-flamingo\\\/#primaryimage\",\"url\":\"https:\\\/\\\/clair.si\\\/wp-content\\\/uploads\\\/2025\\\/04\\\/Maska-Flamingo-HKM_1.webp\",\"contentUrl\":\"https:\\\/\\\/clair.si\\\/wp-content\\\/uploads\\\/2025\\\/04\\\/Maska-Flamingo-HKM_1.webp\",\"width\":700,\"height\":700},{\"@type\":\"BreadcrumbList\",\"@id\":\"https:\\\/\\\/clair.si\\\/hr\\\/izdelek\\\/maska-protiv-muha-hkm-flamingo\\\/#breadcrumb\",\"itemListElement\":[{\"@type\":\"ListItem\",\"position\":1,\"name\":\"Home\",\"item\":\"https:\\\/\\\/clair.si\\\/hr\\\/\"},{\"@type\":\"ListItem\",\"position\":2,\"name\":\"Trgovina\",\"item\":\"https:\\\/\\\/clair.si\\\/trgovina\\\/\"},{\"@type\":\"ListItem\",\"position\":3,\"name\":\"Maska protiv muha HKM Flamingo\"}]},{\"@type\":\"WebSite\",\"@id\":\"https:\\\/\\\/clair.si\\\/#website\",\"url\":\"https:\\\/\\\/clair.si\\\/\",\"name\":\"Clair\",\"description\":\"Trgovina s konjeni\u0161ko opremo\",\"publisher\":{\"@id\":\"https:\\\/\\\/clair.si\\\/#organization\"},\"potentialAction\":[{\"@type\":\"SearchAction\",\"target\":{\"@type\":\"EntryPoint\",\"urlTemplate\":\"https:\\\/\\\/clair.si\\\/?s={search_term_string}\"},\"query-input\":{\"@type\":\"PropertyValueSpecification\",\"valueRequired\":true,\"valueName\":\"search_term_string\"}}],\"inLanguage\":\"hr\"},{\"@type\":\"Organization\",\"@id\":\"https:\\\/\\\/clair.si\\\/#organization\",\"name\":\"Clair\",\"url\":\"https:\\\/\\\/clair.si\\\/\",\"logo\":{\"@type\":\"ImageObject\",\"inLanguage\":\"hr\",\"@id\":\"https:\\\/\\\/clair.si\\\/#\\\/schema\\\/logo\\\/image\\\/\",\"url\":\"https:\\\/\\\/clair.si\\\/wp-content\\\/uploads\\\/2022\\\/11\\\/clair_logo_2022.jpg\",\"contentUrl\":\"https:\\\/\\\/clair.si\\\/wp-content\\\/uploads\\\/2022\\\/11\\\/clair_logo_2022.jpg\",\"width\":1920,\"height\":1920,\"caption\":\"Clair\"},\"image\":{\"@id\":\"https:\\\/\\\/clair.si\\\/#\\\/schema\\\/logo\\\/image\\\/\"},\"sameAs\":[\"https:\\\/\\\/www.facebook.com\\\/TrgovinaClair\\\/\"]}]}<\/script>\n<!-- \/ Yoast SEO plugin. -->","yoast_head_json":{"title":"Maska protiv muha HKM Flamingo - Clair","description":"Elasti\u010dna maska Flamingo nudi za\u0161titu od insekata i UV zraka (SPF 50+), prozra\u010dna je, rastezljiva i \u0161arena \u2013 idealna za vru\u0107e dane. Kupi sada.","robots":{"index":"index","follow":"follow","max-snippet":"max-snippet:-1","max-image-preview":"max-image-preview:large","max-video-preview":"max-video-preview:-1"},"canonical":"https:\/\/clair.si\/hr\/izdelek\/maska-protiv-muha-hkm-flamingo\/","og_locale":"hr_HR","og_type":"article","og_title":"Maska protiv muha HKM Flamingo - Clair","og_description":"Elasti\u010dna maska Flamingo nudi za\u0161titu od insekata i UV zraka (SPF 50+), prozra\u010dna je, rastezljiva i \u0161arena \u2013 idealna za vru\u0107e dane. Kupi sada.","og_url":"https:\/\/clair.si\/hr\/izdelek\/maska-protiv-muha-hkm-flamingo\/","og_site_name":"Clair","article_publisher":"https:\/\/www.facebook.com\/TrgovinaClair\/","article_modified_time":"2025-09-11T07:14:20+00:00","og_image":[{"width":700,"height":700,"url":"https:\/\/clair.si\/wp-content\/uploads\/2025\/04\/Maska-Flamingo-HKM_1.webp","type":"image\/jpeg"}],"twitter_card":"summary_large_image","schema":{"@context":"https:\/\/schema.org","@graph":[{"@type":"WebPage","@id":"https:\/\/clair.si\/hr\/izdelek\/maska-protiv-muha-hkm-flamingo\/","url":"https:\/\/clair.si\/hr\/izdelek\/maska-protiv-muha-hkm-flamingo\/","name":"Maska protiv muha HKM Flamingo - Clair","isPartOf":{"@id":"https:\/\/clair.si\/#website"},"primaryImageOfPage":{"@id":"https:\/\/clair.si\/hr\/izdelek\/maska-protiv-muha-hkm-flamingo\/#primaryimage"},"image":{"@id":"https:\/\/clair.si\/hr\/izdelek\/maska-protiv-muha-hkm-flamingo\/#primaryimage"},"thumbnailUrl":"https:\/\/clair.si\/wp-content\/uploads\/2025\/04\/Maska-Flamingo-HKM_1.webp","datePublished":"2025-04-10T07:59:07+00:00","dateModified":"2025-09-11T07:14:20+00:00","description":"Elasti\u010dna maska Flamingo nudi za\u0161titu od insekata i UV zraka (SPF 50+), prozra\u010dna je, rastezljiva i \u0161arena \u2013 idealna za vru\u0107e dane. Kupi sada.","breadcrumb":{"@id":"https:\/\/clair.si\/hr\/izdelek\/maska-protiv-muha-hkm-flamingo\/#breadcrumb"},"inLanguage":"hr","potentialAction":[{"@type":"ReadAction","target":["https:\/\/clair.si\/hr\/izdelek\/maska-protiv-muha-hkm-flamingo\/"]}]},{"@type":"ImageObject","inLanguage":"hr","@id":"https:\/\/clair.si\/hr\/izdelek\/maska-protiv-muha-hkm-flamingo\/#primaryimage","url":"https:\/\/clair.si\/wp-content\/uploads\/2025\/04\/Maska-Flamingo-HKM_1.webp","contentUrl":"https:\/\/clair.si\/wp-content\/uploads\/2025\/04\/Maska-Flamingo-HKM_1.webp","width":700,"height":700},{"@type":"BreadcrumbList","@id":"https:\/\/clair.si\/hr\/izdelek\/maska-protiv-muha-hkm-flamingo\/#breadcrumb","itemListElement":[{"@type":"ListItem","position":1,"name":"Home","item":"https:\/\/clair.si\/hr\/"},{"@type":"ListItem","position":2,"name":"Trgovina","item":"https:\/\/clair.si\/trgovina\/"},{"@type":"ListItem","position":3,"name":"Maska protiv muha HKM Flamingo"}]},{"@type":"WebSite","@id":"https:\/\/clair.si\/#website","url":"https:\/\/clair.si\/","name":"Clair","description":"Trgovina s konjeni\u0161ko opremo","publisher":{"@id":"https:\/\/clair.si\/#organization"},"potentialAction":[{"@type":"SearchAction","target":{"@type":"EntryPoint","urlTemplate":"https:\/\/clair.si\/?s={search_term_string}"},"query-input":{"@type":"PropertyValueSpecification","valueRequired":true,"valueName":"search_term_string"}}],"inLanguage":"hr"},{"@type":"Organization","@id":"https:\/\/clair.si\/#organization","name":"Clair","url":"https:\/\/clair.si\/","logo":{"@type":"ImageObject","inLanguage":"hr","@id":"https:\/\/clair.si\/#\/schema\/logo\/image\/","url":"https:\/\/clair.si\/wp-content\/uploads\/2022\/11\/clair_logo_2022.jpg","contentUrl":"https:\/\/clair.si\/wp-content\/uploads\/2022\/11\/clair_logo_2022.jpg","width":1920,"height":1920,"caption":"Clair"},"image":{"@id":"https:\/\/clair.si\/#\/schema\/logo\/image\/"},"sameAs":["https:\/\/www.facebook.com\/TrgovinaClair\/"]}]}},"_links":{"self":[{"href":"https:\/\/clair.si\/hr\/wp-json\/wp\/v2\/product\/92748","targetHints":{"allow":["GET"]}}],"collection":[{"href":"https:\/\/clair.si\/hr\/wp-json\/wp\/v2\/product"}],"about":[{"href":"https:\/\/clair.si\/hr\/wp-json\/wp\/v2\/types\/product"}],"version-history":[{"count":0,"href":"https:\/\/clair.si\/hr\/wp-json\/wp\/v2\/product\/92748\/revisions"}],"wp:featuredmedia":[{"embeddable":true,"href":"https:\/\/clair.si\/hr\/wp-json\/wp\/v2\/media\/92750"}],"wp:attachment":[{"href":"https:\/\/clair.si\/hr\/wp-json\/wp\/v2\/media?parent=92748"}],"wp:term":[{"taxonomy":"product_brand","embeddable":true,"href":"https:\/\/clair.si\/hr\/wp-json\/wp\/v2\/product_brand?post=92748"},{"taxonomy":"product_cat","embeddable":true,"href":"https:\/\/clair.si\/hr\/wp-json\/wp\/v2\/product_cat?post=92748"},{"taxonomy":"product_tag","embeddable":true,"href":"https:\/\/clair.si\/hr\/wp-json\/wp\/v2\/product_tag?post=92748"}],"curies":[{"name":"wp","href":"https:\/\/api.w.org\/{rel}","templated":true}]}}