{"id":92766,"date":"2025-04-10T13:01:01","date_gmt":"2025-04-10T11:01:01","guid":{"rendered":"https:\/\/clair.si\/izdelek\/maska-protiv-muha-hkm-elastic-wnp\/"},"modified":"2025-09-23T07:15:31","modified_gmt":"2025-09-23T05:15:31","slug":"maska-protiv-muha-hkm-elastic-wnp","status":"publish","type":"product","link":"https:\/\/clair.si\/hr\/izdelek\/maska-protiv-muha-hkm-elastic-wnp\/","title":{"rendered":"Maska protiv muha HKM Elastic WNP"},"content":{"rendered":"<p>Elasti\u010dna za\u0161titna maska protiv insekata sa za\u0161titom nosnica nudi cjelovitu za\u0161titu od muha i insekata te je iznimno udobna za no\u0161enje. Opremljena je prakti\u010dnim otvorom za konjsku grivu te odr\u017eava sigurnu udaljenost od konjskog oka. Elasti\u010dne u\u0161i nude dodatnu za\u0161titu, ne ometaju\u0107i konja. Skriveni patentni zatvara\u010d sprje\u010dava trljanje i osigurava mekani oprijem. Ova maska konju nudi optimalnu za\u0161titu od dosadnih insekata \u2013 idealna je za nesmetanu pa\u0161u ili jahanje.<\/p>\n<ul>\n<li class=\"\" data-start=\"513\" data-end=\"547\">\n<p class=\"\" data-start=\"515\" data-end=\"547\">za\u0161tita od muha i insekata<\/p>\n<\/li>\n<li class=\"\" data-start=\"548\" data-end=\"569\">\n<p class=\"\" data-start=\"550\" data-end=\"569\">otvor za grivu<\/p>\n<\/li>\n<li class=\"\" data-start=\"570\" data-end=\"597\">\n<p class=\"\" data-start=\"572\" data-end=\"597\">sigurna udaljenost od oka<\/p>\n<\/li>\n<li class=\"\" data-start=\"598\" data-end=\"637\">\n<p class=\"\" data-start=\"600\" data-end=\"637\">patentni zatvara\u010d je prekriven za za\u0161titu konja<\/p>\n<\/li>\n<li class=\"\" data-start=\"638\" data-end=\"657\">\n<p class=\"\" data-start=\"640\" data-end=\"657\">elasti\u010dne u\u0161i<\/p>\n<\/li>\n<\/ul>\n","protected":false},"excerpt":{"rendered":"<p>Vodi\u010d po veli\u010dinama:<\/p>\n<ul>\n<li>XL &#8211; Full<\/li>\n<li>L &#8211; Cob<\/li>\n<li>M &#8211; Cob\/Pony<\/li>\n<li>S &#8211; Pony<\/li>\n<li>XS &#8211; Shetty<\/li>\n<li>XXS &#8211; Mini Shetty\/Foal<\/li>\n<\/ul>\n<p>&nbsp;<\/p>\n","protected":false},"featured_media":92771,"template":"","meta":{"footnotes":""},"product_brand":[],"product_cat":[5624,5780,5674],"product_tag":[],"class_list":{"0":"post-92766","1":"product","2":"type-product","3":"status-publish","4":"has-post-thumbnail","6":"product_cat-konj-hr","7":"product_cat-maske-protiv-muha","8":"product_cat-zastita-od-insekata","10":"first","11":"instock","12":"shipping-taxable","13":"purchasable","14":"product-type-variable"},"yoast_head":"<!-- This site is optimized with the Yoast SEO plugin v27.4 - https:\/\/yoast.com\/product\/yoast-seo-wordpress\/ -->\n<title>Maska protiv muha HKM Elastic WNP - Clair<\/title>\n<meta name=\"description\" content=\"Udobna maska protiv insekata sa za\u0161titom nosnica, otvorom za grivu i elasti\u010dnim u\u0161ima. S mekim patentnim zatvara\u010dem i sigurnom udaljeno\u0161\u0107u od oka.\" \/>\n<meta name=\"robots\" content=\"index, follow, max-snippet:-1, max-image-preview:large, max-video-preview:-1\" \/>\n<link rel=\"canonical\" href=\"https:\/\/clair.si\/izdelek\/maska-proti-muham-hkm-elastic-wnp\/\" \/>\n<meta property=\"og:locale\" content=\"hr_HR\" \/>\n<meta property=\"og:type\" content=\"article\" \/>\n<meta property=\"og:title\" content=\"Maska protiv muha HKM Elastic WNP - Clair\" \/>\n<meta property=\"og:description\" content=\"Udobna maska protiv insekata sa za\u0161titom nosnica, otvorom za grivu i elasti\u010dnim u\u0161ima. S mekim patentnim zatvara\u010dem i sigurnom udaljeno\u0161\u0107u od oka.\" \/>\n<meta property=\"og:url\" content=\"https:\/\/clair.si\/izdelek\/maska-proti-muham-hkm-elastic-wnp\/\" \/>\n<meta property=\"og:site_name\" content=\"Clair\" \/>\n<meta property=\"article:publisher\" content=\"https:\/\/www.facebook.com\/TrgovinaClair\/\" \/>\n<meta property=\"article:modified_time\" content=\"2025-09-23T05:15:31+00:00\" \/>\n<meta property=\"og:image\" content=\"https:\/\/clair.si\/wp-content\/uploads\/2025\/04\/Maska-HKM-Elastic-WNP-svetlo-modra_1.webp\" \/>\n\t<meta property=\"og:image:width\" content=\"700\" \/>\n\t<meta property=\"og:image:height\" content=\"700\" \/>\n\t<meta property=\"og:image:type\" content=\"image\/jpeg\" \/>\n<meta name=\"twitter:card\" content=\"summary_large_image\" \/>\n<meta name=\"twitter:label1\" content=\"Procijenjeno vrijeme \u010ditanja\" \/>\n\t<meta name=\"twitter:data1\" content=\"1 minuta\" \/>\n<script type=\"application\/ld+json\" class=\"yoast-schema-graph\">{\"@context\":\"https:\\\/\\\/schema.org\",\"@graph\":[{\"@type\":\"WebPage\",\"@id\":\"https:\\\/\\\/clair.si\\\/izdelek\\\/maska-proti-muham-hkm-elastic-wnp\\\/\",\"url\":\"https:\\\/\\\/clair.si\\\/izdelek\\\/maska-proti-muham-hkm-elastic-wnp\\\/\",\"name\":\"Maska protiv muha HKM Elastic WNP - Clair\",\"isPartOf\":{\"@id\":\"https:\\\/\\\/clair.si\\\/#website\"},\"primaryImageOfPage\":{\"@id\":\"https:\\\/\\\/clair.si\\\/izdelek\\\/maska-proti-muham-hkm-elastic-wnp\\\/#primaryimage\"},\"image\":{\"@id\":\"https:\\\/\\\/clair.si\\\/izdelek\\\/maska-proti-muham-hkm-elastic-wnp\\\/#primaryimage\"},\"thumbnailUrl\":\"https:\\\/\\\/clair.si\\\/wp-content\\\/uploads\\\/2025\\\/04\\\/Maska-HKM-Elastic-WNP-svetlo-modra_1.webp\",\"datePublished\":\"2025-04-10T11:01:01+00:00\",\"dateModified\":\"2025-09-23T05:15:31+00:00\",\"description\":\"Udobna maska protiv insekata sa za\u0161titom nosnica, otvorom za grivu i elasti\u010dnim u\u0161ima. S mekim patentnim zatvara\u010dem i sigurnom udaljeno\u0161\u0107u od oka.\",\"breadcrumb\":{\"@id\":\"https:\\\/\\\/clair.si\\\/izdelek\\\/maska-proti-muham-hkm-elastic-wnp\\\/#breadcrumb\"},\"inLanguage\":\"hr\",\"potentialAction\":[{\"@type\":\"ReadAction\",\"target\":[\"https:\\\/\\\/clair.si\\\/izdelek\\\/maska-proti-muham-hkm-elastic-wnp\\\/\"]}]},{\"@type\":\"ImageObject\",\"inLanguage\":\"hr\",\"@id\":\"https:\\\/\\\/clair.si\\\/izdelek\\\/maska-proti-muham-hkm-elastic-wnp\\\/#primaryimage\",\"url\":\"https:\\\/\\\/clair.si\\\/wp-content\\\/uploads\\\/2025\\\/04\\\/Maska-HKM-Elastic-WNP-svetlo-modra_1.webp\",\"contentUrl\":\"https:\\\/\\\/clair.si\\\/wp-content\\\/uploads\\\/2025\\\/04\\\/Maska-HKM-Elastic-WNP-svetlo-modra_1.webp\",\"width\":700,\"height\":700},{\"@type\":\"BreadcrumbList\",\"@id\":\"https:\\\/\\\/clair.si\\\/izdelek\\\/maska-proti-muham-hkm-elastic-wnp\\\/#breadcrumb\",\"itemListElement\":[{\"@type\":\"ListItem\",\"position\":1,\"name\":\"Home\",\"item\":\"https:\\\/\\\/clair.si\\\/hr\\\/\"},{\"@type\":\"ListItem\",\"position\":2,\"name\":\"Trgovina\",\"item\":\"https:\\\/\\\/clair.si\\\/trgovina\\\/\"},{\"@type\":\"ListItem\",\"position\":3,\"name\":\"Maska protiv muha HKM Elastic WNP\"}]},{\"@type\":\"WebSite\",\"@id\":\"https:\\\/\\\/clair.si\\\/#website\",\"url\":\"https:\\\/\\\/clair.si\\\/\",\"name\":\"Clair\",\"description\":\"Trgovina s konjeni\u0161ko opremo\",\"publisher\":{\"@id\":\"https:\\\/\\\/clair.si\\\/#organization\"},\"potentialAction\":[{\"@type\":\"SearchAction\",\"target\":{\"@type\":\"EntryPoint\",\"urlTemplate\":\"https:\\\/\\\/clair.si\\\/?s={search_term_string}\"},\"query-input\":{\"@type\":\"PropertyValueSpecification\",\"valueRequired\":true,\"valueName\":\"search_term_string\"}}],\"inLanguage\":\"hr\"},{\"@type\":\"Organization\",\"@id\":\"https:\\\/\\\/clair.si\\\/#organization\",\"name\":\"Clair\",\"url\":\"https:\\\/\\\/clair.si\\\/\",\"logo\":{\"@type\":\"ImageObject\",\"inLanguage\":\"hr\",\"@id\":\"https:\\\/\\\/clair.si\\\/#\\\/schema\\\/logo\\\/image\\\/\",\"url\":\"https:\\\/\\\/clair.si\\\/wp-content\\\/uploads\\\/2022\\\/11\\\/clair_logo_2022.jpg\",\"contentUrl\":\"https:\\\/\\\/clair.si\\\/wp-content\\\/uploads\\\/2022\\\/11\\\/clair_logo_2022.jpg\",\"width\":1920,\"height\":1920,\"caption\":\"Clair\"},\"image\":{\"@id\":\"https:\\\/\\\/clair.si\\\/#\\\/schema\\\/logo\\\/image\\\/\"},\"sameAs\":[\"https:\\\/\\\/www.facebook.com\\\/TrgovinaClair\\\/\"]}]}<\/script>\n<!-- \/ Yoast SEO plugin. -->","yoast_head_json":{"title":"Maska protiv muha HKM Elastic WNP - Clair","description":"Udobna maska protiv insekata sa za\u0161titom nosnica, otvorom za grivu i elasti\u010dnim u\u0161ima. S mekim patentnim zatvara\u010dem i sigurnom udaljeno\u0161\u0107u od oka.","robots":{"index":"index","follow":"follow","max-snippet":"max-snippet:-1","max-image-preview":"max-image-preview:large","max-video-preview":"max-video-preview:-1"},"canonical":"https:\/\/clair.si\/izdelek\/maska-proti-muham-hkm-elastic-wnp\/","og_locale":"hr_HR","og_type":"article","og_title":"Maska protiv muha HKM Elastic WNP - Clair","og_description":"Udobna maska protiv insekata sa za\u0161titom nosnica, otvorom za grivu i elasti\u010dnim u\u0161ima. S mekim patentnim zatvara\u010dem i sigurnom udaljeno\u0161\u0107u od oka.","og_url":"https:\/\/clair.si\/izdelek\/maska-proti-muham-hkm-elastic-wnp\/","og_site_name":"Clair","article_publisher":"https:\/\/www.facebook.com\/TrgovinaClair\/","article_modified_time":"2025-09-23T05:15:31+00:00","og_image":[{"width":700,"height":700,"url":"https:\/\/clair.si\/wp-content\/uploads\/2025\/04\/Maska-HKM-Elastic-WNP-svetlo-modra_1.webp","type":"image\/jpeg"}],"twitter_card":"summary_large_image","twitter_misc":{"Procijenjeno vrijeme \u010ditanja":"1 minuta"},"schema":{"@context":"https:\/\/schema.org","@graph":[{"@type":"WebPage","@id":"https:\/\/clair.si\/izdelek\/maska-proti-muham-hkm-elastic-wnp\/","url":"https:\/\/clair.si\/izdelek\/maska-proti-muham-hkm-elastic-wnp\/","name":"Maska protiv muha HKM Elastic WNP - Clair","isPartOf":{"@id":"https:\/\/clair.si\/#website"},"primaryImageOfPage":{"@id":"https:\/\/clair.si\/izdelek\/maska-proti-muham-hkm-elastic-wnp\/#primaryimage"},"image":{"@id":"https:\/\/clair.si\/izdelek\/maska-proti-muham-hkm-elastic-wnp\/#primaryimage"},"thumbnailUrl":"https:\/\/clair.si\/wp-content\/uploads\/2025\/04\/Maska-HKM-Elastic-WNP-svetlo-modra_1.webp","datePublished":"2025-04-10T11:01:01+00:00","dateModified":"2025-09-23T05:15:31+00:00","description":"Udobna maska protiv insekata sa za\u0161titom nosnica, otvorom za grivu i elasti\u010dnim u\u0161ima. S mekim patentnim zatvara\u010dem i sigurnom udaljeno\u0161\u0107u od oka.","breadcrumb":{"@id":"https:\/\/clair.si\/izdelek\/maska-proti-muham-hkm-elastic-wnp\/#breadcrumb"},"inLanguage":"hr","potentialAction":[{"@type":"ReadAction","target":["https:\/\/clair.si\/izdelek\/maska-proti-muham-hkm-elastic-wnp\/"]}]},{"@type":"ImageObject","inLanguage":"hr","@id":"https:\/\/clair.si\/izdelek\/maska-proti-muham-hkm-elastic-wnp\/#primaryimage","url":"https:\/\/clair.si\/wp-content\/uploads\/2025\/04\/Maska-HKM-Elastic-WNP-svetlo-modra_1.webp","contentUrl":"https:\/\/clair.si\/wp-content\/uploads\/2025\/04\/Maska-HKM-Elastic-WNP-svetlo-modra_1.webp","width":700,"height":700},{"@type":"BreadcrumbList","@id":"https:\/\/clair.si\/izdelek\/maska-proti-muham-hkm-elastic-wnp\/#breadcrumb","itemListElement":[{"@type":"ListItem","position":1,"name":"Home","item":"https:\/\/clair.si\/hr\/"},{"@type":"ListItem","position":2,"name":"Trgovina","item":"https:\/\/clair.si\/trgovina\/"},{"@type":"ListItem","position":3,"name":"Maska protiv muha HKM Elastic WNP"}]},{"@type":"WebSite","@id":"https:\/\/clair.si\/#website","url":"https:\/\/clair.si\/","name":"Clair","description":"Trgovina s konjeni\u0161ko opremo","publisher":{"@id":"https:\/\/clair.si\/#organization"},"potentialAction":[{"@type":"SearchAction","target":{"@type":"EntryPoint","urlTemplate":"https:\/\/clair.si\/?s={search_term_string}"},"query-input":{"@type":"PropertyValueSpecification","valueRequired":true,"valueName":"search_term_string"}}],"inLanguage":"hr"},{"@type":"Organization","@id":"https:\/\/clair.si\/#organization","name":"Clair","url":"https:\/\/clair.si\/","logo":{"@type":"ImageObject","inLanguage":"hr","@id":"https:\/\/clair.si\/#\/schema\/logo\/image\/","url":"https:\/\/clair.si\/wp-content\/uploads\/2022\/11\/clair_logo_2022.jpg","contentUrl":"https:\/\/clair.si\/wp-content\/uploads\/2022\/11\/clair_logo_2022.jpg","width":1920,"height":1920,"caption":"Clair"},"image":{"@id":"https:\/\/clair.si\/#\/schema\/logo\/image\/"},"sameAs":["https:\/\/www.facebook.com\/TrgovinaClair\/"]}]}},"_links":{"self":[{"href":"https:\/\/clair.si\/hr\/wp-json\/wp\/v2\/product\/92766","targetHints":{"allow":["GET"]}}],"collection":[{"href":"https:\/\/clair.si\/hr\/wp-json\/wp\/v2\/product"}],"about":[{"href":"https:\/\/clair.si\/hr\/wp-json\/wp\/v2\/types\/product"}],"version-history":[{"count":1,"href":"https:\/\/clair.si\/hr\/wp-json\/wp\/v2\/product\/92766\/revisions"}],"predecessor-version":[{"id":113708,"href":"https:\/\/clair.si\/hr\/wp-json\/wp\/v2\/product\/92766\/revisions\/113708"}],"wp:featuredmedia":[{"embeddable":true,"href":"https:\/\/clair.si\/hr\/wp-json\/wp\/v2\/media\/92771"}],"wp:attachment":[{"href":"https:\/\/clair.si\/hr\/wp-json\/wp\/v2\/media?parent=92766"}],"wp:term":[{"taxonomy":"product_brand","embeddable":true,"href":"https:\/\/clair.si\/hr\/wp-json\/wp\/v2\/product_brand?post=92766"},{"taxonomy":"product_cat","embeddable":true,"href":"https:\/\/clair.si\/hr\/wp-json\/wp\/v2\/product_cat?post=92766"},{"taxonomy":"product_tag","embeddable":true,"href":"https:\/\/clair.si\/hr\/wp-json\/wp\/v2\/product_tag?post=92766"}],"curies":[{"name":"wp","href":"https:\/\/api.w.org\/{rel}","templated":true}]}}