{"id":92785,"date":"2025-04-08T09:24:51","date_gmt":"2025-04-08T07:24:51","guid":{"rendered":"https:\/\/clair.si\/izdelek\/sprej-protiv-komaraca-bubble-bite-100-ml\/"},"modified":"2025-09-05T13:20:39","modified_gmt":"2025-09-05T11:20:39","slug":"sprej-protiv-komaraca-bubble-bite-100-ml","status":"publish","type":"product","link":"https:\/\/clair.si\/hr\/izdelek\/sprej-protiv-komaraca-bubble-bite-100-ml\/","title":{"rendered":"Sprej protiv komaraca Bubble Bite 100 ml"},"content":{"rendered":"<p>U\u010dinkovita za\u0161tita od komaraca i krpelja s pa\u017eljivo odabranim sastojcima. Anti Mosquito Spray va\u0161oj ko\u017ei pru\u017ea nje\u017enost i ugodan miris koji u\u010dinkovito odbija dosadne insekte. <\/p>\n<p>Osigurajte si potpunu za\u0161titu do 6 sati.<\/p>\n<p>\u2705 2u1 za\u0161tita (protiv uboda komaraca i krpelja)<br \/>\n\u2705 Ugodan miris citronele<br \/>\n\u2705 Brzo se upija i ne ostavlja mrlje<br \/>\n\u2705 Dermatolo\u0161ki testirano (prikladno za djecu)<\/p>\n<p><u> <\/u><\/p>\n<p><strong><u>INFORMACIJE O PROIZVODU: <\/u><\/strong><\/p>\n<ul>\n<li> <strong> optimalna za\u0161tita za cijelu obitelj (prikladno za djecu od 6 mjeseci nadalje)<\/strong><strong><br \/>\n\u2022 do 6 sati za\u0161tite od komaraca i krpelja<br \/>\n\u2022 dermatolo\u0161ki testirano<br \/>\n\u2022 svje\u017ea aroma<br \/>\n\u2022 ostavlja ugodan, mekan osje\u0107aj na ko\u017ei<br \/>\n<\/strong><br \/>\nPr\u0161ilo za za\u0161titu cijele obitelji od komaraca i krpelja do 6 sati. Za\u0161tita je prikladna za djecu stariju od 6 mjeseci. Proizvod je napravljen od u\u010dinkovitih sastojaka koji ostavljaju ugodan, mekan osje\u0107aj na ko\u017ei i<br \/>\npri\u010darat \u0107e svje\u017eu aromu citronele. Proizvod je dermatolo\u0161ki testiran. Bez parabena i sulfata.   <\/li>\n<\/ul>\n<p><strong><u>\u0160TO SADR\u017dI:<\/u><\/strong><\/p>\n<p>Anti Mosquito Spray je napravljen od pa\u017eljivo odabranih sastojaka.<\/p>\n<p>Aktivni sastojak:<br \/>\n<em>200 g\/l Eucalyptus citriodora Ulje hidrirano, ciklizirano (EC Oil (H\/C))<\/em><em><br \/>\n<\/em>Sadr\u017ei Citronelol, Cineol, Pin-2(10)-en, Pin-2 (3) -ene. Mo\u017ee izazvati alergijsku reakciju. <\/p>\n<p>&nbsp;<\/p>\n<p><strong><u>UPUTE ZA UPORABU: <\/u><\/strong><\/p>\n<p>Prije uporabe protresti i ravnomjerno rasporedite po ko\u017ei. Za optimalnu za\u0161titu nanesite pr\u0161ilo i pustite da se osu\u0161i. Obradite i predjele koji su pokriveni samo laganom odje\u0107om. Za nano\u0161enje na lice najprije poprskajte povr\u0161ine ruku i zatim pa\u017eljivo nanesite na lice (ne prskajte izravno u lice).<br \/>\nKad u\u010dinak izblijedi ili kod ekstremnog fizi\u010dkog napora i razvoja znojenja preporu\u010dljivo je nano\u0161enje ponoviti.<br \/>\nU kombinaciji s losionom za sun\u010danje uvijek nanesite sprej protiv komaraca u drugom koraku.   <\/p>\n<p>Prikladno za dojen\u010dad stariju od 6 mjeseci, ali upotrebljavajte umjereno i ne na cijelom tijelu. Nakon uporabe preporu\u010dljivo je oprati ruke. Odstranite sadr\u017eaj\/ambala\u017eu u skladu s lokalnim i dr\u017eavnim<br \/>\npropisima. Ne nanosite na sluznice i o\u010di. Ako proizvod do\u0111e u o\u010di, temeljito isperite vodom. \u010cuvati izvan dohvata djece, odvojeno od smrzavanja, vru\u0107ine i izravnih sun\u010devih zraka.     <\/p>\n<p>Broj serije i rok uporabljivosti vidi odvojeni otisak na ambala\u017ei.<\/p>\n<p>Biocide upotrebljavajte sigurno. Prije uporabe uvijek pro\u010ditajte oznaku i informacije o proizvodu. <\/p>\n<p>&nbsp;<\/p>\n<p>&nbsp;<\/p>\n","protected":false},"excerpt":{"rendered":"<p><strong>Za\u0161tita protiv komaraca i krpelja.<\/strong><\/p>\n","protected":false},"featured_media":99983,"template":"","meta":{"footnotes":""},"product_brand":[],"product_cat":[5624,5677,5676,5627,5679,5674],"product_tag":[],"class_list":{"0":"post-92785","1":"product","2":"type-product","3":"status-publish","4":"has-post-thumbnail","6":"product_cat-konj-hr","7":"product_cat-kozmetika-za-konje-hr-2","8":"product_cat-sprejevi-i-kreme","9":"product_cat-stala-i-pasnjak","10":"product_cat-zastita-od-insekata-hr","11":"product_cat-zastita-od-insekata","13":"first","14":"instock","15":"shipping-taxable","16":"purchasable","17":"product-type-simple"},"yoast_head":"<!-- This site is optimized with the Yoast SEO plugin v27.4 - https:\/\/yoast.com\/product\/yoast-seo-wordpress\/ -->\n<title>Sprej protiv komaraca Bubble Bite 100 ml - Clair<\/title>\n<meta name=\"description\" content=\"Anti Mosquito Spray va\u0161oj ko\u017ei pru\u017ea nje\u017enost i ugodan miris koji u\u010dinkovito odbija dosadne insekte. Provjerite na\u0161u ponudu.\" \/>\n<meta name=\"robots\" content=\"index, follow, max-snippet:-1, max-image-preview:large, max-video-preview:-1\" \/>\n<link rel=\"canonical\" href=\"https:\/\/clair.si\/hr\/izdelek\/sprej-protiv-komaraca-bubble-bite-100-ml\/\" \/>\n<meta property=\"og:locale\" content=\"hr_HR\" \/>\n<meta property=\"og:type\" content=\"article\" \/>\n<meta property=\"og:title\" content=\"Sprej protiv komaraca Bubble Bite 100 ml - Clair\" \/>\n<meta property=\"og:description\" content=\"Anti Mosquito Spray va\u0161oj ko\u017ei pru\u017ea nje\u017enost i ugodan miris koji u\u010dinkovito odbija dosadne insekte. Provjerite na\u0161u ponudu.\" \/>\n<meta property=\"og:url\" content=\"https:\/\/clair.si\/hr\/izdelek\/sprej-protiv-komaraca-bubble-bite-100-ml\/\" \/>\n<meta property=\"og:site_name\" content=\"Clair\" \/>\n<meta property=\"article:publisher\" content=\"https:\/\/www.facebook.com\/TrgovinaClair\/\" \/>\n<meta property=\"article:modified_time\" content=\"2025-09-05T11:20:39+00:00\" \/>\n<meta property=\"og:image\" content=\"https:\/\/clair.si\/wp-content\/uploads\/2025\/04\/Anti_Mosquito_Spray_100ml.webp\" \/>\n\t<meta property=\"og:image:width\" content=\"647\" \/>\n\t<meta property=\"og:image:height\" content=\"647\" \/>\n\t<meta property=\"og:image:type\" content=\"image\/jpeg\" \/>\n<meta name=\"twitter:card\" content=\"summary_large_image\" \/>\n<meta name=\"twitter:label1\" content=\"Procijenjeno vrijeme \u010ditanja\" \/>\n\t<meta name=\"twitter:data1\" content=\"3 minute\" \/>\n<script type=\"application\/ld+json\" class=\"yoast-schema-graph\">{\"@context\":\"https:\\\/\\\/schema.org\",\"@graph\":[{\"@type\":\"WebPage\",\"@id\":\"https:\\\/\\\/clair.si\\\/hr\\\/izdelek\\\/sprej-protiv-komaraca-bubble-bite-100-ml\\\/\",\"url\":\"https:\\\/\\\/clair.si\\\/hr\\\/izdelek\\\/sprej-protiv-komaraca-bubble-bite-100-ml\\\/\",\"name\":\"Sprej protiv komaraca Bubble Bite 100 ml - Clair\",\"isPartOf\":{\"@id\":\"https:\\\/\\\/clair.si\\\/#website\"},\"primaryImageOfPage\":{\"@id\":\"https:\\\/\\\/clair.si\\\/hr\\\/izdelek\\\/sprej-protiv-komaraca-bubble-bite-100-ml\\\/#primaryimage\"},\"image\":{\"@id\":\"https:\\\/\\\/clair.si\\\/hr\\\/izdelek\\\/sprej-protiv-komaraca-bubble-bite-100-ml\\\/#primaryimage\"},\"thumbnailUrl\":\"https:\\\/\\\/clair.si\\\/wp-content\\\/uploads\\\/2025\\\/04\\\/Anti_Mosquito_Spray_100ml.webp\",\"datePublished\":\"2025-04-08T07:24:51+00:00\",\"dateModified\":\"2025-09-05T11:20:39+00:00\",\"description\":\"Anti Mosquito Spray va\u0161oj ko\u017ei pru\u017ea nje\u017enost i ugodan miris koji u\u010dinkovito odbija dosadne insekte. Provjerite na\u0161u ponudu.\",\"breadcrumb\":{\"@id\":\"https:\\\/\\\/clair.si\\\/hr\\\/izdelek\\\/sprej-protiv-komaraca-bubble-bite-100-ml\\\/#breadcrumb\"},\"inLanguage\":\"hr\",\"potentialAction\":[{\"@type\":\"ReadAction\",\"target\":[\"https:\\\/\\\/clair.si\\\/hr\\\/izdelek\\\/sprej-protiv-komaraca-bubble-bite-100-ml\\\/\"]}]},{\"@type\":\"ImageObject\",\"inLanguage\":\"hr\",\"@id\":\"https:\\\/\\\/clair.si\\\/hr\\\/izdelek\\\/sprej-protiv-komaraca-bubble-bite-100-ml\\\/#primaryimage\",\"url\":\"https:\\\/\\\/clair.si\\\/wp-content\\\/uploads\\\/2025\\\/04\\\/Anti_Mosquito_Spray_100ml.webp\",\"contentUrl\":\"https:\\\/\\\/clair.si\\\/wp-content\\\/uploads\\\/2025\\\/04\\\/Anti_Mosquito_Spray_100ml.webp\",\"width\":647,\"height\":647},{\"@type\":\"BreadcrumbList\",\"@id\":\"https:\\\/\\\/clair.si\\\/hr\\\/izdelek\\\/sprej-protiv-komaraca-bubble-bite-100-ml\\\/#breadcrumb\",\"itemListElement\":[{\"@type\":\"ListItem\",\"position\":1,\"name\":\"Home\",\"item\":\"https:\\\/\\\/clair.si\\\/hr\\\/\"},{\"@type\":\"ListItem\",\"position\":2,\"name\":\"Trgovina\",\"item\":\"https:\\\/\\\/clair.si\\\/trgovina\\\/\"},{\"@type\":\"ListItem\",\"position\":3,\"name\":\"Sprej protiv komaraca Bubble Bite 100 ml\"}]},{\"@type\":\"WebSite\",\"@id\":\"https:\\\/\\\/clair.si\\\/#website\",\"url\":\"https:\\\/\\\/clair.si\\\/\",\"name\":\"Clair\",\"description\":\"Trgovina s konjeni\u0161ko opremo\",\"publisher\":{\"@id\":\"https:\\\/\\\/clair.si\\\/#organization\"},\"potentialAction\":[{\"@type\":\"SearchAction\",\"target\":{\"@type\":\"EntryPoint\",\"urlTemplate\":\"https:\\\/\\\/clair.si\\\/?s={search_term_string}\"},\"query-input\":{\"@type\":\"PropertyValueSpecification\",\"valueRequired\":true,\"valueName\":\"search_term_string\"}}],\"inLanguage\":\"hr\"},{\"@type\":\"Organization\",\"@id\":\"https:\\\/\\\/clair.si\\\/#organization\",\"name\":\"Clair\",\"url\":\"https:\\\/\\\/clair.si\\\/\",\"logo\":{\"@type\":\"ImageObject\",\"inLanguage\":\"hr\",\"@id\":\"https:\\\/\\\/clair.si\\\/#\\\/schema\\\/logo\\\/image\\\/\",\"url\":\"https:\\\/\\\/clair.si\\\/wp-content\\\/uploads\\\/2022\\\/11\\\/clair_logo_2022.jpg\",\"contentUrl\":\"https:\\\/\\\/clair.si\\\/wp-content\\\/uploads\\\/2022\\\/11\\\/clair_logo_2022.jpg\",\"width\":1920,\"height\":1920,\"caption\":\"Clair\"},\"image\":{\"@id\":\"https:\\\/\\\/clair.si\\\/#\\\/schema\\\/logo\\\/image\\\/\"},\"sameAs\":[\"https:\\\/\\\/www.facebook.com\\\/TrgovinaClair\\\/\"]}]}<\/script>\n<!-- \/ Yoast SEO plugin. -->","yoast_head_json":{"title":"Sprej protiv komaraca Bubble Bite 100 ml - Clair","description":"Anti Mosquito Spray va\u0161oj ko\u017ei pru\u017ea nje\u017enost i ugodan miris koji u\u010dinkovito odbija dosadne insekte. Provjerite na\u0161u ponudu.","robots":{"index":"index","follow":"follow","max-snippet":"max-snippet:-1","max-image-preview":"max-image-preview:large","max-video-preview":"max-video-preview:-1"},"canonical":"https:\/\/clair.si\/hr\/izdelek\/sprej-protiv-komaraca-bubble-bite-100-ml\/","og_locale":"hr_HR","og_type":"article","og_title":"Sprej protiv komaraca Bubble Bite 100 ml - Clair","og_description":"Anti Mosquito Spray va\u0161oj ko\u017ei pru\u017ea nje\u017enost i ugodan miris koji u\u010dinkovito odbija dosadne insekte. Provjerite na\u0161u ponudu.","og_url":"https:\/\/clair.si\/hr\/izdelek\/sprej-protiv-komaraca-bubble-bite-100-ml\/","og_site_name":"Clair","article_publisher":"https:\/\/www.facebook.com\/TrgovinaClair\/","article_modified_time":"2025-09-05T11:20:39+00:00","og_image":[{"width":647,"height":647,"url":"https:\/\/clair.si\/wp-content\/uploads\/2025\/04\/Anti_Mosquito_Spray_100ml.webp","type":"image\/jpeg"}],"twitter_card":"summary_large_image","twitter_misc":{"Procijenjeno vrijeme \u010ditanja":"3 minute"},"schema":{"@context":"https:\/\/schema.org","@graph":[{"@type":"WebPage","@id":"https:\/\/clair.si\/hr\/izdelek\/sprej-protiv-komaraca-bubble-bite-100-ml\/","url":"https:\/\/clair.si\/hr\/izdelek\/sprej-protiv-komaraca-bubble-bite-100-ml\/","name":"Sprej protiv komaraca Bubble Bite 100 ml - Clair","isPartOf":{"@id":"https:\/\/clair.si\/#website"},"primaryImageOfPage":{"@id":"https:\/\/clair.si\/hr\/izdelek\/sprej-protiv-komaraca-bubble-bite-100-ml\/#primaryimage"},"image":{"@id":"https:\/\/clair.si\/hr\/izdelek\/sprej-protiv-komaraca-bubble-bite-100-ml\/#primaryimage"},"thumbnailUrl":"https:\/\/clair.si\/wp-content\/uploads\/2025\/04\/Anti_Mosquito_Spray_100ml.webp","datePublished":"2025-04-08T07:24:51+00:00","dateModified":"2025-09-05T11:20:39+00:00","description":"Anti Mosquito Spray va\u0161oj ko\u017ei pru\u017ea nje\u017enost i ugodan miris koji u\u010dinkovito odbija dosadne insekte. Provjerite na\u0161u ponudu.","breadcrumb":{"@id":"https:\/\/clair.si\/hr\/izdelek\/sprej-protiv-komaraca-bubble-bite-100-ml\/#breadcrumb"},"inLanguage":"hr","potentialAction":[{"@type":"ReadAction","target":["https:\/\/clair.si\/hr\/izdelek\/sprej-protiv-komaraca-bubble-bite-100-ml\/"]}]},{"@type":"ImageObject","inLanguage":"hr","@id":"https:\/\/clair.si\/hr\/izdelek\/sprej-protiv-komaraca-bubble-bite-100-ml\/#primaryimage","url":"https:\/\/clair.si\/wp-content\/uploads\/2025\/04\/Anti_Mosquito_Spray_100ml.webp","contentUrl":"https:\/\/clair.si\/wp-content\/uploads\/2025\/04\/Anti_Mosquito_Spray_100ml.webp","width":647,"height":647},{"@type":"BreadcrumbList","@id":"https:\/\/clair.si\/hr\/izdelek\/sprej-protiv-komaraca-bubble-bite-100-ml\/#breadcrumb","itemListElement":[{"@type":"ListItem","position":1,"name":"Home","item":"https:\/\/clair.si\/hr\/"},{"@type":"ListItem","position":2,"name":"Trgovina","item":"https:\/\/clair.si\/trgovina\/"},{"@type":"ListItem","position":3,"name":"Sprej protiv komaraca Bubble Bite 100 ml"}]},{"@type":"WebSite","@id":"https:\/\/clair.si\/#website","url":"https:\/\/clair.si\/","name":"Clair","description":"Trgovina s konjeni\u0161ko opremo","publisher":{"@id":"https:\/\/clair.si\/#organization"},"potentialAction":[{"@type":"SearchAction","target":{"@type":"EntryPoint","urlTemplate":"https:\/\/clair.si\/?s={search_term_string}"},"query-input":{"@type":"PropertyValueSpecification","valueRequired":true,"valueName":"search_term_string"}}],"inLanguage":"hr"},{"@type":"Organization","@id":"https:\/\/clair.si\/#organization","name":"Clair","url":"https:\/\/clair.si\/","logo":{"@type":"ImageObject","inLanguage":"hr","@id":"https:\/\/clair.si\/#\/schema\/logo\/image\/","url":"https:\/\/clair.si\/wp-content\/uploads\/2022\/11\/clair_logo_2022.jpg","contentUrl":"https:\/\/clair.si\/wp-content\/uploads\/2022\/11\/clair_logo_2022.jpg","width":1920,"height":1920,"caption":"Clair"},"image":{"@id":"https:\/\/clair.si\/#\/schema\/logo\/image\/"},"sameAs":["https:\/\/www.facebook.com\/TrgovinaClair\/"]}]}},"_links":{"self":[{"href":"https:\/\/clair.si\/hr\/wp-json\/wp\/v2\/product\/92785","targetHints":{"allow":["GET"]}}],"collection":[{"href":"https:\/\/clair.si\/hr\/wp-json\/wp\/v2\/product"}],"about":[{"href":"https:\/\/clair.si\/hr\/wp-json\/wp\/v2\/types\/product"}],"version-history":[{"count":0,"href":"https:\/\/clair.si\/hr\/wp-json\/wp\/v2\/product\/92785\/revisions"}],"wp:featuredmedia":[{"embeddable":true,"href":"https:\/\/clair.si\/hr\/wp-json\/wp\/v2\/media\/99983"}],"wp:attachment":[{"href":"https:\/\/clair.si\/hr\/wp-json\/wp\/v2\/media?parent=92785"}],"wp:term":[{"taxonomy":"product_brand","embeddable":true,"href":"https:\/\/clair.si\/hr\/wp-json\/wp\/v2\/product_brand?post=92785"},{"taxonomy":"product_cat","embeddable":true,"href":"https:\/\/clair.si\/hr\/wp-json\/wp\/v2\/product_cat?post=92785"},{"taxonomy":"product_tag","embeddable":true,"href":"https:\/\/clair.si\/hr\/wp-json\/wp\/v2\/product_tag?post=92785"}],"curies":[{"name":"wp","href":"https:\/\/api.w.org\/{rel}","templated":true}]}}