{"id":92820,"date":"2025-04-10T10:42:17","date_gmt":"2025-04-10T08:42:17","guid":{"rendered":"https:\/\/clair.si\/izdelek\/uzd-hkm-ira\/"},"modified":"2025-08-28T07:58:31","modified_gmt":"2025-08-28T05:58:31","slug":"uzd-hkm-ira","status":"publish","type":"product","link":"https:\/\/clair.si\/hr\/izdelek\/uzd-hkm-ira\/","title":{"rendered":"Uzd\u0430 HKM Ira"},"content":{"rendered":"<p class=\"\" data-start=\"87\" data-end=\"584\">Mekana i udobna uzda s bogatom opremom za ugodno no\u0161enje i funkcionalnost. Izra\u0111ena je od iznimno mekane prirodne tele\u0107e ko\u017ee, s podstavljenim nosnim remenom i \u0161irokim, ergonomski oblikovanim potiljnim dijelom s izrezima za u\u0161i, koji osiguravaju optimalnu udobnost. \u010ceoni remen je ukra\u0161en \u0161ljokicama i mo\u017ee se jednostavno ukloniti pritiskom. Uzda ima uklonjiv kombinirani jermi\u010dek te povodce od tkanog traka s ko\u017enim grani\u010dnicima i karabinerima za jednostavno pri\u010dvr\u0161\u0107ivanje. \u017dvala nije prilo\u017eena.    <\/p>\n<p class=\"\" data-start=\"591\" data-end=\"605\"><strong data-start=\"591\" data-end=\"605\">Zna\u010dajke:<\/strong><\/p>\n<ul data-start=\"606\" data-end=\"1012\">\n<li class=\"\" data-start=\"606\" data-end=\"625\">\n<p class=\"\" data-start=\"608\" data-end=\"625\">mekana i udobna<\/p>\n<\/li>\n<li class=\"\" data-start=\"626\" data-end=\"650\">\n<p class=\"\" data-start=\"628\" data-end=\"650\">povodci s karabinerima<\/p>\n<\/li>\n<li class=\"\" data-start=\"674\" data-end=\"691\">\n<p class=\"\" data-start=\"676\" data-end=\"691\">tele\u0107a ko\u017ea<\/p>\n<\/li>\n<li class=\"\" data-start=\"692\" data-end=\"723\">\n<p class=\"\" data-start=\"694\" data-end=\"723\">iznimno mekana prirodna ko\u017ea<\/p>\n<\/li>\n<li class=\"\" data-start=\"724\" data-end=\"748\">\n<p class=\"\" data-start=\"726\" data-end=\"748\">preklopno zatvaranje<\/p>\n<\/li>\n<li class=\"\" data-start=\"749\" data-end=\"773\">\n<p class=\"\" data-start=\"751\" data-end=\"773\">podstavljen nosni remen<\/p>\n<\/li>\n<li class=\"\" data-start=\"774\" data-end=\"820\">\n<p class=\"\" data-start=\"776\" data-end=\"820\">podstavljen, \u0161irok potiljni dio s izrezima za u\u0161i<\/p>\n<\/li>\n<li class=\"\" data-start=\"821\" data-end=\"869\">\n<p class=\"\" data-start=\"823\" data-end=\"869\">podbradni remen, podesiv s obje strane<\/p>\n<\/li>\n<li class=\"\" data-start=\"870\" data-end=\"920\">\n<p class=\"\" data-start=\"872\" data-end=\"920\">\u010deoni remen sa \u0161ljokicama, uklonjiv pritiskom<\/p>\n<\/li>\n<li class=\"\" data-start=\"921\" data-end=\"958\">\n<p class=\"\" data-start=\"923\" data-end=\"958\">uklonjiv pomo\u0107ni jermi\u010dek (flash)<\/p>\n<\/li>\n<li class=\"\" data-start=\"959\" data-end=\"1012\">\n<p class=\"\" data-start=\"961\" data-end=\"1012\">povodci od tkanog traka s ko\u017enim grani\u010dnicima<\/p>\n<\/li>\n<\/ul>\n","protected":false},"excerpt":{"rendered":"<p>Mekana i udobna uzda s bogatom opremom za ugodno no\u0161enje i funkcionalnost. Izra\u0111ena je od iznimno mekane prirodne tele\u0107e ko\u017ee,<\/p>\n","protected":false},"featured_media":92821,"template":"","meta":{"footnotes":""},"product_brand":[],"product_cat":[5624,5843,5697],"product_tag":[],"class_list":{"0":"post-92820","1":"product","2":"type-product","3":"status-publish","4":"has-post-thumbnail","6":"product_cat-konj-hr","7":"product_cat-uzde","8":"product_cat-uzde-i-dizgini","10":"first","11":"instock","12":"shipping-taxable","13":"purchasable","14":"product-type-variable"},"yoast_head":"<!-- This site is optimized with the Yoast SEO plugin v27.4 - https:\/\/yoast.com\/product\/yoast-seo-wordpress\/ -->\n<title>Uzd\u0430 HKM Ira - Clair<\/title>\n<meta name=\"description\" content=\"Udobna uzda od mekane tele\u0107e ko\u017ee s uklonjivim \u010deonim remenom sa \u0161ljokicama, podstavljenim potiljnim dijelom i povodcima s karabinerima. \u017dvala nije uklju\u010dena.\" \/>\n<meta name=\"robots\" content=\"index, follow, max-snippet:-1, max-image-preview:large, max-video-preview:-1\" \/>\n<link rel=\"canonical\" href=\"https:\/\/clair.si\/hr\/izdelek\/uzd-hkm-ira\/\" \/>\n<meta property=\"og:locale\" content=\"hr_HR\" \/>\n<meta property=\"og:type\" content=\"article\" \/>\n<meta property=\"og:title\" content=\"Uzd\u0430 HKM Ira - Clair\" \/>\n<meta property=\"og:description\" content=\"Udobna uzda od mekane tele\u0107e ko\u017ee s uklonjivim \u010deonim remenom sa \u0161ljokicama, podstavljenim potiljnim dijelom i povodcima s karabinerima. \u017dvala nije uklju\u010dena.\" \/>\n<meta property=\"og:url\" content=\"https:\/\/clair.si\/hr\/izdelek\/uzd-hkm-ira\/\" \/>\n<meta property=\"og:site_name\" content=\"Clair\" \/>\n<meta property=\"article:publisher\" content=\"https:\/\/www.facebook.com\/TrgovinaClair\/\" \/>\n<meta property=\"article:modified_time\" content=\"2025-08-28T05:58:31+00:00\" \/>\n<meta property=\"og:image\" content=\"https:\/\/clair.si\/wp-content\/uploads\/2025\/04\/Uzda-Ira_1.webp\" \/>\n\t<meta property=\"og:image:width\" content=\"700\" \/>\n\t<meta property=\"og:image:height\" content=\"700\" \/>\n\t<meta property=\"og:image:type\" content=\"image\/jpeg\" \/>\n<meta name=\"twitter:card\" content=\"summary_large_image\" \/>\n<meta name=\"twitter:label1\" content=\"Procijenjeno vrijeme \u010ditanja\" \/>\n\t<meta name=\"twitter:data1\" content=\"1 minuta\" \/>\n<script type=\"application\/ld+json\" class=\"yoast-schema-graph\">{\"@context\":\"https:\\\/\\\/schema.org\",\"@graph\":[{\"@type\":\"WebPage\",\"@id\":\"https:\\\/\\\/clair.si\\\/hr\\\/izdelek\\\/uzd-hkm-ira\\\/\",\"url\":\"https:\\\/\\\/clair.si\\\/hr\\\/izdelek\\\/uzd-hkm-ira\\\/\",\"name\":\"Uzd\u0430 HKM Ira - Clair\",\"isPartOf\":{\"@id\":\"https:\\\/\\\/clair.si\\\/#website\"},\"primaryImageOfPage\":{\"@id\":\"https:\\\/\\\/clair.si\\\/hr\\\/izdelek\\\/uzd-hkm-ira\\\/#primaryimage\"},\"image\":{\"@id\":\"https:\\\/\\\/clair.si\\\/hr\\\/izdelek\\\/uzd-hkm-ira\\\/#primaryimage\"},\"thumbnailUrl\":\"https:\\\/\\\/clair.si\\\/wp-content\\\/uploads\\\/2025\\\/04\\\/Uzda-Ira_1.webp\",\"datePublished\":\"2025-04-10T08:42:17+00:00\",\"dateModified\":\"2025-08-28T05:58:31+00:00\",\"description\":\"Udobna uzda od mekane tele\u0107e ko\u017ee s uklonjivim \u010deonim remenom sa \u0161ljokicama, podstavljenim potiljnim dijelom i povodcima s karabinerima. \u017dvala nije uklju\u010dena.\",\"breadcrumb\":{\"@id\":\"https:\\\/\\\/clair.si\\\/hr\\\/izdelek\\\/uzd-hkm-ira\\\/#breadcrumb\"},\"inLanguage\":\"hr\",\"potentialAction\":[{\"@type\":\"ReadAction\",\"target\":[\"https:\\\/\\\/clair.si\\\/hr\\\/izdelek\\\/uzd-hkm-ira\\\/\"]}]},{\"@type\":\"ImageObject\",\"inLanguage\":\"hr\",\"@id\":\"https:\\\/\\\/clair.si\\\/hr\\\/izdelek\\\/uzd-hkm-ira\\\/#primaryimage\",\"url\":\"https:\\\/\\\/clair.si\\\/wp-content\\\/uploads\\\/2025\\\/04\\\/Uzda-Ira_1.webp\",\"contentUrl\":\"https:\\\/\\\/clair.si\\\/wp-content\\\/uploads\\\/2025\\\/04\\\/Uzda-Ira_1.webp\",\"width\":700,\"height\":700},{\"@type\":\"BreadcrumbList\",\"@id\":\"https:\\\/\\\/clair.si\\\/hr\\\/izdelek\\\/uzd-hkm-ira\\\/#breadcrumb\",\"itemListElement\":[{\"@type\":\"ListItem\",\"position\":1,\"name\":\"Home\",\"item\":\"https:\\\/\\\/clair.si\\\/hr\\\/\"},{\"@type\":\"ListItem\",\"position\":2,\"name\":\"Trgovina\",\"item\":\"https:\\\/\\\/clair.si\\\/trgovina\\\/\"},{\"@type\":\"ListItem\",\"position\":3,\"name\":\"Uzd\u0430 HKM Ira\"}]},{\"@type\":\"WebSite\",\"@id\":\"https:\\\/\\\/clair.si\\\/#website\",\"url\":\"https:\\\/\\\/clair.si\\\/\",\"name\":\"Clair\",\"description\":\"Trgovina s konjeni\u0161ko opremo\",\"publisher\":{\"@id\":\"https:\\\/\\\/clair.si\\\/#organization\"},\"potentialAction\":[{\"@type\":\"SearchAction\",\"target\":{\"@type\":\"EntryPoint\",\"urlTemplate\":\"https:\\\/\\\/clair.si\\\/?s={search_term_string}\"},\"query-input\":{\"@type\":\"PropertyValueSpecification\",\"valueRequired\":true,\"valueName\":\"search_term_string\"}}],\"inLanguage\":\"hr\"},{\"@type\":\"Organization\",\"@id\":\"https:\\\/\\\/clair.si\\\/#organization\",\"name\":\"Clair\",\"url\":\"https:\\\/\\\/clair.si\\\/\",\"logo\":{\"@type\":\"ImageObject\",\"inLanguage\":\"hr\",\"@id\":\"https:\\\/\\\/clair.si\\\/#\\\/schema\\\/logo\\\/image\\\/\",\"url\":\"https:\\\/\\\/clair.si\\\/wp-content\\\/uploads\\\/2022\\\/11\\\/clair_logo_2022.jpg\",\"contentUrl\":\"https:\\\/\\\/clair.si\\\/wp-content\\\/uploads\\\/2022\\\/11\\\/clair_logo_2022.jpg\",\"width\":1920,\"height\":1920,\"caption\":\"Clair\"},\"image\":{\"@id\":\"https:\\\/\\\/clair.si\\\/#\\\/schema\\\/logo\\\/image\\\/\"},\"sameAs\":[\"https:\\\/\\\/www.facebook.com\\\/TrgovinaClair\\\/\"]}]}<\/script>\n<!-- \/ Yoast SEO plugin. -->","yoast_head_json":{"title":"Uzd\u0430 HKM Ira - Clair","description":"Udobna uzda od mekane tele\u0107e ko\u017ee s uklonjivim \u010deonim remenom sa \u0161ljokicama, podstavljenim potiljnim dijelom i povodcima s karabinerima. \u017dvala nije uklju\u010dena.","robots":{"index":"index","follow":"follow","max-snippet":"max-snippet:-1","max-image-preview":"max-image-preview:large","max-video-preview":"max-video-preview:-1"},"canonical":"https:\/\/clair.si\/hr\/izdelek\/uzd-hkm-ira\/","og_locale":"hr_HR","og_type":"article","og_title":"Uzd\u0430 HKM Ira - Clair","og_description":"Udobna uzda od mekane tele\u0107e ko\u017ee s uklonjivim \u010deonim remenom sa \u0161ljokicama, podstavljenim potiljnim dijelom i povodcima s karabinerima. \u017dvala nije uklju\u010dena.","og_url":"https:\/\/clair.si\/hr\/izdelek\/uzd-hkm-ira\/","og_site_name":"Clair","article_publisher":"https:\/\/www.facebook.com\/TrgovinaClair\/","article_modified_time":"2025-08-28T05:58:31+00:00","og_image":[{"width":700,"height":700,"url":"https:\/\/clair.si\/wp-content\/uploads\/2025\/04\/Uzda-Ira_1.webp","type":"image\/jpeg"}],"twitter_card":"summary_large_image","twitter_misc":{"Procijenjeno vrijeme \u010ditanja":"1 minuta"},"schema":{"@context":"https:\/\/schema.org","@graph":[{"@type":"WebPage","@id":"https:\/\/clair.si\/hr\/izdelek\/uzd-hkm-ira\/","url":"https:\/\/clair.si\/hr\/izdelek\/uzd-hkm-ira\/","name":"Uzd\u0430 HKM Ira - Clair","isPartOf":{"@id":"https:\/\/clair.si\/#website"},"primaryImageOfPage":{"@id":"https:\/\/clair.si\/hr\/izdelek\/uzd-hkm-ira\/#primaryimage"},"image":{"@id":"https:\/\/clair.si\/hr\/izdelek\/uzd-hkm-ira\/#primaryimage"},"thumbnailUrl":"https:\/\/clair.si\/wp-content\/uploads\/2025\/04\/Uzda-Ira_1.webp","datePublished":"2025-04-10T08:42:17+00:00","dateModified":"2025-08-28T05:58:31+00:00","description":"Udobna uzda od mekane tele\u0107e ko\u017ee s uklonjivim \u010deonim remenom sa \u0161ljokicama, podstavljenim potiljnim dijelom i povodcima s karabinerima. \u017dvala nije uklju\u010dena.","breadcrumb":{"@id":"https:\/\/clair.si\/hr\/izdelek\/uzd-hkm-ira\/#breadcrumb"},"inLanguage":"hr","potentialAction":[{"@type":"ReadAction","target":["https:\/\/clair.si\/hr\/izdelek\/uzd-hkm-ira\/"]}]},{"@type":"ImageObject","inLanguage":"hr","@id":"https:\/\/clair.si\/hr\/izdelek\/uzd-hkm-ira\/#primaryimage","url":"https:\/\/clair.si\/wp-content\/uploads\/2025\/04\/Uzda-Ira_1.webp","contentUrl":"https:\/\/clair.si\/wp-content\/uploads\/2025\/04\/Uzda-Ira_1.webp","width":700,"height":700},{"@type":"BreadcrumbList","@id":"https:\/\/clair.si\/hr\/izdelek\/uzd-hkm-ira\/#breadcrumb","itemListElement":[{"@type":"ListItem","position":1,"name":"Home","item":"https:\/\/clair.si\/hr\/"},{"@type":"ListItem","position":2,"name":"Trgovina","item":"https:\/\/clair.si\/trgovina\/"},{"@type":"ListItem","position":3,"name":"Uzd\u0430 HKM Ira"}]},{"@type":"WebSite","@id":"https:\/\/clair.si\/#website","url":"https:\/\/clair.si\/","name":"Clair","description":"Trgovina s konjeni\u0161ko opremo","publisher":{"@id":"https:\/\/clair.si\/#organization"},"potentialAction":[{"@type":"SearchAction","target":{"@type":"EntryPoint","urlTemplate":"https:\/\/clair.si\/?s={search_term_string}"},"query-input":{"@type":"PropertyValueSpecification","valueRequired":true,"valueName":"search_term_string"}}],"inLanguage":"hr"},{"@type":"Organization","@id":"https:\/\/clair.si\/#organization","name":"Clair","url":"https:\/\/clair.si\/","logo":{"@type":"ImageObject","inLanguage":"hr","@id":"https:\/\/clair.si\/#\/schema\/logo\/image\/","url":"https:\/\/clair.si\/wp-content\/uploads\/2022\/11\/clair_logo_2022.jpg","contentUrl":"https:\/\/clair.si\/wp-content\/uploads\/2022\/11\/clair_logo_2022.jpg","width":1920,"height":1920,"caption":"Clair"},"image":{"@id":"https:\/\/clair.si\/#\/schema\/logo\/image\/"},"sameAs":["https:\/\/www.facebook.com\/TrgovinaClair\/"]}]}},"_links":{"self":[{"href":"https:\/\/clair.si\/hr\/wp-json\/wp\/v2\/product\/92820","targetHints":{"allow":["GET"]}}],"collection":[{"href":"https:\/\/clair.si\/hr\/wp-json\/wp\/v2\/product"}],"about":[{"href":"https:\/\/clair.si\/hr\/wp-json\/wp\/v2\/types\/product"}],"version-history":[{"count":0,"href":"https:\/\/clair.si\/hr\/wp-json\/wp\/v2\/product\/92820\/revisions"}],"wp:featuredmedia":[{"embeddable":true,"href":"https:\/\/clair.si\/hr\/wp-json\/wp\/v2\/media\/92821"}],"wp:attachment":[{"href":"https:\/\/clair.si\/hr\/wp-json\/wp\/v2\/media?parent=92820"}],"wp:term":[{"taxonomy":"product_brand","embeddable":true,"href":"https:\/\/clair.si\/hr\/wp-json\/wp\/v2\/product_brand?post=92820"},{"taxonomy":"product_cat","embeddable":true,"href":"https:\/\/clair.si\/hr\/wp-json\/wp\/v2\/product_cat?post=92820"},{"taxonomy":"product_tag","embeddable":true,"href":"https:\/\/clair.si\/hr\/wp-json\/wp\/v2\/product_tag?post=92820"}],"curies":[{"name":"wp","href":"https:\/\/api.w.org\/{rel}","templated":true}]}}