{"id":92829,"date":"2025-04-02T14:04:01","date_gmt":"2025-04-02T12:04:01","guid":{"rendered":"https:\/\/clair.si\/izdelek\/djecji-zastitni-prsluk-e-t-cox\/"},"modified":"2025-08-27T17:49:07","modified_gmt":"2025-08-27T15:49:07","slug":"djecji-zastitni-prsluk-e-t-cox","status":"publish","type":"product","link":"https:\/\/clair.si\/hr\/izdelek\/djecji-zastitni-prsluk-e-t-cox\/","title":{"rendered":"Dje\u010dji za\u0161titni prsluk E-T Cox"},"content":{"rendered":"<p class=\"\" data-start=\"0\" data-end=\"164\">\u200b<span class=\"relative -mx-px my-[-0.2rem] rounded px-px py-[0.2rem]\">Dje\u010dji za\u0161titni prsluk E-T Cox je lagan i prilagodljiv \u0161titnik za le\u0111a, dizajniran za optimalnu za\u0161titu i udobnost tijekom jahanja.<\/span> <span class=\"relative -mx-px my-[-0.2rem] rounded px-px py-[0.2rem]\">Sastoji se od vi\u0161e slojeva pjene visoke gusto\u0107e, koja u\u010dinkovito apsorbira udarce pri mogu\u0107im padovima.<\/span> <span class=\"relative -mx-px my-[-0.2rem] rounded px-px py-[0.2rem]\">Njegov ergonomski dizajn omogu\u0107uje potpunu slobodu kretanja, dok perforirana stra\u017enja strana i mre\u017easti detalji na ovratniku te izrezima za ruke osiguravaju izvrsnu prozra\u010dnost.<\/span>\u200b<\/p>\n<p class=\"\" data-start=\"166\" data-end=\"285\"><span class=\"relative -mx-px my-[-0.2rem] rounded px-px py-[0.2rem]\">Ovaj \u0161titnik udovoljava europskom standardu NF EN 1621-2:2014, razina 2, \u0161to zna\u010di da je izvorno dizajniran za motociklisti\u010dka za\u0161titna odijela.<\/span> <span class=\"relative -mx-px my-[-0.2rem] rounded px-px py-[0.2rem]\">Unato\u010d tome, prikladan je i za upotrebu u konji\u010dkom sportu.<\/span><\/p>\n<ul data-start=\"310\" data-end=\"613\">\n<li class=\"\" data-start=\"310\" data-end=\"407\">\n<p class=\"\" data-start=\"312\" data-end=\"407\"><strong data-start=\"312\" data-end=\"325\">Materijal:<\/strong> <span class=\"relative -mx-px my-[-0.2rem] rounded px-px py-[0.2rem]\">50% najlon elastan, 15% poliester, 35% NBR (nitril butadien kau\u010duk)<\/span><\/p>\n<\/li>\n<li class=\"\" data-start=\"408\" data-end=\"510\">\n<p class=\"\" data-start=\"410\" data-end=\"510\"><strong data-start=\"410\" data-end=\"426\">Odr\u017eavanje:<\/strong> <span class=\"relative -mx-px my-[-0.2rem] rounded px-px py-[0.2rem]\">Ru\u010dno pranje vla\u017enom spu\u017evom; navlaka se ne mo\u017ee skinuti<\/span>\u200b<\/p>\n<\/li>\n<li class=\"\" data-start=\"511\" data-end=\"613\">\n<p class=\"\" data-start=\"513\" data-end=\"613\"><strong data-start=\"513\" data-end=\"527\">Standardi:<\/strong> <span class=\"relative -mx-px my-[-0.2rem] rounded px-px py-[0.2rem]\">NF EN 1621-2:2014, razina 2; EN 17092-6:2020, razred C<\/span><\/p>\n<\/li>\n<\/ul>\n<p class=\"\" data-start=\"615\" data-end=\"700\"><span class=\"relative -mx-px my-[-0.2rem] rounded px-px py-[0.2rem]\">Za\u0161titite le\u0111a za\u0161titnim prslukom E-T Cox i u\u017eivajte u jahanju uz ve\u0107u sigurnost i udobnost.<\/span><\/p>\n","protected":false},"excerpt":{"rendered":"<ul>\n<li>prsluk u dje\u010djim veli\u010dinama<\/li>\n<li>ZA MJERE POGLEDAJTE TABLICU VELI\u010cINA<\/li>\n<\/ul>\n","protected":false},"featured_media":92830,"template":"","meta":{"footnotes":""},"product_brand":[],"product_cat":[5845,5654,5670,5766,5844],"product_tag":[],"class_list":{"0":"post-92829","1":"product","2":"type-product","3":"status-publish","4":"has-post-thumbnail","6":"product_cat-djeca","7":"product_cat-jahac-hr","8":"product_cat-natjecanja","9":"product_cat-zastitna-oprema","10":"product_cat-zastitni-prsluci","12":"first","13":"instock","14":"sale","15":"shipping-taxable","16":"purchasable","17":"product-type-variable"},"yoast_head":"<!-- This site is optimized with the Yoast SEO plugin v27.3 - https:\/\/yoast.com\/product\/yoast-seo-wordpress\/ -->\n<title>Dje\u010dji za\u0161titni prsluk E-T Cox - Clair<\/title>\n<meta name=\"description\" content=\"prsluk u dje\u010djim veli\u010dinama  ZA MJERE POGLEDAJTE TABLICU VELI\u010cINA\" \/>\n<meta name=\"robots\" content=\"index, follow, max-snippet:-1, max-image-preview:large, max-video-preview:-1\" \/>\n<link rel=\"canonical\" href=\"https:\/\/clair.si\/hr\/izdelek\/djecji-zastitni-prsluk-e-t-cox\/\" \/>\n<meta property=\"og:locale\" content=\"hr_HR\" \/>\n<meta property=\"og:type\" content=\"article\" \/>\n<meta property=\"og:title\" content=\"Dje\u010dji za\u0161titni prsluk E-T Cox - Clair\" \/>\n<meta property=\"og:description\" content=\"prsluk u dje\u010djim veli\u010dinama  ZA MJERE POGLEDAJTE TABLICU VELI\u010cINA\" \/>\n<meta property=\"og:url\" content=\"https:\/\/clair.si\/hr\/izdelek\/djecji-zastitni-prsluk-e-t-cox\/\" \/>\n<meta property=\"og:site_name\" content=\"Clair\" \/>\n<meta property=\"article:publisher\" content=\"https:\/\/www.facebook.com\/TrgovinaClair\/\" \/>\n<meta property=\"article:modified_time\" content=\"2025-08-27T15:49:07+00:00\" \/>\n<meta property=\"og:image\" content=\"https:\/\/clair.si\/wp-content\/uploads\/2025\/04\/cox-1.webp\" \/>\n\t<meta property=\"og:image:width\" content=\"800\" \/>\n\t<meta property=\"og:image:height\" content=\"800\" \/>\n\t<meta property=\"og:image:type\" content=\"image\/jpeg\" \/>\n<meta name=\"twitter:card\" content=\"summary_large_image\" \/>\n<meta name=\"twitter:label1\" content=\"Procijenjeno vrijeme \u010ditanja\" \/>\n\t<meta name=\"twitter:data1\" content=\"1 minuta\" \/>\n<script type=\"application\/ld+json\" class=\"yoast-schema-graph\">{\"@context\":\"https:\\\/\\\/schema.org\",\"@graph\":[{\"@type\":\"WebPage\",\"@id\":\"https:\\\/\\\/clair.si\\\/hr\\\/izdelek\\\/djecji-zastitni-prsluk-e-t-cox\\\/\",\"url\":\"https:\\\/\\\/clair.si\\\/hr\\\/izdelek\\\/djecji-zastitni-prsluk-e-t-cox\\\/\",\"name\":\"Dje\u010dji za\u0161titni prsluk E-T Cox - Clair\",\"isPartOf\":{\"@id\":\"https:\\\/\\\/clair.si\\\/#website\"},\"primaryImageOfPage\":{\"@id\":\"https:\\\/\\\/clair.si\\\/hr\\\/izdelek\\\/djecji-zastitni-prsluk-e-t-cox\\\/#primaryimage\"},\"image\":{\"@id\":\"https:\\\/\\\/clair.si\\\/hr\\\/izdelek\\\/djecji-zastitni-prsluk-e-t-cox\\\/#primaryimage\"},\"thumbnailUrl\":\"https:\\\/\\\/clair.si\\\/wp-content\\\/uploads\\\/2025\\\/04\\\/cox-1.webp\",\"datePublished\":\"2025-04-02T12:04:01+00:00\",\"dateModified\":\"2025-08-27T15:49:07+00:00\",\"description\":\"prsluk u dje\u010djim veli\u010dinama ZA MJERE POGLEDAJTE TABLICU VELI\u010cINA\",\"breadcrumb\":{\"@id\":\"https:\\\/\\\/clair.si\\\/hr\\\/izdelek\\\/djecji-zastitni-prsluk-e-t-cox\\\/#breadcrumb\"},\"inLanguage\":\"hr\",\"potentialAction\":[{\"@type\":\"ReadAction\",\"target\":[\"https:\\\/\\\/clair.si\\\/hr\\\/izdelek\\\/djecji-zastitni-prsluk-e-t-cox\\\/\"]}]},{\"@type\":\"ImageObject\",\"inLanguage\":\"hr\",\"@id\":\"https:\\\/\\\/clair.si\\\/hr\\\/izdelek\\\/djecji-zastitni-prsluk-e-t-cox\\\/#primaryimage\",\"url\":\"https:\\\/\\\/clair.si\\\/wp-content\\\/uploads\\\/2025\\\/04\\\/cox-1.webp\",\"contentUrl\":\"https:\\\/\\\/clair.si\\\/wp-content\\\/uploads\\\/2025\\\/04\\\/cox-1.webp\",\"width\":800,\"height\":800},{\"@type\":\"BreadcrumbList\",\"@id\":\"https:\\\/\\\/clair.si\\\/hr\\\/izdelek\\\/djecji-zastitni-prsluk-e-t-cox\\\/#breadcrumb\",\"itemListElement\":[{\"@type\":\"ListItem\",\"position\":1,\"name\":\"Home\",\"item\":\"https:\\\/\\\/clair.si\\\/hr\\\/\"},{\"@type\":\"ListItem\",\"position\":2,\"name\":\"Trgovina\",\"item\":\"https:\\\/\\\/clair.si\\\/trgovina\\\/\"},{\"@type\":\"ListItem\",\"position\":3,\"name\":\"Dje\u010dji za\u0161titni prsluk E-T Cox\"}]},{\"@type\":\"WebSite\",\"@id\":\"https:\\\/\\\/clair.si\\\/#website\",\"url\":\"https:\\\/\\\/clair.si\\\/\",\"name\":\"Clair\",\"description\":\"Trgovina s konjeni\u0161ko opremo\",\"publisher\":{\"@id\":\"https:\\\/\\\/clair.si\\\/#organization\"},\"potentialAction\":[{\"@type\":\"SearchAction\",\"target\":{\"@type\":\"EntryPoint\",\"urlTemplate\":\"https:\\\/\\\/clair.si\\\/?s={search_term_string}\"},\"query-input\":{\"@type\":\"PropertyValueSpecification\",\"valueRequired\":true,\"valueName\":\"search_term_string\"}}],\"inLanguage\":\"hr\"},{\"@type\":\"Organization\",\"@id\":\"https:\\\/\\\/clair.si\\\/#organization\",\"name\":\"Clair\",\"url\":\"https:\\\/\\\/clair.si\\\/\",\"logo\":{\"@type\":\"ImageObject\",\"inLanguage\":\"hr\",\"@id\":\"https:\\\/\\\/clair.si\\\/#\\\/schema\\\/logo\\\/image\\\/\",\"url\":\"https:\\\/\\\/clair.si\\\/wp-content\\\/uploads\\\/2022\\\/11\\\/clair_logo_2022.jpg\",\"contentUrl\":\"https:\\\/\\\/clair.si\\\/wp-content\\\/uploads\\\/2022\\\/11\\\/clair_logo_2022.jpg\",\"width\":1920,\"height\":1920,\"caption\":\"Clair\"},\"image\":{\"@id\":\"https:\\\/\\\/clair.si\\\/#\\\/schema\\\/logo\\\/image\\\/\"},\"sameAs\":[\"https:\\\/\\\/www.facebook.com\\\/TrgovinaClair\\\/\"]}]}<\/script>\n<!-- \/ Yoast SEO plugin. -->","yoast_head_json":{"title":"Dje\u010dji za\u0161titni prsluk E-T Cox - Clair","description":"prsluk u dje\u010djim veli\u010dinama  ZA MJERE POGLEDAJTE TABLICU VELI\u010cINA","robots":{"index":"index","follow":"follow","max-snippet":"max-snippet:-1","max-image-preview":"max-image-preview:large","max-video-preview":"max-video-preview:-1"},"canonical":"https:\/\/clair.si\/hr\/izdelek\/djecji-zastitni-prsluk-e-t-cox\/","og_locale":"hr_HR","og_type":"article","og_title":"Dje\u010dji za\u0161titni prsluk E-T Cox - Clair","og_description":"prsluk u dje\u010djim veli\u010dinama  ZA MJERE POGLEDAJTE TABLICU VELI\u010cINA","og_url":"https:\/\/clair.si\/hr\/izdelek\/djecji-zastitni-prsluk-e-t-cox\/","og_site_name":"Clair","article_publisher":"https:\/\/www.facebook.com\/TrgovinaClair\/","article_modified_time":"2025-08-27T15:49:07+00:00","og_image":[{"width":800,"height":800,"url":"https:\/\/clair.si\/wp-content\/uploads\/2025\/04\/cox-1.webp","type":"image\/jpeg"}],"twitter_card":"summary_large_image","twitter_misc":{"Procijenjeno vrijeme \u010ditanja":"1 minuta"},"schema":{"@context":"https:\/\/schema.org","@graph":[{"@type":"WebPage","@id":"https:\/\/clair.si\/hr\/izdelek\/djecji-zastitni-prsluk-e-t-cox\/","url":"https:\/\/clair.si\/hr\/izdelek\/djecji-zastitni-prsluk-e-t-cox\/","name":"Dje\u010dji za\u0161titni prsluk E-T Cox - Clair","isPartOf":{"@id":"https:\/\/clair.si\/#website"},"primaryImageOfPage":{"@id":"https:\/\/clair.si\/hr\/izdelek\/djecji-zastitni-prsluk-e-t-cox\/#primaryimage"},"image":{"@id":"https:\/\/clair.si\/hr\/izdelek\/djecji-zastitni-prsluk-e-t-cox\/#primaryimage"},"thumbnailUrl":"https:\/\/clair.si\/wp-content\/uploads\/2025\/04\/cox-1.webp","datePublished":"2025-04-02T12:04:01+00:00","dateModified":"2025-08-27T15:49:07+00:00","description":"prsluk u dje\u010djim veli\u010dinama ZA MJERE POGLEDAJTE TABLICU VELI\u010cINA","breadcrumb":{"@id":"https:\/\/clair.si\/hr\/izdelek\/djecji-zastitni-prsluk-e-t-cox\/#breadcrumb"},"inLanguage":"hr","potentialAction":[{"@type":"ReadAction","target":["https:\/\/clair.si\/hr\/izdelek\/djecji-zastitni-prsluk-e-t-cox\/"]}]},{"@type":"ImageObject","inLanguage":"hr","@id":"https:\/\/clair.si\/hr\/izdelek\/djecji-zastitni-prsluk-e-t-cox\/#primaryimage","url":"https:\/\/clair.si\/wp-content\/uploads\/2025\/04\/cox-1.webp","contentUrl":"https:\/\/clair.si\/wp-content\/uploads\/2025\/04\/cox-1.webp","width":800,"height":800},{"@type":"BreadcrumbList","@id":"https:\/\/clair.si\/hr\/izdelek\/djecji-zastitni-prsluk-e-t-cox\/#breadcrumb","itemListElement":[{"@type":"ListItem","position":1,"name":"Home","item":"https:\/\/clair.si\/hr\/"},{"@type":"ListItem","position":2,"name":"Trgovina","item":"https:\/\/clair.si\/trgovina\/"},{"@type":"ListItem","position":3,"name":"Dje\u010dji za\u0161titni prsluk E-T Cox"}]},{"@type":"WebSite","@id":"https:\/\/clair.si\/#website","url":"https:\/\/clair.si\/","name":"Clair","description":"Trgovina s konjeni\u0161ko opremo","publisher":{"@id":"https:\/\/clair.si\/#organization"},"potentialAction":[{"@type":"SearchAction","target":{"@type":"EntryPoint","urlTemplate":"https:\/\/clair.si\/?s={search_term_string}"},"query-input":{"@type":"PropertyValueSpecification","valueRequired":true,"valueName":"search_term_string"}}],"inLanguage":"hr"},{"@type":"Organization","@id":"https:\/\/clair.si\/#organization","name":"Clair","url":"https:\/\/clair.si\/","logo":{"@type":"ImageObject","inLanguage":"hr","@id":"https:\/\/clair.si\/#\/schema\/logo\/image\/","url":"https:\/\/clair.si\/wp-content\/uploads\/2022\/11\/clair_logo_2022.jpg","contentUrl":"https:\/\/clair.si\/wp-content\/uploads\/2022\/11\/clair_logo_2022.jpg","width":1920,"height":1920,"caption":"Clair"},"image":{"@id":"https:\/\/clair.si\/#\/schema\/logo\/image\/"},"sameAs":["https:\/\/www.facebook.com\/TrgovinaClair\/"]}]}},"_links":{"self":[{"href":"https:\/\/clair.si\/hr\/wp-json\/wp\/v2\/product\/92829","targetHints":{"allow":["GET"]}}],"collection":[{"href":"https:\/\/clair.si\/hr\/wp-json\/wp\/v2\/product"}],"about":[{"href":"https:\/\/clair.si\/hr\/wp-json\/wp\/v2\/types\/product"}],"version-history":[{"count":0,"href":"https:\/\/clair.si\/hr\/wp-json\/wp\/v2\/product\/92829\/revisions"}],"wp:featuredmedia":[{"embeddable":true,"href":"https:\/\/clair.si\/hr\/wp-json\/wp\/v2\/media\/92830"}],"wp:attachment":[{"href":"https:\/\/clair.si\/hr\/wp-json\/wp\/v2\/media?parent=92829"}],"wp:term":[{"taxonomy":"product_brand","embeddable":true,"href":"https:\/\/clair.si\/hr\/wp-json\/wp\/v2\/product_brand?post=92829"},{"taxonomy":"product_cat","embeddable":true,"href":"https:\/\/clair.si\/hr\/wp-json\/wp\/v2\/product_cat?post=92829"},{"taxonomy":"product_tag","embeddable":true,"href":"https:\/\/clair.si\/hr\/wp-json\/wp\/v2\/product_tag?post=92829"}],"curies":[{"name":"wp","href":"https:\/\/api.w.org\/{rel}","templated":true}]}}