{"id":92841,"date":"2025-04-07T16:08:28","date_gmt":"2025-04-07T14:08:28","guid":{"rendered":"https:\/\/clair.si\/izdelek\/natjecateljska-majica-hkm-skadi\/"},"modified":"2026-03-26T10:03:43","modified_gmt":"2026-03-26T09:03:43","slug":"natjecateljska-majica-hkm-skadi","status":"publish","type":"product","link":"https:\/\/clair.si\/hr\/izdelek\/natjecateljska-majica-hkm-skadi\/","title":{"rendered":"Natjecateljska majica HKM Skadi"},"content":{"rendered":"<p class=\"\" data-start=\"110\" data-end=\"462\"><strong data-start=\"110\" data-end=\"177\">Natjecateljska majica HKM Skadi \u2013 elegancija i udobnost za svaki nastup<\/strong><br data-start=\"177\" data-end=\"180\">Natjecateljska majica HKM Skadi s kratkim rukavima spaja vrhunski stil i funkcionalnost, kakvu \u017eeli svaka jaha\u010dica na natjecateljskom parkuru. Klasi\u010dan, ali moderan dizajn s nje\u017enim detaljima dodaje eleganciju, dok mekana i prozra\u010dna tkanina osigurava potpunu udobnost \u010dak i u vru\u0107im danima. <\/p>\n<p class=\"\" data-start=\"464\" data-end=\"642\">Majica je izra\u0111ena od visokokvalitetnog funkcionalnog materijala koji se brzo su\u0161i, prozra\u010dan je i ugodan na dodir. Materijal omogu\u0107uje slobodno kretanje i optimalan osje\u0107aj tijekom jahanja. <\/p>\n<p data-start=\"464\" data-end=\"642\">Ispod ovratnika je kvalitetan i prakti\u010dan patentni zatvara\u010d &#8211; idealan za vru\u0107e dane. \ud83d\ude09 <\/p>\n<p class=\"\" data-start=\"644\" data-end=\"658\"><strong data-start=\"644\" data-end=\"656\">Sastav:<\/strong><\/p>\n<ul data-start=\"659\" data-end=\"676\">\n<li class=\"\" data-start=\"659\" data-end=\"676\">\n<p class=\"\" data-start=\"661\" data-end=\"676\">vanjski materijal: 86% poliamid, 14% elastan, mesh: 90% poliester, 10% elastan<\/p>\n<\/li>\n<\/ul>\n<p class=\"\" data-start=\"678\" data-end=\"708\"><strong data-start=\"678\" data-end=\"706\">Upute za odr\u017eavanje:<\/strong><\/p>\n<ul data-start=\"709\" data-end=\"855\">\n<li class=\"\" data-start=\"709\" data-end=\"746\">\n<p class=\"\" data-start=\"711\" data-end=\"746\">Pranje u perilici rublja na 30 \u00b0C<\/p>\n<\/li>\n<li class=\"\" data-start=\"747\" data-end=\"810\">\n<p class=\"\" data-start=\"749\" data-end=\"810\">Prikladno za su\u0161enje u su\u0161ilici rublja na niskoj temperaturi<\/p>\n<\/li>\n<li class=\"\" data-start=\"811\" data-end=\"855\">\n<p class=\"\" data-start=\"813\" data-end=\"855\">Preporu\u010dujemo pranje s proizvodima sli\u010dnih boja<\/p>\n<\/li>\n<\/ul>\n<p class=\"\" data-start=\"857\" data-end=\"881\"><strong data-start=\"857\" data-end=\"879\">Klju\u010dne prednosti:<\/strong><\/p>\n<ul data-start=\"882\" data-end=\"1035\">\n<li class=\"\" data-start=\"882\" data-end=\"917\">\n<p class=\"\" data-start=\"884\" data-end=\"917\">Materijal koji di\u0161e i brzo se su\u0161i<\/p>\n<\/li>\n<li class=\"\" data-start=\"918\" data-end=\"959\">\n<p class=\"\" data-start=\"920\" data-end=\"959\">Udobno pristajanje i elegantan oblik<\/p>\n<\/li>\n<li class=\"\" data-start=\"960\" data-end=\"1009\">\n<p class=\"\" data-start=\"962\" data-end=\"1009\">Idealan izbor za natjecanja u toplim mjesecima<\/p>\n<\/li>\n<li class=\"\" data-start=\"1010\" data-end=\"1035\">\n<p class=\"\" data-start=\"1012\" data-end=\"1035\">Jednostavno odr\u017eavanje<\/p>\n<\/li>\n<\/ul>\n<p class=\"\" data-start=\"1037\" data-end=\"1139\">Istaknite se na natjecanjima s majicom HKM Skadi \u2013 savr\u0161ena kombinacija stila, funkcionalnosti i elegancije!<\/p>\n","protected":false},"excerpt":{"rendered":"<ul>\n<li>jednostavna i elegantna natjecateljska majica u bijeloj boji<\/li>\n<li> s ovratnikom i prakti\u010dnim patentnim zatvara\u010dem za vru\u0107e dane<\/li>\n<li>mre\u017easta ventilacija na stra\u017enjoj strani<\/li>\n<\/ul>\n","protected":false},"featured_media":92846,"template":"","meta":{"footnotes":""},"product_brand":[],"product_cat":[5654,5657,5670,5671,5667,5668],"product_tag":[],"class_list":{"0":"post-92841","1":"product","2":"type-product","3":"status-publish","4":"has-post-thumbnail","6":"product_cat-jahac-hr","7":"product_cat-kategorije-hr","8":"product_cat-natjecanja","9":"product_cat-natjecateljske-majice","10":"product_cat-zene","11":"product_cat-zenske-majice","13":"first","14":"instock","15":"sale","16":"shipping-taxable","17":"purchasable","18":"product-type-variable"},"yoast_head":"<!-- This site is optimized with the Yoast SEO plugin v27.3 - https:\/\/yoast.com\/product\/yoast-seo-wordpress\/ -->\n<title>Natjecateljska majica HKM Skadi - Clair<\/title>\n<meta name=\"description\" content=\"jednostavna i elegantna natjecateljska majica u bijeloj boji  s ovratnikom i prakti\u010dnim patentnim zatvara\u010dem za vru\u0107e dane  mre\u017easta ventilacija na stra\u017enjoj strani\" \/>\n<meta name=\"robots\" content=\"index, follow, max-snippet:-1, max-image-preview:large, max-video-preview:-1\" \/>\n<link rel=\"canonical\" href=\"https:\/\/clair.si\/hr\/izdelek\/natjecateljska-majica-hkm-skadi\/\" \/>\n<meta property=\"og:locale\" content=\"hr_HR\" \/>\n<meta property=\"og:type\" content=\"article\" \/>\n<meta property=\"og:title\" content=\"Natjecateljska majica HKM Skadi - Clair\" \/>\n<meta property=\"og:description\" content=\"jednostavna i elegantna natjecateljska majica u bijeloj boji  s ovratnikom i prakti\u010dnim patentnim zatvara\u010dem za vru\u0107e dane  mre\u017easta ventilacija na stra\u017enjoj strani\" \/>\n<meta property=\"og:url\" content=\"https:\/\/clair.si\/hr\/izdelek\/natjecateljska-majica-hkm-skadi\/\" \/>\n<meta property=\"og:site_name\" content=\"Clair\" \/>\n<meta property=\"article:publisher\" content=\"https:\/\/www.facebook.com\/TrgovinaClair\/\" \/>\n<meta property=\"article:modified_time\" content=\"2026-03-26T09:03:43+00:00\" \/>\n<meta property=\"og:image\" content=\"https:\/\/clair.si\/wp-content\/uploads\/2025\/04\/skadi-cela.webp\" \/>\n\t<meta property=\"og:image:width\" content=\"700\" \/>\n\t<meta property=\"og:image:height\" content=\"700\" \/>\n\t<meta property=\"og:image:type\" content=\"image\/jpeg\" \/>\n<meta name=\"twitter:card\" content=\"summary_large_image\" \/>\n<meta name=\"twitter:label1\" content=\"Procijenjeno vrijeme \u010ditanja\" \/>\n\t<meta name=\"twitter:data1\" content=\"1 minuta\" \/>\n<script type=\"application\/ld+json\" class=\"yoast-schema-graph\">{\"@context\":\"https:\\\/\\\/schema.org\",\"@graph\":[{\"@type\":\"WebPage\",\"@id\":\"https:\\\/\\\/clair.si\\\/hr\\\/izdelek\\\/natjecateljska-majica-hkm-skadi\\\/\",\"url\":\"https:\\\/\\\/clair.si\\\/hr\\\/izdelek\\\/natjecateljska-majica-hkm-skadi\\\/\",\"name\":\"Natjecateljska majica HKM Skadi - Clair\",\"isPartOf\":{\"@id\":\"https:\\\/\\\/clair.si\\\/#website\"},\"primaryImageOfPage\":{\"@id\":\"https:\\\/\\\/clair.si\\\/hr\\\/izdelek\\\/natjecateljska-majica-hkm-skadi\\\/#primaryimage\"},\"image\":{\"@id\":\"https:\\\/\\\/clair.si\\\/hr\\\/izdelek\\\/natjecateljska-majica-hkm-skadi\\\/#primaryimage\"},\"thumbnailUrl\":\"https:\\\/\\\/clair.si\\\/wp-content\\\/uploads\\\/2025\\\/04\\\/skadi-cela.webp\",\"datePublished\":\"2025-04-07T14:08:28+00:00\",\"dateModified\":\"2026-03-26T09:03:43+00:00\",\"description\":\"jednostavna i elegantna natjecateljska majica u bijeloj boji s ovratnikom i prakti\u010dnim patentnim zatvara\u010dem za vru\u0107e dane mre\u017easta ventilacija na stra\u017enjoj strani\",\"breadcrumb\":{\"@id\":\"https:\\\/\\\/clair.si\\\/hr\\\/izdelek\\\/natjecateljska-majica-hkm-skadi\\\/#breadcrumb\"},\"inLanguage\":\"hr\",\"potentialAction\":[{\"@type\":\"ReadAction\",\"target\":[\"https:\\\/\\\/clair.si\\\/hr\\\/izdelek\\\/natjecateljska-majica-hkm-skadi\\\/\"]}]},{\"@type\":\"ImageObject\",\"inLanguage\":\"hr\",\"@id\":\"https:\\\/\\\/clair.si\\\/hr\\\/izdelek\\\/natjecateljska-majica-hkm-skadi\\\/#primaryimage\",\"url\":\"https:\\\/\\\/clair.si\\\/wp-content\\\/uploads\\\/2025\\\/04\\\/skadi-cela.webp\",\"contentUrl\":\"https:\\\/\\\/clair.si\\\/wp-content\\\/uploads\\\/2025\\\/04\\\/skadi-cela.webp\",\"width\":700,\"height\":700},{\"@type\":\"BreadcrumbList\",\"@id\":\"https:\\\/\\\/clair.si\\\/hr\\\/izdelek\\\/natjecateljska-majica-hkm-skadi\\\/#breadcrumb\",\"itemListElement\":[{\"@type\":\"ListItem\",\"position\":1,\"name\":\"Home\",\"item\":\"https:\\\/\\\/clair.si\\\/hr\\\/\"},{\"@type\":\"ListItem\",\"position\":2,\"name\":\"Trgovina\",\"item\":\"https:\\\/\\\/clair.si\\\/trgovina\\\/\"},{\"@type\":\"ListItem\",\"position\":3,\"name\":\"Natjecateljska majica HKM Skadi\"}]},{\"@type\":\"WebSite\",\"@id\":\"https:\\\/\\\/clair.si\\\/#website\",\"url\":\"https:\\\/\\\/clair.si\\\/\",\"name\":\"Clair\",\"description\":\"Trgovina s konjeni\u0161ko opremo\",\"publisher\":{\"@id\":\"https:\\\/\\\/clair.si\\\/#organization\"},\"potentialAction\":[{\"@type\":\"SearchAction\",\"target\":{\"@type\":\"EntryPoint\",\"urlTemplate\":\"https:\\\/\\\/clair.si\\\/?s={search_term_string}\"},\"query-input\":{\"@type\":\"PropertyValueSpecification\",\"valueRequired\":true,\"valueName\":\"search_term_string\"}}],\"inLanguage\":\"hr\"},{\"@type\":\"Organization\",\"@id\":\"https:\\\/\\\/clair.si\\\/#organization\",\"name\":\"Clair\",\"url\":\"https:\\\/\\\/clair.si\\\/\",\"logo\":{\"@type\":\"ImageObject\",\"inLanguage\":\"hr\",\"@id\":\"https:\\\/\\\/clair.si\\\/#\\\/schema\\\/logo\\\/image\\\/\",\"url\":\"https:\\\/\\\/clair.si\\\/wp-content\\\/uploads\\\/2022\\\/11\\\/clair_logo_2022.jpg\",\"contentUrl\":\"https:\\\/\\\/clair.si\\\/wp-content\\\/uploads\\\/2022\\\/11\\\/clair_logo_2022.jpg\",\"width\":1920,\"height\":1920,\"caption\":\"Clair\"},\"image\":{\"@id\":\"https:\\\/\\\/clair.si\\\/#\\\/schema\\\/logo\\\/image\\\/\"},\"sameAs\":[\"https:\\\/\\\/www.facebook.com\\\/TrgovinaClair\\\/\"]}]}<\/script>\n<!-- \/ Yoast SEO plugin. -->","yoast_head_json":{"title":"Natjecateljska majica HKM Skadi - Clair","description":"jednostavna i elegantna natjecateljska majica u bijeloj boji  s ovratnikom i prakti\u010dnim patentnim zatvara\u010dem za vru\u0107e dane  mre\u017easta ventilacija na stra\u017enjoj strani","robots":{"index":"index","follow":"follow","max-snippet":"max-snippet:-1","max-image-preview":"max-image-preview:large","max-video-preview":"max-video-preview:-1"},"canonical":"https:\/\/clair.si\/hr\/izdelek\/natjecateljska-majica-hkm-skadi\/","og_locale":"hr_HR","og_type":"article","og_title":"Natjecateljska majica HKM Skadi - Clair","og_description":"jednostavna i elegantna natjecateljska majica u bijeloj boji  s ovratnikom i prakti\u010dnim patentnim zatvara\u010dem za vru\u0107e dane  mre\u017easta ventilacija na stra\u017enjoj strani","og_url":"https:\/\/clair.si\/hr\/izdelek\/natjecateljska-majica-hkm-skadi\/","og_site_name":"Clair","article_publisher":"https:\/\/www.facebook.com\/TrgovinaClair\/","article_modified_time":"2026-03-26T09:03:43+00:00","og_image":[{"width":700,"height":700,"url":"https:\/\/clair.si\/wp-content\/uploads\/2025\/04\/skadi-cela.webp","type":"image\/jpeg"}],"twitter_card":"summary_large_image","twitter_misc":{"Procijenjeno vrijeme \u010ditanja":"1 minuta"},"schema":{"@context":"https:\/\/schema.org","@graph":[{"@type":"WebPage","@id":"https:\/\/clair.si\/hr\/izdelek\/natjecateljska-majica-hkm-skadi\/","url":"https:\/\/clair.si\/hr\/izdelek\/natjecateljska-majica-hkm-skadi\/","name":"Natjecateljska majica HKM Skadi - Clair","isPartOf":{"@id":"https:\/\/clair.si\/#website"},"primaryImageOfPage":{"@id":"https:\/\/clair.si\/hr\/izdelek\/natjecateljska-majica-hkm-skadi\/#primaryimage"},"image":{"@id":"https:\/\/clair.si\/hr\/izdelek\/natjecateljska-majica-hkm-skadi\/#primaryimage"},"thumbnailUrl":"https:\/\/clair.si\/wp-content\/uploads\/2025\/04\/skadi-cela.webp","datePublished":"2025-04-07T14:08:28+00:00","dateModified":"2026-03-26T09:03:43+00:00","description":"jednostavna i elegantna natjecateljska majica u bijeloj boji s ovratnikom i prakti\u010dnim patentnim zatvara\u010dem za vru\u0107e dane mre\u017easta ventilacija na stra\u017enjoj strani","breadcrumb":{"@id":"https:\/\/clair.si\/hr\/izdelek\/natjecateljska-majica-hkm-skadi\/#breadcrumb"},"inLanguage":"hr","potentialAction":[{"@type":"ReadAction","target":["https:\/\/clair.si\/hr\/izdelek\/natjecateljska-majica-hkm-skadi\/"]}]},{"@type":"ImageObject","inLanguage":"hr","@id":"https:\/\/clair.si\/hr\/izdelek\/natjecateljska-majica-hkm-skadi\/#primaryimage","url":"https:\/\/clair.si\/wp-content\/uploads\/2025\/04\/skadi-cela.webp","contentUrl":"https:\/\/clair.si\/wp-content\/uploads\/2025\/04\/skadi-cela.webp","width":700,"height":700},{"@type":"BreadcrumbList","@id":"https:\/\/clair.si\/hr\/izdelek\/natjecateljska-majica-hkm-skadi\/#breadcrumb","itemListElement":[{"@type":"ListItem","position":1,"name":"Home","item":"https:\/\/clair.si\/hr\/"},{"@type":"ListItem","position":2,"name":"Trgovina","item":"https:\/\/clair.si\/trgovina\/"},{"@type":"ListItem","position":3,"name":"Natjecateljska majica HKM Skadi"}]},{"@type":"WebSite","@id":"https:\/\/clair.si\/#website","url":"https:\/\/clair.si\/","name":"Clair","description":"Trgovina s konjeni\u0161ko opremo","publisher":{"@id":"https:\/\/clair.si\/#organization"},"potentialAction":[{"@type":"SearchAction","target":{"@type":"EntryPoint","urlTemplate":"https:\/\/clair.si\/?s={search_term_string}"},"query-input":{"@type":"PropertyValueSpecification","valueRequired":true,"valueName":"search_term_string"}}],"inLanguage":"hr"},{"@type":"Organization","@id":"https:\/\/clair.si\/#organization","name":"Clair","url":"https:\/\/clair.si\/","logo":{"@type":"ImageObject","inLanguage":"hr","@id":"https:\/\/clair.si\/#\/schema\/logo\/image\/","url":"https:\/\/clair.si\/wp-content\/uploads\/2022\/11\/clair_logo_2022.jpg","contentUrl":"https:\/\/clair.si\/wp-content\/uploads\/2022\/11\/clair_logo_2022.jpg","width":1920,"height":1920,"caption":"Clair"},"image":{"@id":"https:\/\/clair.si\/#\/schema\/logo\/image\/"},"sameAs":["https:\/\/www.facebook.com\/TrgovinaClair\/"]}]}},"_links":{"self":[{"href":"https:\/\/clair.si\/hr\/wp-json\/wp\/v2\/product\/92841","targetHints":{"allow":["GET"]}}],"collection":[{"href":"https:\/\/clair.si\/hr\/wp-json\/wp\/v2\/product"}],"about":[{"href":"https:\/\/clair.si\/hr\/wp-json\/wp\/v2\/types\/product"}],"version-history":[{"count":1,"href":"https:\/\/clair.si\/hr\/wp-json\/wp\/v2\/product\/92841\/revisions"}],"predecessor-version":[{"id":126647,"href":"https:\/\/clair.si\/hr\/wp-json\/wp\/v2\/product\/92841\/revisions\/126647"}],"wp:featuredmedia":[{"embeddable":true,"href":"https:\/\/clair.si\/hr\/wp-json\/wp\/v2\/media\/92846"}],"wp:attachment":[{"href":"https:\/\/clair.si\/hr\/wp-json\/wp\/v2\/media?parent=92841"}],"wp:term":[{"taxonomy":"product_brand","embeddable":true,"href":"https:\/\/clair.si\/hr\/wp-json\/wp\/v2\/product_brand?post=92841"},{"taxonomy":"product_cat","embeddable":true,"href":"https:\/\/clair.si\/hr\/wp-json\/wp\/v2\/product_cat?post=92841"},{"taxonomy":"product_tag","embeddable":true,"href":"https:\/\/clair.si\/hr\/wp-json\/wp\/v2\/product_tag?post=92841"}],"curies":[{"name":"wp","href":"https:\/\/api.w.org\/{rel}","templated":true}]}}