{"id":92842,"date":"2025-04-02T13:00:25","date_gmt":"2025-04-02T11:00:25","guid":{"rendered":"https:\/\/clair.si\/izdelek\/cetka-h-t-steam\/"},"modified":"2025-08-27T21:15:50","modified_gmt":"2025-08-27T19:15:50","slug":"cetka-h-t-steam","status":"publish","type":"product","link":"https:\/\/clair.si\/hr\/izdelek\/cetka-h-t-steam\/","title":{"rendered":"\u010cetka H-T Steam"},"content":{"rendered":"<p class=\"\" data-start=\"0\" data-end=\"88\"><span class=\"relative -mx-px my-[-0.2rem] rounded px-px py-[0.2rem]\">\u010cetka H-T Steam je inovativan alat za njegu konja ili malih \u017eivotinja koji kombinira u\u010dinkovitost \u010di\u0161\u0107enja s masa\u017enim u\u010dinkom, \u0161to pridonosi op\u0107em blagostanju va\u0161eg konja.<\/span><\/p>\n<p class=\"\" data-start=\"90\" data-end=\"112\"><strong data-start=\"90\" data-end=\"112\">Klju\u010dne zna\u010dajke:<\/strong><\/p>\n<ul data-start=\"114\" data-end=\"556\">\n<li class=\"\" data-start=\"114\" data-end=\"222\">\n<p class=\"\" data-start=\"116\" data-end=\"222\"><span class=\"relative -mx-px my-[-0.2rem] rounded px-px py-[0.2rem]\">\u010cetka ima s jedne strane <strong>gumene tvrde \u010dekinje<\/strong> za uklanjanje prljav\u0161tine, odumrle dlake i ostataka.<\/span><\/p>\n<\/li>\n<li class=\"\" data-start=\"224\" data-end=\"330\">\n<p class=\"\" data-start=\"226\" data-end=\"330\"><strong data-start=\"226\" data-end=\"248\">Ergonomski dizajn:<\/strong> <span class=\"relative -mx-px my-[-0.2rem] rounded px-px py-[0.2rem]\">Oblik \u010detke omogu\u0107uje udoban hvat, \u0161to smanjuje umor ruke tijekom dugotrajne uporabe.<\/span><\/p>\n<\/li>\n<li class=\"\" data-start=\"332\" data-end=\"447\">\n<p class=\"\" data-start=\"334\" data-end=\"447\"><strong data-start=\"334\" data-end=\"365\">Poticanje cirkulacije krvi:<\/strong> <span class=\"relative -mx-px my-[-0.2rem] rounded px-px py-[0.2rem]\">Redovita uporaba \u010detke poti\u010de cirkulaciju krvi, \u0161to pridonosi zdravlju ko\u017ee i sjaju dlake va\u0161eg konja.<\/span><\/p>\n<\/li>\n<li class=\"\" data-start=\"449\" data-end=\"556\">\n<p class=\"\" data-start=\"451\" data-end=\"556\"><strong data-start=\"451\" data-end=\"474\">Jednostavno \u010di\u0161\u0107enje:<\/strong> <span class=\"relative -mx-px my-[-0.2rem] rounded px-px py-[0.2rem]\">\u010cetka je izra\u0111ena od materijala koji omogu\u0107uju jednostavno \u010di\u0161\u0107enje i odr\u017eavanje.<\/span><\/p>\n<\/li>\n<\/ul>\n<p class=\"\" data-start=\"558\" data-end=\"643\"><span class=\"relative -mx-px my-[-0.2rem] rounded px-px py-[0.2rem]\">Uklju\u010divanjem \u010detke H-T Steam u va\u0161u rutinu njege osigurat \u0107ete da va\u0161 konj ili ku\u0107ni ljubimac uvijek bude \u010dist, zdrav i zadovoljan.<\/span><\/p>\n","protected":false},"excerpt":{"rendered":"<ul>\n<li>\u010detka na paru<\/li>\n<li>odli\u010dna za konje, ma\u010dke i pse<\/li>\n<li>puni se prilo\u017eenim USB kabelom<\/li>\n<\/ul>\n","protected":false},"featured_media":92853,"template":"","meta":{"footnotes":""},"product_brand":[],"product_cat":[5630,5626,5848,5624,5847,5846,5625,5628,5627],"product_tag":[],"class_list":{"0":"post-92842","1":"product","2":"type-product","3":"status-publish","4":"has-post-thumbnail","6":"product_cat-cetke-hr","7":"product_cat-cetke","8":"product_cat-cetke-za-male-zivotinje","9":"product_cat-konj-hr","10":"product_cat-kozmetika-za-pse","11":"product_cat-male-zivotinje","12":"product_cat-njega-konja","13":"product_cat-njega-konja-hr","14":"product_cat-stala-i-pasnjak","16":"first","17":"instock","18":"shipping-taxable","19":"purchasable","20":"product-type-simple"},"yoast_head":"<!-- This site is optimized with the Yoast SEO plugin v27.3 - https:\/\/yoast.com\/product\/yoast-seo-wordpress\/ -->\n<title>\u010cetka H-T Steam - Clair<\/title>\n<meta name=\"description\" content=\"\u010detka na paru  odli\u010dna za konje, ma\u010dke i pse  puni se prilo\u017eenim USB kabelom\" \/>\n<meta name=\"robots\" content=\"index, follow, max-snippet:-1, max-image-preview:large, max-video-preview:-1\" \/>\n<link rel=\"canonical\" href=\"https:\/\/clair.si\/hr\/izdelek\/cetka-h-t-steam\/\" \/>\n<meta property=\"og:locale\" content=\"hr_HR\" \/>\n<meta property=\"og:type\" content=\"article\" \/>\n<meta property=\"og:title\" content=\"\u010cetka H-T Steam - Clair\" \/>\n<meta property=\"og:description\" content=\"\u010detka na paru  odli\u010dna za konje, ma\u010dke i pse  puni se prilo\u017eenim USB kabelom\" \/>\n<meta property=\"og:url\" content=\"https:\/\/clair.si\/hr\/izdelek\/cetka-h-t-steam\/\" \/>\n<meta property=\"og:site_name\" content=\"Clair\" \/>\n<meta property=\"article:publisher\" content=\"https:\/\/www.facebook.com\/TrgovinaClair\/\" \/>\n<meta property=\"article:modified_time\" content=\"2025-08-27T19:15:50+00:00\" \/>\n<meta property=\"og:image\" content=\"https:\/\/clair.si\/wp-content\/uploads\/2025\/04\/mla-parna-krtaca.webp\" \/>\n\t<meta property=\"og:image:width\" content=\"800\" \/>\n\t<meta property=\"og:image:height\" content=\"800\" \/>\n\t<meta property=\"og:image:type\" content=\"image\/jpeg\" \/>\n<meta name=\"twitter:card\" content=\"summary_large_image\" \/>\n<meta name=\"twitter:label1\" content=\"Procijenjeno vrijeme \u010ditanja\" \/>\n\t<meta name=\"twitter:data1\" content=\"1 minuta\" \/>\n<script type=\"application\/ld+json\" class=\"yoast-schema-graph\">{\"@context\":\"https:\\\/\\\/schema.org\",\"@graph\":[{\"@type\":\"WebPage\",\"@id\":\"https:\\\/\\\/clair.si\\\/hr\\\/izdelek\\\/cetka-h-t-steam\\\/\",\"url\":\"https:\\\/\\\/clair.si\\\/hr\\\/izdelek\\\/cetka-h-t-steam\\\/\",\"name\":\"\u010cetka H-T Steam - Clair\",\"isPartOf\":{\"@id\":\"https:\\\/\\\/clair.si\\\/#website\"},\"primaryImageOfPage\":{\"@id\":\"https:\\\/\\\/clair.si\\\/hr\\\/izdelek\\\/cetka-h-t-steam\\\/#primaryimage\"},\"image\":{\"@id\":\"https:\\\/\\\/clair.si\\\/hr\\\/izdelek\\\/cetka-h-t-steam\\\/#primaryimage\"},\"thumbnailUrl\":\"https:\\\/\\\/clair.si\\\/wp-content\\\/uploads\\\/2025\\\/04\\\/mla-parna-krtaca.webp\",\"datePublished\":\"2025-04-02T11:00:25+00:00\",\"dateModified\":\"2025-08-27T19:15:50+00:00\",\"description\":\"\u010detka na paru odli\u010dna za konje, ma\u010dke i pse puni se prilo\u017eenim USB kabelom\",\"breadcrumb\":{\"@id\":\"https:\\\/\\\/clair.si\\\/hr\\\/izdelek\\\/cetka-h-t-steam\\\/#breadcrumb\"},\"inLanguage\":\"hr\",\"potentialAction\":[{\"@type\":\"ReadAction\",\"target\":[\"https:\\\/\\\/clair.si\\\/hr\\\/izdelek\\\/cetka-h-t-steam\\\/\"]}]},{\"@type\":\"ImageObject\",\"inLanguage\":\"hr\",\"@id\":\"https:\\\/\\\/clair.si\\\/hr\\\/izdelek\\\/cetka-h-t-steam\\\/#primaryimage\",\"url\":\"https:\\\/\\\/clair.si\\\/wp-content\\\/uploads\\\/2025\\\/04\\\/mla-parna-krtaca.webp\",\"contentUrl\":\"https:\\\/\\\/clair.si\\\/wp-content\\\/uploads\\\/2025\\\/04\\\/mla-parna-krtaca.webp\",\"width\":800,\"height\":800},{\"@type\":\"BreadcrumbList\",\"@id\":\"https:\\\/\\\/clair.si\\\/hr\\\/izdelek\\\/cetka-h-t-steam\\\/#breadcrumb\",\"itemListElement\":[{\"@type\":\"ListItem\",\"position\":1,\"name\":\"Home\",\"item\":\"https:\\\/\\\/clair.si\\\/hr\\\/\"},{\"@type\":\"ListItem\",\"position\":2,\"name\":\"Trgovina\",\"item\":\"https:\\\/\\\/clair.si\\\/trgovina\\\/\"},{\"@type\":\"ListItem\",\"position\":3,\"name\":\"\u010cetka H-T Steam\"}]},{\"@type\":\"WebSite\",\"@id\":\"https:\\\/\\\/clair.si\\\/#website\",\"url\":\"https:\\\/\\\/clair.si\\\/\",\"name\":\"Clair\",\"description\":\"Trgovina s konjeni\u0161ko opremo\",\"publisher\":{\"@id\":\"https:\\\/\\\/clair.si\\\/#organization\"},\"potentialAction\":[{\"@type\":\"SearchAction\",\"target\":{\"@type\":\"EntryPoint\",\"urlTemplate\":\"https:\\\/\\\/clair.si\\\/?s={search_term_string}\"},\"query-input\":{\"@type\":\"PropertyValueSpecification\",\"valueRequired\":true,\"valueName\":\"search_term_string\"}}],\"inLanguage\":\"hr\"},{\"@type\":\"Organization\",\"@id\":\"https:\\\/\\\/clair.si\\\/#organization\",\"name\":\"Clair\",\"url\":\"https:\\\/\\\/clair.si\\\/\",\"logo\":{\"@type\":\"ImageObject\",\"inLanguage\":\"hr\",\"@id\":\"https:\\\/\\\/clair.si\\\/#\\\/schema\\\/logo\\\/image\\\/\",\"url\":\"https:\\\/\\\/clair.si\\\/wp-content\\\/uploads\\\/2022\\\/11\\\/clair_logo_2022.jpg\",\"contentUrl\":\"https:\\\/\\\/clair.si\\\/wp-content\\\/uploads\\\/2022\\\/11\\\/clair_logo_2022.jpg\",\"width\":1920,\"height\":1920,\"caption\":\"Clair\"},\"image\":{\"@id\":\"https:\\\/\\\/clair.si\\\/#\\\/schema\\\/logo\\\/image\\\/\"},\"sameAs\":[\"https:\\\/\\\/www.facebook.com\\\/TrgovinaClair\\\/\"]}]}<\/script>\n<!-- \/ Yoast SEO plugin. -->","yoast_head_json":{"title":"\u010cetka H-T Steam - Clair","description":"\u010detka na paru  odli\u010dna za konje, ma\u010dke i pse  puni se prilo\u017eenim USB kabelom","robots":{"index":"index","follow":"follow","max-snippet":"max-snippet:-1","max-image-preview":"max-image-preview:large","max-video-preview":"max-video-preview:-1"},"canonical":"https:\/\/clair.si\/hr\/izdelek\/cetka-h-t-steam\/","og_locale":"hr_HR","og_type":"article","og_title":"\u010cetka H-T Steam - Clair","og_description":"\u010detka na paru  odli\u010dna za konje, ma\u010dke i pse  puni se prilo\u017eenim USB kabelom","og_url":"https:\/\/clair.si\/hr\/izdelek\/cetka-h-t-steam\/","og_site_name":"Clair","article_publisher":"https:\/\/www.facebook.com\/TrgovinaClair\/","article_modified_time":"2025-08-27T19:15:50+00:00","og_image":[{"width":800,"height":800,"url":"https:\/\/clair.si\/wp-content\/uploads\/2025\/04\/mla-parna-krtaca.webp","type":"image\/jpeg"}],"twitter_card":"summary_large_image","twitter_misc":{"Procijenjeno vrijeme \u010ditanja":"1 minuta"},"schema":{"@context":"https:\/\/schema.org","@graph":[{"@type":"WebPage","@id":"https:\/\/clair.si\/hr\/izdelek\/cetka-h-t-steam\/","url":"https:\/\/clair.si\/hr\/izdelek\/cetka-h-t-steam\/","name":"\u010cetka H-T Steam - Clair","isPartOf":{"@id":"https:\/\/clair.si\/#website"},"primaryImageOfPage":{"@id":"https:\/\/clair.si\/hr\/izdelek\/cetka-h-t-steam\/#primaryimage"},"image":{"@id":"https:\/\/clair.si\/hr\/izdelek\/cetka-h-t-steam\/#primaryimage"},"thumbnailUrl":"https:\/\/clair.si\/wp-content\/uploads\/2025\/04\/mla-parna-krtaca.webp","datePublished":"2025-04-02T11:00:25+00:00","dateModified":"2025-08-27T19:15:50+00:00","description":"\u010detka na paru odli\u010dna za konje, ma\u010dke i pse puni se prilo\u017eenim USB kabelom","breadcrumb":{"@id":"https:\/\/clair.si\/hr\/izdelek\/cetka-h-t-steam\/#breadcrumb"},"inLanguage":"hr","potentialAction":[{"@type":"ReadAction","target":["https:\/\/clair.si\/hr\/izdelek\/cetka-h-t-steam\/"]}]},{"@type":"ImageObject","inLanguage":"hr","@id":"https:\/\/clair.si\/hr\/izdelek\/cetka-h-t-steam\/#primaryimage","url":"https:\/\/clair.si\/wp-content\/uploads\/2025\/04\/mla-parna-krtaca.webp","contentUrl":"https:\/\/clair.si\/wp-content\/uploads\/2025\/04\/mla-parna-krtaca.webp","width":800,"height":800},{"@type":"BreadcrumbList","@id":"https:\/\/clair.si\/hr\/izdelek\/cetka-h-t-steam\/#breadcrumb","itemListElement":[{"@type":"ListItem","position":1,"name":"Home","item":"https:\/\/clair.si\/hr\/"},{"@type":"ListItem","position":2,"name":"Trgovina","item":"https:\/\/clair.si\/trgovina\/"},{"@type":"ListItem","position":3,"name":"\u010cetka H-T Steam"}]},{"@type":"WebSite","@id":"https:\/\/clair.si\/#website","url":"https:\/\/clair.si\/","name":"Clair","description":"Trgovina s konjeni\u0161ko opremo","publisher":{"@id":"https:\/\/clair.si\/#organization"},"potentialAction":[{"@type":"SearchAction","target":{"@type":"EntryPoint","urlTemplate":"https:\/\/clair.si\/?s={search_term_string}"},"query-input":{"@type":"PropertyValueSpecification","valueRequired":true,"valueName":"search_term_string"}}],"inLanguage":"hr"},{"@type":"Organization","@id":"https:\/\/clair.si\/#organization","name":"Clair","url":"https:\/\/clair.si\/","logo":{"@type":"ImageObject","inLanguage":"hr","@id":"https:\/\/clair.si\/#\/schema\/logo\/image\/","url":"https:\/\/clair.si\/wp-content\/uploads\/2022\/11\/clair_logo_2022.jpg","contentUrl":"https:\/\/clair.si\/wp-content\/uploads\/2022\/11\/clair_logo_2022.jpg","width":1920,"height":1920,"caption":"Clair"},"image":{"@id":"https:\/\/clair.si\/#\/schema\/logo\/image\/"},"sameAs":["https:\/\/www.facebook.com\/TrgovinaClair\/"]}]}},"_links":{"self":[{"href":"https:\/\/clair.si\/hr\/wp-json\/wp\/v2\/product\/92842","targetHints":{"allow":["GET"]}}],"collection":[{"href":"https:\/\/clair.si\/hr\/wp-json\/wp\/v2\/product"}],"about":[{"href":"https:\/\/clair.si\/hr\/wp-json\/wp\/v2\/types\/product"}],"version-history":[{"count":0,"href":"https:\/\/clair.si\/hr\/wp-json\/wp\/v2\/product\/92842\/revisions"}],"wp:featuredmedia":[{"embeddable":true,"href":"https:\/\/clair.si\/hr\/wp-json\/wp\/v2\/media\/92853"}],"wp:attachment":[{"href":"https:\/\/clair.si\/hr\/wp-json\/wp\/v2\/media?parent=92842"}],"wp:term":[{"taxonomy":"product_brand","embeddable":true,"href":"https:\/\/clair.si\/hr\/wp-json\/wp\/v2\/product_brand?post=92842"},{"taxonomy":"product_cat","embeddable":true,"href":"https:\/\/clair.si\/hr\/wp-json\/wp\/v2\/product_cat?post=92842"},{"taxonomy":"product_tag","embeddable":true,"href":"https:\/\/clair.si\/hr\/wp-json\/wp\/v2\/product_tag?post=92842"}],"curies":[{"name":"wp","href":"https:\/\/api.w.org\/{rel}","templated":true}]}}