{"id":92857,"date":"2025-04-02T12:49:38","date_gmt":"2025-04-02T10:49:38","guid":{"rendered":"https:\/\/clair.si\/izdelek\/mreza-za-sijeno-h-t-tunel\/"},"modified":"2025-08-27T15:37:17","modified_gmt":"2025-08-27T13:37:17","slug":"mreza-za-sijeno-h-t-tunel","status":"publish","type":"product","link":"https:\/\/clair.si\/hr\/izdelek\/mreza-za-sijeno-h-t-tunel\/","title":{"rendered":"Mre\u017ea za sijeno H-T Tunel"},"content":{"rendered":"<p class=\"\" data-start=\"0\" data-end=\"126\"><span class=\"relative -mx-px my-[-0.2rem] rounded px-px py-[0.2rem]\">Mre\u017ea za sijeno H-T Tunel inovativno je rje\u0161enje za u\u010dinkovito i kontrolirano hranjenje va\u0161eg konja.<\/span> <span class=\"relative -mx-px my-[-0.2rem] rounded px-px py-[0.2rem]\">S svojim tunelskim oblikom omogu\u0107uje jednostavno punjenje i optimalnu raspodjelu sijena, \u0161to poti\u010de sporo u\u017eivanje hrane te smanjuje otpad.<\/span><\/p>\n<p class=\"\" data-start=\"128\" data-end=\"150\"><strong data-start=\"128\" data-end=\"150\">Klju\u010dne zna\u010dajke:<\/strong><\/p>\n<ul data-start=\"152\" data-end=\"809\">\n<li class=\"\" data-start=\"152\" data-end=\"254\">\n<p class=\"\" data-start=\"154\" data-end=\"254\"><strong data-start=\"154\" data-end=\"172\">Oblik tunela:<\/strong> <span class=\"relative -mx-px my-[-0.2rem] rounded px-px py-[0.2rem]\">Omogu\u0107uje maksimalno skladi\u0161tenje sijena i produljuje vrijeme hranjenja.<\/span><\/p>\n<\/li>\n<li class=\"\" data-start=\"256\" data-end=\"360\">\n<p class=\"\" data-start=\"258\" data-end=\"360\"><strong data-start=\"258\" data-end=\"278\">Du\u017eina 2 metra:<\/strong> <span class=\"relative -mx-px my-[-0.2rem] rounded px-px py-[0.2rem]\">Osigurava dugotrajnu opskrbu sijenom bez potrebe za \u010destim dodavanjem.<\/span><\/p>\n<\/li>\n<li class=\"\" data-start=\"362\" data-end=\"472\">\n<p class=\"\" data-start=\"364\" data-end=\"472\"><strong data-start=\"364\" data-end=\"390\">Veli\u010dina mre\u017enih o\u010dica:<\/strong> <span class=\"relative -mx-px my-[-0.2rem] rounded px-px py-[0.2rem]\">Pribli\u017eno 7 x 7 cm, \u0161to omogu\u0107uje sporo i kontrolirano u\u017eivanje sijena te smanjuje prejedanje.<\/span><\/p>\n<\/li>\n<li class=\"\" data-start=\"474\" data-end=\"585\">\n<p class=\"\" data-start=\"476\" data-end=\"585\"><strong data-start=\"476\" data-end=\"501\">Jednostavna monta\u017ea:<\/strong> <span class=\"relative -mx-px my-[-0.2rem] rounded px-px py-[0.2rem]\">Mre\u017ea se mo\u017ee pri\u010dvrstiti na oba kraja, \u0161to omogu\u0107uje prilagodljivu monta\u017eu u \u0161tali ili na pa\u0161njaku.<\/span><\/p>\n<\/li>\n<li class=\"\" data-start=\"587\" data-end=\"699\">\n<p class=\"\" data-start=\"589\" data-end=\"699\"><strong data-start=\"589\" data-end=\"613\">Patentni zatvara\u010d za punjenje:<\/strong> <span class=\"relative -mx-px my-[-0.2rem] rounded px-px py-[0.2rem]\">Sustav zatvaranja patentnim zatvara\u010dem olak\u0161ava punjenje i sprje\u010dava rasipanje sijena.<\/span><\/p>\n<\/li>\n<li class=\"\" data-start=\"701\" data-end=\"809\">\n<p class=\"\" data-start=\"703\" data-end=\"809\"><strong data-start=\"703\" data-end=\"723\">Metalni prsteni:<\/strong> <span class=\"relative -mx-px my-[-0.2rem] rounded px-px py-[0.2rem]\">Klizni prsteni omogu\u0107uju jednostavno zatvaranje i dodatnu stabilnost.<\/span><\/p>\n<\/li>\n<\/ul>\n<p class=\"\" data-start=\"811\" data-end=\"976\"><span class=\"relative -mx-px my-[-0.2rem] rounded px-px py-[0.2rem]\">Kori\u0161tenje mre\u017ee za sijeno H-T Tunel ne samo da produljuje vrijeme hranjenja, ve\u0107 i smanjuje stres kod konja, jer opona\u0161a prirodnu ispa\u0161u.<\/span> <span class=\"relative -mx-px my-[-0.2rem] rounded px-px py-[0.2rem]\">Osim toga, poma\u017ee odr\u017eavati \u0161talu \u010di\u0161\u0107om jer sprje\u010dava rasipanje sijena po podu.<\/span> <span class=\"relative -mx-px my-[-0.2rem] rounded px-px py-[0.2rem]\">Izra\u0111ena od izdr\u017eljivih materijala, osigurava dug \u017eivotni vijek i otpornost na habanje.<\/span><\/p>\n<p class=\"\" data-start=\"0\" data-end=\"126\"><span class=\"relative -mx-px my-[-0.2rem] rounded px-px py-[0.2rem]\">inovativno je rje\u0161enje za u\u010dinkovito i kontrolirano hranjenje va\u0161eg konja.<\/span> <span class=\"relative -mx-px my-[-0.2rem] rounded px-px py-[0.2rem]\">S svojim tunelskim oblikom omogu\u0107uje jednostavno punjenje i optimalnu raspodjelu sijena, \u0161to poti\u010de sporo u\u017eivanje hrane te smanjuje otpad.<\/span><\/p>\n<p class=\"\" data-start=\"128\" data-end=\"150\"><strong data-start=\"128\" data-end=\"150\">Klju\u010dne zna\u010dajke:<\/strong><\/p>\n<ul data-start=\"152\" data-end=\"809\">\n<li class=\"\" data-start=\"152\" data-end=\"254\">\n<p class=\"\" data-start=\"154\" data-end=\"254\"><strong data-start=\"154\" data-end=\"172\">Oblik tunela:<\/strong> <span class=\"relative -mx-px my-[-0.2rem] rounded px-px py-[0.2rem]\">Omogu\u0107uje maksimalno skladi\u0161tenje sijena i produljuje vrijeme hranjenja.<\/span><\/p>\n<\/li>\n<li class=\"\" data-start=\"256\" data-end=\"360\">\n<p class=\"\" data-start=\"258\" data-end=\"360\"><strong data-start=\"258\" data-end=\"278\">Du\u017eina 2 metra:<\/strong> <span class=\"relative -mx-px my-[-0.2rem] rounded px-px py-[0.2rem]\">Osigurava dugotrajnu opskrbu sijenom bez potrebe za \u010destim dodavanjem.<\/span><\/p>\n<\/li>\n<li class=\"\" data-start=\"362\" data-end=\"472\">\n<p class=\"\" data-start=\"364\" data-end=\"472\"><strong data-start=\"364\" data-end=\"390\">Veli\u010dina mre\u017enih o\u010dica:<\/strong> <span class=\"relative -mx-px my-[-0.2rem] rounded px-px py-[0.2rem]\">Pribli\u017eno 7 x 7 cm, \u0161to omogu\u0107uje sporo i kontrolirano u\u017eivanje sijena te smanjuje prejedanje.<\/span><\/p>\n<\/li>\n<li class=\"\" data-start=\"474\" data-end=\"585\">\n<p class=\"\" data-start=\"476\" data-end=\"585\"><strong data-start=\"476\" data-end=\"501\">Jednostavna monta\u017ea:<\/strong> <span class=\"relative -mx-px my-[-0.2rem] rounded px-px py-[0.2rem]\">Mre\u017ea se mo\u017ee pri\u010dvrstiti na oba kraja, \u0161to omogu\u0107uje prilagodljivu monta\u017eu u \u0161tali ili na pa\u0161njaku.<\/span><\/p>\n<\/li>\n<li class=\"\" data-start=\"587\" data-end=\"699\">\n<p class=\"\" data-start=\"589\" data-end=\"699\"><strong data-start=\"589\" data-end=\"613\">Patentni zatvara\u010d za punjenje:<\/strong> <span class=\"relative -mx-px my-[-0.2rem] rounded px-px py-[0.2rem]\">Sustav zatvaranja patentnim zatvara\u010dem olak\u0161ava punjenje i sprje\u010dava rasipanje sijena.<\/span><\/p>\n<\/li>\n<li class=\"\" data-start=\"701\" data-end=\"809\">\n<p class=\"\" data-start=\"703\" data-end=\"809\"><strong data-start=\"703\" data-end=\"723\">Metalni prsteni:<\/strong> <span class=\"relative -mx-px my-[-0.2rem] rounded px-px py-[0.2rem]\">Klizni prsteni omogu\u0107uju jednostavno zatvaranje i dodatnu stabilnost.<\/span><\/p>\n<\/li>\n<\/ul>\n<p class=\"\" data-start=\"811\" data-end=\"976\"><span class=\"relative -mx-px my-[-0.2rem] rounded px-px py-[0.2rem]\">Kori\u0161tenje mre\u017ee za sijeno H-T Tunel ne samo da produljuje vrijeme hranjenja, ve\u0107 i smanjuje stres kod konja, jer opona\u0161a prirodnu ispa\u0161u.<\/span> <span class=\"relative -mx-px my-[-0.2rem] rounded px-px py-[0.2rem]\">Osim toga, poma\u017ee odr\u017eavati \u0161talu \u010di\u0161\u0107om jer sprje\u010dava rasipanje sijena po podu.<\/span> <span class=\"relative -mx-px my-[-0.2rem] rounded px-px py-[0.2rem]\">Izra\u0111ena od izdr\u017eljivih materijala, osigurava dug \u017eivotni vijek i otpornost na habanje.<\/span><\/p>\n","protected":false},"excerpt":{"rendered":"<ul>\n<li>prakti\u010dno rje\u0161enje za hranjenje sijenom<\/li>\n<li>korisno kako u \u0161tali tako i u ispustu<\/li>\n<li>s patentnim zatvara\u010dem<\/li>\n<\/ul>\n","protected":false},"featured_media":92859,"template":"","meta":{"footnotes":""},"product_brand":[],"product_cat":[5756,5824,5627],"product_tag":[],"class_list":{"0":"post-92857","1":"product","2":"type-product","3":"status-publish","4":"has-post-thumbnail","6":"product_cat-dodaci-za-stalu","7":"product_cat-hranilice","8":"product_cat-stala-i-pasnjak","10":"first","11":"instock","12":"shipping-taxable","13":"purchasable","14":"product-type-simple"},"yoast_head":"<!-- This site is optimized with the Yoast SEO plugin v27.3 - https:\/\/yoast.com\/product\/yoast-seo-wordpress\/ -->\n<title>Mre\u017ea za sijeno H-T Tunel - Clair<\/title>\n<meta name=\"description\" content=\"prakti\u010dno rje\u0161enje za hranjenje sijenom  korisno kako u \u0161tali tako i u ispustu  s patentnim zatvara\u010dem\" \/>\n<meta name=\"robots\" content=\"index, follow, max-snippet:-1, max-image-preview:large, max-video-preview:-1\" \/>\n<link rel=\"canonical\" href=\"https:\/\/clair.si\/hr\/izdelek\/mreza-za-sijeno-h-t-tunel\/\" \/>\n<meta property=\"og:locale\" content=\"hr_HR\" \/>\n<meta property=\"og:type\" content=\"article\" \/>\n<meta property=\"og:title\" content=\"Mre\u017ea za sijeno H-T Tunel - Clair\" \/>\n<meta property=\"og:description\" content=\"prakti\u010dno rje\u0161enje za hranjenje sijenom  korisno kako u \u0161tali tako i u ispustu  s patentnim zatvara\u010dem\" \/>\n<meta property=\"og:url\" content=\"https:\/\/clair.si\/hr\/izdelek\/mreza-za-sijeno-h-t-tunel\/\" \/>\n<meta property=\"og:site_name\" content=\"Clair\" \/>\n<meta property=\"article:publisher\" content=\"https:\/\/www.facebook.com\/TrgovinaClair\/\" \/>\n<meta property=\"article:modified_time\" content=\"2025-08-27T13:37:17+00:00\" \/>\n<meta property=\"og:image\" content=\"https:\/\/clair.si\/wp-content\/uploads\/2025\/04\/tunel-mreza.webp\" \/>\n\t<meta property=\"og:image:width\" content=\"458\" \/>\n\t<meta property=\"og:image:height\" content=\"458\" \/>\n\t<meta property=\"og:image:type\" content=\"image\/jpeg\" \/>\n<meta name=\"twitter:card\" content=\"summary_large_image\" \/>\n<meta name=\"twitter:label1\" content=\"Procijenjeno vrijeme \u010ditanja\" \/>\n\t<meta name=\"twitter:data1\" content=\"2 minute\" \/>\n<script type=\"application\/ld+json\" class=\"yoast-schema-graph\">{\"@context\":\"https:\\\/\\\/schema.org\",\"@graph\":[{\"@type\":\"WebPage\",\"@id\":\"https:\\\/\\\/clair.si\\\/hr\\\/izdelek\\\/mreza-za-sijeno-h-t-tunel\\\/\",\"url\":\"https:\\\/\\\/clair.si\\\/hr\\\/izdelek\\\/mreza-za-sijeno-h-t-tunel\\\/\",\"name\":\"Mre\u017ea za sijeno H-T Tunel - Clair\",\"isPartOf\":{\"@id\":\"https:\\\/\\\/clair.si\\\/#website\"},\"primaryImageOfPage\":{\"@id\":\"https:\\\/\\\/clair.si\\\/hr\\\/izdelek\\\/mreza-za-sijeno-h-t-tunel\\\/#primaryimage\"},\"image\":{\"@id\":\"https:\\\/\\\/clair.si\\\/hr\\\/izdelek\\\/mreza-za-sijeno-h-t-tunel\\\/#primaryimage\"},\"thumbnailUrl\":\"https:\\\/\\\/clair.si\\\/wp-content\\\/uploads\\\/2025\\\/04\\\/tunel-mreza.webp\",\"datePublished\":\"2025-04-02T10:49:38+00:00\",\"dateModified\":\"2025-08-27T13:37:17+00:00\",\"description\":\"prakti\u010dno rje\u0161enje za hranjenje sijenom korisno kako u \u0161tali tako i u ispustu s patentnim zatvara\u010dem\",\"breadcrumb\":{\"@id\":\"https:\\\/\\\/clair.si\\\/hr\\\/izdelek\\\/mreza-za-sijeno-h-t-tunel\\\/#breadcrumb\"},\"inLanguage\":\"hr\",\"potentialAction\":[{\"@type\":\"ReadAction\",\"target\":[\"https:\\\/\\\/clair.si\\\/hr\\\/izdelek\\\/mreza-za-sijeno-h-t-tunel\\\/\"]}]},{\"@type\":\"ImageObject\",\"inLanguage\":\"hr\",\"@id\":\"https:\\\/\\\/clair.si\\\/hr\\\/izdelek\\\/mreza-za-sijeno-h-t-tunel\\\/#primaryimage\",\"url\":\"https:\\\/\\\/clair.si\\\/wp-content\\\/uploads\\\/2025\\\/04\\\/tunel-mreza.webp\",\"contentUrl\":\"https:\\\/\\\/clair.si\\\/wp-content\\\/uploads\\\/2025\\\/04\\\/tunel-mreza.webp\",\"width\":458,\"height\":458},{\"@type\":\"BreadcrumbList\",\"@id\":\"https:\\\/\\\/clair.si\\\/hr\\\/izdelek\\\/mreza-za-sijeno-h-t-tunel\\\/#breadcrumb\",\"itemListElement\":[{\"@type\":\"ListItem\",\"position\":1,\"name\":\"Home\",\"item\":\"https:\\\/\\\/clair.si\\\/hr\\\/\"},{\"@type\":\"ListItem\",\"position\":2,\"name\":\"Trgovina\",\"item\":\"https:\\\/\\\/clair.si\\\/trgovina\\\/\"},{\"@type\":\"ListItem\",\"position\":3,\"name\":\"Mre\u017ea za sijeno H-T Tunel\"}]},{\"@type\":\"WebSite\",\"@id\":\"https:\\\/\\\/clair.si\\\/#website\",\"url\":\"https:\\\/\\\/clair.si\\\/\",\"name\":\"Clair\",\"description\":\"Trgovina s konjeni\u0161ko opremo\",\"publisher\":{\"@id\":\"https:\\\/\\\/clair.si\\\/#organization\"},\"potentialAction\":[{\"@type\":\"SearchAction\",\"target\":{\"@type\":\"EntryPoint\",\"urlTemplate\":\"https:\\\/\\\/clair.si\\\/?s={search_term_string}\"},\"query-input\":{\"@type\":\"PropertyValueSpecification\",\"valueRequired\":true,\"valueName\":\"search_term_string\"}}],\"inLanguage\":\"hr\"},{\"@type\":\"Organization\",\"@id\":\"https:\\\/\\\/clair.si\\\/#organization\",\"name\":\"Clair\",\"url\":\"https:\\\/\\\/clair.si\\\/\",\"logo\":{\"@type\":\"ImageObject\",\"inLanguage\":\"hr\",\"@id\":\"https:\\\/\\\/clair.si\\\/#\\\/schema\\\/logo\\\/image\\\/\",\"url\":\"https:\\\/\\\/clair.si\\\/wp-content\\\/uploads\\\/2022\\\/11\\\/clair_logo_2022.jpg\",\"contentUrl\":\"https:\\\/\\\/clair.si\\\/wp-content\\\/uploads\\\/2022\\\/11\\\/clair_logo_2022.jpg\",\"width\":1920,\"height\":1920,\"caption\":\"Clair\"},\"image\":{\"@id\":\"https:\\\/\\\/clair.si\\\/#\\\/schema\\\/logo\\\/image\\\/\"},\"sameAs\":[\"https:\\\/\\\/www.facebook.com\\\/TrgovinaClair\\\/\"]}]}<\/script>\n<!-- \/ Yoast SEO plugin. -->","yoast_head_json":{"title":"Mre\u017ea za sijeno H-T Tunel - Clair","description":"prakti\u010dno rje\u0161enje za hranjenje sijenom  korisno kako u \u0161tali tako i u ispustu  s patentnim zatvara\u010dem","robots":{"index":"index","follow":"follow","max-snippet":"max-snippet:-1","max-image-preview":"max-image-preview:large","max-video-preview":"max-video-preview:-1"},"canonical":"https:\/\/clair.si\/hr\/izdelek\/mreza-za-sijeno-h-t-tunel\/","og_locale":"hr_HR","og_type":"article","og_title":"Mre\u017ea za sijeno H-T Tunel - Clair","og_description":"prakti\u010dno rje\u0161enje za hranjenje sijenom  korisno kako u \u0161tali tako i u ispustu  s patentnim zatvara\u010dem","og_url":"https:\/\/clair.si\/hr\/izdelek\/mreza-za-sijeno-h-t-tunel\/","og_site_name":"Clair","article_publisher":"https:\/\/www.facebook.com\/TrgovinaClair\/","article_modified_time":"2025-08-27T13:37:17+00:00","og_image":[{"width":458,"height":458,"url":"https:\/\/clair.si\/wp-content\/uploads\/2025\/04\/tunel-mreza.webp","type":"image\/jpeg"}],"twitter_card":"summary_large_image","twitter_misc":{"Procijenjeno vrijeme \u010ditanja":"2 minute"},"schema":{"@context":"https:\/\/schema.org","@graph":[{"@type":"WebPage","@id":"https:\/\/clair.si\/hr\/izdelek\/mreza-za-sijeno-h-t-tunel\/","url":"https:\/\/clair.si\/hr\/izdelek\/mreza-za-sijeno-h-t-tunel\/","name":"Mre\u017ea za sijeno H-T Tunel - Clair","isPartOf":{"@id":"https:\/\/clair.si\/#website"},"primaryImageOfPage":{"@id":"https:\/\/clair.si\/hr\/izdelek\/mreza-za-sijeno-h-t-tunel\/#primaryimage"},"image":{"@id":"https:\/\/clair.si\/hr\/izdelek\/mreza-za-sijeno-h-t-tunel\/#primaryimage"},"thumbnailUrl":"https:\/\/clair.si\/wp-content\/uploads\/2025\/04\/tunel-mreza.webp","datePublished":"2025-04-02T10:49:38+00:00","dateModified":"2025-08-27T13:37:17+00:00","description":"prakti\u010dno rje\u0161enje za hranjenje sijenom korisno kako u \u0161tali tako i u ispustu s patentnim zatvara\u010dem","breadcrumb":{"@id":"https:\/\/clair.si\/hr\/izdelek\/mreza-za-sijeno-h-t-tunel\/#breadcrumb"},"inLanguage":"hr","potentialAction":[{"@type":"ReadAction","target":["https:\/\/clair.si\/hr\/izdelek\/mreza-za-sijeno-h-t-tunel\/"]}]},{"@type":"ImageObject","inLanguage":"hr","@id":"https:\/\/clair.si\/hr\/izdelek\/mreza-za-sijeno-h-t-tunel\/#primaryimage","url":"https:\/\/clair.si\/wp-content\/uploads\/2025\/04\/tunel-mreza.webp","contentUrl":"https:\/\/clair.si\/wp-content\/uploads\/2025\/04\/tunel-mreza.webp","width":458,"height":458},{"@type":"BreadcrumbList","@id":"https:\/\/clair.si\/hr\/izdelek\/mreza-za-sijeno-h-t-tunel\/#breadcrumb","itemListElement":[{"@type":"ListItem","position":1,"name":"Home","item":"https:\/\/clair.si\/hr\/"},{"@type":"ListItem","position":2,"name":"Trgovina","item":"https:\/\/clair.si\/trgovina\/"},{"@type":"ListItem","position":3,"name":"Mre\u017ea za sijeno H-T Tunel"}]},{"@type":"WebSite","@id":"https:\/\/clair.si\/#website","url":"https:\/\/clair.si\/","name":"Clair","description":"Trgovina s konjeni\u0161ko opremo","publisher":{"@id":"https:\/\/clair.si\/#organization"},"potentialAction":[{"@type":"SearchAction","target":{"@type":"EntryPoint","urlTemplate":"https:\/\/clair.si\/?s={search_term_string}"},"query-input":{"@type":"PropertyValueSpecification","valueRequired":true,"valueName":"search_term_string"}}],"inLanguage":"hr"},{"@type":"Organization","@id":"https:\/\/clair.si\/#organization","name":"Clair","url":"https:\/\/clair.si\/","logo":{"@type":"ImageObject","inLanguage":"hr","@id":"https:\/\/clair.si\/#\/schema\/logo\/image\/","url":"https:\/\/clair.si\/wp-content\/uploads\/2022\/11\/clair_logo_2022.jpg","contentUrl":"https:\/\/clair.si\/wp-content\/uploads\/2022\/11\/clair_logo_2022.jpg","width":1920,"height":1920,"caption":"Clair"},"image":{"@id":"https:\/\/clair.si\/#\/schema\/logo\/image\/"},"sameAs":["https:\/\/www.facebook.com\/TrgovinaClair\/"]}]}},"_links":{"self":[{"href":"https:\/\/clair.si\/hr\/wp-json\/wp\/v2\/product\/92857","targetHints":{"allow":["GET"]}}],"collection":[{"href":"https:\/\/clair.si\/hr\/wp-json\/wp\/v2\/product"}],"about":[{"href":"https:\/\/clair.si\/hr\/wp-json\/wp\/v2\/types\/product"}],"version-history":[{"count":0,"href":"https:\/\/clair.si\/hr\/wp-json\/wp\/v2\/product\/92857\/revisions"}],"wp:featuredmedia":[{"embeddable":true,"href":"https:\/\/clair.si\/hr\/wp-json\/wp\/v2\/media\/92859"}],"wp:attachment":[{"href":"https:\/\/clair.si\/hr\/wp-json\/wp\/v2\/media?parent=92857"}],"wp:term":[{"taxonomy":"product_brand","embeddable":true,"href":"https:\/\/clair.si\/hr\/wp-json\/wp\/v2\/product_brand?post=92857"},{"taxonomy":"product_cat","embeddable":true,"href":"https:\/\/clair.si\/hr\/wp-json\/wp\/v2\/product_cat?post=92857"},{"taxonomy":"product_tag","embeddable":true,"href":"https:\/\/clair.si\/hr\/wp-json\/wp\/v2\/product_tag?post=92857"}],"curies":[{"name":"wp","href":"https:\/\/api.w.org\/{rel}","templated":true}]}}