{"id":92884,"date":"2025-03-20T13:36:04","date_gmt":"2025-03-20T12:36:04","guid":{"rendered":"https:\/\/clair.si\/izdelek\/hlace-penelope-rocky\/"},"modified":"2025-08-27T17:49:03","modified_gmt":"2025-08-27T15:49:03","slug":"hlace-penelope-rocky","status":"publish","type":"product","link":"https:\/\/clair.si\/hr\/izdelek\/hlace-penelope-rocky\/","title":{"rendered":"Hla\u010de Penelope Rocky"},"content":{"rendered":"<p data-start=\"0\" data-end=\"280\"><strong data-start=\"0\" data-end=\"32\">Jaha\u0107e hla\u010de Penelope Rocky<\/strong> dizajnirane su za jaha\u010dice koje tra\u017ee savr\u0161enu kombinaciju udobnosti, tehni\u010dke u\u010dinkovitosti i elegantnog izgleda. Njihov uski kroj i srednje visoki struk lijepo oblikuju siluetu, dok visokokvalitetni materijali osiguravaju fleksibilnost i trajnost. <\/p>\n<p data-start=\"282\" data-end=\"304\"><strong data-start=\"282\" data-end=\"304\">Klju\u010dne zna\u010dajke:<\/strong><\/p>\n<ul data-start=\"306\" data-end=\"922\">\n<li data-start=\"306\" data-end=\"406\">\n<p data-start=\"308\" data-end=\"406\"><strong data-start=\"308\" data-end=\"325\">Uski kroj:<\/strong> Hla\u010de se usko prianjaju uz tijelo, \u0161to omogu\u0107uje slobodu kretanja i elegantan izgled.<\/p>\n<\/li>\n<li data-start=\"408\" data-end=\"516\">\n<p data-start=\"410\" data-end=\"516\"><strong data-start=\"410\" data-end=\"432\">Srednje visoki struk:<\/strong> \u0160iroki pojas, koji nije previsok niti prenizak, osigurava udobnost i potporu tijekom jahanja.<\/p>\n<\/li>\n<li data-start=\"518\" data-end=\"654\">\n<p data-start=\"520\" data-end=\"654\"><strong data-start=\"520\" data-end=\"539\">Prakti\u010dni d\u017eepovi:<\/strong> Dva mala prednja d\u017eepa s patentnim zatvara\u010dem za pohranu manjih predmeta te dva ukrasna stra\u017enja d\u017eepa za estetski izgled.<\/p>\n<\/li>\n<li data-start=\"656\" data-end=\"776\">\n<p data-start=\"658\" data-end=\"776\"><strong data-start=\"658\" data-end=\"678\">Grip na koljenima:<\/strong> Unutarnji dio koljena opremljen je povr\u0161inom koja prianja, \u0161to osigurava bolju stabilnost u sedlu.<\/p>\n<\/li>\n<li data-start=\"778\" data-end=\"922\">\n<p data-start=\"780\" data-end=\"922\"><strong data-start=\"780\" data-end=\"808\">Lycra zavr\u0161eci nogavica:<\/strong> Donji dijelovi nogavica izra\u0111eni su od lycre, \u0161to omogu\u0107uje jednostavno obla\u010denje i prilagodbu razli\u010ditim oblicima nogu.<\/p>\n<\/li>\n<\/ul>\n<p data-start=\"924\" data-end=\"936\"><strong data-start=\"924\" data-end=\"936\">Sastav:<\/strong><\/p>\n<ul data-start=\"938\" data-end=\"1015\">\n<li data-start=\"938\" data-end=\"952\">\n<p data-start=\"940\" data-end=\"952\">74 % poliamid<\/p>\n<\/li>\n<li data-start=\"954\" data-end=\"969\">\n<p data-start=\"956\" data-end=\"969\">26 % poliester<\/p>\n<\/li>\n<li data-start=\"971\" data-end=\"1015\">\n<p data-start=\"973\" data-end=\"1015\"><strong data-start=\"973\" data-end=\"988\">Unutra\u0161njost:<\/strong> 90% poliester, 10% elastan<\/p>\n<\/li>\n<\/ul>\n<p data-start=\"1017\" data-end=\"1045\"><strong data-start=\"1017\" data-end=\"1045\">Dostupne veli\u010dine:<\/strong><\/p>\n<p data-start=\"1047\" data-end=\"1174\">Jaha\u0107e hla\u010de Penelope Rocky dostupne su u veli\u010dinama od 34 do 42. Za lak\u0161i odabir odgovaraju\u0107e veli\u010dine provjerite sljede\u0107u tablicu: <\/p>\n<table data-start=\"62\" data-end=\"625\">\n<thead data-start=\"62\" data-end=\"144\">\n<tr data-start=\"62\" data-end=\"144\">\n<th data-start=\"62\" data-end=\"73\">Veli\u010dina<\/th>\n<th data-start=\"73\" data-end=\"91\">Opseg struka (cm)<\/th>\n<th data-start=\"91\" data-end=\"110\">Opseg bokova (cm)<\/th>\n<th data-start=\"110\" data-end=\"144\">Duljina unutarnjeg \u0161ava (cm)<\/th>\n<\/tr>\n<\/thead>\n<tbody data-start=\"226\" data-end=\"625\">\n<tr data-start=\"226\" data-end=\"305\">\n<td>XS<\/td>\n<td>63-65<\/td>\n<td>87-89<\/td>\n<td>77<\/td>\n<\/tr>\n<tr data-start=\"306\" data-end=\"385\">\n<td>S<\/td>\n<td>66-69<\/td>\n<td>90-92<\/td>\n<td>77<\/td>\n<\/tr>\n<tr data-start=\"386\" data-end=\"465\">\n<td>M<\/td>\n<td>70-73<\/td>\n<td>93-95<\/td>\n<td>77<\/td>\n<\/tr>\n<tr data-start=\"466\" data-end=\"545\">\n<td>L<\/td>\n<td>74-77<\/td>\n<td>96-99<\/td>\n<td>77<\/td>\n<\/tr>\n<tr data-start=\"546\" data-end=\"625\">\n<td>XL<\/td>\n<td>78-81<\/td>\n<td>100-104<\/td>\n<td>77<\/td>\n<\/tr>\n<\/tbody>\n<\/table>\n<p data-start=\"2322\" data-end=\"2400\"><em data-start=\"2322\" data-end=\"2400\">Napomena: Hla\u010de su standardnih veli\u010dina, stoga odaberite svoju uobi\u010dajenu veli\u010dinu.<\/em><\/p>\n<p data-start=\"2402\" data-end=\"2430\"><strong data-start=\"2402\" data-end=\"2430\">Upute za odr\u017eavanje:<\/strong><\/p>\n<ul data-start=\"2432\" data-end=\"2514\">\n<li data-start=\"2432\" data-end=\"2467\">\n<p data-start=\"2434\" data-end=\"2467\">Pranje u perilici rublja na 30\u00b0C.<\/p>\n<\/li>\n<li data-start=\"2469\" data-end=\"2514\">\n<p data-start=\"2471\" data-end=\"2514\">Su\u0161enje u su\u0161ilici nije preporu\u010dljivo.<\/p>\n<\/li>\n<\/ul>\n<p data-start=\"2516\" data-end=\"2625\">S jaha\u0107im hla\u010dama Penelope Rocky kombinirat \u0107ete stil, udobnost i funkcionalnost na treninzima i natjecanjima.<\/p>\n","protected":false},"excerpt":{"rendered":"<ul>\n<li>vrlo udoban srednje \u0161iroki pojas<\/li>\n<li>prozra\u010dan i vrlo kvalitetan materijal<\/li>\n<\/ul>\n","protected":false},"featured_media":92890,"template":"","meta":{"footnotes":""},"product_brand":[],"product_cat":[5654,5657,5670,5736,5667,5669,5708],"product_tag":[],"class_list":{"0":"post-92884","1":"product","2":"type-product","3":"status-publish","4":"has-post-thumbnail","6":"product_cat-jahac-hr","7":"product_cat-kategorije-hr","8":"product_cat-natjecanja","9":"product_cat-natjecateljske-hlace","10":"product_cat-zene","11":"product_cat-zenska-natjecateljska-odjeca","12":"product_cat-zenske-jahace-hlace","14":"first","15":"instock","16":"shipping-taxable","17":"purchasable","18":"product-type-variable"},"yoast_head":"<!-- This site is optimized with the Yoast SEO plugin v27.3 - https:\/\/yoast.com\/product\/yoast-seo-wordpress\/ -->\n<title>Hla\u010de Penelope Rocky - Clair<\/title>\n<meta name=\"description\" content=\"vrlo udoban srednje \u0161iroki pojas  prozra\u010dan i vrlo kvalitetan materijal\" \/>\n<meta name=\"robots\" content=\"index, follow, max-snippet:-1, max-image-preview:large, max-video-preview:-1\" \/>\n<link rel=\"canonical\" href=\"https:\/\/clair.si\/hr\/izdelek\/hlace-penelope-rocky\/\" \/>\n<meta property=\"og:locale\" content=\"hr_HR\" \/>\n<meta property=\"og:type\" content=\"article\" \/>\n<meta property=\"og:title\" content=\"Hla\u010de Penelope Rocky - Clair\" \/>\n<meta property=\"og:description\" content=\"vrlo udoban srednje \u0161iroki pojas  prozra\u010dan i vrlo kvalitetan materijal\" \/>\n<meta property=\"og:url\" content=\"https:\/\/clair.si\/hr\/izdelek\/hlace-penelope-rocky\/\" \/>\n<meta property=\"og:site_name\" content=\"Clair\" \/>\n<meta property=\"article:publisher\" content=\"https:\/\/www.facebook.com\/TrgovinaClair\/\" \/>\n<meta property=\"article:modified_time\" content=\"2025-08-27T15:49:03+00:00\" \/>\n<meta property=\"og:image\" content=\"https:\/\/clair.si\/wp-content\/uploads\/2025\/03\/penelopy-rocky-hlace.webp\" \/>\n\t<meta property=\"og:image:width\" content=\"800\" \/>\n\t<meta property=\"og:image:height\" content=\"800\" \/>\n\t<meta property=\"og:image:type\" content=\"image\/jpeg\" \/>\n<meta name=\"twitter:card\" content=\"summary_large_image\" \/>\n<meta name=\"twitter:label1\" content=\"Procijenjeno vrijeme \u010ditanja\" \/>\n\t<meta name=\"twitter:data1\" content=\"1 minuta\" \/>\n<script type=\"application\/ld+json\" class=\"yoast-schema-graph\">{\"@context\":\"https:\\\/\\\/schema.org\",\"@graph\":[{\"@type\":\"WebPage\",\"@id\":\"https:\\\/\\\/clair.si\\\/hr\\\/izdelek\\\/hlace-penelope-rocky\\\/\",\"url\":\"https:\\\/\\\/clair.si\\\/hr\\\/izdelek\\\/hlace-penelope-rocky\\\/\",\"name\":\"Hla\u010de Penelope Rocky - Clair\",\"isPartOf\":{\"@id\":\"https:\\\/\\\/clair.si\\\/#website\"},\"primaryImageOfPage\":{\"@id\":\"https:\\\/\\\/clair.si\\\/hr\\\/izdelek\\\/hlace-penelope-rocky\\\/#primaryimage\"},\"image\":{\"@id\":\"https:\\\/\\\/clair.si\\\/hr\\\/izdelek\\\/hlace-penelope-rocky\\\/#primaryimage\"},\"thumbnailUrl\":\"https:\\\/\\\/clair.si\\\/wp-content\\\/uploads\\\/2025\\\/03\\\/penelopy-rocky-hlace.webp\",\"datePublished\":\"2025-03-20T12:36:04+00:00\",\"dateModified\":\"2025-08-27T15:49:03+00:00\",\"description\":\"vrlo udoban srednje \u0161iroki pojas prozra\u010dan i vrlo kvalitetan materijal\",\"breadcrumb\":{\"@id\":\"https:\\\/\\\/clair.si\\\/hr\\\/izdelek\\\/hlace-penelope-rocky\\\/#breadcrumb\"},\"inLanguage\":\"hr\",\"potentialAction\":[{\"@type\":\"ReadAction\",\"target\":[\"https:\\\/\\\/clair.si\\\/hr\\\/izdelek\\\/hlace-penelope-rocky\\\/\"]}]},{\"@type\":\"ImageObject\",\"inLanguage\":\"hr\",\"@id\":\"https:\\\/\\\/clair.si\\\/hr\\\/izdelek\\\/hlace-penelope-rocky\\\/#primaryimage\",\"url\":\"https:\\\/\\\/clair.si\\\/wp-content\\\/uploads\\\/2025\\\/03\\\/penelopy-rocky-hlace.webp\",\"contentUrl\":\"https:\\\/\\\/clair.si\\\/wp-content\\\/uploads\\\/2025\\\/03\\\/penelopy-rocky-hlace.webp\",\"width\":800,\"height\":800},{\"@type\":\"BreadcrumbList\",\"@id\":\"https:\\\/\\\/clair.si\\\/hr\\\/izdelek\\\/hlace-penelope-rocky\\\/#breadcrumb\",\"itemListElement\":[{\"@type\":\"ListItem\",\"position\":1,\"name\":\"Home\",\"item\":\"https:\\\/\\\/clair.si\\\/hr\\\/\"},{\"@type\":\"ListItem\",\"position\":2,\"name\":\"Trgovina\",\"item\":\"https:\\\/\\\/clair.si\\\/trgovina\\\/\"},{\"@type\":\"ListItem\",\"position\":3,\"name\":\"Hla\u010de Penelope Rocky\"}]},{\"@type\":\"WebSite\",\"@id\":\"https:\\\/\\\/clair.si\\\/#website\",\"url\":\"https:\\\/\\\/clair.si\\\/\",\"name\":\"Clair\",\"description\":\"Trgovina s konjeni\u0161ko opremo\",\"publisher\":{\"@id\":\"https:\\\/\\\/clair.si\\\/#organization\"},\"potentialAction\":[{\"@type\":\"SearchAction\",\"target\":{\"@type\":\"EntryPoint\",\"urlTemplate\":\"https:\\\/\\\/clair.si\\\/?s={search_term_string}\"},\"query-input\":{\"@type\":\"PropertyValueSpecification\",\"valueRequired\":true,\"valueName\":\"search_term_string\"}}],\"inLanguage\":\"hr\"},{\"@type\":\"Organization\",\"@id\":\"https:\\\/\\\/clair.si\\\/#organization\",\"name\":\"Clair\",\"url\":\"https:\\\/\\\/clair.si\\\/\",\"logo\":{\"@type\":\"ImageObject\",\"inLanguage\":\"hr\",\"@id\":\"https:\\\/\\\/clair.si\\\/#\\\/schema\\\/logo\\\/image\\\/\",\"url\":\"https:\\\/\\\/clair.si\\\/wp-content\\\/uploads\\\/2022\\\/11\\\/clair_logo_2022.jpg\",\"contentUrl\":\"https:\\\/\\\/clair.si\\\/wp-content\\\/uploads\\\/2022\\\/11\\\/clair_logo_2022.jpg\",\"width\":1920,\"height\":1920,\"caption\":\"Clair\"},\"image\":{\"@id\":\"https:\\\/\\\/clair.si\\\/#\\\/schema\\\/logo\\\/image\\\/\"},\"sameAs\":[\"https:\\\/\\\/www.facebook.com\\\/TrgovinaClair\\\/\"]}]}<\/script>\n<!-- \/ Yoast SEO plugin. -->","yoast_head_json":{"title":"Hla\u010de Penelope Rocky - Clair","description":"vrlo udoban srednje \u0161iroki pojas  prozra\u010dan i vrlo kvalitetan materijal","robots":{"index":"index","follow":"follow","max-snippet":"max-snippet:-1","max-image-preview":"max-image-preview:large","max-video-preview":"max-video-preview:-1"},"canonical":"https:\/\/clair.si\/hr\/izdelek\/hlace-penelope-rocky\/","og_locale":"hr_HR","og_type":"article","og_title":"Hla\u010de Penelope Rocky - Clair","og_description":"vrlo udoban srednje \u0161iroki pojas  prozra\u010dan i vrlo kvalitetan materijal","og_url":"https:\/\/clair.si\/hr\/izdelek\/hlace-penelope-rocky\/","og_site_name":"Clair","article_publisher":"https:\/\/www.facebook.com\/TrgovinaClair\/","article_modified_time":"2025-08-27T15:49:03+00:00","og_image":[{"width":800,"height":800,"url":"https:\/\/clair.si\/wp-content\/uploads\/2025\/03\/penelopy-rocky-hlace.webp","type":"image\/jpeg"}],"twitter_card":"summary_large_image","twitter_misc":{"Procijenjeno vrijeme \u010ditanja":"1 minuta"},"schema":{"@context":"https:\/\/schema.org","@graph":[{"@type":"WebPage","@id":"https:\/\/clair.si\/hr\/izdelek\/hlace-penelope-rocky\/","url":"https:\/\/clair.si\/hr\/izdelek\/hlace-penelope-rocky\/","name":"Hla\u010de Penelope Rocky - Clair","isPartOf":{"@id":"https:\/\/clair.si\/#website"},"primaryImageOfPage":{"@id":"https:\/\/clair.si\/hr\/izdelek\/hlace-penelope-rocky\/#primaryimage"},"image":{"@id":"https:\/\/clair.si\/hr\/izdelek\/hlace-penelope-rocky\/#primaryimage"},"thumbnailUrl":"https:\/\/clair.si\/wp-content\/uploads\/2025\/03\/penelopy-rocky-hlace.webp","datePublished":"2025-03-20T12:36:04+00:00","dateModified":"2025-08-27T15:49:03+00:00","description":"vrlo udoban srednje \u0161iroki pojas prozra\u010dan i vrlo kvalitetan materijal","breadcrumb":{"@id":"https:\/\/clair.si\/hr\/izdelek\/hlace-penelope-rocky\/#breadcrumb"},"inLanguage":"hr","potentialAction":[{"@type":"ReadAction","target":["https:\/\/clair.si\/hr\/izdelek\/hlace-penelope-rocky\/"]}]},{"@type":"ImageObject","inLanguage":"hr","@id":"https:\/\/clair.si\/hr\/izdelek\/hlace-penelope-rocky\/#primaryimage","url":"https:\/\/clair.si\/wp-content\/uploads\/2025\/03\/penelopy-rocky-hlace.webp","contentUrl":"https:\/\/clair.si\/wp-content\/uploads\/2025\/03\/penelopy-rocky-hlace.webp","width":800,"height":800},{"@type":"BreadcrumbList","@id":"https:\/\/clair.si\/hr\/izdelek\/hlace-penelope-rocky\/#breadcrumb","itemListElement":[{"@type":"ListItem","position":1,"name":"Home","item":"https:\/\/clair.si\/hr\/"},{"@type":"ListItem","position":2,"name":"Trgovina","item":"https:\/\/clair.si\/trgovina\/"},{"@type":"ListItem","position":3,"name":"Hla\u010de Penelope Rocky"}]},{"@type":"WebSite","@id":"https:\/\/clair.si\/#website","url":"https:\/\/clair.si\/","name":"Clair","description":"Trgovina s konjeni\u0161ko opremo","publisher":{"@id":"https:\/\/clair.si\/#organization"},"potentialAction":[{"@type":"SearchAction","target":{"@type":"EntryPoint","urlTemplate":"https:\/\/clair.si\/?s={search_term_string}"},"query-input":{"@type":"PropertyValueSpecification","valueRequired":true,"valueName":"search_term_string"}}],"inLanguage":"hr"},{"@type":"Organization","@id":"https:\/\/clair.si\/#organization","name":"Clair","url":"https:\/\/clair.si\/","logo":{"@type":"ImageObject","inLanguage":"hr","@id":"https:\/\/clair.si\/#\/schema\/logo\/image\/","url":"https:\/\/clair.si\/wp-content\/uploads\/2022\/11\/clair_logo_2022.jpg","contentUrl":"https:\/\/clair.si\/wp-content\/uploads\/2022\/11\/clair_logo_2022.jpg","width":1920,"height":1920,"caption":"Clair"},"image":{"@id":"https:\/\/clair.si\/#\/schema\/logo\/image\/"},"sameAs":["https:\/\/www.facebook.com\/TrgovinaClair\/"]}]}},"_links":{"self":[{"href":"https:\/\/clair.si\/hr\/wp-json\/wp\/v2\/product\/92884","targetHints":{"allow":["GET"]}}],"collection":[{"href":"https:\/\/clair.si\/hr\/wp-json\/wp\/v2\/product"}],"about":[{"href":"https:\/\/clair.si\/hr\/wp-json\/wp\/v2\/types\/product"}],"version-history":[{"count":0,"href":"https:\/\/clair.si\/hr\/wp-json\/wp\/v2\/product\/92884\/revisions"}],"wp:featuredmedia":[{"embeddable":true,"href":"https:\/\/clair.si\/hr\/wp-json\/wp\/v2\/media\/92890"}],"wp:attachment":[{"href":"https:\/\/clair.si\/hr\/wp-json\/wp\/v2\/media?parent=92884"}],"wp:term":[{"taxonomy":"product_brand","embeddable":true,"href":"https:\/\/clair.si\/hr\/wp-json\/wp\/v2\/product_brand?post=92884"},{"taxonomy":"product_cat","embeddable":true,"href":"https:\/\/clair.si\/hr\/wp-json\/wp\/v2\/product_cat?post=92884"},{"taxonomy":"product_tag","embeddable":true,"href":"https:\/\/clair.si\/hr\/wp-json\/wp\/v2\/product_tag?post=92884"}],"curies":[{"name":"wp","href":"https:\/\/api.w.org\/{rel}","templated":true}]}}