{"id":92886,"date":"2025-03-12T09:39:02","date_gmt":"2025-03-12T08:39:02","guid":{"rendered":"https:\/\/clair.si\/izdelek\/sampon-carrdaymartin-gallop-grey\/"},"modified":"2025-03-12T09:39:02","modified_gmt":"2025-03-12T08:39:02","slug":"sampon-carrdaymartin-gallop-grey","status":"publish","type":"product","link":"https:\/\/clair.si\/hr\/izdelek\/sampon-carrdaymartin-gallop-grey\/","title":{"rendered":"\u0160ampon Carr&amp;Day&amp;Martin Gallop Grey"},"content":{"rendered":"<p data-start=\"0\" data-end=\"336\">\u0160ampon Carr &amp; Day &amp; Martin Gallop Grey luksuzni je \u0161ampon, posebno dizajniran za \u010di\u0161\u0107enje i nagla\u0161avanje prirodne boje i sjaja sive\/bijele dlake kod konja. Jedinstvena formula s poja\u010diva\u010dima boje i opti\u010dkim posvjetljiva\u010dima intenzivira prirodnu boju dlake do standarda primjerenog za izlo\u017ebe ili natjecanja. <\/p>\n<p data-start=\"338\" data-end=\"362\"><strong data-start=\"338\" data-end=\"362\">Upute za upotrebu:<\/strong><\/p>\n<ol data-start=\"364\" data-end=\"629\">\n<li data-start=\"364\" data-end=\"409\">\n<p data-start=\"367\" data-end=\"409\">Nanesite \u0161ampon izravno na mokru dlaku.<\/p>\n<\/li>\n<li data-start=\"411\" data-end=\"487\">\n<p data-start=\"414\" data-end=\"487\">Dobro utrljajte pomo\u0107u \u010detke, spu\u017eve ili ruke kako biste stvorili bogatu pjenu.<\/p>\n<\/li>\n<li data-start=\"489\" data-end=\"511\">\n<p data-start=\"492\" data-end=\"511\">Temeljito isperite.<\/p>\n<\/li>\n<li data-start=\"513\" data-end=\"541\">\n<p data-start=\"516\" data-end=\"541\">Rezultati su odmah vidljivi.<\/p>\n<\/li>\n<li data-start=\"543\" data-end=\"629\">\n<p data-start=\"546\" data-end=\"629\">\u0160ampon se tako\u0111er mo\u017ee koristiti na grivi i repu.<\/p>\n<\/li>\n<\/ol>\n<p data-start=\"647\" data-end=\"1003\">Za detaljnije informacije o sastojcima preporu\u010dujemo da provjerite ambala\u017eu proizvoda ili se obratite izravno proizvo\u0111a\u010du.<\/p>\n<p data-start=\"1005\" data-end=\"1195\">Kori\u0161tenjem \u0161ampona Carr &amp; Day &amp; Martin Gallop Grey dlaka va\u0161eg sivog konja bit \u0107e dubinski o\u010di\u0161\u0107ena, a boja nagla\u0161ena i sjajna, \u0161to je idealno za pripremu za izlo\u017ebe ili svakodnevnu njegu.<\/p>\n","protected":false},"excerpt":{"rendered":"<ul>\n<li>nagla\u0161ava sivu i bijelu dlaku<\/li>\n<li>uklanja \u017eute mrlje<\/li>\n<\/ul>\n","protected":false},"featured_media":92895,"template":"","meta":{"footnotes":""},"product_brand":[],"product_cat":[5624,5677,5628,5714,5627,5852],"product_tag":[],"class_list":{"0":"post-92886","1":"product","2":"type-product","3":"status-publish","4":"has-post-thumbnail","6":"product_cat-konj-hr","7":"product_cat-kozmetika-za-konje-hr-2","8":"product_cat-njega-konja-hr","9":"product_cat-samponi-i-sapuni","10":"product_cat-stala-i-pasnjak","11":"product_cat-uklanjanje-mrlja","13":"first","14":"instock","15":"shipping-taxable","16":"purchasable","17":"product-type-simple"},"yoast_head":"<!-- This site is optimized with the Yoast SEO plugin v27.3 - https:\/\/yoast.com\/product\/yoast-seo-wordpress\/ -->\n<title>\u0160ampon Carr&amp;Day&amp;Martin Gallop Grey - Clair<\/title>\n<meta name=\"description\" content=\"nagla\u0161ava sivu i bijelu dlaku  uklanja \u017eute mrlje\" \/>\n<meta name=\"robots\" content=\"index, follow, max-snippet:-1, max-image-preview:large, max-video-preview:-1\" \/>\n<link rel=\"canonical\" href=\"https:\/\/clair.si\/hr\/izdelek\/sampon-carrdaymartin-gallop-grey\/\" \/>\n<meta property=\"og:locale\" content=\"hr_HR\" \/>\n<meta property=\"og:type\" content=\"article\" \/>\n<meta property=\"og:title\" content=\"\u0160ampon Carr&amp;Day&amp;Martin Gallop Grey - Clair\" \/>\n<meta property=\"og:description\" content=\"nagla\u0161ava sivu i bijelu dlaku  uklanja \u017eute mrlje\" \/>\n<meta property=\"og:url\" content=\"https:\/\/clair.si\/hr\/izdelek\/sampon-carrdaymartin-gallop-grey\/\" \/>\n<meta property=\"og:site_name\" content=\"Clair\" \/>\n<meta property=\"article:publisher\" content=\"https:\/\/www.facebook.com\/TrgovinaClair\/\" \/>\n<meta property=\"og:image\" content=\"https:\/\/clair.si\/wp-content\/uploads\/2025\/03\/gallop-grey-sampon-png.webp\" \/>\n\t<meta property=\"og:image:width\" content=\"1000\" \/>\n\t<meta property=\"og:image:height\" content=\"1000\" \/>\n\t<meta property=\"og:image:type\" content=\"image\/png\" \/>\n<meta name=\"twitter:card\" content=\"summary_large_image\" \/>\n<meta name=\"twitter:label1\" content=\"Procijenjeno vrijeme \u010ditanja\" \/>\n\t<meta name=\"twitter:data1\" content=\"1 minuta\" \/>\n<script type=\"application\/ld+json\" class=\"yoast-schema-graph\">{\"@context\":\"https:\\\/\\\/schema.org\",\"@graph\":[{\"@type\":\"WebPage\",\"@id\":\"https:\\\/\\\/clair.si\\\/hr\\\/izdelek\\\/sampon-carrdaymartin-gallop-grey\\\/\",\"url\":\"https:\\\/\\\/clair.si\\\/hr\\\/izdelek\\\/sampon-carrdaymartin-gallop-grey\\\/\",\"name\":\"\u0160ampon Carr&amp;Day&amp;Martin Gallop Grey - Clair\",\"isPartOf\":{\"@id\":\"https:\\\/\\\/clair.si\\\/#website\"},\"primaryImageOfPage\":{\"@id\":\"https:\\\/\\\/clair.si\\\/hr\\\/izdelek\\\/sampon-carrdaymartin-gallop-grey\\\/#primaryimage\"},\"image\":{\"@id\":\"https:\\\/\\\/clair.si\\\/hr\\\/izdelek\\\/sampon-carrdaymartin-gallop-grey\\\/#primaryimage\"},\"thumbnailUrl\":\"https:\\\/\\\/clair.si\\\/wp-content\\\/uploads\\\/2025\\\/03\\\/gallop-grey-sampon.webp\",\"datePublished\":\"2025-03-12T08:39:02+00:00\",\"description\":\"nagla\u0161ava sivu i bijelu dlaku uklanja \u017eute mrlje\",\"breadcrumb\":{\"@id\":\"https:\\\/\\\/clair.si\\\/hr\\\/izdelek\\\/sampon-carrdaymartin-gallop-grey\\\/#breadcrumb\"},\"inLanguage\":\"hr\",\"potentialAction\":[{\"@type\":\"ReadAction\",\"target\":[\"https:\\\/\\\/clair.si\\\/hr\\\/izdelek\\\/sampon-carrdaymartin-gallop-grey\\\/\"]}]},{\"@type\":\"ImageObject\",\"inLanguage\":\"hr\",\"@id\":\"https:\\\/\\\/clair.si\\\/hr\\\/izdelek\\\/sampon-carrdaymartin-gallop-grey\\\/#primaryimage\",\"url\":\"https:\\\/\\\/clair.si\\\/wp-content\\\/uploads\\\/2025\\\/03\\\/gallop-grey-sampon.webp\",\"contentUrl\":\"https:\\\/\\\/clair.si\\\/wp-content\\\/uploads\\\/2025\\\/03\\\/gallop-grey-sampon.webp\",\"width\":1000,\"height\":1000},{\"@type\":\"BreadcrumbList\",\"@id\":\"https:\\\/\\\/clair.si\\\/hr\\\/izdelek\\\/sampon-carrdaymartin-gallop-grey\\\/#breadcrumb\",\"itemListElement\":[{\"@type\":\"ListItem\",\"position\":1,\"name\":\"Home\",\"item\":\"https:\\\/\\\/clair.si\\\/hr\\\/\"},{\"@type\":\"ListItem\",\"position\":2,\"name\":\"Trgovina\",\"item\":\"https:\\\/\\\/clair.si\\\/trgovina\\\/\"},{\"@type\":\"ListItem\",\"position\":3,\"name\":\"\u0160ampon Carr&amp;Day&amp;Martin Gallop Grey\"}]},{\"@type\":\"WebSite\",\"@id\":\"https:\\\/\\\/clair.si\\\/#website\",\"url\":\"https:\\\/\\\/clair.si\\\/\",\"name\":\"Clair\",\"description\":\"Trgovina s konjeni\u0161ko opremo\",\"publisher\":{\"@id\":\"https:\\\/\\\/clair.si\\\/#organization\"},\"potentialAction\":[{\"@type\":\"SearchAction\",\"target\":{\"@type\":\"EntryPoint\",\"urlTemplate\":\"https:\\\/\\\/clair.si\\\/?s={search_term_string}\"},\"query-input\":{\"@type\":\"PropertyValueSpecification\",\"valueRequired\":true,\"valueName\":\"search_term_string\"}}],\"inLanguage\":\"hr\"},{\"@type\":\"Organization\",\"@id\":\"https:\\\/\\\/clair.si\\\/#organization\",\"name\":\"Clair\",\"url\":\"https:\\\/\\\/clair.si\\\/\",\"logo\":{\"@type\":\"ImageObject\",\"inLanguage\":\"hr\",\"@id\":\"https:\\\/\\\/clair.si\\\/#\\\/schema\\\/logo\\\/image\\\/\",\"url\":\"https:\\\/\\\/clair.si\\\/wp-content\\\/uploads\\\/2022\\\/11\\\/clair_logo_2022.jpg\",\"contentUrl\":\"https:\\\/\\\/clair.si\\\/wp-content\\\/uploads\\\/2022\\\/11\\\/clair_logo_2022.jpg\",\"width\":1920,\"height\":1920,\"caption\":\"Clair\"},\"image\":{\"@id\":\"https:\\\/\\\/clair.si\\\/#\\\/schema\\\/logo\\\/image\\\/\"},\"sameAs\":[\"https:\\\/\\\/www.facebook.com\\\/TrgovinaClair\\\/\"]}]}<\/script>\n<!-- \/ Yoast SEO plugin. -->","yoast_head_json":{"title":"\u0160ampon Carr&amp;Day&amp;Martin Gallop Grey - Clair","description":"nagla\u0161ava sivu i bijelu dlaku  uklanja \u017eute mrlje","robots":{"index":"index","follow":"follow","max-snippet":"max-snippet:-1","max-image-preview":"max-image-preview:large","max-video-preview":"max-video-preview:-1"},"canonical":"https:\/\/clair.si\/hr\/izdelek\/sampon-carrdaymartin-gallop-grey\/","og_locale":"hr_HR","og_type":"article","og_title":"\u0160ampon Carr&amp;Day&amp;Martin Gallop Grey - Clair","og_description":"nagla\u0161ava sivu i bijelu dlaku  uklanja \u017eute mrlje","og_url":"https:\/\/clair.si\/hr\/izdelek\/sampon-carrdaymartin-gallop-grey\/","og_site_name":"Clair","article_publisher":"https:\/\/www.facebook.com\/TrgovinaClair\/","og_image":[{"width":1000,"height":1000,"url":"https:\/\/clair.si\/wp-content\/uploads\/2025\/03\/gallop-grey-sampon-png.webp","type":"image\/png"}],"twitter_card":"summary_large_image","twitter_misc":{"Procijenjeno vrijeme \u010ditanja":"1 minuta"},"schema":{"@context":"https:\/\/schema.org","@graph":[{"@type":"WebPage","@id":"https:\/\/clair.si\/hr\/izdelek\/sampon-carrdaymartin-gallop-grey\/","url":"https:\/\/clair.si\/hr\/izdelek\/sampon-carrdaymartin-gallop-grey\/","name":"\u0160ampon Carr&amp;Day&amp;Martin Gallop Grey - Clair","isPartOf":{"@id":"https:\/\/clair.si\/#website"},"primaryImageOfPage":{"@id":"https:\/\/clair.si\/hr\/izdelek\/sampon-carrdaymartin-gallop-grey\/#primaryimage"},"image":{"@id":"https:\/\/clair.si\/hr\/izdelek\/sampon-carrdaymartin-gallop-grey\/#primaryimage"},"thumbnailUrl":"https:\/\/clair.si\/wp-content\/uploads\/2025\/03\/gallop-grey-sampon.webp","datePublished":"2025-03-12T08:39:02+00:00","description":"nagla\u0161ava sivu i bijelu dlaku uklanja \u017eute mrlje","breadcrumb":{"@id":"https:\/\/clair.si\/hr\/izdelek\/sampon-carrdaymartin-gallop-grey\/#breadcrumb"},"inLanguage":"hr","potentialAction":[{"@type":"ReadAction","target":["https:\/\/clair.si\/hr\/izdelek\/sampon-carrdaymartin-gallop-grey\/"]}]},{"@type":"ImageObject","inLanguage":"hr","@id":"https:\/\/clair.si\/hr\/izdelek\/sampon-carrdaymartin-gallop-grey\/#primaryimage","url":"https:\/\/clair.si\/wp-content\/uploads\/2025\/03\/gallop-grey-sampon.webp","contentUrl":"https:\/\/clair.si\/wp-content\/uploads\/2025\/03\/gallop-grey-sampon.webp","width":1000,"height":1000},{"@type":"BreadcrumbList","@id":"https:\/\/clair.si\/hr\/izdelek\/sampon-carrdaymartin-gallop-grey\/#breadcrumb","itemListElement":[{"@type":"ListItem","position":1,"name":"Home","item":"https:\/\/clair.si\/hr\/"},{"@type":"ListItem","position":2,"name":"Trgovina","item":"https:\/\/clair.si\/trgovina\/"},{"@type":"ListItem","position":3,"name":"\u0160ampon Carr&amp;Day&amp;Martin Gallop Grey"}]},{"@type":"WebSite","@id":"https:\/\/clair.si\/#website","url":"https:\/\/clair.si\/","name":"Clair","description":"Trgovina s konjeni\u0161ko opremo","publisher":{"@id":"https:\/\/clair.si\/#organization"},"potentialAction":[{"@type":"SearchAction","target":{"@type":"EntryPoint","urlTemplate":"https:\/\/clair.si\/?s={search_term_string}"},"query-input":{"@type":"PropertyValueSpecification","valueRequired":true,"valueName":"search_term_string"}}],"inLanguage":"hr"},{"@type":"Organization","@id":"https:\/\/clair.si\/#organization","name":"Clair","url":"https:\/\/clair.si\/","logo":{"@type":"ImageObject","inLanguage":"hr","@id":"https:\/\/clair.si\/#\/schema\/logo\/image\/","url":"https:\/\/clair.si\/wp-content\/uploads\/2022\/11\/clair_logo_2022.jpg","contentUrl":"https:\/\/clair.si\/wp-content\/uploads\/2022\/11\/clair_logo_2022.jpg","width":1920,"height":1920,"caption":"Clair"},"image":{"@id":"https:\/\/clair.si\/#\/schema\/logo\/image\/"},"sameAs":["https:\/\/www.facebook.com\/TrgovinaClair\/"]}]}},"_links":{"self":[{"href":"https:\/\/clair.si\/hr\/wp-json\/wp\/v2\/product\/92886","targetHints":{"allow":["GET"]}}],"collection":[{"href":"https:\/\/clair.si\/hr\/wp-json\/wp\/v2\/product"}],"about":[{"href":"https:\/\/clair.si\/hr\/wp-json\/wp\/v2\/types\/product"}],"version-history":[{"count":0,"href":"https:\/\/clair.si\/hr\/wp-json\/wp\/v2\/product\/92886\/revisions"}],"wp:featuredmedia":[{"embeddable":true,"href":"https:\/\/clair.si\/hr\/wp-json\/wp\/v2\/media\/92895"}],"wp:attachment":[{"href":"https:\/\/clair.si\/hr\/wp-json\/wp\/v2\/media?parent=92886"}],"wp:term":[{"taxonomy":"product_brand","embeddable":true,"href":"https:\/\/clair.si\/hr\/wp-json\/wp\/v2\/product_brand?post=92886"},{"taxonomy":"product_cat","embeddable":true,"href":"https:\/\/clair.si\/hr\/wp-json\/wp\/v2\/product_cat?post=92886"},{"taxonomy":"product_tag","embeddable":true,"href":"https:\/\/clair.si\/hr\/wp-json\/wp\/v2\/product_tag?post=92886"}],"curies":[{"name":"wp","href":"https:\/\/api.w.org\/{rel}","templated":true}]}}