{"id":92897,"date":"2025-03-20T13:07:25","date_gmt":"2025-03-20T12:07:25","guid":{"rendered":"https:\/\/clair.si\/izdelek\/natjecateljska-majica-penelope-debbie\/"},"modified":"2025-08-27T17:49:01","modified_gmt":"2025-08-27T15:49:01","slug":"natjecateljska-majica-penelope-debbie","status":"publish","type":"product","link":"https:\/\/clair.si\/hr\/izdelek\/natjecateljska-majica-penelope-debbie\/","title":{"rendered":"Natjecateljska majica Penelope Debbie"},"content":{"rendered":"<p data-start=\"0\" data-end=\"244\"><strong data-start=\"0\" data-end=\"26\">Majica Penelope Debbie<\/strong> je elegantna natjecateljska polo majica dugih rukava, dizajnirana za jaha\u010dice koje \u017eele kombinirati stil i udobnost tijekom natjecanja. Izra\u0111ena je od laganog i prozra\u010dnog materijala koji osigurava optimalnu udobnost tijekom no\u0161enja. <\/p>\n<p data-start=\"246\" data-end=\"268\"><strong data-start=\"246\" data-end=\"268\">Klju\u010dne zna\u010dajke:<\/strong><\/p>\n<ul data-start=\"270\" data-end=\"665\">\n<li data-start=\"270\" data-end=\"413\">\n<p data-start=\"272\" data-end=\"413\"><strong data-start=\"272\" data-end=\"293\">Elegantan dizajn:<\/strong> Majica ima dekorativan uzorak s logotipom P\u00e9n\u00e9lope te bijeli ovratnik i rameni dio, koji stvaraju profinjenu siluetu.<\/p>\n<\/li>\n<li data-start=\"415\" data-end=\"572\">\n<p data-start=\"417\" data-end=\"572\"><strong data-start=\"417\" data-end=\"447\">Visokokvalitetan materijal:<\/strong> Napravljena je od 75% poliamida i 25% elastana, \u0161to omogu\u0107uje elasti\u010dnost i prilagodljivost te osigurava udobnost tijekom kretanja.<\/p>\n<\/li>\n<li data-start=\"574\" data-end=\"665\">\n<p data-start=\"576\" data-end=\"665\"><strong data-start=\"576\" data-end=\"589\">Prozra\u010dnost:<\/strong> Lagana i prozra\u010dna tkanina osigurava optimalnu ventilaciju tijekom aktivnosti.<\/p>\n<\/li>\n<\/ul>\n<p data-start=\"667\" data-end=\"695\"><strong data-start=\"667\" data-end=\"695\">Dostupne veli\u010dine:<\/strong><\/p>\n<p data-start=\"697\" data-end=\"850\">Majica Penelope Debbie dostupna je u veli\u010dinama od XXS do XL. Za lak\u0161i odabir odgovaraju\u0107e veli\u010dine preporu\u010dujemo da provjerite donju tablicu: <\/p>\n<table data-start=\"852\" data-end=\"1388\">\n<thead data-start=\"852\" data-end=\"919\">\n<tr data-start=\"852\" data-end=\"919\">\n<th data-start=\"852\" data-end=\"863\">Veli\u010dina<\/th>\n<th data-start=\"863\" data-end=\"881\">Opseg prsa (cm)<\/th>\n<th data-start=\"881\" data-end=\"899\">Opseg struka (cm)<\/th>\n<th data-start=\"899\" data-end=\"919\">Opseg bokova (cm)<\/th>\n<\/tr>\n<\/thead>\n<tbody data-start=\"987\" data-end=\"1388\">\n<tr data-start=\"987\" data-end=\"1053\">\n<td>XXS<\/td>\n<td>81-83<\/td>\n<td>63-65<\/td>\n<td>87-89<\/td>\n<\/tr>\n<tr data-start=\"1054\" data-end=\"1120\">\n<td>XS<\/td>\n<td>84-87<\/td>\n<td>66-69<\/td>\n<td>90-92<\/td>\n<\/tr>\n<tr data-start=\"1121\" data-end=\"1187\">\n<td>S<\/td>\n<td>88-91<\/td>\n<td>70-73<\/td>\n<td>93-95<\/td>\n<\/tr>\n<tr data-start=\"1188\" data-end=\"1254\">\n<td>M<\/td>\n<td>92-95<\/td>\n<td>74-77<\/td>\n<td>96-99<\/td>\n<\/tr>\n<tr data-start=\"1255\" data-end=\"1321\">\n<td>L<\/td>\n<td>96-99<\/td>\n<td>78-81<\/td>\n<td>100-104<\/td>\n<\/tr>\n<tr data-start=\"1322\" data-end=\"1388\">\n<td>XL<\/td>\n<td>100-107<\/td>\n<td>82-90<\/td>\n<td>105-114<\/td>\n<\/tr>\n<\/tbody>\n<\/table>\n<p data-start=\"1390\" data-end=\"1469\"><em data-start=\"1390\" data-end=\"1469\">Napomena: Ako ste izme\u0111u veli\u010dina, proizvo\u0111a\u010d preporu\u010duje odabir ve\u0107e veli\u010dine.<\/em><\/p>\n<p data-start=\"1471\" data-end=\"1499\"><strong data-start=\"1471\" data-end=\"1499\">Upute za odr\u017eavanje:<\/strong><\/p>\n<ul data-start=\"1501\" data-end=\"1590\">\n<li data-start=\"1501\" data-end=\"1543\">\n<p data-start=\"1503\" data-end=\"1543\">Majicu perite u perilici rublja na 30\u00b0C.<\/p>\n<\/li>\n<li data-start=\"1545\" data-end=\"1590\">\n<p data-start=\"1547\" data-end=\"1590\">Su\u0161enje u su\u0161ilici nije preporu\u010dljivo.<\/p>\n<\/li>\n<\/ul>\n<p data-start=\"1592\" data-end=\"1731\">Odabirom majice Penelope Debbie istaknut \u0107ete se na natjecanjima profinjenim izgledom i u\u017eivati u udobnosti koju pru\u017ea kvalitetan materijal.<\/p>\n","protected":false},"excerpt":{"rendered":"<ul>\n<li>vrlo prozra\u010dna natjecateljska majica, unato\u010d dugim rukavima<\/li>\n<li>s natjecateljskim ovratnikom<\/li>\n<\/ul>\n","protected":false},"featured_media":92900,"template":"","meta":{"footnotes":""},"product_brand":[],"product_cat":[5654,5657,5670,5671,5667,5669,5668],"product_tag":[],"class_list":{"0":"post-92897","1":"product","2":"type-product","3":"status-publish","4":"has-post-thumbnail","6":"product_cat-jahac-hr","7":"product_cat-kategorije-hr","8":"product_cat-natjecanja","9":"product_cat-natjecateljske-majice","10":"product_cat-zene","11":"product_cat-zenska-natjecateljska-odjeca","12":"product_cat-zenske-majice","14":"first","15":"instock","16":"sale","17":"shipping-taxable","18":"purchasable","19":"product-type-variable"},"yoast_head":"<!-- This site is optimized with the Yoast SEO plugin v27.3 - https:\/\/yoast.com\/product\/yoast-seo-wordpress\/ -->\n<title>Natjecateljska majica Penelope Debbie - Clair<\/title>\n<meta name=\"description\" content=\"vrlo prozra\u010dna natjecateljska majica, unato\u010d dugim rukavima  s natjecateljskim ovratnikom\" \/>\n<meta name=\"robots\" content=\"index, follow, max-snippet:-1, max-image-preview:large, max-video-preview:-1\" \/>\n<link rel=\"canonical\" href=\"https:\/\/clair.si\/hr\/izdelek\/natjecateljska-majica-penelope-debbie\/\" \/>\n<meta property=\"og:locale\" content=\"hr_HR\" \/>\n<meta property=\"og:type\" content=\"article\" \/>\n<meta property=\"og:title\" content=\"Natjecateljska majica Penelope Debbie - Clair\" \/>\n<meta property=\"og:description\" content=\"vrlo prozra\u010dna natjecateljska majica, unato\u010d dugim rukavima  s natjecateljskim ovratnikom\" \/>\n<meta property=\"og:url\" content=\"https:\/\/clair.si\/hr\/izdelek\/natjecateljska-majica-penelope-debbie\/\" \/>\n<meta property=\"og:site_name\" content=\"Clair\" \/>\n<meta property=\"article:publisher\" content=\"https:\/\/www.facebook.com\/TrgovinaClair\/\" \/>\n<meta property=\"article:modified_time\" content=\"2025-08-27T15:49:01+00:00\" \/>\n<meta property=\"og:image\" content=\"https:\/\/clair.si\/wp-content\/uploads\/2025\/03\/debbie-majca-3.webp\" \/>\n\t<meta property=\"og:image:width\" content=\"800\" \/>\n\t<meta property=\"og:image:height\" content=\"800\" \/>\n\t<meta property=\"og:image:type\" content=\"image\/jpeg\" \/>\n<meta name=\"twitter:card\" content=\"summary_large_image\" \/>\n<meta name=\"twitter:label1\" content=\"Procijenjeno vrijeme \u010ditanja\" \/>\n\t<meta name=\"twitter:data1\" content=\"1 minuta\" \/>\n<script type=\"application\/ld+json\" class=\"yoast-schema-graph\">{\"@context\":\"https:\\\/\\\/schema.org\",\"@graph\":[{\"@type\":\"WebPage\",\"@id\":\"https:\\\/\\\/clair.si\\\/hr\\\/izdelek\\\/natjecateljska-majica-penelope-debbie\\\/\",\"url\":\"https:\\\/\\\/clair.si\\\/hr\\\/izdelek\\\/natjecateljska-majica-penelope-debbie\\\/\",\"name\":\"Natjecateljska majica Penelope Debbie - Clair\",\"isPartOf\":{\"@id\":\"https:\\\/\\\/clair.si\\\/#website\"},\"primaryImageOfPage\":{\"@id\":\"https:\\\/\\\/clair.si\\\/hr\\\/izdelek\\\/natjecateljska-majica-penelope-debbie\\\/#primaryimage\"},\"image\":{\"@id\":\"https:\\\/\\\/clair.si\\\/hr\\\/izdelek\\\/natjecateljska-majica-penelope-debbie\\\/#primaryimage\"},\"thumbnailUrl\":\"https:\\\/\\\/clair.si\\\/wp-content\\\/uploads\\\/2025\\\/03\\\/debbie-majca-3.webp\",\"datePublished\":\"2025-03-20T12:07:25+00:00\",\"dateModified\":\"2025-08-27T15:49:01+00:00\",\"description\":\"vrlo prozra\u010dna natjecateljska majica, unato\u010d dugim rukavima s natjecateljskim ovratnikom\",\"breadcrumb\":{\"@id\":\"https:\\\/\\\/clair.si\\\/hr\\\/izdelek\\\/natjecateljska-majica-penelope-debbie\\\/#breadcrumb\"},\"inLanguage\":\"hr\",\"potentialAction\":[{\"@type\":\"ReadAction\",\"target\":[\"https:\\\/\\\/clair.si\\\/hr\\\/izdelek\\\/natjecateljska-majica-penelope-debbie\\\/\"]}]},{\"@type\":\"ImageObject\",\"inLanguage\":\"hr\",\"@id\":\"https:\\\/\\\/clair.si\\\/hr\\\/izdelek\\\/natjecateljska-majica-penelope-debbie\\\/#primaryimage\",\"url\":\"https:\\\/\\\/clair.si\\\/wp-content\\\/uploads\\\/2025\\\/03\\\/debbie-majca-3.webp\",\"contentUrl\":\"https:\\\/\\\/clair.si\\\/wp-content\\\/uploads\\\/2025\\\/03\\\/debbie-majca-3.webp\",\"width\":800,\"height\":800},{\"@type\":\"BreadcrumbList\",\"@id\":\"https:\\\/\\\/clair.si\\\/hr\\\/izdelek\\\/natjecateljska-majica-penelope-debbie\\\/#breadcrumb\",\"itemListElement\":[{\"@type\":\"ListItem\",\"position\":1,\"name\":\"Home\",\"item\":\"https:\\\/\\\/clair.si\\\/hr\\\/\"},{\"@type\":\"ListItem\",\"position\":2,\"name\":\"Trgovina\",\"item\":\"https:\\\/\\\/clair.si\\\/trgovina\\\/\"},{\"@type\":\"ListItem\",\"position\":3,\"name\":\"Natjecateljska majica Penelope Debbie\"}]},{\"@type\":\"WebSite\",\"@id\":\"https:\\\/\\\/clair.si\\\/#website\",\"url\":\"https:\\\/\\\/clair.si\\\/\",\"name\":\"Clair\",\"description\":\"Trgovina s konjeni\u0161ko opremo\",\"publisher\":{\"@id\":\"https:\\\/\\\/clair.si\\\/#organization\"},\"potentialAction\":[{\"@type\":\"SearchAction\",\"target\":{\"@type\":\"EntryPoint\",\"urlTemplate\":\"https:\\\/\\\/clair.si\\\/?s={search_term_string}\"},\"query-input\":{\"@type\":\"PropertyValueSpecification\",\"valueRequired\":true,\"valueName\":\"search_term_string\"}}],\"inLanguage\":\"hr\"},{\"@type\":\"Organization\",\"@id\":\"https:\\\/\\\/clair.si\\\/#organization\",\"name\":\"Clair\",\"url\":\"https:\\\/\\\/clair.si\\\/\",\"logo\":{\"@type\":\"ImageObject\",\"inLanguage\":\"hr\",\"@id\":\"https:\\\/\\\/clair.si\\\/#\\\/schema\\\/logo\\\/image\\\/\",\"url\":\"https:\\\/\\\/clair.si\\\/wp-content\\\/uploads\\\/2022\\\/11\\\/clair_logo_2022.jpg\",\"contentUrl\":\"https:\\\/\\\/clair.si\\\/wp-content\\\/uploads\\\/2022\\\/11\\\/clair_logo_2022.jpg\",\"width\":1920,\"height\":1920,\"caption\":\"Clair\"},\"image\":{\"@id\":\"https:\\\/\\\/clair.si\\\/#\\\/schema\\\/logo\\\/image\\\/\"},\"sameAs\":[\"https:\\\/\\\/www.facebook.com\\\/TrgovinaClair\\\/\"]}]}<\/script>\n<!-- \/ Yoast SEO plugin. -->","yoast_head_json":{"title":"Natjecateljska majica Penelope Debbie - Clair","description":"vrlo prozra\u010dna natjecateljska majica, unato\u010d dugim rukavima  s natjecateljskim ovratnikom","robots":{"index":"index","follow":"follow","max-snippet":"max-snippet:-1","max-image-preview":"max-image-preview:large","max-video-preview":"max-video-preview:-1"},"canonical":"https:\/\/clair.si\/hr\/izdelek\/natjecateljska-majica-penelope-debbie\/","og_locale":"hr_HR","og_type":"article","og_title":"Natjecateljska majica Penelope Debbie - Clair","og_description":"vrlo prozra\u010dna natjecateljska majica, unato\u010d dugim rukavima  s natjecateljskim ovratnikom","og_url":"https:\/\/clair.si\/hr\/izdelek\/natjecateljska-majica-penelope-debbie\/","og_site_name":"Clair","article_publisher":"https:\/\/www.facebook.com\/TrgovinaClair\/","article_modified_time":"2025-08-27T15:49:01+00:00","og_image":[{"width":800,"height":800,"url":"https:\/\/clair.si\/wp-content\/uploads\/2025\/03\/debbie-majca-3.webp","type":"image\/jpeg"}],"twitter_card":"summary_large_image","twitter_misc":{"Procijenjeno vrijeme \u010ditanja":"1 minuta"},"schema":{"@context":"https:\/\/schema.org","@graph":[{"@type":"WebPage","@id":"https:\/\/clair.si\/hr\/izdelek\/natjecateljska-majica-penelope-debbie\/","url":"https:\/\/clair.si\/hr\/izdelek\/natjecateljska-majica-penelope-debbie\/","name":"Natjecateljska majica Penelope Debbie - Clair","isPartOf":{"@id":"https:\/\/clair.si\/#website"},"primaryImageOfPage":{"@id":"https:\/\/clair.si\/hr\/izdelek\/natjecateljska-majica-penelope-debbie\/#primaryimage"},"image":{"@id":"https:\/\/clair.si\/hr\/izdelek\/natjecateljska-majica-penelope-debbie\/#primaryimage"},"thumbnailUrl":"https:\/\/clair.si\/wp-content\/uploads\/2025\/03\/debbie-majca-3.webp","datePublished":"2025-03-20T12:07:25+00:00","dateModified":"2025-08-27T15:49:01+00:00","description":"vrlo prozra\u010dna natjecateljska majica, unato\u010d dugim rukavima s natjecateljskim ovratnikom","breadcrumb":{"@id":"https:\/\/clair.si\/hr\/izdelek\/natjecateljska-majica-penelope-debbie\/#breadcrumb"},"inLanguage":"hr","potentialAction":[{"@type":"ReadAction","target":["https:\/\/clair.si\/hr\/izdelek\/natjecateljska-majica-penelope-debbie\/"]}]},{"@type":"ImageObject","inLanguage":"hr","@id":"https:\/\/clair.si\/hr\/izdelek\/natjecateljska-majica-penelope-debbie\/#primaryimage","url":"https:\/\/clair.si\/wp-content\/uploads\/2025\/03\/debbie-majca-3.webp","contentUrl":"https:\/\/clair.si\/wp-content\/uploads\/2025\/03\/debbie-majca-3.webp","width":800,"height":800},{"@type":"BreadcrumbList","@id":"https:\/\/clair.si\/hr\/izdelek\/natjecateljska-majica-penelope-debbie\/#breadcrumb","itemListElement":[{"@type":"ListItem","position":1,"name":"Home","item":"https:\/\/clair.si\/hr\/"},{"@type":"ListItem","position":2,"name":"Trgovina","item":"https:\/\/clair.si\/trgovina\/"},{"@type":"ListItem","position":3,"name":"Natjecateljska majica Penelope Debbie"}]},{"@type":"WebSite","@id":"https:\/\/clair.si\/#website","url":"https:\/\/clair.si\/","name":"Clair","description":"Trgovina s konjeni\u0161ko opremo","publisher":{"@id":"https:\/\/clair.si\/#organization"},"potentialAction":[{"@type":"SearchAction","target":{"@type":"EntryPoint","urlTemplate":"https:\/\/clair.si\/?s={search_term_string}"},"query-input":{"@type":"PropertyValueSpecification","valueRequired":true,"valueName":"search_term_string"}}],"inLanguage":"hr"},{"@type":"Organization","@id":"https:\/\/clair.si\/#organization","name":"Clair","url":"https:\/\/clair.si\/","logo":{"@type":"ImageObject","inLanguage":"hr","@id":"https:\/\/clair.si\/#\/schema\/logo\/image\/","url":"https:\/\/clair.si\/wp-content\/uploads\/2022\/11\/clair_logo_2022.jpg","contentUrl":"https:\/\/clair.si\/wp-content\/uploads\/2022\/11\/clair_logo_2022.jpg","width":1920,"height":1920,"caption":"Clair"},"image":{"@id":"https:\/\/clair.si\/#\/schema\/logo\/image\/"},"sameAs":["https:\/\/www.facebook.com\/TrgovinaClair\/"]}]}},"_links":{"self":[{"href":"https:\/\/clair.si\/hr\/wp-json\/wp\/v2\/product\/92897","targetHints":{"allow":["GET"]}}],"collection":[{"href":"https:\/\/clair.si\/hr\/wp-json\/wp\/v2\/product"}],"about":[{"href":"https:\/\/clair.si\/hr\/wp-json\/wp\/v2\/types\/product"}],"version-history":[{"count":0,"href":"https:\/\/clair.si\/hr\/wp-json\/wp\/v2\/product\/92897\/revisions"}],"wp:featuredmedia":[{"embeddable":true,"href":"https:\/\/clair.si\/hr\/wp-json\/wp\/v2\/media\/92900"}],"wp:attachment":[{"href":"https:\/\/clair.si\/hr\/wp-json\/wp\/v2\/media?parent=92897"}],"wp:term":[{"taxonomy":"product_brand","embeddable":true,"href":"https:\/\/clair.si\/hr\/wp-json\/wp\/v2\/product_brand?post=92897"},{"taxonomy":"product_cat","embeddable":true,"href":"https:\/\/clair.si\/hr\/wp-json\/wp\/v2\/product_cat?post=92897"},{"taxonomy":"product_tag","embeddable":true,"href":"https:\/\/clair.si\/hr\/wp-json\/wp\/v2\/product_tag?post=92897"}],"curies":[{"name":"wp","href":"https:\/\/api.w.org\/{rel}","templated":true}]}}