{"id":92898,"date":"2025-03-07T11:09:10","date_gmt":"2025-03-07T10:09:10","guid":{"rendered":"https:\/\/clair.si\/izdelek\/elektricni-pastir-hotline-roc2500\/"},"modified":"2026-04-01T21:57:25","modified_gmt":"2026-04-01T19:57:25","slug":"elektricni-pastir-hotline-roc2500","status":"publish","type":"product","link":"https:\/\/clair.si\/hr\/izdelek\/elektricni-pastir-hotline-roc2500\/","title":{"rendered":"Elektri\u010dni pastir Hotline Roc2500"},"content":{"rendered":"<ul>\n<li>Kombinirani pastir (230V\/12V) \u2013 primarno bi trebao biti na 230V<\/li>\n<li>Izlazna energija 4,8J u normalnom na\u010dinu, u Boost na\u010dinu 13,75J<\/li>\n<li>Du\u017eina ograde u optimalnim uvjetima do 50km na ni\u017eoj razini energije<\/li>\n<li>Dva priklju\u010dka za uzemljenje \u2013 kod ve\u0107ih napona preporu\u010dljivo je koristiti oba<\/li>\n<li>LED indikator napona na ogradi<\/li>\n<li>LED lampica za prikaz je li baterija puna (kada je na 12V)<\/li>\n<li>LCD zaslon za prikaz napona\/rada<\/li>\n<li>BEZ priklju\u010dnih kablova za ogradu\/uzemljenje<\/li>\n<li><strong>5 godina garancije<\/strong><\/li>\n<\/ul>\n","protected":false},"excerpt":{"rendered":"<p>Kombinirani pastir (230V\/12V) \u2013 primarno bi trebao biti na 230V Izlazna energija 4,8J u normalnom na\u010dinu, u Boost na\u010dinu 13,75J<\/p>\n","protected":false},"featured_media":92915,"template":"","meta":{"footnotes":""},"product_brand":[],"product_cat":[5856,5820,5627],"product_tag":[],"class_list":{"0":"post-92898","1":"product","2":"type-product","3":"status-publish","4":"has-post-thumbnail","6":"product_cat-elektricni-pastiri","7":"product_cat-oprema-za-pasnjake","8":"product_cat-stala-i-pasnjak","10":"first","11":"instock","12":"shipping-taxable","13":"purchasable","14":"product-type-simple"},"yoast_head":"<!-- This site is optimized with the Yoast SEO plugin v27.3 - https:\/\/yoast.com\/product\/yoast-seo-wordpress\/ -->\n<title>Elektri\u010dni pastir Hotline Roc2500 - Clair<\/title>\n<meta name=\"description\" content=\"Kombinirani pastir (230V\/12V) \u2013 primarno bi trebao biti na 230V Izlazna energija 4,8J u normalnom na\u010dinu, u Boost na\u010dinu 13,75J Du\u017eina ograde u optimalnim\" \/>\n<meta name=\"robots\" content=\"index, follow, max-snippet:-1, max-image-preview:large, max-video-preview:-1\" \/>\n<link rel=\"canonical\" href=\"https:\/\/clair.si\/hr\/izdelek\/elektricni-pastir-hotline-roc2500\/\" \/>\n<meta property=\"og:locale\" content=\"hr_HR\" \/>\n<meta property=\"og:type\" content=\"article\" \/>\n<meta property=\"og:title\" content=\"Elektri\u010dni pastir Hotline Roc2500 - Clair\" \/>\n<meta property=\"og:description\" content=\"Kombinirani pastir (230V\/12V) \u2013 primarno bi trebao biti na 230V Izlazna energija 4,8J u normalnom na\u010dinu, u Boost na\u010dinu 13,75J Du\u017eina ograde u optimalnim\" \/>\n<meta property=\"og:url\" content=\"https:\/\/clair.si\/hr\/izdelek\/elektricni-pastir-hotline-roc2500\/\" \/>\n<meta property=\"og:site_name\" content=\"Clair\" \/>\n<meta property=\"article:publisher\" content=\"https:\/\/www.facebook.com\/TrgovinaClair\/\" \/>\n<meta property=\"article:modified_time\" content=\"2026-04-01T19:57:25+00:00\" \/>\n<meta property=\"og:image\" content=\"https:\/\/clair.si\/wp-content\/uploads\/2025\/03\/ROC-2500_1.webp\" \/>\n\t<meta property=\"og:image:width\" content=\"1500\" \/>\n\t<meta property=\"og:image:height\" content=\"1500\" \/>\n\t<meta property=\"og:image:type\" content=\"image\/jpeg\" \/>\n<meta name=\"twitter:card\" content=\"summary_large_image\" \/>\n<script type=\"application\/ld+json\" class=\"yoast-schema-graph\">{\"@context\":\"https:\\\/\\\/schema.org\",\"@graph\":[{\"@type\":\"WebPage\",\"@id\":\"https:\\\/\\\/clair.si\\\/hr\\\/izdelek\\\/elektricni-pastir-hotline-roc2500\\\/\",\"url\":\"https:\\\/\\\/clair.si\\\/hr\\\/izdelek\\\/elektricni-pastir-hotline-roc2500\\\/\",\"name\":\"Elektri\u010dni pastir Hotline Roc2500 - Clair\",\"isPartOf\":{\"@id\":\"https:\\\/\\\/clair.si\\\/#website\"},\"primaryImageOfPage\":{\"@id\":\"https:\\\/\\\/clair.si\\\/hr\\\/izdelek\\\/elektricni-pastir-hotline-roc2500\\\/#primaryimage\"},\"image\":{\"@id\":\"https:\\\/\\\/clair.si\\\/hr\\\/izdelek\\\/elektricni-pastir-hotline-roc2500\\\/#primaryimage\"},\"thumbnailUrl\":\"https:\\\/\\\/clair.si\\\/wp-content\\\/uploads\\\/2025\\\/03\\\/ROC-2500_1.webp\",\"datePublished\":\"2025-03-07T10:09:10+00:00\",\"dateModified\":\"2026-04-01T19:57:25+00:00\",\"description\":\"Kombinirani pastir (230V\\\/12V) \u2013 primarno bi trebao biti na 230V Izlazna energija 4,8J u normalnom na\u010dinu, u Boost na\u010dinu 13,75J Du\u017eina ograde u optimalnim\",\"breadcrumb\":{\"@id\":\"https:\\\/\\\/clair.si\\\/hr\\\/izdelek\\\/elektricni-pastir-hotline-roc2500\\\/#breadcrumb\"},\"inLanguage\":\"hr\",\"potentialAction\":[{\"@type\":\"ReadAction\",\"target\":[\"https:\\\/\\\/clair.si\\\/hr\\\/izdelek\\\/elektricni-pastir-hotline-roc2500\\\/\"]}]},{\"@type\":\"ImageObject\",\"inLanguage\":\"hr\",\"@id\":\"https:\\\/\\\/clair.si\\\/hr\\\/izdelek\\\/elektricni-pastir-hotline-roc2500\\\/#primaryimage\",\"url\":\"https:\\\/\\\/clair.si\\\/wp-content\\\/uploads\\\/2025\\\/03\\\/ROC-2500_1.webp\",\"contentUrl\":\"https:\\\/\\\/clair.si\\\/wp-content\\\/uploads\\\/2025\\\/03\\\/ROC-2500_1.webp\",\"width\":1500,\"height\":1500},{\"@type\":\"BreadcrumbList\",\"@id\":\"https:\\\/\\\/clair.si\\\/hr\\\/izdelek\\\/elektricni-pastir-hotline-roc2500\\\/#breadcrumb\",\"itemListElement\":[{\"@type\":\"ListItem\",\"position\":1,\"name\":\"Home\",\"item\":\"https:\\\/\\\/clair.si\\\/hr\\\/\"},{\"@type\":\"ListItem\",\"position\":2,\"name\":\"Trgovina\",\"item\":\"https:\\\/\\\/clair.si\\\/trgovina\\\/\"},{\"@type\":\"ListItem\",\"position\":3,\"name\":\"Elektri\u010dni pastir Hotline Roc2500\"}]},{\"@type\":\"WebSite\",\"@id\":\"https:\\\/\\\/clair.si\\\/#website\",\"url\":\"https:\\\/\\\/clair.si\\\/\",\"name\":\"Clair\",\"description\":\"Trgovina s konjeni\u0161ko opremo\",\"publisher\":{\"@id\":\"https:\\\/\\\/clair.si\\\/#organization\"},\"potentialAction\":[{\"@type\":\"SearchAction\",\"target\":{\"@type\":\"EntryPoint\",\"urlTemplate\":\"https:\\\/\\\/clair.si\\\/?s={search_term_string}\"},\"query-input\":{\"@type\":\"PropertyValueSpecification\",\"valueRequired\":true,\"valueName\":\"search_term_string\"}}],\"inLanguage\":\"hr\"},{\"@type\":\"Organization\",\"@id\":\"https:\\\/\\\/clair.si\\\/#organization\",\"name\":\"Clair\",\"url\":\"https:\\\/\\\/clair.si\\\/\",\"logo\":{\"@type\":\"ImageObject\",\"inLanguage\":\"hr\",\"@id\":\"https:\\\/\\\/clair.si\\\/#\\\/schema\\\/logo\\\/image\\\/\",\"url\":\"https:\\\/\\\/clair.si\\\/wp-content\\\/uploads\\\/2022\\\/11\\\/clair_logo_2022.jpg\",\"contentUrl\":\"https:\\\/\\\/clair.si\\\/wp-content\\\/uploads\\\/2022\\\/11\\\/clair_logo_2022.jpg\",\"width\":1920,\"height\":1920,\"caption\":\"Clair\"},\"image\":{\"@id\":\"https:\\\/\\\/clair.si\\\/#\\\/schema\\\/logo\\\/image\\\/\"},\"sameAs\":[\"https:\\\/\\\/www.facebook.com\\\/TrgovinaClair\\\/\"]}]}<\/script>\n<!-- \/ Yoast SEO plugin. -->","yoast_head_json":{"title":"Elektri\u010dni pastir Hotline Roc2500 - Clair","description":"Kombinirani pastir (230V\/12V) \u2013 primarno bi trebao biti na 230V Izlazna energija 4,8J u normalnom na\u010dinu, u Boost na\u010dinu 13,75J Du\u017eina ograde u optimalnim","robots":{"index":"index","follow":"follow","max-snippet":"max-snippet:-1","max-image-preview":"max-image-preview:large","max-video-preview":"max-video-preview:-1"},"canonical":"https:\/\/clair.si\/hr\/izdelek\/elektricni-pastir-hotline-roc2500\/","og_locale":"hr_HR","og_type":"article","og_title":"Elektri\u010dni pastir Hotline Roc2500 - Clair","og_description":"Kombinirani pastir (230V\/12V) \u2013 primarno bi trebao biti na 230V Izlazna energija 4,8J u normalnom na\u010dinu, u Boost na\u010dinu 13,75J Du\u017eina ograde u optimalnim","og_url":"https:\/\/clair.si\/hr\/izdelek\/elektricni-pastir-hotline-roc2500\/","og_site_name":"Clair","article_publisher":"https:\/\/www.facebook.com\/TrgovinaClair\/","article_modified_time":"2026-04-01T19:57:25+00:00","og_image":[{"width":1500,"height":1500,"url":"https:\/\/clair.si\/wp-content\/uploads\/2025\/03\/ROC-2500_1.webp","type":"image\/jpeg"}],"twitter_card":"summary_large_image","schema":{"@context":"https:\/\/schema.org","@graph":[{"@type":"WebPage","@id":"https:\/\/clair.si\/hr\/izdelek\/elektricni-pastir-hotline-roc2500\/","url":"https:\/\/clair.si\/hr\/izdelek\/elektricni-pastir-hotline-roc2500\/","name":"Elektri\u010dni pastir Hotline Roc2500 - Clair","isPartOf":{"@id":"https:\/\/clair.si\/#website"},"primaryImageOfPage":{"@id":"https:\/\/clair.si\/hr\/izdelek\/elektricni-pastir-hotline-roc2500\/#primaryimage"},"image":{"@id":"https:\/\/clair.si\/hr\/izdelek\/elektricni-pastir-hotline-roc2500\/#primaryimage"},"thumbnailUrl":"https:\/\/clair.si\/wp-content\/uploads\/2025\/03\/ROC-2500_1.webp","datePublished":"2025-03-07T10:09:10+00:00","dateModified":"2026-04-01T19:57:25+00:00","description":"Kombinirani pastir (230V\/12V) \u2013 primarno bi trebao biti na 230V Izlazna energija 4,8J u normalnom na\u010dinu, u Boost na\u010dinu 13,75J Du\u017eina ograde u optimalnim","breadcrumb":{"@id":"https:\/\/clair.si\/hr\/izdelek\/elektricni-pastir-hotline-roc2500\/#breadcrumb"},"inLanguage":"hr","potentialAction":[{"@type":"ReadAction","target":["https:\/\/clair.si\/hr\/izdelek\/elektricni-pastir-hotline-roc2500\/"]}]},{"@type":"ImageObject","inLanguage":"hr","@id":"https:\/\/clair.si\/hr\/izdelek\/elektricni-pastir-hotline-roc2500\/#primaryimage","url":"https:\/\/clair.si\/wp-content\/uploads\/2025\/03\/ROC-2500_1.webp","contentUrl":"https:\/\/clair.si\/wp-content\/uploads\/2025\/03\/ROC-2500_1.webp","width":1500,"height":1500},{"@type":"BreadcrumbList","@id":"https:\/\/clair.si\/hr\/izdelek\/elektricni-pastir-hotline-roc2500\/#breadcrumb","itemListElement":[{"@type":"ListItem","position":1,"name":"Home","item":"https:\/\/clair.si\/hr\/"},{"@type":"ListItem","position":2,"name":"Trgovina","item":"https:\/\/clair.si\/trgovina\/"},{"@type":"ListItem","position":3,"name":"Elektri\u010dni pastir Hotline Roc2500"}]},{"@type":"WebSite","@id":"https:\/\/clair.si\/#website","url":"https:\/\/clair.si\/","name":"Clair","description":"Trgovina s konjeni\u0161ko opremo","publisher":{"@id":"https:\/\/clair.si\/#organization"},"potentialAction":[{"@type":"SearchAction","target":{"@type":"EntryPoint","urlTemplate":"https:\/\/clair.si\/?s={search_term_string}"},"query-input":{"@type":"PropertyValueSpecification","valueRequired":true,"valueName":"search_term_string"}}],"inLanguage":"hr"},{"@type":"Organization","@id":"https:\/\/clair.si\/#organization","name":"Clair","url":"https:\/\/clair.si\/","logo":{"@type":"ImageObject","inLanguage":"hr","@id":"https:\/\/clair.si\/#\/schema\/logo\/image\/","url":"https:\/\/clair.si\/wp-content\/uploads\/2022\/11\/clair_logo_2022.jpg","contentUrl":"https:\/\/clair.si\/wp-content\/uploads\/2022\/11\/clair_logo_2022.jpg","width":1920,"height":1920,"caption":"Clair"},"image":{"@id":"https:\/\/clair.si\/#\/schema\/logo\/image\/"},"sameAs":["https:\/\/www.facebook.com\/TrgovinaClair\/"]}]}},"_links":{"self":[{"href":"https:\/\/clair.si\/hr\/wp-json\/wp\/v2\/product\/92898","targetHints":{"allow":["GET"]}}],"collection":[{"href":"https:\/\/clair.si\/hr\/wp-json\/wp\/v2\/product"}],"about":[{"href":"https:\/\/clair.si\/hr\/wp-json\/wp\/v2\/types\/product"}],"version-history":[{"count":0,"href":"https:\/\/clair.si\/hr\/wp-json\/wp\/v2\/product\/92898\/revisions"}],"wp:featuredmedia":[{"embeddable":true,"href":"https:\/\/clair.si\/hr\/wp-json\/wp\/v2\/media\/92915"}],"wp:attachment":[{"href":"https:\/\/clair.si\/hr\/wp-json\/wp\/v2\/media?parent=92898"}],"wp:term":[{"taxonomy":"product_brand","embeddable":true,"href":"https:\/\/clair.si\/hr\/wp-json\/wp\/v2\/product_brand?post=92898"},{"taxonomy":"product_cat","embeddable":true,"href":"https:\/\/clair.si\/hr\/wp-json\/wp\/v2\/product_cat?post=92898"},{"taxonomy":"product_tag","embeddable":true,"href":"https:\/\/clair.si\/hr\/wp-json\/wp\/v2\/product_tag?post=92898"}],"curies":[{"name":"wp","href":"https:\/\/api.w.org\/{rel}","templated":true}]}}