{"id":92899,"date":"2025-03-12T10:56:52","date_gmt":"2025-03-12T09:56:52","guid":{"rendered":"https:\/\/clair.si\/izdelek\/oglavina-norton-educatif\/"},"modified":"2025-08-28T19:22:51","modified_gmt":"2025-08-28T17:22:51","slug":"ular-norton-educatif","status":"publish","type":"product","link":"https:\/\/clair.si\/hr\/izdelek\/ular-norton-educatif\/","title":{"rendered":"Ular Norton Educatif"},"content":{"rendered":"<p data-start=\"0\" data-end=\"243\"><strong data-start=\"0\" data-end=\"27\">Ular Norton Educatif<\/strong> posebno je dizajnirana za u\u010dinkovit i siguran rad s konjem, bilo tijekom treninga, lon\u017eiranja ili svakodnevnog rukovanja. Izra\u0111ena je od visokokvalitetnog najlona koji osigurava izdr\u017eljivost i udobnost za va\u0161eg konja.<\/p>\n<p data-start=\"0\" data-end=\"243\">Ima u\u017ee ispod brade koje, kada se povu\u010de, vr\u0161i pritisak na nosni dio.<\/p>\n<p data-start=\"245\" data-end=\"267\"><strong data-start=\"245\" data-end=\"267\">Klju\u010dne zna\u010dajke:<\/strong><\/p>\n<ul data-start=\"269\" data-end=\"782\">\n<li data-start=\"269\" data-end=\"388\">\n<p data-start=\"271\" data-end=\"388\"><strong data-start=\"271\" data-end=\"292\">Izdr\u017eljiv materijal:<\/strong> Izra\u0111ena od robusnog najlona koji osigurava dugi vijek trajanja i otpornost na habanje.<\/p>\n<\/li>\n<li data-start=\"390\" data-end=\"513\">\n<p data-start=\"392\" data-end=\"513\"><strong data-start=\"392\" data-end=\"412\">Udobnost za konja:<\/strong> Mekana podloga na nosnom i zatiljnom dijelu smanjuje mogu\u0107nost trljanja i pove\u0107ava udobnost tijekom kori\u0161tenja.<\/p>\n<\/li>\n<li data-start=\"515\" data-end=\"669\">\n<p data-start=\"517\" data-end=\"669\"><strong data-start=\"517\" data-end=\"535\">Podesivost:<\/strong> Vi\u0161e to\u010daka za pode\u0161avanje omogu\u0107uje prilagodbu oglavine razli\u010ditim veli\u010dinama i oblicima glave konja, \u0161to osigurava optimalno prianjanje.<\/p>\n<\/li>\n<li data-start=\"671\" data-end=\"782\">\n<p data-start=\"673\" data-end=\"782\"><strong data-start=\"673\" data-end=\"691\">Vi\u0161enamjenskost:<\/strong> Prikladna za razli\u010dite aktivnosti, kao \u0161to su trening, lon\u017eiranje ili svakodnevno vo\u0111enje konja.<\/p>\n<\/li>\n<\/ul>\n<p data-start=\"784\" data-end=\"808\"><strong data-start=\"784\" data-end=\"808\">Upute za upotrebu:<\/strong><\/p>\n<ol data-start=\"810\" data-end=\"1187\">\n<li data-start=\"810\" data-end=\"915\">\n<p data-start=\"813\" data-end=\"915\">Namjestite ular na glavu konja, paze\u0107i da je pravilno postavljena i da ne uzrokuje nelagodu.<\/p>\n<\/li>\n<li data-start=\"917\" data-end=\"993\">\n<p data-start=\"920\" data-end=\"993\">Prilagodite trake tako da oglavina \u010dvrsto, ali udobno sjedi na glavi konja.<\/p>\n<\/li>\n<li data-start=\"995\" data-end=\"1068\">\n<p data-start=\"998\" data-end=\"1068\">Provjerite jesu li sve kop\u010de i nastavci pravilno pri\u010dvr\u0161\u0107eni i sigurni.<\/p>\n<\/li>\n<\/ol>\n<p data-start=\"1189\" data-end=\"1336\">Kori\u0161tenjem ular Norton Educatif osigurat \u0107ete sigurno i udobno iskustvo kako za vas, tako i za va\u0161eg konja, bez obzira na aktivnost koju obavljate.<\/p>\n","protected":false},"excerpt":{"rendered":"<ul>\n<li>posebna oglavina koja omogu\u0107uje ne\u0161to vi\u0161e kontrole<\/li>\n<li>u crnoj boji<\/li>\n<li>tri razli\u010dite veli\u010dine<\/li>\n<\/ul>\n","protected":false},"featured_media":92908,"template":"","meta":{"footnotes":""},"product_brand":[],"product_cat":[5624,5743,5742],"product_tag":[],"class_list":{"0":"post-92899","1":"product","2":"type-product","3":"status-publish","4":"has-post-thumbnail","6":"product_cat-konj-hr","7":"product_cat-uzde-hr","8":"product_cat-uzde-i-ulari","10":"first","11":"instock","12":"shipping-taxable","13":"purchasable","14":"product-type-variable"},"yoast_head":"<!-- This site is optimized with the Yoast SEO plugin v27.4 - https:\/\/yoast.com\/product\/yoast-seo-wordpress\/ -->\n<title>Ular Norton Educatif - Clair<\/title>\n<meta name=\"description\" content=\"posebna oglavina koja omogu\u0107uje ne\u0161to vi\u0161e kontrole  u crnoj boji  tri razli\u010dite veli\u010dine\" \/>\n<meta name=\"robots\" content=\"index, follow, max-snippet:-1, max-image-preview:large, max-video-preview:-1\" \/>\n<link rel=\"canonical\" href=\"https:\/\/clair.si\/izdelek\/oglavka-norton-educatif\/\" \/>\n<meta property=\"og:locale\" content=\"hr_HR\" \/>\n<meta property=\"og:type\" content=\"article\" \/>\n<meta property=\"og:title\" content=\"Ular Norton Educatif - Clair\" \/>\n<meta property=\"og:description\" content=\"posebna oglavina koja omogu\u0107uje ne\u0161to vi\u0161e kontrole  u crnoj boji  tri razli\u010dite veli\u010dine\" \/>\n<meta property=\"og:url\" content=\"https:\/\/clair.si\/izdelek\/oglavka-norton-educatif\/\" \/>\n<meta property=\"og:site_name\" content=\"Clair\" \/>\n<meta property=\"article:publisher\" content=\"https:\/\/www.facebook.com\/TrgovinaClair\/\" \/>\n<meta property=\"article:modified_time\" content=\"2025-08-28T17:22:51+00:00\" \/>\n<meta property=\"og:image\" content=\"https:\/\/clair.si\/wp-content\/uploads\/2025\/03\/educatif-oglavka-1.webp\" \/>\n\t<meta property=\"og:image:width\" content=\"800\" \/>\n\t<meta property=\"og:image:height\" content=\"800\" \/>\n\t<meta property=\"og:image:type\" content=\"image\/jpeg\" \/>\n<meta name=\"twitter:card\" content=\"summary_large_image\" \/>\n<meta name=\"twitter:label1\" content=\"Procijenjeno vrijeme \u010ditanja\" \/>\n\t<meta name=\"twitter:data1\" content=\"2 minute\" \/>\n<script type=\"application\/ld+json\" class=\"yoast-schema-graph\">{\"@context\":\"https:\\\/\\\/schema.org\",\"@graph\":[{\"@type\":\"WebPage\",\"@id\":\"https:\\\/\\\/clair.si\\\/izdelek\\\/oglavka-norton-educatif\\\/\",\"url\":\"https:\\\/\\\/clair.si\\\/izdelek\\\/oglavka-norton-educatif\\\/\",\"name\":\"Ular Norton Educatif - Clair\",\"isPartOf\":{\"@id\":\"https:\\\/\\\/clair.si\\\/#website\"},\"primaryImageOfPage\":{\"@id\":\"https:\\\/\\\/clair.si\\\/izdelek\\\/oglavka-norton-educatif\\\/#primaryimage\"},\"image\":{\"@id\":\"https:\\\/\\\/clair.si\\\/izdelek\\\/oglavka-norton-educatif\\\/#primaryimage\"},\"thumbnailUrl\":\"https:\\\/\\\/clair.si\\\/wp-content\\\/uploads\\\/2025\\\/03\\\/educatif-oglavka-1.webp\",\"datePublished\":\"2025-03-12T09:56:52+00:00\",\"dateModified\":\"2025-08-28T17:22:51+00:00\",\"description\":\"posebna oglavina koja omogu\u0107uje ne\u0161to vi\u0161e kontrole u crnoj boji tri razli\u010dite veli\u010dine\",\"breadcrumb\":{\"@id\":\"https:\\\/\\\/clair.si\\\/izdelek\\\/oglavka-norton-educatif\\\/#breadcrumb\"},\"inLanguage\":\"hr\",\"potentialAction\":[{\"@type\":\"ReadAction\",\"target\":[\"https:\\\/\\\/clair.si\\\/izdelek\\\/oglavka-norton-educatif\\\/\"]}]},{\"@type\":\"ImageObject\",\"inLanguage\":\"hr\",\"@id\":\"https:\\\/\\\/clair.si\\\/izdelek\\\/oglavka-norton-educatif\\\/#primaryimage\",\"url\":\"https:\\\/\\\/clair.si\\\/wp-content\\\/uploads\\\/2025\\\/03\\\/educatif-oglavka-1.webp\",\"contentUrl\":\"https:\\\/\\\/clair.si\\\/wp-content\\\/uploads\\\/2025\\\/03\\\/educatif-oglavka-1.webp\",\"width\":800,\"height\":800},{\"@type\":\"BreadcrumbList\",\"@id\":\"https:\\\/\\\/clair.si\\\/izdelek\\\/oglavka-norton-educatif\\\/#breadcrumb\",\"itemListElement\":[{\"@type\":\"ListItem\",\"position\":1,\"name\":\"Home\",\"item\":\"https:\\\/\\\/clair.si\\\/hr\\\/\"},{\"@type\":\"ListItem\",\"position\":2,\"name\":\"Trgovina\",\"item\":\"https:\\\/\\\/clair.si\\\/trgovina\\\/\"},{\"@type\":\"ListItem\",\"position\":3,\"name\":\"Ular Norton Educatif\"}]},{\"@type\":\"WebSite\",\"@id\":\"https:\\\/\\\/clair.si\\\/#website\",\"url\":\"https:\\\/\\\/clair.si\\\/\",\"name\":\"Clair\",\"description\":\"Trgovina s konjeni\u0161ko opremo\",\"publisher\":{\"@id\":\"https:\\\/\\\/clair.si\\\/#organization\"},\"potentialAction\":[{\"@type\":\"SearchAction\",\"target\":{\"@type\":\"EntryPoint\",\"urlTemplate\":\"https:\\\/\\\/clair.si\\\/?s={search_term_string}\"},\"query-input\":{\"@type\":\"PropertyValueSpecification\",\"valueRequired\":true,\"valueName\":\"search_term_string\"}}],\"inLanguage\":\"hr\"},{\"@type\":\"Organization\",\"@id\":\"https:\\\/\\\/clair.si\\\/#organization\",\"name\":\"Clair\",\"url\":\"https:\\\/\\\/clair.si\\\/\",\"logo\":{\"@type\":\"ImageObject\",\"inLanguage\":\"hr\",\"@id\":\"https:\\\/\\\/clair.si\\\/#\\\/schema\\\/logo\\\/image\\\/\",\"url\":\"https:\\\/\\\/clair.si\\\/wp-content\\\/uploads\\\/2022\\\/11\\\/clair_logo_2022.jpg\",\"contentUrl\":\"https:\\\/\\\/clair.si\\\/wp-content\\\/uploads\\\/2022\\\/11\\\/clair_logo_2022.jpg\",\"width\":1920,\"height\":1920,\"caption\":\"Clair\"},\"image\":{\"@id\":\"https:\\\/\\\/clair.si\\\/#\\\/schema\\\/logo\\\/image\\\/\"},\"sameAs\":[\"https:\\\/\\\/www.facebook.com\\\/TrgovinaClair\\\/\"]}]}<\/script>\n<!-- \/ Yoast SEO plugin. -->","yoast_head_json":{"title":"Ular Norton Educatif - Clair","description":"posebna oglavina koja omogu\u0107uje ne\u0161to vi\u0161e kontrole  u crnoj boji  tri razli\u010dite veli\u010dine","robots":{"index":"index","follow":"follow","max-snippet":"max-snippet:-1","max-image-preview":"max-image-preview:large","max-video-preview":"max-video-preview:-1"},"canonical":"https:\/\/clair.si\/izdelek\/oglavka-norton-educatif\/","og_locale":"hr_HR","og_type":"article","og_title":"Ular Norton Educatif - Clair","og_description":"posebna oglavina koja omogu\u0107uje ne\u0161to vi\u0161e kontrole  u crnoj boji  tri razli\u010dite veli\u010dine","og_url":"https:\/\/clair.si\/izdelek\/oglavka-norton-educatif\/","og_site_name":"Clair","article_publisher":"https:\/\/www.facebook.com\/TrgovinaClair\/","article_modified_time":"2025-08-28T17:22:51+00:00","og_image":[{"width":800,"height":800,"url":"https:\/\/clair.si\/wp-content\/uploads\/2025\/03\/educatif-oglavka-1.webp","type":"image\/jpeg"}],"twitter_card":"summary_large_image","twitter_misc":{"Procijenjeno vrijeme \u010ditanja":"2 minute"},"schema":{"@context":"https:\/\/schema.org","@graph":[{"@type":"WebPage","@id":"https:\/\/clair.si\/izdelek\/oglavka-norton-educatif\/","url":"https:\/\/clair.si\/izdelek\/oglavka-norton-educatif\/","name":"Ular Norton Educatif - Clair","isPartOf":{"@id":"https:\/\/clair.si\/#website"},"primaryImageOfPage":{"@id":"https:\/\/clair.si\/izdelek\/oglavka-norton-educatif\/#primaryimage"},"image":{"@id":"https:\/\/clair.si\/izdelek\/oglavka-norton-educatif\/#primaryimage"},"thumbnailUrl":"https:\/\/clair.si\/wp-content\/uploads\/2025\/03\/educatif-oglavka-1.webp","datePublished":"2025-03-12T09:56:52+00:00","dateModified":"2025-08-28T17:22:51+00:00","description":"posebna oglavina koja omogu\u0107uje ne\u0161to vi\u0161e kontrole u crnoj boji tri razli\u010dite veli\u010dine","breadcrumb":{"@id":"https:\/\/clair.si\/izdelek\/oglavka-norton-educatif\/#breadcrumb"},"inLanguage":"hr","potentialAction":[{"@type":"ReadAction","target":["https:\/\/clair.si\/izdelek\/oglavka-norton-educatif\/"]}]},{"@type":"ImageObject","inLanguage":"hr","@id":"https:\/\/clair.si\/izdelek\/oglavka-norton-educatif\/#primaryimage","url":"https:\/\/clair.si\/wp-content\/uploads\/2025\/03\/educatif-oglavka-1.webp","contentUrl":"https:\/\/clair.si\/wp-content\/uploads\/2025\/03\/educatif-oglavka-1.webp","width":800,"height":800},{"@type":"BreadcrumbList","@id":"https:\/\/clair.si\/izdelek\/oglavka-norton-educatif\/#breadcrumb","itemListElement":[{"@type":"ListItem","position":1,"name":"Home","item":"https:\/\/clair.si\/hr\/"},{"@type":"ListItem","position":2,"name":"Trgovina","item":"https:\/\/clair.si\/trgovina\/"},{"@type":"ListItem","position":3,"name":"Ular Norton Educatif"}]},{"@type":"WebSite","@id":"https:\/\/clair.si\/#website","url":"https:\/\/clair.si\/","name":"Clair","description":"Trgovina s konjeni\u0161ko opremo","publisher":{"@id":"https:\/\/clair.si\/#organization"},"potentialAction":[{"@type":"SearchAction","target":{"@type":"EntryPoint","urlTemplate":"https:\/\/clair.si\/?s={search_term_string}"},"query-input":{"@type":"PropertyValueSpecification","valueRequired":true,"valueName":"search_term_string"}}],"inLanguage":"hr"},{"@type":"Organization","@id":"https:\/\/clair.si\/#organization","name":"Clair","url":"https:\/\/clair.si\/","logo":{"@type":"ImageObject","inLanguage":"hr","@id":"https:\/\/clair.si\/#\/schema\/logo\/image\/","url":"https:\/\/clair.si\/wp-content\/uploads\/2022\/11\/clair_logo_2022.jpg","contentUrl":"https:\/\/clair.si\/wp-content\/uploads\/2022\/11\/clair_logo_2022.jpg","width":1920,"height":1920,"caption":"Clair"},"image":{"@id":"https:\/\/clair.si\/#\/schema\/logo\/image\/"},"sameAs":["https:\/\/www.facebook.com\/TrgovinaClair\/"]}]}},"_links":{"self":[{"href":"https:\/\/clair.si\/hr\/wp-json\/wp\/v2\/product\/92899","targetHints":{"allow":["GET"]}}],"collection":[{"href":"https:\/\/clair.si\/hr\/wp-json\/wp\/v2\/product"}],"about":[{"href":"https:\/\/clair.si\/hr\/wp-json\/wp\/v2\/types\/product"}],"version-history":[{"count":0,"href":"https:\/\/clair.si\/hr\/wp-json\/wp\/v2\/product\/92899\/revisions"}],"wp:featuredmedia":[{"embeddable":true,"href":"https:\/\/clair.si\/hr\/wp-json\/wp\/v2\/media\/92908"}],"wp:attachment":[{"href":"https:\/\/clair.si\/hr\/wp-json\/wp\/v2\/media?parent=92899"}],"wp:term":[{"taxonomy":"product_brand","embeddable":true,"href":"https:\/\/clair.si\/hr\/wp-json\/wp\/v2\/product_brand?post=92899"},{"taxonomy":"product_cat","embeddable":true,"href":"https:\/\/clair.si\/hr\/wp-json\/wp\/v2\/product_cat?post=92899"},{"taxonomy":"product_tag","embeddable":true,"href":"https:\/\/clair.si\/hr\/wp-json\/wp\/v2\/product_tag?post=92899"}],"curies":[{"name":"wp","href":"https:\/\/api.w.org\/{rel}","templated":true}]}}