{"id":92917,"date":"2025-02-28T09:55:11","date_gmt":"2025-02-28T08:55:11","guid":{"rendered":"https:\/\/clair.si\/izdelek\/lopta-za-konje-hkm-s-ruckama\/"},"modified":"2026-01-24T14:42:12","modified_gmt":"2026-01-24T13:42:12","slug":"lopta-za-konje-hkm-s-ruckama","status":"publish","type":"product","link":"https:\/\/clair.si\/hr\/izdelek\/lopta-za-konje-hkm-s-ruckama\/","title":{"rendered":"HKM lopta za konje s ru\u010dkama"},"content":{"rendered":"<p>Igra\u0107a lopta za konje Fun osigurava zabavu i razbibrigu u \u0161tali te poma\u017ee u sprje\u010davanju dosade. Zahvaljuju\u0107i prakti\u010dnoj om\u010di, lako ju je pri\u010dvrstiti, tako da se konj mo\u017ee igrati kad god po\u017eeli. Na manje om\u010de na lopti mo\u017eete pri\u010dvrstiti i hranu, kao \u0161to su sijeno ili mrkva, \u0161to predstavlja dodatnu razbibrigu. Lopta dolazi s zra\u010dnom pumpom, stoga je odmah spremna za upotrebu. Odli\u010dan dodatak za zapo\u0161ljavanje konja i uljep\u0161avanje njegove svakodnevice.<\/p>\n<ul>\n<li>Igra\u010dka za konje \u0107e zaposliti va\u0161eg konja u \u0161tali<\/li>\n<li>Sprje\u010dava dosadu<\/li>\n<li>Lopta dolazi s zra\u010dnom pumpom<\/li>\n<li>Igla se nalazi u ru\u010dki pumpe<\/li>\n<li>Promjer pribli\u017eno 18 cm<\/li>\n<\/ul>\n<p>&nbsp;<\/p>\n","protected":false},"excerpt":{"rendered":"<p>Igra\u0107a lopta za konje Fun osigurava zabavu i razbibrigu u \u0161tali te poma\u017ee u sprje\u010davanju dosade. Zahvaljuju\u0107i prakti\u010dnoj om\u010di, lako<\/p>\n","protected":false},"featured_media":92929,"template":"","meta":{"footnotes":""},"product_brand":[],"product_cat":[5756,5624,5627],"product_tag":[],"class_list":{"0":"post-92917","1":"product","2":"type-product","3":"status-publish","4":"has-post-thumbnail","6":"product_cat-dodaci-za-stalu","7":"product_cat-konj-hr","8":"product_cat-stala-i-pasnjak","10":"first","11":"instock","12":"sale","13":"shipping-taxable","14":"purchasable","15":"product-type-variable"},"yoast_head":"<!-- This site is optimized with the Yoast SEO plugin v27.3 - https:\/\/yoast.com\/product\/yoast-seo-wordpress\/ -->\n<title>HKM lopta za konje s ru\u010dkama - Clair<\/title>\n<meta name=\"description\" content=\"Igra\u0107a lopta za konje Fun osigurava zabavu i razbibrigu u \u0161tali te poma\u017ee u sprje\u010davanju dosade. Zahvaljuju\u0107i prakti\u010dnoj om\u010di, lako ju je pri\u010dvrstiti,\" \/>\n<meta name=\"robots\" content=\"index, follow, max-snippet:-1, max-image-preview:large, max-video-preview:-1\" \/>\n<link rel=\"canonical\" href=\"https:\/\/clair.si\/izdelek\/zoga-za-konja-hkm-z-roci\/\" \/>\n<meta property=\"og:locale\" content=\"hr_HR\" \/>\n<meta property=\"og:type\" content=\"article\" \/>\n<meta property=\"og:title\" content=\"HKM lopta za konje s ru\u010dkama - Clair\" \/>\n<meta property=\"og:description\" content=\"Igra\u0107a lopta za konje Fun osigurava zabavu i razbibrigu u \u0161tali te poma\u017ee u sprje\u010davanju dosade. Zahvaljuju\u0107i prakti\u010dnoj om\u010di, lako ju je pri\u010dvrstiti,\" \/>\n<meta property=\"og:url\" content=\"https:\/\/clair.si\/izdelek\/zoga-za-konja-hkm-z-roci\/\" \/>\n<meta property=\"og:site_name\" content=\"Clair\" \/>\n<meta property=\"article:publisher\" content=\"https:\/\/www.facebook.com\/TrgovinaClair\/\" \/>\n<meta property=\"article:modified_time\" content=\"2026-01-24T13:42:12+00:00\" \/>\n<meta property=\"og:image\" content=\"https:\/\/clair.si\/wp-content\/uploads\/2025\/02\/Zoga-za-konja-HKM-z-roci-modra_1.webp\" \/>\n\t<meta property=\"og:image:width\" content=\"700\" \/>\n\t<meta property=\"og:image:height\" content=\"700\" \/>\n\t<meta property=\"og:image:type\" content=\"image\/jpeg\" \/>\n<meta name=\"twitter:card\" content=\"summary_large_image\" \/>\n<meta name=\"twitter:label1\" content=\"Procijenjeno vrijeme \u010ditanja\" \/>\n\t<meta name=\"twitter:data1\" content=\"1 minuta\" \/>\n<script type=\"application\/ld+json\" class=\"yoast-schema-graph\">{\"@context\":\"https:\\\/\\\/schema.org\",\"@graph\":[{\"@type\":\"WebPage\",\"@id\":\"https:\\\/\\\/clair.si\\\/izdelek\\\/zoga-za-konja-hkm-z-roci\\\/\",\"url\":\"https:\\\/\\\/clair.si\\\/izdelek\\\/zoga-za-konja-hkm-z-roci\\\/\",\"name\":\"HKM lopta za konje s ru\u010dkama - Clair\",\"isPartOf\":{\"@id\":\"https:\\\/\\\/clair.si\\\/#website\"},\"primaryImageOfPage\":{\"@id\":\"https:\\\/\\\/clair.si\\\/izdelek\\\/zoga-za-konja-hkm-z-roci\\\/#primaryimage\"},\"image\":{\"@id\":\"https:\\\/\\\/clair.si\\\/izdelek\\\/zoga-za-konja-hkm-z-roci\\\/#primaryimage\"},\"thumbnailUrl\":\"https:\\\/\\\/clair.si\\\/wp-content\\\/uploads\\\/2025\\\/02\\\/Zoga-za-konja-HKM-z-roci-modra_1.webp\",\"datePublished\":\"2025-02-28T08:55:11+00:00\",\"dateModified\":\"2026-01-24T13:42:12+00:00\",\"description\":\"Igra\u0107a lopta za konje Fun osigurava zabavu i razbibrigu u \u0161tali te poma\u017ee u sprje\u010davanju dosade. Zahvaljuju\u0107i prakti\u010dnoj om\u010di, lako ju je pri\u010dvrstiti,\",\"breadcrumb\":{\"@id\":\"https:\\\/\\\/clair.si\\\/izdelek\\\/zoga-za-konja-hkm-z-roci\\\/#breadcrumb\"},\"inLanguage\":\"hr\",\"potentialAction\":[{\"@type\":\"ReadAction\",\"target\":[\"https:\\\/\\\/clair.si\\\/izdelek\\\/zoga-za-konja-hkm-z-roci\\\/\"]}]},{\"@type\":\"ImageObject\",\"inLanguage\":\"hr\",\"@id\":\"https:\\\/\\\/clair.si\\\/izdelek\\\/zoga-za-konja-hkm-z-roci\\\/#primaryimage\",\"url\":\"https:\\\/\\\/clair.si\\\/wp-content\\\/uploads\\\/2025\\\/02\\\/Zoga-za-konja-HKM-z-roci-modra_1.webp\",\"contentUrl\":\"https:\\\/\\\/clair.si\\\/wp-content\\\/uploads\\\/2025\\\/02\\\/Zoga-za-konja-HKM-z-roci-modra_1.webp\",\"width\":700,\"height\":700},{\"@type\":\"BreadcrumbList\",\"@id\":\"https:\\\/\\\/clair.si\\\/izdelek\\\/zoga-za-konja-hkm-z-roci\\\/#breadcrumb\",\"itemListElement\":[{\"@type\":\"ListItem\",\"position\":1,\"name\":\"Home\",\"item\":\"https:\\\/\\\/clair.si\\\/hr\\\/\"},{\"@type\":\"ListItem\",\"position\":2,\"name\":\"Trgovina\",\"item\":\"https:\\\/\\\/clair.si\\\/trgovina\\\/\"},{\"@type\":\"ListItem\",\"position\":3,\"name\":\"HKM lopta za konje s ru\u010dkama\"}]},{\"@type\":\"WebSite\",\"@id\":\"https:\\\/\\\/clair.si\\\/#website\",\"url\":\"https:\\\/\\\/clair.si\\\/\",\"name\":\"Clair\",\"description\":\"Trgovina s konjeni\u0161ko opremo\",\"publisher\":{\"@id\":\"https:\\\/\\\/clair.si\\\/#organization\"},\"potentialAction\":[{\"@type\":\"SearchAction\",\"target\":{\"@type\":\"EntryPoint\",\"urlTemplate\":\"https:\\\/\\\/clair.si\\\/?s={search_term_string}\"},\"query-input\":{\"@type\":\"PropertyValueSpecification\",\"valueRequired\":true,\"valueName\":\"search_term_string\"}}],\"inLanguage\":\"hr\"},{\"@type\":\"Organization\",\"@id\":\"https:\\\/\\\/clair.si\\\/#organization\",\"name\":\"Clair\",\"url\":\"https:\\\/\\\/clair.si\\\/\",\"logo\":{\"@type\":\"ImageObject\",\"inLanguage\":\"hr\",\"@id\":\"https:\\\/\\\/clair.si\\\/#\\\/schema\\\/logo\\\/image\\\/\",\"url\":\"https:\\\/\\\/clair.si\\\/wp-content\\\/uploads\\\/2022\\\/11\\\/clair_logo_2022.jpg\",\"contentUrl\":\"https:\\\/\\\/clair.si\\\/wp-content\\\/uploads\\\/2022\\\/11\\\/clair_logo_2022.jpg\",\"width\":1920,\"height\":1920,\"caption\":\"Clair\"},\"image\":{\"@id\":\"https:\\\/\\\/clair.si\\\/#\\\/schema\\\/logo\\\/image\\\/\"},\"sameAs\":[\"https:\\\/\\\/www.facebook.com\\\/TrgovinaClair\\\/\"]}]}<\/script>\n<!-- \/ Yoast SEO plugin. -->","yoast_head_json":{"title":"HKM lopta za konje s ru\u010dkama - Clair","description":"Igra\u0107a lopta za konje Fun osigurava zabavu i razbibrigu u \u0161tali te poma\u017ee u sprje\u010davanju dosade. Zahvaljuju\u0107i prakti\u010dnoj om\u010di, lako ju je pri\u010dvrstiti,","robots":{"index":"index","follow":"follow","max-snippet":"max-snippet:-1","max-image-preview":"max-image-preview:large","max-video-preview":"max-video-preview:-1"},"canonical":"https:\/\/clair.si\/izdelek\/zoga-za-konja-hkm-z-roci\/","og_locale":"hr_HR","og_type":"article","og_title":"HKM lopta za konje s ru\u010dkama - Clair","og_description":"Igra\u0107a lopta za konje Fun osigurava zabavu i razbibrigu u \u0161tali te poma\u017ee u sprje\u010davanju dosade. Zahvaljuju\u0107i prakti\u010dnoj om\u010di, lako ju je pri\u010dvrstiti,","og_url":"https:\/\/clair.si\/izdelek\/zoga-za-konja-hkm-z-roci\/","og_site_name":"Clair","article_publisher":"https:\/\/www.facebook.com\/TrgovinaClair\/","article_modified_time":"2026-01-24T13:42:12+00:00","og_image":[{"width":700,"height":700,"url":"https:\/\/clair.si\/wp-content\/uploads\/2025\/02\/Zoga-za-konja-HKM-z-roci-modra_1.webp","type":"image\/jpeg"}],"twitter_card":"summary_large_image","twitter_misc":{"Procijenjeno vrijeme \u010ditanja":"1 minuta"},"schema":{"@context":"https:\/\/schema.org","@graph":[{"@type":"WebPage","@id":"https:\/\/clair.si\/izdelek\/zoga-za-konja-hkm-z-roci\/","url":"https:\/\/clair.si\/izdelek\/zoga-za-konja-hkm-z-roci\/","name":"HKM lopta za konje s ru\u010dkama - Clair","isPartOf":{"@id":"https:\/\/clair.si\/#website"},"primaryImageOfPage":{"@id":"https:\/\/clair.si\/izdelek\/zoga-za-konja-hkm-z-roci\/#primaryimage"},"image":{"@id":"https:\/\/clair.si\/izdelek\/zoga-za-konja-hkm-z-roci\/#primaryimage"},"thumbnailUrl":"https:\/\/clair.si\/wp-content\/uploads\/2025\/02\/Zoga-za-konja-HKM-z-roci-modra_1.webp","datePublished":"2025-02-28T08:55:11+00:00","dateModified":"2026-01-24T13:42:12+00:00","description":"Igra\u0107a lopta za konje Fun osigurava zabavu i razbibrigu u \u0161tali te poma\u017ee u sprje\u010davanju dosade. Zahvaljuju\u0107i prakti\u010dnoj om\u010di, lako ju je pri\u010dvrstiti,","breadcrumb":{"@id":"https:\/\/clair.si\/izdelek\/zoga-za-konja-hkm-z-roci\/#breadcrumb"},"inLanguage":"hr","potentialAction":[{"@type":"ReadAction","target":["https:\/\/clair.si\/izdelek\/zoga-za-konja-hkm-z-roci\/"]}]},{"@type":"ImageObject","inLanguage":"hr","@id":"https:\/\/clair.si\/izdelek\/zoga-za-konja-hkm-z-roci\/#primaryimage","url":"https:\/\/clair.si\/wp-content\/uploads\/2025\/02\/Zoga-za-konja-HKM-z-roci-modra_1.webp","contentUrl":"https:\/\/clair.si\/wp-content\/uploads\/2025\/02\/Zoga-za-konja-HKM-z-roci-modra_1.webp","width":700,"height":700},{"@type":"BreadcrumbList","@id":"https:\/\/clair.si\/izdelek\/zoga-za-konja-hkm-z-roci\/#breadcrumb","itemListElement":[{"@type":"ListItem","position":1,"name":"Home","item":"https:\/\/clair.si\/hr\/"},{"@type":"ListItem","position":2,"name":"Trgovina","item":"https:\/\/clair.si\/trgovina\/"},{"@type":"ListItem","position":3,"name":"HKM lopta za konje s ru\u010dkama"}]},{"@type":"WebSite","@id":"https:\/\/clair.si\/#website","url":"https:\/\/clair.si\/","name":"Clair","description":"Trgovina s konjeni\u0161ko opremo","publisher":{"@id":"https:\/\/clair.si\/#organization"},"potentialAction":[{"@type":"SearchAction","target":{"@type":"EntryPoint","urlTemplate":"https:\/\/clair.si\/?s={search_term_string}"},"query-input":{"@type":"PropertyValueSpecification","valueRequired":true,"valueName":"search_term_string"}}],"inLanguage":"hr"},{"@type":"Organization","@id":"https:\/\/clair.si\/#organization","name":"Clair","url":"https:\/\/clair.si\/","logo":{"@type":"ImageObject","inLanguage":"hr","@id":"https:\/\/clair.si\/#\/schema\/logo\/image\/","url":"https:\/\/clair.si\/wp-content\/uploads\/2022\/11\/clair_logo_2022.jpg","contentUrl":"https:\/\/clair.si\/wp-content\/uploads\/2022\/11\/clair_logo_2022.jpg","width":1920,"height":1920,"caption":"Clair"},"image":{"@id":"https:\/\/clair.si\/#\/schema\/logo\/image\/"},"sameAs":["https:\/\/www.facebook.com\/TrgovinaClair\/"]}]}},"_links":{"self":[{"href":"https:\/\/clair.si\/hr\/wp-json\/wp\/v2\/product\/92917","targetHints":{"allow":["GET"]}}],"collection":[{"href":"https:\/\/clair.si\/hr\/wp-json\/wp\/v2\/product"}],"about":[{"href":"https:\/\/clair.si\/hr\/wp-json\/wp\/v2\/types\/product"}],"version-history":[{"count":1,"href":"https:\/\/clair.si\/hr\/wp-json\/wp\/v2\/product\/92917\/revisions"}],"predecessor-version":[{"id":113684,"href":"https:\/\/clair.si\/hr\/wp-json\/wp\/v2\/product\/92917\/revisions\/113684"}],"wp:featuredmedia":[{"embeddable":true,"href":"https:\/\/clair.si\/hr\/wp-json\/wp\/v2\/media\/92929"}],"wp:attachment":[{"href":"https:\/\/clair.si\/hr\/wp-json\/wp\/v2\/media?parent=92917"}],"wp:term":[{"taxonomy":"product_brand","embeddable":true,"href":"https:\/\/clair.si\/hr\/wp-json\/wp\/v2\/product_brand?post=92917"},{"taxonomy":"product_cat","embeddable":true,"href":"https:\/\/clair.si\/hr\/wp-json\/wp\/v2\/product_cat?post=92917"},{"taxonomy":"product_tag","embeddable":true,"href":"https:\/\/clair.si\/hr\/wp-json\/wp\/v2\/product_tag?post=92917"}],"curies":[{"name":"wp","href":"https:\/\/api.w.org\/{rel}","templated":true}]}}