{"id":92970,"date":"2025-02-27T10:38:15","date_gmt":"2025-02-27T09:38:15","guid":{"rendered":"https:\/\/clair.si\/izdelek\/naf-sheer-luxe-leather\/"},"modified":"2025-08-28T05:39:36","modified_gmt":"2025-08-28T03:39:36","slug":"naf-sheer-luxe-leather","status":"publish","type":"product","link":"https:\/\/clair.si\/hr\/izdelek\/naf-sheer-luxe-leather\/","title":{"rendered":"NAF Sheer Luxe Leather"},"content":{"rendered":"<p data-start=\"0\" data-end=\"82\"><strong data-start=\"0\" data-end=\"80\">NAF Sheer Luxe Leather Cleanse &amp; Condition \u2013 Vrhunsko \u010di\u0161\u0107enje i njega ko\u017ee u jednom koraku <\/strong><\/p>\n<p data-start=\"84\" data-end=\"362\"><strong>\u010c<\/strong><strong data-start=\"130\" data-end=\"167\">istilo i balzam u jednom<\/strong>, osmi\u0161ljeno za brzu i u\u010dinkovitu njegu ko\u017ene opreme. Njegova <strong data-start=\"231\" data-end=\"251\">dvofazna formula<\/strong> temeljito uklanja prljav\u0161tinu, znoj i masno\u0107u, istovremeno <strong data-start=\"317\" data-end=\"359\">omek\u0161ava, hrani i \u0161titi ko\u017eu od isu\u0161ivanja<\/strong>. <\/p>\n<p data-start=\"364\" data-end=\"636\"><strong data-start=\"367\" data-end=\"428\">Za\u0161to odabrati NAF Sheer Luxe Leather Cleanse &amp; Condition?<\/strong><br data-start=\"428\" data-end=\"431\">\u2714\ufe0f Dubinsko \u010di\u0161\u0107enje i njega u jednom koraku<br data-start=\"474\" data-end=\"477\">\u2714\ufe0f Obnavlja prirodnu elasti\u010dnost i sjaj ko\u017ee<br data-start=\"520\" data-end=\"523\">\u2714\ufe0f Ne isu\u0161uje \u2013 idealno za redovitu uporabu<br data-start=\"564\" data-end=\"567\">\u2714\ufe0f Pogodno za sedla, uzde, jaha\u0107e \u010dizme i drugu ko\u017enu opremu<\/p>\n<p data-start=\"638\" data-end=\"793\">\ud83d\udd2c <strong data-start=\"641\" data-end=\"653\">Sastav:<\/strong><br data-start=\"653\" data-end=\"656\">Sadr\u017ei <strong data-start=\"664\" data-end=\"702\">prirodna ulja i hidratantne sastojke<\/strong>, koji njeguju ko\u017eu i vra\u0107aju joj meko\u0107u, a da je ne u\u010dine masnom ili ljepljivom.<\/p>\n<p data-start=\"795\" data-end=\"1080\">\ud83d\udfe2 <strong data-start=\"798\" data-end=\"822\">Upute za uporabu:<\/strong><br data-start=\"822\" data-end=\"825\">\u2705 <strong data-start=\"827\" data-end=\"886\">Prije uporabe dobro protresite da se obje faze sjedine.<\/strong><br data-start=\"886\" data-end=\"889\">\u2705 Raspr\u0161ite izravno na ko\u017eu ili nanesite \u010distom mekom krpom.<br data-start=\"953\" data-end=\"956\">\u2705 Nje\u017eno utrljajte kru\u017enim pokretima i pustite da se upije.<br data-start=\"1011\" data-end=\"1014\" data-is-only-node=\"\">\u2705 Po potrebi obri\u0161ite vi\u0161ak i polirajte za sjajan zavr\u0161etak.<\/p>\n<p data-start=\"1082\" data-end=\"1222\">\ud83d\udd39 <strong data-start=\"1085\" data-end=\"1096\">Savjet:<\/strong> Za dodatnu za\u0161titu i dubinsku prehranu ko\u017ee nakon \u010di\u0161\u0107enja koristite <strong data-start=\"1169\" data-end=\"1219\">NAF Sheer Luxe Leather Balsam ili Leather Food<\/strong>.<\/p>\n<p data-start=\"1224\" data-end=\"1390\" data-is-last-node=\"\" data-is-only-node=\"\">Osigurajte da va\u0161a ko\u017ena oprema uvijek bude mekana, sjajna i spremna za uporabu u jednom koraku! \ud83d\udc34<\/p>\n","protected":false},"excerpt":{"rendered":"<ul>\n<li>\u010disti i njeguje u jednom koraku<\/li>\n<li>pogodno za sedla, uzde, \u010dizme..<\/li>\n<\/ul>\n","protected":false},"featured_media":92972,"template":"","meta":{"footnotes":""},"product_brand":[],"product_cat":[5867,5627],"product_tag":[],"class_list":{"0":"post-92970","1":"product","2":"type-product","3":"status-publish","4":"has-post-thumbnail","6":"product_cat-njega-koze","7":"product_cat-stala-i-pasnjak","9":"first","10":"instock","11":"shipping-taxable","12":"purchasable","13":"product-type-simple"},"yoast_head":"<!-- This site is optimized with the Yoast SEO plugin v27.4 - https:\/\/yoast.com\/product\/yoast-seo-wordpress\/ -->\n<title>NAF Sheer Luxe Leather - Clair<\/title>\n<meta name=\"description\" content=\"\u010disti i njeguje u jednom koraku  pogodno za sedla, uzde, \u010dizme..\" \/>\n<meta name=\"robots\" content=\"index, follow, max-snippet:-1, max-image-preview:large, max-video-preview:-1\" \/>\n<link rel=\"canonical\" href=\"https:\/\/clair.si\/hr\/izdelek\/naf-sheer-luxe-leather\/\" \/>\n<meta property=\"og:locale\" content=\"hr_HR\" \/>\n<meta property=\"og:type\" content=\"article\" \/>\n<meta property=\"og:title\" content=\"NAF Sheer Luxe Leather - Clair\" \/>\n<meta property=\"og:description\" content=\"\u010disti i njeguje u jednom koraku  pogodno za sedla, uzde, \u010dizme..\" \/>\n<meta property=\"og:url\" content=\"https:\/\/clair.si\/hr\/izdelek\/naf-sheer-luxe-leather\/\" \/>\n<meta property=\"og:site_name\" content=\"Clair\" \/>\n<meta property=\"article:publisher\" content=\"https:\/\/www.facebook.com\/TrgovinaClair\/\" \/>\n<meta property=\"article:modified_time\" content=\"2025-08-28T03:39:36+00:00\" \/>\n<meta property=\"og:image\" content=\"https:\/\/clair.si\/wp-content\/uploads\/2025\/02\/NAF-Sheer-Luxe-Leather-Clair.webp\" \/>\n\t<meta property=\"og:image:width\" content=\"1024\" \/>\n\t<meta property=\"og:image:height\" content=\"1024\" \/>\n\t<meta property=\"og:image:type\" content=\"image\/webp\" \/>\n<meta name=\"twitter:card\" content=\"summary_large_image\" \/>\n<meta name=\"twitter:label1\" content=\"Procijenjeno vrijeme \u010ditanja\" \/>\n\t<meta name=\"twitter:data1\" content=\"2 minute\" \/>\n<script type=\"application\/ld+json\" class=\"yoast-schema-graph\">{\"@context\":\"https:\\\/\\\/schema.org\",\"@graph\":[{\"@type\":\"WebPage\",\"@id\":\"https:\\\/\\\/clair.si\\\/hr\\\/izdelek\\\/naf-sheer-luxe-leather\\\/\",\"url\":\"https:\\\/\\\/clair.si\\\/hr\\\/izdelek\\\/naf-sheer-luxe-leather\\\/\",\"name\":\"NAF Sheer Luxe Leather - Clair\",\"isPartOf\":{\"@id\":\"https:\\\/\\\/clair.si\\\/#website\"},\"primaryImageOfPage\":{\"@id\":\"https:\\\/\\\/clair.si\\\/hr\\\/izdelek\\\/naf-sheer-luxe-leather\\\/#primaryimage\"},\"image\":{\"@id\":\"https:\\\/\\\/clair.si\\\/hr\\\/izdelek\\\/naf-sheer-luxe-leather\\\/#primaryimage\"},\"thumbnailUrl\":\"https:\\\/\\\/clair.si\\\/wp-content\\\/uploads\\\/2025\\\/02\\\/NAF-Sheer-Luxe-Leather-Clair.webp\",\"datePublished\":\"2025-02-27T09:38:15+00:00\",\"dateModified\":\"2025-08-28T03:39:36+00:00\",\"description\":\"\u010disti i njeguje u jednom koraku pogodno za sedla, uzde, \u010dizme..\",\"breadcrumb\":{\"@id\":\"https:\\\/\\\/clair.si\\\/hr\\\/izdelek\\\/naf-sheer-luxe-leather\\\/#breadcrumb\"},\"inLanguage\":\"hr\",\"potentialAction\":[{\"@type\":\"ReadAction\",\"target\":[\"https:\\\/\\\/clair.si\\\/hr\\\/izdelek\\\/naf-sheer-luxe-leather\\\/\"]}]},{\"@type\":\"ImageObject\",\"inLanguage\":\"hr\",\"@id\":\"https:\\\/\\\/clair.si\\\/hr\\\/izdelek\\\/naf-sheer-luxe-leather\\\/#primaryimage\",\"url\":\"https:\\\/\\\/clair.si\\\/wp-content\\\/uploads\\\/2025\\\/02\\\/NAF-Sheer-Luxe-Leather-Clair.webp\",\"contentUrl\":\"https:\\\/\\\/clair.si\\\/wp-content\\\/uploads\\\/2025\\\/02\\\/NAF-Sheer-Luxe-Leather-Clair.webp\",\"width\":1024,\"height\":1024},{\"@type\":\"BreadcrumbList\",\"@id\":\"https:\\\/\\\/clair.si\\\/hr\\\/izdelek\\\/naf-sheer-luxe-leather\\\/#breadcrumb\",\"itemListElement\":[{\"@type\":\"ListItem\",\"position\":1,\"name\":\"Home\",\"item\":\"https:\\\/\\\/clair.si\\\/hr\\\/\"},{\"@type\":\"ListItem\",\"position\":2,\"name\":\"Trgovina\",\"item\":\"https:\\\/\\\/clair.si\\\/trgovina\\\/\"},{\"@type\":\"ListItem\",\"position\":3,\"name\":\"NAF Sheer Luxe Leather\"}]},{\"@type\":\"WebSite\",\"@id\":\"https:\\\/\\\/clair.si\\\/#website\",\"url\":\"https:\\\/\\\/clair.si\\\/\",\"name\":\"Clair\",\"description\":\"Trgovina s konjeni\u0161ko opremo\",\"publisher\":{\"@id\":\"https:\\\/\\\/clair.si\\\/#organization\"},\"potentialAction\":[{\"@type\":\"SearchAction\",\"target\":{\"@type\":\"EntryPoint\",\"urlTemplate\":\"https:\\\/\\\/clair.si\\\/?s={search_term_string}\"},\"query-input\":{\"@type\":\"PropertyValueSpecification\",\"valueRequired\":true,\"valueName\":\"search_term_string\"}}],\"inLanguage\":\"hr\"},{\"@type\":\"Organization\",\"@id\":\"https:\\\/\\\/clair.si\\\/#organization\",\"name\":\"Clair\",\"url\":\"https:\\\/\\\/clair.si\\\/\",\"logo\":{\"@type\":\"ImageObject\",\"inLanguage\":\"hr\",\"@id\":\"https:\\\/\\\/clair.si\\\/#\\\/schema\\\/logo\\\/image\\\/\",\"url\":\"https:\\\/\\\/clair.si\\\/wp-content\\\/uploads\\\/2022\\\/11\\\/clair_logo_2022.jpg\",\"contentUrl\":\"https:\\\/\\\/clair.si\\\/wp-content\\\/uploads\\\/2022\\\/11\\\/clair_logo_2022.jpg\",\"width\":1920,\"height\":1920,\"caption\":\"Clair\"},\"image\":{\"@id\":\"https:\\\/\\\/clair.si\\\/#\\\/schema\\\/logo\\\/image\\\/\"},\"sameAs\":[\"https:\\\/\\\/www.facebook.com\\\/TrgovinaClair\\\/\"]}]}<\/script>\n<!-- \/ Yoast SEO plugin. -->","yoast_head_json":{"title":"NAF Sheer Luxe Leather - Clair","description":"\u010disti i njeguje u jednom koraku  pogodno za sedla, uzde, \u010dizme..","robots":{"index":"index","follow":"follow","max-snippet":"max-snippet:-1","max-image-preview":"max-image-preview:large","max-video-preview":"max-video-preview:-1"},"canonical":"https:\/\/clair.si\/hr\/izdelek\/naf-sheer-luxe-leather\/","og_locale":"hr_HR","og_type":"article","og_title":"NAF Sheer Luxe Leather - Clair","og_description":"\u010disti i njeguje u jednom koraku  pogodno za sedla, uzde, \u010dizme..","og_url":"https:\/\/clair.si\/hr\/izdelek\/naf-sheer-luxe-leather\/","og_site_name":"Clair","article_publisher":"https:\/\/www.facebook.com\/TrgovinaClair\/","article_modified_time":"2025-08-28T03:39:36+00:00","og_image":[{"width":1024,"height":1024,"url":"https:\/\/clair.si\/wp-content\/uploads\/2025\/02\/NAF-Sheer-Luxe-Leather-Clair.webp","type":"image\/webp"}],"twitter_card":"summary_large_image","twitter_misc":{"Procijenjeno vrijeme \u010ditanja":"2 minute"},"schema":{"@context":"https:\/\/schema.org","@graph":[{"@type":"WebPage","@id":"https:\/\/clair.si\/hr\/izdelek\/naf-sheer-luxe-leather\/","url":"https:\/\/clair.si\/hr\/izdelek\/naf-sheer-luxe-leather\/","name":"NAF Sheer Luxe Leather - Clair","isPartOf":{"@id":"https:\/\/clair.si\/#website"},"primaryImageOfPage":{"@id":"https:\/\/clair.si\/hr\/izdelek\/naf-sheer-luxe-leather\/#primaryimage"},"image":{"@id":"https:\/\/clair.si\/hr\/izdelek\/naf-sheer-luxe-leather\/#primaryimage"},"thumbnailUrl":"https:\/\/clair.si\/wp-content\/uploads\/2025\/02\/NAF-Sheer-Luxe-Leather-Clair.webp","datePublished":"2025-02-27T09:38:15+00:00","dateModified":"2025-08-28T03:39:36+00:00","description":"\u010disti i njeguje u jednom koraku pogodno za sedla, uzde, \u010dizme..","breadcrumb":{"@id":"https:\/\/clair.si\/hr\/izdelek\/naf-sheer-luxe-leather\/#breadcrumb"},"inLanguage":"hr","potentialAction":[{"@type":"ReadAction","target":["https:\/\/clair.si\/hr\/izdelek\/naf-sheer-luxe-leather\/"]}]},{"@type":"ImageObject","inLanguage":"hr","@id":"https:\/\/clair.si\/hr\/izdelek\/naf-sheer-luxe-leather\/#primaryimage","url":"https:\/\/clair.si\/wp-content\/uploads\/2025\/02\/NAF-Sheer-Luxe-Leather-Clair.webp","contentUrl":"https:\/\/clair.si\/wp-content\/uploads\/2025\/02\/NAF-Sheer-Luxe-Leather-Clair.webp","width":1024,"height":1024},{"@type":"BreadcrumbList","@id":"https:\/\/clair.si\/hr\/izdelek\/naf-sheer-luxe-leather\/#breadcrumb","itemListElement":[{"@type":"ListItem","position":1,"name":"Home","item":"https:\/\/clair.si\/hr\/"},{"@type":"ListItem","position":2,"name":"Trgovina","item":"https:\/\/clair.si\/trgovina\/"},{"@type":"ListItem","position":3,"name":"NAF Sheer Luxe Leather"}]},{"@type":"WebSite","@id":"https:\/\/clair.si\/#website","url":"https:\/\/clair.si\/","name":"Clair","description":"Trgovina s konjeni\u0161ko opremo","publisher":{"@id":"https:\/\/clair.si\/#organization"},"potentialAction":[{"@type":"SearchAction","target":{"@type":"EntryPoint","urlTemplate":"https:\/\/clair.si\/?s={search_term_string}"},"query-input":{"@type":"PropertyValueSpecification","valueRequired":true,"valueName":"search_term_string"}}],"inLanguage":"hr"},{"@type":"Organization","@id":"https:\/\/clair.si\/#organization","name":"Clair","url":"https:\/\/clair.si\/","logo":{"@type":"ImageObject","inLanguage":"hr","@id":"https:\/\/clair.si\/#\/schema\/logo\/image\/","url":"https:\/\/clair.si\/wp-content\/uploads\/2022\/11\/clair_logo_2022.jpg","contentUrl":"https:\/\/clair.si\/wp-content\/uploads\/2022\/11\/clair_logo_2022.jpg","width":1920,"height":1920,"caption":"Clair"},"image":{"@id":"https:\/\/clair.si\/#\/schema\/logo\/image\/"},"sameAs":["https:\/\/www.facebook.com\/TrgovinaClair\/"]}]}},"_links":{"self":[{"href":"https:\/\/clair.si\/hr\/wp-json\/wp\/v2\/product\/92970","targetHints":{"allow":["GET"]}}],"collection":[{"href":"https:\/\/clair.si\/hr\/wp-json\/wp\/v2\/product"}],"about":[{"href":"https:\/\/clair.si\/hr\/wp-json\/wp\/v2\/types\/product"}],"version-history":[{"count":0,"href":"https:\/\/clair.si\/hr\/wp-json\/wp\/v2\/product\/92970\/revisions"}],"wp:featuredmedia":[{"embeddable":true,"href":"https:\/\/clair.si\/hr\/wp-json\/wp\/v2\/media\/92972"}],"wp:attachment":[{"href":"https:\/\/clair.si\/hr\/wp-json\/wp\/v2\/media?parent=92970"}],"wp:term":[{"taxonomy":"product_brand","embeddable":true,"href":"https:\/\/clair.si\/hr\/wp-json\/wp\/v2\/product_brand?post=92970"},{"taxonomy":"product_cat","embeddable":true,"href":"https:\/\/clair.si\/hr\/wp-json\/wp\/v2\/product_cat?post=92970"},{"taxonomy":"product_tag","embeddable":true,"href":"https:\/\/clair.si\/hr\/wp-json\/wp\/v2\/product_tag?post=92970"}],"curies":[{"name":"wp","href":"https:\/\/api.w.org\/{rel}","templated":true}]}}