{"id":92971,"date":"2025-01-27T08:42:28","date_gmt":"2025-01-27T07:42:28","guid":{"rendered":"https:\/\/clair.si\/izdelek\/vile-za-sitni-materijal-h-t\/"},"modified":"2025-09-23T07:41:37","modified_gmt":"2025-09-23T05:41:37","slug":"vile-za-sitni-materijal-h-t","status":"publish","type":"product","link":"https:\/\/clair.si\/hr\/izdelek\/vile-za-sitni-materijal-h-t\/","title":{"rendered":"Vile za sitni materijal H-T"},"content":{"rendered":"<div class=\"flex max-w-full flex-col flex-grow\">\n<div class=\"min-h-8 text-message flex w-full flex-col items-end gap-2 whitespace-normal break-words text-start [.text-message+&amp;]:mt-5\" dir=\"auto\" data-message-author-role=\"assistant\" data-message-id=\"400c5f2e-dee6-485b-9266-3a204669a01a\" data-message-model-slug=\"gpt-4o\">\n<div class=\"flex w-full flex-col gap-1 empty:hidden first:pt-[3px]\">\n<div class=\"markdown prose w-full break-words dark:prose-invert light\">\n<p>Izra\u0111eno od ABS plastike s gustim, prilagodljivim zupcima.<br \/>\nVeliko podru\u010dje dr\u017eanja omogu\u0107uje manje lopatanja i ve\u0107i volumen te omogu\u0107uje stresanje piljevine bez gubitka gnoja.<br \/>\nPrilago\u0111ava se teleskopskoj ru\u010dki, proizvod br. 301.704146, koja je dostupna zasebno.<\/p>\n<\/div>\n<\/div>\n<\/div>\n<\/div>\n","protected":false},"excerpt":{"rendered":"<p>Izra\u0111eno od ABS plastike s gustim, prilagodljivim zupcima. Veliko podru\u010dje dr\u017eanja omogu\u0107uje manje lopatanja i ve\u0107i volumen te omogu\u0107uje stresanje<\/p>\n","protected":false},"featured_media":92976,"template":"","meta":{"footnotes":""},"product_brand":[],"product_cat":[5756,5627],"product_tag":[],"class_list":{"0":"post-92971","1":"product","2":"type-product","3":"status-publish","4":"has-post-thumbnail","6":"product_cat-dodaci-za-stalu","7":"product_cat-stala-i-pasnjak","9":"first","10":"instock","11":"shipping-taxable","12":"purchasable","13":"product-type-variable"},"yoast_head":"<!-- This site is optimized with the Yoast SEO plugin v27.4 - https:\/\/yoast.com\/product\/yoast-seo-wordpress\/ -->\n<title>Vile za sitni materijal H-T - Clair<\/title>\n<meta name=\"description\" content=\"Izra\u0111eno od ABS plastike s gustim, prilagodljivim zupcima. Veliko podru\u010dje dr\u017eanja omogu\u0107uje manje lopatanja i ve\u0107i volumen te omogu\u0107uje stresanje\" \/>\n<meta name=\"robots\" content=\"index, follow, max-snippet:-1, max-image-preview:large, max-video-preview:-1\" \/>\n<link rel=\"canonical\" href=\"https:\/\/clair.si\/izdelek\/vile-za-droben-material-h-t\/\" \/>\n<meta property=\"og:locale\" content=\"hr_HR\" \/>\n<meta property=\"og:type\" content=\"article\" \/>\n<meta property=\"og:title\" content=\"Vile za sitni materijal H-T - Clair\" \/>\n<meta property=\"og:description\" content=\"Izra\u0111eno od ABS plastike s gustim, prilagodljivim zupcima. Veliko podru\u010dje dr\u017eanja omogu\u0107uje manje lopatanja i ve\u0107i volumen te omogu\u0107uje stresanje\" \/>\n<meta property=\"og:url\" content=\"https:\/\/clair.si\/izdelek\/vile-za-droben-material-h-t\/\" \/>\n<meta property=\"og:site_name\" content=\"Clair\" \/>\n<meta property=\"article:publisher\" content=\"https:\/\/www.facebook.com\/TrgovinaClair\/\" \/>\n<meta property=\"article:modified_time\" content=\"2025-09-23T05:41:37+00:00\" \/>\n<meta property=\"og:image\" content=\"https:\/\/clair.si\/wp-content\/uploads\/2025\/01\/vile_hippotonic-fork-head-for-shavings_1.webp\" \/>\n\t<meta property=\"og:image:width\" content=\"799\" \/>\n\t<meta property=\"og:image:height\" content=\"799\" \/>\n\t<meta property=\"og:image:type\" content=\"image\/jpeg\" \/>\n<meta name=\"twitter:card\" content=\"summary_large_image\" \/>\n<meta name=\"twitter:label1\" content=\"Procijenjeno vrijeme \u010ditanja\" \/>\n\t<meta name=\"twitter:data1\" content=\"1 minuta\" \/>\n<script type=\"application\/ld+json\" class=\"yoast-schema-graph\">{\"@context\":\"https:\\\/\\\/schema.org\",\"@graph\":[{\"@type\":\"WebPage\",\"@id\":\"https:\\\/\\\/clair.si\\\/izdelek\\\/vile-za-droben-material-h-t\\\/\",\"url\":\"https:\\\/\\\/clair.si\\\/izdelek\\\/vile-za-droben-material-h-t\\\/\",\"name\":\"Vile za sitni materijal H-T - Clair\",\"isPartOf\":{\"@id\":\"https:\\\/\\\/clair.si\\\/#website\"},\"primaryImageOfPage\":{\"@id\":\"https:\\\/\\\/clair.si\\\/izdelek\\\/vile-za-droben-material-h-t\\\/#primaryimage\"},\"image\":{\"@id\":\"https:\\\/\\\/clair.si\\\/izdelek\\\/vile-za-droben-material-h-t\\\/#primaryimage\"},\"thumbnailUrl\":\"https:\\\/\\\/clair.si\\\/wp-content\\\/uploads\\\/2025\\\/01\\\/vile_hippotonic-fork-head-for-shavings_1.webp\",\"datePublished\":\"2025-01-27T07:42:28+00:00\",\"dateModified\":\"2025-09-23T05:41:37+00:00\",\"description\":\"Izra\u0111eno od ABS plastike s gustim, prilagodljivim zupcima. Veliko podru\u010dje dr\u017eanja omogu\u0107uje manje lopatanja i ve\u0107i volumen te omogu\u0107uje stresanje\",\"breadcrumb\":{\"@id\":\"https:\\\/\\\/clair.si\\\/izdelek\\\/vile-za-droben-material-h-t\\\/#breadcrumb\"},\"inLanguage\":\"hr\",\"potentialAction\":[{\"@type\":\"ReadAction\",\"target\":[\"https:\\\/\\\/clair.si\\\/izdelek\\\/vile-za-droben-material-h-t\\\/\"]}]},{\"@type\":\"ImageObject\",\"inLanguage\":\"hr\",\"@id\":\"https:\\\/\\\/clair.si\\\/izdelek\\\/vile-za-droben-material-h-t\\\/#primaryimage\",\"url\":\"https:\\\/\\\/clair.si\\\/wp-content\\\/uploads\\\/2025\\\/01\\\/vile_hippotonic-fork-head-for-shavings_1.webp\",\"contentUrl\":\"https:\\\/\\\/clair.si\\\/wp-content\\\/uploads\\\/2025\\\/01\\\/vile_hippotonic-fork-head-for-shavings_1.webp\",\"width\":799,\"height\":799},{\"@type\":\"BreadcrumbList\",\"@id\":\"https:\\\/\\\/clair.si\\\/izdelek\\\/vile-za-droben-material-h-t\\\/#breadcrumb\",\"itemListElement\":[{\"@type\":\"ListItem\",\"position\":1,\"name\":\"Home\",\"item\":\"https:\\\/\\\/clair.si\\\/hr\\\/\"},{\"@type\":\"ListItem\",\"position\":2,\"name\":\"Trgovina\",\"item\":\"https:\\\/\\\/clair.si\\\/trgovina\\\/\"},{\"@type\":\"ListItem\",\"position\":3,\"name\":\"Vile za sitni materijal H-T\"}]},{\"@type\":\"WebSite\",\"@id\":\"https:\\\/\\\/clair.si\\\/#website\",\"url\":\"https:\\\/\\\/clair.si\\\/\",\"name\":\"Clair\",\"description\":\"Trgovina s konjeni\u0161ko opremo\",\"publisher\":{\"@id\":\"https:\\\/\\\/clair.si\\\/#organization\"},\"potentialAction\":[{\"@type\":\"SearchAction\",\"target\":{\"@type\":\"EntryPoint\",\"urlTemplate\":\"https:\\\/\\\/clair.si\\\/?s={search_term_string}\"},\"query-input\":{\"@type\":\"PropertyValueSpecification\",\"valueRequired\":true,\"valueName\":\"search_term_string\"}}],\"inLanguage\":\"hr\"},{\"@type\":\"Organization\",\"@id\":\"https:\\\/\\\/clair.si\\\/#organization\",\"name\":\"Clair\",\"url\":\"https:\\\/\\\/clair.si\\\/\",\"logo\":{\"@type\":\"ImageObject\",\"inLanguage\":\"hr\",\"@id\":\"https:\\\/\\\/clair.si\\\/#\\\/schema\\\/logo\\\/image\\\/\",\"url\":\"https:\\\/\\\/clair.si\\\/wp-content\\\/uploads\\\/2022\\\/11\\\/clair_logo_2022.jpg\",\"contentUrl\":\"https:\\\/\\\/clair.si\\\/wp-content\\\/uploads\\\/2022\\\/11\\\/clair_logo_2022.jpg\",\"width\":1920,\"height\":1920,\"caption\":\"Clair\"},\"image\":{\"@id\":\"https:\\\/\\\/clair.si\\\/#\\\/schema\\\/logo\\\/image\\\/\"},\"sameAs\":[\"https:\\\/\\\/www.facebook.com\\\/TrgovinaClair\\\/\"]}]}<\/script>\n<!-- \/ Yoast SEO plugin. -->","yoast_head_json":{"title":"Vile za sitni materijal H-T - Clair","description":"Izra\u0111eno od ABS plastike s gustim, prilagodljivim zupcima. Veliko podru\u010dje dr\u017eanja omogu\u0107uje manje lopatanja i ve\u0107i volumen te omogu\u0107uje stresanje","robots":{"index":"index","follow":"follow","max-snippet":"max-snippet:-1","max-image-preview":"max-image-preview:large","max-video-preview":"max-video-preview:-1"},"canonical":"https:\/\/clair.si\/izdelek\/vile-za-droben-material-h-t\/","og_locale":"hr_HR","og_type":"article","og_title":"Vile za sitni materijal H-T - Clair","og_description":"Izra\u0111eno od ABS plastike s gustim, prilagodljivim zupcima. Veliko podru\u010dje dr\u017eanja omogu\u0107uje manje lopatanja i ve\u0107i volumen te omogu\u0107uje stresanje","og_url":"https:\/\/clair.si\/izdelek\/vile-za-droben-material-h-t\/","og_site_name":"Clair","article_publisher":"https:\/\/www.facebook.com\/TrgovinaClair\/","article_modified_time":"2025-09-23T05:41:37+00:00","og_image":[{"width":799,"height":799,"url":"https:\/\/clair.si\/wp-content\/uploads\/2025\/01\/vile_hippotonic-fork-head-for-shavings_1.webp","type":"image\/jpeg"}],"twitter_card":"summary_large_image","twitter_misc":{"Procijenjeno vrijeme \u010ditanja":"1 minuta"},"schema":{"@context":"https:\/\/schema.org","@graph":[{"@type":"WebPage","@id":"https:\/\/clair.si\/izdelek\/vile-za-droben-material-h-t\/","url":"https:\/\/clair.si\/izdelek\/vile-za-droben-material-h-t\/","name":"Vile za sitni materijal H-T - Clair","isPartOf":{"@id":"https:\/\/clair.si\/#website"},"primaryImageOfPage":{"@id":"https:\/\/clair.si\/izdelek\/vile-za-droben-material-h-t\/#primaryimage"},"image":{"@id":"https:\/\/clair.si\/izdelek\/vile-za-droben-material-h-t\/#primaryimage"},"thumbnailUrl":"https:\/\/clair.si\/wp-content\/uploads\/2025\/01\/vile_hippotonic-fork-head-for-shavings_1.webp","datePublished":"2025-01-27T07:42:28+00:00","dateModified":"2025-09-23T05:41:37+00:00","description":"Izra\u0111eno od ABS plastike s gustim, prilagodljivim zupcima. Veliko podru\u010dje dr\u017eanja omogu\u0107uje manje lopatanja i ve\u0107i volumen te omogu\u0107uje stresanje","breadcrumb":{"@id":"https:\/\/clair.si\/izdelek\/vile-za-droben-material-h-t\/#breadcrumb"},"inLanguage":"hr","potentialAction":[{"@type":"ReadAction","target":["https:\/\/clair.si\/izdelek\/vile-za-droben-material-h-t\/"]}]},{"@type":"ImageObject","inLanguage":"hr","@id":"https:\/\/clair.si\/izdelek\/vile-za-droben-material-h-t\/#primaryimage","url":"https:\/\/clair.si\/wp-content\/uploads\/2025\/01\/vile_hippotonic-fork-head-for-shavings_1.webp","contentUrl":"https:\/\/clair.si\/wp-content\/uploads\/2025\/01\/vile_hippotonic-fork-head-for-shavings_1.webp","width":799,"height":799},{"@type":"BreadcrumbList","@id":"https:\/\/clair.si\/izdelek\/vile-za-droben-material-h-t\/#breadcrumb","itemListElement":[{"@type":"ListItem","position":1,"name":"Home","item":"https:\/\/clair.si\/hr\/"},{"@type":"ListItem","position":2,"name":"Trgovina","item":"https:\/\/clair.si\/trgovina\/"},{"@type":"ListItem","position":3,"name":"Vile za sitni materijal H-T"}]},{"@type":"WebSite","@id":"https:\/\/clair.si\/#website","url":"https:\/\/clair.si\/","name":"Clair","description":"Trgovina s konjeni\u0161ko opremo","publisher":{"@id":"https:\/\/clair.si\/#organization"},"potentialAction":[{"@type":"SearchAction","target":{"@type":"EntryPoint","urlTemplate":"https:\/\/clair.si\/?s={search_term_string}"},"query-input":{"@type":"PropertyValueSpecification","valueRequired":true,"valueName":"search_term_string"}}],"inLanguage":"hr"},{"@type":"Organization","@id":"https:\/\/clair.si\/#organization","name":"Clair","url":"https:\/\/clair.si\/","logo":{"@type":"ImageObject","inLanguage":"hr","@id":"https:\/\/clair.si\/#\/schema\/logo\/image\/","url":"https:\/\/clair.si\/wp-content\/uploads\/2022\/11\/clair_logo_2022.jpg","contentUrl":"https:\/\/clair.si\/wp-content\/uploads\/2022\/11\/clair_logo_2022.jpg","width":1920,"height":1920,"caption":"Clair"},"image":{"@id":"https:\/\/clair.si\/#\/schema\/logo\/image\/"},"sameAs":["https:\/\/www.facebook.com\/TrgovinaClair\/"]}]}},"_links":{"self":[{"href":"https:\/\/clair.si\/hr\/wp-json\/wp\/v2\/product\/92971","targetHints":{"allow":["GET"]}}],"collection":[{"href":"https:\/\/clair.si\/hr\/wp-json\/wp\/v2\/product"}],"about":[{"href":"https:\/\/clair.si\/hr\/wp-json\/wp\/v2\/types\/product"}],"version-history":[{"count":2,"href":"https:\/\/clair.si\/hr\/wp-json\/wp\/v2\/product\/92971\/revisions"}],"predecessor-version":[{"id":113727,"href":"https:\/\/clair.si\/hr\/wp-json\/wp\/v2\/product\/92971\/revisions\/113727"}],"wp:featuredmedia":[{"embeddable":true,"href":"https:\/\/clair.si\/hr\/wp-json\/wp\/v2\/media\/92976"}],"wp:attachment":[{"href":"https:\/\/clair.si\/hr\/wp-json\/wp\/v2\/media?parent=92971"}],"wp:term":[{"taxonomy":"product_brand","embeddable":true,"href":"https:\/\/clair.si\/hr\/wp-json\/wp\/v2\/product_brand?post=92971"},{"taxonomy":"product_cat","embeddable":true,"href":"https:\/\/clair.si\/hr\/wp-json\/wp\/v2\/product_cat?post=92971"},{"taxonomy":"product_tag","embeddable":true,"href":"https:\/\/clair.si\/hr\/wp-json\/wp\/v2\/product_tag?post=92971"}],"curies":[{"name":"wp","href":"https:\/\/api.w.org\/{rel}","templated":true}]}}