{"id":92989,"date":"2025-02-26T12:12:34","date_gmt":"2025-02-26T11:12:34","guid":{"rendered":"https:\/\/clair.si\/izdelek\/tekucina-za-zabice-equinatura\/"},"modified":"2025-08-27T21:53:24","modified_gmt":"2025-08-27T19:53:24","slug":"tekucina-za-zabice-equinatura","status":"publish","type":"product","link":"https:\/\/clair.si\/hr\/izdelek\/tekucina-za-zabice-equinatura\/","title":{"rendered":"Equinatura teku\u0107ina za \u017eabice"},"content":{"rendered":"<p data-start=\"0\" data-end=\"70\"><strong data-start=\"0\" data-end=\"68\">Equinatura teku\u0107ina za \u017eabice \u2013 Prirodna za\u0161tita za zdrava kopita<\/strong><\/p>\n<p data-start=\"72\" data-end=\"354\">Equinatura teku\u0107ina za \u017eabice je visokokvalitetna njega za konjska kopita, dizajnirana za za\u0161titu i ja\u010danje \u017eabice. Njena jedinstvena formula sadr\u017ei prirodne sastojke, kao \u0161to su <strong data-start=\"246\" data-end=\"279\">uljna smola i lovorovo ulje<\/strong>, koji djeluju antibakterijski i poti\u010du regeneraciju kopitnog tkiva. <\/p>\n<p data-start=\"356\" data-end=\"550\"><strong data-start=\"358\" data-end=\"380\">Klju\u010dne prednosti:<\/strong><br data-start=\"380\" data-end=\"383\">\u2714\ufe0f Sprje\u010dava omek\u0161avanje i truljenje \u017eabice<br data-start=\"422\" data-end=\"425\">\u2714\ufe0f Odr\u017eava prirodnu elasti\u010dnost kopita<br data-start=\"461\" data-end=\"464\" data-is-only-node=\"\">\u2714\ufe0f Poti\u010de zdrav rast i obnovu tkiva<br data-start=\"503\" data-end=\"506\">\u2714\ufe0f Brzo upijanje i dugotrajno djelovanje<\/p>\n<p data-start=\"552\" data-end=\"741\"><strong data-start=\"555\" data-end=\"579\">Upute za upotrebu:<\/strong><br data-start=\"579\" data-end=\"582\">O\u010di\u0161\u0107eno kopito ravnomjerno prema\u017eite teku\u0107inom, pri tome posebno posvetite pozornost \u017eabici i rubu kopita. Koristite <strong data-start=\"706\" data-end=\"723\">1-2x tjedno<\/strong> ili po potrebi. <\/p>\n<p data-start=\"743\" data-end=\"831\" data-is-last-node=\"\" data-is-only-node=\"\">Osigurajte svojem konju zdrava i sna\u017ena kopita s <strong data-start=\"793\" data-end=\"826\">Equinatura teku\u0107inom za \u017eabice<\/strong>! \ud83d\udc34\u2728<\/p>\n","protected":false},"excerpt":{"rendered":"<ul>\n<li>terpentin i lovorovo ulje<\/li>\n<li>djeluje antibakterijski<\/li>\n<\/ul>\n","protected":false},"featured_media":92998,"template":"","meta":{"footnotes":""},"product_brand":[],"product_cat":[5624,5675,5677,5873,5625,5627],"product_tag":[],"class_list":{"0":"post-92989","1":"product","2":"type-product","3":"status-publish","4":"has-post-thumbnail","6":"product_cat-konj-hr","7":"product_cat-kozmetika-za-konje-hr","8":"product_cat-kozmetika-za-konje-hr-2","9":"product_cat-njega-i-zdravlje-kopita","10":"product_cat-njega-konja","11":"product_cat-stala-i-pasnjak","13":"first","14":"instock","15":"shipping-taxable","16":"purchasable","17":"product-type-simple"},"yoast_head":"<!-- This site is optimized with the Yoast SEO plugin v27.3 - https:\/\/yoast.com\/product\/yoast-seo-wordpress\/ -->\n<title>Equinatura teku\u0107ina za \u017eabice - Clair<\/title>\n<meta name=\"description\" content=\"terpentin i lovorovo ulje  djeluje antibakterijski\" \/>\n<meta name=\"robots\" content=\"index, follow, max-snippet:-1, max-image-preview:large, max-video-preview:-1\" \/>\n<link rel=\"canonical\" href=\"https:\/\/clair.si\/hr\/izdelek\/tekucina-za-zabice-equinatura\/\" \/>\n<meta property=\"og:locale\" content=\"hr_HR\" \/>\n<meta property=\"og:type\" content=\"article\" \/>\n<meta property=\"og:title\" content=\"Equinatura teku\u0107ina za \u017eabice - Clair\" \/>\n<meta property=\"og:description\" content=\"terpentin i lovorovo ulje  djeluje antibakterijski\" \/>\n<meta property=\"og:url\" content=\"https:\/\/clair.si\/hr\/izdelek\/tekucina-za-zabice-equinatura\/\" \/>\n<meta property=\"og:site_name\" content=\"Clair\" \/>\n<meta property=\"article:publisher\" content=\"https:\/\/www.facebook.com\/TrgovinaClair\/\" \/>\n<meta property=\"article:modified_time\" content=\"2025-08-27T19:53:24+00:00\" \/>\n<meta property=\"og:image\" content=\"https:\/\/clair.si\/wp-content\/uploads\/2025\/02\/equinatura-frog-care.webp\" \/>\n\t<meta property=\"og:image:width\" content=\"458\" \/>\n\t<meta property=\"og:image:height\" content=\"458\" \/>\n\t<meta property=\"og:image:type\" content=\"image\/jpeg\" \/>\n<meta name=\"twitter:card\" content=\"summary_large_image\" \/>\n<meta name=\"twitter:label1\" content=\"Procijenjeno vrijeme \u010ditanja\" \/>\n\t<meta name=\"twitter:data1\" content=\"1 minuta\" \/>\n<script type=\"application\/ld+json\" class=\"yoast-schema-graph\">{\"@context\":\"https:\\\/\\\/schema.org\",\"@graph\":[{\"@type\":\"WebPage\",\"@id\":\"https:\\\/\\\/clair.si\\\/hr\\\/izdelek\\\/tekucina-za-zabice-equinatura\\\/\",\"url\":\"https:\\\/\\\/clair.si\\\/hr\\\/izdelek\\\/tekucina-za-zabice-equinatura\\\/\",\"name\":\"Equinatura teku\u0107ina za \u017eabice - Clair\",\"isPartOf\":{\"@id\":\"https:\\\/\\\/clair.si\\\/#website\"},\"primaryImageOfPage\":{\"@id\":\"https:\\\/\\\/clair.si\\\/hr\\\/izdelek\\\/tekucina-za-zabice-equinatura\\\/#primaryimage\"},\"image\":{\"@id\":\"https:\\\/\\\/clair.si\\\/hr\\\/izdelek\\\/tekucina-za-zabice-equinatura\\\/#primaryimage\"},\"thumbnailUrl\":\"https:\\\/\\\/clair.si\\\/wp-content\\\/uploads\\\/2025\\\/02\\\/equinatura-frog-care.webp\",\"datePublished\":\"2025-02-26T11:12:34+00:00\",\"dateModified\":\"2025-08-27T19:53:24+00:00\",\"description\":\"terpentin i lovorovo ulje djeluje antibakterijski\",\"breadcrumb\":{\"@id\":\"https:\\\/\\\/clair.si\\\/hr\\\/izdelek\\\/tekucina-za-zabice-equinatura\\\/#breadcrumb\"},\"inLanguage\":\"hr\",\"potentialAction\":[{\"@type\":\"ReadAction\",\"target\":[\"https:\\\/\\\/clair.si\\\/hr\\\/izdelek\\\/tekucina-za-zabice-equinatura\\\/\"]}]},{\"@type\":\"ImageObject\",\"inLanguage\":\"hr\",\"@id\":\"https:\\\/\\\/clair.si\\\/hr\\\/izdelek\\\/tekucina-za-zabice-equinatura\\\/#primaryimage\",\"url\":\"https:\\\/\\\/clair.si\\\/wp-content\\\/uploads\\\/2025\\\/02\\\/equinatura-frog-care.webp\",\"contentUrl\":\"https:\\\/\\\/clair.si\\\/wp-content\\\/uploads\\\/2025\\\/02\\\/equinatura-frog-care.webp\",\"width\":458,\"height\":458},{\"@type\":\"BreadcrumbList\",\"@id\":\"https:\\\/\\\/clair.si\\\/hr\\\/izdelek\\\/tekucina-za-zabice-equinatura\\\/#breadcrumb\",\"itemListElement\":[{\"@type\":\"ListItem\",\"position\":1,\"name\":\"Home\",\"item\":\"https:\\\/\\\/clair.si\\\/hr\\\/\"},{\"@type\":\"ListItem\",\"position\":2,\"name\":\"Trgovina\",\"item\":\"https:\\\/\\\/clair.si\\\/trgovina\\\/\"},{\"@type\":\"ListItem\",\"position\":3,\"name\":\"Equinatura teku\u0107ina za \u017eabice\"}]},{\"@type\":\"WebSite\",\"@id\":\"https:\\\/\\\/clair.si\\\/#website\",\"url\":\"https:\\\/\\\/clair.si\\\/\",\"name\":\"Clair\",\"description\":\"Trgovina s konjeni\u0161ko opremo\",\"publisher\":{\"@id\":\"https:\\\/\\\/clair.si\\\/#organization\"},\"potentialAction\":[{\"@type\":\"SearchAction\",\"target\":{\"@type\":\"EntryPoint\",\"urlTemplate\":\"https:\\\/\\\/clair.si\\\/?s={search_term_string}\"},\"query-input\":{\"@type\":\"PropertyValueSpecification\",\"valueRequired\":true,\"valueName\":\"search_term_string\"}}],\"inLanguage\":\"hr\"},{\"@type\":\"Organization\",\"@id\":\"https:\\\/\\\/clair.si\\\/#organization\",\"name\":\"Clair\",\"url\":\"https:\\\/\\\/clair.si\\\/\",\"logo\":{\"@type\":\"ImageObject\",\"inLanguage\":\"hr\",\"@id\":\"https:\\\/\\\/clair.si\\\/#\\\/schema\\\/logo\\\/image\\\/\",\"url\":\"https:\\\/\\\/clair.si\\\/wp-content\\\/uploads\\\/2022\\\/11\\\/clair_logo_2022.jpg\",\"contentUrl\":\"https:\\\/\\\/clair.si\\\/wp-content\\\/uploads\\\/2022\\\/11\\\/clair_logo_2022.jpg\",\"width\":1920,\"height\":1920,\"caption\":\"Clair\"},\"image\":{\"@id\":\"https:\\\/\\\/clair.si\\\/#\\\/schema\\\/logo\\\/image\\\/\"},\"sameAs\":[\"https:\\\/\\\/www.facebook.com\\\/TrgovinaClair\\\/\"]}]}<\/script>\n<!-- \/ Yoast SEO plugin. -->","yoast_head_json":{"title":"Equinatura teku\u0107ina za \u017eabice - Clair","description":"terpentin i lovorovo ulje  djeluje antibakterijski","robots":{"index":"index","follow":"follow","max-snippet":"max-snippet:-1","max-image-preview":"max-image-preview:large","max-video-preview":"max-video-preview:-1"},"canonical":"https:\/\/clair.si\/hr\/izdelek\/tekucina-za-zabice-equinatura\/","og_locale":"hr_HR","og_type":"article","og_title":"Equinatura teku\u0107ina za \u017eabice - Clair","og_description":"terpentin i lovorovo ulje  djeluje antibakterijski","og_url":"https:\/\/clair.si\/hr\/izdelek\/tekucina-za-zabice-equinatura\/","og_site_name":"Clair","article_publisher":"https:\/\/www.facebook.com\/TrgovinaClair\/","article_modified_time":"2025-08-27T19:53:24+00:00","og_image":[{"width":458,"height":458,"url":"https:\/\/clair.si\/wp-content\/uploads\/2025\/02\/equinatura-frog-care.webp","type":"image\/jpeg"}],"twitter_card":"summary_large_image","twitter_misc":{"Procijenjeno vrijeme \u010ditanja":"1 minuta"},"schema":{"@context":"https:\/\/schema.org","@graph":[{"@type":"WebPage","@id":"https:\/\/clair.si\/hr\/izdelek\/tekucina-za-zabice-equinatura\/","url":"https:\/\/clair.si\/hr\/izdelek\/tekucina-za-zabice-equinatura\/","name":"Equinatura teku\u0107ina za \u017eabice - Clair","isPartOf":{"@id":"https:\/\/clair.si\/#website"},"primaryImageOfPage":{"@id":"https:\/\/clair.si\/hr\/izdelek\/tekucina-za-zabice-equinatura\/#primaryimage"},"image":{"@id":"https:\/\/clair.si\/hr\/izdelek\/tekucina-za-zabice-equinatura\/#primaryimage"},"thumbnailUrl":"https:\/\/clair.si\/wp-content\/uploads\/2025\/02\/equinatura-frog-care.webp","datePublished":"2025-02-26T11:12:34+00:00","dateModified":"2025-08-27T19:53:24+00:00","description":"terpentin i lovorovo ulje djeluje antibakterijski","breadcrumb":{"@id":"https:\/\/clair.si\/hr\/izdelek\/tekucina-za-zabice-equinatura\/#breadcrumb"},"inLanguage":"hr","potentialAction":[{"@type":"ReadAction","target":["https:\/\/clair.si\/hr\/izdelek\/tekucina-za-zabice-equinatura\/"]}]},{"@type":"ImageObject","inLanguage":"hr","@id":"https:\/\/clair.si\/hr\/izdelek\/tekucina-za-zabice-equinatura\/#primaryimage","url":"https:\/\/clair.si\/wp-content\/uploads\/2025\/02\/equinatura-frog-care.webp","contentUrl":"https:\/\/clair.si\/wp-content\/uploads\/2025\/02\/equinatura-frog-care.webp","width":458,"height":458},{"@type":"BreadcrumbList","@id":"https:\/\/clair.si\/hr\/izdelek\/tekucina-za-zabice-equinatura\/#breadcrumb","itemListElement":[{"@type":"ListItem","position":1,"name":"Home","item":"https:\/\/clair.si\/hr\/"},{"@type":"ListItem","position":2,"name":"Trgovina","item":"https:\/\/clair.si\/trgovina\/"},{"@type":"ListItem","position":3,"name":"Equinatura teku\u0107ina za \u017eabice"}]},{"@type":"WebSite","@id":"https:\/\/clair.si\/#website","url":"https:\/\/clair.si\/","name":"Clair","description":"Trgovina s konjeni\u0161ko opremo","publisher":{"@id":"https:\/\/clair.si\/#organization"},"potentialAction":[{"@type":"SearchAction","target":{"@type":"EntryPoint","urlTemplate":"https:\/\/clair.si\/?s={search_term_string}"},"query-input":{"@type":"PropertyValueSpecification","valueRequired":true,"valueName":"search_term_string"}}],"inLanguage":"hr"},{"@type":"Organization","@id":"https:\/\/clair.si\/#organization","name":"Clair","url":"https:\/\/clair.si\/","logo":{"@type":"ImageObject","inLanguage":"hr","@id":"https:\/\/clair.si\/#\/schema\/logo\/image\/","url":"https:\/\/clair.si\/wp-content\/uploads\/2022\/11\/clair_logo_2022.jpg","contentUrl":"https:\/\/clair.si\/wp-content\/uploads\/2022\/11\/clair_logo_2022.jpg","width":1920,"height":1920,"caption":"Clair"},"image":{"@id":"https:\/\/clair.si\/#\/schema\/logo\/image\/"},"sameAs":["https:\/\/www.facebook.com\/TrgovinaClair\/"]}]}},"_links":{"self":[{"href":"https:\/\/clair.si\/hr\/wp-json\/wp\/v2\/product\/92989","targetHints":{"allow":["GET"]}}],"collection":[{"href":"https:\/\/clair.si\/hr\/wp-json\/wp\/v2\/product"}],"about":[{"href":"https:\/\/clair.si\/hr\/wp-json\/wp\/v2\/types\/product"}],"version-history":[{"count":0,"href":"https:\/\/clair.si\/hr\/wp-json\/wp\/v2\/product\/92989\/revisions"}],"wp:featuredmedia":[{"embeddable":true,"href":"https:\/\/clair.si\/hr\/wp-json\/wp\/v2\/media\/92998"}],"wp:attachment":[{"href":"https:\/\/clair.si\/hr\/wp-json\/wp\/v2\/media?parent=92989"}],"wp:term":[{"taxonomy":"product_brand","embeddable":true,"href":"https:\/\/clair.si\/hr\/wp-json\/wp\/v2\/product_brand?post=92989"},{"taxonomy":"product_cat","embeddable":true,"href":"https:\/\/clair.si\/hr\/wp-json\/wp\/v2\/product_cat?post=92989"},{"taxonomy":"product_tag","embeddable":true,"href":"https:\/\/clair.si\/hr\/wp-json\/wp\/v2\/product_tag?post=92989"}],"curies":[{"name":"wp","href":"https:\/\/api.w.org\/{rel}","templated":true}]}}