{"id":93007,"date":"2025-02-26T14:24:52","date_gmt":"2025-02-26T13:24:52","guid":{"rendered":"https:\/\/clair.si\/izdelek\/naf-sheer-luxe-leather-food\/"},"modified":"2025-08-28T05:39:34","modified_gmt":"2025-08-28T03:39:34","slug":"naf-sheer-luxe-leather-food","status":"publish","type":"product","link":"https:\/\/clair.si\/hr\/izdelek\/naf-sheer-luxe-leather-food\/","title":{"rendered":"NAF Sheer Luxe Leather Food"},"content":{"rendered":"<p data-start=\"0\" data-end=\"79\"><strong data-start=\"0\" data-end=\"77\">NAF Sheer Luxe Leather Food \u2013 Intenzivna njega i dubinska prehrana ko\u017ee<\/strong><\/p>\n<p data-start=\"81\" data-end=\"386\"><strong>Krema za njegu ko\u017ee<\/strong> koja dubinski <strong data-start=\"159\" data-end=\"187\">vla\u017ei, hrani i obnavlja<\/strong> ko\u017enu opremu te joj vra\u0107a prirodnu meko\u0107u i sjaj. Njegova <strong data-start=\"250\" data-end=\"294\">bogata formula s prirodnim uljima i voskovima<\/strong> prodire duboko u ko\u017eu, \u0161titi je od isu\u0161ivanja i produljuje njezin \u017eivotni vijek. <\/p>\n<p data-start=\"388\" data-end=\"597\">\ud83d\udfe4 <strong data-start=\"391\" data-end=\"413\">Klju\u010dne prednosti:<\/strong><br data-start=\"413\" data-end=\"416\">\u2714\ufe0f Intenzivno hrani i omek\u0161ava ko\u017eu<br data-start=\"450\" data-end=\"453\">\u2714\ufe0f Sprje\u010dava su\u0161enje, pucanje i habanje<br data-start=\"493\" data-end=\"496\">\u2714\ufe0f Obnavlja prirodnu elasti\u010dnost i sjaj<br data-start=\"533\" data-end=\"536\">\u2714\ufe0f Pogodna za sedla, uzde, \u010dizme i drugu ko\u017enu opremu<\/p>\n<p data-start=\"599\" data-end=\"784\">\ud83d\udd2c <strong data-start=\"602\" data-end=\"614\">Sastav:<\/strong><br data-start=\"614\" data-end=\"617\">Sadr\u017ei <strong data-start=\"653\" data-end=\"688\">mje\u0161avinu prirodnih ulja i voskova<\/strong> koji prodiru duboko u ko\u017eu i osiguravaju dugotrajnu za\u0161titu od isu\u0161ivanja i habanja.<\/p>\n<p data-start=\"786\" data-end=\"1082\">\ud83d\udfe2 <strong data-start=\"789\" data-end=\"813\">Upute za uporabu:<\/strong><br data-start=\"813\" data-end=\"816\">\u2705 Na \u010distu i suhu ko\u017eu nanesite malu koli\u010dinu kreme s <strong data-start=\"874\" data-end=\"899\">mekom krpom ili spu\u017evicom<\/strong>.<br data-start=\"900\" data-end=\"903\">\u2705 Nje\u017eno utrljajte u ko\u017eu i pustite da se upije.<br data-start=\"950\" data-end=\"953\">\u2705 Po potrebi obri\u0161ite vi\u0161ak i polirajte za sjajan zavr\u0161etak.<br data-start=\"1017\" data-end=\"1020\">\u2705 Koristite <strong data-start=\"1035\" data-end=\"1079\">redovito za optimalnu njegu i za\u0161titu ko\u017ee<\/strong>.<\/p>\n<p data-start=\"1084\" data-end=\"1248\">\ud83d\udd39 <strong data-start=\"1087\" data-end=\"1098\">Savjet:<\/strong> Za potpuno \u010di\u0161\u0107enje prije nano\u0161enja koristite <strong data-start=\"1142\" data-end=\"1167\">NAF Leather Soft Soap<\/strong>, a zatim s <strong data-start=\"1179\" data-end=\"1210\">NAF Sheer Luxe Leather Food<\/strong> odr\u017eavajte meko\u0107u i elasti\u010dnost ko\u017ee.<\/p>\n<p data-start=\"1250\" data-end=\"1379\" data-is-last-node=\"\" data-is-only-node=\"\">Produljite \u017eivotni vijek svoje ko\u017ene opreme s <strong data-start=\"1302\" data-end=\"1333\">NAF Sheer Luxe Leather Food<\/strong> \u2013 za potpunu njegu i dugotrajnu za\u0161titu! \ud83d\udc34\u2728 <\/p>\n","protected":false},"excerpt":{"rendered":"<ul>\n<li>losion za revitalizaciju i vla\u017eenje ko\u017ee<\/li>\n<li>odli\u010dno za novu opremu ili za staru kojoj treba malo vi\u0161e pa\u017enje \ud83d\ude00<\/li>\n<\/ul>\n","protected":false},"featured_media":93011,"template":"","meta":{"footnotes":""},"product_brand":[],"product_cat":[5867,5627],"product_tag":[],"class_list":{"0":"post-93007","1":"product","2":"type-product","3":"status-publish","4":"has-post-thumbnail","6":"product_cat-njega-koze","7":"product_cat-stala-i-pasnjak","9":"first","10":"instock","11":"shipping-taxable","12":"purchasable","13":"product-type-simple"},"yoast_head":"<!-- This site is optimized with the Yoast SEO plugin v27.4 - https:\/\/yoast.com\/product\/yoast-seo-wordpress\/ -->\n<title>NAF Sheer Luxe Leather Food - Clair<\/title>\n<meta name=\"description\" content=\"losion za revitalizaciju i vla\u017eenje ko\u017ee  odli\u010dno za novu opremu ili za staru kojoj treba malo vi\u0161e pa\u017enje :D\" \/>\n<meta name=\"robots\" content=\"index, follow, max-snippet:-1, max-image-preview:large, max-video-preview:-1\" \/>\n<link rel=\"canonical\" href=\"https:\/\/clair.si\/hr\/izdelek\/naf-sheer-luxe-leather-food\/\" \/>\n<meta property=\"og:locale\" content=\"hr_HR\" \/>\n<meta property=\"og:type\" content=\"article\" \/>\n<meta property=\"og:title\" content=\"NAF Sheer Luxe Leather Food - Clair\" \/>\n<meta property=\"og:description\" content=\"losion za revitalizaciju i vla\u017eenje ko\u017ee  odli\u010dno za novu opremu ili za staru kojoj treba malo vi\u0161e pa\u017enje :D\" \/>\n<meta property=\"og:url\" content=\"https:\/\/clair.si\/hr\/izdelek\/naf-sheer-luxe-leather-food\/\" \/>\n<meta property=\"og:site_name\" content=\"Clair\" \/>\n<meta property=\"article:publisher\" content=\"https:\/\/www.facebook.com\/TrgovinaClair\/\" \/>\n<meta property=\"article:modified_time\" content=\"2025-08-28T03:39:34+00:00\" \/>\n<meta property=\"og:image\" content=\"https:\/\/clair.si\/wp-content\/uploads\/2025\/02\/sheer-luxe-food-naf.webp\" \/>\n\t<meta property=\"og:image:width\" content=\"458\" \/>\n\t<meta property=\"og:image:height\" content=\"458\" \/>\n\t<meta property=\"og:image:type\" content=\"image\/jpeg\" \/>\n<meta name=\"twitter:card\" content=\"summary_large_image\" \/>\n<meta name=\"twitter:label1\" content=\"Procijenjeno vrijeme \u010ditanja\" \/>\n\t<meta name=\"twitter:data1\" content=\"1 minuta\" \/>\n<script type=\"application\/ld+json\" class=\"yoast-schema-graph\">{\"@context\":\"https:\\\/\\\/schema.org\",\"@graph\":[{\"@type\":\"WebPage\",\"@id\":\"https:\\\/\\\/clair.si\\\/hr\\\/izdelek\\\/naf-sheer-luxe-leather-food\\\/\",\"url\":\"https:\\\/\\\/clair.si\\\/hr\\\/izdelek\\\/naf-sheer-luxe-leather-food\\\/\",\"name\":\"NAF Sheer Luxe Leather Food - Clair\",\"isPartOf\":{\"@id\":\"https:\\\/\\\/clair.si\\\/#website\"},\"primaryImageOfPage\":{\"@id\":\"https:\\\/\\\/clair.si\\\/hr\\\/izdelek\\\/naf-sheer-luxe-leather-food\\\/#primaryimage\"},\"image\":{\"@id\":\"https:\\\/\\\/clair.si\\\/hr\\\/izdelek\\\/naf-sheer-luxe-leather-food\\\/#primaryimage\"},\"thumbnailUrl\":\"https:\\\/\\\/clair.si\\\/wp-content\\\/uploads\\\/2025\\\/02\\\/sheer-luxe-food-naf.webp\",\"datePublished\":\"2025-02-26T13:24:52+00:00\",\"dateModified\":\"2025-08-28T03:39:34+00:00\",\"description\":\"losion za revitalizaciju i vla\u017eenje ko\u017ee odli\u010dno za novu opremu ili za staru kojoj treba malo vi\u0161e pa\u017enje :D\",\"breadcrumb\":{\"@id\":\"https:\\\/\\\/clair.si\\\/hr\\\/izdelek\\\/naf-sheer-luxe-leather-food\\\/#breadcrumb\"},\"inLanguage\":\"hr\",\"potentialAction\":[{\"@type\":\"ReadAction\",\"target\":[\"https:\\\/\\\/clair.si\\\/hr\\\/izdelek\\\/naf-sheer-luxe-leather-food\\\/\"]}]},{\"@type\":\"ImageObject\",\"inLanguage\":\"hr\",\"@id\":\"https:\\\/\\\/clair.si\\\/hr\\\/izdelek\\\/naf-sheer-luxe-leather-food\\\/#primaryimage\",\"url\":\"https:\\\/\\\/clair.si\\\/wp-content\\\/uploads\\\/2025\\\/02\\\/sheer-luxe-food-naf.webp\",\"contentUrl\":\"https:\\\/\\\/clair.si\\\/wp-content\\\/uploads\\\/2025\\\/02\\\/sheer-luxe-food-naf.webp\",\"width\":458,\"height\":458},{\"@type\":\"BreadcrumbList\",\"@id\":\"https:\\\/\\\/clair.si\\\/hr\\\/izdelek\\\/naf-sheer-luxe-leather-food\\\/#breadcrumb\",\"itemListElement\":[{\"@type\":\"ListItem\",\"position\":1,\"name\":\"Home\",\"item\":\"https:\\\/\\\/clair.si\\\/hr\\\/\"},{\"@type\":\"ListItem\",\"position\":2,\"name\":\"Trgovina\",\"item\":\"https:\\\/\\\/clair.si\\\/trgovina\\\/\"},{\"@type\":\"ListItem\",\"position\":3,\"name\":\"NAF Sheer Luxe Leather Food\"}]},{\"@type\":\"WebSite\",\"@id\":\"https:\\\/\\\/clair.si\\\/#website\",\"url\":\"https:\\\/\\\/clair.si\\\/\",\"name\":\"Clair\",\"description\":\"Trgovina s konjeni\u0161ko opremo\",\"publisher\":{\"@id\":\"https:\\\/\\\/clair.si\\\/#organization\"},\"potentialAction\":[{\"@type\":\"SearchAction\",\"target\":{\"@type\":\"EntryPoint\",\"urlTemplate\":\"https:\\\/\\\/clair.si\\\/?s={search_term_string}\"},\"query-input\":{\"@type\":\"PropertyValueSpecification\",\"valueRequired\":true,\"valueName\":\"search_term_string\"}}],\"inLanguage\":\"hr\"},{\"@type\":\"Organization\",\"@id\":\"https:\\\/\\\/clair.si\\\/#organization\",\"name\":\"Clair\",\"url\":\"https:\\\/\\\/clair.si\\\/\",\"logo\":{\"@type\":\"ImageObject\",\"inLanguage\":\"hr\",\"@id\":\"https:\\\/\\\/clair.si\\\/#\\\/schema\\\/logo\\\/image\\\/\",\"url\":\"https:\\\/\\\/clair.si\\\/wp-content\\\/uploads\\\/2022\\\/11\\\/clair_logo_2022.jpg\",\"contentUrl\":\"https:\\\/\\\/clair.si\\\/wp-content\\\/uploads\\\/2022\\\/11\\\/clair_logo_2022.jpg\",\"width\":1920,\"height\":1920,\"caption\":\"Clair\"},\"image\":{\"@id\":\"https:\\\/\\\/clair.si\\\/#\\\/schema\\\/logo\\\/image\\\/\"},\"sameAs\":[\"https:\\\/\\\/www.facebook.com\\\/TrgovinaClair\\\/\"]}]}<\/script>\n<!-- \/ Yoast SEO plugin. -->","yoast_head_json":{"title":"NAF Sheer Luxe Leather Food - Clair","description":"losion za revitalizaciju i vla\u017eenje ko\u017ee  odli\u010dno za novu opremu ili za staru kojoj treba malo vi\u0161e pa\u017enje :D","robots":{"index":"index","follow":"follow","max-snippet":"max-snippet:-1","max-image-preview":"max-image-preview:large","max-video-preview":"max-video-preview:-1"},"canonical":"https:\/\/clair.si\/hr\/izdelek\/naf-sheer-luxe-leather-food\/","og_locale":"hr_HR","og_type":"article","og_title":"NAF Sheer Luxe Leather Food - Clair","og_description":"losion za revitalizaciju i vla\u017eenje ko\u017ee  odli\u010dno za novu opremu ili za staru kojoj treba malo vi\u0161e pa\u017enje :D","og_url":"https:\/\/clair.si\/hr\/izdelek\/naf-sheer-luxe-leather-food\/","og_site_name":"Clair","article_publisher":"https:\/\/www.facebook.com\/TrgovinaClair\/","article_modified_time":"2025-08-28T03:39:34+00:00","og_image":[{"width":458,"height":458,"url":"https:\/\/clair.si\/wp-content\/uploads\/2025\/02\/sheer-luxe-food-naf.webp","type":"image\/jpeg"}],"twitter_card":"summary_large_image","twitter_misc":{"Procijenjeno vrijeme \u010ditanja":"1 minuta"},"schema":{"@context":"https:\/\/schema.org","@graph":[{"@type":"WebPage","@id":"https:\/\/clair.si\/hr\/izdelek\/naf-sheer-luxe-leather-food\/","url":"https:\/\/clair.si\/hr\/izdelek\/naf-sheer-luxe-leather-food\/","name":"NAF Sheer Luxe Leather Food - Clair","isPartOf":{"@id":"https:\/\/clair.si\/#website"},"primaryImageOfPage":{"@id":"https:\/\/clair.si\/hr\/izdelek\/naf-sheer-luxe-leather-food\/#primaryimage"},"image":{"@id":"https:\/\/clair.si\/hr\/izdelek\/naf-sheer-luxe-leather-food\/#primaryimage"},"thumbnailUrl":"https:\/\/clair.si\/wp-content\/uploads\/2025\/02\/sheer-luxe-food-naf.webp","datePublished":"2025-02-26T13:24:52+00:00","dateModified":"2025-08-28T03:39:34+00:00","description":"losion za revitalizaciju i vla\u017eenje ko\u017ee odli\u010dno za novu opremu ili za staru kojoj treba malo vi\u0161e pa\u017enje :D","breadcrumb":{"@id":"https:\/\/clair.si\/hr\/izdelek\/naf-sheer-luxe-leather-food\/#breadcrumb"},"inLanguage":"hr","potentialAction":[{"@type":"ReadAction","target":["https:\/\/clair.si\/hr\/izdelek\/naf-sheer-luxe-leather-food\/"]}]},{"@type":"ImageObject","inLanguage":"hr","@id":"https:\/\/clair.si\/hr\/izdelek\/naf-sheer-luxe-leather-food\/#primaryimage","url":"https:\/\/clair.si\/wp-content\/uploads\/2025\/02\/sheer-luxe-food-naf.webp","contentUrl":"https:\/\/clair.si\/wp-content\/uploads\/2025\/02\/sheer-luxe-food-naf.webp","width":458,"height":458},{"@type":"BreadcrumbList","@id":"https:\/\/clair.si\/hr\/izdelek\/naf-sheer-luxe-leather-food\/#breadcrumb","itemListElement":[{"@type":"ListItem","position":1,"name":"Home","item":"https:\/\/clair.si\/hr\/"},{"@type":"ListItem","position":2,"name":"Trgovina","item":"https:\/\/clair.si\/trgovina\/"},{"@type":"ListItem","position":3,"name":"NAF Sheer Luxe Leather Food"}]},{"@type":"WebSite","@id":"https:\/\/clair.si\/#website","url":"https:\/\/clair.si\/","name":"Clair","description":"Trgovina s konjeni\u0161ko opremo","publisher":{"@id":"https:\/\/clair.si\/#organization"},"potentialAction":[{"@type":"SearchAction","target":{"@type":"EntryPoint","urlTemplate":"https:\/\/clair.si\/?s={search_term_string}"},"query-input":{"@type":"PropertyValueSpecification","valueRequired":true,"valueName":"search_term_string"}}],"inLanguage":"hr"},{"@type":"Organization","@id":"https:\/\/clair.si\/#organization","name":"Clair","url":"https:\/\/clair.si\/","logo":{"@type":"ImageObject","inLanguage":"hr","@id":"https:\/\/clair.si\/#\/schema\/logo\/image\/","url":"https:\/\/clair.si\/wp-content\/uploads\/2022\/11\/clair_logo_2022.jpg","contentUrl":"https:\/\/clair.si\/wp-content\/uploads\/2022\/11\/clair_logo_2022.jpg","width":1920,"height":1920,"caption":"Clair"},"image":{"@id":"https:\/\/clair.si\/#\/schema\/logo\/image\/"},"sameAs":["https:\/\/www.facebook.com\/TrgovinaClair\/"]}]}},"_links":{"self":[{"href":"https:\/\/clair.si\/hr\/wp-json\/wp\/v2\/product\/93007","targetHints":{"allow":["GET"]}}],"collection":[{"href":"https:\/\/clair.si\/hr\/wp-json\/wp\/v2\/product"}],"about":[{"href":"https:\/\/clair.si\/hr\/wp-json\/wp\/v2\/types\/product"}],"version-history":[{"count":0,"href":"https:\/\/clair.si\/hr\/wp-json\/wp\/v2\/product\/93007\/revisions"}],"wp:featuredmedia":[{"embeddable":true,"href":"https:\/\/clair.si\/hr\/wp-json\/wp\/v2\/media\/93011"}],"wp:attachment":[{"href":"https:\/\/clair.si\/hr\/wp-json\/wp\/v2\/media?parent=93007"}],"wp:term":[{"taxonomy":"product_brand","embeddable":true,"href":"https:\/\/clair.si\/hr\/wp-json\/wp\/v2\/product_brand?post=93007"},{"taxonomy":"product_cat","embeddable":true,"href":"https:\/\/clair.si\/hr\/wp-json\/wp\/v2\/product_cat?post=93007"},{"taxonomy":"product_tag","embeddable":true,"href":"https:\/\/clair.si\/hr\/wp-json\/wp\/v2\/product_tag?post=93007"}],"curies":[{"name":"wp","href":"https:\/\/api.w.org\/{rel}","templated":true}]}}