{"id":93021,"date":"2025-01-24T11:00:17","date_gmt":"2025-01-24T10:00:17","guid":{"rendered":"https:\/\/clair.si\/izdelek\/mreza-za-sijeno-h-t-150x100cm\/"},"modified":"2025-08-27T15:37:12","modified_gmt":"2025-08-27T13:37:12","slug":"mreza-za-sijeno-h-t-150x100cm","status":"publish","type":"product","link":"https:\/\/clair.si\/hr\/izdelek\/mreza-za-sijeno-h-t-150x100cm\/","title":{"rendered":"Mre\u017ea za sijeno H-T 150x100cm"},"content":{"rendered":"<div class=\"flex max-w-full flex-col flex-grow\">\n<div class=\"min-h-8 text-message flex w-full flex-col items-end gap-2 whitespace-normal break-words text-start [.text-message+&amp;]:mt-5\" dir=\"auto\" data-message-author-role=\"assistant\" data-message-id=\"14387ac1-5f96-4866-838a-e4cb1e963b92\" data-message-model-slug=\"gpt-4o\">\n<div class=\"flex w-full flex-col gap-1 empty:hidden first:pt-[3px]\">\n<div class=\"markdown prose w-full break-words dark:prose-invert light\">\n<p>Velika pravokutna mre\u017ea za sijeno za prakti\u010dno hranjenje.<\/p>\n<ul>\n<li><strong>Veliki kapacitet<\/strong>: Prostrane dimenzije za pohranu ve\u0107e koli\u010dine sijena.<\/li>\n<li><strong>Pri\u010dvr\u0161\u0107ivanje na zid i jednostavan pristup<\/strong>: Dizajnirana s om\u010dom za pri\u010dvr\u0161\u0107ivanje na zid i gornjim otvorom za lak\u0161i pristup.<\/li>\n<li><strong>Odgovaraju\u0107a mre\u017ea<\/strong>: 5&#215;5 cm velike otvore za kontroliranu raspodjelu sijena.<\/li>\n<\/ul>\n<p><strong>DETALJI:<\/strong><\/p>\n<ul>\n<li><strong>Olak\u0161ava hranjenje<\/strong>: Om\u010da za pri\u010dvr\u0161\u0107ivanje na zid omogu\u0107uje prakti\u010dnu upotrebu, a gornji otvor jednostavan pristup.<\/li>\n<\/ul>\n<\/div>\n<\/div>\n<\/div>\n<\/div>\n<div class=\"mb-2 flex gap-3 empty:hidden -ml-2\"><\/div>\n","protected":false},"excerpt":{"rendered":"<p>Velika pravokutna mre\u017ea za sijeno za prakti\u010dno hranjenje. Veliki kapacitet: Prostrane dimenzije za pohranu ve\u0107e koli\u010dine sijena. Pri\u010dvr\u0161\u0107ivanje na zid<\/p>\n","protected":false},"featured_media":93032,"template":"","meta":{"footnotes":""},"product_brand":[],"product_cat":[558,556,551],"product_tag":[],"class_list":{"0":"post-93021","1":"product","2":"type-product","3":"status-publish","4":"has-post-thumbnail","6":"product_cat-dodatki-za-hlev","7":"product_cat-krmilniki","8":"product_cat-hlev-in-pasnik","10":"first","11":"instock","12":"sale","13":"shipping-taxable","14":"purchasable","15":"product-type-simple"},"yoast_head":"<!-- This site is optimized with the Yoast SEO plugin v27.4 - https:\/\/yoast.com\/product\/yoast-seo-wordpress\/ -->\n<title>Mre\u017ea za sijeno H-T 150x100cm - Clair<\/title>\n<meta name=\"description\" content=\"Velika pravokutna mre\u017ea za sijeno za prakti\u010dno hranjenje. Veliki kapacitet: Prostrane dimenzije za pohranu ve\u0107e koli\u010dine sijena. Pri\u010dvr\u0161\u0107ivanje na zid i\" \/>\n<meta name=\"robots\" content=\"index, follow, max-snippet:-1, max-image-preview:large, max-video-preview:-1\" \/>\n<link rel=\"canonical\" href=\"https:\/\/clair.si\/hr\/izdelek\/mreza-za-sijeno-h-t-150x100cm\/\" \/>\n<meta property=\"og:locale\" content=\"hr_HR\" \/>\n<meta property=\"og:type\" content=\"article\" \/>\n<meta property=\"og:title\" content=\"Mre\u017ea za sijeno H-T 150x100cm - Clair\" \/>\n<meta property=\"og:description\" content=\"Velika pravokutna mre\u017ea za sijeno za prakti\u010dno hranjenje. Veliki kapacitet: Prostrane dimenzije za pohranu ve\u0107e koli\u010dine sijena. Pri\u010dvr\u0161\u0107ivanje na zid i\" \/>\n<meta property=\"og:url\" content=\"https:\/\/clair.si\/hr\/izdelek\/mreza-za-sijeno-h-t-150x100cm\/\" \/>\n<meta property=\"og:site_name\" content=\"Clair\" \/>\n<meta property=\"article:publisher\" content=\"https:\/\/www.facebook.com\/TrgovinaClair\/\" \/>\n<meta property=\"article:modified_time\" content=\"2025-08-27T13:37:12+00:00\" \/>\n<meta property=\"og:image\" content=\"https:\/\/clair.si\/wp-content\/uploads\/2025\/01\/Mreza_za_seno_h-t_150x100hippotonic-rectangle-hay-net-2.jpg\" \/>\n\t<meta property=\"og:image:width\" content=\"1\" \/>\n\t<meta property=\"og:image:height\" content=\"1\" \/>\n\t<meta property=\"og:image:type\" content=\"image\/jpeg\" \/>\n<meta name=\"twitter:card\" content=\"summary_large_image\" \/>\n<meta name=\"twitter:label1\" content=\"Procijenjeno vrijeme \u010ditanja\" \/>\n\t<meta name=\"twitter:data1\" content=\"1 minuta\" \/>\n<script type=\"application\/ld+json\" class=\"yoast-schema-graph\">{\"@context\":\"https:\\\/\\\/schema.org\",\"@graph\":[{\"@type\":\"WebPage\",\"@id\":\"https:\\\/\\\/clair.si\\\/hr\\\/izdelek\\\/mreza-za-sijeno-h-t-150x100cm\\\/\",\"url\":\"https:\\\/\\\/clair.si\\\/hr\\\/izdelek\\\/mreza-za-sijeno-h-t-150x100cm\\\/\",\"name\":\"Mre\u017ea za sijeno H-T 150x100cm - Clair\",\"isPartOf\":{\"@id\":\"https:\\\/\\\/clair.si\\\/#website\"},\"primaryImageOfPage\":{\"@id\":\"https:\\\/\\\/clair.si\\\/hr\\\/izdelek\\\/mreza-za-sijeno-h-t-150x100cm\\\/#primaryimage\"},\"image\":{\"@id\":\"https:\\\/\\\/clair.si\\\/hr\\\/izdelek\\\/mreza-za-sijeno-h-t-150x100cm\\\/#primaryimage\"},\"thumbnailUrl\":\"https:\\\/\\\/clair.si\\\/wp-content\\\/uploads\\\/2025\\\/01\\\/Mreza_za_seno_h-t_150x100hippotonic-rectangle-hay-net-2.webp\",\"datePublished\":\"2025-01-24T10:00:17+00:00\",\"dateModified\":\"2025-08-27T13:37:12+00:00\",\"description\":\"Velika pravokutna mre\u017ea za sijeno za prakti\u010dno hranjenje. Veliki kapacitet: Prostrane dimenzije za pohranu ve\u0107e koli\u010dine sijena. Pri\u010dvr\u0161\u0107ivanje na zid i\",\"breadcrumb\":{\"@id\":\"https:\\\/\\\/clair.si\\\/hr\\\/izdelek\\\/mreza-za-sijeno-h-t-150x100cm\\\/#breadcrumb\"},\"inLanguage\":\"hr\",\"potentialAction\":[{\"@type\":\"ReadAction\",\"target\":[\"https:\\\/\\\/clair.si\\\/hr\\\/izdelek\\\/mreza-za-sijeno-h-t-150x100cm\\\/\"]}]},{\"@type\":\"ImageObject\",\"inLanguage\":\"hr\",\"@id\":\"https:\\\/\\\/clair.si\\\/hr\\\/izdelek\\\/mreza-za-sijeno-h-t-150x100cm\\\/#primaryimage\",\"url\":\"https:\\\/\\\/clair.si\\\/wp-content\\\/uploads\\\/2025\\\/01\\\/Mreza_za_seno_h-t_150x100hippotonic-rectangle-hay-net-2.webp\",\"contentUrl\":\"https:\\\/\\\/clair.si\\\/wp-content\\\/uploads\\\/2025\\\/01\\\/Mreza_za_seno_h-t_150x100hippotonic-rectangle-hay-net-2.webp\",\"width\":600,\"height\":600},{\"@type\":\"BreadcrumbList\",\"@id\":\"https:\\\/\\\/clair.si\\\/hr\\\/izdelek\\\/mreza-za-sijeno-h-t-150x100cm\\\/#breadcrumb\",\"itemListElement\":[{\"@type\":\"ListItem\",\"position\":1,\"name\":\"Home\",\"item\":\"https:\\\/\\\/clair.si\\\/hr\\\/\"},{\"@type\":\"ListItem\",\"position\":2,\"name\":\"Trgovina\",\"item\":\"https:\\\/\\\/clair.si\\\/trgovina\\\/\"},{\"@type\":\"ListItem\",\"position\":3,\"name\":\"Mre\u017ea za sijeno H-T 150x100cm\"}]},{\"@type\":\"WebSite\",\"@id\":\"https:\\\/\\\/clair.si\\\/#website\",\"url\":\"https:\\\/\\\/clair.si\\\/\",\"name\":\"Clair\",\"description\":\"Trgovina s konjeni\u0161ko opremo\",\"publisher\":{\"@id\":\"https:\\\/\\\/clair.si\\\/#organization\"},\"potentialAction\":[{\"@type\":\"SearchAction\",\"target\":{\"@type\":\"EntryPoint\",\"urlTemplate\":\"https:\\\/\\\/clair.si\\\/?s={search_term_string}\"},\"query-input\":{\"@type\":\"PropertyValueSpecification\",\"valueRequired\":true,\"valueName\":\"search_term_string\"}}],\"inLanguage\":\"hr\"},{\"@type\":\"Organization\",\"@id\":\"https:\\\/\\\/clair.si\\\/#organization\",\"name\":\"Clair\",\"url\":\"https:\\\/\\\/clair.si\\\/\",\"logo\":{\"@type\":\"ImageObject\",\"inLanguage\":\"hr\",\"@id\":\"https:\\\/\\\/clair.si\\\/#\\\/schema\\\/logo\\\/image\\\/\",\"url\":\"https:\\\/\\\/clair.si\\\/wp-content\\\/uploads\\\/2022\\\/11\\\/clair_logo_2022.jpg\",\"contentUrl\":\"https:\\\/\\\/clair.si\\\/wp-content\\\/uploads\\\/2022\\\/11\\\/clair_logo_2022.jpg\",\"width\":1920,\"height\":1920,\"caption\":\"Clair\"},\"image\":{\"@id\":\"https:\\\/\\\/clair.si\\\/#\\\/schema\\\/logo\\\/image\\\/\"},\"sameAs\":[\"https:\\\/\\\/www.facebook.com\\\/TrgovinaClair\\\/\"]}]}<\/script>\n<!-- \/ Yoast SEO plugin. -->","yoast_head_json":{"title":"Mre\u017ea za sijeno H-T 150x100cm - Clair","description":"Velika pravokutna mre\u017ea za sijeno za prakti\u010dno hranjenje. Veliki kapacitet: Prostrane dimenzije za pohranu ve\u0107e koli\u010dine sijena. Pri\u010dvr\u0161\u0107ivanje na zid i","robots":{"index":"index","follow":"follow","max-snippet":"max-snippet:-1","max-image-preview":"max-image-preview:large","max-video-preview":"max-video-preview:-1"},"canonical":"https:\/\/clair.si\/hr\/izdelek\/mreza-za-sijeno-h-t-150x100cm\/","og_locale":"hr_HR","og_type":"article","og_title":"Mre\u017ea za sijeno H-T 150x100cm - Clair","og_description":"Velika pravokutna mre\u017ea za sijeno za prakti\u010dno hranjenje. Veliki kapacitet: Prostrane dimenzije za pohranu ve\u0107e koli\u010dine sijena. Pri\u010dvr\u0161\u0107ivanje na zid i","og_url":"https:\/\/clair.si\/hr\/izdelek\/mreza-za-sijeno-h-t-150x100cm\/","og_site_name":"Clair","article_publisher":"https:\/\/www.facebook.com\/TrgovinaClair\/","article_modified_time":"2025-08-27T13:37:12+00:00","og_image":[{"url":"https:\/\/clair.si\/wp-content\/uploads\/2025\/01\/Mreza_za_seno_h-t_150x100hippotonic-rectangle-hay-net-2.jpg","width":1,"height":1,"type":"image\/jpeg"}],"twitter_card":"summary_large_image","twitter_misc":{"Procijenjeno vrijeme \u010ditanja":"1 minuta"},"schema":{"@context":"https:\/\/schema.org","@graph":[{"@type":"WebPage","@id":"https:\/\/clair.si\/hr\/izdelek\/mreza-za-sijeno-h-t-150x100cm\/","url":"https:\/\/clair.si\/hr\/izdelek\/mreza-za-sijeno-h-t-150x100cm\/","name":"Mre\u017ea za sijeno H-T 150x100cm - Clair","isPartOf":{"@id":"https:\/\/clair.si\/#website"},"primaryImageOfPage":{"@id":"https:\/\/clair.si\/hr\/izdelek\/mreza-za-sijeno-h-t-150x100cm\/#primaryimage"},"image":{"@id":"https:\/\/clair.si\/hr\/izdelek\/mreza-za-sijeno-h-t-150x100cm\/#primaryimage"},"thumbnailUrl":"https:\/\/clair.si\/wp-content\/uploads\/2025\/01\/Mreza_za_seno_h-t_150x100hippotonic-rectangle-hay-net-2.webp","datePublished":"2025-01-24T10:00:17+00:00","dateModified":"2025-08-27T13:37:12+00:00","description":"Velika pravokutna mre\u017ea za sijeno za prakti\u010dno hranjenje. Veliki kapacitet: Prostrane dimenzije za pohranu ve\u0107e koli\u010dine sijena. Pri\u010dvr\u0161\u0107ivanje na zid i","breadcrumb":{"@id":"https:\/\/clair.si\/hr\/izdelek\/mreza-za-sijeno-h-t-150x100cm\/#breadcrumb"},"inLanguage":"hr","potentialAction":[{"@type":"ReadAction","target":["https:\/\/clair.si\/hr\/izdelek\/mreza-za-sijeno-h-t-150x100cm\/"]}]},{"@type":"ImageObject","inLanguage":"hr","@id":"https:\/\/clair.si\/hr\/izdelek\/mreza-za-sijeno-h-t-150x100cm\/#primaryimage","url":"https:\/\/clair.si\/wp-content\/uploads\/2025\/01\/Mreza_za_seno_h-t_150x100hippotonic-rectangle-hay-net-2.webp","contentUrl":"https:\/\/clair.si\/wp-content\/uploads\/2025\/01\/Mreza_za_seno_h-t_150x100hippotonic-rectangle-hay-net-2.webp","width":600,"height":600},{"@type":"BreadcrumbList","@id":"https:\/\/clair.si\/hr\/izdelek\/mreza-za-sijeno-h-t-150x100cm\/#breadcrumb","itemListElement":[{"@type":"ListItem","position":1,"name":"Home","item":"https:\/\/clair.si\/hr\/"},{"@type":"ListItem","position":2,"name":"Trgovina","item":"https:\/\/clair.si\/trgovina\/"},{"@type":"ListItem","position":3,"name":"Mre\u017ea za sijeno H-T 150x100cm"}]},{"@type":"WebSite","@id":"https:\/\/clair.si\/#website","url":"https:\/\/clair.si\/","name":"Clair","description":"Trgovina s konjeni\u0161ko opremo","publisher":{"@id":"https:\/\/clair.si\/#organization"},"potentialAction":[{"@type":"SearchAction","target":{"@type":"EntryPoint","urlTemplate":"https:\/\/clair.si\/?s={search_term_string}"},"query-input":{"@type":"PropertyValueSpecification","valueRequired":true,"valueName":"search_term_string"}}],"inLanguage":"hr"},{"@type":"Organization","@id":"https:\/\/clair.si\/#organization","name":"Clair","url":"https:\/\/clair.si\/","logo":{"@type":"ImageObject","inLanguage":"hr","@id":"https:\/\/clair.si\/#\/schema\/logo\/image\/","url":"https:\/\/clair.si\/wp-content\/uploads\/2022\/11\/clair_logo_2022.jpg","contentUrl":"https:\/\/clair.si\/wp-content\/uploads\/2022\/11\/clair_logo_2022.jpg","width":1920,"height":1920,"caption":"Clair"},"image":{"@id":"https:\/\/clair.si\/#\/schema\/logo\/image\/"},"sameAs":["https:\/\/www.facebook.com\/TrgovinaClair\/"]}]}},"_links":{"self":[{"href":"https:\/\/clair.si\/hr\/wp-json\/wp\/v2\/product\/93021","targetHints":{"allow":["GET"]}}],"collection":[{"href":"https:\/\/clair.si\/hr\/wp-json\/wp\/v2\/product"}],"about":[{"href":"https:\/\/clair.si\/hr\/wp-json\/wp\/v2\/types\/product"}],"version-history":[{"count":0,"href":"https:\/\/clair.si\/hr\/wp-json\/wp\/v2\/product\/93021\/revisions"}],"wp:featuredmedia":[{"embeddable":true,"href":"https:\/\/clair.si\/hr\/wp-json\/wp\/v2\/media\/93032"}],"wp:attachment":[{"href":"https:\/\/clair.si\/hr\/wp-json\/wp\/v2\/media?parent=93021"}],"wp:term":[{"taxonomy":"product_brand","embeddable":true,"href":"https:\/\/clair.si\/hr\/wp-json\/wp\/v2\/product_brand?post=93021"},{"taxonomy":"product_cat","embeddable":true,"href":"https:\/\/clair.si\/hr\/wp-json\/wp\/v2\/product_cat?post=93021"},{"taxonomy":"product_tag","embeddable":true,"href":"https:\/\/clair.si\/hr\/wp-json\/wp\/v2\/product_tag?post=93021"}],"curies":[{"name":"wp","href":"https:\/\/api.w.org\/{rel}","templated":true}]}}