{"id":93035,"date":"2025-01-06T15:48:40","date_gmt":"2025-01-06T14:48:40","guid":{"rendered":"https:\/\/clair.si\/izdelek\/mast-za-kopita-kevin-bacons\/"},"modified":"2025-08-27T21:53:22","modified_gmt":"2025-08-27T19:53:22","slug":"mast-za-kopita-kevin-bacons","status":"publish","type":"product","link":"https:\/\/clair.si\/hr\/izdelek\/mast-za-kopita-kevin-bacons\/","title":{"rendered":"Mast za kopita Kevin Bacon&#8217;s"},"content":{"rendered":"<p><strong>Mast za kopita Kevin Bacon&#8217;s \u2013 Prirodna njega za zdrava kopita<\/strong><\/p>\n<p>Mast za kopita Kevin Bacon&#8217;s je vrhunski proizvod za njegu kopita, dizajniran s mi\u0161lju na zdravlje i za\u0161titu va\u0161eg konja. Izra\u0111ena je od potpuno prirodnih sastojaka koji omogu\u0107uju dubinsko vla\u017eenje, hranjenje i za\u0161titu kopita. <\/p>\n<p><strong>Kako se mast koristi?<\/strong><\/p>\n<p>Mast za kopita idealna je za redovitu upotrebu u svim godi\u0161njim dobima.<\/p>\n<ul>\n<li>Ljeti sprje\u010dava isu\u0161ivanje i pucanje kopita zbog vru\u0107ine.<\/li>\n<li>Zimi pak \u0161titi od vlage, hladno\u0107e i o\u0161te\u0107enja zbog blatnog terena.<br \/>\nProizvod ravnomjerno nanesite na \u010dista kopita, bilo na stijenku, bilo na potplat, ovisno o potrebama va\u0161eg konja.<\/li>\n<\/ul>\n<p><strong>Sastojci:<\/strong><br \/>\nMast je oboga\u0107ena prirodnim \u017eivotinjskim mastima, svje\u017eim lovorovim uljem i drugim biljnim ekstraktima koji zajedno poti\u010du rast sna\u017enih, elasti\u010dnih kopita i sprje\u010davaju nastanak pukotina te infekcija. Lovorovo ulje, osim \u0161to hrani, poma\u017ee i u poticanju cirkulacije u kopitu. <\/p>\n<p><strong>Za\u0161to odabrati Kevin Bacon&#8217;s mast za kopita?<\/strong><\/p>\n<ul>\n<li>100 % prirodni sastojci.<\/li>\n<li>Dokazano u\u010dinkovita za\u0161tita i vla\u017eenje kopita.<\/li>\n<li>Jednostavna uporaba za dugotrajne rezultate.<\/li>\n<\/ul>\n<p>Osigurajte da kopita va\u0161eg konja budu u najboljem stanju s masti za kopita Kevin Bacon&#8217;s \u2013 izbor profesionalnih konjara diljem svijeta!<\/p>\n","protected":false},"excerpt":{"rendered":"<ul>\n<li>s ekstraktom lista lovora<\/li>\n<li>vla\u017ei svitak i cijelu kapsulu kopita<\/li>\n<li>u prakti\u010dnoj posudi<\/li>\n<li>prozirna mast<\/li>\n<\/ul>\n","protected":false},"featured_media":93041,"template":"","meta":{"footnotes":""},"product_brand":[],"product_cat":[5624,5677,5873,5625,5882,5627],"product_tag":[],"class_list":{"0":"post-93035","1":"product","2":"type-product","3":"status-publish","4":"has-post-thumbnail","6":"product_cat-konj-hr","7":"product_cat-kozmetika-za-konje-hr-2","8":"product_cat-njega-i-zdravlje-kopita","9":"product_cat-njega-konja","10":"product_cat-njega-kopita","11":"product_cat-stala-i-pasnjak","13":"first","14":"instock","15":"shipping-taxable","16":"purchasable","17":"product-type-simple"},"yoast_head":"<!-- This site is optimized with the Yoast SEO plugin v27.4 - https:\/\/yoast.com\/product\/yoast-seo-wordpress\/ -->\n<title>Mast za kopita Kevin Bacon&#039;s - Clair<\/title>\n<meta name=\"description\" content=\"s ekstraktom lista lovora  vla\u017ei svitak i cijelu kapsulu kopita  u prakti\u010dnoj posudi  prozirna mast\" \/>\n<meta name=\"robots\" content=\"index, follow, max-snippet:-1, max-image-preview:large, max-video-preview:-1\" \/>\n<link rel=\"canonical\" href=\"https:\/\/clair.si\/hr\/izdelek\/mast-za-kopita-kevin-bacons\/\" \/>\n<meta property=\"og:locale\" content=\"hr_HR\" \/>\n<meta property=\"og:type\" content=\"article\" \/>\n<meta property=\"og:title\" content=\"Mast za kopita Kevin Bacon&#039;s - Clair\" \/>\n<meta property=\"og:description\" content=\"s ekstraktom lista lovora  vla\u017ei svitak i cijelu kapsulu kopita  u prakti\u010dnoj posudi  prozirna mast\" \/>\n<meta property=\"og:url\" content=\"https:\/\/clair.si\/hr\/izdelek\/mast-za-kopita-kevin-bacons\/\" \/>\n<meta property=\"og:site_name\" content=\"Clair\" \/>\n<meta property=\"article:publisher\" content=\"https:\/\/www.facebook.com\/TrgovinaClair\/\" \/>\n<meta property=\"article:modified_time\" content=\"2025-08-27T19:53:22+00:00\" \/>\n<meta property=\"og:image\" content=\"https:\/\/clair.si\/wp-content\/uploads\/2025\/01\/pomanjsana-kevin-bacons-png.avif\" \/>\n\t<meta property=\"og:image:width\" content=\"458\" \/>\n\t<meta property=\"og:image:height\" content=\"458\" \/>\n\t<meta property=\"og:image:type\" content=\"image\/png\" \/>\n<meta name=\"twitter:card\" content=\"summary_large_image\" \/>\n<meta name=\"twitter:label1\" content=\"Procijenjeno vrijeme \u010ditanja\" \/>\n\t<meta name=\"twitter:data1\" content=\"1 minuta\" \/>\n<script type=\"application\/ld+json\" class=\"yoast-schema-graph\">{\"@context\":\"https:\\\/\\\/schema.org\",\"@graph\":[{\"@type\":\"WebPage\",\"@id\":\"https:\\\/\\\/clair.si\\\/hr\\\/izdelek\\\/mast-za-kopita-kevin-bacons\\\/\",\"url\":\"https:\\\/\\\/clair.si\\\/hr\\\/izdelek\\\/mast-za-kopita-kevin-bacons\\\/\",\"name\":\"Mast za kopita Kevin Bacon's - Clair\",\"isPartOf\":{\"@id\":\"https:\\\/\\\/clair.si\\\/#website\"},\"primaryImageOfPage\":{\"@id\":\"https:\\\/\\\/clair.si\\\/hr\\\/izdelek\\\/mast-za-kopita-kevin-bacons\\\/#primaryimage\"},\"image\":{\"@id\":\"https:\\\/\\\/clair.si\\\/hr\\\/izdelek\\\/mast-za-kopita-kevin-bacons\\\/#primaryimage\"},\"thumbnailUrl\":\"https:\\\/\\\/clair.si\\\/wp-content\\\/uploads\\\/2025\\\/01\\\/pomanjsana-kevin-bacons-png.avif\",\"datePublished\":\"2025-01-06T14:48:40+00:00\",\"dateModified\":\"2025-08-27T19:53:22+00:00\",\"description\":\"s ekstraktom lista lovora vla\u017ei svitak i cijelu kapsulu kopita u prakti\u010dnoj posudi prozirna mast\",\"breadcrumb\":{\"@id\":\"https:\\\/\\\/clair.si\\\/hr\\\/izdelek\\\/mast-za-kopita-kevin-bacons\\\/#breadcrumb\"},\"inLanguage\":\"hr\",\"potentialAction\":[{\"@type\":\"ReadAction\",\"target\":[\"https:\\\/\\\/clair.si\\\/hr\\\/izdelek\\\/mast-za-kopita-kevin-bacons\\\/\"]}]},{\"@type\":\"ImageObject\",\"inLanguage\":\"hr\",\"@id\":\"https:\\\/\\\/clair.si\\\/hr\\\/izdelek\\\/mast-za-kopita-kevin-bacons\\\/#primaryimage\",\"url\":\"https:\\\/\\\/clair.si\\\/wp-content\\\/uploads\\\/2025\\\/01\\\/pomanjsana-kevin-bacons-png.avif\",\"contentUrl\":\"https:\\\/\\\/clair.si\\\/wp-content\\\/uploads\\\/2025\\\/01\\\/pomanjsana-kevin-bacons-png.avif\",\"width\":458,\"height\":458},{\"@type\":\"BreadcrumbList\",\"@id\":\"https:\\\/\\\/clair.si\\\/hr\\\/izdelek\\\/mast-za-kopita-kevin-bacons\\\/#breadcrumb\",\"itemListElement\":[{\"@type\":\"ListItem\",\"position\":1,\"name\":\"Home\",\"item\":\"https:\\\/\\\/clair.si\\\/hr\\\/\"},{\"@type\":\"ListItem\",\"position\":2,\"name\":\"Trgovina\",\"item\":\"https:\\\/\\\/clair.si\\\/trgovina\\\/\"},{\"@type\":\"ListItem\",\"position\":3,\"name\":\"Mast za kopita Kevin Bacon&#8217;s\"}]},{\"@type\":\"WebSite\",\"@id\":\"https:\\\/\\\/clair.si\\\/#website\",\"url\":\"https:\\\/\\\/clair.si\\\/\",\"name\":\"Clair\",\"description\":\"Trgovina s konjeni\u0161ko opremo\",\"publisher\":{\"@id\":\"https:\\\/\\\/clair.si\\\/#organization\"},\"potentialAction\":[{\"@type\":\"SearchAction\",\"target\":{\"@type\":\"EntryPoint\",\"urlTemplate\":\"https:\\\/\\\/clair.si\\\/?s={search_term_string}\"},\"query-input\":{\"@type\":\"PropertyValueSpecification\",\"valueRequired\":true,\"valueName\":\"search_term_string\"}}],\"inLanguage\":\"hr\"},{\"@type\":\"Organization\",\"@id\":\"https:\\\/\\\/clair.si\\\/#organization\",\"name\":\"Clair\",\"url\":\"https:\\\/\\\/clair.si\\\/\",\"logo\":{\"@type\":\"ImageObject\",\"inLanguage\":\"hr\",\"@id\":\"https:\\\/\\\/clair.si\\\/#\\\/schema\\\/logo\\\/image\\\/\",\"url\":\"https:\\\/\\\/clair.si\\\/wp-content\\\/uploads\\\/2022\\\/11\\\/clair_logo_2022.jpg\",\"contentUrl\":\"https:\\\/\\\/clair.si\\\/wp-content\\\/uploads\\\/2022\\\/11\\\/clair_logo_2022.jpg\",\"width\":1920,\"height\":1920,\"caption\":\"Clair\"},\"image\":{\"@id\":\"https:\\\/\\\/clair.si\\\/#\\\/schema\\\/logo\\\/image\\\/\"},\"sameAs\":[\"https:\\\/\\\/www.facebook.com\\\/TrgovinaClair\\\/\"]}]}<\/script>\n<!-- \/ Yoast SEO plugin. -->","yoast_head_json":{"title":"Mast za kopita Kevin Bacon's - Clair","description":"s ekstraktom lista lovora  vla\u017ei svitak i cijelu kapsulu kopita  u prakti\u010dnoj posudi  prozirna mast","robots":{"index":"index","follow":"follow","max-snippet":"max-snippet:-1","max-image-preview":"max-image-preview:large","max-video-preview":"max-video-preview:-1"},"canonical":"https:\/\/clair.si\/hr\/izdelek\/mast-za-kopita-kevin-bacons\/","og_locale":"hr_HR","og_type":"article","og_title":"Mast za kopita Kevin Bacon's - Clair","og_description":"s ekstraktom lista lovora  vla\u017ei svitak i cijelu kapsulu kopita  u prakti\u010dnoj posudi  prozirna mast","og_url":"https:\/\/clair.si\/hr\/izdelek\/mast-za-kopita-kevin-bacons\/","og_site_name":"Clair","article_publisher":"https:\/\/www.facebook.com\/TrgovinaClair\/","article_modified_time":"2025-08-27T19:53:22+00:00","og_image":[{"width":458,"height":458,"url":"https:\/\/clair.si\/wp-content\/uploads\/2025\/01\/pomanjsana-kevin-bacons-png.avif","type":"image\/png"}],"twitter_card":"summary_large_image","twitter_misc":{"Procijenjeno vrijeme \u010ditanja":"1 minuta"},"schema":{"@context":"https:\/\/schema.org","@graph":[{"@type":"WebPage","@id":"https:\/\/clair.si\/hr\/izdelek\/mast-za-kopita-kevin-bacons\/","url":"https:\/\/clair.si\/hr\/izdelek\/mast-za-kopita-kevin-bacons\/","name":"Mast za kopita Kevin Bacon's - Clair","isPartOf":{"@id":"https:\/\/clair.si\/#website"},"primaryImageOfPage":{"@id":"https:\/\/clair.si\/hr\/izdelek\/mast-za-kopita-kevin-bacons\/#primaryimage"},"image":{"@id":"https:\/\/clair.si\/hr\/izdelek\/mast-za-kopita-kevin-bacons\/#primaryimage"},"thumbnailUrl":"https:\/\/clair.si\/wp-content\/uploads\/2025\/01\/pomanjsana-kevin-bacons-png.avif","datePublished":"2025-01-06T14:48:40+00:00","dateModified":"2025-08-27T19:53:22+00:00","description":"s ekstraktom lista lovora vla\u017ei svitak i cijelu kapsulu kopita u prakti\u010dnoj posudi prozirna mast","breadcrumb":{"@id":"https:\/\/clair.si\/hr\/izdelek\/mast-za-kopita-kevin-bacons\/#breadcrumb"},"inLanguage":"hr","potentialAction":[{"@type":"ReadAction","target":["https:\/\/clair.si\/hr\/izdelek\/mast-za-kopita-kevin-bacons\/"]}]},{"@type":"ImageObject","inLanguage":"hr","@id":"https:\/\/clair.si\/hr\/izdelek\/mast-za-kopita-kevin-bacons\/#primaryimage","url":"https:\/\/clair.si\/wp-content\/uploads\/2025\/01\/pomanjsana-kevin-bacons-png.avif","contentUrl":"https:\/\/clair.si\/wp-content\/uploads\/2025\/01\/pomanjsana-kevin-bacons-png.avif","width":458,"height":458},{"@type":"BreadcrumbList","@id":"https:\/\/clair.si\/hr\/izdelek\/mast-za-kopita-kevin-bacons\/#breadcrumb","itemListElement":[{"@type":"ListItem","position":1,"name":"Home","item":"https:\/\/clair.si\/hr\/"},{"@type":"ListItem","position":2,"name":"Trgovina","item":"https:\/\/clair.si\/trgovina\/"},{"@type":"ListItem","position":3,"name":"Mast za kopita Kevin Bacon&#8217;s"}]},{"@type":"WebSite","@id":"https:\/\/clair.si\/#website","url":"https:\/\/clair.si\/","name":"Clair","description":"Trgovina s konjeni\u0161ko opremo","publisher":{"@id":"https:\/\/clair.si\/#organization"},"potentialAction":[{"@type":"SearchAction","target":{"@type":"EntryPoint","urlTemplate":"https:\/\/clair.si\/?s={search_term_string}"},"query-input":{"@type":"PropertyValueSpecification","valueRequired":true,"valueName":"search_term_string"}}],"inLanguage":"hr"},{"@type":"Organization","@id":"https:\/\/clair.si\/#organization","name":"Clair","url":"https:\/\/clair.si\/","logo":{"@type":"ImageObject","inLanguage":"hr","@id":"https:\/\/clair.si\/#\/schema\/logo\/image\/","url":"https:\/\/clair.si\/wp-content\/uploads\/2022\/11\/clair_logo_2022.jpg","contentUrl":"https:\/\/clair.si\/wp-content\/uploads\/2022\/11\/clair_logo_2022.jpg","width":1920,"height":1920,"caption":"Clair"},"image":{"@id":"https:\/\/clair.si\/#\/schema\/logo\/image\/"},"sameAs":["https:\/\/www.facebook.com\/TrgovinaClair\/"]}]}},"_links":{"self":[{"href":"https:\/\/clair.si\/hr\/wp-json\/wp\/v2\/product\/93035","targetHints":{"allow":["GET"]}}],"collection":[{"href":"https:\/\/clair.si\/hr\/wp-json\/wp\/v2\/product"}],"about":[{"href":"https:\/\/clair.si\/hr\/wp-json\/wp\/v2\/types\/product"}],"version-history":[{"count":0,"href":"https:\/\/clair.si\/hr\/wp-json\/wp\/v2\/product\/93035\/revisions"}],"wp:featuredmedia":[{"embeddable":true,"href":"https:\/\/clair.si\/hr\/wp-json\/wp\/v2\/media\/93041"}],"wp:attachment":[{"href":"https:\/\/clair.si\/hr\/wp-json\/wp\/v2\/media?parent=93035"}],"wp:term":[{"taxonomy":"product_brand","embeddable":true,"href":"https:\/\/clair.si\/hr\/wp-json\/wp\/v2\/product_brand?post=93035"},{"taxonomy":"product_cat","embeddable":true,"href":"https:\/\/clair.si\/hr\/wp-json\/wp\/v2\/product_cat?post=93035"},{"taxonomy":"product_tag","embeddable":true,"href":"https:\/\/clair.si\/hr\/wp-json\/wp\/v2\/product_tag?post=93035"}],"curies":[{"name":"wp","href":"https:\/\/api.w.org\/{rel}","templated":true}]}}