{"id":93086,"date":"2025-01-13T14:58:50","date_gmt":"2025-01-13T13:58:50","guid":{"rendered":"https:\/\/clair.si\/izdelek\/stitnici-e-t-boa-prednji\/"},"modified":"2025-10-05T09:40:10","modified_gmt":"2025-10-05T07:40:10","slug":"stitnici-e-t-boa-prednji","status":"publish","type":"product","link":"https:\/\/clair.si\/hr\/izdelek\/stitnici-e-t-boa-prednji\/","title":{"rendered":"E-T Boa Black \u0161titnici prednji"},"content":{"rendered":"<div class=\"flex-shrink-0 flex flex-col relative items-end\">\n<div>\n<div class=\"pt-0\">\n<div class=\"gizmo-bot-avatar flex h-8 w-8 items-center justify-center overflow-hidden rounded-full\">\n<div class=\"relative p-1 rounded-sm flex items-center justify-center bg-token-main-surface-primary text-token-text-primary h-8 w-8\">\u0160titnici za prednje noge &#8220;BOA&#8221; sa sinteti\u010dkim krznom.<\/div>\n<\/div>\n<\/div>\n<\/div>\n<\/div>\n<div class=\"group\/conversation-turn relative flex w-full min-w-0 flex-col agent-turn\">\n<div class=\"flex-col gap-1 md:gap-3\">\n<div class=\"flex max-w-full flex-col flex-grow\">\n<div class=\"min-h-8 text-message flex w-full flex-col items-end gap-2 whitespace-normal break-words text-start [.text-message+&amp;]:mt-5\" dir=\"auto\" data-message-author-role=\"assistant\" data-message-id=\"03a97979-adf5-4da1-a54c-116d928d207b\" data-message-model-slug=\"gpt-4o\">\n<div class=\"flex w-full flex-col gap-1 empty:hidden first:pt-[3px]\">\n<div class=\"markdown prose w-full break-words dark:prose-invert light\">\n<p><strong>DETALJI:<\/strong><\/p>\n<ul>\n<li>Vanjski dio od poliuretana.<\/li>\n<li>Mekana podstava od neoprena.<\/li>\n<li>Optimalna potpora.<\/li>\n<li>Savr\u0161eno prianjanje.<\/li>\n<\/ul>\n<\/div>\n<\/div>\n<\/div>\n<\/div>\n<\/div>\n<\/div>\n","protected":false},"excerpt":{"rendered":"<p>\u0160titnici za prednje noge &#8220;BOA&#8221; sa sinteti\u010dkim krznom. DETALJI: Vanjski dio od poliuretana. Mekana podstava od neoprena. Optimalna potpora. Savr\u0161eno<\/p>\n","protected":false},"featured_media":93094,"template":"","meta":{"footnotes":""},"product_brand":[],"product_cat":[5624,5898,5773],"product_tag":[],"class_list":{"0":"post-93086","1":"product","2":"type-product","3":"status-publish","4":"has-post-thumbnail","6":"product_cat-konj-hr","7":"product_cat-stitnici","8":"product_cat-zastitnici-i-bandaze","10":"first","11":"instock","12":"shipping-taxable","13":"purchasable","14":"product-type-simple"},"yoast_head":"<!-- This site is optimized with the Yoast SEO plugin v27.3 - https:\/\/yoast.com\/product\/yoast-seo-wordpress\/ -->\n<title>E-T Boa Black \u0161titnici prednji - Clair<\/title>\n<meta name=\"description\" content=\"\u0160titnici za prednje noge &quot;BOA&quot; sa sinteti\u010dkim krznom. DETALJI: Vanjski dio od poliuretana. Mekana podstava od neoprena. Optimalna potpora. Savr\u0161eno\" \/>\n<meta name=\"robots\" content=\"index, follow, max-snippet:-1, max-image-preview:large, max-video-preview:-1\" \/>\n<link rel=\"canonical\" href=\"https:\/\/clair.si\/izdelek\/scitniki-e-t-boa-prednji\/\" \/>\n<meta property=\"og:locale\" content=\"hr_HR\" \/>\n<meta property=\"og:type\" content=\"article\" \/>\n<meta property=\"og:title\" content=\"E-T Boa Black \u0161titnici prednji - Clair\" \/>\n<meta property=\"og:description\" content=\"\u0160titnici za prednje noge &quot;BOA&quot; sa sinteti\u010dkim krznom. DETALJI: Vanjski dio od poliuretana. Mekana podstava od neoprena. Optimalna potpora. Savr\u0161eno\" \/>\n<meta property=\"og:url\" content=\"https:\/\/clair.si\/izdelek\/scitniki-e-t-boa-prednji\/\" \/>\n<meta property=\"og:site_name\" content=\"Clair\" \/>\n<meta property=\"article:publisher\" content=\"https:\/\/www.facebook.com\/TrgovinaClair\/\" \/>\n<meta property=\"article:modified_time\" content=\"2025-10-05T07:40:10+00:00\" \/>\n<meta property=\"og:image\" content=\"https:\/\/clair.si\/wp-content\/uploads\/2025\/01\/Scitniki_prednji_boa_equitheme-boa-tendon-boots.avif\" \/>\n\t<meta property=\"og:image:width\" content=\"800\" \/>\n\t<meta property=\"og:image:height\" content=\"800\" \/>\n\t<meta property=\"og:image:type\" content=\"image\/jpeg\" \/>\n<meta name=\"twitter:card\" content=\"summary_large_image\" \/>\n<meta name=\"twitter:label1\" content=\"Procijenjeno vrijeme \u010ditanja\" \/>\n\t<meta name=\"twitter:data1\" content=\"1 minuta\" \/>\n<script type=\"application\/ld+json\" class=\"yoast-schema-graph\">{\"@context\":\"https:\\\/\\\/schema.org\",\"@graph\":[{\"@type\":\"WebPage\",\"@id\":\"https:\\\/\\\/clair.si\\\/izdelek\\\/scitniki-e-t-boa-prednji\\\/\",\"url\":\"https:\\\/\\\/clair.si\\\/izdelek\\\/scitniki-e-t-boa-prednji\\\/\",\"name\":\"E-T Boa Black \u0161titnici prednji - Clair\",\"isPartOf\":{\"@id\":\"https:\\\/\\\/clair.si\\\/#website\"},\"primaryImageOfPage\":{\"@id\":\"https:\\\/\\\/clair.si\\\/izdelek\\\/scitniki-e-t-boa-prednji\\\/#primaryimage\"},\"image\":{\"@id\":\"https:\\\/\\\/clair.si\\\/izdelek\\\/scitniki-e-t-boa-prednji\\\/#primaryimage\"},\"thumbnailUrl\":\"https:\\\/\\\/clair.si\\\/wp-content\\\/uploads\\\/2025\\\/01\\\/Scitniki_prednji_boa_equitheme-boa-tendon-boots.avif\",\"datePublished\":\"2025-01-13T13:58:50+00:00\",\"dateModified\":\"2025-10-05T07:40:10+00:00\",\"description\":\"\u0160titnici za prednje noge \\\"BOA\\\" sa sinteti\u010dkim krznom. DETALJI: Vanjski dio od poliuretana. Mekana podstava od neoprena. Optimalna potpora. Savr\u0161eno\",\"breadcrumb\":{\"@id\":\"https:\\\/\\\/clair.si\\\/izdelek\\\/scitniki-e-t-boa-prednji\\\/#breadcrumb\"},\"inLanguage\":\"hr\",\"potentialAction\":[{\"@type\":\"ReadAction\",\"target\":[\"https:\\\/\\\/clair.si\\\/izdelek\\\/scitniki-e-t-boa-prednji\\\/\"]}]},{\"@type\":\"ImageObject\",\"inLanguage\":\"hr\",\"@id\":\"https:\\\/\\\/clair.si\\\/izdelek\\\/scitniki-e-t-boa-prednji\\\/#primaryimage\",\"url\":\"https:\\\/\\\/clair.si\\\/wp-content\\\/uploads\\\/2025\\\/01\\\/Scitniki_prednji_boa_equitheme-boa-tendon-boots.avif\",\"contentUrl\":\"https:\\\/\\\/clair.si\\\/wp-content\\\/uploads\\\/2025\\\/01\\\/Scitniki_prednji_boa_equitheme-boa-tendon-boots.avif\",\"width\":800,\"height\":800},{\"@type\":\"BreadcrumbList\",\"@id\":\"https:\\\/\\\/clair.si\\\/izdelek\\\/scitniki-e-t-boa-prednji\\\/#breadcrumb\",\"itemListElement\":[{\"@type\":\"ListItem\",\"position\":1,\"name\":\"Home\",\"item\":\"https:\\\/\\\/clair.si\\\/hr\\\/\"},{\"@type\":\"ListItem\",\"position\":2,\"name\":\"Trgovina\",\"item\":\"https:\\\/\\\/clair.si\\\/trgovina\\\/\"},{\"@type\":\"ListItem\",\"position\":3,\"name\":\"E-T Boa Black \u0161titnici prednji\"}]},{\"@type\":\"WebSite\",\"@id\":\"https:\\\/\\\/clair.si\\\/#website\",\"url\":\"https:\\\/\\\/clair.si\\\/\",\"name\":\"Clair\",\"description\":\"Trgovina s konjeni\u0161ko opremo\",\"publisher\":{\"@id\":\"https:\\\/\\\/clair.si\\\/#organization\"},\"potentialAction\":[{\"@type\":\"SearchAction\",\"target\":{\"@type\":\"EntryPoint\",\"urlTemplate\":\"https:\\\/\\\/clair.si\\\/?s={search_term_string}\"},\"query-input\":{\"@type\":\"PropertyValueSpecification\",\"valueRequired\":true,\"valueName\":\"search_term_string\"}}],\"inLanguage\":\"hr\"},{\"@type\":\"Organization\",\"@id\":\"https:\\\/\\\/clair.si\\\/#organization\",\"name\":\"Clair\",\"url\":\"https:\\\/\\\/clair.si\\\/\",\"logo\":{\"@type\":\"ImageObject\",\"inLanguage\":\"hr\",\"@id\":\"https:\\\/\\\/clair.si\\\/#\\\/schema\\\/logo\\\/image\\\/\",\"url\":\"https:\\\/\\\/clair.si\\\/wp-content\\\/uploads\\\/2022\\\/11\\\/clair_logo_2022.jpg\",\"contentUrl\":\"https:\\\/\\\/clair.si\\\/wp-content\\\/uploads\\\/2022\\\/11\\\/clair_logo_2022.jpg\",\"width\":1920,\"height\":1920,\"caption\":\"Clair\"},\"image\":{\"@id\":\"https:\\\/\\\/clair.si\\\/#\\\/schema\\\/logo\\\/image\\\/\"},\"sameAs\":[\"https:\\\/\\\/www.facebook.com\\\/TrgovinaClair\\\/\"]}]}<\/script>\n<!-- \/ Yoast SEO plugin. -->","yoast_head_json":{"title":"E-T Boa Black \u0161titnici prednji - Clair","description":"\u0160titnici za prednje noge \"BOA\" sa sinteti\u010dkim krznom. DETALJI: Vanjski dio od poliuretana. Mekana podstava od neoprena. Optimalna potpora. Savr\u0161eno","robots":{"index":"index","follow":"follow","max-snippet":"max-snippet:-1","max-image-preview":"max-image-preview:large","max-video-preview":"max-video-preview:-1"},"canonical":"https:\/\/clair.si\/izdelek\/scitniki-e-t-boa-prednji\/","og_locale":"hr_HR","og_type":"article","og_title":"E-T Boa Black \u0161titnici prednji - Clair","og_description":"\u0160titnici za prednje noge \"BOA\" sa sinteti\u010dkim krznom. DETALJI: Vanjski dio od poliuretana. Mekana podstava od neoprena. Optimalna potpora. Savr\u0161eno","og_url":"https:\/\/clair.si\/izdelek\/scitniki-e-t-boa-prednji\/","og_site_name":"Clair","article_publisher":"https:\/\/www.facebook.com\/TrgovinaClair\/","article_modified_time":"2025-10-05T07:40:10+00:00","og_image":[{"width":800,"height":800,"url":"https:\/\/clair.si\/wp-content\/uploads\/2025\/01\/Scitniki_prednji_boa_equitheme-boa-tendon-boots.avif","type":"image\/jpeg"}],"twitter_card":"summary_large_image","twitter_misc":{"Procijenjeno vrijeme \u010ditanja":"1 minuta"},"schema":{"@context":"https:\/\/schema.org","@graph":[{"@type":"WebPage","@id":"https:\/\/clair.si\/izdelek\/scitniki-e-t-boa-prednji\/","url":"https:\/\/clair.si\/izdelek\/scitniki-e-t-boa-prednji\/","name":"E-T Boa Black \u0161titnici prednji - Clair","isPartOf":{"@id":"https:\/\/clair.si\/#website"},"primaryImageOfPage":{"@id":"https:\/\/clair.si\/izdelek\/scitniki-e-t-boa-prednji\/#primaryimage"},"image":{"@id":"https:\/\/clair.si\/izdelek\/scitniki-e-t-boa-prednji\/#primaryimage"},"thumbnailUrl":"https:\/\/clair.si\/wp-content\/uploads\/2025\/01\/Scitniki_prednji_boa_equitheme-boa-tendon-boots.avif","datePublished":"2025-01-13T13:58:50+00:00","dateModified":"2025-10-05T07:40:10+00:00","description":"\u0160titnici za prednje noge \"BOA\" sa sinteti\u010dkim krznom. DETALJI: Vanjski dio od poliuretana. Mekana podstava od neoprena. Optimalna potpora. Savr\u0161eno","breadcrumb":{"@id":"https:\/\/clair.si\/izdelek\/scitniki-e-t-boa-prednji\/#breadcrumb"},"inLanguage":"hr","potentialAction":[{"@type":"ReadAction","target":["https:\/\/clair.si\/izdelek\/scitniki-e-t-boa-prednji\/"]}]},{"@type":"ImageObject","inLanguage":"hr","@id":"https:\/\/clair.si\/izdelek\/scitniki-e-t-boa-prednji\/#primaryimage","url":"https:\/\/clair.si\/wp-content\/uploads\/2025\/01\/Scitniki_prednji_boa_equitheme-boa-tendon-boots.avif","contentUrl":"https:\/\/clair.si\/wp-content\/uploads\/2025\/01\/Scitniki_prednji_boa_equitheme-boa-tendon-boots.avif","width":800,"height":800},{"@type":"BreadcrumbList","@id":"https:\/\/clair.si\/izdelek\/scitniki-e-t-boa-prednji\/#breadcrumb","itemListElement":[{"@type":"ListItem","position":1,"name":"Home","item":"https:\/\/clair.si\/hr\/"},{"@type":"ListItem","position":2,"name":"Trgovina","item":"https:\/\/clair.si\/trgovina\/"},{"@type":"ListItem","position":3,"name":"E-T Boa Black \u0161titnici prednji"}]},{"@type":"WebSite","@id":"https:\/\/clair.si\/#website","url":"https:\/\/clair.si\/","name":"Clair","description":"Trgovina s konjeni\u0161ko opremo","publisher":{"@id":"https:\/\/clair.si\/#organization"},"potentialAction":[{"@type":"SearchAction","target":{"@type":"EntryPoint","urlTemplate":"https:\/\/clair.si\/?s={search_term_string}"},"query-input":{"@type":"PropertyValueSpecification","valueRequired":true,"valueName":"search_term_string"}}],"inLanguage":"hr"},{"@type":"Organization","@id":"https:\/\/clair.si\/#organization","name":"Clair","url":"https:\/\/clair.si\/","logo":{"@type":"ImageObject","inLanguage":"hr","@id":"https:\/\/clair.si\/#\/schema\/logo\/image\/","url":"https:\/\/clair.si\/wp-content\/uploads\/2022\/11\/clair_logo_2022.jpg","contentUrl":"https:\/\/clair.si\/wp-content\/uploads\/2022\/11\/clair_logo_2022.jpg","width":1920,"height":1920,"caption":"Clair"},"image":{"@id":"https:\/\/clair.si\/#\/schema\/logo\/image\/"},"sameAs":["https:\/\/www.facebook.com\/TrgovinaClair\/"]}]}},"_links":{"self":[{"href":"https:\/\/clair.si\/hr\/wp-json\/wp\/v2\/product\/93086","targetHints":{"allow":["GET"]}}],"collection":[{"href":"https:\/\/clair.si\/hr\/wp-json\/wp\/v2\/product"}],"about":[{"href":"https:\/\/clair.si\/hr\/wp-json\/wp\/v2\/types\/product"}],"version-history":[{"count":1,"href":"https:\/\/clair.si\/hr\/wp-json\/wp\/v2\/product\/93086\/revisions"}],"predecessor-version":[{"id":115953,"href":"https:\/\/clair.si\/hr\/wp-json\/wp\/v2\/product\/93086\/revisions\/115953"}],"wp:featuredmedia":[{"embeddable":true,"href":"https:\/\/clair.si\/hr\/wp-json\/wp\/v2\/media\/93094"}],"wp:attachment":[{"href":"https:\/\/clair.si\/hr\/wp-json\/wp\/v2\/media?parent=93086"}],"wp:term":[{"taxonomy":"product_brand","embeddable":true,"href":"https:\/\/clair.si\/hr\/wp-json\/wp\/v2\/product_brand?post=93086"},{"taxonomy":"product_cat","embeddable":true,"href":"https:\/\/clair.si\/hr\/wp-json\/wp\/v2\/product_cat?post=93086"},{"taxonomy":"product_tag","embeddable":true,"href":"https:\/\/clair.si\/hr\/wp-json\/wp\/v2\/product_tag?post=93086"}],"curies":[{"name":"wp","href":"https:\/\/api.w.org\/{rel}","templated":true}]}}