{"id":93099,"date":"2025-01-14T12:12:42","date_gmt":"2025-01-14T11:12:42","guid":{"rendered":"https:\/\/clair.si\/izdelek\/eskadron-glossy-wave-basic-podsedlica\/"},"modified":"2025-09-23T07:42:26","modified_gmt":"2025-09-23T05:42:26","slug":"eskadron-glossy-wave-basic-podsedlica","status":"publish","type":"product","link":"https:\/\/clair.si\/hr\/izdelek\/eskadron-glossy-wave-basic-podsedlica\/","title":{"rendered":"Podsedlica Eskadron Glossy Wave Basic"},"content":{"rendered":"<div class=\"flex-shrink-0 flex flex-col relative items-end\">\n<div>\n<div class=\"pt-0\">\n<div class=\"gizmo-bot-avatar flex h-8 w-8 items-center justify-center overflow-hidden rounded-full\">\n<div class=\"relative p-1 rounded-sm flex items-center justify-center bg-token-main-surface-primary text-token-text-primary h-8 w-8\">Tra\u017eite savr\u0161enu kombinaciju elegancije, funkcionalnosti i vrhunske kvalitete? Podsedlica Eskadron Glossy Wave Basic dizajnirana je za jaha\u010de koji \u017eele svom konju pru\u017eiti najbolje.<\/div>\n<\/div>\n<\/div>\n<\/div>\n<\/div>\n<div class=\"group\/conversation-turn relative flex w-full min-w-0 flex-col agent-turn\">\n<div class=\"flex-col gap-1 md:gap-3\">\n<div class=\"flex max-w-full flex-col flex-grow\">\n<div class=\"min-h-8 text-message flex w-full flex-col items-end gap-2 whitespace-normal break-words text-start [.text-message+&amp;]:mt-5\" dir=\"auto\" data-message-author-role=\"assistant\" data-message-id=\"57a0ba37-aab3-4d64-bc3b-25d8b6232acd\" data-message-model-slug=\"gpt-4o\">\n<div class=\"flex w-full flex-col gap-1 empty:hidden first:pt-[3px]\">\n<div class=\"markdown prose w-full break-words dark:prose-invert light\">\n<p>Odlikuje ju sjajni <strong>Glossy materijal<\/strong>, koji ne samo da osigurava elegantan izgled, ve\u0107 je i otporan na prljav\u0161tinu i jednostavan za \u010di\u0161\u0107enje. Pro\u0161iveni uzorak Wave omogu\u0107uje odli\u010dnu stabilnost i pobolj\u0161anu raspodjelu pritiska, dok mekana i prozra\u010dna podloga brine za udobnost konja te sprje\u010dava trljanje.<\/p>\n<p>Podsedlica je idealna kako za svakodnevne treninge, tako i za posebne prigode. Zbog robusne izrade je dugotrajno izdr\u017eljiva, a bezvremenski dizajn \u0107e se isticati na svakom doga\u0111aju.<\/p>\n<p>Podsedlica Eskadron Glossy Wave Basic pravi je izbor za jaha\u010de koji tra\u017ee kombinaciju stila, funkcionalnosti i udobnosti za svojeg konja. Osigurajte savr\u0161en izgled i vrhunsku izvedbu na svakom jahanju!<\/p>\n<p>Naru\u010dite sada \u2013 osigurajte svojem konju vrhunsku njegu i za\u0161titu!<\/p>\n<\/div>\n<\/div>\n<\/div>\n<\/div>\n<\/div>\n<\/div>\n<p>&nbsp;<\/p>\n","protected":false},"excerpt":{"rendered":"<ul>\n<li>jedan od klasi\u010dnih Eskadron modela<\/li>\n<li>silikonski grip za sedlo<\/li>\n<li>svjetlucavi materijal<\/li>\n<\/ul>\n","protected":false},"featured_media":91308,"template":"","meta":{"footnotes":""},"product_brand":[],"product_cat":[5624,5729,5726,5728],"product_tag":[],"class_list":{"0":"post-93099","1":"product","2":"type-product","3":"status-publish","4":"has-post-thumbnail","6":"product_cat-konj-hr","7":"product_cat-pikeur-eskadron-hr","8":"product_cat-podsedlice-i-kapice-za-usi","9":"product_cat-visenamjenske-i-skakacke-podsedlice","11":"first","12":"instock","13":"shipping-taxable","14":"purchasable","15":"product-type-variable"},"yoast_head":"<!-- This site is optimized with the Yoast SEO plugin v27.3 - https:\/\/yoast.com\/product\/yoast-seo-wordpress\/ -->\n<title>Podsedlica Eskadron Glossy Wave Basic - Clair<\/title>\n<meta name=\"description\" content=\"jedan od klasi\u010dnih Eskadron modela  silikonski grip za sedlo  svjetlucavi materijal\" \/>\n<meta name=\"robots\" content=\"index, follow, max-snippet:-1, max-image-preview:large, max-video-preview:-1\" \/>\n<link rel=\"canonical\" href=\"https:\/\/clair.si\/izdelek\/podsedelnica-eskadron-glossy-wave-basic-2\/\" \/>\n<meta property=\"og:locale\" content=\"hr_HR\" \/>\n<meta property=\"og:type\" content=\"article\" \/>\n<meta property=\"og:title\" content=\"Podsedlica Eskadron Glossy Wave Basic - Clair\" \/>\n<meta property=\"og:description\" content=\"jedan od klasi\u010dnih Eskadron modela  silikonski grip za sedlo  svjetlucavi materijal\" \/>\n<meta property=\"og:url\" content=\"https:\/\/clair.si\/izdelek\/podsedelnica-eskadron-glossy-wave-basic-2\/\" \/>\n<meta property=\"og:site_name\" content=\"Clair\" \/>\n<meta property=\"article:publisher\" content=\"https:\/\/www.facebook.com\/TrgovinaClair\/\" \/>\n<meta property=\"article:modified_time\" content=\"2025-09-23T05:42:26+00:00\" \/>\n<meta property=\"og:image\" content=\"https:\/\/clair.si\/wp-content\/uploads\/2025\/01\/esk_218000_444_380_add1-scaled.avif\" \/>\n\t<meta property=\"og:image:width\" content=\"2560\" \/>\n\t<meta property=\"og:image:height\" content=\"2560\" \/>\n\t<meta property=\"og:image:type\" content=\"image\/jpeg\" \/>\n<meta name=\"twitter:card\" content=\"summary_large_image\" \/>\n<meta name=\"twitter:label1\" content=\"Procijenjeno vrijeme \u010ditanja\" \/>\n\t<meta name=\"twitter:data1\" content=\"1 minuta\" \/>\n<script type=\"application\/ld+json\" class=\"yoast-schema-graph\">{\"@context\":\"https:\\\/\\\/schema.org\",\"@graph\":[{\"@type\":\"WebPage\",\"@id\":\"https:\\\/\\\/clair.si\\\/izdelek\\\/podsedelnica-eskadron-glossy-wave-basic-2\\\/\",\"url\":\"https:\\\/\\\/clair.si\\\/izdelek\\\/podsedelnica-eskadron-glossy-wave-basic-2\\\/\",\"name\":\"Podsedlica Eskadron Glossy Wave Basic - Clair\",\"isPartOf\":{\"@id\":\"https:\\\/\\\/clair.si\\\/#website\"},\"primaryImageOfPage\":{\"@id\":\"https:\\\/\\\/clair.si\\\/izdelek\\\/podsedelnica-eskadron-glossy-wave-basic-2\\\/#primaryimage\"},\"image\":{\"@id\":\"https:\\\/\\\/clair.si\\\/izdelek\\\/podsedelnica-eskadron-glossy-wave-basic-2\\\/#primaryimage\"},\"thumbnailUrl\":\"https:\\\/\\\/clair.si\\\/wp-content\\\/uploads\\\/2025\\\/01\\\/esk_218000_444_380_add1-scaled.avif\",\"datePublished\":\"2025-01-14T11:12:42+00:00\",\"dateModified\":\"2025-09-23T05:42:26+00:00\",\"description\":\"jedan od klasi\u010dnih Eskadron modela silikonski grip za sedlo svjetlucavi materijal\",\"breadcrumb\":{\"@id\":\"https:\\\/\\\/clair.si\\\/izdelek\\\/podsedelnica-eskadron-glossy-wave-basic-2\\\/#breadcrumb\"},\"inLanguage\":\"hr\",\"potentialAction\":[{\"@type\":\"ReadAction\",\"target\":[\"https:\\\/\\\/clair.si\\\/izdelek\\\/podsedelnica-eskadron-glossy-wave-basic-2\\\/\"]}]},{\"@type\":\"ImageObject\",\"inLanguage\":\"hr\",\"@id\":\"https:\\\/\\\/clair.si\\\/izdelek\\\/podsedelnica-eskadron-glossy-wave-basic-2\\\/#primaryimage\",\"url\":\"https:\\\/\\\/clair.si\\\/wp-content\\\/uploads\\\/2025\\\/01\\\/esk_218000_444_380_add1-scaled.avif\",\"contentUrl\":\"https:\\\/\\\/clair.si\\\/wp-content\\\/uploads\\\/2025\\\/01\\\/esk_218000_444_380_add1-scaled.avif\",\"width\":2560,\"height\":2560},{\"@type\":\"BreadcrumbList\",\"@id\":\"https:\\\/\\\/clair.si\\\/izdelek\\\/podsedelnica-eskadron-glossy-wave-basic-2\\\/#breadcrumb\",\"itemListElement\":[{\"@type\":\"ListItem\",\"position\":1,\"name\":\"Home\",\"item\":\"https:\\\/\\\/clair.si\\\/hr\\\/\"},{\"@type\":\"ListItem\",\"position\":2,\"name\":\"Trgovina\",\"item\":\"https:\\\/\\\/clair.si\\\/trgovina\\\/\"},{\"@type\":\"ListItem\",\"position\":3,\"name\":\"Podsedlica Eskadron Glossy Wave Basic\"}]},{\"@type\":\"WebSite\",\"@id\":\"https:\\\/\\\/clair.si\\\/#website\",\"url\":\"https:\\\/\\\/clair.si\\\/\",\"name\":\"Clair\",\"description\":\"Trgovina s konjeni\u0161ko opremo\",\"publisher\":{\"@id\":\"https:\\\/\\\/clair.si\\\/#organization\"},\"potentialAction\":[{\"@type\":\"SearchAction\",\"target\":{\"@type\":\"EntryPoint\",\"urlTemplate\":\"https:\\\/\\\/clair.si\\\/?s={search_term_string}\"},\"query-input\":{\"@type\":\"PropertyValueSpecification\",\"valueRequired\":true,\"valueName\":\"search_term_string\"}}],\"inLanguage\":\"hr\"},{\"@type\":\"Organization\",\"@id\":\"https:\\\/\\\/clair.si\\\/#organization\",\"name\":\"Clair\",\"url\":\"https:\\\/\\\/clair.si\\\/\",\"logo\":{\"@type\":\"ImageObject\",\"inLanguage\":\"hr\",\"@id\":\"https:\\\/\\\/clair.si\\\/#\\\/schema\\\/logo\\\/image\\\/\",\"url\":\"https:\\\/\\\/clair.si\\\/wp-content\\\/uploads\\\/2022\\\/11\\\/clair_logo_2022.jpg\",\"contentUrl\":\"https:\\\/\\\/clair.si\\\/wp-content\\\/uploads\\\/2022\\\/11\\\/clair_logo_2022.jpg\",\"width\":1920,\"height\":1920,\"caption\":\"Clair\"},\"image\":{\"@id\":\"https:\\\/\\\/clair.si\\\/#\\\/schema\\\/logo\\\/image\\\/\"},\"sameAs\":[\"https:\\\/\\\/www.facebook.com\\\/TrgovinaClair\\\/\"]}]}<\/script>\n<!-- \/ Yoast SEO plugin. -->","yoast_head_json":{"title":"Podsedlica Eskadron Glossy Wave Basic - Clair","description":"jedan od klasi\u010dnih Eskadron modela  silikonski grip za sedlo  svjetlucavi materijal","robots":{"index":"index","follow":"follow","max-snippet":"max-snippet:-1","max-image-preview":"max-image-preview:large","max-video-preview":"max-video-preview:-1"},"canonical":"https:\/\/clair.si\/izdelek\/podsedelnica-eskadron-glossy-wave-basic-2\/","og_locale":"hr_HR","og_type":"article","og_title":"Podsedlica Eskadron Glossy Wave Basic - Clair","og_description":"jedan od klasi\u010dnih Eskadron modela  silikonski grip za sedlo  svjetlucavi materijal","og_url":"https:\/\/clair.si\/izdelek\/podsedelnica-eskadron-glossy-wave-basic-2\/","og_site_name":"Clair","article_publisher":"https:\/\/www.facebook.com\/TrgovinaClair\/","article_modified_time":"2025-09-23T05:42:26+00:00","og_image":[{"width":2560,"height":2560,"url":"https:\/\/clair.si\/wp-content\/uploads\/2025\/01\/esk_218000_444_380_add1-scaled.avif","type":"image\/jpeg"}],"twitter_card":"summary_large_image","twitter_misc":{"Procijenjeno vrijeme \u010ditanja":"1 minuta"},"schema":{"@context":"https:\/\/schema.org","@graph":[{"@type":"WebPage","@id":"https:\/\/clair.si\/izdelek\/podsedelnica-eskadron-glossy-wave-basic-2\/","url":"https:\/\/clair.si\/izdelek\/podsedelnica-eskadron-glossy-wave-basic-2\/","name":"Podsedlica Eskadron Glossy Wave Basic - Clair","isPartOf":{"@id":"https:\/\/clair.si\/#website"},"primaryImageOfPage":{"@id":"https:\/\/clair.si\/izdelek\/podsedelnica-eskadron-glossy-wave-basic-2\/#primaryimage"},"image":{"@id":"https:\/\/clair.si\/izdelek\/podsedelnica-eskadron-glossy-wave-basic-2\/#primaryimage"},"thumbnailUrl":"https:\/\/clair.si\/wp-content\/uploads\/2025\/01\/esk_218000_444_380_add1-scaled.avif","datePublished":"2025-01-14T11:12:42+00:00","dateModified":"2025-09-23T05:42:26+00:00","description":"jedan od klasi\u010dnih Eskadron modela silikonski grip za sedlo svjetlucavi materijal","breadcrumb":{"@id":"https:\/\/clair.si\/izdelek\/podsedelnica-eskadron-glossy-wave-basic-2\/#breadcrumb"},"inLanguage":"hr","potentialAction":[{"@type":"ReadAction","target":["https:\/\/clair.si\/izdelek\/podsedelnica-eskadron-glossy-wave-basic-2\/"]}]},{"@type":"ImageObject","inLanguage":"hr","@id":"https:\/\/clair.si\/izdelek\/podsedelnica-eskadron-glossy-wave-basic-2\/#primaryimage","url":"https:\/\/clair.si\/wp-content\/uploads\/2025\/01\/esk_218000_444_380_add1-scaled.avif","contentUrl":"https:\/\/clair.si\/wp-content\/uploads\/2025\/01\/esk_218000_444_380_add1-scaled.avif","width":2560,"height":2560},{"@type":"BreadcrumbList","@id":"https:\/\/clair.si\/izdelek\/podsedelnica-eskadron-glossy-wave-basic-2\/#breadcrumb","itemListElement":[{"@type":"ListItem","position":1,"name":"Home","item":"https:\/\/clair.si\/hr\/"},{"@type":"ListItem","position":2,"name":"Trgovina","item":"https:\/\/clair.si\/trgovina\/"},{"@type":"ListItem","position":3,"name":"Podsedlica Eskadron Glossy Wave Basic"}]},{"@type":"WebSite","@id":"https:\/\/clair.si\/#website","url":"https:\/\/clair.si\/","name":"Clair","description":"Trgovina s konjeni\u0161ko opremo","publisher":{"@id":"https:\/\/clair.si\/#organization"},"potentialAction":[{"@type":"SearchAction","target":{"@type":"EntryPoint","urlTemplate":"https:\/\/clair.si\/?s={search_term_string}"},"query-input":{"@type":"PropertyValueSpecification","valueRequired":true,"valueName":"search_term_string"}}],"inLanguage":"hr"},{"@type":"Organization","@id":"https:\/\/clair.si\/#organization","name":"Clair","url":"https:\/\/clair.si\/","logo":{"@type":"ImageObject","inLanguage":"hr","@id":"https:\/\/clair.si\/#\/schema\/logo\/image\/","url":"https:\/\/clair.si\/wp-content\/uploads\/2022\/11\/clair_logo_2022.jpg","contentUrl":"https:\/\/clair.si\/wp-content\/uploads\/2022\/11\/clair_logo_2022.jpg","width":1920,"height":1920,"caption":"Clair"},"image":{"@id":"https:\/\/clair.si\/#\/schema\/logo\/image\/"},"sameAs":["https:\/\/www.facebook.com\/TrgovinaClair\/"]}]}},"_links":{"self":[{"href":"https:\/\/clair.si\/hr\/wp-json\/wp\/v2\/product\/93099","targetHints":{"allow":["GET"]}}],"collection":[{"href":"https:\/\/clair.si\/hr\/wp-json\/wp\/v2\/product"}],"about":[{"href":"https:\/\/clair.si\/hr\/wp-json\/wp\/v2\/types\/product"}],"version-history":[{"count":1,"href":"https:\/\/clair.si\/hr\/wp-json\/wp\/v2\/product\/93099\/revisions"}],"predecessor-version":[{"id":113728,"href":"https:\/\/clair.si\/hr\/wp-json\/wp\/v2\/product\/93099\/revisions\/113728"}],"wp:featuredmedia":[{"embeddable":true,"href":"https:\/\/clair.si\/hr\/wp-json\/wp\/v2\/media\/91308"}],"wp:attachment":[{"href":"https:\/\/clair.si\/hr\/wp-json\/wp\/v2\/media?parent=93099"}],"wp:term":[{"taxonomy":"product_brand","embeddable":true,"href":"https:\/\/clair.si\/hr\/wp-json\/wp\/v2\/product_brand?post=93099"},{"taxonomy":"product_cat","embeddable":true,"href":"https:\/\/clair.si\/hr\/wp-json\/wp\/v2\/product_cat?post=93099"},{"taxonomy":"product_tag","embeddable":true,"href":"https:\/\/clair.si\/hr\/wp-json\/wp\/v2\/product_tag?post=93099"}],"curies":[{"name":"wp","href":"https:\/\/api.w.org\/{rel}","templated":true}]}}