{"id":93104,"date":"2025-01-14T10:12:33","date_gmt":"2025-01-14T09:12:33","guid":{"rendered":"https:\/\/clair.si\/izdelek\/uzda-za-dresurno-jahanje-eric-thomas-hybrid-weymouth\/"},"modified":"2025-08-28T07:58:34","modified_gmt":"2025-08-28T05:58:34","slug":"uzda-za-dresurno-jahanje-eric-thomas-hybrid-weymouth","status":"publish","type":"product","link":"https:\/\/clair.si\/hr\/izdelek\/uzda-za-dresurno-jahanje-eric-thomas-hybrid-weymouth\/","title":{"rendered":"Kandar uzda Eric Thomas Hybrid Weymouth"},"content":{"rendered":"<p><strong>Dvodijelna uzda od bivolje ko\u017ee s mekanom podstavom<\/strong> od clarina na naglavnoj traci i nosnom remenu.<\/p>\n<p>\u010celenka u obliku slova V ukra\u0161ena je <strong>crnim i prozirnim kristalima.<\/strong> <\/p>\n<p>Trake za pelham i \u017evalu pri\u010dvr\u0161\u0107uju se s obje strane kukicama. Crni \u0161avovi. Kop\u010de od nehr\u0111aju\u0107eg \u010delika.   <strong>Prodaje se bez vodilica.<\/strong><\/p>\n","protected":false},"excerpt":{"rendered":"<p>Dvodijelna uzda od bivolje ko\u017ee s mekanom podstavom od clarina na naglavnoj traci i nosnom remenu. \u010celenka u obliku slova<\/p>\n","protected":false},"featured_media":93107,"template":"","meta":{"footnotes":""},"product_brand":[],"product_cat":[5624,5843,5697],"product_tag":[],"class_list":{"0":"post-93104","1":"product","2":"type-product","3":"status-publish","4":"has-post-thumbnail","6":"product_cat-konj-hr","7":"product_cat-uzde","8":"product_cat-uzde-i-dizgini","10":"first","11":"instock","12":"shipping-taxable","13":"purchasable","14":"product-type-variable"},"yoast_head":"<!-- This site is optimized with the Yoast SEO plugin v27.3 - https:\/\/yoast.com\/product\/yoast-seo-wordpress\/ -->\n<title>Kandar uzda Eric Thomas Hybrid Weymouth - Clair<\/title>\n<meta name=\"description\" content=\"Dvodijelna uzda od bivolje ko\u017ee s mekanom podstavom od clarina na naglavnoj traci i nosnom remenu. \u010celenka u obliku slova V ukra\u0161ena je crnim i prozirnim\" \/>\n<meta name=\"robots\" content=\"index, follow, max-snippet:-1, max-image-preview:large, max-video-preview:-1\" \/>\n<link rel=\"canonical\" href=\"https:\/\/clair.si\/hr\/izdelek\/uzda-za-dresurno-jahanje-eric-thomas-hybrid-weymouth\/\" \/>\n<meta property=\"og:locale\" content=\"hr_HR\" \/>\n<meta property=\"og:type\" content=\"article\" \/>\n<meta property=\"og:title\" content=\"Kandar uzda Eric Thomas Hybrid Weymouth - Clair\" \/>\n<meta property=\"og:description\" content=\"Dvodijelna uzda od bivolje ko\u017ee s mekanom podstavom od clarina na naglavnoj traci i nosnom remenu. \u010celenka u obliku slova V ukra\u0161ena je crnim i prozirnim\" \/>\n<meta property=\"og:url\" content=\"https:\/\/clair.si\/hr\/izdelek\/uzda-za-dresurno-jahanje-eric-thomas-hybrid-weymouth\/\" \/>\n<meta property=\"og:site_name\" content=\"Clair\" \/>\n<meta property=\"article:publisher\" content=\"https:\/\/www.facebook.com\/TrgovinaClair\/\" \/>\n<meta property=\"article:modified_time\" content=\"2025-08-28T05:58:34+00:00\" \/>\n<meta property=\"og:image\" content=\"https:\/\/clair.si\/wp-content\/uploads\/2025\/01\/Uzda_kandara_eric-thomas-hybrid-weymouth-bridle_1.avif\" \/>\n\t<meta property=\"og:image:width\" content=\"800\" \/>\n\t<meta property=\"og:image:height\" content=\"800\" \/>\n\t<meta property=\"og:image:type\" content=\"image\/jpeg\" \/>\n<meta name=\"twitter:card\" content=\"summary_large_image\" \/>\n<meta name=\"twitter:label1\" content=\"Procijenjeno vrijeme \u010ditanja\" \/>\n\t<meta name=\"twitter:data1\" content=\"1 minuta\" \/>\n<script type=\"application\/ld+json\" class=\"yoast-schema-graph\">{\"@context\":\"https:\\\/\\\/schema.org\",\"@graph\":[{\"@type\":\"WebPage\",\"@id\":\"https:\\\/\\\/clair.si\\\/hr\\\/izdelek\\\/uzda-za-dresurno-jahanje-eric-thomas-hybrid-weymouth\\\/\",\"url\":\"https:\\\/\\\/clair.si\\\/hr\\\/izdelek\\\/uzda-za-dresurno-jahanje-eric-thomas-hybrid-weymouth\\\/\",\"name\":\"Kandar uzda Eric Thomas Hybrid Weymouth - Clair\",\"isPartOf\":{\"@id\":\"https:\\\/\\\/clair.si\\\/#website\"},\"primaryImageOfPage\":{\"@id\":\"https:\\\/\\\/clair.si\\\/hr\\\/izdelek\\\/uzda-za-dresurno-jahanje-eric-thomas-hybrid-weymouth\\\/#primaryimage\"},\"image\":{\"@id\":\"https:\\\/\\\/clair.si\\\/hr\\\/izdelek\\\/uzda-za-dresurno-jahanje-eric-thomas-hybrid-weymouth\\\/#primaryimage\"},\"thumbnailUrl\":\"https:\\\/\\\/clair.si\\\/wp-content\\\/uploads\\\/2025\\\/01\\\/Uzda_kandara_eric-thomas-hybrid-weymouth-bridle_1.avif\",\"datePublished\":\"2025-01-14T09:12:33+00:00\",\"dateModified\":\"2025-08-28T05:58:34+00:00\",\"description\":\"Dvodijelna uzda od bivolje ko\u017ee s mekanom podstavom od clarina na naglavnoj traci i nosnom remenu. \u010celenka u obliku slova V ukra\u0161ena je crnim i prozirnim\",\"breadcrumb\":{\"@id\":\"https:\\\/\\\/clair.si\\\/hr\\\/izdelek\\\/uzda-za-dresurno-jahanje-eric-thomas-hybrid-weymouth\\\/#breadcrumb\"},\"inLanguage\":\"hr\",\"potentialAction\":[{\"@type\":\"ReadAction\",\"target\":[\"https:\\\/\\\/clair.si\\\/hr\\\/izdelek\\\/uzda-za-dresurno-jahanje-eric-thomas-hybrid-weymouth\\\/\"]}]},{\"@type\":\"ImageObject\",\"inLanguage\":\"hr\",\"@id\":\"https:\\\/\\\/clair.si\\\/hr\\\/izdelek\\\/uzda-za-dresurno-jahanje-eric-thomas-hybrid-weymouth\\\/#primaryimage\",\"url\":\"https:\\\/\\\/clair.si\\\/wp-content\\\/uploads\\\/2025\\\/01\\\/Uzda_kandara_eric-thomas-hybrid-weymouth-bridle_1.avif\",\"contentUrl\":\"https:\\\/\\\/clair.si\\\/wp-content\\\/uploads\\\/2025\\\/01\\\/Uzda_kandara_eric-thomas-hybrid-weymouth-bridle_1.avif\",\"width\":800,\"height\":800},{\"@type\":\"BreadcrumbList\",\"@id\":\"https:\\\/\\\/clair.si\\\/hr\\\/izdelek\\\/uzda-za-dresurno-jahanje-eric-thomas-hybrid-weymouth\\\/#breadcrumb\",\"itemListElement\":[{\"@type\":\"ListItem\",\"position\":1,\"name\":\"Home\",\"item\":\"https:\\\/\\\/clair.si\\\/hr\\\/\"},{\"@type\":\"ListItem\",\"position\":2,\"name\":\"Trgovina\",\"item\":\"https:\\\/\\\/clair.si\\\/trgovina\\\/\"},{\"@type\":\"ListItem\",\"position\":3,\"name\":\"Kandar uzda Eric Thomas Hybrid Weymouth\"}]},{\"@type\":\"WebSite\",\"@id\":\"https:\\\/\\\/clair.si\\\/#website\",\"url\":\"https:\\\/\\\/clair.si\\\/\",\"name\":\"Clair\",\"description\":\"Trgovina s konjeni\u0161ko opremo\",\"publisher\":{\"@id\":\"https:\\\/\\\/clair.si\\\/#organization\"},\"potentialAction\":[{\"@type\":\"SearchAction\",\"target\":{\"@type\":\"EntryPoint\",\"urlTemplate\":\"https:\\\/\\\/clair.si\\\/?s={search_term_string}\"},\"query-input\":{\"@type\":\"PropertyValueSpecification\",\"valueRequired\":true,\"valueName\":\"search_term_string\"}}],\"inLanguage\":\"hr\"},{\"@type\":\"Organization\",\"@id\":\"https:\\\/\\\/clair.si\\\/#organization\",\"name\":\"Clair\",\"url\":\"https:\\\/\\\/clair.si\\\/\",\"logo\":{\"@type\":\"ImageObject\",\"inLanguage\":\"hr\",\"@id\":\"https:\\\/\\\/clair.si\\\/#\\\/schema\\\/logo\\\/image\\\/\",\"url\":\"https:\\\/\\\/clair.si\\\/wp-content\\\/uploads\\\/2022\\\/11\\\/clair_logo_2022.jpg\",\"contentUrl\":\"https:\\\/\\\/clair.si\\\/wp-content\\\/uploads\\\/2022\\\/11\\\/clair_logo_2022.jpg\",\"width\":1920,\"height\":1920,\"caption\":\"Clair\"},\"image\":{\"@id\":\"https:\\\/\\\/clair.si\\\/#\\\/schema\\\/logo\\\/image\\\/\"},\"sameAs\":[\"https:\\\/\\\/www.facebook.com\\\/TrgovinaClair\\\/\"]}]}<\/script>\n<!-- \/ Yoast SEO plugin. -->","yoast_head_json":{"title":"Kandar uzda Eric Thomas Hybrid Weymouth - Clair","description":"Dvodijelna uzda od bivolje ko\u017ee s mekanom podstavom od clarina na naglavnoj traci i nosnom remenu. \u010celenka u obliku slova V ukra\u0161ena je crnim i prozirnim","robots":{"index":"index","follow":"follow","max-snippet":"max-snippet:-1","max-image-preview":"max-image-preview:large","max-video-preview":"max-video-preview:-1"},"canonical":"https:\/\/clair.si\/hr\/izdelek\/uzda-za-dresurno-jahanje-eric-thomas-hybrid-weymouth\/","og_locale":"hr_HR","og_type":"article","og_title":"Kandar uzda Eric Thomas Hybrid Weymouth - Clair","og_description":"Dvodijelna uzda od bivolje ko\u017ee s mekanom podstavom od clarina na naglavnoj traci i nosnom remenu. \u010celenka u obliku slova V ukra\u0161ena je crnim i prozirnim","og_url":"https:\/\/clair.si\/hr\/izdelek\/uzda-za-dresurno-jahanje-eric-thomas-hybrid-weymouth\/","og_site_name":"Clair","article_publisher":"https:\/\/www.facebook.com\/TrgovinaClair\/","article_modified_time":"2025-08-28T05:58:34+00:00","og_image":[{"width":800,"height":800,"url":"https:\/\/clair.si\/wp-content\/uploads\/2025\/01\/Uzda_kandara_eric-thomas-hybrid-weymouth-bridle_1.avif","type":"image\/jpeg"}],"twitter_card":"summary_large_image","twitter_misc":{"Procijenjeno vrijeme \u010ditanja":"1 minuta"},"schema":{"@context":"https:\/\/schema.org","@graph":[{"@type":"WebPage","@id":"https:\/\/clair.si\/hr\/izdelek\/uzda-za-dresurno-jahanje-eric-thomas-hybrid-weymouth\/","url":"https:\/\/clair.si\/hr\/izdelek\/uzda-za-dresurno-jahanje-eric-thomas-hybrid-weymouth\/","name":"Kandar uzda Eric Thomas Hybrid Weymouth - Clair","isPartOf":{"@id":"https:\/\/clair.si\/#website"},"primaryImageOfPage":{"@id":"https:\/\/clair.si\/hr\/izdelek\/uzda-za-dresurno-jahanje-eric-thomas-hybrid-weymouth\/#primaryimage"},"image":{"@id":"https:\/\/clair.si\/hr\/izdelek\/uzda-za-dresurno-jahanje-eric-thomas-hybrid-weymouth\/#primaryimage"},"thumbnailUrl":"https:\/\/clair.si\/wp-content\/uploads\/2025\/01\/Uzda_kandara_eric-thomas-hybrid-weymouth-bridle_1.avif","datePublished":"2025-01-14T09:12:33+00:00","dateModified":"2025-08-28T05:58:34+00:00","description":"Dvodijelna uzda od bivolje ko\u017ee s mekanom podstavom od clarina na naglavnoj traci i nosnom remenu. \u010celenka u obliku slova V ukra\u0161ena je crnim i prozirnim","breadcrumb":{"@id":"https:\/\/clair.si\/hr\/izdelek\/uzda-za-dresurno-jahanje-eric-thomas-hybrid-weymouth\/#breadcrumb"},"inLanguage":"hr","potentialAction":[{"@type":"ReadAction","target":["https:\/\/clair.si\/hr\/izdelek\/uzda-za-dresurno-jahanje-eric-thomas-hybrid-weymouth\/"]}]},{"@type":"ImageObject","inLanguage":"hr","@id":"https:\/\/clair.si\/hr\/izdelek\/uzda-za-dresurno-jahanje-eric-thomas-hybrid-weymouth\/#primaryimage","url":"https:\/\/clair.si\/wp-content\/uploads\/2025\/01\/Uzda_kandara_eric-thomas-hybrid-weymouth-bridle_1.avif","contentUrl":"https:\/\/clair.si\/wp-content\/uploads\/2025\/01\/Uzda_kandara_eric-thomas-hybrid-weymouth-bridle_1.avif","width":800,"height":800},{"@type":"BreadcrumbList","@id":"https:\/\/clair.si\/hr\/izdelek\/uzda-za-dresurno-jahanje-eric-thomas-hybrid-weymouth\/#breadcrumb","itemListElement":[{"@type":"ListItem","position":1,"name":"Home","item":"https:\/\/clair.si\/hr\/"},{"@type":"ListItem","position":2,"name":"Trgovina","item":"https:\/\/clair.si\/trgovina\/"},{"@type":"ListItem","position":3,"name":"Kandar uzda Eric Thomas Hybrid Weymouth"}]},{"@type":"WebSite","@id":"https:\/\/clair.si\/#website","url":"https:\/\/clair.si\/","name":"Clair","description":"Trgovina s konjeni\u0161ko opremo","publisher":{"@id":"https:\/\/clair.si\/#organization"},"potentialAction":[{"@type":"SearchAction","target":{"@type":"EntryPoint","urlTemplate":"https:\/\/clair.si\/?s={search_term_string}"},"query-input":{"@type":"PropertyValueSpecification","valueRequired":true,"valueName":"search_term_string"}}],"inLanguage":"hr"},{"@type":"Organization","@id":"https:\/\/clair.si\/#organization","name":"Clair","url":"https:\/\/clair.si\/","logo":{"@type":"ImageObject","inLanguage":"hr","@id":"https:\/\/clair.si\/#\/schema\/logo\/image\/","url":"https:\/\/clair.si\/wp-content\/uploads\/2022\/11\/clair_logo_2022.jpg","contentUrl":"https:\/\/clair.si\/wp-content\/uploads\/2022\/11\/clair_logo_2022.jpg","width":1920,"height":1920,"caption":"Clair"},"image":{"@id":"https:\/\/clair.si\/#\/schema\/logo\/image\/"},"sameAs":["https:\/\/www.facebook.com\/TrgovinaClair\/"]}]}},"_links":{"self":[{"href":"https:\/\/clair.si\/hr\/wp-json\/wp\/v2\/product\/93104","targetHints":{"allow":["GET"]}}],"collection":[{"href":"https:\/\/clair.si\/hr\/wp-json\/wp\/v2\/product"}],"about":[{"href":"https:\/\/clair.si\/hr\/wp-json\/wp\/v2\/types\/product"}],"version-history":[{"count":0,"href":"https:\/\/clair.si\/hr\/wp-json\/wp\/v2\/product\/93104\/revisions"}],"wp:featuredmedia":[{"embeddable":true,"href":"https:\/\/clair.si\/hr\/wp-json\/wp\/v2\/media\/93107"}],"wp:attachment":[{"href":"https:\/\/clair.si\/hr\/wp-json\/wp\/v2\/media?parent=93104"}],"wp:term":[{"taxonomy":"product_brand","embeddable":true,"href":"https:\/\/clair.si\/hr\/wp-json\/wp\/v2\/product_brand?post=93104"},{"taxonomy":"product_cat","embeddable":true,"href":"https:\/\/clair.si\/hr\/wp-json\/wp\/v2\/product_cat?post=93104"},{"taxonomy":"product_tag","embeddable":true,"href":"https:\/\/clair.si\/hr\/wp-json\/wp\/v2\/product_tag?post=93104"}],"curies":[{"name":"wp","href":"https:\/\/api.w.org\/{rel}","templated":true}]}}