{"id":93116,"date":"2025-01-08T11:14:45","date_gmt":"2025-01-08T10:14:45","guid":{"rendered":"https:\/\/clair.si\/izdelek\/kamen-za-lizanje-likit-granola-stall-ball\/"},"modified":"2026-02-01T11:22:11","modified_gmt":"2026-02-01T10:22:11","slug":"kamen-za-lizanje-likit-granola-stall-ball","status":"publish","type":"product","link":"https:\/\/clair.si\/hr\/izdelek\/kamen-za-lizanje-likit-granola-stall-ball\/","title":{"rendered":"Kamen za lizanje Likit Granola Stall Ball"},"content":{"rendered":"<p>Pomozite smanjiti dosadu i stres uz Likit Granola Stall-Ball. Likit Granola Stall-Ball mo\u017ee trajati od jednog tjedna do jednog mjeseca, ovisno o tome koliko je konj motiviran za hranu i kako je lopta obje\u0161ena. <\/p>\n<p><strong>Sastav:<\/strong> Glukoza, mije\u0161ane \u017eitarice (zrnati kukuruz, valjana zob, pre\u0161ani je\u010dam, cijela p\u0161enica), saharoza, dodaci (na kg): ulje paprene metvice 700 mg<br \/>\n<strong>Analiti\u010dki sastojci:<\/strong> Surove masti 2,5 %, sirove bjelan\u010devine 6,6 %, sirovi pepeo 0,7 %, sirova vlakna 1,7 %, natrij 0,3 %.<\/p>\n<p><strong>Upute za hranjenje:<\/strong> Najve\u0107i preporu\u010deni dnevni unos je 300 g (10,6 oz). Proizvod nije namijenjen za prehranu ljudi. <\/p>\n","protected":false},"excerpt":{"rendered":"<p>Pomozite smanjiti dosadu i stres uz Likit Granola Stall-Ball. Likit Granola Stall-Ball mo\u017ee trajati od jednog tjedna do jednog mjeseca,<\/p>\n","protected":false},"featured_media":93123,"template":"","meta":{"footnotes":""},"product_brand":[],"product_cat":[5782,5710,5712],"product_tag":[],"class_list":{"0":"post-93116","1":"product","2":"type-product","3":"status-publish","4":"has-post-thumbnail","6":"product_cat-kolacici-i-kamenje-soli","7":"product_cat-hrana-za-konje-hr","8":"product_cat-prehrambeni-dodaci","10":"first","11":"instock","12":"shipping-taxable","13":"purchasable","14":"product-type-variable"},"yoast_head":"<!-- This site is optimized with the Yoast SEO plugin v27.3 - https:\/\/yoast.com\/product\/yoast-seo-wordpress\/ -->\n<title>Kamen za lizanje Likit Granola Stall Ball - Clair<\/title>\n<meta name=\"description\" content=\"Pomozite smanjiti dosadu i stres uz Likit Granola Stall-Ball. Likit Granola Stall-Ball mo\u017ee trajati od jednog tjedna do jednog mjeseca, ovisno o tome\" \/>\n<meta name=\"robots\" content=\"index, follow, max-snippet:-1, max-image-preview:large, max-video-preview:-1\" \/>\n<link rel=\"canonical\" href=\"https:\/\/clair.si\/hr\/izdelek\/kamen-za-lizanje-likit-granola-stall-ball\/\" \/>\n<meta property=\"og:locale\" content=\"hr_HR\" \/>\n<meta property=\"og:type\" content=\"article\" \/>\n<meta property=\"og:title\" content=\"Kamen za lizanje Likit Granola Stall Ball - Clair\" \/>\n<meta property=\"og:description\" content=\"Pomozite smanjiti dosadu i stres uz Likit Granola Stall-Ball. Likit Granola Stall-Ball mo\u017ee trajati od jednog tjedna do jednog mjeseca, ovisno o tome\" \/>\n<meta property=\"og:url\" content=\"https:\/\/clair.si\/hr\/izdelek\/kamen-za-lizanje-likit-granola-stall-ball\/\" \/>\n<meta property=\"og:site_name\" content=\"Clair\" \/>\n<meta property=\"article:publisher\" content=\"https:\/\/www.facebook.com\/TrgovinaClair\/\" \/>\n<meta property=\"article:modified_time\" content=\"2026-02-01T10:22:11+00:00\" \/>\n<meta property=\"og:image\" content=\"https:\/\/clair.si\/wp-content\/uploads\/2025\/01\/likit_zoga_likit-stall-ball-complementary-feed.avif\" \/>\n\t<meta property=\"og:image:width\" content=\"800\" \/>\n\t<meta property=\"og:image:height\" content=\"800\" \/>\n\t<meta property=\"og:image:type\" content=\"image\/jpeg\" \/>\n<meta name=\"twitter:card\" content=\"summary_large_image\" \/>\n<script type=\"application\/ld+json\" class=\"yoast-schema-graph\">{\"@context\":\"https:\\\/\\\/schema.org\",\"@graph\":[{\"@type\":\"WebPage\",\"@id\":\"https:\\\/\\\/clair.si\\\/hr\\\/izdelek\\\/kamen-za-lizanje-likit-granola-stall-ball\\\/\",\"url\":\"https:\\\/\\\/clair.si\\\/hr\\\/izdelek\\\/kamen-za-lizanje-likit-granola-stall-ball\\\/\",\"name\":\"Kamen za lizanje Likit Granola Stall Ball - Clair\",\"isPartOf\":{\"@id\":\"https:\\\/\\\/clair.si\\\/#website\"},\"primaryImageOfPage\":{\"@id\":\"https:\\\/\\\/clair.si\\\/hr\\\/izdelek\\\/kamen-za-lizanje-likit-granola-stall-ball\\\/#primaryimage\"},\"image\":{\"@id\":\"https:\\\/\\\/clair.si\\\/hr\\\/izdelek\\\/kamen-za-lizanje-likit-granola-stall-ball\\\/#primaryimage\"},\"thumbnailUrl\":\"https:\\\/\\\/clair.si\\\/wp-content\\\/uploads\\\/2025\\\/01\\\/likit_zoga_likit-stall-ball-complementary-feed.avif\",\"datePublished\":\"2025-01-08T10:14:45+00:00\",\"dateModified\":\"2026-02-01T10:22:11+00:00\",\"description\":\"Pomozite smanjiti dosadu i stres uz Likit Granola Stall-Ball. Likit Granola Stall-Ball mo\u017ee trajati od jednog tjedna do jednog mjeseca, ovisno o tome\",\"breadcrumb\":{\"@id\":\"https:\\\/\\\/clair.si\\\/hr\\\/izdelek\\\/kamen-za-lizanje-likit-granola-stall-ball\\\/#breadcrumb\"},\"inLanguage\":\"hr\",\"potentialAction\":[{\"@type\":\"ReadAction\",\"target\":[\"https:\\\/\\\/clair.si\\\/hr\\\/izdelek\\\/kamen-za-lizanje-likit-granola-stall-ball\\\/\"]}]},{\"@type\":\"ImageObject\",\"inLanguage\":\"hr\",\"@id\":\"https:\\\/\\\/clair.si\\\/hr\\\/izdelek\\\/kamen-za-lizanje-likit-granola-stall-ball\\\/#primaryimage\",\"url\":\"https:\\\/\\\/clair.si\\\/wp-content\\\/uploads\\\/2025\\\/01\\\/likit_zoga_likit-stall-ball-complementary-feed.avif\",\"contentUrl\":\"https:\\\/\\\/clair.si\\\/wp-content\\\/uploads\\\/2025\\\/01\\\/likit_zoga_likit-stall-ball-complementary-feed.avif\",\"width\":800,\"height\":800},{\"@type\":\"BreadcrumbList\",\"@id\":\"https:\\\/\\\/clair.si\\\/hr\\\/izdelek\\\/kamen-za-lizanje-likit-granola-stall-ball\\\/#breadcrumb\",\"itemListElement\":[{\"@type\":\"ListItem\",\"position\":1,\"name\":\"Home\",\"item\":\"https:\\\/\\\/clair.si\\\/hr\\\/\"},{\"@type\":\"ListItem\",\"position\":2,\"name\":\"Trgovina\",\"item\":\"https:\\\/\\\/clair.si\\\/trgovina\\\/\"},{\"@type\":\"ListItem\",\"position\":3,\"name\":\"Kamen za lizanje Likit Granola Stall Ball\"}]},{\"@type\":\"WebSite\",\"@id\":\"https:\\\/\\\/clair.si\\\/#website\",\"url\":\"https:\\\/\\\/clair.si\\\/\",\"name\":\"Clair\",\"description\":\"Trgovina s konjeni\u0161ko opremo\",\"publisher\":{\"@id\":\"https:\\\/\\\/clair.si\\\/#organization\"},\"potentialAction\":[{\"@type\":\"SearchAction\",\"target\":{\"@type\":\"EntryPoint\",\"urlTemplate\":\"https:\\\/\\\/clair.si\\\/?s={search_term_string}\"},\"query-input\":{\"@type\":\"PropertyValueSpecification\",\"valueRequired\":true,\"valueName\":\"search_term_string\"}}],\"inLanguage\":\"hr\"},{\"@type\":\"Organization\",\"@id\":\"https:\\\/\\\/clair.si\\\/#organization\",\"name\":\"Clair\",\"url\":\"https:\\\/\\\/clair.si\\\/\",\"logo\":{\"@type\":\"ImageObject\",\"inLanguage\":\"hr\",\"@id\":\"https:\\\/\\\/clair.si\\\/#\\\/schema\\\/logo\\\/image\\\/\",\"url\":\"https:\\\/\\\/clair.si\\\/wp-content\\\/uploads\\\/2022\\\/11\\\/clair_logo_2022.jpg\",\"contentUrl\":\"https:\\\/\\\/clair.si\\\/wp-content\\\/uploads\\\/2022\\\/11\\\/clair_logo_2022.jpg\",\"width\":1920,\"height\":1920,\"caption\":\"Clair\"},\"image\":{\"@id\":\"https:\\\/\\\/clair.si\\\/#\\\/schema\\\/logo\\\/image\\\/\"},\"sameAs\":[\"https:\\\/\\\/www.facebook.com\\\/TrgovinaClair\\\/\"]}]}<\/script>\n<!-- \/ Yoast SEO plugin. -->","yoast_head_json":{"title":"Kamen za lizanje Likit Granola Stall Ball - Clair","description":"Pomozite smanjiti dosadu i stres uz Likit Granola Stall-Ball. Likit Granola Stall-Ball mo\u017ee trajati od jednog tjedna do jednog mjeseca, ovisno o tome","robots":{"index":"index","follow":"follow","max-snippet":"max-snippet:-1","max-image-preview":"max-image-preview:large","max-video-preview":"max-video-preview:-1"},"canonical":"https:\/\/clair.si\/hr\/izdelek\/kamen-za-lizanje-likit-granola-stall-ball\/","og_locale":"hr_HR","og_type":"article","og_title":"Kamen za lizanje Likit Granola Stall Ball - Clair","og_description":"Pomozite smanjiti dosadu i stres uz Likit Granola Stall-Ball. Likit Granola Stall-Ball mo\u017ee trajati od jednog tjedna do jednog mjeseca, ovisno o tome","og_url":"https:\/\/clair.si\/hr\/izdelek\/kamen-za-lizanje-likit-granola-stall-ball\/","og_site_name":"Clair","article_publisher":"https:\/\/www.facebook.com\/TrgovinaClair\/","article_modified_time":"2026-02-01T10:22:11+00:00","og_image":[{"width":800,"height":800,"url":"https:\/\/clair.si\/wp-content\/uploads\/2025\/01\/likit_zoga_likit-stall-ball-complementary-feed.avif","type":"image\/jpeg"}],"twitter_card":"summary_large_image","schema":{"@context":"https:\/\/schema.org","@graph":[{"@type":"WebPage","@id":"https:\/\/clair.si\/hr\/izdelek\/kamen-za-lizanje-likit-granola-stall-ball\/","url":"https:\/\/clair.si\/hr\/izdelek\/kamen-za-lizanje-likit-granola-stall-ball\/","name":"Kamen za lizanje Likit Granola Stall Ball - Clair","isPartOf":{"@id":"https:\/\/clair.si\/#website"},"primaryImageOfPage":{"@id":"https:\/\/clair.si\/hr\/izdelek\/kamen-za-lizanje-likit-granola-stall-ball\/#primaryimage"},"image":{"@id":"https:\/\/clair.si\/hr\/izdelek\/kamen-za-lizanje-likit-granola-stall-ball\/#primaryimage"},"thumbnailUrl":"https:\/\/clair.si\/wp-content\/uploads\/2025\/01\/likit_zoga_likit-stall-ball-complementary-feed.avif","datePublished":"2025-01-08T10:14:45+00:00","dateModified":"2026-02-01T10:22:11+00:00","description":"Pomozite smanjiti dosadu i stres uz Likit Granola Stall-Ball. Likit Granola Stall-Ball mo\u017ee trajati od jednog tjedna do jednog mjeseca, ovisno o tome","breadcrumb":{"@id":"https:\/\/clair.si\/hr\/izdelek\/kamen-za-lizanje-likit-granola-stall-ball\/#breadcrumb"},"inLanguage":"hr","potentialAction":[{"@type":"ReadAction","target":["https:\/\/clair.si\/hr\/izdelek\/kamen-za-lizanje-likit-granola-stall-ball\/"]}]},{"@type":"ImageObject","inLanguage":"hr","@id":"https:\/\/clair.si\/hr\/izdelek\/kamen-za-lizanje-likit-granola-stall-ball\/#primaryimage","url":"https:\/\/clair.si\/wp-content\/uploads\/2025\/01\/likit_zoga_likit-stall-ball-complementary-feed.avif","contentUrl":"https:\/\/clair.si\/wp-content\/uploads\/2025\/01\/likit_zoga_likit-stall-ball-complementary-feed.avif","width":800,"height":800},{"@type":"BreadcrumbList","@id":"https:\/\/clair.si\/hr\/izdelek\/kamen-za-lizanje-likit-granola-stall-ball\/#breadcrumb","itemListElement":[{"@type":"ListItem","position":1,"name":"Home","item":"https:\/\/clair.si\/hr\/"},{"@type":"ListItem","position":2,"name":"Trgovina","item":"https:\/\/clair.si\/trgovina\/"},{"@type":"ListItem","position":3,"name":"Kamen za lizanje Likit Granola Stall Ball"}]},{"@type":"WebSite","@id":"https:\/\/clair.si\/#website","url":"https:\/\/clair.si\/","name":"Clair","description":"Trgovina s konjeni\u0161ko opremo","publisher":{"@id":"https:\/\/clair.si\/#organization"},"potentialAction":[{"@type":"SearchAction","target":{"@type":"EntryPoint","urlTemplate":"https:\/\/clair.si\/?s={search_term_string}"},"query-input":{"@type":"PropertyValueSpecification","valueRequired":true,"valueName":"search_term_string"}}],"inLanguage":"hr"},{"@type":"Organization","@id":"https:\/\/clair.si\/#organization","name":"Clair","url":"https:\/\/clair.si\/","logo":{"@type":"ImageObject","inLanguage":"hr","@id":"https:\/\/clair.si\/#\/schema\/logo\/image\/","url":"https:\/\/clair.si\/wp-content\/uploads\/2022\/11\/clair_logo_2022.jpg","contentUrl":"https:\/\/clair.si\/wp-content\/uploads\/2022\/11\/clair_logo_2022.jpg","width":1920,"height":1920,"caption":"Clair"},"image":{"@id":"https:\/\/clair.si\/#\/schema\/logo\/image\/"},"sameAs":["https:\/\/www.facebook.com\/TrgovinaClair\/"]}]}},"_links":{"self":[{"href":"https:\/\/clair.si\/hr\/wp-json\/wp\/v2\/product\/93116","targetHints":{"allow":["GET"]}}],"collection":[{"href":"https:\/\/clair.si\/hr\/wp-json\/wp\/v2\/product"}],"about":[{"href":"https:\/\/clair.si\/hr\/wp-json\/wp\/v2\/types\/product"}],"version-history":[{"count":0,"href":"https:\/\/clair.si\/hr\/wp-json\/wp\/v2\/product\/93116\/revisions"}],"wp:featuredmedia":[{"embeddable":true,"href":"https:\/\/clair.si\/hr\/wp-json\/wp\/v2\/media\/93123"}],"wp:attachment":[{"href":"https:\/\/clair.si\/hr\/wp-json\/wp\/v2\/media?parent=93116"}],"wp:term":[{"taxonomy":"product_brand","embeddable":true,"href":"https:\/\/clair.si\/hr\/wp-json\/wp\/v2\/product_brand?post=93116"},{"taxonomy":"product_cat","embeddable":true,"href":"https:\/\/clair.si\/hr\/wp-json\/wp\/v2\/product_cat?post=93116"},{"taxonomy":"product_tag","embeddable":true,"href":"https:\/\/clair.si\/hr\/wp-json\/wp\/v2\/product_tag?post=93116"}],"curies":[{"name":"wp","href":"https:\/\/api.w.org\/{rel}","templated":true}]}}