{"id":93159,"date":"2025-01-04T09:54:32","date_gmt":"2025-01-04T08:54:32","guid":{"rendered":"https:\/\/clair.si\/izdelek\/equitheme-je-taime-zimske-cizme\/"},"modified":"2026-01-24T14:50:46","modified_gmt":"2026-01-24T13:50:46","slug":"equitheme-je-taime-zimske-cizme","status":"publish","type":"product","link":"https:\/\/clair.si\/hr\/izdelek\/equitheme-je-taime-zimske-cizme\/","title":{"rendered":"EQUITH\u00c8ME Je t&#8217;aime zimske \u010dizme"},"content":{"rendered":"<p>EQUITH\u00c8ME Je t&#8217;aime zimske \u010dizme <span class=\"HwtZe\" lang=\"sl\"><span class=\"jCAhz ChMk0b\"><span class=\"ryNqvb\">s podstavom od umjetnog krzna na vezice.<\/span><\/span><\/span><\/p>\n<ul>\n<li><span class=\"HwtZe\" lang=\"sl\"><span class=\"jCAhz ChMk0b\"><span class=\"ryNqvb\">vodoodbojni i jednostavni za \u010di\u0161\u0107enje<\/span><\/span><\/span><\/li>\n<li><span class=\"HwtZe\" lang=\"sl\"><span class=\"jCAhz ChMk0b\"><span class=\"ryNqvb\">podstava od 100% poliestera za dodatnu udobnost<\/span><\/span><\/span><\/li>\n<li><span class=\"HwtZe\" lang=\"sl\"> <span class=\"jCAhz ChMk0b\"><span class=\"ryNqvb\">p<\/span><\/span><span class=\"jCAhz ChMk0b\"><span class=\"ryNqvb\">otupuno se podudaraju s kolekcijom EQUITH\u00c8ME Je t&#8217;aime<\/span><\/span><\/span><\/li>\n<li><span class=\"HwtZe\" lang=\"sl\"><span class=\"jCAhz ChMk0b\"><span class=\"ryNqvb\">Sastav: umjetno krzno, PU, gumeni potplat, metalni obrub, podstava, 100% poliester.<\/span><\/span><\/span><\/li>\n<\/ul>\n","protected":false},"excerpt":{"rendered":"<p>EQUITH\u00c8ME Je t&#8217;aime zimske \u010dizme s podstavom od umjetnog krzna na vezice. vodoodbojni i jednostavni za \u010di\u0161\u0107enje podstava od 100%<\/p>\n","protected":false},"featured_media":93174,"template":"","meta":{"footnotes":""},"product_brand":[],"product_cat":[5659,5656,5915,5916,5836,5654,5657,5744,5655,5658],"product_tag":[],"class_list":{"0":"post-93159","1":"product","2":"type-product","3":"status-publish","4":"has-post-thumbnail","6":"product_cat-cipele-za-jahanje","7":"product_cat-cizme-za-jahanje","8":"product_cat-equitheme-hr","9":"product_cat-equitheme-je-taime-hr","10":"product_cat-gleznjace","11":"product_cat-jahac-hr","12":"product_cat-kategorije-hr","13":"product_cat-kolekcije-hr","14":"product_cat-obuca","15":"product_cat-pocetci-jahanja","17":"first","18":"instock","19":"sale","20":"shipping-taxable","21":"purchasable","22":"product-type-variable"},"yoast_head":"<!-- This site is optimized with the Yoast SEO plugin v27.3 - https:\/\/yoast.com\/product\/yoast-seo-wordpress\/ -->\n<title>EQUITH\u00c8ME Je t&#039;aime zimske \u010dizme - Clair<\/title>\n<meta name=\"description\" content=\"EQUITH\u00c8ME Je t&#039;aime zimske \u010dizme s podstavom od umjetnog krzna na vezice. vodoodbojni i jednostavni za \u010di\u0161\u0107enje podstava od 100% poliestera za dodatnu\" \/>\n<meta name=\"robots\" content=\"index, follow, max-snippet:-1, max-image-preview:large, max-video-preview:-1\" \/>\n<link rel=\"canonical\" href=\"https:\/\/clair.si\/izdelek\/equitheme-je-taime-zimski-skornji\/\" \/>\n<meta property=\"og:locale\" content=\"hr_HR\" \/>\n<meta property=\"og:type\" content=\"article\" \/>\n<meta property=\"og:title\" content=\"EQUITH\u00c8ME Je t&#039;aime zimske \u010dizme - Clair\" \/>\n<meta property=\"og:description\" content=\"EQUITH\u00c8ME Je t&#039;aime zimske \u010dizme s podstavom od umjetnog krzna na vezice. vodoodbojni i jednostavni za \u010di\u0161\u0107enje podstava od 100% poliestera za dodatnu\" \/>\n<meta property=\"og:url\" content=\"https:\/\/clair.si\/izdelek\/equitheme-je-taime-zimski-skornji\/\" \/>\n<meta property=\"og:site_name\" content=\"Clair\" \/>\n<meta property=\"article:publisher\" content=\"https:\/\/www.facebook.com\/TrgovinaClair\/\" \/>\n<meta property=\"article:modified_time\" content=\"2026-01-24T13:50:46+00:00\" \/>\n<meta property=\"og:image\" content=\"https:\/\/clair.si\/wp-content\/uploads\/2025\/01\/equitheme-je-t-aime-zimski-skornji-jahalni-clair-8.avif\" \/>\n\t<meta property=\"og:image:width\" content=\"800\" \/>\n\t<meta property=\"og:image:height\" content=\"800\" \/>\n\t<meta property=\"og:image:type\" content=\"image\/jpeg\" \/>\n<meta name=\"twitter:card\" content=\"summary_large_image\" \/>\n<meta name=\"twitter:label1\" content=\"Procijenjeno vrijeme \u010ditanja\" \/>\n\t<meta name=\"twitter:data1\" content=\"1 minuta\" \/>\n<script type=\"application\/ld+json\" class=\"yoast-schema-graph\">{\"@context\":\"https:\\\/\\\/schema.org\",\"@graph\":[{\"@type\":\"WebPage\",\"@id\":\"https:\\\/\\\/clair.si\\\/izdelek\\\/equitheme-je-taime-zimski-skornji\\\/\",\"url\":\"https:\\\/\\\/clair.si\\\/izdelek\\\/equitheme-je-taime-zimski-skornji\\\/\",\"name\":\"EQUITH\u00c8ME Je t'aime zimske \u010dizme - Clair\",\"isPartOf\":{\"@id\":\"https:\\\/\\\/clair.si\\\/#website\"},\"primaryImageOfPage\":{\"@id\":\"https:\\\/\\\/clair.si\\\/izdelek\\\/equitheme-je-taime-zimski-skornji\\\/#primaryimage\"},\"image\":{\"@id\":\"https:\\\/\\\/clair.si\\\/izdelek\\\/equitheme-je-taime-zimski-skornji\\\/#primaryimage\"},\"thumbnailUrl\":\"https:\\\/\\\/clair.si\\\/wp-content\\\/uploads\\\/2025\\\/01\\\/equitheme-je-t-aime-zimski-skornji-jahalni-clair-8.avif\",\"datePublished\":\"2025-01-04T08:54:32+00:00\",\"dateModified\":\"2026-01-24T13:50:46+00:00\",\"description\":\"EQUITH\u00c8ME Je t'aime zimske \u010dizme s podstavom od umjetnog krzna na vezice. vodoodbojni i jednostavni za \u010di\u0161\u0107enje podstava od 100% poliestera za dodatnu\",\"breadcrumb\":{\"@id\":\"https:\\\/\\\/clair.si\\\/izdelek\\\/equitheme-je-taime-zimski-skornji\\\/#breadcrumb\"},\"inLanguage\":\"hr\",\"potentialAction\":[{\"@type\":\"ReadAction\",\"target\":[\"https:\\\/\\\/clair.si\\\/izdelek\\\/equitheme-je-taime-zimski-skornji\\\/\"]}]},{\"@type\":\"ImageObject\",\"inLanguage\":\"hr\",\"@id\":\"https:\\\/\\\/clair.si\\\/izdelek\\\/equitheme-je-taime-zimski-skornji\\\/#primaryimage\",\"url\":\"https:\\\/\\\/clair.si\\\/wp-content\\\/uploads\\\/2025\\\/01\\\/equitheme-je-t-aime-zimski-skornji-jahalni-clair-8.avif\",\"contentUrl\":\"https:\\\/\\\/clair.si\\\/wp-content\\\/uploads\\\/2025\\\/01\\\/equitheme-je-t-aime-zimski-skornji-jahalni-clair-8.avif\",\"width\":800,\"height\":800},{\"@type\":\"BreadcrumbList\",\"@id\":\"https:\\\/\\\/clair.si\\\/izdelek\\\/equitheme-je-taime-zimski-skornji\\\/#breadcrumb\",\"itemListElement\":[{\"@type\":\"ListItem\",\"position\":1,\"name\":\"Home\",\"item\":\"https:\\\/\\\/clair.si\\\/hr\\\/\"},{\"@type\":\"ListItem\",\"position\":2,\"name\":\"Trgovina\",\"item\":\"https:\\\/\\\/clair.si\\\/trgovina\\\/\"},{\"@type\":\"ListItem\",\"position\":3,\"name\":\"EQUITH\u00c8ME Je t&#8217;aime zimske \u010dizme\"}]},{\"@type\":\"WebSite\",\"@id\":\"https:\\\/\\\/clair.si\\\/#website\",\"url\":\"https:\\\/\\\/clair.si\\\/\",\"name\":\"Clair\",\"description\":\"Trgovina s konjeni\u0161ko opremo\",\"publisher\":{\"@id\":\"https:\\\/\\\/clair.si\\\/#organization\"},\"potentialAction\":[{\"@type\":\"SearchAction\",\"target\":{\"@type\":\"EntryPoint\",\"urlTemplate\":\"https:\\\/\\\/clair.si\\\/?s={search_term_string}\"},\"query-input\":{\"@type\":\"PropertyValueSpecification\",\"valueRequired\":true,\"valueName\":\"search_term_string\"}}],\"inLanguage\":\"hr\"},{\"@type\":\"Organization\",\"@id\":\"https:\\\/\\\/clair.si\\\/#organization\",\"name\":\"Clair\",\"url\":\"https:\\\/\\\/clair.si\\\/\",\"logo\":{\"@type\":\"ImageObject\",\"inLanguage\":\"hr\",\"@id\":\"https:\\\/\\\/clair.si\\\/#\\\/schema\\\/logo\\\/image\\\/\",\"url\":\"https:\\\/\\\/clair.si\\\/wp-content\\\/uploads\\\/2022\\\/11\\\/clair_logo_2022.jpg\",\"contentUrl\":\"https:\\\/\\\/clair.si\\\/wp-content\\\/uploads\\\/2022\\\/11\\\/clair_logo_2022.jpg\",\"width\":1920,\"height\":1920,\"caption\":\"Clair\"},\"image\":{\"@id\":\"https:\\\/\\\/clair.si\\\/#\\\/schema\\\/logo\\\/image\\\/\"},\"sameAs\":[\"https:\\\/\\\/www.facebook.com\\\/TrgovinaClair\\\/\"]}]}<\/script>\n<!-- \/ Yoast SEO plugin. -->","yoast_head_json":{"title":"EQUITH\u00c8ME Je t'aime zimske \u010dizme - Clair","description":"EQUITH\u00c8ME Je t'aime zimske \u010dizme s podstavom od umjetnog krzna na vezice. vodoodbojni i jednostavni za \u010di\u0161\u0107enje podstava od 100% poliestera za dodatnu","robots":{"index":"index","follow":"follow","max-snippet":"max-snippet:-1","max-image-preview":"max-image-preview:large","max-video-preview":"max-video-preview:-1"},"canonical":"https:\/\/clair.si\/izdelek\/equitheme-je-taime-zimski-skornji\/","og_locale":"hr_HR","og_type":"article","og_title":"EQUITH\u00c8ME Je t'aime zimske \u010dizme - Clair","og_description":"EQUITH\u00c8ME Je t'aime zimske \u010dizme s podstavom od umjetnog krzna na vezice. vodoodbojni i jednostavni za \u010di\u0161\u0107enje podstava od 100% poliestera za dodatnu","og_url":"https:\/\/clair.si\/izdelek\/equitheme-je-taime-zimski-skornji\/","og_site_name":"Clair","article_publisher":"https:\/\/www.facebook.com\/TrgovinaClair\/","article_modified_time":"2026-01-24T13:50:46+00:00","og_image":[{"width":800,"height":800,"url":"https:\/\/clair.si\/wp-content\/uploads\/2025\/01\/equitheme-je-t-aime-zimski-skornji-jahalni-clair-8.avif","type":"image\/jpeg"}],"twitter_card":"summary_large_image","twitter_misc":{"Procijenjeno vrijeme \u010ditanja":"1 minuta"},"schema":{"@context":"https:\/\/schema.org","@graph":[{"@type":"WebPage","@id":"https:\/\/clair.si\/izdelek\/equitheme-je-taime-zimski-skornji\/","url":"https:\/\/clair.si\/izdelek\/equitheme-je-taime-zimski-skornji\/","name":"EQUITH\u00c8ME Je t'aime zimske \u010dizme - Clair","isPartOf":{"@id":"https:\/\/clair.si\/#website"},"primaryImageOfPage":{"@id":"https:\/\/clair.si\/izdelek\/equitheme-je-taime-zimski-skornji\/#primaryimage"},"image":{"@id":"https:\/\/clair.si\/izdelek\/equitheme-je-taime-zimski-skornji\/#primaryimage"},"thumbnailUrl":"https:\/\/clair.si\/wp-content\/uploads\/2025\/01\/equitheme-je-t-aime-zimski-skornji-jahalni-clair-8.avif","datePublished":"2025-01-04T08:54:32+00:00","dateModified":"2026-01-24T13:50:46+00:00","description":"EQUITH\u00c8ME Je t'aime zimske \u010dizme s podstavom od umjetnog krzna na vezice. vodoodbojni i jednostavni za \u010di\u0161\u0107enje podstava od 100% poliestera za dodatnu","breadcrumb":{"@id":"https:\/\/clair.si\/izdelek\/equitheme-je-taime-zimski-skornji\/#breadcrumb"},"inLanguage":"hr","potentialAction":[{"@type":"ReadAction","target":["https:\/\/clair.si\/izdelek\/equitheme-je-taime-zimski-skornji\/"]}]},{"@type":"ImageObject","inLanguage":"hr","@id":"https:\/\/clair.si\/izdelek\/equitheme-je-taime-zimski-skornji\/#primaryimage","url":"https:\/\/clair.si\/wp-content\/uploads\/2025\/01\/equitheme-je-t-aime-zimski-skornji-jahalni-clair-8.avif","contentUrl":"https:\/\/clair.si\/wp-content\/uploads\/2025\/01\/equitheme-je-t-aime-zimski-skornji-jahalni-clair-8.avif","width":800,"height":800},{"@type":"BreadcrumbList","@id":"https:\/\/clair.si\/izdelek\/equitheme-je-taime-zimski-skornji\/#breadcrumb","itemListElement":[{"@type":"ListItem","position":1,"name":"Home","item":"https:\/\/clair.si\/hr\/"},{"@type":"ListItem","position":2,"name":"Trgovina","item":"https:\/\/clair.si\/trgovina\/"},{"@type":"ListItem","position":3,"name":"EQUITH\u00c8ME Je t&#8217;aime zimske \u010dizme"}]},{"@type":"WebSite","@id":"https:\/\/clair.si\/#website","url":"https:\/\/clair.si\/","name":"Clair","description":"Trgovina s konjeni\u0161ko opremo","publisher":{"@id":"https:\/\/clair.si\/#organization"},"potentialAction":[{"@type":"SearchAction","target":{"@type":"EntryPoint","urlTemplate":"https:\/\/clair.si\/?s={search_term_string}"},"query-input":{"@type":"PropertyValueSpecification","valueRequired":true,"valueName":"search_term_string"}}],"inLanguage":"hr"},{"@type":"Organization","@id":"https:\/\/clair.si\/#organization","name":"Clair","url":"https:\/\/clair.si\/","logo":{"@type":"ImageObject","inLanguage":"hr","@id":"https:\/\/clair.si\/#\/schema\/logo\/image\/","url":"https:\/\/clair.si\/wp-content\/uploads\/2022\/11\/clair_logo_2022.jpg","contentUrl":"https:\/\/clair.si\/wp-content\/uploads\/2022\/11\/clair_logo_2022.jpg","width":1920,"height":1920,"caption":"Clair"},"image":{"@id":"https:\/\/clair.si\/#\/schema\/logo\/image\/"},"sameAs":["https:\/\/www.facebook.com\/TrgovinaClair\/"]}]}},"_links":{"self":[{"href":"https:\/\/clair.si\/hr\/wp-json\/wp\/v2\/product\/93159","targetHints":{"allow":["GET"]}}],"collection":[{"href":"https:\/\/clair.si\/hr\/wp-json\/wp\/v2\/product"}],"about":[{"href":"https:\/\/clair.si\/hr\/wp-json\/wp\/v2\/types\/product"}],"version-history":[{"count":1,"href":"https:\/\/clair.si\/hr\/wp-json\/wp\/v2\/product\/93159\/revisions"}],"predecessor-version":[{"id":126495,"href":"https:\/\/clair.si\/hr\/wp-json\/wp\/v2\/product\/93159\/revisions\/126495"}],"wp:featuredmedia":[{"embeddable":true,"href":"https:\/\/clair.si\/hr\/wp-json\/wp\/v2\/media\/93174"}],"wp:attachment":[{"href":"https:\/\/clair.si\/hr\/wp-json\/wp\/v2\/media?parent=93159"}],"wp:term":[{"taxonomy":"product_brand","embeddable":true,"href":"https:\/\/clair.si\/hr\/wp-json\/wp\/v2\/product_brand?post=93159"},{"taxonomy":"product_cat","embeddable":true,"href":"https:\/\/clair.si\/hr\/wp-json\/wp\/v2\/product_cat?post=93159"},{"taxonomy":"product_tag","embeddable":true,"href":"https:\/\/clair.si\/hr\/wp-json\/wp\/v2\/product_tag?post=93159"}],"curies":[{"name":"wp","href":"https:\/\/api.w.org\/{rel}","templated":true}]}}