{"id":93181,"date":"2024-12-27T15:10:07","date_gmt":"2024-12-27T14:10:07","guid":{"rendered":"https:\/\/clair.si\/izdelek\/konopljine-poslastice-nova-era\/"},"modified":"2026-04-11T10:34:53","modified_gmt":"2026-04-11T08:34:53","slug":"konopljine-poslastice-nova-era","status":"publish","type":"product","link":"https:\/\/clair.si\/hr\/izdelek\/konopljine-poslastice-nova-era\/","title":{"rendered":"Konopljine poslastice Nova Era"},"content":{"rendered":"<p><strong>Konopljine poslastice Nova Era 1kg \u2013 Idealan izbor poslastica za va\u0161eg konja!<\/strong><\/p>\n<p>Konopljine poslastice su potpuno prirodne i bez dodanih umjetnih sastojaka, stoga su idealan izbor za sve koji \u017eelite svom konju ponuditi najbolje. Bogate su prirodnim hranjivim tvarima iz<strong> konoplje<\/strong>, kao \u0161to su omega-3 i omega-6 masne kiseline, vlakna, bjelan\u010devine te klju\u010dni vitamini i minerali. Omega-3 i omega-6 masne kiseline su u pravom omjeru 3:1. Zbog jedinstvene hranjive vrijednosti konoplja podr\u017eava <strong>zdravu probavu<\/strong>, pobolj\u0161ava <strong>stanje dlake<\/strong> i <strong>ko\u017ee<\/strong> te pridonosi cjelokupnom blagostanju va\u0161eg konja.<\/p>\n<p>Ove poslastice su posebno prikladne za konje<strong> laminiti\u010dare<\/strong>, jer ne sadr\u017ee \u0161tetne \u0161e\u0107ere ili \u0161krob koji bi mogli opteretiti njihovu osjetljivu presnovu. Prirodni antioksidansi i protuupalna svojstva konoplje poma\u017eu pri smanjivanju upala i podr\u017eavaju op\u0107e zdravlje zglobova.<\/p>\n<p>Sadr\u017ee 23 aminokiseline, me\u0111u kojima je i svih 8 esencijalnih. U njima nalazimo i alfa-linolensku kiselinu i linolensku kiselinu, koje djeluju kao antioksidansi.<\/p>\n<p><strong>Za\u0161to izabrati konopljine poslastice?<\/strong><\/p>\n<ul>\n<li>100 % prirodne i bez dodataka.<\/li>\n<li>Sadr\u017ee esencijalne omega-3 i omega-6 masne kiseline.<\/li>\n<li>Podr\u017eavaju zdravu probavu i sjajnu dlaku.<\/li>\n<li>Pozitivno utje\u010du na imunolo\u0161ki sustav, rad srca i krvo\u017eilnog sustava te mi\u0161i\u0107e.<\/li>\n<li>Idealne za konje s osjetljivom presnovom, tako\u0111er laminiti\u010dare.<\/li>\n<li>Prakti\u010dan oblik u peletama za jednostavno hranjenje.<\/li>\n<\/ul>\n<p>Nahranite svojeg konja zdravljem iz prirode \u2013 <strong>konopljine poslastice<\/strong> su pravi izbor za vitalnost i dobrobit va\u0161eg konji\u0107a!<\/p>\n<p><strong>P<span class=\"OYPEnA font-feature-liga-off font-feature-clig-off font-feature-calt-off text-decoration-none text-strikethrough-none\">REPORUKA ZA HRANJENJE: <\/span><\/strong><span class=\"OYPEnA font-feature-liga-off font-feature-clig-off font-feature-calt-off text-decoration-none text-strikethrough-none\">dnevno 20 g peleta \/ 100 kg te\u017eine konja<\/span> <span class=\"OYPEnA font-feature-liga-off font-feature-clig-off font-feature-calt-off text-decoration-none text-strikethrough-none\">(100 g peleta \/ 500 kg konja)<\/span><\/p>\n<p><strong>Podrijetlo<\/strong>: EU<\/p>\n<p><strong>Sastav<\/strong>: konopljine mekinje &#8211; pelete<\/p>\n","protected":false},"excerpt":{"rendered":"<ul>\n<li>zdrave poslastice &#8211; bez \u0161e\u0107era i \u017eitarica<\/li>\n<li>idealni omjer omega 3 &amp; 6<\/li>\n<li>izra\u0111ene od konopljine poga\u010de (nusprodukt pre\u0161anja ulja)<\/li>\n<\/ul>\n","protected":false},"featured_media":93183,"template":"","meta":{"footnotes":""},"product_brand":[],"product_cat":[5782,5710,5712],"product_tag":[],"class_list":{"0":"post-93181","1":"product","2":"type-product","3":"status-publish","4":"has-post-thumbnail","6":"product_cat-kolacici-i-kamenje-soli","7":"product_cat-hrana-za-konje-hr","8":"product_cat-prehrambeni-dodaci","10":"first","11":"outofstock","12":"shipping-taxable","13":"purchasable","14":"product-type-simple"},"yoast_head":"<!-- This site is optimized with the Yoast SEO plugin v27.3 - https:\/\/yoast.com\/product\/yoast-seo-wordpress\/ -->\n<title>Konopljine poslastice Nova Era - Clair<\/title>\n<meta name=\"description\" content=\"zdrave poslastice - bez \u0161e\u0107era i \u017eitarica  idealni omjer omega 3 &amp; 6  izra\u0111ene od konopljine poga\u010de (nusprodukt pre\u0161anja ulja)\" \/>\n<meta name=\"robots\" content=\"index, follow, max-snippet:-1, max-image-preview:large, max-video-preview:-1\" \/>\n<link rel=\"canonical\" href=\"https:\/\/clair.si\/izdelek\/konopljini-priboljski-nova-era\/\" \/>\n<meta property=\"og:locale\" content=\"hr_HR\" \/>\n<meta property=\"og:type\" content=\"article\" \/>\n<meta property=\"og:title\" content=\"Konopljine poslastice Nova Era - Clair\" \/>\n<meta property=\"og:description\" content=\"zdrave poslastice - bez \u0161e\u0107era i \u017eitarica  idealni omjer omega 3 &amp; 6  izra\u0111ene od konopljine poga\u010de (nusprodukt pre\u0161anja ulja)\" \/>\n<meta property=\"og:url\" content=\"https:\/\/clair.si\/izdelek\/konopljini-priboljski-nova-era\/\" \/>\n<meta property=\"og:site_name\" content=\"Clair\" \/>\n<meta property=\"article:publisher\" content=\"https:\/\/www.facebook.com\/TrgovinaClair\/\" \/>\n<meta property=\"article:modified_time\" content=\"2026-04-11T08:34:53+00:00\" \/>\n<meta property=\"og:image\" content=\"https:\/\/clair.si\/wp-content\/uploads\/2024\/12\/Konopljini-otrobi-prva-stran-1.avif\" \/>\n\t<meta property=\"og:image:width\" content=\"1536\" \/>\n\t<meta property=\"og:image:height\" content=\"2048\" \/>\n\t<meta property=\"og:image:type\" content=\"image\/jpeg\" \/>\n<meta name=\"twitter:card\" content=\"summary_large_image\" \/>\n<meta name=\"twitter:label1\" content=\"Procijenjeno vrijeme \u010ditanja\" \/>\n\t<meta name=\"twitter:data1\" content=\"2 minute\" \/>\n<script type=\"application\/ld+json\" class=\"yoast-schema-graph\">{\"@context\":\"https:\\\/\\\/schema.org\",\"@graph\":[{\"@type\":\"WebPage\",\"@id\":\"https:\\\/\\\/clair.si\\\/izdelek\\\/konopljini-priboljski-nova-era\\\/\",\"url\":\"https:\\\/\\\/clair.si\\\/izdelek\\\/konopljini-priboljski-nova-era\\\/\",\"name\":\"Konopljine poslastice Nova Era - Clair\",\"isPartOf\":{\"@id\":\"https:\\\/\\\/clair.si\\\/#website\"},\"primaryImageOfPage\":{\"@id\":\"https:\\\/\\\/clair.si\\\/izdelek\\\/konopljini-priboljski-nova-era\\\/#primaryimage\"},\"image\":{\"@id\":\"https:\\\/\\\/clair.si\\\/izdelek\\\/konopljini-priboljski-nova-era\\\/#primaryimage\"},\"thumbnailUrl\":\"https:\\\/\\\/clair.si\\\/wp-content\\\/uploads\\\/2024\\\/12\\\/Konopljini-otrobi-prva-stran-1.avif\",\"datePublished\":\"2024-12-27T14:10:07+00:00\",\"dateModified\":\"2026-04-11T08:34:53+00:00\",\"description\":\"zdrave poslastice - bez \u0161e\u0107era i \u017eitarica idealni omjer omega 3 &amp; 6 izra\u0111ene od konopljine poga\u010de (nusprodukt pre\u0161anja ulja)\",\"breadcrumb\":{\"@id\":\"https:\\\/\\\/clair.si\\\/izdelek\\\/konopljini-priboljski-nova-era\\\/#breadcrumb\"},\"inLanguage\":\"hr\",\"potentialAction\":[{\"@type\":\"ReadAction\",\"target\":[\"https:\\\/\\\/clair.si\\\/izdelek\\\/konopljini-priboljski-nova-era\\\/\"]}]},{\"@type\":\"ImageObject\",\"inLanguage\":\"hr\",\"@id\":\"https:\\\/\\\/clair.si\\\/izdelek\\\/konopljini-priboljski-nova-era\\\/#primaryimage\",\"url\":\"https:\\\/\\\/clair.si\\\/wp-content\\\/uploads\\\/2024\\\/12\\\/Konopljini-otrobi-prva-stran-1.avif\",\"contentUrl\":\"https:\\\/\\\/clair.si\\\/wp-content\\\/uploads\\\/2024\\\/12\\\/Konopljini-otrobi-prva-stran-1.avif\",\"width\":1536,\"height\":2048},{\"@type\":\"BreadcrumbList\",\"@id\":\"https:\\\/\\\/clair.si\\\/izdelek\\\/konopljini-priboljski-nova-era\\\/#breadcrumb\",\"itemListElement\":[{\"@type\":\"ListItem\",\"position\":1,\"name\":\"Home\",\"item\":\"https:\\\/\\\/clair.si\\\/hr\\\/\"},{\"@type\":\"ListItem\",\"position\":2,\"name\":\"Trgovina\",\"item\":\"https:\\\/\\\/clair.si\\\/trgovina\\\/\"},{\"@type\":\"ListItem\",\"position\":3,\"name\":\"Konopljine poslastice Nova Era\"}]},{\"@type\":\"WebSite\",\"@id\":\"https:\\\/\\\/clair.si\\\/#website\",\"url\":\"https:\\\/\\\/clair.si\\\/\",\"name\":\"Clair\",\"description\":\"Trgovina s konjeni\u0161ko opremo\",\"publisher\":{\"@id\":\"https:\\\/\\\/clair.si\\\/#organization\"},\"potentialAction\":[{\"@type\":\"SearchAction\",\"target\":{\"@type\":\"EntryPoint\",\"urlTemplate\":\"https:\\\/\\\/clair.si\\\/?s={search_term_string}\"},\"query-input\":{\"@type\":\"PropertyValueSpecification\",\"valueRequired\":true,\"valueName\":\"search_term_string\"}}],\"inLanguage\":\"hr\"},{\"@type\":\"Organization\",\"@id\":\"https:\\\/\\\/clair.si\\\/#organization\",\"name\":\"Clair\",\"url\":\"https:\\\/\\\/clair.si\\\/\",\"logo\":{\"@type\":\"ImageObject\",\"inLanguage\":\"hr\",\"@id\":\"https:\\\/\\\/clair.si\\\/#\\\/schema\\\/logo\\\/image\\\/\",\"url\":\"https:\\\/\\\/clair.si\\\/wp-content\\\/uploads\\\/2022\\\/11\\\/clair_logo_2022.jpg\",\"contentUrl\":\"https:\\\/\\\/clair.si\\\/wp-content\\\/uploads\\\/2022\\\/11\\\/clair_logo_2022.jpg\",\"width\":1920,\"height\":1920,\"caption\":\"Clair\"},\"image\":{\"@id\":\"https:\\\/\\\/clair.si\\\/#\\\/schema\\\/logo\\\/image\\\/\"},\"sameAs\":[\"https:\\\/\\\/www.facebook.com\\\/TrgovinaClair\\\/\"]}]}<\/script>\n<!-- \/ Yoast SEO plugin. -->","yoast_head_json":{"title":"Konopljine poslastice Nova Era - Clair","description":"zdrave poslastice - bez \u0161e\u0107era i \u017eitarica  idealni omjer omega 3 &amp; 6  izra\u0111ene od konopljine poga\u010de (nusprodukt pre\u0161anja ulja)","robots":{"index":"index","follow":"follow","max-snippet":"max-snippet:-1","max-image-preview":"max-image-preview:large","max-video-preview":"max-video-preview:-1"},"canonical":"https:\/\/clair.si\/izdelek\/konopljini-priboljski-nova-era\/","og_locale":"hr_HR","og_type":"article","og_title":"Konopljine poslastice Nova Era - Clair","og_description":"zdrave poslastice - bez \u0161e\u0107era i \u017eitarica  idealni omjer omega 3 &amp; 6  izra\u0111ene od konopljine poga\u010de (nusprodukt pre\u0161anja ulja)","og_url":"https:\/\/clair.si\/izdelek\/konopljini-priboljski-nova-era\/","og_site_name":"Clair","article_publisher":"https:\/\/www.facebook.com\/TrgovinaClair\/","article_modified_time":"2026-04-11T08:34:53+00:00","og_image":[{"width":1536,"height":2048,"url":"https:\/\/clair.si\/wp-content\/uploads\/2024\/12\/Konopljini-otrobi-prva-stran-1.avif","type":"image\/jpeg"}],"twitter_card":"summary_large_image","twitter_misc":{"Procijenjeno vrijeme \u010ditanja":"2 minute"},"schema":{"@context":"https:\/\/schema.org","@graph":[{"@type":"WebPage","@id":"https:\/\/clair.si\/izdelek\/konopljini-priboljski-nova-era\/","url":"https:\/\/clair.si\/izdelek\/konopljini-priboljski-nova-era\/","name":"Konopljine poslastice Nova Era - Clair","isPartOf":{"@id":"https:\/\/clair.si\/#website"},"primaryImageOfPage":{"@id":"https:\/\/clair.si\/izdelek\/konopljini-priboljski-nova-era\/#primaryimage"},"image":{"@id":"https:\/\/clair.si\/izdelek\/konopljini-priboljski-nova-era\/#primaryimage"},"thumbnailUrl":"https:\/\/clair.si\/wp-content\/uploads\/2024\/12\/Konopljini-otrobi-prva-stran-1.avif","datePublished":"2024-12-27T14:10:07+00:00","dateModified":"2026-04-11T08:34:53+00:00","description":"zdrave poslastice - bez \u0161e\u0107era i \u017eitarica idealni omjer omega 3 &amp; 6 izra\u0111ene od konopljine poga\u010de (nusprodukt pre\u0161anja ulja)","breadcrumb":{"@id":"https:\/\/clair.si\/izdelek\/konopljini-priboljski-nova-era\/#breadcrumb"},"inLanguage":"hr","potentialAction":[{"@type":"ReadAction","target":["https:\/\/clair.si\/izdelek\/konopljini-priboljski-nova-era\/"]}]},{"@type":"ImageObject","inLanguage":"hr","@id":"https:\/\/clair.si\/izdelek\/konopljini-priboljski-nova-era\/#primaryimage","url":"https:\/\/clair.si\/wp-content\/uploads\/2024\/12\/Konopljini-otrobi-prva-stran-1.avif","contentUrl":"https:\/\/clair.si\/wp-content\/uploads\/2024\/12\/Konopljini-otrobi-prva-stran-1.avif","width":1536,"height":2048},{"@type":"BreadcrumbList","@id":"https:\/\/clair.si\/izdelek\/konopljini-priboljski-nova-era\/#breadcrumb","itemListElement":[{"@type":"ListItem","position":1,"name":"Home","item":"https:\/\/clair.si\/hr\/"},{"@type":"ListItem","position":2,"name":"Trgovina","item":"https:\/\/clair.si\/trgovina\/"},{"@type":"ListItem","position":3,"name":"Konopljine poslastice Nova Era"}]},{"@type":"WebSite","@id":"https:\/\/clair.si\/#website","url":"https:\/\/clair.si\/","name":"Clair","description":"Trgovina s konjeni\u0161ko opremo","publisher":{"@id":"https:\/\/clair.si\/#organization"},"potentialAction":[{"@type":"SearchAction","target":{"@type":"EntryPoint","urlTemplate":"https:\/\/clair.si\/?s={search_term_string}"},"query-input":{"@type":"PropertyValueSpecification","valueRequired":true,"valueName":"search_term_string"}}],"inLanguage":"hr"},{"@type":"Organization","@id":"https:\/\/clair.si\/#organization","name":"Clair","url":"https:\/\/clair.si\/","logo":{"@type":"ImageObject","inLanguage":"hr","@id":"https:\/\/clair.si\/#\/schema\/logo\/image\/","url":"https:\/\/clair.si\/wp-content\/uploads\/2022\/11\/clair_logo_2022.jpg","contentUrl":"https:\/\/clair.si\/wp-content\/uploads\/2022\/11\/clair_logo_2022.jpg","width":1920,"height":1920,"caption":"Clair"},"image":{"@id":"https:\/\/clair.si\/#\/schema\/logo\/image\/"},"sameAs":["https:\/\/www.facebook.com\/TrgovinaClair\/"]}]}},"_links":{"self":[{"href":"https:\/\/clair.si\/hr\/wp-json\/wp\/v2\/product\/93181","targetHints":{"allow":["GET"]}}],"collection":[{"href":"https:\/\/clair.si\/hr\/wp-json\/wp\/v2\/product"}],"about":[{"href":"https:\/\/clair.si\/hr\/wp-json\/wp\/v2\/types\/product"}],"version-history":[{"count":2,"href":"https:\/\/clair.si\/hr\/wp-json\/wp\/v2\/product\/93181\/revisions"}],"predecessor-version":[{"id":126493,"href":"https:\/\/clair.si\/hr\/wp-json\/wp\/v2\/product\/93181\/revisions\/126493"}],"wp:featuredmedia":[{"embeddable":true,"href":"https:\/\/clair.si\/hr\/wp-json\/wp\/v2\/media\/93183"}],"wp:attachment":[{"href":"https:\/\/clair.si\/hr\/wp-json\/wp\/v2\/media?parent=93181"}],"wp:term":[{"taxonomy":"product_brand","embeddable":true,"href":"https:\/\/clair.si\/hr\/wp-json\/wp\/v2\/product_brand?post=93181"},{"taxonomy":"product_cat","embeddable":true,"href":"https:\/\/clair.si\/hr\/wp-json\/wp\/v2\/product_cat?post=93181"},{"taxonomy":"product_tag","embeddable":true,"href":"https:\/\/clair.si\/hr\/wp-json\/wp\/v2\/product_tag?post=93181"}],"curies":[{"name":"wp","href":"https:\/\/api.w.org\/{rel}","templated":true}]}}