{"id":93207,"date":"2025-03-12T10:16:02","date_gmt":"2025-03-12T09:16:02","guid":{"rendered":"https:\/\/clair.si\/izdelek\/vode-norton-rock\/"},"modified":"2025-09-28T19:59:49","modified_gmt":"2025-09-28T17:59:49","slug":"dizgini-norton-rock","status":"publish","type":"product","link":"https:\/\/clair.si\/hr\/izdelek\/dizgini-norton-rock\/","title":{"rendered":"Dizgini Norton Rock"},"content":{"rendered":"<p data-start=\"0\" data-end=\"253\"><strong data-start=\"0\" data-end=\"22\">Dizgini Norton Rock<\/strong> su kvalitetne gumirane vode\u0107e, dizajnirane za pru\u017eanje pouzdanog prianjanja i optimalne kontrole tijekom jahanja. Izra\u0111ene su od izdr\u017eljivih materijala koji osiguravaju dugi vijek trajanja i udobnost kako za jaha\u010da, tako i za konja. <\/p>\n<p data-start=\"255\" data-end=\"277\"><strong data-start=\"255\" data-end=\"277\">Klju\u010dne zna\u010dajke:<\/strong><\/p>\n<ul data-start=\"279\" data-end=\"625\">\n<li data-start=\"279\" data-end=\"412\">\n<p data-start=\"281\" data-end=\"412\"><strong data-start=\"281\" data-end=\"303\">Gumirana povr\u0161ina:<\/strong> Vode\u0107e su presvu\u010dene gumom, \u0161to omogu\u0107uje bolji oprijem i sprje\u010dava klizanje, posebice u vla\u017enim uvjetima.<\/p>\n<\/li>\n<li data-start=\"414\" data-end=\"525\">\n<p data-start=\"416\" data-end=\"525\"><strong data-start=\"416\" data-end=\"433\">Izdr\u017eljivost:<\/strong> Kori\u0161teni materijali jam\u010de otpornost na habanje i dugi vijek trajanja vode\u0107ih.<\/p>\n<\/li>\n<li data-start=\"527\" data-end=\"625\">\n<p data-start=\"529\" data-end=\"625\"><strong data-start=\"529\" data-end=\"547\">Univerzalnost:<\/strong> Prikladne su za razli\u010dite discipline jahanja, od rekreativnog do natjecateljskog.<\/p>\n<\/li>\n<li data-start=\"527\" data-end=\"625\"><strong>Kristal\u010di\u0107i<\/strong>: Ono \u0161to ove vode\u0107e \u010dini posebnima &#8211; vrsta kristal\u010di\u0107a na vanjskoj strani.<\/li>\n<\/ul>\n<p data-start=\"1002\" data-end=\"1018\"><strong data-start=\"1002\" data-end=\"1018\">Odr\u017eavanje:<\/strong><\/p>\n<ul data-start=\"1020\" data-end=\"1242\">\n<li data-start=\"1020\" data-end=\"1120\">\n<p data-start=\"1022\" data-end=\"1120\">Redovito provjeravajte stanje vode\u0107ih i po potrebi ih zamijenite ako primijetite znakove habanja ili o\u0161te\u0107enja.<\/p>\n<\/li>\n<li data-start=\"1122\" data-end=\"1242\">\n<p data-start=\"1124\" data-end=\"1242\">Spremajte ih na suhom mjestu, za\u0161ti\u0107enom od izravne sun\u010deve svjetlosti, kako biste sprije\u010dili mogu\u0107e o\u0161te\u0107enje materijala.<\/p>\n<\/li>\n<\/ul>\n<p data-start=\"1244\" data-end=\"1380\">Kori\u0161tenjem vode\u0107ih Norton Rock pobolj\u0161at \u0107ete svoje iskustvo jahanja jer \u0107e vam omogu\u0107iti bolju kontrolu i pouzdanost tijekom jahanja.<\/p>\n","protected":false},"excerpt":{"rendered":"<ul>\n<li>gumirane vode\u0107e sa \u0161ljokicama na vanjskoj strani<\/li>\n<li>u crnoj i sme\u0111oj boji<\/li>\n<\/ul>\n","protected":false},"featured_media":93211,"template":"","meta":{"footnotes":""},"product_brand":[],"product_cat":[5822,5624,5697],"product_tag":[],"class_list":{"0":"post-93207","1":"product","2":"type-product","3":"status-publish","4":"has-post-thumbnail","6":"product_cat-dizgini","7":"product_cat-konj-hr","8":"product_cat-uzde-i-dizgini","10":"first","11":"instock","12":"shipping-taxable","13":"purchasable","14":"product-type-variable"},"yoast_head":"<!-- This site is optimized with the Yoast SEO plugin v27.4 - https:\/\/yoast.com\/product\/yoast-seo-wordpress\/ -->\n<title>Dizgini Norton Rock - Clair<\/title>\n<meta name=\"description\" content=\"gumirane vode\u0107e sa \u0161ljokicama na vanjskoj strani  u crnoj i sme\u0111oj boji\" \/>\n<meta name=\"robots\" content=\"index, follow, max-snippet:-1, max-image-preview:large, max-video-preview:-1\" \/>\n<link rel=\"canonical\" href=\"https:\/\/clair.si\/hr\/izdelek\/dizgini-norton-rock\/\" \/>\n<meta property=\"og:locale\" content=\"hr_HR\" \/>\n<meta property=\"og:type\" content=\"article\" \/>\n<meta property=\"og:title\" content=\"Dizgini Norton Rock - Clair\" \/>\n<meta property=\"og:description\" content=\"gumirane vode\u0107e sa \u0161ljokicama na vanjskoj strani  u crnoj i sme\u0111oj boji\" \/>\n<meta property=\"og:url\" content=\"https:\/\/clair.si\/hr\/izdelek\/dizgini-norton-rock\/\" \/>\n<meta property=\"og:site_name\" content=\"Clair\" \/>\n<meta property=\"article:publisher\" content=\"https:\/\/www.facebook.com\/TrgovinaClair\/\" \/>\n<meta property=\"article:modified_time\" content=\"2025-09-28T17:59:49+00:00\" \/>\n<meta property=\"og:image\" content=\"https:\/\/clair.si\/wp-content\/uploads\/2025\/03\/rock-rubber-crne.webp\" \/>\n\t<meta property=\"og:image:width\" content=\"800\" \/>\n\t<meta property=\"og:image:height\" content=\"800\" \/>\n\t<meta property=\"og:image:type\" content=\"image\/jpeg\" \/>\n<meta name=\"twitter:card\" content=\"summary_large_image\" \/>\n<meta name=\"twitter:label1\" content=\"Procijenjeno vrijeme \u010ditanja\" \/>\n\t<meta name=\"twitter:data1\" content=\"1 minuta\" \/>\n<script type=\"application\/ld+json\" class=\"yoast-schema-graph\">{\"@context\":\"https:\\\/\\\/schema.org\",\"@graph\":[{\"@type\":\"WebPage\",\"@id\":\"https:\\\/\\\/clair.si\\\/hr\\\/izdelek\\\/dizgini-norton-rock\\\/\",\"url\":\"https:\\\/\\\/clair.si\\\/hr\\\/izdelek\\\/dizgini-norton-rock\\\/\",\"name\":\"Dizgini Norton Rock - Clair\",\"isPartOf\":{\"@id\":\"https:\\\/\\\/clair.si\\\/#website\"},\"primaryImageOfPage\":{\"@id\":\"https:\\\/\\\/clair.si\\\/hr\\\/izdelek\\\/dizgini-norton-rock\\\/#primaryimage\"},\"image\":{\"@id\":\"https:\\\/\\\/clair.si\\\/hr\\\/izdelek\\\/dizgini-norton-rock\\\/#primaryimage\"},\"thumbnailUrl\":\"https:\\\/\\\/clair.si\\\/wp-content\\\/uploads\\\/2025\\\/03\\\/rock-rubber-crne.webp\",\"datePublished\":\"2025-03-12T09:16:02+00:00\",\"dateModified\":\"2025-09-28T17:59:49+00:00\",\"description\":\"gumirane vode\u0107e sa \u0161ljokicama na vanjskoj strani u crnoj i sme\u0111oj boji\",\"breadcrumb\":{\"@id\":\"https:\\\/\\\/clair.si\\\/hr\\\/izdelek\\\/dizgini-norton-rock\\\/#breadcrumb\"},\"inLanguage\":\"hr\",\"potentialAction\":[{\"@type\":\"ReadAction\",\"target\":[\"https:\\\/\\\/clair.si\\\/hr\\\/izdelek\\\/dizgini-norton-rock\\\/\"]}]},{\"@type\":\"ImageObject\",\"inLanguage\":\"hr\",\"@id\":\"https:\\\/\\\/clair.si\\\/hr\\\/izdelek\\\/dizgini-norton-rock\\\/#primaryimage\",\"url\":\"https:\\\/\\\/clair.si\\\/wp-content\\\/uploads\\\/2025\\\/03\\\/rock-rubber-crne.webp\",\"contentUrl\":\"https:\\\/\\\/clair.si\\\/wp-content\\\/uploads\\\/2025\\\/03\\\/rock-rubber-crne.webp\",\"width\":800,\"height\":800},{\"@type\":\"BreadcrumbList\",\"@id\":\"https:\\\/\\\/clair.si\\\/hr\\\/izdelek\\\/dizgini-norton-rock\\\/#breadcrumb\",\"itemListElement\":[{\"@type\":\"ListItem\",\"position\":1,\"name\":\"Home\",\"item\":\"https:\\\/\\\/clair.si\\\/hr\\\/\"},{\"@type\":\"ListItem\",\"position\":2,\"name\":\"Trgovina\",\"item\":\"https:\\\/\\\/clair.si\\\/trgovina\\\/\"},{\"@type\":\"ListItem\",\"position\":3,\"name\":\"Dizgini Norton Rock\"}]},{\"@type\":\"WebSite\",\"@id\":\"https:\\\/\\\/clair.si\\\/#website\",\"url\":\"https:\\\/\\\/clair.si\\\/\",\"name\":\"Clair\",\"description\":\"Trgovina s konjeni\u0161ko opremo\",\"publisher\":{\"@id\":\"https:\\\/\\\/clair.si\\\/#organization\"},\"potentialAction\":[{\"@type\":\"SearchAction\",\"target\":{\"@type\":\"EntryPoint\",\"urlTemplate\":\"https:\\\/\\\/clair.si\\\/?s={search_term_string}\"},\"query-input\":{\"@type\":\"PropertyValueSpecification\",\"valueRequired\":true,\"valueName\":\"search_term_string\"}}],\"inLanguage\":\"hr\"},{\"@type\":\"Organization\",\"@id\":\"https:\\\/\\\/clair.si\\\/#organization\",\"name\":\"Clair\",\"url\":\"https:\\\/\\\/clair.si\\\/\",\"logo\":{\"@type\":\"ImageObject\",\"inLanguage\":\"hr\",\"@id\":\"https:\\\/\\\/clair.si\\\/#\\\/schema\\\/logo\\\/image\\\/\",\"url\":\"https:\\\/\\\/clair.si\\\/wp-content\\\/uploads\\\/2022\\\/11\\\/clair_logo_2022.jpg\",\"contentUrl\":\"https:\\\/\\\/clair.si\\\/wp-content\\\/uploads\\\/2022\\\/11\\\/clair_logo_2022.jpg\",\"width\":1920,\"height\":1920,\"caption\":\"Clair\"},\"image\":{\"@id\":\"https:\\\/\\\/clair.si\\\/#\\\/schema\\\/logo\\\/image\\\/\"},\"sameAs\":[\"https:\\\/\\\/www.facebook.com\\\/TrgovinaClair\\\/\"]}]}<\/script>\n<!-- \/ Yoast SEO plugin. -->","yoast_head_json":{"title":"Dizgini Norton Rock - Clair","description":"gumirane vode\u0107e sa \u0161ljokicama na vanjskoj strani  u crnoj i sme\u0111oj boji","robots":{"index":"index","follow":"follow","max-snippet":"max-snippet:-1","max-image-preview":"max-image-preview:large","max-video-preview":"max-video-preview:-1"},"canonical":"https:\/\/clair.si\/hr\/izdelek\/dizgini-norton-rock\/","og_locale":"hr_HR","og_type":"article","og_title":"Dizgini Norton Rock - Clair","og_description":"gumirane vode\u0107e sa \u0161ljokicama na vanjskoj strani  u crnoj i sme\u0111oj boji","og_url":"https:\/\/clair.si\/hr\/izdelek\/dizgini-norton-rock\/","og_site_name":"Clair","article_publisher":"https:\/\/www.facebook.com\/TrgovinaClair\/","article_modified_time":"2025-09-28T17:59:49+00:00","og_image":[{"width":800,"height":800,"url":"https:\/\/clair.si\/wp-content\/uploads\/2025\/03\/rock-rubber-crne.webp","type":"image\/jpeg"}],"twitter_card":"summary_large_image","twitter_misc":{"Procijenjeno vrijeme \u010ditanja":"1 minuta"},"schema":{"@context":"https:\/\/schema.org","@graph":[{"@type":"WebPage","@id":"https:\/\/clair.si\/hr\/izdelek\/dizgini-norton-rock\/","url":"https:\/\/clair.si\/hr\/izdelek\/dizgini-norton-rock\/","name":"Dizgini Norton Rock - Clair","isPartOf":{"@id":"https:\/\/clair.si\/#website"},"primaryImageOfPage":{"@id":"https:\/\/clair.si\/hr\/izdelek\/dizgini-norton-rock\/#primaryimage"},"image":{"@id":"https:\/\/clair.si\/hr\/izdelek\/dizgini-norton-rock\/#primaryimage"},"thumbnailUrl":"https:\/\/clair.si\/wp-content\/uploads\/2025\/03\/rock-rubber-crne.webp","datePublished":"2025-03-12T09:16:02+00:00","dateModified":"2025-09-28T17:59:49+00:00","description":"gumirane vode\u0107e sa \u0161ljokicama na vanjskoj strani u crnoj i sme\u0111oj boji","breadcrumb":{"@id":"https:\/\/clair.si\/hr\/izdelek\/dizgini-norton-rock\/#breadcrumb"},"inLanguage":"hr","potentialAction":[{"@type":"ReadAction","target":["https:\/\/clair.si\/hr\/izdelek\/dizgini-norton-rock\/"]}]},{"@type":"ImageObject","inLanguage":"hr","@id":"https:\/\/clair.si\/hr\/izdelek\/dizgini-norton-rock\/#primaryimage","url":"https:\/\/clair.si\/wp-content\/uploads\/2025\/03\/rock-rubber-crne.webp","contentUrl":"https:\/\/clair.si\/wp-content\/uploads\/2025\/03\/rock-rubber-crne.webp","width":800,"height":800},{"@type":"BreadcrumbList","@id":"https:\/\/clair.si\/hr\/izdelek\/dizgini-norton-rock\/#breadcrumb","itemListElement":[{"@type":"ListItem","position":1,"name":"Home","item":"https:\/\/clair.si\/hr\/"},{"@type":"ListItem","position":2,"name":"Trgovina","item":"https:\/\/clair.si\/trgovina\/"},{"@type":"ListItem","position":3,"name":"Dizgini Norton Rock"}]},{"@type":"WebSite","@id":"https:\/\/clair.si\/#website","url":"https:\/\/clair.si\/","name":"Clair","description":"Trgovina s konjeni\u0161ko opremo","publisher":{"@id":"https:\/\/clair.si\/#organization"},"potentialAction":[{"@type":"SearchAction","target":{"@type":"EntryPoint","urlTemplate":"https:\/\/clair.si\/?s={search_term_string}"},"query-input":{"@type":"PropertyValueSpecification","valueRequired":true,"valueName":"search_term_string"}}],"inLanguage":"hr"},{"@type":"Organization","@id":"https:\/\/clair.si\/#organization","name":"Clair","url":"https:\/\/clair.si\/","logo":{"@type":"ImageObject","inLanguage":"hr","@id":"https:\/\/clair.si\/#\/schema\/logo\/image\/","url":"https:\/\/clair.si\/wp-content\/uploads\/2022\/11\/clair_logo_2022.jpg","contentUrl":"https:\/\/clair.si\/wp-content\/uploads\/2022\/11\/clair_logo_2022.jpg","width":1920,"height":1920,"caption":"Clair"},"image":{"@id":"https:\/\/clair.si\/#\/schema\/logo\/image\/"},"sameAs":["https:\/\/www.facebook.com\/TrgovinaClair\/"]}]}},"_links":{"self":[{"href":"https:\/\/clair.si\/hr\/wp-json\/wp\/v2\/product\/93207","targetHints":{"allow":["GET"]}}],"collection":[{"href":"https:\/\/clair.si\/hr\/wp-json\/wp\/v2\/product"}],"about":[{"href":"https:\/\/clair.si\/hr\/wp-json\/wp\/v2\/types\/product"}],"version-history":[{"count":2,"href":"https:\/\/clair.si\/hr\/wp-json\/wp\/v2\/product\/93207\/revisions"}],"predecessor-version":[{"id":115211,"href":"https:\/\/clair.si\/hr\/wp-json\/wp\/v2\/product\/93207\/revisions\/115211"}],"wp:featuredmedia":[{"embeddable":true,"href":"https:\/\/clair.si\/hr\/wp-json\/wp\/v2\/media\/93211"}],"wp:attachment":[{"href":"https:\/\/clair.si\/hr\/wp-json\/wp\/v2\/media?parent=93207"}],"wp:term":[{"taxonomy":"product_brand","embeddable":true,"href":"https:\/\/clair.si\/hr\/wp-json\/wp\/v2\/product_brand?post=93207"},{"taxonomy":"product_cat","embeddable":true,"href":"https:\/\/clair.si\/hr\/wp-json\/wp\/v2\/product_cat?post=93207"},{"taxonomy":"product_tag","embeddable":true,"href":"https:\/\/clair.si\/hr\/wp-json\/wp\/v2\/product_tag?post=93207"}],"curies":[{"name":"wp","href":"https:\/\/api.w.org\/{rel}","templated":true}]}}