{"id":93216,"date":"2025-03-12T10:00:59","date_gmt":"2025-03-12T09:00:59","guid":{"rendered":"https:\/\/clair.si\/izdelek\/sampon-carrdaymartin-gallop-bay\/"},"modified":"2025-12-21T22:15:37","modified_gmt":"2025-12-21T21:15:37","slug":"sampon-carrdaymartin-gallop-bay","status":"publish","type":"product","link":"https:\/\/clair.si\/hr\/izdelek\/sampon-carrdaymartin-gallop-bay\/","title":{"rendered":"\u0160ampon Carr&amp;Day&amp;Martin Gallop Bay"},"content":{"rendered":"<p data-start=\"0\" data-end=\"297\"><strong data-start=\"0\" data-end=\"41\">\u0160ampon Carr &amp; Day &amp; Martin Gallop Bay<\/strong> je luksuzni \u0161ampon, posebno dizajniran za nagla\u0161avanje i intenziviranje prirodne sme\u0111e boje dlake kod konja. Sadr\u017ei poja\u010diva\u010de boje i opti\u010dke posvjetljiva\u010de koji dlaci osiguravaju sjaj. <\/p>\n<p data-start=\"299\" data-end=\"321\"><strong data-start=\"299\" data-end=\"321\">Klju\u010dne zna\u010dajke:<\/strong><\/p>\n<ul data-start=\"323\" data-end=\"872\">\n<li data-start=\"323\" data-end=\"532\">\n<p data-start=\"325\" data-end=\"532\"><strong data-start=\"325\" data-end=\"347\">Nagla\u0161avanje boje:<\/strong> \u0160ampon sadr\u017ei poja\u010diva\u010de boje i opti\u010dke posvjetljiva\u010de koji intenziviraju prirodnu sme\u0111u boju dlake, \u0161to je posebno va\u017eno za sme\u0111e konje.<\/p>\n<\/li>\n<li data-start=\"534\" data-end=\"724\">\n<p data-start=\"536\" data-end=\"724\"><strong data-start=\"536\" data-end=\"558\">Jednostavna uporaba:<\/strong> \u0160ampon se mo\u017ee nanijeti direktno na mokru dlaku, jednostavno se zapjeni i brzo ispere, \u0161to omogu\u0107uje u\u010dinkovito i brzo \u010di\u0161\u0107enje.<\/p>\n<\/li>\n<li data-start=\"726\" data-end=\"872\">\n<p data-start=\"728\" data-end=\"872\"><strong data-start=\"728\" data-end=\"752\">Trenutni rezultati:<\/strong> Nakon uporabe rezultati su odmah vidljivi; dlaka postaje sjajna i boja izra\u017eenija.<\/p>\n<\/li>\n<\/ul>\n<p data-start=\"874\" data-end=\"898\"><strong data-start=\"874\" data-end=\"898\">Upute za upotrebu:<\/strong><\/p>\n<ol data-start=\"900\" data-end=\"1135\">\n<li data-start=\"900\" data-end=\"945\">\n<p data-start=\"903\" data-end=\"945\">Nanesite \u0161ampon izravno na mokru dlaku.<\/p>\n<\/li>\n<li data-start=\"947\" data-end=\"1023\">\n<p data-start=\"950\" data-end=\"1023\">Dobro utrljajte pomo\u0107u \u010detke, spu\u017eve ili ruke da biste stvorili bogatu pjenu.<\/p>\n<\/li>\n<li data-start=\"1025\" data-end=\"1047\">\n<p data-start=\"1028\" data-end=\"1047\">Temeljito isperite.<\/p>\n<\/li>\n<li data-start=\"1049\" data-end=\"1135\">\n<p data-start=\"1052\" data-end=\"1135\">\u0160ampon se tako\u0111er mo\u017ee koristiti na grivi i repu.<\/p>\n<\/li>\n<\/ol>\n<p data-start=\"1153\" data-end=\"1514\">Za detaljnije informacije o sastojcima preporu\u010dujemo da provjerite ambala\u017eu proizvoda ili se obratite izravno proizvo\u0111a\u010du.<\/p>\n<p data-start=\"1516\" data-end=\"1706\">Kori\u0161tenjem \u0161ampona Carr &amp; Day &amp; Martin Gallop Bay dlaka va\u0161eg sme\u0111eg konja bit \u0107e dubinski o\u010di\u0161\u0107ena, a boja nagla\u0161ena i sjajna, \u0161to je idealno za pripremu za natjecanja.<\/p>\n","protected":false},"excerpt":{"rendered":"<ul>\n<li>\u0161ampon posebno dizajniran za sme\u0111e konje<\/li>\n<li>posebno koristan na konjima s crvenim podtonom<\/li>\n<\/ul>\n","protected":false},"featured_media":93217,"template":"","meta":{"footnotes":""},"product_brand":[],"product_cat":[5624,5675,5677,5625,5628,5714,5627],"product_tag":[],"class_list":{"0":"post-93216","1":"product","2":"type-product","3":"status-publish","4":"has-post-thumbnail","6":"product_cat-konj-hr","7":"product_cat-kozmetika-za-konje-hr","8":"product_cat-kozmetika-za-konje-hr-2","9":"product_cat-njega-konja","10":"product_cat-njega-konja-hr","11":"product_cat-samponi-i-sapuni","12":"product_cat-stala-i-pasnjak","14":"first","15":"instock","16":"shipping-taxable","17":"purchasable","18":"product-type-simple"},"yoast_head":"<!-- This site is optimized with the Yoast SEO plugin v27.4 - https:\/\/yoast.com\/product\/yoast-seo-wordpress\/ -->\n<title>\u0160ampon Carr&amp;Day&amp;Martin Gallop Bay - Clair<\/title>\n<meta name=\"description\" content=\"\u0161ampon posebno dizajniran za sme\u0111e konje  posebno koristan na konjima s crvenim podtonom\" \/>\n<meta name=\"robots\" content=\"index, follow, max-snippet:-1, max-image-preview:large, max-video-preview:-1\" \/>\n<link rel=\"canonical\" href=\"https:\/\/clair.si\/hr\/izdelek\/sampon-carrdaymartin-gallop-bay\/\" \/>\n<meta property=\"og:locale\" content=\"hr_HR\" \/>\n<meta property=\"og:type\" content=\"article\" \/>\n<meta property=\"og:title\" content=\"\u0160ampon Carr&amp;Day&amp;Martin Gallop Bay - Clair\" \/>\n<meta property=\"og:description\" content=\"\u0161ampon posebno dizajniran za sme\u0111e konje  posebno koristan na konjima s crvenim podtonom\" \/>\n<meta property=\"og:url\" content=\"https:\/\/clair.si\/hr\/izdelek\/sampon-carrdaymartin-gallop-bay\/\" \/>\n<meta property=\"og:site_name\" content=\"Clair\" \/>\n<meta property=\"article:publisher\" content=\"https:\/\/www.facebook.com\/TrgovinaClair\/\" \/>\n<meta property=\"article:modified_time\" content=\"2025-12-21T21:15:37+00:00\" \/>\n<meta property=\"og:image\" content=\"https:\/\/clair.si\/wp-content\/uploads\/2025\/03\/Sampon-CarrDayMartin-Gallop-Bay-png.webp\" \/>\n\t<meta property=\"og:image:width\" content=\"1000\" \/>\n\t<meta property=\"og:image:height\" content=\"1000\" \/>\n\t<meta property=\"og:image:type\" content=\"image\/png\" \/>\n<meta name=\"twitter:card\" content=\"summary_large_image\" \/>\n<meta name=\"twitter:label1\" content=\"Procijenjeno vrijeme \u010ditanja\" \/>\n\t<meta name=\"twitter:data1\" content=\"1 minuta\" \/>\n<script type=\"application\/ld+json\" class=\"yoast-schema-graph\">{\"@context\":\"https:\\\/\\\/schema.org\",\"@graph\":[{\"@type\":\"WebPage\",\"@id\":\"https:\\\/\\\/clair.si\\\/hr\\\/izdelek\\\/sampon-carrdaymartin-gallop-bay\\\/\",\"url\":\"https:\\\/\\\/clair.si\\\/hr\\\/izdelek\\\/sampon-carrdaymartin-gallop-bay\\\/\",\"name\":\"\u0160ampon Carr&amp;Day&amp;Martin Gallop Bay - Clair\",\"isPartOf\":{\"@id\":\"https:\\\/\\\/clair.si\\\/#website\"},\"primaryImageOfPage\":{\"@id\":\"https:\\\/\\\/clair.si\\\/hr\\\/izdelek\\\/sampon-carrdaymartin-gallop-bay\\\/#primaryimage\"},\"image\":{\"@id\":\"https:\\\/\\\/clair.si\\\/hr\\\/izdelek\\\/sampon-carrdaymartin-gallop-bay\\\/#primaryimage\"},\"thumbnailUrl\":\"https:\\\/\\\/clair.si\\\/wp-content\\\/uploads\\\/2025\\\/03\\\/Sampon-CarrDayMartin-Gallop-Bay.webp\",\"datePublished\":\"2025-03-12T09:00:59+00:00\",\"dateModified\":\"2025-12-21T21:15:37+00:00\",\"description\":\"\u0161ampon posebno dizajniran za sme\u0111e konje posebno koristan na konjima s crvenim podtonom\",\"breadcrumb\":{\"@id\":\"https:\\\/\\\/clair.si\\\/hr\\\/izdelek\\\/sampon-carrdaymartin-gallop-bay\\\/#breadcrumb\"},\"inLanguage\":\"hr\",\"potentialAction\":[{\"@type\":\"ReadAction\",\"target\":[\"https:\\\/\\\/clair.si\\\/hr\\\/izdelek\\\/sampon-carrdaymartin-gallop-bay\\\/\"]}]},{\"@type\":\"ImageObject\",\"inLanguage\":\"hr\",\"@id\":\"https:\\\/\\\/clair.si\\\/hr\\\/izdelek\\\/sampon-carrdaymartin-gallop-bay\\\/#primaryimage\",\"url\":\"https:\\\/\\\/clair.si\\\/wp-content\\\/uploads\\\/2025\\\/03\\\/Sampon-CarrDayMartin-Gallop-Bay.webp\",\"contentUrl\":\"https:\\\/\\\/clair.si\\\/wp-content\\\/uploads\\\/2025\\\/03\\\/Sampon-CarrDayMartin-Gallop-Bay.webp\",\"width\":1000,\"height\":1000},{\"@type\":\"BreadcrumbList\",\"@id\":\"https:\\\/\\\/clair.si\\\/hr\\\/izdelek\\\/sampon-carrdaymartin-gallop-bay\\\/#breadcrumb\",\"itemListElement\":[{\"@type\":\"ListItem\",\"position\":1,\"name\":\"Home\",\"item\":\"https:\\\/\\\/clair.si\\\/hr\\\/\"},{\"@type\":\"ListItem\",\"position\":2,\"name\":\"Trgovina\",\"item\":\"https:\\\/\\\/clair.si\\\/trgovina\\\/\"},{\"@type\":\"ListItem\",\"position\":3,\"name\":\"\u0160ampon Carr&amp;Day&amp;Martin Gallop Bay\"}]},{\"@type\":\"WebSite\",\"@id\":\"https:\\\/\\\/clair.si\\\/#website\",\"url\":\"https:\\\/\\\/clair.si\\\/\",\"name\":\"Clair\",\"description\":\"Trgovina s konjeni\u0161ko opremo\",\"publisher\":{\"@id\":\"https:\\\/\\\/clair.si\\\/#organization\"},\"potentialAction\":[{\"@type\":\"SearchAction\",\"target\":{\"@type\":\"EntryPoint\",\"urlTemplate\":\"https:\\\/\\\/clair.si\\\/?s={search_term_string}\"},\"query-input\":{\"@type\":\"PropertyValueSpecification\",\"valueRequired\":true,\"valueName\":\"search_term_string\"}}],\"inLanguage\":\"hr\"},{\"@type\":\"Organization\",\"@id\":\"https:\\\/\\\/clair.si\\\/#organization\",\"name\":\"Clair\",\"url\":\"https:\\\/\\\/clair.si\\\/\",\"logo\":{\"@type\":\"ImageObject\",\"inLanguage\":\"hr\",\"@id\":\"https:\\\/\\\/clair.si\\\/#\\\/schema\\\/logo\\\/image\\\/\",\"url\":\"https:\\\/\\\/clair.si\\\/wp-content\\\/uploads\\\/2022\\\/11\\\/clair_logo_2022.jpg\",\"contentUrl\":\"https:\\\/\\\/clair.si\\\/wp-content\\\/uploads\\\/2022\\\/11\\\/clair_logo_2022.jpg\",\"width\":1920,\"height\":1920,\"caption\":\"Clair\"},\"image\":{\"@id\":\"https:\\\/\\\/clair.si\\\/#\\\/schema\\\/logo\\\/image\\\/\"},\"sameAs\":[\"https:\\\/\\\/www.facebook.com\\\/TrgovinaClair\\\/\"]}]}<\/script>\n<!-- \/ Yoast SEO plugin. -->","yoast_head_json":{"title":"\u0160ampon Carr&amp;Day&amp;Martin Gallop Bay - Clair","description":"\u0161ampon posebno dizajniran za sme\u0111e konje  posebno koristan na konjima s crvenim podtonom","robots":{"index":"index","follow":"follow","max-snippet":"max-snippet:-1","max-image-preview":"max-image-preview:large","max-video-preview":"max-video-preview:-1"},"canonical":"https:\/\/clair.si\/hr\/izdelek\/sampon-carrdaymartin-gallop-bay\/","og_locale":"hr_HR","og_type":"article","og_title":"\u0160ampon Carr&amp;Day&amp;Martin Gallop Bay - Clair","og_description":"\u0161ampon posebno dizajniran za sme\u0111e konje  posebno koristan na konjima s crvenim podtonom","og_url":"https:\/\/clair.si\/hr\/izdelek\/sampon-carrdaymartin-gallop-bay\/","og_site_name":"Clair","article_publisher":"https:\/\/www.facebook.com\/TrgovinaClair\/","article_modified_time":"2025-12-21T21:15:37+00:00","og_image":[{"width":1000,"height":1000,"url":"https:\/\/clair.si\/wp-content\/uploads\/2025\/03\/Sampon-CarrDayMartin-Gallop-Bay-png.webp","type":"image\/png"}],"twitter_card":"summary_large_image","twitter_misc":{"Procijenjeno vrijeme \u010ditanja":"1 minuta"},"schema":{"@context":"https:\/\/schema.org","@graph":[{"@type":"WebPage","@id":"https:\/\/clair.si\/hr\/izdelek\/sampon-carrdaymartin-gallop-bay\/","url":"https:\/\/clair.si\/hr\/izdelek\/sampon-carrdaymartin-gallop-bay\/","name":"\u0160ampon Carr&amp;Day&amp;Martin Gallop Bay - Clair","isPartOf":{"@id":"https:\/\/clair.si\/#website"},"primaryImageOfPage":{"@id":"https:\/\/clair.si\/hr\/izdelek\/sampon-carrdaymartin-gallop-bay\/#primaryimage"},"image":{"@id":"https:\/\/clair.si\/hr\/izdelek\/sampon-carrdaymartin-gallop-bay\/#primaryimage"},"thumbnailUrl":"https:\/\/clair.si\/wp-content\/uploads\/2025\/03\/Sampon-CarrDayMartin-Gallop-Bay.webp","datePublished":"2025-03-12T09:00:59+00:00","dateModified":"2025-12-21T21:15:37+00:00","description":"\u0161ampon posebno dizajniran za sme\u0111e konje posebno koristan na konjima s crvenim podtonom","breadcrumb":{"@id":"https:\/\/clair.si\/hr\/izdelek\/sampon-carrdaymartin-gallop-bay\/#breadcrumb"},"inLanguage":"hr","potentialAction":[{"@type":"ReadAction","target":["https:\/\/clair.si\/hr\/izdelek\/sampon-carrdaymartin-gallop-bay\/"]}]},{"@type":"ImageObject","inLanguage":"hr","@id":"https:\/\/clair.si\/hr\/izdelek\/sampon-carrdaymartin-gallop-bay\/#primaryimage","url":"https:\/\/clair.si\/wp-content\/uploads\/2025\/03\/Sampon-CarrDayMartin-Gallop-Bay.webp","contentUrl":"https:\/\/clair.si\/wp-content\/uploads\/2025\/03\/Sampon-CarrDayMartin-Gallop-Bay.webp","width":1000,"height":1000},{"@type":"BreadcrumbList","@id":"https:\/\/clair.si\/hr\/izdelek\/sampon-carrdaymartin-gallop-bay\/#breadcrumb","itemListElement":[{"@type":"ListItem","position":1,"name":"Home","item":"https:\/\/clair.si\/hr\/"},{"@type":"ListItem","position":2,"name":"Trgovina","item":"https:\/\/clair.si\/trgovina\/"},{"@type":"ListItem","position":3,"name":"\u0160ampon Carr&amp;Day&amp;Martin Gallop Bay"}]},{"@type":"WebSite","@id":"https:\/\/clair.si\/#website","url":"https:\/\/clair.si\/","name":"Clair","description":"Trgovina s konjeni\u0161ko opremo","publisher":{"@id":"https:\/\/clair.si\/#organization"},"potentialAction":[{"@type":"SearchAction","target":{"@type":"EntryPoint","urlTemplate":"https:\/\/clair.si\/?s={search_term_string}"},"query-input":{"@type":"PropertyValueSpecification","valueRequired":true,"valueName":"search_term_string"}}],"inLanguage":"hr"},{"@type":"Organization","@id":"https:\/\/clair.si\/#organization","name":"Clair","url":"https:\/\/clair.si\/","logo":{"@type":"ImageObject","inLanguage":"hr","@id":"https:\/\/clair.si\/#\/schema\/logo\/image\/","url":"https:\/\/clair.si\/wp-content\/uploads\/2022\/11\/clair_logo_2022.jpg","contentUrl":"https:\/\/clair.si\/wp-content\/uploads\/2022\/11\/clair_logo_2022.jpg","width":1920,"height":1920,"caption":"Clair"},"image":{"@id":"https:\/\/clair.si\/#\/schema\/logo\/image\/"},"sameAs":["https:\/\/www.facebook.com\/TrgovinaClair\/"]}]}},"_links":{"self":[{"href":"https:\/\/clair.si\/hr\/wp-json\/wp\/v2\/product\/93216","targetHints":{"allow":["GET"]}}],"collection":[{"href":"https:\/\/clair.si\/hr\/wp-json\/wp\/v2\/product"}],"about":[{"href":"https:\/\/clair.si\/hr\/wp-json\/wp\/v2\/types\/product"}],"version-history":[{"count":0,"href":"https:\/\/clair.si\/hr\/wp-json\/wp\/v2\/product\/93216\/revisions"}],"wp:featuredmedia":[{"embeddable":true,"href":"https:\/\/clair.si\/hr\/wp-json\/wp\/v2\/media\/93217"}],"wp:attachment":[{"href":"https:\/\/clair.si\/hr\/wp-json\/wp\/v2\/media?parent=93216"}],"wp:term":[{"taxonomy":"product_brand","embeddable":true,"href":"https:\/\/clair.si\/hr\/wp-json\/wp\/v2\/product_brand?post=93216"},{"taxonomy":"product_cat","embeddable":true,"href":"https:\/\/clair.si\/hr\/wp-json\/wp\/v2\/product_cat?post=93216"},{"taxonomy":"product_tag","embeddable":true,"href":"https:\/\/clair.si\/hr\/wp-json\/wp\/v2\/product_tag?post=93216"}],"curies":[{"name":"wp","href":"https:\/\/api.w.org\/{rel}","templated":true}]}}