{"id":93218,"date":"2025-03-06T13:05:07","date_gmt":"2025-03-06T12:05:07","guid":{"rendered":"https:\/\/clair.si\/izdelek\/balzam-za-kozu-carrdaymartin-revitalizer-belvoir\/"},"modified":"2025-08-28T05:39:30","modified_gmt":"2025-08-28T03:39:30","slug":"balzam-za-kozu-carrdaymartin-revitalizer-belvoir","status":"publish","type":"product","link":"https:\/\/clair.si\/hr\/izdelek\/balzam-za-kozu-carrdaymartin-revitalizer-belvoir\/","title":{"rendered":"Balzam za ko\u017eu Carr&amp;Day&amp;Martin Revitalizer Belvoir"},"content":{"rendered":"<p data-start=\"0\" data-end=\"237\">Balzam za ko\u017eu Carr &amp; Day &amp; Martin je vrhunski proizvod, dizajniran za intenzivnu njegu i za\u0161titu svih vrsta ko\u017ee. Njegova jedinstvena formula osigurava dubinsku prehranu, obnavljanje i o\u010duvanje elasti\u010dnosti te sjaja ko\u017enih proizvoda. <\/p>\n<h4 data-start=\"239\" data-end=\"269\"><strong data-start=\"239\" data-end=\"269\">Klju\u010dne zna\u010dajke balzama:<\/strong><\/h4>\n<ul data-start=\"271\" data-end=\"715\">\n<li data-start=\"271\" data-end=\"441\">\n<p data-start=\"273\" data-end=\"441\"><strong data-start=\"273\" data-end=\"303\">Intenzivna njega i obnova:<\/strong> Balzam prodire duboko u strukturu ko\u017ee, hrani je i obnavlja, \u0161to je posebno korisno za novu, finu ili isu\u0161enu i ispucalu ko\u017eu.<\/p>\n<\/li>\n<li data-start=\"443\" data-end=\"570\">\n<p data-start=\"445\" data-end=\"570\"><strong data-start=\"445\" data-end=\"467\">Prirodni sastojci:<\/strong> Sadr\u017ei lanolin i p\u010delinji vosak, koji odr\u017eavaju ko\u017eu u optimalnom stanju te joj dodaju \u010dudesan sjaj.<\/p>\n<\/li>\n<li data-start=\"572\" data-end=\"715\">\n<p data-start=\"574\" data-end=\"715\"><strong data-start=\"574\" data-end=\"603\">Za\u0161tita i dugotrajnost:<\/strong> Redovita uporaba balzama produljuje \u017eivotni vijek ko\u017enih proizvoda te ih \u0161titi od isu\u0161ivanja i pucanja.<\/p>\n<\/li>\n<\/ul>\n<h4 data-start=\"717\" data-end=\"741\"><strong data-start=\"717\" data-end=\"741\">Upute za uporabu:<\/strong><\/h4>\n<ol data-start=\"743\" data-end=\"1142\">\n<li data-start=\"743\" data-end=\"840\">\n<p data-start=\"746\" data-end=\"840\">Prije nano\u0161enja balzama o\u010distite ko\u017eu odgovaraju\u0107im sredstvom za \u010di\u0161\u0107enje.<\/p>\n<\/li>\n<li data-start=\"842\" data-end=\"930\">\n<p data-start=\"845\" data-end=\"930\">Mekom krpom ili spu\u017evicom nanesite malu koli\u010dinu balzama na \u010distu ko\u017eu i utrljajte.<\/p>\n<\/li>\n<li data-start=\"932\" data-end=\"987\">\n<p data-start=\"935\" data-end=\"987\">Ostavite da djeluje 10 minuta, da balzam prodre u ko\u017eu.<\/p>\n<\/li>\n<li data-start=\"989\" data-end=\"1046\">\n<p data-start=\"992\" data-end=\"1046\">Zatim mekom, suhom krpom polirajte povr\u0161inu do sjaja.<\/p>\n<\/li>\n<li data-start=\"1048\" data-end=\"1142\">\n<p data-start=\"1051\" data-end=\"1142\">Prije prve uporabe balzama isprobajte ga na skrivenom dijelu ko\u017ee, da provjerite kompatibilnost.<\/p>\n<\/li>\n<\/ol>\n<h4 data-start=\"1144\" data-end=\"1158\"><strong data-start=\"1144\" data-end=\"1158\">Sastojci:<\/strong><\/h4>\n<p data-start=\"1160\" data-end=\"1303\">Balzam sadr\u017ei mekanu formulu iz lanolina i p\u010delinjeg voska, koji zajedno osiguravaju dubinsko hranjenje i za\u0161titu ko\u017ee te joj vra\u0107aju sjaj.<\/p>\n<p data-start=\"1305\" data-end=\"1486\">S uporabom balzama za ko\u017eu Carr &amp; Day &amp; Martin \u0107ete svojim ko\u017enim proizvodima osigurati vrhunsku njegu, produljiti njihov \u017eivotni vijek te o\u010duvati njihov lijep i njegovan izgled.<\/p>\n","protected":false},"excerpt":{"rendered":"<ul>\n<li>bezbojno<\/li>\n<li>s prilo\u017eenom spu\u017evicom<\/li>\n<\/ul>\n","protected":false},"featured_media":93220,"template":"","meta":{"footnotes":""},"product_brand":[],"product_cat":[5867,5627],"product_tag":[],"class_list":{"0":"post-93218","1":"product","2":"type-product","3":"status-publish","4":"has-post-thumbnail","6":"product_cat-njega-koze","7":"product_cat-stala-i-pasnjak","9":"first","10":"instock","11":"shipping-taxable","12":"purchasable","13":"product-type-simple"},"yoast_head":"<!-- This site is optimized with the Yoast SEO plugin v27.4 - https:\/\/yoast.com\/product\/yoast-seo-wordpress\/ -->\n<title>Balzam za ko\u017eu Carr&amp;Day&amp;Martin Revitalizer Belvoir - Clair<\/title>\n<meta name=\"description\" content=\"bezbojno  s prilo\u017eenom spu\u017evicom\" \/>\n<meta name=\"robots\" content=\"index, follow, max-snippet:-1, max-image-preview:large, max-video-preview:-1\" \/>\n<link rel=\"canonical\" href=\"https:\/\/clair.si\/hr\/izdelek\/balzam-za-kozu-carrdaymartin-revitalizer-belvoir\/\" \/>\n<meta property=\"og:locale\" content=\"hr_HR\" \/>\n<meta property=\"og:type\" content=\"article\" \/>\n<meta property=\"og:title\" content=\"Balzam za ko\u017eu Carr&amp;Day&amp;Martin Revitalizer Belvoir - Clair\" \/>\n<meta property=\"og:description\" content=\"bezbojno  s prilo\u017eenom spu\u017evicom\" \/>\n<meta property=\"og:url\" content=\"https:\/\/clair.si\/hr\/izdelek\/balzam-za-kozu-carrdaymartin-revitalizer-belvoir\/\" \/>\n<meta property=\"og:site_name\" content=\"Clair\" \/>\n<meta property=\"article:publisher\" content=\"https:\/\/www.facebook.com\/TrgovinaClair\/\" \/>\n<meta property=\"article:modified_time\" content=\"2025-08-28T03:39:30+00:00\" \/>\n<meta property=\"og:image\" content=\"https:\/\/clair.si\/wp-content\/uploads\/2025\/03\/belvoir-revitalise-carr.webp\" \/>\n\t<meta property=\"og:image:width\" content=\"800\" \/>\n\t<meta property=\"og:image:height\" content=\"800\" \/>\n\t<meta property=\"og:image:type\" content=\"image\/jpeg\" \/>\n<meta name=\"twitter:card\" content=\"summary_large_image\" \/>\n<meta name=\"twitter:label1\" content=\"Procijenjeno vrijeme \u010ditanja\" \/>\n\t<meta name=\"twitter:data1\" content=\"1 minuta\" \/>\n<script type=\"application\/ld+json\" class=\"yoast-schema-graph\">{\"@context\":\"https:\\\/\\\/schema.org\",\"@graph\":[{\"@type\":\"WebPage\",\"@id\":\"https:\\\/\\\/clair.si\\\/hr\\\/izdelek\\\/balzam-za-kozu-carrdaymartin-revitalizer-belvoir\\\/\",\"url\":\"https:\\\/\\\/clair.si\\\/hr\\\/izdelek\\\/balzam-za-kozu-carrdaymartin-revitalizer-belvoir\\\/\",\"name\":\"Balzam za ko\u017eu Carr&amp;Day&amp;Martin Revitalizer Belvoir - Clair\",\"isPartOf\":{\"@id\":\"https:\\\/\\\/clair.si\\\/#website\"},\"primaryImageOfPage\":{\"@id\":\"https:\\\/\\\/clair.si\\\/hr\\\/izdelek\\\/balzam-za-kozu-carrdaymartin-revitalizer-belvoir\\\/#primaryimage\"},\"image\":{\"@id\":\"https:\\\/\\\/clair.si\\\/hr\\\/izdelek\\\/balzam-za-kozu-carrdaymartin-revitalizer-belvoir\\\/#primaryimage\"},\"thumbnailUrl\":\"https:\\\/\\\/clair.si\\\/wp-content\\\/uploads\\\/2025\\\/03\\\/belvoir-revitalise-carr.webp\",\"datePublished\":\"2025-03-06T12:05:07+00:00\",\"dateModified\":\"2025-08-28T03:39:30+00:00\",\"description\":\"bezbojno s prilo\u017eenom spu\u017evicom\",\"breadcrumb\":{\"@id\":\"https:\\\/\\\/clair.si\\\/hr\\\/izdelek\\\/balzam-za-kozu-carrdaymartin-revitalizer-belvoir\\\/#breadcrumb\"},\"inLanguage\":\"hr\",\"potentialAction\":[{\"@type\":\"ReadAction\",\"target\":[\"https:\\\/\\\/clair.si\\\/hr\\\/izdelek\\\/balzam-za-kozu-carrdaymartin-revitalizer-belvoir\\\/\"]}]},{\"@type\":\"ImageObject\",\"inLanguage\":\"hr\",\"@id\":\"https:\\\/\\\/clair.si\\\/hr\\\/izdelek\\\/balzam-za-kozu-carrdaymartin-revitalizer-belvoir\\\/#primaryimage\",\"url\":\"https:\\\/\\\/clair.si\\\/wp-content\\\/uploads\\\/2025\\\/03\\\/belvoir-revitalise-carr.webp\",\"contentUrl\":\"https:\\\/\\\/clair.si\\\/wp-content\\\/uploads\\\/2025\\\/03\\\/belvoir-revitalise-carr.webp\",\"width\":800,\"height\":800},{\"@type\":\"BreadcrumbList\",\"@id\":\"https:\\\/\\\/clair.si\\\/hr\\\/izdelek\\\/balzam-za-kozu-carrdaymartin-revitalizer-belvoir\\\/#breadcrumb\",\"itemListElement\":[{\"@type\":\"ListItem\",\"position\":1,\"name\":\"Home\",\"item\":\"https:\\\/\\\/clair.si\\\/hr\\\/\"},{\"@type\":\"ListItem\",\"position\":2,\"name\":\"Trgovina\",\"item\":\"https:\\\/\\\/clair.si\\\/trgovina\\\/\"},{\"@type\":\"ListItem\",\"position\":3,\"name\":\"Balzam za ko\u017eu Carr&amp;Day&amp;Martin Revitalizer Belvoir\"}]},{\"@type\":\"WebSite\",\"@id\":\"https:\\\/\\\/clair.si\\\/#website\",\"url\":\"https:\\\/\\\/clair.si\\\/\",\"name\":\"Clair\",\"description\":\"Trgovina s konjeni\u0161ko opremo\",\"publisher\":{\"@id\":\"https:\\\/\\\/clair.si\\\/#organization\"},\"potentialAction\":[{\"@type\":\"SearchAction\",\"target\":{\"@type\":\"EntryPoint\",\"urlTemplate\":\"https:\\\/\\\/clair.si\\\/?s={search_term_string}\"},\"query-input\":{\"@type\":\"PropertyValueSpecification\",\"valueRequired\":true,\"valueName\":\"search_term_string\"}}],\"inLanguage\":\"hr\"},{\"@type\":\"Organization\",\"@id\":\"https:\\\/\\\/clair.si\\\/#organization\",\"name\":\"Clair\",\"url\":\"https:\\\/\\\/clair.si\\\/\",\"logo\":{\"@type\":\"ImageObject\",\"inLanguage\":\"hr\",\"@id\":\"https:\\\/\\\/clair.si\\\/#\\\/schema\\\/logo\\\/image\\\/\",\"url\":\"https:\\\/\\\/clair.si\\\/wp-content\\\/uploads\\\/2022\\\/11\\\/clair_logo_2022.jpg\",\"contentUrl\":\"https:\\\/\\\/clair.si\\\/wp-content\\\/uploads\\\/2022\\\/11\\\/clair_logo_2022.jpg\",\"width\":1920,\"height\":1920,\"caption\":\"Clair\"},\"image\":{\"@id\":\"https:\\\/\\\/clair.si\\\/#\\\/schema\\\/logo\\\/image\\\/\"},\"sameAs\":[\"https:\\\/\\\/www.facebook.com\\\/TrgovinaClair\\\/\"]}]}<\/script>\n<!-- \/ Yoast SEO plugin. -->","yoast_head_json":{"title":"Balzam za ko\u017eu Carr&amp;Day&amp;Martin Revitalizer Belvoir - Clair","description":"bezbojno  s prilo\u017eenom spu\u017evicom","robots":{"index":"index","follow":"follow","max-snippet":"max-snippet:-1","max-image-preview":"max-image-preview:large","max-video-preview":"max-video-preview:-1"},"canonical":"https:\/\/clair.si\/hr\/izdelek\/balzam-za-kozu-carrdaymartin-revitalizer-belvoir\/","og_locale":"hr_HR","og_type":"article","og_title":"Balzam za ko\u017eu Carr&amp;Day&amp;Martin Revitalizer Belvoir - Clair","og_description":"bezbojno  s prilo\u017eenom spu\u017evicom","og_url":"https:\/\/clair.si\/hr\/izdelek\/balzam-za-kozu-carrdaymartin-revitalizer-belvoir\/","og_site_name":"Clair","article_publisher":"https:\/\/www.facebook.com\/TrgovinaClair\/","article_modified_time":"2025-08-28T03:39:30+00:00","og_image":[{"width":800,"height":800,"url":"https:\/\/clair.si\/wp-content\/uploads\/2025\/03\/belvoir-revitalise-carr.webp","type":"image\/jpeg"}],"twitter_card":"summary_large_image","twitter_misc":{"Procijenjeno vrijeme \u010ditanja":"1 minuta"},"schema":{"@context":"https:\/\/schema.org","@graph":[{"@type":"WebPage","@id":"https:\/\/clair.si\/hr\/izdelek\/balzam-za-kozu-carrdaymartin-revitalizer-belvoir\/","url":"https:\/\/clair.si\/hr\/izdelek\/balzam-za-kozu-carrdaymartin-revitalizer-belvoir\/","name":"Balzam za ko\u017eu Carr&amp;Day&amp;Martin Revitalizer Belvoir - Clair","isPartOf":{"@id":"https:\/\/clair.si\/#website"},"primaryImageOfPage":{"@id":"https:\/\/clair.si\/hr\/izdelek\/balzam-za-kozu-carrdaymartin-revitalizer-belvoir\/#primaryimage"},"image":{"@id":"https:\/\/clair.si\/hr\/izdelek\/balzam-za-kozu-carrdaymartin-revitalizer-belvoir\/#primaryimage"},"thumbnailUrl":"https:\/\/clair.si\/wp-content\/uploads\/2025\/03\/belvoir-revitalise-carr.webp","datePublished":"2025-03-06T12:05:07+00:00","dateModified":"2025-08-28T03:39:30+00:00","description":"bezbojno s prilo\u017eenom spu\u017evicom","breadcrumb":{"@id":"https:\/\/clair.si\/hr\/izdelek\/balzam-za-kozu-carrdaymartin-revitalizer-belvoir\/#breadcrumb"},"inLanguage":"hr","potentialAction":[{"@type":"ReadAction","target":["https:\/\/clair.si\/hr\/izdelek\/balzam-za-kozu-carrdaymartin-revitalizer-belvoir\/"]}]},{"@type":"ImageObject","inLanguage":"hr","@id":"https:\/\/clair.si\/hr\/izdelek\/balzam-za-kozu-carrdaymartin-revitalizer-belvoir\/#primaryimage","url":"https:\/\/clair.si\/wp-content\/uploads\/2025\/03\/belvoir-revitalise-carr.webp","contentUrl":"https:\/\/clair.si\/wp-content\/uploads\/2025\/03\/belvoir-revitalise-carr.webp","width":800,"height":800},{"@type":"BreadcrumbList","@id":"https:\/\/clair.si\/hr\/izdelek\/balzam-za-kozu-carrdaymartin-revitalizer-belvoir\/#breadcrumb","itemListElement":[{"@type":"ListItem","position":1,"name":"Home","item":"https:\/\/clair.si\/hr\/"},{"@type":"ListItem","position":2,"name":"Trgovina","item":"https:\/\/clair.si\/trgovina\/"},{"@type":"ListItem","position":3,"name":"Balzam za ko\u017eu Carr&amp;Day&amp;Martin Revitalizer Belvoir"}]},{"@type":"WebSite","@id":"https:\/\/clair.si\/#website","url":"https:\/\/clair.si\/","name":"Clair","description":"Trgovina s konjeni\u0161ko opremo","publisher":{"@id":"https:\/\/clair.si\/#organization"},"potentialAction":[{"@type":"SearchAction","target":{"@type":"EntryPoint","urlTemplate":"https:\/\/clair.si\/?s={search_term_string}"},"query-input":{"@type":"PropertyValueSpecification","valueRequired":true,"valueName":"search_term_string"}}],"inLanguage":"hr"},{"@type":"Organization","@id":"https:\/\/clair.si\/#organization","name":"Clair","url":"https:\/\/clair.si\/","logo":{"@type":"ImageObject","inLanguage":"hr","@id":"https:\/\/clair.si\/#\/schema\/logo\/image\/","url":"https:\/\/clair.si\/wp-content\/uploads\/2022\/11\/clair_logo_2022.jpg","contentUrl":"https:\/\/clair.si\/wp-content\/uploads\/2022\/11\/clair_logo_2022.jpg","width":1920,"height":1920,"caption":"Clair"},"image":{"@id":"https:\/\/clair.si\/#\/schema\/logo\/image\/"},"sameAs":["https:\/\/www.facebook.com\/TrgovinaClair\/"]}]}},"_links":{"self":[{"href":"https:\/\/clair.si\/hr\/wp-json\/wp\/v2\/product\/93218","targetHints":{"allow":["GET"]}}],"collection":[{"href":"https:\/\/clair.si\/hr\/wp-json\/wp\/v2\/product"}],"about":[{"href":"https:\/\/clair.si\/hr\/wp-json\/wp\/v2\/types\/product"}],"version-history":[{"count":0,"href":"https:\/\/clair.si\/hr\/wp-json\/wp\/v2\/product\/93218\/revisions"}],"wp:featuredmedia":[{"embeddable":true,"href":"https:\/\/clair.si\/hr\/wp-json\/wp\/v2\/media\/93220"}],"wp:attachment":[{"href":"https:\/\/clair.si\/hr\/wp-json\/wp\/v2\/media?parent=93218"}],"wp:term":[{"taxonomy":"product_brand","embeddable":true,"href":"https:\/\/clair.si\/hr\/wp-json\/wp\/v2\/product_brand?post=93218"},{"taxonomy":"product_cat","embeddable":true,"href":"https:\/\/clair.si\/hr\/wp-json\/wp\/v2\/product_cat?post=93218"},{"taxonomy":"product_tag","embeddable":true,"href":"https:\/\/clair.si\/hr\/wp-json\/wp\/v2\/product_tag?post=93218"}],"curies":[{"name":"wp","href":"https:\/\/api.w.org\/{rel}","templated":true}]}}