{"id":93225,"date":"2025-03-12T09:54:02","date_gmt":"2025-03-12T08:54:02","guid":{"rendered":"https:\/\/clair.si\/izdelek\/sampon-carrdaymartin-gallop-black\/"},"modified":"2025-08-27T20:48:48","modified_gmt":"2025-08-27T18:48:48","slug":"sampon-carrdaymartin-gallop-black","status":"publish","type":"product","link":"https:\/\/clair.si\/hr\/izdelek\/sampon-carrdaymartin-gallop-black\/","title":{"rendered":"\u0160ampon Carr&amp;Day&amp;Martin Gallop Black"},"content":{"rendered":"<p data-start=\"0\" data-end=\"309\"><strong data-start=\"0\" data-end=\"50\">\u0160ampon Carr &amp; Day &amp; Martin Gallop Colour Black<\/strong> je luksuzni \u0161ampon, posebno dizajniran za nagla\u0161avanje i intenziviranje prirodne crne ili tamne dlake kod konja. Sadr\u017ei poja\u010diva\u010de boje i opti\u010dke posvjetljiva\u010de koji dlaci osiguravaju sjaj. <\/p>\n<p data-start=\"311\" data-end=\"333\"><strong data-start=\"311\" data-end=\"333\">Klju\u010dne zna\u010dajke:<\/strong><\/p>\n<ul data-start=\"335\" data-end=\"887\">\n<li data-start=\"335\" data-end=\"547\">\n<p data-start=\"337\" data-end=\"547\"><strong data-start=\"337\" data-end=\"359\">Nagla\u0161avanje boje:<\/strong> \u0160ampon sadr\u017ei poja\u010diva\u010de boje i opti\u010dke posvjetljiva\u010de koji intenziviraju prirodnu boju dlake, \u0161to je posebno va\u017eno za crne ili tamne konje.<\/p>\n<\/li>\n<li data-start=\"549\" data-end=\"739\">\n<p data-start=\"551\" data-end=\"739\"><strong data-start=\"551\" data-end=\"573\">Jednostavna uporaba:<\/strong> \u0160ampon se mo\u017ee nanijeti direktno na mokru dlaku, jednostavno se zapjeni i brzo ispire, \u0161to omogu\u0107uje u\u010dinkovito i brzo \u010di\u0161\u0107enje.<\/p>\n<\/li>\n<li data-start=\"741\" data-end=\"887\">\n<p data-start=\"743\" data-end=\"887\"><strong data-start=\"743\" data-end=\"767\">Trenutni rezultati:<\/strong> Nakon uporabe rezultati su odmah vidljivi; dlaka postaje sjajna i boja izra\u017eenija.<\/p>\n<\/li>\n<\/ul>\n<p data-start=\"889\" data-end=\"913\"><strong data-start=\"889\" data-end=\"913\">Upute za uporabu:<\/strong><\/p>\n<ol data-start=\"915\" data-end=\"1150\">\n<li data-start=\"915\" data-end=\"960\">\n<p data-start=\"918\" data-end=\"960\">Nanesite \u0161ampon direktno na mokru dlaku.<\/p>\n<\/li>\n<li data-start=\"962\" data-end=\"1038\">\n<p data-start=\"965\" data-end=\"1038\">Dobro utrljajte pomo\u0107u \u010detke, spu\u017eve ili ruke, da biste stvorili bogatu pjenu.<\/p>\n<\/li>\n<li data-start=\"1040\" data-end=\"1062\">\n<p data-start=\"1043\" data-end=\"1062\">Temeljito isperite.<\/p>\n<\/li>\n<li data-start=\"1064\" data-end=\"1150\">\n<p data-start=\"1067\" data-end=\"1150\">\u0160ampon mo\u017eete koristiti i na grivi i repu.<\/p>\n<\/li>\n<\/ol>\n<p data-start=\"1168\" data-end=\"1532\">Za detaljnije informacije o sastojcima preporu\u010dujemo da provjerite ambala\u017eu proizvoda ili se obratite direktno proizvo\u0111a\u010du.<\/p>\n<p data-start=\"1534\" data-end=\"1725\">Kori\u0161tenjem \u0161ampona Carr &amp; Day &amp; Martin Gallop Colour Black dlaka va\u0161eg konja bit \u0107e dubinski o\u010di\u0161\u0107ena, a boja nagla\u0161ena i sjajna, \u0161to je idealno za pripremu za natjecanja ili svakodnevnu njegu.<\/p>\n","protected":false},"excerpt":{"rendered":"<ul>\n<li>idealan \u0161ampon za crne konje<\/li>\n<li>nagla\u0161ava crni sjaj i boju<\/li>\n<\/ul>\n","protected":false},"featured_media":93227,"template":"","meta":{"footnotes":""},"product_brand":[],"product_cat":[5624,5675,5677,5625,5628,5714,5627],"product_tag":[],"class_list":{"0":"post-93225","1":"product","2":"type-product","3":"status-publish","4":"has-post-thumbnail","6":"product_cat-konj-hr","7":"product_cat-kozmetika-za-konje-hr","8":"product_cat-kozmetika-za-konje-hr-2","9":"product_cat-njega-konja","10":"product_cat-njega-konja-hr","11":"product_cat-samponi-i-sapuni","12":"product_cat-stala-i-pasnjak","14":"first","15":"instock","16":"shipping-taxable","17":"purchasable","18":"product-type-simple"},"yoast_head":"<!-- This site is optimized with the Yoast SEO plugin v27.4 - https:\/\/yoast.com\/product\/yoast-seo-wordpress\/ -->\n<title>\u0160ampon Carr&amp;Day&amp;Martin Gallop Black - Clair<\/title>\n<meta name=\"description\" content=\"idealan \u0161ampon za crne konje  nagla\u0161ava crni sjaj i boju\" \/>\n<meta name=\"robots\" content=\"index, follow, max-snippet:-1, max-image-preview:large, max-video-preview:-1\" \/>\n<link rel=\"canonical\" href=\"https:\/\/clair.si\/hr\/izdelek\/sampon-carrdaymartin-gallop-black\/\" \/>\n<meta property=\"og:locale\" content=\"hr_HR\" \/>\n<meta property=\"og:type\" content=\"article\" \/>\n<meta property=\"og:title\" content=\"\u0160ampon Carr&amp;Day&amp;Martin Gallop Black - Clair\" \/>\n<meta property=\"og:description\" content=\"idealan \u0161ampon za crne konje  nagla\u0161ava crni sjaj i boju\" \/>\n<meta property=\"og:url\" content=\"https:\/\/clair.si\/hr\/izdelek\/sampon-carrdaymartin-gallop-black\/\" \/>\n<meta property=\"og:site_name\" content=\"Clair\" \/>\n<meta property=\"article:publisher\" content=\"https:\/\/www.facebook.com\/TrgovinaClair\/\" \/>\n<meta property=\"article:modified_time\" content=\"2025-08-27T18:48:48+00:00\" \/>\n<meta property=\"og:image\" content=\"https:\/\/clair.si\/wp-content\/uploads\/2025\/03\/gallop-black-sampon-png.webp\" \/>\n\t<meta property=\"og:image:width\" content=\"1000\" \/>\n\t<meta property=\"og:image:height\" content=\"1000\" \/>\n\t<meta property=\"og:image:type\" content=\"image\/png\" \/>\n<meta name=\"twitter:card\" content=\"summary_large_image\" \/>\n<meta name=\"twitter:label1\" content=\"Procijenjeno vrijeme \u010ditanja\" \/>\n\t<meta name=\"twitter:data1\" content=\"1 minuta\" \/>\n<script type=\"application\/ld+json\" class=\"yoast-schema-graph\">{\"@context\":\"https:\\\/\\\/schema.org\",\"@graph\":[{\"@type\":\"WebPage\",\"@id\":\"https:\\\/\\\/clair.si\\\/hr\\\/izdelek\\\/sampon-carrdaymartin-gallop-black\\\/\",\"url\":\"https:\\\/\\\/clair.si\\\/hr\\\/izdelek\\\/sampon-carrdaymartin-gallop-black\\\/\",\"name\":\"\u0160ampon Carr&amp;Day&amp;Martin Gallop Black - Clair\",\"isPartOf\":{\"@id\":\"https:\\\/\\\/clair.si\\\/#website\"},\"primaryImageOfPage\":{\"@id\":\"https:\\\/\\\/clair.si\\\/hr\\\/izdelek\\\/sampon-carrdaymartin-gallop-black\\\/#primaryimage\"},\"image\":{\"@id\":\"https:\\\/\\\/clair.si\\\/hr\\\/izdelek\\\/sampon-carrdaymartin-gallop-black\\\/#primaryimage\"},\"thumbnailUrl\":\"https:\\\/\\\/clair.si\\\/wp-content\\\/uploads\\\/2025\\\/03\\\/gallop-black-sampon.webp\",\"datePublished\":\"2025-03-12T08:54:02+00:00\",\"dateModified\":\"2025-08-27T18:48:48+00:00\",\"description\":\"idealan \u0161ampon za crne konje nagla\u0161ava crni sjaj i boju\",\"breadcrumb\":{\"@id\":\"https:\\\/\\\/clair.si\\\/hr\\\/izdelek\\\/sampon-carrdaymartin-gallop-black\\\/#breadcrumb\"},\"inLanguage\":\"hr\",\"potentialAction\":[{\"@type\":\"ReadAction\",\"target\":[\"https:\\\/\\\/clair.si\\\/hr\\\/izdelek\\\/sampon-carrdaymartin-gallop-black\\\/\"]}]},{\"@type\":\"ImageObject\",\"inLanguage\":\"hr\",\"@id\":\"https:\\\/\\\/clair.si\\\/hr\\\/izdelek\\\/sampon-carrdaymartin-gallop-black\\\/#primaryimage\",\"url\":\"https:\\\/\\\/clair.si\\\/wp-content\\\/uploads\\\/2025\\\/03\\\/gallop-black-sampon.webp\",\"contentUrl\":\"https:\\\/\\\/clair.si\\\/wp-content\\\/uploads\\\/2025\\\/03\\\/gallop-black-sampon.webp\",\"width\":1000,\"height\":1000},{\"@type\":\"BreadcrumbList\",\"@id\":\"https:\\\/\\\/clair.si\\\/hr\\\/izdelek\\\/sampon-carrdaymartin-gallop-black\\\/#breadcrumb\",\"itemListElement\":[{\"@type\":\"ListItem\",\"position\":1,\"name\":\"Home\",\"item\":\"https:\\\/\\\/clair.si\\\/hr\\\/\"},{\"@type\":\"ListItem\",\"position\":2,\"name\":\"Trgovina\",\"item\":\"https:\\\/\\\/clair.si\\\/trgovina\\\/\"},{\"@type\":\"ListItem\",\"position\":3,\"name\":\"\u0160ampon Carr&amp;Day&amp;Martin Gallop Black\"}]},{\"@type\":\"WebSite\",\"@id\":\"https:\\\/\\\/clair.si\\\/#website\",\"url\":\"https:\\\/\\\/clair.si\\\/\",\"name\":\"Clair\",\"description\":\"Trgovina s konjeni\u0161ko opremo\",\"publisher\":{\"@id\":\"https:\\\/\\\/clair.si\\\/#organization\"},\"potentialAction\":[{\"@type\":\"SearchAction\",\"target\":{\"@type\":\"EntryPoint\",\"urlTemplate\":\"https:\\\/\\\/clair.si\\\/?s={search_term_string}\"},\"query-input\":{\"@type\":\"PropertyValueSpecification\",\"valueRequired\":true,\"valueName\":\"search_term_string\"}}],\"inLanguage\":\"hr\"},{\"@type\":\"Organization\",\"@id\":\"https:\\\/\\\/clair.si\\\/#organization\",\"name\":\"Clair\",\"url\":\"https:\\\/\\\/clair.si\\\/\",\"logo\":{\"@type\":\"ImageObject\",\"inLanguage\":\"hr\",\"@id\":\"https:\\\/\\\/clair.si\\\/#\\\/schema\\\/logo\\\/image\\\/\",\"url\":\"https:\\\/\\\/clair.si\\\/wp-content\\\/uploads\\\/2022\\\/11\\\/clair_logo_2022.jpg\",\"contentUrl\":\"https:\\\/\\\/clair.si\\\/wp-content\\\/uploads\\\/2022\\\/11\\\/clair_logo_2022.jpg\",\"width\":1920,\"height\":1920,\"caption\":\"Clair\"},\"image\":{\"@id\":\"https:\\\/\\\/clair.si\\\/#\\\/schema\\\/logo\\\/image\\\/\"},\"sameAs\":[\"https:\\\/\\\/www.facebook.com\\\/TrgovinaClair\\\/\"]}]}<\/script>\n<!-- \/ Yoast SEO plugin. -->","yoast_head_json":{"title":"\u0160ampon Carr&amp;Day&amp;Martin Gallop Black - Clair","description":"idealan \u0161ampon za crne konje  nagla\u0161ava crni sjaj i boju","robots":{"index":"index","follow":"follow","max-snippet":"max-snippet:-1","max-image-preview":"max-image-preview:large","max-video-preview":"max-video-preview:-1"},"canonical":"https:\/\/clair.si\/hr\/izdelek\/sampon-carrdaymartin-gallop-black\/","og_locale":"hr_HR","og_type":"article","og_title":"\u0160ampon Carr&amp;Day&amp;Martin Gallop Black - Clair","og_description":"idealan \u0161ampon za crne konje  nagla\u0161ava crni sjaj i boju","og_url":"https:\/\/clair.si\/hr\/izdelek\/sampon-carrdaymartin-gallop-black\/","og_site_name":"Clair","article_publisher":"https:\/\/www.facebook.com\/TrgovinaClair\/","article_modified_time":"2025-08-27T18:48:48+00:00","og_image":[{"width":1000,"height":1000,"url":"https:\/\/clair.si\/wp-content\/uploads\/2025\/03\/gallop-black-sampon-png.webp","type":"image\/png"}],"twitter_card":"summary_large_image","twitter_misc":{"Procijenjeno vrijeme \u010ditanja":"1 minuta"},"schema":{"@context":"https:\/\/schema.org","@graph":[{"@type":"WebPage","@id":"https:\/\/clair.si\/hr\/izdelek\/sampon-carrdaymartin-gallop-black\/","url":"https:\/\/clair.si\/hr\/izdelek\/sampon-carrdaymartin-gallop-black\/","name":"\u0160ampon Carr&amp;Day&amp;Martin Gallop Black - Clair","isPartOf":{"@id":"https:\/\/clair.si\/#website"},"primaryImageOfPage":{"@id":"https:\/\/clair.si\/hr\/izdelek\/sampon-carrdaymartin-gallop-black\/#primaryimage"},"image":{"@id":"https:\/\/clair.si\/hr\/izdelek\/sampon-carrdaymartin-gallop-black\/#primaryimage"},"thumbnailUrl":"https:\/\/clair.si\/wp-content\/uploads\/2025\/03\/gallop-black-sampon.webp","datePublished":"2025-03-12T08:54:02+00:00","dateModified":"2025-08-27T18:48:48+00:00","description":"idealan \u0161ampon za crne konje nagla\u0161ava crni sjaj i boju","breadcrumb":{"@id":"https:\/\/clair.si\/hr\/izdelek\/sampon-carrdaymartin-gallop-black\/#breadcrumb"},"inLanguage":"hr","potentialAction":[{"@type":"ReadAction","target":["https:\/\/clair.si\/hr\/izdelek\/sampon-carrdaymartin-gallop-black\/"]}]},{"@type":"ImageObject","inLanguage":"hr","@id":"https:\/\/clair.si\/hr\/izdelek\/sampon-carrdaymartin-gallop-black\/#primaryimage","url":"https:\/\/clair.si\/wp-content\/uploads\/2025\/03\/gallop-black-sampon.webp","contentUrl":"https:\/\/clair.si\/wp-content\/uploads\/2025\/03\/gallop-black-sampon.webp","width":1000,"height":1000},{"@type":"BreadcrumbList","@id":"https:\/\/clair.si\/hr\/izdelek\/sampon-carrdaymartin-gallop-black\/#breadcrumb","itemListElement":[{"@type":"ListItem","position":1,"name":"Home","item":"https:\/\/clair.si\/hr\/"},{"@type":"ListItem","position":2,"name":"Trgovina","item":"https:\/\/clair.si\/trgovina\/"},{"@type":"ListItem","position":3,"name":"\u0160ampon Carr&amp;Day&amp;Martin Gallop Black"}]},{"@type":"WebSite","@id":"https:\/\/clair.si\/#website","url":"https:\/\/clair.si\/","name":"Clair","description":"Trgovina s konjeni\u0161ko opremo","publisher":{"@id":"https:\/\/clair.si\/#organization"},"potentialAction":[{"@type":"SearchAction","target":{"@type":"EntryPoint","urlTemplate":"https:\/\/clair.si\/?s={search_term_string}"},"query-input":{"@type":"PropertyValueSpecification","valueRequired":true,"valueName":"search_term_string"}}],"inLanguage":"hr"},{"@type":"Organization","@id":"https:\/\/clair.si\/#organization","name":"Clair","url":"https:\/\/clair.si\/","logo":{"@type":"ImageObject","inLanguage":"hr","@id":"https:\/\/clair.si\/#\/schema\/logo\/image\/","url":"https:\/\/clair.si\/wp-content\/uploads\/2022\/11\/clair_logo_2022.jpg","contentUrl":"https:\/\/clair.si\/wp-content\/uploads\/2022\/11\/clair_logo_2022.jpg","width":1920,"height":1920,"caption":"Clair"},"image":{"@id":"https:\/\/clair.si\/#\/schema\/logo\/image\/"},"sameAs":["https:\/\/www.facebook.com\/TrgovinaClair\/"]}]}},"_links":{"self":[{"href":"https:\/\/clair.si\/hr\/wp-json\/wp\/v2\/product\/93225","targetHints":{"allow":["GET"]}}],"collection":[{"href":"https:\/\/clair.si\/hr\/wp-json\/wp\/v2\/product"}],"about":[{"href":"https:\/\/clair.si\/hr\/wp-json\/wp\/v2\/types\/product"}],"version-history":[{"count":0,"href":"https:\/\/clair.si\/hr\/wp-json\/wp\/v2\/product\/93225\/revisions"}],"wp:featuredmedia":[{"embeddable":true,"href":"https:\/\/clair.si\/hr\/wp-json\/wp\/v2\/media\/93227"}],"wp:attachment":[{"href":"https:\/\/clair.si\/hr\/wp-json\/wp\/v2\/media?parent=93225"}],"wp:term":[{"taxonomy":"product_brand","embeddable":true,"href":"https:\/\/clair.si\/hr\/wp-json\/wp\/v2\/product_brand?post=93225"},{"taxonomy":"product_cat","embeddable":true,"href":"https:\/\/clair.si\/hr\/wp-json\/wp\/v2\/product_cat?post=93225"},{"taxonomy":"product_tag","embeddable":true,"href":"https:\/\/clair.si\/hr\/wp-json\/wp\/v2\/product_tag?post=93225"}],"curies":[{"name":"wp","href":"https:\/\/api.w.org\/{rel}","templated":true}]}}