{"id":93226,"date":"2025-03-06T14:01:05","date_gmt":"2025-03-06T13:01:05","guid":{"rendered":"https:\/\/clair.si\/izdelek\/krema-carrdaymartin-protection-plus\/"},"modified":"2025-08-27T21:53:18","modified_gmt":"2025-08-27T19:53:18","slug":"krema-carrdaymartin-protection-plus","status":"publish","type":"product","link":"https:\/\/clair.si\/hr\/izdelek\/krema-carrdaymartin-protection-plus\/","title":{"rendered":"Krema Carr&amp;Day&amp;Martin Protection Plus"},"content":{"rendered":"<div class=\"flex-1 overflow-hidden @container\/thread translate-y-[2rem] -mt-[2rem] pb-[1.5rem]\">\n<div class=\"relative h-full\">\n<div class=\"flex h-full flex-col overflow-y-auto [scrollbar-gutter:stable]\">\n<div class=\"flex flex-col text-sm md:pb-9\">\n<article class=\"w-full text-token-text-primary focus-visible:outline-2 focus-visible:outline-offset-[-4px]\" dir=\"auto\" data-testid=\"conversation-turn-7\" data-scroll-anchor=\"true\">\n<div class=\"m-auto text-base py-[18px] px-6\">\n<div class=\"mx-auto flex flex-1 text-base gap-4 md:gap-5 lg:gap-6 md:max-w-3xl lg:max-w-[40rem] xl:max-w-[48rem]\">\n<div class=\"group\/conversation-turn relative flex w-full min-w-0 flex-col agent-turn @xs\/thread:px-0 @sm\/thread:px-1.5 @md\/thread:px-4\">\n<div class=\"flex-col gap-1 md:gap-3\">\n<div class=\"flex max-w-full flex-col flex-grow\">\n<div class=\"min-h-8 text-message relative flex w-full flex-col items-end gap-2 whitespace-normal break-words text-start [.text-message+&amp;]:mt-5\" dir=\"auto\" data-message-author-role=\"assistant\" data-message-id=\"bfb8b4b1-09f1-4dd8-a1c7-d7b4471ac153\" data-message-model-slug=\"gpt-4o\">\n<div class=\"flex w-full flex-col gap-1 empty:hidden first:pt-[3px]\">\n<div class=\"markdown prose w-full break-words dark:prose-invert light\">\n<p data-start=\"0\" data-end=\"306\">Krema Carr &amp; Day &amp; Martin Protection Plus je svestrani proizvod, dizajniran za za\u0161titu i njegu osjetljivih ili o\u0161te\u0107enih podru\u010dja konjske ko\u017ee. Njena jedinstvena formula osigurava u\u010dinkovitu za\u0161titu od vlage i prljav\u0161tine te poma\u017ee u sprje\u010davanju i obvladavanju problema kao \u0161to je &#8220;mud fever&#8221;. <\/p>\n<p data-start=\"308\" data-end=\"336\"><strong data-start=\"308\" data-end=\"336\">Klju\u010dne zna\u010dajke kreme:<\/strong><\/p>\n<ul data-start=\"338\" data-end=\"821\">\n<li data-start=\"338\" data-end=\"498\">\n<p data-start=\"340\" data-end=\"498\"><strong data-start=\"340\" data-end=\"362\">Za\u0161titna barijera:<\/strong> Krema djeluje kao barijera koja \u0161titi ranjiva podru\u010dja od vlage i prljav\u0161tine, \u0161to je posebno va\u017eno u mokrim i blatnim uvjetima.<\/p>\n<\/li>\n<li data-start=\"500\" data-end=\"642\">\n<p data-start=\"502\" data-end=\"642\"><strong data-start=\"502\" data-end=\"526\">Vodootporna formula:<\/strong> Zbog svoje vodootporne kompozicije, krema ostaje na mjestu \u010dak i u vla\u017enim uvjetima, \u0161to osigurava dugotrajnu za\u0161titu.<\/p>\n<\/li>\n<li data-start=\"644\" data-end=\"821\">\n<p data-start=\"646\" data-end=\"821\"><strong data-start=\"646\" data-end=\"670\">Svestrana upotreba:<\/strong> Prikladna je za upotrebu na razli\u010ditim dijelovima tijela gdje je potrebna dodatna za\u0161tita ili njega, te je neizostavan proizvod u svakoj opremi za njegu konja.<\/p>\n<\/li>\n<\/ul>\n<p data-start=\"823\" data-end=\"847\"><strong data-start=\"823\" data-end=\"847\">Upute za upotrebu:<\/strong><\/p>\n<ol data-start=\"849\" data-end=\"1174\">\n<li data-start=\"849\" data-end=\"911\">\n<p data-start=\"852\" data-end=\"911\">Prije nano\u0161enja kreme o\u010distite zahva\u0107eno ili ranjivo podru\u010dje.<\/p>\n<\/li>\n<li data-start=\"913\" data-end=\"1001\">\n<p data-start=\"916\" data-end=\"1001\">Kremu obilno nanesite na \u017eeljeno mjesto, paze\u0107i na ravnomjerno prekrivanje.<\/p>\n<\/li>\n<li data-start=\"1003\" data-end=\"1083\">\n<p data-start=\"1006\" data-end=\"1083\">Kremu ponovno nanesite svaki dan ili po potrebi, ovisno o stanju i uvjetima.<\/p>\n<\/li>\n<li data-start=\"1085\" data-end=\"1174\">\n<p data-start=\"1088\" data-end=\"1174\">Za najbolje rezultate, kremu nanesite prije izlaganja mokrim i blatnim uvjetima.<\/p>\n<\/li>\n<\/ol>\n<p data-start=\"1176\" data-end=\"1190\"><strong data-start=\"1176\" data-end=\"1190\">Sastojci:<\/strong><\/p>\n<ul data-start=\"1192\" data-end=\"1405\">\n<li data-start=\"1192\" data-end=\"1269\">\n<p data-start=\"1194\" data-end=\"1269\"><strong data-start=\"1194\" data-end=\"1212\">Ulje citronel:<\/strong> Djeluje kao prirodni repelent i daje kremi ugodan miris.<\/p>\n<\/li>\n<li data-start=\"1271\" data-end=\"1405\">\n<p data-start=\"1273\" data-end=\"1405\"><strong data-start=\"1273\" data-end=\"1299\">Petrolatum (vazelin):<\/strong> Stvara za\u0161titni sloj na ko\u017ei koji sprje\u010dava prodor vlage i prljav\u0161tine te odr\u017eava ko\u017eu mekom i podatnom.<\/p>\n<\/li>\n<\/ul>\n<p data-start=\"1407\" data-end=\"1608\">Kori\u0161tenjem kreme za kopita Carr &amp; Day &amp; Martin Protection Plus osigurat \u0107ete svom konju potrebnu za\u0161titu i njegu, \u0161to \u0107e pridonijeti o\u010duvanju zdrave ko\u017ee i kopita te op\u0107eg dobrog stanja.<\/p>\n<\/div>\n<\/div>\n<\/div>\n<\/div>\n<\/div>\n<\/div>\n<\/div>\n<\/div>\n<\/article>\n<\/div>\n<\/div>\n<\/div>\n<\/div>\n","protected":false},"excerpt":{"rendered":"<ul>\n<li>ru\u017ei\u010daste boje, s mirisom limunske trave<\/li>\n<li>za manje rane ili ogrebotine<\/li>\n<li>odli\u010dna kao preventiva<\/li>\n<\/ul>\n","protected":false},"featured_media":93229,"template":"","meta":{"footnotes":""},"product_brand":[],"product_cat":[5624,5675,5677,5873,5625,5882,5678,5627,5680],"product_tag":[],"class_list":{"0":"post-93226","1":"product","2":"type-product","3":"status-publish","4":"has-post-thumbnail","6":"product_cat-konj-hr","7":"product_cat-kozmetika-za-konje-hr","8":"product_cat-kozmetika-za-konje-hr-2","9":"product_cat-njega-i-zdravlje-kopita","10":"product_cat-njega-konja","11":"product_cat-njega-kopita","12":"product_cat-problemi-s-kozom","13":"product_cat-stala-i-pasnjak","14":"product_cat-zdravlje-i-dobrobit","16":"first","17":"instock","18":"shipping-taxable","19":"purchasable","20":"product-type-simple"},"yoast_head":"<!-- This site is optimized with the Yoast SEO plugin v27.3 - https:\/\/yoast.com\/product\/yoast-seo-wordpress\/ -->\n<title>Krema Carr&amp;Day&amp;Martin Protection Plus - Clair<\/title>\n<meta name=\"description\" content=\"ru\u017ei\u010daste boje, s mirisom limunske trave  za manje rane ili ogrebotine  odli\u010dna kao preventiva\" \/>\n<meta name=\"robots\" content=\"index, follow, max-snippet:-1, max-image-preview:large, max-video-preview:-1\" \/>\n<link rel=\"canonical\" href=\"https:\/\/clair.si\/hr\/izdelek\/krema-carrdaymartin-protection-plus\/\" \/>\n<meta property=\"og:locale\" content=\"hr_HR\" \/>\n<meta property=\"og:type\" content=\"article\" \/>\n<meta property=\"og:title\" content=\"Krema Carr&amp;Day&amp;Martin Protection Plus - Clair\" \/>\n<meta property=\"og:description\" content=\"ru\u017ei\u010daste boje, s mirisom limunske trave  za manje rane ili ogrebotine  odli\u010dna kao preventiva\" \/>\n<meta property=\"og:url\" content=\"https:\/\/clair.si\/hr\/izdelek\/krema-carrdaymartin-protection-plus\/\" \/>\n<meta property=\"og:site_name\" content=\"Clair\" \/>\n<meta property=\"article:publisher\" content=\"https:\/\/www.facebook.com\/TrgovinaClair\/\" \/>\n<meta property=\"article:modified_time\" content=\"2025-08-27T19:53:18+00:00\" \/>\n<meta property=\"og:image\" content=\"https:\/\/clair.si\/wp-content\/uploads\/2025\/03\/Untitled-design-67-png.webp\" \/>\n\t<meta property=\"og:image:width\" content=\"600\" \/>\n\t<meta property=\"og:image:height\" content=\"600\" \/>\n\t<meta property=\"og:image:type\" content=\"image\/png\" \/>\n<meta name=\"twitter:card\" content=\"summary_large_image\" \/>\n<meta name=\"twitter:label1\" content=\"Procijenjeno vrijeme \u010ditanja\" \/>\n\t<meta name=\"twitter:data1\" content=\"1 minuta\" \/>\n<script type=\"application\/ld+json\" class=\"yoast-schema-graph\">{\"@context\":\"https:\\\/\\\/schema.org\",\"@graph\":[{\"@type\":\"WebPage\",\"@id\":\"https:\\\/\\\/clair.si\\\/hr\\\/izdelek\\\/krema-carrdaymartin-protection-plus\\\/\",\"url\":\"https:\\\/\\\/clair.si\\\/hr\\\/izdelek\\\/krema-carrdaymartin-protection-plus\\\/\",\"name\":\"Krema Carr&amp;Day&amp;Martin Protection Plus - Clair\",\"isPartOf\":{\"@id\":\"https:\\\/\\\/clair.si\\\/#website\"},\"primaryImageOfPage\":{\"@id\":\"https:\\\/\\\/clair.si\\\/hr\\\/izdelek\\\/krema-carrdaymartin-protection-plus\\\/#primaryimage\"},\"image\":{\"@id\":\"https:\\\/\\\/clair.si\\\/hr\\\/izdelek\\\/krema-carrdaymartin-protection-plus\\\/#primaryimage\"},\"thumbnailUrl\":\"https:\\\/\\\/clair.si\\\/wp-content\\\/uploads\\\/2025\\\/03\\\/Untitled-design-67.webp\",\"datePublished\":\"2025-03-06T13:01:05+00:00\",\"dateModified\":\"2025-08-27T19:53:18+00:00\",\"description\":\"ru\u017ei\u010daste boje, s mirisom limunske trave za manje rane ili ogrebotine odli\u010dna kao preventiva\",\"breadcrumb\":{\"@id\":\"https:\\\/\\\/clair.si\\\/hr\\\/izdelek\\\/krema-carrdaymartin-protection-plus\\\/#breadcrumb\"},\"inLanguage\":\"hr\",\"potentialAction\":[{\"@type\":\"ReadAction\",\"target\":[\"https:\\\/\\\/clair.si\\\/hr\\\/izdelek\\\/krema-carrdaymartin-protection-plus\\\/\"]}]},{\"@type\":\"ImageObject\",\"inLanguage\":\"hr\",\"@id\":\"https:\\\/\\\/clair.si\\\/hr\\\/izdelek\\\/krema-carrdaymartin-protection-plus\\\/#primaryimage\",\"url\":\"https:\\\/\\\/clair.si\\\/wp-content\\\/uploads\\\/2025\\\/03\\\/Untitled-design-67.webp\",\"contentUrl\":\"https:\\\/\\\/clair.si\\\/wp-content\\\/uploads\\\/2025\\\/03\\\/Untitled-design-67.webp\",\"width\":600,\"height\":600},{\"@type\":\"BreadcrumbList\",\"@id\":\"https:\\\/\\\/clair.si\\\/hr\\\/izdelek\\\/krema-carrdaymartin-protection-plus\\\/#breadcrumb\",\"itemListElement\":[{\"@type\":\"ListItem\",\"position\":1,\"name\":\"Home\",\"item\":\"https:\\\/\\\/clair.si\\\/hr\\\/\"},{\"@type\":\"ListItem\",\"position\":2,\"name\":\"Trgovina\",\"item\":\"https:\\\/\\\/clair.si\\\/trgovina\\\/\"},{\"@type\":\"ListItem\",\"position\":3,\"name\":\"Krema Carr&amp;Day&amp;Martin Protection Plus\"}]},{\"@type\":\"WebSite\",\"@id\":\"https:\\\/\\\/clair.si\\\/#website\",\"url\":\"https:\\\/\\\/clair.si\\\/\",\"name\":\"Clair\",\"description\":\"Trgovina s konjeni\u0161ko opremo\",\"publisher\":{\"@id\":\"https:\\\/\\\/clair.si\\\/#organization\"},\"potentialAction\":[{\"@type\":\"SearchAction\",\"target\":{\"@type\":\"EntryPoint\",\"urlTemplate\":\"https:\\\/\\\/clair.si\\\/?s={search_term_string}\"},\"query-input\":{\"@type\":\"PropertyValueSpecification\",\"valueRequired\":true,\"valueName\":\"search_term_string\"}}],\"inLanguage\":\"hr\"},{\"@type\":\"Organization\",\"@id\":\"https:\\\/\\\/clair.si\\\/#organization\",\"name\":\"Clair\",\"url\":\"https:\\\/\\\/clair.si\\\/\",\"logo\":{\"@type\":\"ImageObject\",\"inLanguage\":\"hr\",\"@id\":\"https:\\\/\\\/clair.si\\\/#\\\/schema\\\/logo\\\/image\\\/\",\"url\":\"https:\\\/\\\/clair.si\\\/wp-content\\\/uploads\\\/2022\\\/11\\\/clair_logo_2022.jpg\",\"contentUrl\":\"https:\\\/\\\/clair.si\\\/wp-content\\\/uploads\\\/2022\\\/11\\\/clair_logo_2022.jpg\",\"width\":1920,\"height\":1920,\"caption\":\"Clair\"},\"image\":{\"@id\":\"https:\\\/\\\/clair.si\\\/#\\\/schema\\\/logo\\\/image\\\/\"},\"sameAs\":[\"https:\\\/\\\/www.facebook.com\\\/TrgovinaClair\\\/\"]}]}<\/script>\n<!-- \/ Yoast SEO plugin. -->","yoast_head_json":{"title":"Krema Carr&amp;Day&amp;Martin Protection Plus - Clair","description":"ru\u017ei\u010daste boje, s mirisom limunske trave  za manje rane ili ogrebotine  odli\u010dna kao preventiva","robots":{"index":"index","follow":"follow","max-snippet":"max-snippet:-1","max-image-preview":"max-image-preview:large","max-video-preview":"max-video-preview:-1"},"canonical":"https:\/\/clair.si\/hr\/izdelek\/krema-carrdaymartin-protection-plus\/","og_locale":"hr_HR","og_type":"article","og_title":"Krema Carr&amp;Day&amp;Martin Protection Plus - Clair","og_description":"ru\u017ei\u010daste boje, s mirisom limunske trave  za manje rane ili ogrebotine  odli\u010dna kao preventiva","og_url":"https:\/\/clair.si\/hr\/izdelek\/krema-carrdaymartin-protection-plus\/","og_site_name":"Clair","article_publisher":"https:\/\/www.facebook.com\/TrgovinaClair\/","article_modified_time":"2025-08-27T19:53:18+00:00","og_image":[{"width":600,"height":600,"url":"https:\/\/clair.si\/wp-content\/uploads\/2025\/03\/Untitled-design-67-png.webp","type":"image\/png"}],"twitter_card":"summary_large_image","twitter_misc":{"Procijenjeno vrijeme \u010ditanja":"1 minuta"},"schema":{"@context":"https:\/\/schema.org","@graph":[{"@type":"WebPage","@id":"https:\/\/clair.si\/hr\/izdelek\/krema-carrdaymartin-protection-plus\/","url":"https:\/\/clair.si\/hr\/izdelek\/krema-carrdaymartin-protection-plus\/","name":"Krema Carr&amp;Day&amp;Martin Protection Plus - Clair","isPartOf":{"@id":"https:\/\/clair.si\/#website"},"primaryImageOfPage":{"@id":"https:\/\/clair.si\/hr\/izdelek\/krema-carrdaymartin-protection-plus\/#primaryimage"},"image":{"@id":"https:\/\/clair.si\/hr\/izdelek\/krema-carrdaymartin-protection-plus\/#primaryimage"},"thumbnailUrl":"https:\/\/clair.si\/wp-content\/uploads\/2025\/03\/Untitled-design-67.webp","datePublished":"2025-03-06T13:01:05+00:00","dateModified":"2025-08-27T19:53:18+00:00","description":"ru\u017ei\u010daste boje, s mirisom limunske trave za manje rane ili ogrebotine odli\u010dna kao preventiva","breadcrumb":{"@id":"https:\/\/clair.si\/hr\/izdelek\/krema-carrdaymartin-protection-plus\/#breadcrumb"},"inLanguage":"hr","potentialAction":[{"@type":"ReadAction","target":["https:\/\/clair.si\/hr\/izdelek\/krema-carrdaymartin-protection-plus\/"]}]},{"@type":"ImageObject","inLanguage":"hr","@id":"https:\/\/clair.si\/hr\/izdelek\/krema-carrdaymartin-protection-plus\/#primaryimage","url":"https:\/\/clair.si\/wp-content\/uploads\/2025\/03\/Untitled-design-67.webp","contentUrl":"https:\/\/clair.si\/wp-content\/uploads\/2025\/03\/Untitled-design-67.webp","width":600,"height":600},{"@type":"BreadcrumbList","@id":"https:\/\/clair.si\/hr\/izdelek\/krema-carrdaymartin-protection-plus\/#breadcrumb","itemListElement":[{"@type":"ListItem","position":1,"name":"Home","item":"https:\/\/clair.si\/hr\/"},{"@type":"ListItem","position":2,"name":"Trgovina","item":"https:\/\/clair.si\/trgovina\/"},{"@type":"ListItem","position":3,"name":"Krema Carr&amp;Day&amp;Martin Protection Plus"}]},{"@type":"WebSite","@id":"https:\/\/clair.si\/#website","url":"https:\/\/clair.si\/","name":"Clair","description":"Trgovina s konjeni\u0161ko opremo","publisher":{"@id":"https:\/\/clair.si\/#organization"},"potentialAction":[{"@type":"SearchAction","target":{"@type":"EntryPoint","urlTemplate":"https:\/\/clair.si\/?s={search_term_string}"},"query-input":{"@type":"PropertyValueSpecification","valueRequired":true,"valueName":"search_term_string"}}],"inLanguage":"hr"},{"@type":"Organization","@id":"https:\/\/clair.si\/#organization","name":"Clair","url":"https:\/\/clair.si\/","logo":{"@type":"ImageObject","inLanguage":"hr","@id":"https:\/\/clair.si\/#\/schema\/logo\/image\/","url":"https:\/\/clair.si\/wp-content\/uploads\/2022\/11\/clair_logo_2022.jpg","contentUrl":"https:\/\/clair.si\/wp-content\/uploads\/2022\/11\/clair_logo_2022.jpg","width":1920,"height":1920,"caption":"Clair"},"image":{"@id":"https:\/\/clair.si\/#\/schema\/logo\/image\/"},"sameAs":["https:\/\/www.facebook.com\/TrgovinaClair\/"]}]}},"_links":{"self":[{"href":"https:\/\/clair.si\/hr\/wp-json\/wp\/v2\/product\/93226","targetHints":{"allow":["GET"]}}],"collection":[{"href":"https:\/\/clair.si\/hr\/wp-json\/wp\/v2\/product"}],"about":[{"href":"https:\/\/clair.si\/hr\/wp-json\/wp\/v2\/types\/product"}],"version-history":[{"count":0,"href":"https:\/\/clair.si\/hr\/wp-json\/wp\/v2\/product\/93226\/revisions"}],"wp:featuredmedia":[{"embeddable":true,"href":"https:\/\/clair.si\/hr\/wp-json\/wp\/v2\/media\/93229"}],"wp:attachment":[{"href":"https:\/\/clair.si\/hr\/wp-json\/wp\/v2\/media?parent=93226"}],"wp:term":[{"taxonomy":"product_brand","embeddable":true,"href":"https:\/\/clair.si\/hr\/wp-json\/wp\/v2\/product_brand?post=93226"},{"taxonomy":"product_cat","embeddable":true,"href":"https:\/\/clair.si\/hr\/wp-json\/wp\/v2\/product_cat?post=93226"},{"taxonomy":"product_tag","embeddable":true,"href":"https:\/\/clair.si\/hr\/wp-json\/wp\/v2\/product_tag?post=93226"}],"curies":[{"name":"wp","href":"https:\/\/api.w.org\/{rel}","templated":true}]}}