{"id":93233,"date":"2025-03-06T10:35:47","date_gmt":"2025-03-06T09:35:47","guid":{"rendered":"https:\/\/clair.si\/izdelek\/elektricni-pastir-proton-m900\/"},"modified":"2026-04-03T09:46:02","modified_gmt":"2026-04-03T07:46:02","slug":"elektricni-pastir-proton-m900","status":"publish","type":"product","link":"https:\/\/clair.si\/hr\/izdelek\/elektricni-pastir-proton-m900\/","title":{"rendered":"Elektri\u010dni pastir Proton M900"},"content":{"rendered":"<ul>\n<li>Priklju\u010dak na elektri\u010dnu mre\u017eu (230V)<\/li>\n<li>Izlazna energija 7J<\/li>\n<li>Duljina ograde u optimalnim uvjetima do 70km<\/li>\n<li>Dva izlaza za struju<\/li>\n<li>LED indikator napona na ogradi<\/li>\n<li>BEZ priklju\u010dnih kablova za ogradu\/uzemljenje<\/li>\n<li><strong>3 godine jamstva<\/strong><\/li>\n<\/ul>\n","protected":false},"excerpt":{"rendered":"<p>Priklju\u010dak na elektri\u010dnu mre\u017eu (230V) Izlazna energija 7J Duljina ograde u optimalnim uvjetima do 70km Dva izlaza za struju LED<\/p>\n","protected":false},"featured_media":93235,"template":"","meta":{"footnotes":""},"product_brand":[],"product_cat":[5856,5820,5627],"product_tag":[],"class_list":{"0":"post-93233","1":"product","2":"type-product","3":"status-publish","4":"has-post-thumbnail","6":"product_cat-elektricni-pastiri","7":"product_cat-oprema-za-pasnjake","8":"product_cat-stala-i-pasnjak","10":"first","11":"instock","12":"sale","13":"shipping-taxable","14":"purchasable","15":"product-type-simple"},"yoast_head":"<!-- This site is optimized with the Yoast SEO plugin v27.4 - https:\/\/yoast.com\/product\/yoast-seo-wordpress\/ -->\n<title>Elektri\u010dni pastir Proton M900 - Clair<\/title>\n<meta name=\"description\" content=\"Priklju\u010dak na elektri\u010dnu mre\u017eu (230V) Izlazna energija 7J Duljina ograde u optimalnim uvjetima do 70km Dva izlaza za struju LED indikator napona na ogradi\" \/>\n<meta name=\"robots\" content=\"index, follow, max-snippet:-1, max-image-preview:large, max-video-preview:-1\" \/>\n<link rel=\"canonical\" href=\"https:\/\/clair.si\/izdelek\/elektricni-pastir-proton-m900\/\" \/>\n<meta property=\"og:locale\" content=\"hr_HR\" \/>\n<meta property=\"og:type\" content=\"article\" \/>\n<meta property=\"og:title\" content=\"Elektri\u010dni pastir Proton M900 - Clair\" \/>\n<meta property=\"og:description\" content=\"Priklju\u010dak na elektri\u010dnu mre\u017eu (230V) Izlazna energija 7J Duljina ograde u optimalnim uvjetima do 70km Dva izlaza za struju LED indikator napona na ogradi\" \/>\n<meta property=\"og:url\" content=\"https:\/\/clair.si\/izdelek\/elektricni-pastir-proton-m900\/\" \/>\n<meta property=\"og:site_name\" content=\"Clair\" \/>\n<meta property=\"article:publisher\" content=\"https:\/\/www.facebook.com\/TrgovinaClair\/\" \/>\n<meta property=\"article:modified_time\" content=\"2026-04-03T07:46:02+00:00\" \/>\n<meta property=\"og:image\" content=\"https:\/\/clair.si\/wp-content\/uploads\/2025\/03\/Proton-M900.webp\" \/>\n\t<meta property=\"og:image:width\" content=\"1200\" \/>\n\t<meta property=\"og:image:height\" content=\"1200\" \/>\n\t<meta property=\"og:image:type\" content=\"image\/jpeg\" \/>\n<meta name=\"twitter:card\" content=\"summary_large_image\" \/>\n<meta name=\"twitter:label1\" content=\"Procijenjeno vrijeme \u010ditanja\" \/>\n\t<meta name=\"twitter:data1\" content=\"1 minuta\" \/>\n<script type=\"application\/ld+json\" class=\"yoast-schema-graph\">{\"@context\":\"https:\\\/\\\/schema.org\",\"@graph\":[{\"@type\":\"WebPage\",\"@id\":\"https:\\\/\\\/clair.si\\\/izdelek\\\/elektricni-pastir-proton-m900\\\/\",\"url\":\"https:\\\/\\\/clair.si\\\/izdelek\\\/elektricni-pastir-proton-m900\\\/\",\"name\":\"Elektri\u010dni pastir Proton M900 - Clair\",\"isPartOf\":{\"@id\":\"https:\\\/\\\/clair.si\\\/#website\"},\"primaryImageOfPage\":{\"@id\":\"https:\\\/\\\/clair.si\\\/izdelek\\\/elektricni-pastir-proton-m900\\\/#primaryimage\"},\"image\":{\"@id\":\"https:\\\/\\\/clair.si\\\/izdelek\\\/elektricni-pastir-proton-m900\\\/#primaryimage\"},\"thumbnailUrl\":\"https:\\\/\\\/clair.si\\\/wp-content\\\/uploads\\\/2025\\\/03\\\/Proton-M900.webp\",\"datePublished\":\"2025-03-06T09:35:47+00:00\",\"dateModified\":\"2026-04-03T07:46:02+00:00\",\"description\":\"Priklju\u010dak na elektri\u010dnu mre\u017eu (230V) Izlazna energija 7J Duljina ograde u optimalnim uvjetima do 70km Dva izlaza za struju LED indikator napona na ogradi\",\"breadcrumb\":{\"@id\":\"https:\\\/\\\/clair.si\\\/izdelek\\\/elektricni-pastir-proton-m900\\\/#breadcrumb\"},\"inLanguage\":\"hr\",\"potentialAction\":[{\"@type\":\"ReadAction\",\"target\":[\"https:\\\/\\\/clair.si\\\/izdelek\\\/elektricni-pastir-proton-m900\\\/\"]}]},{\"@type\":\"ImageObject\",\"inLanguage\":\"hr\",\"@id\":\"https:\\\/\\\/clair.si\\\/izdelek\\\/elektricni-pastir-proton-m900\\\/#primaryimage\",\"url\":\"https:\\\/\\\/clair.si\\\/wp-content\\\/uploads\\\/2025\\\/03\\\/Proton-M900.webp\",\"contentUrl\":\"https:\\\/\\\/clair.si\\\/wp-content\\\/uploads\\\/2025\\\/03\\\/Proton-M900.webp\",\"width\":1200,\"height\":1200},{\"@type\":\"BreadcrumbList\",\"@id\":\"https:\\\/\\\/clair.si\\\/izdelek\\\/elektricni-pastir-proton-m900\\\/#breadcrumb\",\"itemListElement\":[{\"@type\":\"ListItem\",\"position\":1,\"name\":\"Home\",\"item\":\"https:\\\/\\\/clair.si\\\/hr\\\/\"},{\"@type\":\"ListItem\",\"position\":2,\"name\":\"Trgovina\",\"item\":\"https:\\\/\\\/clair.si\\\/trgovina\\\/\"},{\"@type\":\"ListItem\",\"position\":3,\"name\":\"Elektri\u010dni pastir Proton M900\"}]},{\"@type\":\"WebSite\",\"@id\":\"https:\\\/\\\/clair.si\\\/#website\",\"url\":\"https:\\\/\\\/clair.si\\\/\",\"name\":\"Clair\",\"description\":\"Trgovina s konjeni\u0161ko opremo\",\"publisher\":{\"@id\":\"https:\\\/\\\/clair.si\\\/#organization\"},\"potentialAction\":[{\"@type\":\"SearchAction\",\"target\":{\"@type\":\"EntryPoint\",\"urlTemplate\":\"https:\\\/\\\/clair.si\\\/?s={search_term_string}\"},\"query-input\":{\"@type\":\"PropertyValueSpecification\",\"valueRequired\":true,\"valueName\":\"search_term_string\"}}],\"inLanguage\":\"hr\"},{\"@type\":\"Organization\",\"@id\":\"https:\\\/\\\/clair.si\\\/#organization\",\"name\":\"Clair\",\"url\":\"https:\\\/\\\/clair.si\\\/\",\"logo\":{\"@type\":\"ImageObject\",\"inLanguage\":\"hr\",\"@id\":\"https:\\\/\\\/clair.si\\\/#\\\/schema\\\/logo\\\/image\\\/\",\"url\":\"https:\\\/\\\/clair.si\\\/wp-content\\\/uploads\\\/2022\\\/11\\\/clair_logo_2022.jpg\",\"contentUrl\":\"https:\\\/\\\/clair.si\\\/wp-content\\\/uploads\\\/2022\\\/11\\\/clair_logo_2022.jpg\",\"width\":1920,\"height\":1920,\"caption\":\"Clair\"},\"image\":{\"@id\":\"https:\\\/\\\/clair.si\\\/#\\\/schema\\\/logo\\\/image\\\/\"},\"sameAs\":[\"https:\\\/\\\/www.facebook.com\\\/TrgovinaClair\\\/\"]}]}<\/script>\n<!-- \/ Yoast SEO plugin. -->","yoast_head_json":{"title":"Elektri\u010dni pastir Proton M900 - Clair","description":"Priklju\u010dak na elektri\u010dnu mre\u017eu (230V) Izlazna energija 7J Duljina ograde u optimalnim uvjetima do 70km Dva izlaza za struju LED indikator napona na ogradi","robots":{"index":"index","follow":"follow","max-snippet":"max-snippet:-1","max-image-preview":"max-image-preview:large","max-video-preview":"max-video-preview:-1"},"canonical":"https:\/\/clair.si\/izdelek\/elektricni-pastir-proton-m900\/","og_locale":"hr_HR","og_type":"article","og_title":"Elektri\u010dni pastir Proton M900 - Clair","og_description":"Priklju\u010dak na elektri\u010dnu mre\u017eu (230V) Izlazna energija 7J Duljina ograde u optimalnim uvjetima do 70km Dva izlaza za struju LED indikator napona na ogradi","og_url":"https:\/\/clair.si\/izdelek\/elektricni-pastir-proton-m900\/","og_site_name":"Clair","article_publisher":"https:\/\/www.facebook.com\/TrgovinaClair\/","article_modified_time":"2026-04-03T07:46:02+00:00","og_image":[{"width":1200,"height":1200,"url":"https:\/\/clair.si\/wp-content\/uploads\/2025\/03\/Proton-M900.webp","type":"image\/jpeg"}],"twitter_card":"summary_large_image","twitter_misc":{"Procijenjeno vrijeme \u010ditanja":"1 minuta"},"schema":{"@context":"https:\/\/schema.org","@graph":[{"@type":"WebPage","@id":"https:\/\/clair.si\/izdelek\/elektricni-pastir-proton-m900\/","url":"https:\/\/clair.si\/izdelek\/elektricni-pastir-proton-m900\/","name":"Elektri\u010dni pastir Proton M900 - Clair","isPartOf":{"@id":"https:\/\/clair.si\/#website"},"primaryImageOfPage":{"@id":"https:\/\/clair.si\/izdelek\/elektricni-pastir-proton-m900\/#primaryimage"},"image":{"@id":"https:\/\/clair.si\/izdelek\/elektricni-pastir-proton-m900\/#primaryimage"},"thumbnailUrl":"https:\/\/clair.si\/wp-content\/uploads\/2025\/03\/Proton-M900.webp","datePublished":"2025-03-06T09:35:47+00:00","dateModified":"2026-04-03T07:46:02+00:00","description":"Priklju\u010dak na elektri\u010dnu mre\u017eu (230V) Izlazna energija 7J Duljina ograde u optimalnim uvjetima do 70km Dva izlaza za struju LED indikator napona na ogradi","breadcrumb":{"@id":"https:\/\/clair.si\/izdelek\/elektricni-pastir-proton-m900\/#breadcrumb"},"inLanguage":"hr","potentialAction":[{"@type":"ReadAction","target":["https:\/\/clair.si\/izdelek\/elektricni-pastir-proton-m900\/"]}]},{"@type":"ImageObject","inLanguage":"hr","@id":"https:\/\/clair.si\/izdelek\/elektricni-pastir-proton-m900\/#primaryimage","url":"https:\/\/clair.si\/wp-content\/uploads\/2025\/03\/Proton-M900.webp","contentUrl":"https:\/\/clair.si\/wp-content\/uploads\/2025\/03\/Proton-M900.webp","width":1200,"height":1200},{"@type":"BreadcrumbList","@id":"https:\/\/clair.si\/izdelek\/elektricni-pastir-proton-m900\/#breadcrumb","itemListElement":[{"@type":"ListItem","position":1,"name":"Home","item":"https:\/\/clair.si\/hr\/"},{"@type":"ListItem","position":2,"name":"Trgovina","item":"https:\/\/clair.si\/trgovina\/"},{"@type":"ListItem","position":3,"name":"Elektri\u010dni pastir Proton M900"}]},{"@type":"WebSite","@id":"https:\/\/clair.si\/#website","url":"https:\/\/clair.si\/","name":"Clair","description":"Trgovina s konjeni\u0161ko opremo","publisher":{"@id":"https:\/\/clair.si\/#organization"},"potentialAction":[{"@type":"SearchAction","target":{"@type":"EntryPoint","urlTemplate":"https:\/\/clair.si\/?s={search_term_string}"},"query-input":{"@type":"PropertyValueSpecification","valueRequired":true,"valueName":"search_term_string"}}],"inLanguage":"hr"},{"@type":"Organization","@id":"https:\/\/clair.si\/#organization","name":"Clair","url":"https:\/\/clair.si\/","logo":{"@type":"ImageObject","inLanguage":"hr","@id":"https:\/\/clair.si\/#\/schema\/logo\/image\/","url":"https:\/\/clair.si\/wp-content\/uploads\/2022\/11\/clair_logo_2022.jpg","contentUrl":"https:\/\/clair.si\/wp-content\/uploads\/2022\/11\/clair_logo_2022.jpg","width":1920,"height":1920,"caption":"Clair"},"image":{"@id":"https:\/\/clair.si\/#\/schema\/logo\/image\/"},"sameAs":["https:\/\/www.facebook.com\/TrgovinaClair\/"]}]}},"_links":{"self":[{"href":"https:\/\/clair.si\/hr\/wp-json\/wp\/v2\/product\/93233","targetHints":{"allow":["GET"]}}],"collection":[{"href":"https:\/\/clair.si\/hr\/wp-json\/wp\/v2\/product"}],"about":[{"href":"https:\/\/clair.si\/hr\/wp-json\/wp\/v2\/types\/product"}],"version-history":[{"count":1,"href":"https:\/\/clair.si\/hr\/wp-json\/wp\/v2\/product\/93233\/revisions"}],"predecessor-version":[{"id":134893,"href":"https:\/\/clair.si\/hr\/wp-json\/wp\/v2\/product\/93233\/revisions\/134893"}],"wp:featuredmedia":[{"embeddable":true,"href":"https:\/\/clair.si\/hr\/wp-json\/wp\/v2\/media\/93235"}],"wp:attachment":[{"href":"https:\/\/clair.si\/hr\/wp-json\/wp\/v2\/media?parent=93233"}],"wp:term":[{"taxonomy":"product_brand","embeddable":true,"href":"https:\/\/clair.si\/hr\/wp-json\/wp\/v2\/product_brand?post=93233"},{"taxonomy":"product_cat","embeddable":true,"href":"https:\/\/clair.si\/hr\/wp-json\/wp\/v2\/product_cat?post=93233"},{"taxonomy":"product_tag","embeddable":true,"href":"https:\/\/clair.si\/hr\/wp-json\/wp\/v2\/product_tag?post=93233"}],"curies":[{"name":"wp","href":"https:\/\/api.w.org\/{rel}","templated":true}]}}