{"id":93256,"date":"2025-03-03T12:24:13","date_gmt":"2025-03-03T11:24:13","guid":{"rendered":"https:\/\/clair.si\/izdelek\/h-t-mix-keksi-za-konje\/"},"modified":"2025-03-03T12:24:13","modified_gmt":"2025-03-03T11:24:13","slug":"h-t-mix-keksi-za-konje","status":"publish","type":"product","link":"https:\/\/clair.si\/hr\/izdelek\/h-t-mix-keksi-za-konje\/","title":{"rendered":"H-T Mix keksi za konje"},"content":{"rendered":"<p data-start=\"0\" data-end=\"73\"><strong data-start=\"0\" data-end=\"71\">H-T Mix keksi za konje \u2013 ukusna i zdrava nagrada za va\u0161eg konja<\/strong><\/p>\n<p data-start=\"75\" data-end=\"373\">H-T Mix keksi za konje su <strong data-start=\"103\" data-end=\"137\">ukusne i hranjive poslastice<\/strong>, savr\u0161ene za nagra\u0111ivanje va\u0161eg konja nakon treninga ili kao ugodna dnevna poslastica. Njihova <strong data-start=\"232\" data-end=\"276\">hrskava tekstura i prirodni sastojci<\/strong> osiguravaju uravnote\u017een i zdrav dodatak prehrani, koji konje odu\u0161evljava svakim zalogajem. U vre\u0107ici se skrivaju poslastice s okusom maline, mrkve i bilja.  <\/p>\n<p data-start=\"375\" data-end=\"650\">\ud83c\udf4f <strong data-start=\"378\" data-end=\"421\">Za\u0161to odabrati H-T Mix kekse za konje?<\/strong><br data-start=\"421\" data-end=\"424\">\u2714\ufe0f Ukusna mje\u0161avina razli\u010ditih prirodnih sastojaka<br data-start=\"470\" data-end=\"473\">\u2714\ufe0f Hrskavi, ali jednostavni za grickanje \u2013 prikladni za sve konje<br data-start=\"535\" data-end=\"538\">\u2714\ufe0f Bez umjetnih bojila i konzervansa<br data-start=\"576\" data-end=\"579\">\u2714\ufe0f Idealni za nagra\u0111ivanje tijekom treninga ili jednostavno kao poslastica<\/p>\n<p data-start=\"652\" data-end=\"1002\"><strong data-start=\"655\" data-end=\"667\">Sastav:<\/strong><br data-start=\"667\" data-end=\"670\">Napravljeni od <strong data-start=\"710\" data-end=\"753\">kvalitetnih \u017eitarica i biljnih sastojaka<\/strong>, koji podr\u017eavaju uravnote\u017eenu prehranu:<br data-start=\"790\" data-end=\"793\">\u2705 <strong data-start=\"795\" data-end=\"803\">\u017ditarice<\/strong> \u2013 izvor energije i lako probavljivih ugljikohidrata<br data-start=\"860\" data-end=\"863\" data-is-only-node=\"\">\u2705 <strong data-start=\"865\" data-end=\"889\">Minerali i vitamini<\/strong> \u2013 podr\u017eavaju op\u0107e zdravlje i vitalnost<br data-start=\"930\" data-end=\"933\">\u2705 <strong data-start=\"935\" data-end=\"952\">Prirodni okusi<\/strong> \u2013 za jo\u0161 ve\u0107u privla\u010dnost bez umjetnih dodataka<\/p>\n<p data-start=\"1004\" data-end=\"1259\">\ud83d\udfe2 <strong data-start=\"1007\" data-end=\"1031\">Upute za upotrebu:<\/strong><br data-start=\"1031\" data-end=\"1034\">\u2705 Poslu\u017eite kao nagradu tijekom treninga, nakon jahanja ili kao dnevnu poslasticu.<br data-start=\"1108\" data-end=\"1111\">\u2705 Preporu\u010dena koli\u010dina: <strong data-start=\"1135\" data-end=\"1160\">nekoliko keksa dnevno<\/strong>, ovisno o veli\u010dini i aktivnosti konja.<br data-start=\"1203\" data-end=\"1206\">\u2705 Pobrinite se da konj uvijek ima na raspolaganju svje\u017eu vodu.<\/p>\n<p data-start=\"1261\" data-end=\"1413\">\ud83d\udd39 <strong data-start=\"1264\" data-end=\"1275\">Savjet:<\/strong> Kekse mo\u017eete koristiti i za pobolj\u0161anje motivacije pri u\u010denju novih vje\u017ebi ili kao na\u010din za stvaranje ja\u010de veze sa svojim konjem.<\/p>\n<p data-start=\"1415\" data-end=\"1540\" data-is-last-node=\"\" data-is-only-node=\"\">Razveselite svojeg konja ukusnim i hranjivim <strong data-start=\"1467\" data-end=\"1495\">H-T Mix keksima za konje<\/strong> \u2013 prirodna nagrada koju \u0107e obo\u017eavati! \ud83d\udc34\ud83c\udf4e\ud83e\udd55 <\/p>\n<p data-start=\"128\" data-end=\"441\"><strong data-start=\"128\" data-end=\"138\">MALINA<\/strong><br data-start=\"138\" data-end=\"141\"><strong data-start=\"141\" data-end=\"153\">Sastav:<\/strong> p\u0161eni\u010dne mekinje, zobene mekinje, je\u010dam, kalcijev karbonat, kukuruz, melasni \u0161e\u0107er od \u0161e\u0107erne trske, prah od repe, 0,1 % trop od maline.<br data-start=\"275\" data-end=\"278\"><strong data-start=\"278\" data-end=\"300\">Analiti\u010dki sastav:<\/strong> sirove bjelan\u010devine 10,3 %, sirove masti 3,3 %, sirova vlaknina 11,1 %, sirovi pepeo 12,3 %, kalcij 3,19 %, natrij 0,09 %, fosfor 0,51 %.<\/p>\n<p data-start=\"443\" data-end=\"782\"><strong data-start=\"443\" data-end=\"454\">MRKVA<\/strong><br data-start=\"454\" data-end=\"457\"><strong data-start=\"457\" data-end=\"469\">Sastav:<\/strong> p\u0161eni\u010dne mekinje, zobene mekinje, je\u010dam, kalcijev karbonat, kukuruz, melasni \u0161e\u0107er od \u0161e\u0107erne trske, 2,8 % trop od mrkve, prah od repe, 0,1 % mrkva (su\u0161ena).<br data-start=\"617\" data-end=\"620\"><strong data-start=\"620\" data-end=\"642\">Analiti\u010dki sastav:<\/strong> sirove bjelan\u010devine 10,7 %, sirove masti 3,2 %, sirova vlaknina 10,0 %, sirovi pepeo 11,9 %, kalcij 3,1 %, natrij 0,09 %, fosfor 0,53 %.<\/p>\n<p data-start=\"784\" data-end=\"1204\"><strong data-start=\"784\" data-end=\"795\">ZA\u010cINI<\/strong><br data-start=\"795\" data-end=\"798\"><strong data-start=\"798\" data-end=\"810\">Sastav:<\/strong> p\u0161eni\u010dne mekinje, zobene mekinje, lucerna, kalcijev karbonat, je\u010dam, melasni \u0161e\u0107er od \u0161e\u0107erne trske, kukuruz, 1 % za\u010dini (metvica, kim, piskavica, sladi\u0107, kurkuma, korijen calamusa, sjemenke komora\u010da, cvjetovi kamilice).<br data-start=\"1039\" data-end=\"1042\"><strong data-start=\"1042\" data-end=\"1064\">Analiti\u010dki sastav:<\/strong> sirove bjelan\u010devine 10,9 %, sirove masti 3,1 %, sirova vlaknina 15,1 %, sirovi pepeo 13,0 %, kalcij 3,5 %, natrij 0,09 %, fosfor 0,44 %.<\/p>\n","protected":false},"excerpt":{"rendered":"<ul>\n<li>mje\u0161avina tri razli\u010dita okusa<\/li>\n<li>vre\u0107ica od 1 kg<\/li>\n<\/ul>\n","protected":false},"featured_media":93257,"template":"","meta":{"footnotes":""},"product_brand":[],"product_cat":[5782,5710,5712],"product_tag":[],"class_list":{"0":"post-93256","1":"product","2":"type-product","3":"status-publish","4":"has-post-thumbnail","6":"product_cat-kolacici-i-kamenje-soli","7":"product_cat-hrana-za-konje-hr","8":"product_cat-prehrambeni-dodaci","10":"first","11":"instock","12":"sale","13":"shipping-taxable","14":"purchasable","15":"product-type-simple"},"yoast_head":"<!-- This site is optimized with the Yoast SEO plugin v27.4 - https:\/\/yoast.com\/product\/yoast-seo-wordpress\/ -->\n<title>H-T Mix keksi za konje - Clair<\/title>\n<meta name=\"description\" content=\"mje\u0161avina tri razli\u010dita okusa  vre\u0107ica od 1 kg\" \/>\n<meta name=\"robots\" content=\"index, follow, max-snippet:-1, max-image-preview:large, max-video-preview:-1\" \/>\n<link rel=\"canonical\" href=\"https:\/\/clair.si\/hr\/izdelek\/h-t-mix-keksi-za-konje\/\" \/>\n<meta property=\"og:locale\" content=\"hr_HR\" \/>\n<meta property=\"og:type\" content=\"article\" \/>\n<meta property=\"og:title\" content=\"H-T Mix keksi za konje - Clair\" \/>\n<meta property=\"og:description\" content=\"mje\u0161avina tri razli\u010dita okusa  vre\u0107ica od 1 kg\" \/>\n<meta property=\"og:url\" content=\"https:\/\/clair.si\/hr\/izdelek\/h-t-mix-keksi-za-konje\/\" \/>\n<meta property=\"og:site_name\" content=\"Clair\" \/>\n<meta property=\"article:publisher\" content=\"https:\/\/www.facebook.com\/TrgovinaClair\/\" \/>\n<meta property=\"og:image\" content=\"https:\/\/clair.si\/wp-content\/uploads\/2025\/03\/h.t-mix.webp\" \/>\n\t<meta property=\"og:image:width\" content=\"458\" \/>\n\t<meta property=\"og:image:height\" content=\"458\" \/>\n\t<meta property=\"og:image:type\" content=\"image\/jpeg\" \/>\n<meta name=\"twitter:card\" content=\"summary_large_image\" \/>\n<meta name=\"twitter:label1\" content=\"Procijenjeno vrijeme \u010ditanja\" \/>\n\t<meta name=\"twitter:data1\" content=\"2 minute\" \/>\n<script type=\"application\/ld+json\" class=\"yoast-schema-graph\">{\"@context\":\"https:\\\/\\\/schema.org\",\"@graph\":[{\"@type\":\"WebPage\",\"@id\":\"https:\\\/\\\/clair.si\\\/hr\\\/izdelek\\\/h-t-mix-keksi-za-konje\\\/\",\"url\":\"https:\\\/\\\/clair.si\\\/hr\\\/izdelek\\\/h-t-mix-keksi-za-konje\\\/\",\"name\":\"H-T Mix keksi za konje - Clair\",\"isPartOf\":{\"@id\":\"https:\\\/\\\/clair.si\\\/#website\"},\"primaryImageOfPage\":{\"@id\":\"https:\\\/\\\/clair.si\\\/hr\\\/izdelek\\\/h-t-mix-keksi-za-konje\\\/#primaryimage\"},\"image\":{\"@id\":\"https:\\\/\\\/clair.si\\\/hr\\\/izdelek\\\/h-t-mix-keksi-za-konje\\\/#primaryimage\"},\"thumbnailUrl\":\"https:\\\/\\\/clair.si\\\/wp-content\\\/uploads\\\/2025\\\/03\\\/h.t-mix.webp\",\"datePublished\":\"2025-03-03T11:24:13+00:00\",\"description\":\"mje\u0161avina tri razli\u010dita okusa vre\u0107ica od 1 kg\",\"breadcrumb\":{\"@id\":\"https:\\\/\\\/clair.si\\\/hr\\\/izdelek\\\/h-t-mix-keksi-za-konje\\\/#breadcrumb\"},\"inLanguage\":\"hr\",\"potentialAction\":[{\"@type\":\"ReadAction\",\"target\":[\"https:\\\/\\\/clair.si\\\/hr\\\/izdelek\\\/h-t-mix-keksi-za-konje\\\/\"]}]},{\"@type\":\"ImageObject\",\"inLanguage\":\"hr\",\"@id\":\"https:\\\/\\\/clair.si\\\/hr\\\/izdelek\\\/h-t-mix-keksi-za-konje\\\/#primaryimage\",\"url\":\"https:\\\/\\\/clair.si\\\/wp-content\\\/uploads\\\/2025\\\/03\\\/h.t-mix.webp\",\"contentUrl\":\"https:\\\/\\\/clair.si\\\/wp-content\\\/uploads\\\/2025\\\/03\\\/h.t-mix.webp\",\"width\":458,\"height\":458},{\"@type\":\"BreadcrumbList\",\"@id\":\"https:\\\/\\\/clair.si\\\/hr\\\/izdelek\\\/h-t-mix-keksi-za-konje\\\/#breadcrumb\",\"itemListElement\":[{\"@type\":\"ListItem\",\"position\":1,\"name\":\"Home\",\"item\":\"https:\\\/\\\/clair.si\\\/hr\\\/\"},{\"@type\":\"ListItem\",\"position\":2,\"name\":\"Trgovina\",\"item\":\"https:\\\/\\\/clair.si\\\/trgovina\\\/\"},{\"@type\":\"ListItem\",\"position\":3,\"name\":\"H-T Mix keksi za konje\"}]},{\"@type\":\"WebSite\",\"@id\":\"https:\\\/\\\/clair.si\\\/#website\",\"url\":\"https:\\\/\\\/clair.si\\\/\",\"name\":\"Clair\",\"description\":\"Trgovina s konjeni\u0161ko opremo\",\"publisher\":{\"@id\":\"https:\\\/\\\/clair.si\\\/#organization\"},\"potentialAction\":[{\"@type\":\"SearchAction\",\"target\":{\"@type\":\"EntryPoint\",\"urlTemplate\":\"https:\\\/\\\/clair.si\\\/?s={search_term_string}\"},\"query-input\":{\"@type\":\"PropertyValueSpecification\",\"valueRequired\":true,\"valueName\":\"search_term_string\"}}],\"inLanguage\":\"hr\"},{\"@type\":\"Organization\",\"@id\":\"https:\\\/\\\/clair.si\\\/#organization\",\"name\":\"Clair\",\"url\":\"https:\\\/\\\/clair.si\\\/\",\"logo\":{\"@type\":\"ImageObject\",\"inLanguage\":\"hr\",\"@id\":\"https:\\\/\\\/clair.si\\\/#\\\/schema\\\/logo\\\/image\\\/\",\"url\":\"https:\\\/\\\/clair.si\\\/wp-content\\\/uploads\\\/2022\\\/11\\\/clair_logo_2022.jpg\",\"contentUrl\":\"https:\\\/\\\/clair.si\\\/wp-content\\\/uploads\\\/2022\\\/11\\\/clair_logo_2022.jpg\",\"width\":1920,\"height\":1920,\"caption\":\"Clair\"},\"image\":{\"@id\":\"https:\\\/\\\/clair.si\\\/#\\\/schema\\\/logo\\\/image\\\/\"},\"sameAs\":[\"https:\\\/\\\/www.facebook.com\\\/TrgovinaClair\\\/\"]}]}<\/script>\n<!-- \/ Yoast SEO plugin. -->","yoast_head_json":{"title":"H-T Mix keksi za konje - Clair","description":"mje\u0161avina tri razli\u010dita okusa  vre\u0107ica od 1 kg","robots":{"index":"index","follow":"follow","max-snippet":"max-snippet:-1","max-image-preview":"max-image-preview:large","max-video-preview":"max-video-preview:-1"},"canonical":"https:\/\/clair.si\/hr\/izdelek\/h-t-mix-keksi-za-konje\/","og_locale":"hr_HR","og_type":"article","og_title":"H-T Mix keksi za konje - Clair","og_description":"mje\u0161avina tri razli\u010dita okusa  vre\u0107ica od 1 kg","og_url":"https:\/\/clair.si\/hr\/izdelek\/h-t-mix-keksi-za-konje\/","og_site_name":"Clair","article_publisher":"https:\/\/www.facebook.com\/TrgovinaClair\/","og_image":[{"width":458,"height":458,"url":"https:\/\/clair.si\/wp-content\/uploads\/2025\/03\/h.t-mix.webp","type":"image\/jpeg"}],"twitter_card":"summary_large_image","twitter_misc":{"Procijenjeno vrijeme \u010ditanja":"2 minute"},"schema":{"@context":"https:\/\/schema.org","@graph":[{"@type":"WebPage","@id":"https:\/\/clair.si\/hr\/izdelek\/h-t-mix-keksi-za-konje\/","url":"https:\/\/clair.si\/hr\/izdelek\/h-t-mix-keksi-za-konje\/","name":"H-T Mix keksi za konje - Clair","isPartOf":{"@id":"https:\/\/clair.si\/#website"},"primaryImageOfPage":{"@id":"https:\/\/clair.si\/hr\/izdelek\/h-t-mix-keksi-za-konje\/#primaryimage"},"image":{"@id":"https:\/\/clair.si\/hr\/izdelek\/h-t-mix-keksi-za-konje\/#primaryimage"},"thumbnailUrl":"https:\/\/clair.si\/wp-content\/uploads\/2025\/03\/h.t-mix.webp","datePublished":"2025-03-03T11:24:13+00:00","description":"mje\u0161avina tri razli\u010dita okusa vre\u0107ica od 1 kg","breadcrumb":{"@id":"https:\/\/clair.si\/hr\/izdelek\/h-t-mix-keksi-za-konje\/#breadcrumb"},"inLanguage":"hr","potentialAction":[{"@type":"ReadAction","target":["https:\/\/clair.si\/hr\/izdelek\/h-t-mix-keksi-za-konje\/"]}]},{"@type":"ImageObject","inLanguage":"hr","@id":"https:\/\/clair.si\/hr\/izdelek\/h-t-mix-keksi-za-konje\/#primaryimage","url":"https:\/\/clair.si\/wp-content\/uploads\/2025\/03\/h.t-mix.webp","contentUrl":"https:\/\/clair.si\/wp-content\/uploads\/2025\/03\/h.t-mix.webp","width":458,"height":458},{"@type":"BreadcrumbList","@id":"https:\/\/clair.si\/hr\/izdelek\/h-t-mix-keksi-za-konje\/#breadcrumb","itemListElement":[{"@type":"ListItem","position":1,"name":"Home","item":"https:\/\/clair.si\/hr\/"},{"@type":"ListItem","position":2,"name":"Trgovina","item":"https:\/\/clair.si\/trgovina\/"},{"@type":"ListItem","position":3,"name":"H-T Mix keksi za konje"}]},{"@type":"WebSite","@id":"https:\/\/clair.si\/#website","url":"https:\/\/clair.si\/","name":"Clair","description":"Trgovina s konjeni\u0161ko opremo","publisher":{"@id":"https:\/\/clair.si\/#organization"},"potentialAction":[{"@type":"SearchAction","target":{"@type":"EntryPoint","urlTemplate":"https:\/\/clair.si\/?s={search_term_string}"},"query-input":{"@type":"PropertyValueSpecification","valueRequired":true,"valueName":"search_term_string"}}],"inLanguage":"hr"},{"@type":"Organization","@id":"https:\/\/clair.si\/#organization","name":"Clair","url":"https:\/\/clair.si\/","logo":{"@type":"ImageObject","inLanguage":"hr","@id":"https:\/\/clair.si\/#\/schema\/logo\/image\/","url":"https:\/\/clair.si\/wp-content\/uploads\/2022\/11\/clair_logo_2022.jpg","contentUrl":"https:\/\/clair.si\/wp-content\/uploads\/2022\/11\/clair_logo_2022.jpg","width":1920,"height":1920,"caption":"Clair"},"image":{"@id":"https:\/\/clair.si\/#\/schema\/logo\/image\/"},"sameAs":["https:\/\/www.facebook.com\/TrgovinaClair\/"]}]}},"_links":{"self":[{"href":"https:\/\/clair.si\/hr\/wp-json\/wp\/v2\/product\/93256","targetHints":{"allow":["GET"]}}],"collection":[{"href":"https:\/\/clair.si\/hr\/wp-json\/wp\/v2\/product"}],"about":[{"href":"https:\/\/clair.si\/hr\/wp-json\/wp\/v2\/types\/product"}],"version-history":[{"count":0,"href":"https:\/\/clair.si\/hr\/wp-json\/wp\/v2\/product\/93256\/revisions"}],"wp:featuredmedia":[{"embeddable":true,"href":"https:\/\/clair.si\/hr\/wp-json\/wp\/v2\/media\/93257"}],"wp:attachment":[{"href":"https:\/\/clair.si\/hr\/wp-json\/wp\/v2\/media?parent=93256"}],"wp:term":[{"taxonomy":"product_brand","embeddable":true,"href":"https:\/\/clair.si\/hr\/wp-json\/wp\/v2\/product_brand?post=93256"},{"taxonomy":"product_cat","embeddable":true,"href":"https:\/\/clair.si\/hr\/wp-json\/wp\/v2\/product_cat?post=93256"},{"taxonomy":"product_tag","embeddable":true,"href":"https:\/\/clair.si\/hr\/wp-json\/wp\/v2\/product_tag?post=93256"}],"curies":[{"name":"wp","href":"https:\/\/api.w.org\/{rel}","templated":true}]}}