{"id":93278,"date":"2024-12-20T13:07:39","date_gmt":"2024-12-20T12:07:39","guid":{"rendered":"https:\/\/clair.si\/izdelek\/dresurno-sedlo-hkm-daphne\/"},"modified":"2025-11-30T09:09:16","modified_gmt":"2025-11-30T08:09:16","slug":"dresurna-podsedlica-hkm-daphne","status":"publish","type":"product","link":"https:\/\/clair.si\/hr\/izdelek\/dresurna-podsedlica-hkm-daphne\/","title":{"rendered":"Dresurno podsedlica HKM Daphne"},"content":{"rendered":"<div class=\"flex max-w-full flex-col flex-grow\">\n<div class=\"min-h-8 text-message flex w-full flex-col items-end gap-2 whitespace-normal break-words text-start [.text-message+&amp;]:mt-5\" dir=\"auto\" data-message-author-role=\"assistant\" data-message-id=\"51b4c4f4-341d-4b1b-83bf-1c86a7eb2f66\" data-message-model-slug=\"gpt-4o\">\n<div class=\"flex w-full flex-col gap-1 empty:hidden first:pt-[3px]\">\n<div class=\"markdown prose w-full break-words dark:prose-invert light\">\n<p><strong>Dresurno podsedlica HKM Daphne \u2013 stil i udobnost za sve prilike!<\/strong><\/p>\n<p>Sedlo HKM Daphne savr\u0161ena je kombinacija modernih materijala i profinjenog dizajna koji odgovara svim vrstama jahanja. Dizajnirano je za pru\u017eanje maksimalne udobnosti va\u0161em konju i dugotrajne izdr\u017eljivosti. <\/p>\n<h3><strong>Zna\u010dajke podsedlice HKM Daphne<\/strong><\/h3>\n<ul>\n<li><strong>Materijal<\/strong>: 100 % poliester koji osigurava otpornost na habanje i jednostavno odr\u017eavanje.<\/li>\n<li><strong>Punjenje<\/strong>: Visokokvalitetna pjena i poliesterska vlakna za u\u010dinkovito ubla\u017eavanje i za\u0161titu od pritiska.<\/li>\n<li><strong>Podstava<\/strong>: Prozra\u010dna mre\u017easta tkanina koja se brzo su\u0161i i odr\u017eava konjeva le\u0111a suhima te sprje\u010dava pregrijavanje.<\/li>\n<li><strong>Dizajn<\/strong>: Elegantan pro\u0161iveni uzorak s kontrastnim detaljima za estetski dovr\u0161en izgled.<\/li>\n<li><strong>Pri\u010dvrsni remeni<\/strong>: Podesivi i izdr\u017eljivi remeni koji osiguravaju sigurno pri\u010dvr\u0161\u0107ivanje sedla na sedlo.<\/li>\n<\/ul>\n<h3><strong>Upute za odr\u017eavanje<\/strong><\/h3>\n<ul>\n<li>Pranje u perilici rublja na temperaturi do 30 \u00b0C.<\/li>\n<li>Izbjegavajte kori\u0161tenje omek\u0161iva\u010da kako biste o\u010duvali prozra\u010dnost materijala.<\/li>\n<li>Nakon pranja objesite na zrak da se prirodno osu\u0161i \u2013 su\u0161enje u su\u0161ilici nije preporu\u010dljivo.<\/li>\n<li>Redovito uklanjajte prljav\u0161tinu i dlake \u010detkom za produljenje \u017eivotnog vijeka sedla.<\/li>\n<\/ul>\n<p>Sedlo HKM Daphne kombinira funkcionalnost i moderan izgled, \u0161to ga \u010dini idealnim izborom za svakodnevno jahanje ili posebne prigode. Poka\u017eite svoju strast prema detaljima s opremom koja je dizajnirana za vas i va\u0161eg konja! <\/p>\n<\/div>\n<\/div>\n<\/div>\n<\/div>\n","protected":false},"excerpt":{"rendered":"<ul>\n<li>svjetlucavi ukrasni rub<\/li>\n<li>pro\u0161iven \u201ecvjetnim\u201d uzorkom<\/li>\n<\/ul>\n","protected":false},"featured_media":120254,"template":"","meta":{"footnotes":""},"product_brand":[],"product_cat":[5727,5624,5726],"product_tag":[],"class_list":{"0":"post-93278","1":"product","2":"type-product","3":"status-publish","4":"has-post-thumbnail","6":"product_cat-dresurne-podsedlice","7":"product_cat-konj-hr","8":"product_cat-podsedlice-i-kapice-za-usi","10":"first","11":"instock","12":"sale","13":"shipping-taxable","14":"purchasable","15":"product-type-variable"},"yoast_head":"<!-- This site is optimized with the Yoast SEO plugin v27.4 - https:\/\/yoast.com\/product\/yoast-seo-wordpress\/ -->\n<title>Dresurno podsedlica HKM Daphne - Clair<\/title>\n<meta name=\"description\" content=\"svjetlucavi ukrasni rub  pro\u0161iven \u201ecvjetnim\u201d uzorkom\" \/>\n<meta name=\"robots\" content=\"index, follow, max-snippet:-1, max-image-preview:large, max-video-preview:-1\" \/>\n<link rel=\"canonical\" href=\"https:\/\/clair.si\/hr\/izdelek\/dresurna-podsedlica-hkm-daphne\/\" \/>\n<meta property=\"og:locale\" content=\"hr_HR\" \/>\n<meta property=\"og:type\" content=\"article\" \/>\n<meta property=\"og:title\" content=\"Dresurno podsedlica HKM Daphne - Clair\" \/>\n<meta property=\"og:description\" content=\"svjetlucavi ukrasni rub  pro\u0161iven \u201ecvjetnim\u201d uzorkom\" \/>\n<meta property=\"og:url\" content=\"https:\/\/clair.si\/hr\/izdelek\/dresurna-podsedlica-hkm-daphne\/\" \/>\n<meta property=\"og:site_name\" content=\"Clair\" \/>\n<meta property=\"article:publisher\" content=\"https:\/\/www.facebook.com\/TrgovinaClair\/\" \/>\n<meta property=\"article:modified_time\" content=\"2025-11-30T08:09:16+00:00\" \/>\n<meta property=\"og:image\" content=\"https:\/\/clair.si\/wp-content\/uploads\/2024\/12\/hkm-daphne-podsedelnica-kaki-d.avif\" \/>\n\t<meta property=\"og:image:width\" content=\"700\" \/>\n\t<meta property=\"og:image:height\" content=\"700\" \/>\n\t<meta property=\"og:image:type\" content=\"image\/jpeg\" \/>\n<meta name=\"twitter:card\" content=\"summary_large_image\" \/>\n<meta name=\"twitter:label1\" content=\"Procijenjeno vrijeme \u010ditanja\" \/>\n\t<meta name=\"twitter:data1\" content=\"2 minute\" \/>\n<script type=\"application\/ld+json\" class=\"yoast-schema-graph\">{\"@context\":\"https:\\\/\\\/schema.org\",\"@graph\":[{\"@type\":\"WebPage\",\"@id\":\"https:\\\/\\\/clair.si\\\/hr\\\/izdelek\\\/dresurna-podsedlica-hkm-daphne\\\/\",\"url\":\"https:\\\/\\\/clair.si\\\/hr\\\/izdelek\\\/dresurna-podsedlica-hkm-daphne\\\/\",\"name\":\"Dresurno podsedlica HKM Daphne - Clair\",\"isPartOf\":{\"@id\":\"https:\\\/\\\/clair.si\\\/#website\"},\"primaryImageOfPage\":{\"@id\":\"https:\\\/\\\/clair.si\\\/hr\\\/izdelek\\\/dresurna-podsedlica-hkm-daphne\\\/#primaryimage\"},\"image\":{\"@id\":\"https:\\\/\\\/clair.si\\\/hr\\\/izdelek\\\/dresurna-podsedlica-hkm-daphne\\\/#primaryimage\"},\"thumbnailUrl\":\"https:\\\/\\\/clair.si\\\/wp-content\\\/uploads\\\/2024\\\/12\\\/hkm-daphne-podsedelnica-kaki-d.avif\",\"datePublished\":\"2024-12-20T12:07:39+00:00\",\"dateModified\":\"2025-11-30T08:09:16+00:00\",\"description\":\"svjetlucavi ukrasni rub pro\u0161iven \u201ecvjetnim\u201d uzorkom\",\"breadcrumb\":{\"@id\":\"https:\\\/\\\/clair.si\\\/hr\\\/izdelek\\\/dresurna-podsedlica-hkm-daphne\\\/#breadcrumb\"},\"inLanguage\":\"hr\",\"potentialAction\":[{\"@type\":\"ReadAction\",\"target\":[\"https:\\\/\\\/clair.si\\\/hr\\\/izdelek\\\/dresurna-podsedlica-hkm-daphne\\\/\"]}]},{\"@type\":\"ImageObject\",\"inLanguage\":\"hr\",\"@id\":\"https:\\\/\\\/clair.si\\\/hr\\\/izdelek\\\/dresurna-podsedlica-hkm-daphne\\\/#primaryimage\",\"url\":\"https:\\\/\\\/clair.si\\\/wp-content\\\/uploads\\\/2024\\\/12\\\/hkm-daphne-podsedelnica-kaki-d.avif\",\"contentUrl\":\"https:\\\/\\\/clair.si\\\/wp-content\\\/uploads\\\/2024\\\/12\\\/hkm-daphne-podsedelnica-kaki-d.avif\",\"width\":700,\"height\":700},{\"@type\":\"BreadcrumbList\",\"@id\":\"https:\\\/\\\/clair.si\\\/hr\\\/izdelek\\\/dresurna-podsedlica-hkm-daphne\\\/#breadcrumb\",\"itemListElement\":[{\"@type\":\"ListItem\",\"position\":1,\"name\":\"Home\",\"item\":\"https:\\\/\\\/clair.si\\\/hr\\\/\"},{\"@type\":\"ListItem\",\"position\":2,\"name\":\"Trgovina\",\"item\":\"https:\\\/\\\/clair.si\\\/trgovina\\\/\"},{\"@type\":\"ListItem\",\"position\":3,\"name\":\"Dresurno podsedlica HKM Daphne\"}]},{\"@type\":\"WebSite\",\"@id\":\"https:\\\/\\\/clair.si\\\/#website\",\"url\":\"https:\\\/\\\/clair.si\\\/\",\"name\":\"Clair\",\"description\":\"Trgovina s konjeni\u0161ko opremo\",\"publisher\":{\"@id\":\"https:\\\/\\\/clair.si\\\/#organization\"},\"potentialAction\":[{\"@type\":\"SearchAction\",\"target\":{\"@type\":\"EntryPoint\",\"urlTemplate\":\"https:\\\/\\\/clair.si\\\/?s={search_term_string}\"},\"query-input\":{\"@type\":\"PropertyValueSpecification\",\"valueRequired\":true,\"valueName\":\"search_term_string\"}}],\"inLanguage\":\"hr\"},{\"@type\":\"Organization\",\"@id\":\"https:\\\/\\\/clair.si\\\/#organization\",\"name\":\"Clair\",\"url\":\"https:\\\/\\\/clair.si\\\/\",\"logo\":{\"@type\":\"ImageObject\",\"inLanguage\":\"hr\",\"@id\":\"https:\\\/\\\/clair.si\\\/#\\\/schema\\\/logo\\\/image\\\/\",\"url\":\"https:\\\/\\\/clair.si\\\/wp-content\\\/uploads\\\/2022\\\/11\\\/clair_logo_2022.jpg\",\"contentUrl\":\"https:\\\/\\\/clair.si\\\/wp-content\\\/uploads\\\/2022\\\/11\\\/clair_logo_2022.jpg\",\"width\":1920,\"height\":1920,\"caption\":\"Clair\"},\"image\":{\"@id\":\"https:\\\/\\\/clair.si\\\/#\\\/schema\\\/logo\\\/image\\\/\"},\"sameAs\":[\"https:\\\/\\\/www.facebook.com\\\/TrgovinaClair\\\/\"]}]}<\/script>\n<!-- \/ Yoast SEO plugin. -->","yoast_head_json":{"title":"Dresurno podsedlica HKM Daphne - Clair","description":"svjetlucavi ukrasni rub  pro\u0161iven \u201ecvjetnim\u201d uzorkom","robots":{"index":"index","follow":"follow","max-snippet":"max-snippet:-1","max-image-preview":"max-image-preview:large","max-video-preview":"max-video-preview:-1"},"canonical":"https:\/\/clair.si\/hr\/izdelek\/dresurna-podsedlica-hkm-daphne\/","og_locale":"hr_HR","og_type":"article","og_title":"Dresurno podsedlica HKM Daphne - Clair","og_description":"svjetlucavi ukrasni rub  pro\u0161iven \u201ecvjetnim\u201d uzorkom","og_url":"https:\/\/clair.si\/hr\/izdelek\/dresurna-podsedlica-hkm-daphne\/","og_site_name":"Clair","article_publisher":"https:\/\/www.facebook.com\/TrgovinaClair\/","article_modified_time":"2025-11-30T08:09:16+00:00","og_image":[{"width":700,"height":700,"url":"https:\/\/clair.si\/wp-content\/uploads\/2024\/12\/hkm-daphne-podsedelnica-kaki-d.avif","type":"image\/jpeg"}],"twitter_card":"summary_large_image","twitter_misc":{"Procijenjeno vrijeme \u010ditanja":"2 minute"},"schema":{"@context":"https:\/\/schema.org","@graph":[{"@type":"WebPage","@id":"https:\/\/clair.si\/hr\/izdelek\/dresurna-podsedlica-hkm-daphne\/","url":"https:\/\/clair.si\/hr\/izdelek\/dresurna-podsedlica-hkm-daphne\/","name":"Dresurno podsedlica HKM Daphne - Clair","isPartOf":{"@id":"https:\/\/clair.si\/#website"},"primaryImageOfPage":{"@id":"https:\/\/clair.si\/hr\/izdelek\/dresurna-podsedlica-hkm-daphne\/#primaryimage"},"image":{"@id":"https:\/\/clair.si\/hr\/izdelek\/dresurna-podsedlica-hkm-daphne\/#primaryimage"},"thumbnailUrl":"https:\/\/clair.si\/wp-content\/uploads\/2024\/12\/hkm-daphne-podsedelnica-kaki-d.avif","datePublished":"2024-12-20T12:07:39+00:00","dateModified":"2025-11-30T08:09:16+00:00","description":"svjetlucavi ukrasni rub pro\u0161iven \u201ecvjetnim\u201d uzorkom","breadcrumb":{"@id":"https:\/\/clair.si\/hr\/izdelek\/dresurna-podsedlica-hkm-daphne\/#breadcrumb"},"inLanguage":"hr","potentialAction":[{"@type":"ReadAction","target":["https:\/\/clair.si\/hr\/izdelek\/dresurna-podsedlica-hkm-daphne\/"]}]},{"@type":"ImageObject","inLanguage":"hr","@id":"https:\/\/clair.si\/hr\/izdelek\/dresurna-podsedlica-hkm-daphne\/#primaryimage","url":"https:\/\/clair.si\/wp-content\/uploads\/2024\/12\/hkm-daphne-podsedelnica-kaki-d.avif","contentUrl":"https:\/\/clair.si\/wp-content\/uploads\/2024\/12\/hkm-daphne-podsedelnica-kaki-d.avif","width":700,"height":700},{"@type":"BreadcrumbList","@id":"https:\/\/clair.si\/hr\/izdelek\/dresurna-podsedlica-hkm-daphne\/#breadcrumb","itemListElement":[{"@type":"ListItem","position":1,"name":"Home","item":"https:\/\/clair.si\/hr\/"},{"@type":"ListItem","position":2,"name":"Trgovina","item":"https:\/\/clair.si\/trgovina\/"},{"@type":"ListItem","position":3,"name":"Dresurno podsedlica HKM Daphne"}]},{"@type":"WebSite","@id":"https:\/\/clair.si\/#website","url":"https:\/\/clair.si\/","name":"Clair","description":"Trgovina s konjeni\u0161ko opremo","publisher":{"@id":"https:\/\/clair.si\/#organization"},"potentialAction":[{"@type":"SearchAction","target":{"@type":"EntryPoint","urlTemplate":"https:\/\/clair.si\/?s={search_term_string}"},"query-input":{"@type":"PropertyValueSpecification","valueRequired":true,"valueName":"search_term_string"}}],"inLanguage":"hr"},{"@type":"Organization","@id":"https:\/\/clair.si\/#organization","name":"Clair","url":"https:\/\/clair.si\/","logo":{"@type":"ImageObject","inLanguage":"hr","@id":"https:\/\/clair.si\/#\/schema\/logo\/image\/","url":"https:\/\/clair.si\/wp-content\/uploads\/2022\/11\/clair_logo_2022.jpg","contentUrl":"https:\/\/clair.si\/wp-content\/uploads\/2022\/11\/clair_logo_2022.jpg","width":1920,"height":1920,"caption":"Clair"},"image":{"@id":"https:\/\/clair.si\/#\/schema\/logo\/image\/"},"sameAs":["https:\/\/www.facebook.com\/TrgovinaClair\/"]}]}},"_links":{"self":[{"href":"https:\/\/clair.si\/hr\/wp-json\/wp\/v2\/product\/93278","targetHints":{"allow":["GET"]}}],"collection":[{"href":"https:\/\/clair.si\/hr\/wp-json\/wp\/v2\/product"}],"about":[{"href":"https:\/\/clair.si\/hr\/wp-json\/wp\/v2\/types\/product"}],"version-history":[{"count":3,"href":"https:\/\/clair.si\/hr\/wp-json\/wp\/v2\/product\/93278\/revisions"}],"predecessor-version":[{"id":115349,"href":"https:\/\/clair.si\/hr\/wp-json\/wp\/v2\/product\/93278\/revisions\/115349"}],"wp:featuredmedia":[{"embeddable":true,"href":"https:\/\/clair.si\/hr\/wp-json\/wp\/v2\/media\/120254"}],"wp:attachment":[{"href":"https:\/\/clair.si\/hr\/wp-json\/wp\/v2\/media?parent=93278"}],"wp:term":[{"taxonomy":"product_brand","embeddable":true,"href":"https:\/\/clair.si\/hr\/wp-json\/wp\/v2\/product_brand?post=93278"},{"taxonomy":"product_cat","embeddable":true,"href":"https:\/\/clair.si\/hr\/wp-json\/wp\/v2\/product_cat?post=93278"},{"taxonomy":"product_tag","embeddable":true,"href":"https:\/\/clair.si\/hr\/wp-json\/wp\/v2\/product_tag?post=93278"}],"curies":[{"name":"wp","href":"https:\/\/api.w.org\/{rel}","templated":true}]}}