{"id":93338,"date":"2024-12-17T10:26:17","date_gmt":"2024-12-17T09:26:17","guid":{"rendered":"https:\/\/clair.si\/izdelek\/torba-za-sedlo-randols-adventure\/"},"modified":"2025-08-28T08:15:59","modified_gmt":"2025-08-28T06:15:59","slug":"torba-za-sedlo-randols-adventure","status":"publish","type":"product","link":"https:\/\/clair.si\/hr\/izdelek\/torba-za-sedlo-randols-adventure\/","title":{"rendered":"Torba za sedlo Randols Adventure"},"content":{"rendered":"<p>Velika dvostruka torba od PVC-a.<\/p>\n<ul>\n<li><strong>Prostrana i vodootporna:<\/strong> Izra\u0111ena od premazanog poliestera 600D.<\/li>\n<li><strong>Prakti\u010dna i funkcionalna:<\/strong> Vezanje s u\u017eetom za brz pristup predmetima, mali repni prekriva\u010di za dodatnu za\u0161titu. Uklju\u010duje tvrde PVC ulo\u0161ke i mekanu PVC plo\u010du na stra\u017enjoj strani za oja\u010danje strukture torbe. <\/li>\n<\/ul>\n<p><strong>DETALJI:<\/strong><\/p>\n<ul>\n<li>Pri\u010dvr\u0161\u0107ivanje s prstenima, kukama i remenima.<\/li>\n<\/ul>\n","protected":false},"excerpt":{"rendered":"<p>Velika dvostruka torba od PVC-a. Prostrana i vodootporna: Izra\u0111ena od premazanog poliestera 600D. Prakti\u010dna i funkcionalna: Vezanje s u\u017eetom za<\/p>\n","protected":false},"featured_media":93344,"template":"","meta":{"footnotes":""},"product_brand":[],"product_cat":[5942,5657,5624,5940,5944,5794],"product_tag":[],"class_list":{"0":"post-93338","1":"product","2":"type-product","3":"status-publish","4":"has-post-thumbnail","6":"product_cat-dodatna-oprema-za-sedla","7":"product_cat-kategorije-hr","8":"product_cat-konj-hr","9":"product_cat-sedla-hr","10":"product_cat-sedla-hr-2","11":"product_cat-western-hr","13":"first","14":"instock","15":"shipping-taxable","16":"purchasable","17":"product-type-simple"},"yoast_head":"<!-- This site is optimized with the Yoast SEO plugin v27.3 - https:\/\/yoast.com\/product\/yoast-seo-wordpress\/ -->\n<title>Torba za sedlo Randols Adventure - Clair<\/title>\n<meta name=\"description\" content=\"Velika dvostruka torba od PVC-a. Prostrana i vodootporna: Izra\u0111ena od premazanog poliestera 600D. Prakti\u010dna i funkcionalna: Vezanje s u\u017eetom za brz\" \/>\n<meta name=\"robots\" content=\"index, follow, max-snippet:-1, max-image-preview:large, max-video-preview:-1\" \/>\n<link rel=\"canonical\" href=\"https:\/\/clair.si\/hr\/izdelek\/torba-za-sedlo-randols-adventure\/\" \/>\n<meta property=\"og:locale\" content=\"hr_HR\" \/>\n<meta property=\"og:type\" content=\"article\" \/>\n<meta property=\"og:title\" content=\"Torba za sedlo Randols Adventure - Clair\" \/>\n<meta property=\"og:description\" content=\"Velika dvostruka torba od PVC-a. Prostrana i vodootporna: Izra\u0111ena od premazanog poliestera 600D. Prakti\u010dna i funkcionalna: Vezanje s u\u017eetom za brz\" \/>\n<meta property=\"og:url\" content=\"https:\/\/clair.si\/hr\/izdelek\/torba-za-sedlo-randols-adventure\/\" \/>\n<meta property=\"og:site_name\" content=\"Clair\" \/>\n<meta property=\"article:publisher\" content=\"https:\/\/www.facebook.com\/TrgovinaClair\/\" \/>\n<meta property=\"article:modified_time\" content=\"2025-08-28T06:15:59+00:00\" \/>\n<meta property=\"og:image\" content=\"https:\/\/clair.si\/wp-content\/uploads\/2024\/12\/Sedelna_torba_randol-s-aventure-saddle-bag.avif\" \/>\n\t<meta property=\"og:image:width\" content=\"800\" \/>\n\t<meta property=\"og:image:height\" content=\"800\" \/>\n\t<meta property=\"og:image:type\" content=\"image\/jpeg\" \/>\n<meta name=\"twitter:card\" content=\"summary_large_image\" \/>\n<script type=\"application\/ld+json\" class=\"yoast-schema-graph\">{\"@context\":\"https:\\\/\\\/schema.org\",\"@graph\":[{\"@type\":\"WebPage\",\"@id\":\"https:\\\/\\\/clair.si\\\/hr\\\/izdelek\\\/torba-za-sedlo-randols-adventure\\\/\",\"url\":\"https:\\\/\\\/clair.si\\\/hr\\\/izdelek\\\/torba-za-sedlo-randols-adventure\\\/\",\"name\":\"Torba za sedlo Randols Adventure - Clair\",\"isPartOf\":{\"@id\":\"https:\\\/\\\/clair.si\\\/#website\"},\"primaryImageOfPage\":{\"@id\":\"https:\\\/\\\/clair.si\\\/hr\\\/izdelek\\\/torba-za-sedlo-randols-adventure\\\/#primaryimage\"},\"image\":{\"@id\":\"https:\\\/\\\/clair.si\\\/hr\\\/izdelek\\\/torba-za-sedlo-randols-adventure\\\/#primaryimage\"},\"thumbnailUrl\":\"https:\\\/\\\/clair.si\\\/wp-content\\\/uploads\\\/2024\\\/12\\\/Sedelna_torba_randol-s-aventure-saddle-bag.avif\",\"datePublished\":\"2024-12-17T09:26:17+00:00\",\"dateModified\":\"2025-08-28T06:15:59+00:00\",\"description\":\"Velika dvostruka torba od PVC-a. Prostrana i vodootporna: Izra\u0111ena od premazanog poliestera 600D. Prakti\u010dna i funkcionalna: Vezanje s u\u017eetom za brz\",\"breadcrumb\":{\"@id\":\"https:\\\/\\\/clair.si\\\/hr\\\/izdelek\\\/torba-za-sedlo-randols-adventure\\\/#breadcrumb\"},\"inLanguage\":\"hr\",\"potentialAction\":[{\"@type\":\"ReadAction\",\"target\":[\"https:\\\/\\\/clair.si\\\/hr\\\/izdelek\\\/torba-za-sedlo-randols-adventure\\\/\"]}]},{\"@type\":\"ImageObject\",\"inLanguage\":\"hr\",\"@id\":\"https:\\\/\\\/clair.si\\\/hr\\\/izdelek\\\/torba-za-sedlo-randols-adventure\\\/#primaryimage\",\"url\":\"https:\\\/\\\/clair.si\\\/wp-content\\\/uploads\\\/2024\\\/12\\\/Sedelna_torba_randol-s-aventure-saddle-bag.avif\",\"contentUrl\":\"https:\\\/\\\/clair.si\\\/wp-content\\\/uploads\\\/2024\\\/12\\\/Sedelna_torba_randol-s-aventure-saddle-bag.avif\",\"width\":800,\"height\":800},{\"@type\":\"BreadcrumbList\",\"@id\":\"https:\\\/\\\/clair.si\\\/hr\\\/izdelek\\\/torba-za-sedlo-randols-adventure\\\/#breadcrumb\",\"itemListElement\":[{\"@type\":\"ListItem\",\"position\":1,\"name\":\"Home\",\"item\":\"https:\\\/\\\/clair.si\\\/hr\\\/\"},{\"@type\":\"ListItem\",\"position\":2,\"name\":\"Trgovina\",\"item\":\"https:\\\/\\\/clair.si\\\/trgovina\\\/\"},{\"@type\":\"ListItem\",\"position\":3,\"name\":\"Torba za sedlo Randols Adventure\"}]},{\"@type\":\"WebSite\",\"@id\":\"https:\\\/\\\/clair.si\\\/#website\",\"url\":\"https:\\\/\\\/clair.si\\\/\",\"name\":\"Clair\",\"description\":\"Trgovina s konjeni\u0161ko opremo\",\"publisher\":{\"@id\":\"https:\\\/\\\/clair.si\\\/#organization\"},\"potentialAction\":[{\"@type\":\"SearchAction\",\"target\":{\"@type\":\"EntryPoint\",\"urlTemplate\":\"https:\\\/\\\/clair.si\\\/?s={search_term_string}\"},\"query-input\":{\"@type\":\"PropertyValueSpecification\",\"valueRequired\":true,\"valueName\":\"search_term_string\"}}],\"inLanguage\":\"hr\"},{\"@type\":\"Organization\",\"@id\":\"https:\\\/\\\/clair.si\\\/#organization\",\"name\":\"Clair\",\"url\":\"https:\\\/\\\/clair.si\\\/\",\"logo\":{\"@type\":\"ImageObject\",\"inLanguage\":\"hr\",\"@id\":\"https:\\\/\\\/clair.si\\\/#\\\/schema\\\/logo\\\/image\\\/\",\"url\":\"https:\\\/\\\/clair.si\\\/wp-content\\\/uploads\\\/2022\\\/11\\\/clair_logo_2022.jpg\",\"contentUrl\":\"https:\\\/\\\/clair.si\\\/wp-content\\\/uploads\\\/2022\\\/11\\\/clair_logo_2022.jpg\",\"width\":1920,\"height\":1920,\"caption\":\"Clair\"},\"image\":{\"@id\":\"https:\\\/\\\/clair.si\\\/#\\\/schema\\\/logo\\\/image\\\/\"},\"sameAs\":[\"https:\\\/\\\/www.facebook.com\\\/TrgovinaClair\\\/\"]}]}<\/script>\n<!-- \/ Yoast SEO plugin. -->","yoast_head_json":{"title":"Torba za sedlo Randols Adventure - Clair","description":"Velika dvostruka torba od PVC-a. Prostrana i vodootporna: Izra\u0111ena od premazanog poliestera 600D. Prakti\u010dna i funkcionalna: Vezanje s u\u017eetom za brz","robots":{"index":"index","follow":"follow","max-snippet":"max-snippet:-1","max-image-preview":"max-image-preview:large","max-video-preview":"max-video-preview:-1"},"canonical":"https:\/\/clair.si\/hr\/izdelek\/torba-za-sedlo-randols-adventure\/","og_locale":"hr_HR","og_type":"article","og_title":"Torba za sedlo Randols Adventure - Clair","og_description":"Velika dvostruka torba od PVC-a. Prostrana i vodootporna: Izra\u0111ena od premazanog poliestera 600D. Prakti\u010dna i funkcionalna: Vezanje s u\u017eetom za brz","og_url":"https:\/\/clair.si\/hr\/izdelek\/torba-za-sedlo-randols-adventure\/","og_site_name":"Clair","article_publisher":"https:\/\/www.facebook.com\/TrgovinaClair\/","article_modified_time":"2025-08-28T06:15:59+00:00","og_image":[{"width":800,"height":800,"url":"https:\/\/clair.si\/wp-content\/uploads\/2024\/12\/Sedelna_torba_randol-s-aventure-saddle-bag.avif","type":"image\/jpeg"}],"twitter_card":"summary_large_image","schema":{"@context":"https:\/\/schema.org","@graph":[{"@type":"WebPage","@id":"https:\/\/clair.si\/hr\/izdelek\/torba-za-sedlo-randols-adventure\/","url":"https:\/\/clair.si\/hr\/izdelek\/torba-za-sedlo-randols-adventure\/","name":"Torba za sedlo Randols Adventure - Clair","isPartOf":{"@id":"https:\/\/clair.si\/#website"},"primaryImageOfPage":{"@id":"https:\/\/clair.si\/hr\/izdelek\/torba-za-sedlo-randols-adventure\/#primaryimage"},"image":{"@id":"https:\/\/clair.si\/hr\/izdelek\/torba-za-sedlo-randols-adventure\/#primaryimage"},"thumbnailUrl":"https:\/\/clair.si\/wp-content\/uploads\/2024\/12\/Sedelna_torba_randol-s-aventure-saddle-bag.avif","datePublished":"2024-12-17T09:26:17+00:00","dateModified":"2025-08-28T06:15:59+00:00","description":"Velika dvostruka torba od PVC-a. Prostrana i vodootporna: Izra\u0111ena od premazanog poliestera 600D. Prakti\u010dna i funkcionalna: Vezanje s u\u017eetom za brz","breadcrumb":{"@id":"https:\/\/clair.si\/hr\/izdelek\/torba-za-sedlo-randols-adventure\/#breadcrumb"},"inLanguage":"hr","potentialAction":[{"@type":"ReadAction","target":["https:\/\/clair.si\/hr\/izdelek\/torba-za-sedlo-randols-adventure\/"]}]},{"@type":"ImageObject","inLanguage":"hr","@id":"https:\/\/clair.si\/hr\/izdelek\/torba-za-sedlo-randols-adventure\/#primaryimage","url":"https:\/\/clair.si\/wp-content\/uploads\/2024\/12\/Sedelna_torba_randol-s-aventure-saddle-bag.avif","contentUrl":"https:\/\/clair.si\/wp-content\/uploads\/2024\/12\/Sedelna_torba_randol-s-aventure-saddle-bag.avif","width":800,"height":800},{"@type":"BreadcrumbList","@id":"https:\/\/clair.si\/hr\/izdelek\/torba-za-sedlo-randols-adventure\/#breadcrumb","itemListElement":[{"@type":"ListItem","position":1,"name":"Home","item":"https:\/\/clair.si\/hr\/"},{"@type":"ListItem","position":2,"name":"Trgovina","item":"https:\/\/clair.si\/trgovina\/"},{"@type":"ListItem","position":3,"name":"Torba za sedlo Randols Adventure"}]},{"@type":"WebSite","@id":"https:\/\/clair.si\/#website","url":"https:\/\/clair.si\/","name":"Clair","description":"Trgovina s konjeni\u0161ko opremo","publisher":{"@id":"https:\/\/clair.si\/#organization"},"potentialAction":[{"@type":"SearchAction","target":{"@type":"EntryPoint","urlTemplate":"https:\/\/clair.si\/?s={search_term_string}"},"query-input":{"@type":"PropertyValueSpecification","valueRequired":true,"valueName":"search_term_string"}}],"inLanguage":"hr"},{"@type":"Organization","@id":"https:\/\/clair.si\/#organization","name":"Clair","url":"https:\/\/clair.si\/","logo":{"@type":"ImageObject","inLanguage":"hr","@id":"https:\/\/clair.si\/#\/schema\/logo\/image\/","url":"https:\/\/clair.si\/wp-content\/uploads\/2022\/11\/clair_logo_2022.jpg","contentUrl":"https:\/\/clair.si\/wp-content\/uploads\/2022\/11\/clair_logo_2022.jpg","width":1920,"height":1920,"caption":"Clair"},"image":{"@id":"https:\/\/clair.si\/#\/schema\/logo\/image\/"},"sameAs":["https:\/\/www.facebook.com\/TrgovinaClair\/"]}]}},"_links":{"self":[{"href":"https:\/\/clair.si\/hr\/wp-json\/wp\/v2\/product\/93338","targetHints":{"allow":["GET"]}}],"collection":[{"href":"https:\/\/clair.si\/hr\/wp-json\/wp\/v2\/product"}],"about":[{"href":"https:\/\/clair.si\/hr\/wp-json\/wp\/v2\/types\/product"}],"version-history":[{"count":0,"href":"https:\/\/clair.si\/hr\/wp-json\/wp\/v2\/product\/93338\/revisions"}],"wp:featuredmedia":[{"embeddable":true,"href":"https:\/\/clair.si\/hr\/wp-json\/wp\/v2\/media\/93344"}],"wp:attachment":[{"href":"https:\/\/clair.si\/hr\/wp-json\/wp\/v2\/media?parent=93338"}],"wp:term":[{"taxonomy":"product_brand","embeddable":true,"href":"https:\/\/clair.si\/hr\/wp-json\/wp\/v2\/product_brand?post=93338"},{"taxonomy":"product_cat","embeddable":true,"href":"https:\/\/clair.si\/hr\/wp-json\/wp\/v2\/product_cat?post=93338"},{"taxonomy":"product_tag","embeddable":true,"href":"https:\/\/clair.si\/hr\/wp-json\/wp\/v2\/product_tag?post=93338"}],"curies":[{"name":"wp","href":"https:\/\/api.w.org\/{rel}","templated":true}]}}