{"id":93363,"date":"2024-11-28T09:49:35","date_gmt":"2024-11-28T08:49:35","guid":{"rendered":"https:\/\/clair.si\/izdelek\/jahace-hlace-hkm-tampa-silicone-knee\/"},"modified":"2025-08-27T17:48:26","modified_gmt":"2025-08-27T15:48:26","slug":"jahace-hlace-hkm-tampa-silicone-knee","status":"publish","type":"product","link":"https:\/\/clair.si\/hr\/izdelek\/jahace-hlace-hkm-tampa-silicone-knee\/","title":{"rendered":"Jaha\u0107e hla\u010de HKM Tampa silicone knee"},"content":{"rendered":"<p><strong>Zna\u010dajke:<\/strong><\/p>\n<ul>\n<li><strong>Prozra\u010dno<\/strong><\/li>\n<li><strong>U\u010dinak hla\u0111enja<\/strong>: tkanina daje hladan osje\u0107aj na ko\u017ei tijekom no\u0161enja<\/li>\n<li><strong>Rastezljivo<\/strong><\/li>\n<li>Udoban <strong>elasti\u010dni zavr\u0161etak na gle\u017enjevima<\/strong><\/li>\n<\/ul>\n<p><strong>Sastav materijala:<\/strong><\/p>\n<ul>\n<li><strong>Koljenski dio<\/strong>: silikonski otisak<\/li>\n<li><strong>Tkanina<\/strong>: 88 % najlon, 12 % elastan<\/li>\n<\/ul>\n<p><strong>Upute za pranje:<\/strong><\/p>\n<ul>\n<li>Prikladno za su\u0161ilicu rublja<\/li>\n<li>Perivo u perilici rublja na <strong>30 \u00b0C<\/strong><\/li>\n<\/ul>\n","protected":false},"excerpt":{"rendered":"<p>Zna\u010dajke: Prozra\u010dno U\u010dinak hla\u0111enja: tkanina daje hladan osje\u0107aj na ko\u017ei tijekom no\u0161enja Rastezljivo Udoban elasti\u010dni zavr\u0161etak na gle\u017enjevima Sastav materijala:<\/p>\n","protected":false},"featured_media":93374,"template":"","meta":{"footnotes":""},"product_brand":[],"product_cat":[5654,5838,5657,5658,5667,5708],"product_tag":[],"class_list":{"0":"post-93363","1":"product","2":"type-product","3":"status-publish","4":"has-post-thumbnail","6":"product_cat-jahac-hr","7":"product_cat-jahace-hlace","8":"product_cat-kategorije-hr","9":"product_cat-pocetci-jahanja","10":"product_cat-zene","11":"product_cat-zenske-jahace-hlace","13":"first","14":"instock","15":"sale","16":"shipping-taxable","17":"purchasable","18":"product-type-variable"},"yoast_head":"<!-- This site is optimized with the Yoast SEO plugin v27.3 - https:\/\/yoast.com\/product\/yoast-seo-wordpress\/ -->\n<title>Jaha\u0107e hla\u010de HKM Tampa silicone knee - Clair<\/title>\n<meta name=\"description\" content=\"Jaha\u0107e hla\u010de Tampa. Silikonski otisak na koljenima. Udobne i prozra\u010dne. Elegantan izgled. Najbolji omjer kvalitete i cijene.\" \/>\n<meta name=\"robots\" content=\"index, follow, max-snippet:-1, max-image-preview:large, max-video-preview:-1\" \/>\n<link rel=\"canonical\" href=\"https:\/\/clair.si\/hr\/izdelek\/jahace-hlace-hkm-tampa-silicone-knee\/\" \/>\n<meta property=\"og:locale\" content=\"hr_HR\" \/>\n<meta property=\"og:type\" content=\"article\" \/>\n<meta property=\"og:title\" content=\"Jaha\u0107e hla\u010de HKM Tampa silicone knee - Clair\" \/>\n<meta property=\"og:description\" content=\"Jaha\u0107e hla\u010de Tampa. Silikonski otisak na koljenima. Udobne i prozra\u010dne. Elegantan izgled. Najbolji omjer kvalitete i cijene.\" \/>\n<meta property=\"og:url\" content=\"https:\/\/clair.si\/hr\/izdelek\/jahace-hlace-hkm-tampa-silicone-knee\/\" \/>\n<meta property=\"og:site_name\" content=\"Clair\" \/>\n<meta property=\"article:publisher\" content=\"https:\/\/www.facebook.com\/TrgovinaClair\/\" \/>\n<meta property=\"article:modified_time\" content=\"2025-08-27T15:48:26+00:00\" \/>\n<meta property=\"og:image\" content=\"https:\/\/clair.si\/wp-content\/uploads\/2024\/11\/Jahalne_hlace_silicon_knee_Tampa_siva_.avif\" \/>\n\t<meta property=\"og:image:width\" content=\"700\" \/>\n\t<meta property=\"og:image:height\" content=\"700\" \/>\n\t<meta property=\"og:image:type\" content=\"image\/jpeg\" \/>\n<meta name=\"twitter:card\" content=\"summary_large_image\" \/>\n<meta name=\"twitter:label1\" content=\"Procijenjeno vrijeme \u010ditanja\" \/>\n\t<meta name=\"twitter:data1\" content=\"1 minuta\" \/>\n<script type=\"application\/ld+json\" class=\"yoast-schema-graph\">{\"@context\":\"https:\\\/\\\/schema.org\",\"@graph\":[{\"@type\":\"WebPage\",\"@id\":\"https:\\\/\\\/clair.si\\\/hr\\\/izdelek\\\/jahace-hlace-hkm-tampa-silicone-knee\\\/\",\"url\":\"https:\\\/\\\/clair.si\\\/hr\\\/izdelek\\\/jahace-hlace-hkm-tampa-silicone-knee\\\/\",\"name\":\"Jaha\u0107e hla\u010de HKM Tampa silicone knee - Clair\",\"isPartOf\":{\"@id\":\"https:\\\/\\\/clair.si\\\/#website\"},\"primaryImageOfPage\":{\"@id\":\"https:\\\/\\\/clair.si\\\/hr\\\/izdelek\\\/jahace-hlace-hkm-tampa-silicone-knee\\\/#primaryimage\"},\"image\":{\"@id\":\"https:\\\/\\\/clair.si\\\/hr\\\/izdelek\\\/jahace-hlace-hkm-tampa-silicone-knee\\\/#primaryimage\"},\"thumbnailUrl\":\"https:\\\/\\\/clair.si\\\/wp-content\\\/uploads\\\/2024\\\/11\\\/Jahalne_hlace_silicon_knee_Tampa_siva_.avif\",\"datePublished\":\"2024-11-28T08:49:35+00:00\",\"dateModified\":\"2025-08-27T15:48:26+00:00\",\"description\":\"Jaha\u0107e hla\u010de Tampa. Silikonski otisak na koljenima. Udobne i prozra\u010dne. Elegantan izgled. Najbolji omjer kvalitete i cijene.\",\"breadcrumb\":{\"@id\":\"https:\\\/\\\/clair.si\\\/hr\\\/izdelek\\\/jahace-hlace-hkm-tampa-silicone-knee\\\/#breadcrumb\"},\"inLanguage\":\"hr\",\"potentialAction\":[{\"@type\":\"ReadAction\",\"target\":[\"https:\\\/\\\/clair.si\\\/hr\\\/izdelek\\\/jahace-hlace-hkm-tampa-silicone-knee\\\/\"]}]},{\"@type\":\"ImageObject\",\"inLanguage\":\"hr\",\"@id\":\"https:\\\/\\\/clair.si\\\/hr\\\/izdelek\\\/jahace-hlace-hkm-tampa-silicone-knee\\\/#primaryimage\",\"url\":\"https:\\\/\\\/clair.si\\\/wp-content\\\/uploads\\\/2024\\\/11\\\/Jahalne_hlace_silicon_knee_Tampa_siva_.avif\",\"contentUrl\":\"https:\\\/\\\/clair.si\\\/wp-content\\\/uploads\\\/2024\\\/11\\\/Jahalne_hlace_silicon_knee_Tampa_siva_.avif\",\"width\":700,\"height\":700},{\"@type\":\"BreadcrumbList\",\"@id\":\"https:\\\/\\\/clair.si\\\/hr\\\/izdelek\\\/jahace-hlace-hkm-tampa-silicone-knee\\\/#breadcrumb\",\"itemListElement\":[{\"@type\":\"ListItem\",\"position\":1,\"name\":\"Home\",\"item\":\"https:\\\/\\\/clair.si\\\/hr\\\/\"},{\"@type\":\"ListItem\",\"position\":2,\"name\":\"Trgovina\",\"item\":\"https:\\\/\\\/clair.si\\\/trgovina\\\/\"},{\"@type\":\"ListItem\",\"position\":3,\"name\":\"Jaha\u0107e hla\u010de HKM Tampa silicone knee\"}]},{\"@type\":\"WebSite\",\"@id\":\"https:\\\/\\\/clair.si\\\/#website\",\"url\":\"https:\\\/\\\/clair.si\\\/\",\"name\":\"Clair\",\"description\":\"Trgovina s konjeni\u0161ko opremo\",\"publisher\":{\"@id\":\"https:\\\/\\\/clair.si\\\/#organization\"},\"potentialAction\":[{\"@type\":\"SearchAction\",\"target\":{\"@type\":\"EntryPoint\",\"urlTemplate\":\"https:\\\/\\\/clair.si\\\/?s={search_term_string}\"},\"query-input\":{\"@type\":\"PropertyValueSpecification\",\"valueRequired\":true,\"valueName\":\"search_term_string\"}}],\"inLanguage\":\"hr\"},{\"@type\":\"Organization\",\"@id\":\"https:\\\/\\\/clair.si\\\/#organization\",\"name\":\"Clair\",\"url\":\"https:\\\/\\\/clair.si\\\/\",\"logo\":{\"@type\":\"ImageObject\",\"inLanguage\":\"hr\",\"@id\":\"https:\\\/\\\/clair.si\\\/#\\\/schema\\\/logo\\\/image\\\/\",\"url\":\"https:\\\/\\\/clair.si\\\/wp-content\\\/uploads\\\/2022\\\/11\\\/clair_logo_2022.jpg\",\"contentUrl\":\"https:\\\/\\\/clair.si\\\/wp-content\\\/uploads\\\/2022\\\/11\\\/clair_logo_2022.jpg\",\"width\":1920,\"height\":1920,\"caption\":\"Clair\"},\"image\":{\"@id\":\"https:\\\/\\\/clair.si\\\/#\\\/schema\\\/logo\\\/image\\\/\"},\"sameAs\":[\"https:\\\/\\\/www.facebook.com\\\/TrgovinaClair\\\/\"]}]}<\/script>\n<!-- \/ Yoast SEO plugin. -->","yoast_head_json":{"title":"Jaha\u0107e hla\u010de HKM Tampa silicone knee - Clair","description":"Jaha\u0107e hla\u010de Tampa. Silikonski otisak na koljenima. Udobne i prozra\u010dne. Elegantan izgled. Najbolji omjer kvalitete i cijene.","robots":{"index":"index","follow":"follow","max-snippet":"max-snippet:-1","max-image-preview":"max-image-preview:large","max-video-preview":"max-video-preview:-1"},"canonical":"https:\/\/clair.si\/hr\/izdelek\/jahace-hlace-hkm-tampa-silicone-knee\/","og_locale":"hr_HR","og_type":"article","og_title":"Jaha\u0107e hla\u010de HKM Tampa silicone knee - Clair","og_description":"Jaha\u0107e hla\u010de Tampa. Silikonski otisak na koljenima. Udobne i prozra\u010dne. Elegantan izgled. Najbolji omjer kvalitete i cijene.","og_url":"https:\/\/clair.si\/hr\/izdelek\/jahace-hlace-hkm-tampa-silicone-knee\/","og_site_name":"Clair","article_publisher":"https:\/\/www.facebook.com\/TrgovinaClair\/","article_modified_time":"2025-08-27T15:48:26+00:00","og_image":[{"width":700,"height":700,"url":"https:\/\/clair.si\/wp-content\/uploads\/2024\/11\/Jahalne_hlace_silicon_knee_Tampa_siva_.avif","type":"image\/jpeg"}],"twitter_card":"summary_large_image","twitter_misc":{"Procijenjeno vrijeme \u010ditanja":"1 minuta"},"schema":{"@context":"https:\/\/schema.org","@graph":[{"@type":"WebPage","@id":"https:\/\/clair.si\/hr\/izdelek\/jahace-hlace-hkm-tampa-silicone-knee\/","url":"https:\/\/clair.si\/hr\/izdelek\/jahace-hlace-hkm-tampa-silicone-knee\/","name":"Jaha\u0107e hla\u010de HKM Tampa silicone knee - Clair","isPartOf":{"@id":"https:\/\/clair.si\/#website"},"primaryImageOfPage":{"@id":"https:\/\/clair.si\/hr\/izdelek\/jahace-hlace-hkm-tampa-silicone-knee\/#primaryimage"},"image":{"@id":"https:\/\/clair.si\/hr\/izdelek\/jahace-hlace-hkm-tampa-silicone-knee\/#primaryimage"},"thumbnailUrl":"https:\/\/clair.si\/wp-content\/uploads\/2024\/11\/Jahalne_hlace_silicon_knee_Tampa_siva_.avif","datePublished":"2024-11-28T08:49:35+00:00","dateModified":"2025-08-27T15:48:26+00:00","description":"Jaha\u0107e hla\u010de Tampa. Silikonski otisak na koljenima. Udobne i prozra\u010dne. Elegantan izgled. Najbolji omjer kvalitete i cijene.","breadcrumb":{"@id":"https:\/\/clair.si\/hr\/izdelek\/jahace-hlace-hkm-tampa-silicone-knee\/#breadcrumb"},"inLanguage":"hr","potentialAction":[{"@type":"ReadAction","target":["https:\/\/clair.si\/hr\/izdelek\/jahace-hlace-hkm-tampa-silicone-knee\/"]}]},{"@type":"ImageObject","inLanguage":"hr","@id":"https:\/\/clair.si\/hr\/izdelek\/jahace-hlace-hkm-tampa-silicone-knee\/#primaryimage","url":"https:\/\/clair.si\/wp-content\/uploads\/2024\/11\/Jahalne_hlace_silicon_knee_Tampa_siva_.avif","contentUrl":"https:\/\/clair.si\/wp-content\/uploads\/2024\/11\/Jahalne_hlace_silicon_knee_Tampa_siva_.avif","width":700,"height":700},{"@type":"BreadcrumbList","@id":"https:\/\/clair.si\/hr\/izdelek\/jahace-hlace-hkm-tampa-silicone-knee\/#breadcrumb","itemListElement":[{"@type":"ListItem","position":1,"name":"Home","item":"https:\/\/clair.si\/hr\/"},{"@type":"ListItem","position":2,"name":"Trgovina","item":"https:\/\/clair.si\/trgovina\/"},{"@type":"ListItem","position":3,"name":"Jaha\u0107e hla\u010de HKM Tampa silicone knee"}]},{"@type":"WebSite","@id":"https:\/\/clair.si\/#website","url":"https:\/\/clair.si\/","name":"Clair","description":"Trgovina s konjeni\u0161ko opremo","publisher":{"@id":"https:\/\/clair.si\/#organization"},"potentialAction":[{"@type":"SearchAction","target":{"@type":"EntryPoint","urlTemplate":"https:\/\/clair.si\/?s={search_term_string}"},"query-input":{"@type":"PropertyValueSpecification","valueRequired":true,"valueName":"search_term_string"}}],"inLanguage":"hr"},{"@type":"Organization","@id":"https:\/\/clair.si\/#organization","name":"Clair","url":"https:\/\/clair.si\/","logo":{"@type":"ImageObject","inLanguage":"hr","@id":"https:\/\/clair.si\/#\/schema\/logo\/image\/","url":"https:\/\/clair.si\/wp-content\/uploads\/2022\/11\/clair_logo_2022.jpg","contentUrl":"https:\/\/clair.si\/wp-content\/uploads\/2022\/11\/clair_logo_2022.jpg","width":1920,"height":1920,"caption":"Clair"},"image":{"@id":"https:\/\/clair.si\/#\/schema\/logo\/image\/"},"sameAs":["https:\/\/www.facebook.com\/TrgovinaClair\/"]}]}},"_links":{"self":[{"href":"https:\/\/clair.si\/hr\/wp-json\/wp\/v2\/product\/93363","targetHints":{"allow":["GET"]}}],"collection":[{"href":"https:\/\/clair.si\/hr\/wp-json\/wp\/v2\/product"}],"about":[{"href":"https:\/\/clair.si\/hr\/wp-json\/wp\/v2\/types\/product"}],"version-history":[{"count":0,"href":"https:\/\/clair.si\/hr\/wp-json\/wp\/v2\/product\/93363\/revisions"}],"wp:featuredmedia":[{"embeddable":true,"href":"https:\/\/clair.si\/hr\/wp-json\/wp\/v2\/media\/93374"}],"wp:attachment":[{"href":"https:\/\/clair.si\/hr\/wp-json\/wp\/v2\/media?parent=93363"}],"wp:term":[{"taxonomy":"product_brand","embeddable":true,"href":"https:\/\/clair.si\/hr\/wp-json\/wp\/v2\/product_brand?post=93363"},{"taxonomy":"product_cat","embeddable":true,"href":"https:\/\/clair.si\/hr\/wp-json\/wp\/v2\/product_cat?post=93363"},{"taxonomy":"product_tag","embeddable":true,"href":"https:\/\/clair.si\/hr\/wp-json\/wp\/v2\/product_tag?post=93363"}],"curies":[{"name":"wp","href":"https:\/\/api.w.org\/{rel}","templated":true}]}}