{"id":93406,"date":"2024-11-28T14:34:14","date_gmt":"2024-11-28T13:34:14","guid":{"rendered":"https:\/\/clair.si\/izdelek\/uzd%d0%b0-hkm-sofia\/"},"modified":"2026-01-24T14:56:39","modified_gmt":"2026-01-24T13:56:39","slug":"uzd%d0%b0-hkm-sofia","status":"publish","type":"product","link":"https:\/\/clair.si\/hr\/izdelek\/uzd%d0%b0-hkm-sofia\/","title":{"rendered":"Uzda HKM Sofia"},"content":{"rendered":"<h3>Uzda HKM Sofia \u2013 uzda koja je zaista ne\u0161to posebno!<\/h3>\n<p><strong>Uzda HKM Sofia<\/strong> je napravljena za jaha\u010de koji \u017eele istaknuti se. Izra\u0111ena od fine ko\u017ee s meko podstavljenim remenima osigurava maksimalnu udobnost za va\u0161eg konja. Anatomski oblikovan dio za u\u0161i i \u0161iroki, podstavljeni nosnik smanjuju pritisak i omogu\u0107uju ugodnije jahanje. Elegantni kristalni detalji na \u010deonom dijelu dodaju da\u0161ak profinjenosti, zbog \u010dega je uzda prikladna kako za treninge, tako i za natjecanja.<\/p>\n<p><strong>Klju\u010dne zna\u010dajke:<\/strong><\/p>\n<ul>\n<li>Materijal: Visokokvalitetna ko\u017ea<\/li>\n<li>Meko podstavljeni remeni za udobnost i smanjenje pritiska<\/li>\n<li>Anatomski oblikovan dio za u\u0161i<\/li>\n<li>Ukra\u0161en \u010deoni dio s kristalnim detaljima<\/li>\n<li>Idealna za svakodnevnu upotrebu i natjecanja<\/li>\n<\/ul>\n<p>Odaberite <strong>uzdu HKM Sofia<\/strong> za besprijekornu kombinaciju funkcionalnosti, elegancije i udobnosti \u2013 va\u0161 konj zaslu\u017euje najbolje!<\/p>\n","protected":false},"excerpt":{"rendered":"<ul>\n<li>uzda koja se isti\u010de<\/li>\n<li>anatomski oblikovana<\/li>\n<\/ul>\n","protected":false},"featured_media":93416,"template":"","meta":{"footnotes":""},"product_brand":[],"product_cat":[5624,5843,5697],"product_tag":[],"class_list":{"0":"post-93406","1":"product","2":"type-product","3":"status-publish","4":"has-post-thumbnail","6":"product_cat-konj-hr","7":"product_cat-uzde","8":"product_cat-uzde-i-dizgini","10":"first","11":"instock","12":"sale","13":"shipping-taxable","14":"purchasable","15":"product-type-variable"},"yoast_head":"<!-- This site is optimized with the Yoast SEO plugin v27.4 - https:\/\/yoast.com\/product\/yoast-seo-wordpress\/ -->\n<title>Uzda HKM Sofia - Clair<\/title>\n<meta name=\"description\" content=\"uzda koja se isti\u010de  anatomski oblikovana\" \/>\n<meta name=\"robots\" content=\"index, follow, max-snippet:-1, max-image-preview:large, max-video-preview:-1\" \/>\n<link rel=\"canonical\" href=\"https:\/\/clair.si\/izdelek\/uzda-hkm-sofia\/\" \/>\n<meta property=\"og:locale\" content=\"hr_HR\" \/>\n<meta property=\"og:type\" content=\"article\" \/>\n<meta property=\"og:title\" content=\"Uzda HKM Sofia - Clair\" \/>\n<meta property=\"og:description\" content=\"uzda koja se isti\u010de  anatomski oblikovana\" \/>\n<meta property=\"og:url\" content=\"https:\/\/clair.si\/izdelek\/uzda-hkm-sofia\/\" \/>\n<meta property=\"og:site_name\" content=\"Clair\" \/>\n<meta property=\"article:publisher\" content=\"https:\/\/www.facebook.com\/TrgovinaClair\/\" \/>\n<meta property=\"article:modified_time\" content=\"2026-01-24T13:56:39+00:00\" \/>\n<meta property=\"og:image\" content=\"https:\/\/clair.si\/wp-content\/uploads\/2024\/11\/Sofia-rjava.avif\" \/>\n\t<meta property=\"og:image:width\" content=\"700\" \/>\n\t<meta property=\"og:image:height\" content=\"700\" \/>\n\t<meta property=\"og:image:type\" content=\"image\/jpeg\" \/>\n<meta name=\"twitter:card\" content=\"summary_large_image\" \/>\n<meta name=\"twitter:label1\" content=\"Procijenjeno vrijeme \u010ditanja\" \/>\n\t<meta name=\"twitter:data1\" content=\"1 minuta\" \/>\n<script type=\"application\/ld+json\" class=\"yoast-schema-graph\">{\"@context\":\"https:\\\/\\\/schema.org\",\"@graph\":[{\"@type\":\"WebPage\",\"@id\":\"https:\\\/\\\/clair.si\\\/izdelek\\\/uzda-hkm-sofia\\\/\",\"url\":\"https:\\\/\\\/clair.si\\\/izdelek\\\/uzda-hkm-sofia\\\/\",\"name\":\"Uzda HKM Sofia - Clair\",\"isPartOf\":{\"@id\":\"https:\\\/\\\/clair.si\\\/#website\"},\"primaryImageOfPage\":{\"@id\":\"https:\\\/\\\/clair.si\\\/izdelek\\\/uzda-hkm-sofia\\\/#primaryimage\"},\"image\":{\"@id\":\"https:\\\/\\\/clair.si\\\/izdelek\\\/uzda-hkm-sofia\\\/#primaryimage\"},\"thumbnailUrl\":\"https:\\\/\\\/clair.si\\\/wp-content\\\/uploads\\\/2024\\\/11\\\/Sofia-rjava.avif\",\"datePublished\":\"2024-11-28T13:34:14+00:00\",\"dateModified\":\"2026-01-24T13:56:39+00:00\",\"description\":\"uzda koja se isti\u010de anatomski oblikovana\",\"breadcrumb\":{\"@id\":\"https:\\\/\\\/clair.si\\\/izdelek\\\/uzda-hkm-sofia\\\/#breadcrumb\"},\"inLanguage\":\"hr\",\"potentialAction\":[{\"@type\":\"ReadAction\",\"target\":[\"https:\\\/\\\/clair.si\\\/izdelek\\\/uzda-hkm-sofia\\\/\"]}]},{\"@type\":\"ImageObject\",\"inLanguage\":\"hr\",\"@id\":\"https:\\\/\\\/clair.si\\\/izdelek\\\/uzda-hkm-sofia\\\/#primaryimage\",\"url\":\"https:\\\/\\\/clair.si\\\/wp-content\\\/uploads\\\/2024\\\/11\\\/Sofia-rjava.avif\",\"contentUrl\":\"https:\\\/\\\/clair.si\\\/wp-content\\\/uploads\\\/2024\\\/11\\\/Sofia-rjava.avif\",\"width\":700,\"height\":700},{\"@type\":\"BreadcrumbList\",\"@id\":\"https:\\\/\\\/clair.si\\\/izdelek\\\/uzda-hkm-sofia\\\/#breadcrumb\",\"itemListElement\":[{\"@type\":\"ListItem\",\"position\":1,\"name\":\"Home\",\"item\":\"https:\\\/\\\/clair.si\\\/hr\\\/\"},{\"@type\":\"ListItem\",\"position\":2,\"name\":\"Trgovina\",\"item\":\"https:\\\/\\\/clair.si\\\/trgovina\\\/\"},{\"@type\":\"ListItem\",\"position\":3,\"name\":\"Uzda HKM Sofia\"}]},{\"@type\":\"WebSite\",\"@id\":\"https:\\\/\\\/clair.si\\\/#website\",\"url\":\"https:\\\/\\\/clair.si\\\/\",\"name\":\"Clair\",\"description\":\"Trgovina s konjeni\u0161ko opremo\",\"publisher\":{\"@id\":\"https:\\\/\\\/clair.si\\\/#organization\"},\"potentialAction\":[{\"@type\":\"SearchAction\",\"target\":{\"@type\":\"EntryPoint\",\"urlTemplate\":\"https:\\\/\\\/clair.si\\\/?s={search_term_string}\"},\"query-input\":{\"@type\":\"PropertyValueSpecification\",\"valueRequired\":true,\"valueName\":\"search_term_string\"}}],\"inLanguage\":\"hr\"},{\"@type\":\"Organization\",\"@id\":\"https:\\\/\\\/clair.si\\\/#organization\",\"name\":\"Clair\",\"url\":\"https:\\\/\\\/clair.si\\\/\",\"logo\":{\"@type\":\"ImageObject\",\"inLanguage\":\"hr\",\"@id\":\"https:\\\/\\\/clair.si\\\/#\\\/schema\\\/logo\\\/image\\\/\",\"url\":\"https:\\\/\\\/clair.si\\\/wp-content\\\/uploads\\\/2022\\\/11\\\/clair_logo_2022.jpg\",\"contentUrl\":\"https:\\\/\\\/clair.si\\\/wp-content\\\/uploads\\\/2022\\\/11\\\/clair_logo_2022.jpg\",\"width\":1920,\"height\":1920,\"caption\":\"Clair\"},\"image\":{\"@id\":\"https:\\\/\\\/clair.si\\\/#\\\/schema\\\/logo\\\/image\\\/\"},\"sameAs\":[\"https:\\\/\\\/www.facebook.com\\\/TrgovinaClair\\\/\"]}]}<\/script>\n<!-- \/ Yoast SEO plugin. -->","yoast_head_json":{"title":"Uzda HKM Sofia - Clair","description":"uzda koja se isti\u010de  anatomski oblikovana","robots":{"index":"index","follow":"follow","max-snippet":"max-snippet:-1","max-image-preview":"max-image-preview:large","max-video-preview":"max-video-preview:-1"},"canonical":"https:\/\/clair.si\/izdelek\/uzda-hkm-sofia\/","og_locale":"hr_HR","og_type":"article","og_title":"Uzda HKM Sofia - Clair","og_description":"uzda koja se isti\u010de  anatomski oblikovana","og_url":"https:\/\/clair.si\/izdelek\/uzda-hkm-sofia\/","og_site_name":"Clair","article_publisher":"https:\/\/www.facebook.com\/TrgovinaClair\/","article_modified_time":"2026-01-24T13:56:39+00:00","og_image":[{"width":700,"height":700,"url":"https:\/\/clair.si\/wp-content\/uploads\/2024\/11\/Sofia-rjava.avif","type":"image\/jpeg"}],"twitter_card":"summary_large_image","twitter_misc":{"Procijenjeno vrijeme \u010ditanja":"1 minuta"},"schema":{"@context":"https:\/\/schema.org","@graph":[{"@type":"WebPage","@id":"https:\/\/clair.si\/izdelek\/uzda-hkm-sofia\/","url":"https:\/\/clair.si\/izdelek\/uzda-hkm-sofia\/","name":"Uzda HKM Sofia - Clair","isPartOf":{"@id":"https:\/\/clair.si\/#website"},"primaryImageOfPage":{"@id":"https:\/\/clair.si\/izdelek\/uzda-hkm-sofia\/#primaryimage"},"image":{"@id":"https:\/\/clair.si\/izdelek\/uzda-hkm-sofia\/#primaryimage"},"thumbnailUrl":"https:\/\/clair.si\/wp-content\/uploads\/2024\/11\/Sofia-rjava.avif","datePublished":"2024-11-28T13:34:14+00:00","dateModified":"2026-01-24T13:56:39+00:00","description":"uzda koja se isti\u010de anatomski oblikovana","breadcrumb":{"@id":"https:\/\/clair.si\/izdelek\/uzda-hkm-sofia\/#breadcrumb"},"inLanguage":"hr","potentialAction":[{"@type":"ReadAction","target":["https:\/\/clair.si\/izdelek\/uzda-hkm-sofia\/"]}]},{"@type":"ImageObject","inLanguage":"hr","@id":"https:\/\/clair.si\/izdelek\/uzda-hkm-sofia\/#primaryimage","url":"https:\/\/clair.si\/wp-content\/uploads\/2024\/11\/Sofia-rjava.avif","contentUrl":"https:\/\/clair.si\/wp-content\/uploads\/2024\/11\/Sofia-rjava.avif","width":700,"height":700},{"@type":"BreadcrumbList","@id":"https:\/\/clair.si\/izdelek\/uzda-hkm-sofia\/#breadcrumb","itemListElement":[{"@type":"ListItem","position":1,"name":"Home","item":"https:\/\/clair.si\/hr\/"},{"@type":"ListItem","position":2,"name":"Trgovina","item":"https:\/\/clair.si\/trgovina\/"},{"@type":"ListItem","position":3,"name":"Uzda HKM Sofia"}]},{"@type":"WebSite","@id":"https:\/\/clair.si\/#website","url":"https:\/\/clair.si\/","name":"Clair","description":"Trgovina s konjeni\u0161ko opremo","publisher":{"@id":"https:\/\/clair.si\/#organization"},"potentialAction":[{"@type":"SearchAction","target":{"@type":"EntryPoint","urlTemplate":"https:\/\/clair.si\/?s={search_term_string}"},"query-input":{"@type":"PropertyValueSpecification","valueRequired":true,"valueName":"search_term_string"}}],"inLanguage":"hr"},{"@type":"Organization","@id":"https:\/\/clair.si\/#organization","name":"Clair","url":"https:\/\/clair.si\/","logo":{"@type":"ImageObject","inLanguage":"hr","@id":"https:\/\/clair.si\/#\/schema\/logo\/image\/","url":"https:\/\/clair.si\/wp-content\/uploads\/2022\/11\/clair_logo_2022.jpg","contentUrl":"https:\/\/clair.si\/wp-content\/uploads\/2022\/11\/clair_logo_2022.jpg","width":1920,"height":1920,"caption":"Clair"},"image":{"@id":"https:\/\/clair.si\/#\/schema\/logo\/image\/"},"sameAs":["https:\/\/www.facebook.com\/TrgovinaClair\/"]}]}},"_links":{"self":[{"href":"https:\/\/clair.si\/hr\/wp-json\/wp\/v2\/product\/93406","targetHints":{"allow":["GET"]}}],"collection":[{"href":"https:\/\/clair.si\/hr\/wp-json\/wp\/v2\/product"}],"about":[{"href":"https:\/\/clair.si\/hr\/wp-json\/wp\/v2\/types\/product"}],"version-history":[{"count":1,"href":"https:\/\/clair.si\/hr\/wp-json\/wp\/v2\/product\/93406\/revisions"}],"predecessor-version":[{"id":113714,"href":"https:\/\/clair.si\/hr\/wp-json\/wp\/v2\/product\/93406\/revisions\/113714"}],"wp:featuredmedia":[{"embeddable":true,"href":"https:\/\/clair.si\/hr\/wp-json\/wp\/v2\/media\/93416"}],"wp:attachment":[{"href":"https:\/\/clair.si\/hr\/wp-json\/wp\/v2\/media?parent=93406"}],"wp:term":[{"taxonomy":"product_brand","embeddable":true,"href":"https:\/\/clair.si\/hr\/wp-json\/wp\/v2\/product_brand?post=93406"},{"taxonomy":"product_cat","embeddable":true,"href":"https:\/\/clair.si\/hr\/wp-json\/wp\/v2\/product_cat?post=93406"},{"taxonomy":"product_tag","embeddable":true,"href":"https:\/\/clair.si\/hr\/wp-json\/wp\/v2\/product_tag?post=93406"}],"curies":[{"name":"wp","href":"https:\/\/api.w.org\/{rel}","templated":true}]}}