{"id":93423,"date":"2024-11-29T10:16:36","date_gmt":"2024-11-29T09:16:36","guid":{"rendered":"https:\/\/clair.si\/izdelek\/jahace-hlace-hkm-rosewood\/"},"modified":"2026-02-12T10:26:27","modified_gmt":"2026-02-12T09:26:27","slug":"jahace-hlace-hkm-rosewood","status":"publish","type":"product","link":"https:\/\/clair.si\/hr\/izdelek\/jahace-hlace-hkm-rosewood\/","title":{"rendered":"Jaha\u0107e hla\u010de HKM Rosewood"},"content":{"rendered":"<h3>Jaha\u0107e hla\u010de HKM Rosewood<\/h3>\n<p>Otkrijte vrhunske jaha\u0107e hla\u010de <em>Rosewood<\/em> marke HKM, dizajnirane za udobnost, stil i funkcionalnost. Izra\u0111ene su od kvalitetne mje\u0161avine materijala, koji osiguravaju odli\u010dno prianjanje i izdr\u017eljivost: 76 % najlon, 24 % elastan na vanjskoj strani i 85 % poliester te 15 % elastan na unutarnjoj strani. Ova kombinacija omogu\u0107uje disanje tkanine, fleksibilnost i udobnost \u010dak i tijekom du\u017eih sati jahanja.  <\/p>\n<h3>Klju\u010dne zna\u010dajke:<\/h3>\n<ul>\n<li><strong>Visoka elasti\u010dnost:<\/strong> Potpuna sloboda kretanja.<\/li>\n<li><strong>Prozra\u010dnost:<\/strong> Optimalna udobnost u svim vremenskim uvjetima.<\/li>\n<li><strong>Oja\u010dani dijelovi:<\/strong> Dugotrajna izdr\u017eljivost na kriti\u010dnim to\u010dkama.<\/li>\n<li><strong>Silikon<\/strong>: imaju full seat silikonski oprijem<\/li>\n<\/ul>\n<h3>Upute za odr\u017eavanje:<\/h3>\n<p>Za dulji \u017eivotni vijek jaha\u0107ih hla\u010da preporu\u010damo pranje pri <strong>30 \u00b0C<\/strong>. Izbjegavajte kori\u0161tenje izbjeljiva\u010da, su\u0161enje u su\u0161ilici i gla\u010danje na visokoj temperaturi. <\/p>\n<p>Pobolj\u0161ajte svoje iskustvo jahanja s elegantnim i funkcionalnim jaha\u0107im hla\u010dama Rosewood \u2013 savr\u0161en izbor za svakoga tko zahtijeva kvalitetu i stil u jednom!<\/p>\n","protected":false},"excerpt":{"rendered":"<ul>\n<li>silikonski grip na cijelom sjedalu<\/li>\n<li>prozra\u010dne<\/li>\n<li>sive boje<\/li>\n<\/ul>\n","protected":false},"featured_media":93427,"template":"","meta":{"footnotes":""},"product_brand":[],"product_cat":[5654,5667,5708],"product_tag":[],"class_list":{"0":"post-93423","1":"product","2":"type-product","3":"status-publish","4":"has-post-thumbnail","6":"product_cat-jahac-hr","7":"product_cat-zene","8":"product_cat-zenske-jahace-hlace","10":"first","11":"instock","12":"sale","13":"shipping-taxable","14":"purchasable","15":"product-type-variable"},"yoast_head":"<!-- This site is optimized with the Yoast SEO plugin v27.4 - https:\/\/yoast.com\/product\/yoast-seo-wordpress\/ -->\n<title>Jaha\u0107e hla\u010de HKM Rosewood - Clair<\/title>\n<meta name=\"description\" content=\"silikonski grip na cijelom sjedalu  prozra\u010dne  sive boje\" \/>\n<meta name=\"robots\" content=\"index, follow, max-snippet:-1, max-image-preview:large, max-video-preview:-1\" \/>\n<link rel=\"canonical\" href=\"https:\/\/clair.si\/hr\/izdelek\/jahace-hlace-hkm-rosewood\/\" \/>\n<meta property=\"og:locale\" content=\"hr_HR\" \/>\n<meta property=\"og:type\" content=\"article\" \/>\n<meta property=\"og:title\" content=\"Jaha\u0107e hla\u010de HKM Rosewood - Clair\" \/>\n<meta property=\"og:description\" content=\"silikonski grip na cijelom sjedalu  prozra\u010dne  sive boje\" \/>\n<meta property=\"og:url\" content=\"https:\/\/clair.si\/hr\/izdelek\/jahace-hlace-hkm-rosewood\/\" \/>\n<meta property=\"og:site_name\" content=\"Clair\" \/>\n<meta property=\"article:publisher\" content=\"https:\/\/www.facebook.com\/TrgovinaClair\/\" \/>\n<meta property=\"article:modified_time\" content=\"2026-02-12T09:26:27+00:00\" \/>\n<meta property=\"og:image\" content=\"https:\/\/clair.si\/wp-content\/uploads\/2024\/11\/Hlace-jahalne-Rosewood-1.avif\" \/>\n\t<meta property=\"og:image:width\" content=\"700\" \/>\n\t<meta property=\"og:image:height\" content=\"700\" \/>\n\t<meta property=\"og:image:type\" content=\"image\/jpeg\" \/>\n<meta name=\"twitter:card\" content=\"summary_large_image\" \/>\n<meta name=\"twitter:label1\" content=\"Procijenjeno vrijeme \u010ditanja\" \/>\n\t<meta name=\"twitter:data1\" content=\"1 minuta\" \/>\n<script type=\"application\/ld+json\" class=\"yoast-schema-graph\">{\"@context\":\"https:\\\/\\\/schema.org\",\"@graph\":[{\"@type\":\"WebPage\",\"@id\":\"https:\\\/\\\/clair.si\\\/hr\\\/izdelek\\\/jahace-hlace-hkm-rosewood\\\/\",\"url\":\"https:\\\/\\\/clair.si\\\/hr\\\/izdelek\\\/jahace-hlace-hkm-rosewood\\\/\",\"name\":\"Jaha\u0107e hla\u010de HKM Rosewood - Clair\",\"isPartOf\":{\"@id\":\"https:\\\/\\\/clair.si\\\/#website\"},\"primaryImageOfPage\":{\"@id\":\"https:\\\/\\\/clair.si\\\/hr\\\/izdelek\\\/jahace-hlace-hkm-rosewood\\\/#primaryimage\"},\"image\":{\"@id\":\"https:\\\/\\\/clair.si\\\/hr\\\/izdelek\\\/jahace-hlace-hkm-rosewood\\\/#primaryimage\"},\"thumbnailUrl\":\"https:\\\/\\\/clair.si\\\/wp-content\\\/uploads\\\/2024\\\/11\\\/Hlace-jahalne-Rosewood-1.avif\",\"datePublished\":\"2024-11-29T09:16:36+00:00\",\"dateModified\":\"2026-02-12T09:26:27+00:00\",\"description\":\"silikonski grip na cijelom sjedalu prozra\u010dne sive boje\",\"breadcrumb\":{\"@id\":\"https:\\\/\\\/clair.si\\\/hr\\\/izdelek\\\/jahace-hlace-hkm-rosewood\\\/#breadcrumb\"},\"inLanguage\":\"hr\",\"potentialAction\":[{\"@type\":\"ReadAction\",\"target\":[\"https:\\\/\\\/clair.si\\\/hr\\\/izdelek\\\/jahace-hlace-hkm-rosewood\\\/\"]}]},{\"@type\":\"ImageObject\",\"inLanguage\":\"hr\",\"@id\":\"https:\\\/\\\/clair.si\\\/hr\\\/izdelek\\\/jahace-hlace-hkm-rosewood\\\/#primaryimage\",\"url\":\"https:\\\/\\\/clair.si\\\/wp-content\\\/uploads\\\/2024\\\/11\\\/Hlace-jahalne-Rosewood-1.avif\",\"contentUrl\":\"https:\\\/\\\/clair.si\\\/wp-content\\\/uploads\\\/2024\\\/11\\\/Hlace-jahalne-Rosewood-1.avif\",\"width\":700,\"height\":700},{\"@type\":\"BreadcrumbList\",\"@id\":\"https:\\\/\\\/clair.si\\\/hr\\\/izdelek\\\/jahace-hlace-hkm-rosewood\\\/#breadcrumb\",\"itemListElement\":[{\"@type\":\"ListItem\",\"position\":1,\"name\":\"Home\",\"item\":\"https:\\\/\\\/clair.si\\\/hr\\\/\"},{\"@type\":\"ListItem\",\"position\":2,\"name\":\"Trgovina\",\"item\":\"https:\\\/\\\/clair.si\\\/trgovina\\\/\"},{\"@type\":\"ListItem\",\"position\":3,\"name\":\"Jaha\u0107e hla\u010de HKM Rosewood\"}]},{\"@type\":\"WebSite\",\"@id\":\"https:\\\/\\\/clair.si\\\/#website\",\"url\":\"https:\\\/\\\/clair.si\\\/\",\"name\":\"Clair\",\"description\":\"Trgovina s konjeni\u0161ko opremo\",\"publisher\":{\"@id\":\"https:\\\/\\\/clair.si\\\/#organization\"},\"potentialAction\":[{\"@type\":\"SearchAction\",\"target\":{\"@type\":\"EntryPoint\",\"urlTemplate\":\"https:\\\/\\\/clair.si\\\/?s={search_term_string}\"},\"query-input\":{\"@type\":\"PropertyValueSpecification\",\"valueRequired\":true,\"valueName\":\"search_term_string\"}}],\"inLanguage\":\"hr\"},{\"@type\":\"Organization\",\"@id\":\"https:\\\/\\\/clair.si\\\/#organization\",\"name\":\"Clair\",\"url\":\"https:\\\/\\\/clair.si\\\/\",\"logo\":{\"@type\":\"ImageObject\",\"inLanguage\":\"hr\",\"@id\":\"https:\\\/\\\/clair.si\\\/#\\\/schema\\\/logo\\\/image\\\/\",\"url\":\"https:\\\/\\\/clair.si\\\/wp-content\\\/uploads\\\/2022\\\/11\\\/clair_logo_2022.jpg\",\"contentUrl\":\"https:\\\/\\\/clair.si\\\/wp-content\\\/uploads\\\/2022\\\/11\\\/clair_logo_2022.jpg\",\"width\":1920,\"height\":1920,\"caption\":\"Clair\"},\"image\":{\"@id\":\"https:\\\/\\\/clair.si\\\/#\\\/schema\\\/logo\\\/image\\\/\"},\"sameAs\":[\"https:\\\/\\\/www.facebook.com\\\/TrgovinaClair\\\/\"]}]}<\/script>\n<!-- \/ Yoast SEO plugin. -->","yoast_head_json":{"title":"Jaha\u0107e hla\u010de HKM Rosewood - Clair","description":"silikonski grip na cijelom sjedalu  prozra\u010dne  sive boje","robots":{"index":"index","follow":"follow","max-snippet":"max-snippet:-1","max-image-preview":"max-image-preview:large","max-video-preview":"max-video-preview:-1"},"canonical":"https:\/\/clair.si\/hr\/izdelek\/jahace-hlace-hkm-rosewood\/","og_locale":"hr_HR","og_type":"article","og_title":"Jaha\u0107e hla\u010de HKM Rosewood - Clair","og_description":"silikonski grip na cijelom sjedalu  prozra\u010dne  sive boje","og_url":"https:\/\/clair.si\/hr\/izdelek\/jahace-hlace-hkm-rosewood\/","og_site_name":"Clair","article_publisher":"https:\/\/www.facebook.com\/TrgovinaClair\/","article_modified_time":"2026-02-12T09:26:27+00:00","og_image":[{"width":700,"height":700,"url":"https:\/\/clair.si\/wp-content\/uploads\/2024\/11\/Hlace-jahalne-Rosewood-1.avif","type":"image\/jpeg"}],"twitter_card":"summary_large_image","twitter_misc":{"Procijenjeno vrijeme \u010ditanja":"1 minuta"},"schema":{"@context":"https:\/\/schema.org","@graph":[{"@type":"WebPage","@id":"https:\/\/clair.si\/hr\/izdelek\/jahace-hlace-hkm-rosewood\/","url":"https:\/\/clair.si\/hr\/izdelek\/jahace-hlace-hkm-rosewood\/","name":"Jaha\u0107e hla\u010de HKM Rosewood - Clair","isPartOf":{"@id":"https:\/\/clair.si\/#website"},"primaryImageOfPage":{"@id":"https:\/\/clair.si\/hr\/izdelek\/jahace-hlace-hkm-rosewood\/#primaryimage"},"image":{"@id":"https:\/\/clair.si\/hr\/izdelek\/jahace-hlace-hkm-rosewood\/#primaryimage"},"thumbnailUrl":"https:\/\/clair.si\/wp-content\/uploads\/2024\/11\/Hlace-jahalne-Rosewood-1.avif","datePublished":"2024-11-29T09:16:36+00:00","dateModified":"2026-02-12T09:26:27+00:00","description":"silikonski grip na cijelom sjedalu prozra\u010dne sive boje","breadcrumb":{"@id":"https:\/\/clair.si\/hr\/izdelek\/jahace-hlace-hkm-rosewood\/#breadcrumb"},"inLanguage":"hr","potentialAction":[{"@type":"ReadAction","target":["https:\/\/clair.si\/hr\/izdelek\/jahace-hlace-hkm-rosewood\/"]}]},{"@type":"ImageObject","inLanguage":"hr","@id":"https:\/\/clair.si\/hr\/izdelek\/jahace-hlace-hkm-rosewood\/#primaryimage","url":"https:\/\/clair.si\/wp-content\/uploads\/2024\/11\/Hlace-jahalne-Rosewood-1.avif","contentUrl":"https:\/\/clair.si\/wp-content\/uploads\/2024\/11\/Hlace-jahalne-Rosewood-1.avif","width":700,"height":700},{"@type":"BreadcrumbList","@id":"https:\/\/clair.si\/hr\/izdelek\/jahace-hlace-hkm-rosewood\/#breadcrumb","itemListElement":[{"@type":"ListItem","position":1,"name":"Home","item":"https:\/\/clair.si\/hr\/"},{"@type":"ListItem","position":2,"name":"Trgovina","item":"https:\/\/clair.si\/trgovina\/"},{"@type":"ListItem","position":3,"name":"Jaha\u0107e hla\u010de HKM Rosewood"}]},{"@type":"WebSite","@id":"https:\/\/clair.si\/#website","url":"https:\/\/clair.si\/","name":"Clair","description":"Trgovina s konjeni\u0161ko opremo","publisher":{"@id":"https:\/\/clair.si\/#organization"},"potentialAction":[{"@type":"SearchAction","target":{"@type":"EntryPoint","urlTemplate":"https:\/\/clair.si\/?s={search_term_string}"},"query-input":{"@type":"PropertyValueSpecification","valueRequired":true,"valueName":"search_term_string"}}],"inLanguage":"hr"},{"@type":"Organization","@id":"https:\/\/clair.si\/#organization","name":"Clair","url":"https:\/\/clair.si\/","logo":{"@type":"ImageObject","inLanguage":"hr","@id":"https:\/\/clair.si\/#\/schema\/logo\/image\/","url":"https:\/\/clair.si\/wp-content\/uploads\/2022\/11\/clair_logo_2022.jpg","contentUrl":"https:\/\/clair.si\/wp-content\/uploads\/2022\/11\/clair_logo_2022.jpg","width":1920,"height":1920,"caption":"Clair"},"image":{"@id":"https:\/\/clair.si\/#\/schema\/logo\/image\/"},"sameAs":["https:\/\/www.facebook.com\/TrgovinaClair\/"]}]}},"_links":{"self":[{"href":"https:\/\/clair.si\/hr\/wp-json\/wp\/v2\/product\/93423","targetHints":{"allow":["GET"]}}],"collection":[{"href":"https:\/\/clair.si\/hr\/wp-json\/wp\/v2\/product"}],"about":[{"href":"https:\/\/clair.si\/hr\/wp-json\/wp\/v2\/types\/product"}],"version-history":[{"count":0,"href":"https:\/\/clair.si\/hr\/wp-json\/wp\/v2\/product\/93423\/revisions"}],"wp:featuredmedia":[{"embeddable":true,"href":"https:\/\/clair.si\/hr\/wp-json\/wp\/v2\/media\/93427"}],"wp:attachment":[{"href":"https:\/\/clair.si\/hr\/wp-json\/wp\/v2\/media?parent=93423"}],"wp:term":[{"taxonomy":"product_brand","embeddable":true,"href":"https:\/\/clair.si\/hr\/wp-json\/wp\/v2\/product_brand?post=93423"},{"taxonomy":"product_cat","embeddable":true,"href":"https:\/\/clair.si\/hr\/wp-json\/wp\/v2\/product_cat?post=93423"},{"taxonomy":"product_tag","embeddable":true,"href":"https:\/\/clair.si\/hr\/wp-json\/wp\/v2\/product_tag?post=93423"}],"curies":[{"name":"wp","href":"https:\/\/api.w.org\/{rel}","templated":true}]}}