{"id":93424,"date":"2024-11-28T13:15:42","date_gmt":"2024-11-28T12:15:42","guid":{"rendered":"https:\/\/clair.si\/izdelek\/visenamjenska-podsedlica-hkm-daphne\/"},"modified":"2026-02-06T09:00:32","modified_gmt":"2026-02-06T08:00:32","slug":"visenamjenska-podsedlica-hkm-daphne","status":"publish","type":"product","link":"https:\/\/clair.si\/hr\/izdelek\/visenamjenska-podsedlica-hkm-daphne\/","title":{"rendered":"Vi\u0161enamjenska podsedlica HKM Daphne"},"content":{"rendered":"<div class=\"flex max-w-full flex-col flex-grow\">\n<div class=\"min-h-8 text-message flex w-full flex-col items-end gap-2 whitespace-normal break-words text-start [.text-message+&amp;]:mt-5\" dir=\"auto\" data-message-author-role=\"assistant\" data-message-id=\"e0834a9b-fc08-4729-b1b8-dfd7fa49105f\" data-message-model-slug=\"gpt-4o\">\n<div class=\"flex w-full flex-col gap-1 empty:hidden first:pt-[3px]\">\n<div class=\"markdown prose w-full break-words dark:prose-invert light\">\n<p><strong>Podsedlica HKM Daphne \u2013 Vi\u0161enamjenska podsedlica za udobnost i stil<\/strong><\/p>\n<p>Podsedlica HKM Daphne je svestrano rje\u0161enje koje kombinira eleganciju, funkcionalnost i udobnost. Prikladna je za sve discipline jahanja, od rekreativnog do sportskog, te osigurava vrhunsku za\u0161titu i ugodan osje\u0107aj za va\u0161eg konja.<\/p>\n<h3><strong>Zna\u010dajke podsedlice HKM Daphne<\/strong><\/h3>\n<ul>\n<li><strong>Materijal<\/strong>: 100 % poliester za izdr\u017eljivost i dugi vijek trajanja.<\/li>\n<li><strong>Punjenje<\/strong>: Kvalitetna pjena i poliesterska vlakna za odli\u010dno ubla\u017eavanje i smanjenje pritiska na konjeva le\u0111a.<\/li>\n<li><strong>Podloga<\/strong>: Brzosu\u0161e\u0107a i prozra\u010dna mre\u017easta tkanina, koja osigurava udobnost i sprje\u010dava nakupljanje vlage.<\/li>\n<li><strong>Dizajn<\/strong>: Pro\u0161iven uzorak u elegantnoj izvedbi s kontrastnim detaljima za privla\u010dan i moderan izgled.<\/li>\n<li><strong>Pri\u010dvrsni remeni<\/strong>: Prilagodljivi remeni za sigurno i jednostavno pri\u010dvr\u0161\u0107ivanje podsedlice na sedlo.<\/li>\n<\/ul>\n<h3><strong>Upute za odr\u017eavanje<\/strong><\/h3>\n<ul>\n<li>Podsedlicu perite u perilici rublja na maksimalno 30 \u00b0C.<\/li>\n<li>Ne koristite omek\u0161iva\u010de kako biste o\u010duvali prozra\u010dnost materijala.<\/li>\n<li>Nakon pranja je objesite na zrak, da se prirodno osu\u0161i \u2013 su\u0161ilica nije preporu\u010dljiva.<\/li>\n<li>Redovito uklanjajte dlake i pra\u0161inu s mekom \u010detkom za svje\u017e izgled i dugi vijek trajanja.<\/li>\n<\/ul>\n<p>Podsedlica HKM Daphne je pravi izbor za sve jaha\u010de koji tra\u017ee kvalitetnu i elegantnu vi\u0161enamjensku podsedlicu. Neka va\u0161 konj u\u017eiva u vrhunskoj udobnosti, dok vi blistate u stilu!<\/p>\n<\/div>\n<\/div>\n<\/div>\n<\/div>\n","protected":false},"excerpt":{"rendered":"<ul>\n<li>podsedlica u vi\u0161enamjenskom obliku (slika je simboli\u010dna)<\/li>\n<li>prozra\u010dna<\/li>\n<li>s trakama za sedlo<\/li>\n<\/ul>\n","protected":false},"featured_media":93434,"template":"","meta":{"footnotes":""},"product_brand":[],"product_cat":[5624,5726,5728],"product_tag":[],"class_list":{"0":"post-93424","1":"product","2":"type-product","3":"status-publish","4":"has-post-thumbnail","6":"product_cat-konj-hr","7":"product_cat-podsedlice-i-kapice-za-usi","8":"product_cat-visenamjenske-i-skakacke-podsedlice","10":"first","11":"instock","12":"shipping-taxable","13":"purchasable","14":"product-type-variable"},"yoast_head":"<!-- This site is optimized with the Yoast SEO plugin v27.3 - https:\/\/yoast.com\/product\/yoast-seo-wordpress\/ -->\n<title>Vi\u0161enamjenska podsedlica HKM Daphne - Clair<\/title>\n<meta name=\"description\" content=\"podsedlica u vi\u0161enamjenskom obliku (slika je simboli\u010dna)  prozra\u010dna  s trakama za sedlo\" \/>\n<meta name=\"robots\" content=\"index, follow, max-snippet:-1, max-image-preview:large, max-video-preview:-1\" \/>\n<link rel=\"canonical\" href=\"https:\/\/clair.si\/izdelek\/vecnamenska-podsedelnica-hkm-daphne\/\" \/>\n<meta property=\"og:locale\" content=\"hr_HR\" \/>\n<meta property=\"og:type\" content=\"article\" \/>\n<meta property=\"og:title\" content=\"Vi\u0161enamjenska podsedlica HKM Daphne - Clair\" \/>\n<meta property=\"og:description\" content=\"podsedlica u vi\u0161enamjenskom obliku (slika je simboli\u010dna)  prozra\u010dna  s trakama za sedlo\" \/>\n<meta property=\"og:url\" content=\"https:\/\/clair.si\/izdelek\/vecnamenska-podsedelnica-hkm-daphne\/\" \/>\n<meta property=\"og:site_name\" content=\"Clair\" \/>\n<meta property=\"article:publisher\" content=\"https:\/\/www.facebook.com\/TrgovinaClair\/\" \/>\n<meta property=\"article:modified_time\" content=\"2026-02-06T08:00:32+00:00\" \/>\n<meta property=\"og:image\" content=\"https:\/\/clair.si\/wp-content\/uploads\/2024\/12\/hkm-daphne-podsedelnia-kaki-vs.avif\" \/>\n\t<meta property=\"og:image:width\" content=\"700\" \/>\n\t<meta property=\"og:image:height\" content=\"700\" \/>\n\t<meta property=\"og:image:type\" content=\"image\/jpeg\" \/>\n<meta name=\"twitter:card\" content=\"summary_large_image\" \/>\n<meta name=\"twitter:label1\" content=\"Procijenjeno vrijeme \u010ditanja\" \/>\n\t<meta name=\"twitter:data1\" content=\"2 minute\" \/>\n<script type=\"application\/ld+json\" class=\"yoast-schema-graph\">{\"@context\":\"https:\\\/\\\/schema.org\",\"@graph\":[{\"@type\":\"WebPage\",\"@id\":\"https:\\\/\\\/clair.si\\\/izdelek\\\/vecnamenska-podsedelnica-hkm-daphne\\\/\",\"url\":\"https:\\\/\\\/clair.si\\\/izdelek\\\/vecnamenska-podsedelnica-hkm-daphne\\\/\",\"name\":\"Vi\u0161enamjenska podsedlica HKM Daphne - Clair\",\"isPartOf\":{\"@id\":\"https:\\\/\\\/clair.si\\\/#website\"},\"primaryImageOfPage\":{\"@id\":\"https:\\\/\\\/clair.si\\\/izdelek\\\/vecnamenska-podsedelnica-hkm-daphne\\\/#primaryimage\"},\"image\":{\"@id\":\"https:\\\/\\\/clair.si\\\/izdelek\\\/vecnamenska-podsedelnica-hkm-daphne\\\/#primaryimage\"},\"thumbnailUrl\":\"https:\\\/\\\/clair.si\\\/wp-content\\\/uploads\\\/2024\\\/12\\\/hkm-daphne-podsedelnia-kaki-vs.avif\",\"datePublished\":\"2024-11-28T12:15:42+00:00\",\"dateModified\":\"2026-02-06T08:00:32+00:00\",\"description\":\"podsedlica u vi\u0161enamjenskom obliku (slika je simboli\u010dna) prozra\u010dna s trakama za sedlo\",\"breadcrumb\":{\"@id\":\"https:\\\/\\\/clair.si\\\/izdelek\\\/vecnamenska-podsedelnica-hkm-daphne\\\/#breadcrumb\"},\"inLanguage\":\"hr\",\"potentialAction\":[{\"@type\":\"ReadAction\",\"target\":[\"https:\\\/\\\/clair.si\\\/izdelek\\\/vecnamenska-podsedelnica-hkm-daphne\\\/\"]}]},{\"@type\":\"ImageObject\",\"inLanguage\":\"hr\",\"@id\":\"https:\\\/\\\/clair.si\\\/izdelek\\\/vecnamenska-podsedelnica-hkm-daphne\\\/#primaryimage\",\"url\":\"https:\\\/\\\/clair.si\\\/wp-content\\\/uploads\\\/2024\\\/12\\\/hkm-daphne-podsedelnia-kaki-vs.avif\",\"contentUrl\":\"https:\\\/\\\/clair.si\\\/wp-content\\\/uploads\\\/2024\\\/12\\\/hkm-daphne-podsedelnia-kaki-vs.avif\",\"width\":700,\"height\":700},{\"@type\":\"BreadcrumbList\",\"@id\":\"https:\\\/\\\/clair.si\\\/izdelek\\\/vecnamenska-podsedelnica-hkm-daphne\\\/#breadcrumb\",\"itemListElement\":[{\"@type\":\"ListItem\",\"position\":1,\"name\":\"Home\",\"item\":\"https:\\\/\\\/clair.si\\\/hr\\\/\"},{\"@type\":\"ListItem\",\"position\":2,\"name\":\"Trgovina\",\"item\":\"https:\\\/\\\/clair.si\\\/trgovina\\\/\"},{\"@type\":\"ListItem\",\"position\":3,\"name\":\"Vi\u0161enamjenska podsedlica HKM Daphne\"}]},{\"@type\":\"WebSite\",\"@id\":\"https:\\\/\\\/clair.si\\\/#website\",\"url\":\"https:\\\/\\\/clair.si\\\/\",\"name\":\"Clair\",\"description\":\"Trgovina s konjeni\u0161ko opremo\",\"publisher\":{\"@id\":\"https:\\\/\\\/clair.si\\\/#organization\"},\"potentialAction\":[{\"@type\":\"SearchAction\",\"target\":{\"@type\":\"EntryPoint\",\"urlTemplate\":\"https:\\\/\\\/clair.si\\\/?s={search_term_string}\"},\"query-input\":{\"@type\":\"PropertyValueSpecification\",\"valueRequired\":true,\"valueName\":\"search_term_string\"}}],\"inLanguage\":\"hr\"},{\"@type\":\"Organization\",\"@id\":\"https:\\\/\\\/clair.si\\\/#organization\",\"name\":\"Clair\",\"url\":\"https:\\\/\\\/clair.si\\\/\",\"logo\":{\"@type\":\"ImageObject\",\"inLanguage\":\"hr\",\"@id\":\"https:\\\/\\\/clair.si\\\/#\\\/schema\\\/logo\\\/image\\\/\",\"url\":\"https:\\\/\\\/clair.si\\\/wp-content\\\/uploads\\\/2022\\\/11\\\/clair_logo_2022.jpg\",\"contentUrl\":\"https:\\\/\\\/clair.si\\\/wp-content\\\/uploads\\\/2022\\\/11\\\/clair_logo_2022.jpg\",\"width\":1920,\"height\":1920,\"caption\":\"Clair\"},\"image\":{\"@id\":\"https:\\\/\\\/clair.si\\\/#\\\/schema\\\/logo\\\/image\\\/\"},\"sameAs\":[\"https:\\\/\\\/www.facebook.com\\\/TrgovinaClair\\\/\"]}]}<\/script>\n<!-- \/ Yoast SEO plugin. -->","yoast_head_json":{"title":"Vi\u0161enamjenska podsedlica HKM Daphne - Clair","description":"podsedlica u vi\u0161enamjenskom obliku (slika je simboli\u010dna)  prozra\u010dna  s trakama za sedlo","robots":{"index":"index","follow":"follow","max-snippet":"max-snippet:-1","max-image-preview":"max-image-preview:large","max-video-preview":"max-video-preview:-1"},"canonical":"https:\/\/clair.si\/izdelek\/vecnamenska-podsedelnica-hkm-daphne\/","og_locale":"hr_HR","og_type":"article","og_title":"Vi\u0161enamjenska podsedlica HKM Daphne - Clair","og_description":"podsedlica u vi\u0161enamjenskom obliku (slika je simboli\u010dna)  prozra\u010dna  s trakama za sedlo","og_url":"https:\/\/clair.si\/izdelek\/vecnamenska-podsedelnica-hkm-daphne\/","og_site_name":"Clair","article_publisher":"https:\/\/www.facebook.com\/TrgovinaClair\/","article_modified_time":"2026-02-06T08:00:32+00:00","og_image":[{"width":700,"height":700,"url":"https:\/\/clair.si\/wp-content\/uploads\/2024\/12\/hkm-daphne-podsedelnia-kaki-vs.avif","type":"image\/jpeg"}],"twitter_card":"summary_large_image","twitter_misc":{"Procijenjeno vrijeme \u010ditanja":"2 minute"},"schema":{"@context":"https:\/\/schema.org","@graph":[{"@type":"WebPage","@id":"https:\/\/clair.si\/izdelek\/vecnamenska-podsedelnica-hkm-daphne\/","url":"https:\/\/clair.si\/izdelek\/vecnamenska-podsedelnica-hkm-daphne\/","name":"Vi\u0161enamjenska podsedlica HKM Daphne - Clair","isPartOf":{"@id":"https:\/\/clair.si\/#website"},"primaryImageOfPage":{"@id":"https:\/\/clair.si\/izdelek\/vecnamenska-podsedelnica-hkm-daphne\/#primaryimage"},"image":{"@id":"https:\/\/clair.si\/izdelek\/vecnamenska-podsedelnica-hkm-daphne\/#primaryimage"},"thumbnailUrl":"https:\/\/clair.si\/wp-content\/uploads\/2024\/12\/hkm-daphne-podsedelnia-kaki-vs.avif","datePublished":"2024-11-28T12:15:42+00:00","dateModified":"2026-02-06T08:00:32+00:00","description":"podsedlica u vi\u0161enamjenskom obliku (slika je simboli\u010dna) prozra\u010dna s trakama za sedlo","breadcrumb":{"@id":"https:\/\/clair.si\/izdelek\/vecnamenska-podsedelnica-hkm-daphne\/#breadcrumb"},"inLanguage":"hr","potentialAction":[{"@type":"ReadAction","target":["https:\/\/clair.si\/izdelek\/vecnamenska-podsedelnica-hkm-daphne\/"]}]},{"@type":"ImageObject","inLanguage":"hr","@id":"https:\/\/clair.si\/izdelek\/vecnamenska-podsedelnica-hkm-daphne\/#primaryimage","url":"https:\/\/clair.si\/wp-content\/uploads\/2024\/12\/hkm-daphne-podsedelnia-kaki-vs.avif","contentUrl":"https:\/\/clair.si\/wp-content\/uploads\/2024\/12\/hkm-daphne-podsedelnia-kaki-vs.avif","width":700,"height":700},{"@type":"BreadcrumbList","@id":"https:\/\/clair.si\/izdelek\/vecnamenska-podsedelnica-hkm-daphne\/#breadcrumb","itemListElement":[{"@type":"ListItem","position":1,"name":"Home","item":"https:\/\/clair.si\/hr\/"},{"@type":"ListItem","position":2,"name":"Trgovina","item":"https:\/\/clair.si\/trgovina\/"},{"@type":"ListItem","position":3,"name":"Vi\u0161enamjenska podsedlica HKM Daphne"}]},{"@type":"WebSite","@id":"https:\/\/clair.si\/#website","url":"https:\/\/clair.si\/","name":"Clair","description":"Trgovina s konjeni\u0161ko opremo","publisher":{"@id":"https:\/\/clair.si\/#organization"},"potentialAction":[{"@type":"SearchAction","target":{"@type":"EntryPoint","urlTemplate":"https:\/\/clair.si\/?s={search_term_string}"},"query-input":{"@type":"PropertyValueSpecification","valueRequired":true,"valueName":"search_term_string"}}],"inLanguage":"hr"},{"@type":"Organization","@id":"https:\/\/clair.si\/#organization","name":"Clair","url":"https:\/\/clair.si\/","logo":{"@type":"ImageObject","inLanguage":"hr","@id":"https:\/\/clair.si\/#\/schema\/logo\/image\/","url":"https:\/\/clair.si\/wp-content\/uploads\/2022\/11\/clair_logo_2022.jpg","contentUrl":"https:\/\/clair.si\/wp-content\/uploads\/2022\/11\/clair_logo_2022.jpg","width":1920,"height":1920,"caption":"Clair"},"image":{"@id":"https:\/\/clair.si\/#\/schema\/logo\/image\/"},"sameAs":["https:\/\/www.facebook.com\/TrgovinaClair\/"]}]}},"_links":{"self":[{"href":"https:\/\/clair.si\/hr\/wp-json\/wp\/v2\/product\/93424","targetHints":{"allow":["GET"]}}],"collection":[{"href":"https:\/\/clair.si\/hr\/wp-json\/wp\/v2\/product"}],"about":[{"href":"https:\/\/clair.si\/hr\/wp-json\/wp\/v2\/types\/product"}],"version-history":[{"count":2,"href":"https:\/\/clair.si\/hr\/wp-json\/wp\/v2\/product\/93424\/revisions"}],"predecessor-version":[{"id":129355,"href":"https:\/\/clair.si\/hr\/wp-json\/wp\/v2\/product\/93424\/revisions\/129355"}],"wp:featuredmedia":[{"embeddable":true,"href":"https:\/\/clair.si\/hr\/wp-json\/wp\/v2\/media\/93434"}],"wp:attachment":[{"href":"https:\/\/clair.si\/hr\/wp-json\/wp\/v2\/media?parent=93424"}],"wp:term":[{"taxonomy":"product_brand","embeddable":true,"href":"https:\/\/clair.si\/hr\/wp-json\/wp\/v2\/product_brand?post=93424"},{"taxonomy":"product_cat","embeddable":true,"href":"https:\/\/clair.si\/hr\/wp-json\/wp\/v2\/product_cat?post=93424"},{"taxonomy":"product_tag","embeddable":true,"href":"https:\/\/clair.si\/hr\/wp-json\/wp\/v2\/product_tag?post=93424"}],"curies":[{"name":"wp","href":"https:\/\/api.w.org\/{rel}","templated":true}]}}