{"id":93507,"date":"2024-11-21T14:00:36","date_gmt":"2024-11-21T13:00:36","guid":{"rendered":"https:\/\/clair.si\/izdelek\/naf-cooling-wash\/"},"modified":"2025-08-27T20:50:00","modified_gmt":"2025-08-27T18:50:00","slug":"naf-cooling-wash","status":"publish","type":"product","link":"https:\/\/clair.si\/hr\/izdelek\/naf-cooling-wash\/","title":{"rendered":"NAF Cooling Wash"},"content":{"rendered":"<div class=\"flex-shrink-0 flex flex-col relative items-end\">\n<div>\n<div class=\"pt-0\">\n<div class=\"gizmo-bot-avatar flex h-8 w-8 items-center justify-center overflow-hidden rounded-full\">\n<div class=\"relative p-1 rounded-sm flex items-center justify-center bg-token-main-surface-primary text-token-text-primary h-8 w-8\"><strong>NAF Cooling Wash<\/strong> je osvje\u017eavaju\u0107i koncentrat za pranje, posebno dizajniran za hla\u0111enje i opu\u0161tanje mi\u0161i\u0107a va\u0161eg konja nakon treninga, natjecanja ili vru\u0107ih dana. Ovaj blagotvorni proizvod poma\u017ee ukloniti znoj i prljav\u0161tinu te istovremeno pru\u017ea ugodan osje\u0107aj svje\u017eine. Njegova formula ne zahtijeva ispiranje, \u0161to omogu\u0107uje brzu i jednostavnu upotrebu te vi\u0161e udobnosti za vas i va\u0161eg konja.  <\/div>\n<\/div>\n<\/div>\n<\/div>\n<\/div>\n<div class=\"group\/conversation-turn relative flex w-full min-w-0 flex-col agent-turn\">\n<div class=\"flex-col gap-1 md:gap-3\">\n<div class=\"flex max-w-full flex-col flex-grow\">\n<div class=\"min-h-8 text-message flex w-full flex-col items-end gap-2 whitespace-normal break-words [.text-message+&amp;]:mt-5\" dir=\"auto\" data-message-author-role=\"assistant\" data-message-id=\"8d1cc226-3b32-44f2-81e0-6ece23de76cd\" data-message-model-slug=\"gpt-4o\">\n<div class=\"flex w-full flex-col gap-1 empty:hidden first:pt-[3px]\">\n<div class=\"markdown prose w-full break-words dark:prose-invert light\">\n<h3>Klju\u010dne zna\u010dajke:<\/h3>\n<ul>\n<li><strong>Hladilni u\u010dinek:<\/strong> Poma\u017ee ohladiti mi\u0161i\u0107e i zmanj\u0161ati ob\u010dutek utrujenosti po naporu.<\/li>\n<li><strong>Uklanjanje prljav\u0161tine i znoja:<\/strong> U\u010dinkovito uklanja ne\u010disto\u0107e te osvje\u017eava ko\u017eu i dlaku.<\/li>\n<li><strong>Bez ispiranja:<\/strong> Nije potrebno ispiranje, \u0161to omogu\u0107uje jednostavnu upotrebu \u010dak i na putu.<\/li>\n<li><strong>Ugodan miris:<\/strong> Dlaku osvje\u017eava nje\u017enim i ugodnim mirisom.<\/li>\n<li><strong>Prilagodljiva koncentracija:<\/strong> Koncentrat se mo\u017ee razrijediti prema potrebama i situaciji.<\/li>\n<\/ul>\n<h3>Upute za upotrebu:<\/h3>\n<ol>\n<li>Pripremite kantu s \u010distom vodom.<\/li>\n<li>Dodajte nekoliko \u010depova <strong>NAF Cooling Wash<\/strong> (prema preporukama na pakiranju).<\/li>\n<li>Upotrijebite spu\u017evu ili krpu za nano\u0161enje mje\u0161avine na cijelo tijelo konja, pri \u010demu se usredoto\u010dite na pregrijana ili umorna podru\u010dja.<\/li>\n<li>Nije potrebno ispiranje \u2013 pustite da se osu\u0161i na zraku.<\/li>\n<\/ol>\n<h3>Za\u0161to izabrati NAF Cooling Wash?<\/h3>\n<p>NAF Cooling Wash je savr\u0161en izbor za skrbnike koji \u017eele svom konju osigurati brzo i u\u010dinkovito osvje\u017eenje te se pobrinuti za dobrobit nakon napora. Kao dio kvalitetne linije proizvoda NAF, jam\u010di provjerene rezultate i jednostavnu upotrebu. <\/p>\n<p>Izaberite <strong>NAF Cooling Wash<\/strong>, da boste svojega konja razvajali z osve\u017eilno nego, ki hkrati podpira regeneracijo in \u010disto\u010do. Odli\u010dna re\u0161itev za tople dni in intenzivne treninge! \ud83c\udf1f<\/p>\n<p><strong>Koli\u010dina<\/strong>: 500 ml<\/p>\n<\/div>\n<\/div>\n<\/div>\n<\/div>\n<\/div>\n<\/div>\n","protected":false},"excerpt":{"rendered":"<ul>\n<li>idealno za vru\u0107e ljetne dane<\/li>\n<li>ne treba ispirati<\/li>\n<\/ul>\n","protected":false},"featured_media":93509,"template":"","meta":{"footnotes":""},"product_brand":[],"product_cat":[5624,5675,5677,5625,5714,5627,5680],"product_tag":[],"class_list":{"0":"post-93507","1":"product","2":"type-product","3":"status-publish","4":"has-post-thumbnail","6":"product_cat-konj-hr","7":"product_cat-kozmetika-za-konje-hr","8":"product_cat-kozmetika-za-konje-hr-2","9":"product_cat-njega-konja","10":"product_cat-samponi-i-sapuni","11":"product_cat-stala-i-pasnjak","12":"product_cat-zdravlje-i-dobrobit","14":"first","15":"instock","16":"shipping-taxable","17":"purchasable","18":"product-type-simple"},"yoast_head":"<!-- This site is optimized with the Yoast SEO plugin v27.4 - https:\/\/yoast.com\/product\/yoast-seo-wordpress\/ -->\n<title>NAF Cooling Wash - Clair<\/title>\n<meta name=\"description\" content=\"idealno za vru\u0107e ljetne dane  ne treba ispirati\" \/>\n<meta name=\"robots\" content=\"index, follow, max-snippet:-1, max-image-preview:large, max-video-preview:-1\" \/>\n<link rel=\"canonical\" href=\"https:\/\/clair.si\/hr\/izdelek\/naf-cooling-wash\/\" \/>\n<meta property=\"og:locale\" content=\"hr_HR\" \/>\n<meta property=\"og:type\" content=\"article\" \/>\n<meta property=\"og:title\" content=\"NAF Cooling Wash - Clair\" \/>\n<meta property=\"og:description\" content=\"idealno za vru\u0107e ljetne dane  ne treba ispirati\" \/>\n<meta property=\"og:url\" content=\"https:\/\/clair.si\/hr\/izdelek\/naf-cooling-wash\/\" \/>\n<meta property=\"og:site_name\" content=\"Clair\" \/>\n<meta property=\"article:publisher\" content=\"https:\/\/www.facebook.com\/TrgovinaClair\/\" \/>\n<meta property=\"article:modified_time\" content=\"2025-08-27T18:50:00+00:00\" \/>\n<meta property=\"og:image\" content=\"https:\/\/clair.si\/wp-content\/uploads\/2024\/11\/NAF-Cooling-Wash-CLAIR.avif\" \/>\n\t<meta property=\"og:image:width\" content=\"458\" \/>\n\t<meta property=\"og:image:height\" content=\"458\" \/>\n\t<meta property=\"og:image:type\" content=\"image\/jpeg\" \/>\n<meta name=\"twitter:card\" content=\"summary_large_image\" \/>\n<meta name=\"twitter:label1\" content=\"Procijenjeno vrijeme \u010ditanja\" \/>\n\t<meta name=\"twitter:data1\" content=\"2 minute\" \/>\n<script type=\"application\/ld+json\" class=\"yoast-schema-graph\">{\"@context\":\"https:\\\/\\\/schema.org\",\"@graph\":[{\"@type\":\"WebPage\",\"@id\":\"https:\\\/\\\/clair.si\\\/hr\\\/izdelek\\\/naf-cooling-wash\\\/\",\"url\":\"https:\\\/\\\/clair.si\\\/hr\\\/izdelek\\\/naf-cooling-wash\\\/\",\"name\":\"NAF Cooling Wash - Clair\",\"isPartOf\":{\"@id\":\"https:\\\/\\\/clair.si\\\/#website\"},\"primaryImageOfPage\":{\"@id\":\"https:\\\/\\\/clair.si\\\/hr\\\/izdelek\\\/naf-cooling-wash\\\/#primaryimage\"},\"image\":{\"@id\":\"https:\\\/\\\/clair.si\\\/hr\\\/izdelek\\\/naf-cooling-wash\\\/#primaryimage\"},\"thumbnailUrl\":\"https:\\\/\\\/clair.si\\\/wp-content\\\/uploads\\\/2024\\\/11\\\/NAF-Cooling-Wash-CLAIR.avif\",\"datePublished\":\"2024-11-21T13:00:36+00:00\",\"dateModified\":\"2025-08-27T18:50:00+00:00\",\"description\":\"idealno za vru\u0107e ljetne dane ne treba ispirati\",\"breadcrumb\":{\"@id\":\"https:\\\/\\\/clair.si\\\/hr\\\/izdelek\\\/naf-cooling-wash\\\/#breadcrumb\"},\"inLanguage\":\"hr\",\"potentialAction\":[{\"@type\":\"ReadAction\",\"target\":[\"https:\\\/\\\/clair.si\\\/hr\\\/izdelek\\\/naf-cooling-wash\\\/\"]}]},{\"@type\":\"ImageObject\",\"inLanguage\":\"hr\",\"@id\":\"https:\\\/\\\/clair.si\\\/hr\\\/izdelek\\\/naf-cooling-wash\\\/#primaryimage\",\"url\":\"https:\\\/\\\/clair.si\\\/wp-content\\\/uploads\\\/2024\\\/11\\\/NAF-Cooling-Wash-CLAIR.avif\",\"contentUrl\":\"https:\\\/\\\/clair.si\\\/wp-content\\\/uploads\\\/2024\\\/11\\\/NAF-Cooling-Wash-CLAIR.avif\",\"width\":458,\"height\":458},{\"@type\":\"BreadcrumbList\",\"@id\":\"https:\\\/\\\/clair.si\\\/hr\\\/izdelek\\\/naf-cooling-wash\\\/#breadcrumb\",\"itemListElement\":[{\"@type\":\"ListItem\",\"position\":1,\"name\":\"Home\",\"item\":\"https:\\\/\\\/clair.si\\\/hr\\\/\"},{\"@type\":\"ListItem\",\"position\":2,\"name\":\"Trgovina\",\"item\":\"https:\\\/\\\/clair.si\\\/trgovina\\\/\"},{\"@type\":\"ListItem\",\"position\":3,\"name\":\"NAF Cooling Wash\"}]},{\"@type\":\"WebSite\",\"@id\":\"https:\\\/\\\/clair.si\\\/#website\",\"url\":\"https:\\\/\\\/clair.si\\\/\",\"name\":\"Clair\",\"description\":\"Trgovina s konjeni\u0161ko opremo\",\"publisher\":{\"@id\":\"https:\\\/\\\/clair.si\\\/#organization\"},\"potentialAction\":[{\"@type\":\"SearchAction\",\"target\":{\"@type\":\"EntryPoint\",\"urlTemplate\":\"https:\\\/\\\/clair.si\\\/?s={search_term_string}\"},\"query-input\":{\"@type\":\"PropertyValueSpecification\",\"valueRequired\":true,\"valueName\":\"search_term_string\"}}],\"inLanguage\":\"hr\"},{\"@type\":\"Organization\",\"@id\":\"https:\\\/\\\/clair.si\\\/#organization\",\"name\":\"Clair\",\"url\":\"https:\\\/\\\/clair.si\\\/\",\"logo\":{\"@type\":\"ImageObject\",\"inLanguage\":\"hr\",\"@id\":\"https:\\\/\\\/clair.si\\\/#\\\/schema\\\/logo\\\/image\\\/\",\"url\":\"https:\\\/\\\/clair.si\\\/wp-content\\\/uploads\\\/2022\\\/11\\\/clair_logo_2022.jpg\",\"contentUrl\":\"https:\\\/\\\/clair.si\\\/wp-content\\\/uploads\\\/2022\\\/11\\\/clair_logo_2022.jpg\",\"width\":1920,\"height\":1920,\"caption\":\"Clair\"},\"image\":{\"@id\":\"https:\\\/\\\/clair.si\\\/#\\\/schema\\\/logo\\\/image\\\/\"},\"sameAs\":[\"https:\\\/\\\/www.facebook.com\\\/TrgovinaClair\\\/\"]}]}<\/script>\n<!-- \/ Yoast SEO plugin. -->","yoast_head_json":{"title":"NAF Cooling Wash - Clair","description":"idealno za vru\u0107e ljetne dane  ne treba ispirati","robots":{"index":"index","follow":"follow","max-snippet":"max-snippet:-1","max-image-preview":"max-image-preview:large","max-video-preview":"max-video-preview:-1"},"canonical":"https:\/\/clair.si\/hr\/izdelek\/naf-cooling-wash\/","og_locale":"hr_HR","og_type":"article","og_title":"NAF Cooling Wash - Clair","og_description":"idealno za vru\u0107e ljetne dane  ne treba ispirati","og_url":"https:\/\/clair.si\/hr\/izdelek\/naf-cooling-wash\/","og_site_name":"Clair","article_publisher":"https:\/\/www.facebook.com\/TrgovinaClair\/","article_modified_time":"2025-08-27T18:50:00+00:00","og_image":[{"width":458,"height":458,"url":"https:\/\/clair.si\/wp-content\/uploads\/2024\/11\/NAF-Cooling-Wash-CLAIR.avif","type":"image\/jpeg"}],"twitter_card":"summary_large_image","twitter_misc":{"Procijenjeno vrijeme \u010ditanja":"2 minute"},"schema":{"@context":"https:\/\/schema.org","@graph":[{"@type":"WebPage","@id":"https:\/\/clair.si\/hr\/izdelek\/naf-cooling-wash\/","url":"https:\/\/clair.si\/hr\/izdelek\/naf-cooling-wash\/","name":"NAF Cooling Wash - Clair","isPartOf":{"@id":"https:\/\/clair.si\/#website"},"primaryImageOfPage":{"@id":"https:\/\/clair.si\/hr\/izdelek\/naf-cooling-wash\/#primaryimage"},"image":{"@id":"https:\/\/clair.si\/hr\/izdelek\/naf-cooling-wash\/#primaryimage"},"thumbnailUrl":"https:\/\/clair.si\/wp-content\/uploads\/2024\/11\/NAF-Cooling-Wash-CLAIR.avif","datePublished":"2024-11-21T13:00:36+00:00","dateModified":"2025-08-27T18:50:00+00:00","description":"idealno za vru\u0107e ljetne dane ne treba ispirati","breadcrumb":{"@id":"https:\/\/clair.si\/hr\/izdelek\/naf-cooling-wash\/#breadcrumb"},"inLanguage":"hr","potentialAction":[{"@type":"ReadAction","target":["https:\/\/clair.si\/hr\/izdelek\/naf-cooling-wash\/"]}]},{"@type":"ImageObject","inLanguage":"hr","@id":"https:\/\/clair.si\/hr\/izdelek\/naf-cooling-wash\/#primaryimage","url":"https:\/\/clair.si\/wp-content\/uploads\/2024\/11\/NAF-Cooling-Wash-CLAIR.avif","contentUrl":"https:\/\/clair.si\/wp-content\/uploads\/2024\/11\/NAF-Cooling-Wash-CLAIR.avif","width":458,"height":458},{"@type":"BreadcrumbList","@id":"https:\/\/clair.si\/hr\/izdelek\/naf-cooling-wash\/#breadcrumb","itemListElement":[{"@type":"ListItem","position":1,"name":"Home","item":"https:\/\/clair.si\/hr\/"},{"@type":"ListItem","position":2,"name":"Trgovina","item":"https:\/\/clair.si\/trgovina\/"},{"@type":"ListItem","position":3,"name":"NAF Cooling Wash"}]},{"@type":"WebSite","@id":"https:\/\/clair.si\/#website","url":"https:\/\/clair.si\/","name":"Clair","description":"Trgovina s konjeni\u0161ko opremo","publisher":{"@id":"https:\/\/clair.si\/#organization"},"potentialAction":[{"@type":"SearchAction","target":{"@type":"EntryPoint","urlTemplate":"https:\/\/clair.si\/?s={search_term_string}"},"query-input":{"@type":"PropertyValueSpecification","valueRequired":true,"valueName":"search_term_string"}}],"inLanguage":"hr"},{"@type":"Organization","@id":"https:\/\/clair.si\/#organization","name":"Clair","url":"https:\/\/clair.si\/","logo":{"@type":"ImageObject","inLanguage":"hr","@id":"https:\/\/clair.si\/#\/schema\/logo\/image\/","url":"https:\/\/clair.si\/wp-content\/uploads\/2022\/11\/clair_logo_2022.jpg","contentUrl":"https:\/\/clair.si\/wp-content\/uploads\/2022\/11\/clair_logo_2022.jpg","width":1920,"height":1920,"caption":"Clair"},"image":{"@id":"https:\/\/clair.si\/#\/schema\/logo\/image\/"},"sameAs":["https:\/\/www.facebook.com\/TrgovinaClair\/"]}]}},"_links":{"self":[{"href":"https:\/\/clair.si\/hr\/wp-json\/wp\/v2\/product\/93507","targetHints":{"allow":["GET"]}}],"collection":[{"href":"https:\/\/clair.si\/hr\/wp-json\/wp\/v2\/product"}],"about":[{"href":"https:\/\/clair.si\/hr\/wp-json\/wp\/v2\/types\/product"}],"version-history":[{"count":0,"href":"https:\/\/clair.si\/hr\/wp-json\/wp\/v2\/product\/93507\/revisions"}],"wp:featuredmedia":[{"embeddable":true,"href":"https:\/\/clair.si\/hr\/wp-json\/wp\/v2\/media\/93509"}],"wp:attachment":[{"href":"https:\/\/clair.si\/hr\/wp-json\/wp\/v2\/media?parent=93507"}],"wp:term":[{"taxonomy":"product_brand","embeddable":true,"href":"https:\/\/clair.si\/hr\/wp-json\/wp\/v2\/product_brand?post=93507"},{"taxonomy":"product_cat","embeddable":true,"href":"https:\/\/clair.si\/hr\/wp-json\/wp\/v2\/product_cat?post=93507"},{"taxonomy":"product_tag","embeddable":true,"href":"https:\/\/clair.si\/hr\/wp-json\/wp\/v2\/product_tag?post=93507"}],"curies":[{"name":"wp","href":"https:\/\/api.w.org\/{rel}","templated":true}]}}