{"id":93572,"date":"2024-11-25T09:57:15","date_gmt":"2024-11-25T08:57:15","guid":{"rendered":"https:\/\/clair.si\/izdelek\/sprej-za-njegu-koze-equinatura\/"},"modified":"2025-08-28T05:39:29","modified_gmt":"2025-08-28T03:39:29","slug":"sprej-za-njegu-koze-equinatura","status":"publish","type":"product","link":"https:\/\/clair.si\/hr\/izdelek\/sprej-za-njegu-koze-equinatura\/","title":{"rendered":"Sprej za njegu ko\u017ee EQUINATURA"},"content":{"rendered":"<p><strong>Balzam sa sapunom i ma\u0161\u0107u za sedla<\/strong><\/p>\n<p>Ova njega za ko\u017eu kombinira sapun za sedla i mast za potpuno \u010di\u0161\u0107enje i odr\u017eavanje ko\u017ee. Nakon uporabe ko\u017ea je obnovljena, za\u0161ti\u0107ena i u odli\u010dnom stanju. <\/p>\n<p>Klju\u010dne prednosti:<\/p>\n<ul>\n<li><strong>\u010ci\u0161\u0107enje i njega<\/strong>: Temeljito uklanja prljav\u0161tinu te istovremeno njeguje ko\u017eu.<\/li>\n<li><strong>Obnova i za\u0161tita<\/strong>: Ko\u017ei vra\u0107a elasti\u010dnost te je \u0161titi od isu\u0161ivanja i o\u0161te\u0107enja.<\/li>\n<li><strong>Prirodni sjaj<\/strong>: Osigurava prekrasan, prirodan izgled ko\u017ee.<\/li>\n<\/ul>\n<p>Idealno za o\u010duvanje dugotrajne ljepote i funkcionalnosti ko\u017enih proizvoda.<\/p>\n","protected":false},"excerpt":{"rendered":"<p>Balzam sa sapunom i ma\u0161\u0107u za sedla Ova njega za ko\u017eu kombinira sapun za sedla i mast za potpuno \u010di\u0161\u0107enje<\/p>\n","protected":false},"featured_media":93576,"template":"","meta":{"footnotes":""},"product_brand":[],"product_cat":[5867,5627],"product_tag":[],"class_list":{"0":"post-93572","1":"product","2":"type-product","3":"status-publish","4":"has-post-thumbnail","6":"product_cat-njega-koze","7":"product_cat-stala-i-pasnjak","9":"first","10":"instock","11":"shipping-taxable","12":"purchasable","13":"product-type-simple"},"yoast_head":"<!-- This site is optimized with the Yoast SEO plugin v27.3 - https:\/\/yoast.com\/product\/yoast-seo-wordpress\/ -->\n<title>Sprej za njegu ko\u017ee EQUINATURA - Clair<\/title>\n<meta name=\"description\" content=\"Balzam sa sapunom i ma\u0161\u0107u za sedla Ova njega za ko\u017eu kombinira sapun za sedla i mast za potpuno \u010di\u0161\u0107enje i odr\u017eavanje ko\u017ee. Nakon uporabe ko\u017ea je\" \/>\n<meta name=\"robots\" content=\"index, follow, max-snippet:-1, max-image-preview:large, max-video-preview:-1\" \/>\n<link rel=\"canonical\" href=\"https:\/\/clair.si\/hr\/izdelek\/sprej-za-njegu-koze-equinatura\/\" \/>\n<meta property=\"og:locale\" content=\"hr_HR\" \/>\n<meta property=\"og:type\" content=\"article\" \/>\n<meta property=\"og:title\" content=\"Sprej za njegu ko\u017ee EQUINATURA - Clair\" \/>\n<meta property=\"og:description\" content=\"Balzam sa sapunom i ma\u0161\u0107u za sedla Ova njega za ko\u017eu kombinira sapun za sedla i mast za potpuno \u010di\u0161\u0107enje i odr\u017eavanje ko\u017ee. Nakon uporabe ko\u017ea je\" \/>\n<meta property=\"og:url\" content=\"https:\/\/clair.si\/hr\/izdelek\/sprej-za-njegu-koze-equinatura\/\" \/>\n<meta property=\"og:site_name\" content=\"Clair\" \/>\n<meta property=\"article:publisher\" content=\"https:\/\/www.facebook.com\/TrgovinaClair\/\" \/>\n<meta property=\"article:modified_time\" content=\"2025-08-28T03:39:29+00:00\" \/>\n<meta property=\"og:image\" content=\"https:\/\/clair.si\/wp-content\/uploads\/2024\/11\/sprej_za_usnje_equinatura-leather-care.avif\" \/>\n\t<meta property=\"og:image:width\" content=\"800\" \/>\n\t<meta property=\"og:image:height\" content=\"800\" \/>\n\t<meta property=\"og:image:type\" content=\"image\/jpeg\" \/>\n<meta name=\"twitter:card\" content=\"summary_large_image\" \/>\n<script type=\"application\/ld+json\" class=\"yoast-schema-graph\">{\"@context\":\"https:\\\/\\\/schema.org\",\"@graph\":[{\"@type\":\"WebPage\",\"@id\":\"https:\\\/\\\/clair.si\\\/hr\\\/izdelek\\\/sprej-za-njegu-koze-equinatura\\\/\",\"url\":\"https:\\\/\\\/clair.si\\\/hr\\\/izdelek\\\/sprej-za-njegu-koze-equinatura\\\/\",\"name\":\"Sprej za njegu ko\u017ee EQUINATURA - Clair\",\"isPartOf\":{\"@id\":\"https:\\\/\\\/clair.si\\\/#website\"},\"primaryImageOfPage\":{\"@id\":\"https:\\\/\\\/clair.si\\\/hr\\\/izdelek\\\/sprej-za-njegu-koze-equinatura\\\/#primaryimage\"},\"image\":{\"@id\":\"https:\\\/\\\/clair.si\\\/hr\\\/izdelek\\\/sprej-za-njegu-koze-equinatura\\\/#primaryimage\"},\"thumbnailUrl\":\"https:\\\/\\\/clair.si\\\/wp-content\\\/uploads\\\/2024\\\/11\\\/sprej_za_usnje_equinatura-leather-care.avif\",\"datePublished\":\"2024-11-25T08:57:15+00:00\",\"dateModified\":\"2025-08-28T03:39:29+00:00\",\"description\":\"Balzam sa sapunom i ma\u0161\u0107u za sedla Ova njega za ko\u017eu kombinira sapun za sedla i mast za potpuno \u010di\u0161\u0107enje i odr\u017eavanje ko\u017ee. Nakon uporabe ko\u017ea je\",\"breadcrumb\":{\"@id\":\"https:\\\/\\\/clair.si\\\/hr\\\/izdelek\\\/sprej-za-njegu-koze-equinatura\\\/#breadcrumb\"},\"inLanguage\":\"hr\",\"potentialAction\":[{\"@type\":\"ReadAction\",\"target\":[\"https:\\\/\\\/clair.si\\\/hr\\\/izdelek\\\/sprej-za-njegu-koze-equinatura\\\/\"]}]},{\"@type\":\"ImageObject\",\"inLanguage\":\"hr\",\"@id\":\"https:\\\/\\\/clair.si\\\/hr\\\/izdelek\\\/sprej-za-njegu-koze-equinatura\\\/#primaryimage\",\"url\":\"https:\\\/\\\/clair.si\\\/wp-content\\\/uploads\\\/2024\\\/11\\\/sprej_za_usnje_equinatura-leather-care.avif\",\"contentUrl\":\"https:\\\/\\\/clair.si\\\/wp-content\\\/uploads\\\/2024\\\/11\\\/sprej_za_usnje_equinatura-leather-care.avif\",\"width\":800,\"height\":800},{\"@type\":\"BreadcrumbList\",\"@id\":\"https:\\\/\\\/clair.si\\\/hr\\\/izdelek\\\/sprej-za-njegu-koze-equinatura\\\/#breadcrumb\",\"itemListElement\":[{\"@type\":\"ListItem\",\"position\":1,\"name\":\"Home\",\"item\":\"https:\\\/\\\/clair.si\\\/hr\\\/\"},{\"@type\":\"ListItem\",\"position\":2,\"name\":\"Trgovina\",\"item\":\"https:\\\/\\\/clair.si\\\/trgovina\\\/\"},{\"@type\":\"ListItem\",\"position\":3,\"name\":\"Sprej za njegu ko\u017ee EQUINATURA\"}]},{\"@type\":\"WebSite\",\"@id\":\"https:\\\/\\\/clair.si\\\/#website\",\"url\":\"https:\\\/\\\/clair.si\\\/\",\"name\":\"Clair\",\"description\":\"Trgovina s konjeni\u0161ko opremo\",\"publisher\":{\"@id\":\"https:\\\/\\\/clair.si\\\/#organization\"},\"potentialAction\":[{\"@type\":\"SearchAction\",\"target\":{\"@type\":\"EntryPoint\",\"urlTemplate\":\"https:\\\/\\\/clair.si\\\/?s={search_term_string}\"},\"query-input\":{\"@type\":\"PropertyValueSpecification\",\"valueRequired\":true,\"valueName\":\"search_term_string\"}}],\"inLanguage\":\"hr\"},{\"@type\":\"Organization\",\"@id\":\"https:\\\/\\\/clair.si\\\/#organization\",\"name\":\"Clair\",\"url\":\"https:\\\/\\\/clair.si\\\/\",\"logo\":{\"@type\":\"ImageObject\",\"inLanguage\":\"hr\",\"@id\":\"https:\\\/\\\/clair.si\\\/#\\\/schema\\\/logo\\\/image\\\/\",\"url\":\"https:\\\/\\\/clair.si\\\/wp-content\\\/uploads\\\/2022\\\/11\\\/clair_logo_2022.jpg\",\"contentUrl\":\"https:\\\/\\\/clair.si\\\/wp-content\\\/uploads\\\/2022\\\/11\\\/clair_logo_2022.jpg\",\"width\":1920,\"height\":1920,\"caption\":\"Clair\"},\"image\":{\"@id\":\"https:\\\/\\\/clair.si\\\/#\\\/schema\\\/logo\\\/image\\\/\"},\"sameAs\":[\"https:\\\/\\\/www.facebook.com\\\/TrgovinaClair\\\/\"]}]}<\/script>\n<!-- \/ Yoast SEO plugin. -->","yoast_head_json":{"title":"Sprej za njegu ko\u017ee EQUINATURA - Clair","description":"Balzam sa sapunom i ma\u0161\u0107u za sedla Ova njega za ko\u017eu kombinira sapun za sedla i mast za potpuno \u010di\u0161\u0107enje i odr\u017eavanje ko\u017ee. Nakon uporabe ko\u017ea je","robots":{"index":"index","follow":"follow","max-snippet":"max-snippet:-1","max-image-preview":"max-image-preview:large","max-video-preview":"max-video-preview:-1"},"canonical":"https:\/\/clair.si\/hr\/izdelek\/sprej-za-njegu-koze-equinatura\/","og_locale":"hr_HR","og_type":"article","og_title":"Sprej za njegu ko\u017ee EQUINATURA - Clair","og_description":"Balzam sa sapunom i ma\u0161\u0107u za sedla Ova njega za ko\u017eu kombinira sapun za sedla i mast za potpuno \u010di\u0161\u0107enje i odr\u017eavanje ko\u017ee. Nakon uporabe ko\u017ea je","og_url":"https:\/\/clair.si\/hr\/izdelek\/sprej-za-njegu-koze-equinatura\/","og_site_name":"Clair","article_publisher":"https:\/\/www.facebook.com\/TrgovinaClair\/","article_modified_time":"2025-08-28T03:39:29+00:00","og_image":[{"width":800,"height":800,"url":"https:\/\/clair.si\/wp-content\/uploads\/2024\/11\/sprej_za_usnje_equinatura-leather-care.avif","type":"image\/jpeg"}],"twitter_card":"summary_large_image","schema":{"@context":"https:\/\/schema.org","@graph":[{"@type":"WebPage","@id":"https:\/\/clair.si\/hr\/izdelek\/sprej-za-njegu-koze-equinatura\/","url":"https:\/\/clair.si\/hr\/izdelek\/sprej-za-njegu-koze-equinatura\/","name":"Sprej za njegu ko\u017ee EQUINATURA - Clair","isPartOf":{"@id":"https:\/\/clair.si\/#website"},"primaryImageOfPage":{"@id":"https:\/\/clair.si\/hr\/izdelek\/sprej-za-njegu-koze-equinatura\/#primaryimage"},"image":{"@id":"https:\/\/clair.si\/hr\/izdelek\/sprej-za-njegu-koze-equinatura\/#primaryimage"},"thumbnailUrl":"https:\/\/clair.si\/wp-content\/uploads\/2024\/11\/sprej_za_usnje_equinatura-leather-care.avif","datePublished":"2024-11-25T08:57:15+00:00","dateModified":"2025-08-28T03:39:29+00:00","description":"Balzam sa sapunom i ma\u0161\u0107u za sedla Ova njega za ko\u017eu kombinira sapun za sedla i mast za potpuno \u010di\u0161\u0107enje i odr\u017eavanje ko\u017ee. Nakon uporabe ko\u017ea je","breadcrumb":{"@id":"https:\/\/clair.si\/hr\/izdelek\/sprej-za-njegu-koze-equinatura\/#breadcrumb"},"inLanguage":"hr","potentialAction":[{"@type":"ReadAction","target":["https:\/\/clair.si\/hr\/izdelek\/sprej-za-njegu-koze-equinatura\/"]}]},{"@type":"ImageObject","inLanguage":"hr","@id":"https:\/\/clair.si\/hr\/izdelek\/sprej-za-njegu-koze-equinatura\/#primaryimage","url":"https:\/\/clair.si\/wp-content\/uploads\/2024\/11\/sprej_za_usnje_equinatura-leather-care.avif","contentUrl":"https:\/\/clair.si\/wp-content\/uploads\/2024\/11\/sprej_za_usnje_equinatura-leather-care.avif","width":800,"height":800},{"@type":"BreadcrumbList","@id":"https:\/\/clair.si\/hr\/izdelek\/sprej-za-njegu-koze-equinatura\/#breadcrumb","itemListElement":[{"@type":"ListItem","position":1,"name":"Home","item":"https:\/\/clair.si\/hr\/"},{"@type":"ListItem","position":2,"name":"Trgovina","item":"https:\/\/clair.si\/trgovina\/"},{"@type":"ListItem","position":3,"name":"Sprej za njegu ko\u017ee EQUINATURA"}]},{"@type":"WebSite","@id":"https:\/\/clair.si\/#website","url":"https:\/\/clair.si\/","name":"Clair","description":"Trgovina s konjeni\u0161ko opremo","publisher":{"@id":"https:\/\/clair.si\/#organization"},"potentialAction":[{"@type":"SearchAction","target":{"@type":"EntryPoint","urlTemplate":"https:\/\/clair.si\/?s={search_term_string}"},"query-input":{"@type":"PropertyValueSpecification","valueRequired":true,"valueName":"search_term_string"}}],"inLanguage":"hr"},{"@type":"Organization","@id":"https:\/\/clair.si\/#organization","name":"Clair","url":"https:\/\/clair.si\/","logo":{"@type":"ImageObject","inLanguage":"hr","@id":"https:\/\/clair.si\/#\/schema\/logo\/image\/","url":"https:\/\/clair.si\/wp-content\/uploads\/2022\/11\/clair_logo_2022.jpg","contentUrl":"https:\/\/clair.si\/wp-content\/uploads\/2022\/11\/clair_logo_2022.jpg","width":1920,"height":1920,"caption":"Clair"},"image":{"@id":"https:\/\/clair.si\/#\/schema\/logo\/image\/"},"sameAs":["https:\/\/www.facebook.com\/TrgovinaClair\/"]}]}},"_links":{"self":[{"href":"https:\/\/clair.si\/hr\/wp-json\/wp\/v2\/product\/93572","targetHints":{"allow":["GET"]}}],"collection":[{"href":"https:\/\/clair.si\/hr\/wp-json\/wp\/v2\/product"}],"about":[{"href":"https:\/\/clair.si\/hr\/wp-json\/wp\/v2\/types\/product"}],"version-history":[{"count":0,"href":"https:\/\/clair.si\/hr\/wp-json\/wp\/v2\/product\/93572\/revisions"}],"wp:featuredmedia":[{"embeddable":true,"href":"https:\/\/clair.si\/hr\/wp-json\/wp\/v2\/media\/93576"}],"wp:attachment":[{"href":"https:\/\/clair.si\/hr\/wp-json\/wp\/v2\/media?parent=93572"}],"wp:term":[{"taxonomy":"product_brand","embeddable":true,"href":"https:\/\/clair.si\/hr\/wp-json\/wp\/v2\/product_brand?post=93572"},{"taxonomy":"product_cat","embeddable":true,"href":"https:\/\/clair.si\/hr\/wp-json\/wp\/v2\/product_cat?post=93572"},{"taxonomy":"product_tag","embeddable":true,"href":"https:\/\/clair.si\/hr\/wp-json\/wp\/v2\/product_tag?post=93572"}],"curies":[{"name":"wp","href":"https:\/\/api.w.org\/{rel}","templated":true}]}}