{"id":93573,"date":"2024-11-25T10:14:02","date_gmt":"2024-11-25T09:14:02","guid":{"rendered":"https:\/\/clair.si\/izdelek\/sprej-za-grivu-i-rep-equinatura\/"},"modified":"2025-08-27T20:50:09","modified_gmt":"2025-08-27T18:50:09","slug":"sprej-za-grivu-i-rep-equinatura","status":"publish","type":"product","link":"https:\/\/clair.si\/hr\/izdelek\/sprej-za-grivu-i-rep-equinatura\/","title":{"rendered":"Sprej za grivu i rep EQUINATURA"},"content":{"rendered":"<p><strong>Trenutno ra\u0161\u010de\u0161ljavanje u jednom koraku<\/strong><\/p>\n<p>Zna\u010dajke:<\/p>\n<ul>\n<li><strong>Sjajan izgled<\/strong>: Grivi, repu i dlaci daje prirodan sjaj.<\/li>\n<li><strong>Jednostavno ra\u0161\u010de\u0161ljavanje<\/strong>: Pojednostavljuje njegu i ra\u0161\u010de\u0161ljavanje.<\/li>\n<li><strong>Nje\u017ean i ugodan miris<\/strong>: Svje\u017ea aroma naran\u010de.<\/li>\n<\/ul>\n<p>Detalji:<\/p>\n<ul>\n<li><strong>Prirodni sastojci limuna<\/strong>: Limun osigurava sjajan i svilenkast zavr\u0161etak.<\/li>\n<li><strong>Olak\u0161ano \u010de\u0161ljanje<\/strong>: Idealno za ra\u0161\u010de\u0161ljavanje grive i repa.<\/li>\n<\/ul>\n<p>Proizvod je savr\u0161en za brzu i u\u010dinkovitu njegu koja odr\u017eava dlaku glatkom, mekom i sjajnom.<\/p>\n","protected":false},"excerpt":{"rendered":"<p>Trenutno ra\u0161\u010de\u0161ljavanje u jednom koraku Zna\u010dajke: Sjajan izgled: Grivi, repu i dlaci daje prirodan sjaj. Jednostavno ra\u0161\u010de\u0161ljavanje: Pojednostavljuje njegu i<\/p>\n","protected":false},"featured_media":93582,"template":"","meta":{"footnotes":""},"product_brand":[],"product_cat":[5624,5675,5677,5628,5625,5865,5777,5627],"product_tag":[],"class_list":{"0":"post-93573","1":"product","2":"type-product","3":"status-publish","4":"has-post-thumbnail","6":"product_cat-konj-hr","7":"product_cat-kozmetika-za-konje-hr","8":"product_cat-kozmetika-za-konje-hr-2","9":"product_cat-njega-konja-hr","10":"product_cat-njega-konja","11":"product_cat-rascesljavanje-grive-i-repa","12":"product_cat-sjaj-dlake-i-grive","13":"product_cat-stala-i-pasnjak","15":"first","16":"instock","17":"shipping-taxable","18":"purchasable","19":"product-type-simple"},"yoast_head":"<!-- This site is optimized with the Yoast SEO plugin v27.3 - https:\/\/yoast.com\/product\/yoast-seo-wordpress\/ -->\n<title>Sprej za grivu i rep EQUINATURA - Clair<\/title>\n<meta name=\"description\" content=\"Trenutno ra\u0161\u010de\u0161ljavanje u jednom koraku Zna\u010dajke: Sjajan izgled: Grivi, repu i dlaci daje prirodan sjaj. Jednostavno ra\u0161\u010de\u0161ljavanje: Pojednostavljuje\" \/>\n<meta name=\"robots\" content=\"index, follow, max-snippet:-1, max-image-preview:large, max-video-preview:-1\" \/>\n<link rel=\"canonical\" href=\"https:\/\/clair.si\/hr\/izdelek\/sprej-za-grivu-i-rep-equinatura\/\" \/>\n<meta property=\"og:locale\" content=\"hr_HR\" \/>\n<meta property=\"og:type\" content=\"article\" \/>\n<meta property=\"og:title\" content=\"Sprej za grivu i rep EQUINATURA - Clair\" \/>\n<meta property=\"og:description\" content=\"Trenutno ra\u0161\u010de\u0161ljavanje u jednom koraku Zna\u010dajke: Sjajan izgled: Grivi, repu i dlaci daje prirodan sjaj. Jednostavno ra\u0161\u010de\u0161ljavanje: Pojednostavljuje\" \/>\n<meta property=\"og:url\" content=\"https:\/\/clair.si\/hr\/izdelek\/sprej-za-grivu-i-rep-equinatura\/\" \/>\n<meta property=\"og:site_name\" content=\"Clair\" \/>\n<meta property=\"article:publisher\" content=\"https:\/\/www.facebook.com\/TrgovinaClair\/\" \/>\n<meta property=\"article:modified_time\" content=\"2025-08-27T18:50:09+00:00\" \/>\n<meta property=\"og:image\" content=\"https:\/\/clair.si\/wp-content\/uploads\/2024\/11\/sprej-za-grivo-equinatura.webp\" \/>\n\t<meta property=\"og:image:width\" content=\"800\" \/>\n\t<meta property=\"og:image:height\" content=\"800\" \/>\n\t<meta property=\"og:image:type\" content=\"image\/jpeg\" \/>\n<meta name=\"twitter:card\" content=\"summary_large_image\" \/>\n<script type=\"application\/ld+json\" class=\"yoast-schema-graph\">{\"@context\":\"https:\\\/\\\/schema.org\",\"@graph\":[{\"@type\":\"WebPage\",\"@id\":\"https:\\\/\\\/clair.si\\\/hr\\\/izdelek\\\/sprej-za-grivu-i-rep-equinatura\\\/\",\"url\":\"https:\\\/\\\/clair.si\\\/hr\\\/izdelek\\\/sprej-za-grivu-i-rep-equinatura\\\/\",\"name\":\"Sprej za grivu i rep EQUINATURA - Clair\",\"isPartOf\":{\"@id\":\"https:\\\/\\\/clair.si\\\/#website\"},\"primaryImageOfPage\":{\"@id\":\"https:\\\/\\\/clair.si\\\/hr\\\/izdelek\\\/sprej-za-grivu-i-rep-equinatura\\\/#primaryimage\"},\"image\":{\"@id\":\"https:\\\/\\\/clair.si\\\/hr\\\/izdelek\\\/sprej-za-grivu-i-rep-equinatura\\\/#primaryimage\"},\"thumbnailUrl\":\"https:\\\/\\\/clair.si\\\/wp-content\\\/uploads\\\/2024\\\/11\\\/sprej-za-grivo-equinatura.webp\",\"datePublished\":\"2024-11-25T09:14:02+00:00\",\"dateModified\":\"2025-08-27T18:50:09+00:00\",\"description\":\"Trenutno ra\u0161\u010de\u0161ljavanje u jednom koraku Zna\u010dajke: Sjajan izgled: Grivi, repu i dlaci daje prirodan sjaj. Jednostavno ra\u0161\u010de\u0161ljavanje: Pojednostavljuje\",\"breadcrumb\":{\"@id\":\"https:\\\/\\\/clair.si\\\/hr\\\/izdelek\\\/sprej-za-grivu-i-rep-equinatura\\\/#breadcrumb\"},\"inLanguage\":\"hr\",\"potentialAction\":[{\"@type\":\"ReadAction\",\"target\":[\"https:\\\/\\\/clair.si\\\/hr\\\/izdelek\\\/sprej-za-grivu-i-rep-equinatura\\\/\"]}]},{\"@type\":\"ImageObject\",\"inLanguage\":\"hr\",\"@id\":\"https:\\\/\\\/clair.si\\\/hr\\\/izdelek\\\/sprej-za-grivu-i-rep-equinatura\\\/#primaryimage\",\"url\":\"https:\\\/\\\/clair.si\\\/wp-content\\\/uploads\\\/2024\\\/11\\\/sprej-za-grivo-equinatura.webp\",\"contentUrl\":\"https:\\\/\\\/clair.si\\\/wp-content\\\/uploads\\\/2024\\\/11\\\/sprej-za-grivo-equinatura.webp\",\"width\":800,\"height\":800},{\"@type\":\"BreadcrumbList\",\"@id\":\"https:\\\/\\\/clair.si\\\/hr\\\/izdelek\\\/sprej-za-grivu-i-rep-equinatura\\\/#breadcrumb\",\"itemListElement\":[{\"@type\":\"ListItem\",\"position\":1,\"name\":\"Home\",\"item\":\"https:\\\/\\\/clair.si\\\/hr\\\/\"},{\"@type\":\"ListItem\",\"position\":2,\"name\":\"Trgovina\",\"item\":\"https:\\\/\\\/clair.si\\\/trgovina\\\/\"},{\"@type\":\"ListItem\",\"position\":3,\"name\":\"Sprej za grivu i rep EQUINATURA\"}]},{\"@type\":\"WebSite\",\"@id\":\"https:\\\/\\\/clair.si\\\/#website\",\"url\":\"https:\\\/\\\/clair.si\\\/\",\"name\":\"Clair\",\"description\":\"Trgovina s konjeni\u0161ko opremo\",\"publisher\":{\"@id\":\"https:\\\/\\\/clair.si\\\/#organization\"},\"potentialAction\":[{\"@type\":\"SearchAction\",\"target\":{\"@type\":\"EntryPoint\",\"urlTemplate\":\"https:\\\/\\\/clair.si\\\/?s={search_term_string}\"},\"query-input\":{\"@type\":\"PropertyValueSpecification\",\"valueRequired\":true,\"valueName\":\"search_term_string\"}}],\"inLanguage\":\"hr\"},{\"@type\":\"Organization\",\"@id\":\"https:\\\/\\\/clair.si\\\/#organization\",\"name\":\"Clair\",\"url\":\"https:\\\/\\\/clair.si\\\/\",\"logo\":{\"@type\":\"ImageObject\",\"inLanguage\":\"hr\",\"@id\":\"https:\\\/\\\/clair.si\\\/#\\\/schema\\\/logo\\\/image\\\/\",\"url\":\"https:\\\/\\\/clair.si\\\/wp-content\\\/uploads\\\/2022\\\/11\\\/clair_logo_2022.jpg\",\"contentUrl\":\"https:\\\/\\\/clair.si\\\/wp-content\\\/uploads\\\/2022\\\/11\\\/clair_logo_2022.jpg\",\"width\":1920,\"height\":1920,\"caption\":\"Clair\"},\"image\":{\"@id\":\"https:\\\/\\\/clair.si\\\/#\\\/schema\\\/logo\\\/image\\\/\"},\"sameAs\":[\"https:\\\/\\\/www.facebook.com\\\/TrgovinaClair\\\/\"]}]}<\/script>\n<!-- \/ Yoast SEO plugin. -->","yoast_head_json":{"title":"Sprej za grivu i rep EQUINATURA - Clair","description":"Trenutno ra\u0161\u010de\u0161ljavanje u jednom koraku Zna\u010dajke: Sjajan izgled: Grivi, repu i dlaci daje prirodan sjaj. Jednostavno ra\u0161\u010de\u0161ljavanje: Pojednostavljuje","robots":{"index":"index","follow":"follow","max-snippet":"max-snippet:-1","max-image-preview":"max-image-preview:large","max-video-preview":"max-video-preview:-1"},"canonical":"https:\/\/clair.si\/hr\/izdelek\/sprej-za-grivu-i-rep-equinatura\/","og_locale":"hr_HR","og_type":"article","og_title":"Sprej za grivu i rep EQUINATURA - Clair","og_description":"Trenutno ra\u0161\u010de\u0161ljavanje u jednom koraku Zna\u010dajke: Sjajan izgled: Grivi, repu i dlaci daje prirodan sjaj. Jednostavno ra\u0161\u010de\u0161ljavanje: Pojednostavljuje","og_url":"https:\/\/clair.si\/hr\/izdelek\/sprej-za-grivu-i-rep-equinatura\/","og_site_name":"Clair","article_publisher":"https:\/\/www.facebook.com\/TrgovinaClair\/","article_modified_time":"2025-08-27T18:50:09+00:00","og_image":[{"width":800,"height":800,"url":"https:\/\/clair.si\/wp-content\/uploads\/2024\/11\/sprej-za-grivo-equinatura.webp","type":"image\/jpeg"}],"twitter_card":"summary_large_image","schema":{"@context":"https:\/\/schema.org","@graph":[{"@type":"WebPage","@id":"https:\/\/clair.si\/hr\/izdelek\/sprej-za-grivu-i-rep-equinatura\/","url":"https:\/\/clair.si\/hr\/izdelek\/sprej-za-grivu-i-rep-equinatura\/","name":"Sprej za grivu i rep EQUINATURA - Clair","isPartOf":{"@id":"https:\/\/clair.si\/#website"},"primaryImageOfPage":{"@id":"https:\/\/clair.si\/hr\/izdelek\/sprej-za-grivu-i-rep-equinatura\/#primaryimage"},"image":{"@id":"https:\/\/clair.si\/hr\/izdelek\/sprej-za-grivu-i-rep-equinatura\/#primaryimage"},"thumbnailUrl":"https:\/\/clair.si\/wp-content\/uploads\/2024\/11\/sprej-za-grivo-equinatura.webp","datePublished":"2024-11-25T09:14:02+00:00","dateModified":"2025-08-27T18:50:09+00:00","description":"Trenutno ra\u0161\u010de\u0161ljavanje u jednom koraku Zna\u010dajke: Sjajan izgled: Grivi, repu i dlaci daje prirodan sjaj. Jednostavno ra\u0161\u010de\u0161ljavanje: Pojednostavljuje","breadcrumb":{"@id":"https:\/\/clair.si\/hr\/izdelek\/sprej-za-grivu-i-rep-equinatura\/#breadcrumb"},"inLanguage":"hr","potentialAction":[{"@type":"ReadAction","target":["https:\/\/clair.si\/hr\/izdelek\/sprej-za-grivu-i-rep-equinatura\/"]}]},{"@type":"ImageObject","inLanguage":"hr","@id":"https:\/\/clair.si\/hr\/izdelek\/sprej-za-grivu-i-rep-equinatura\/#primaryimage","url":"https:\/\/clair.si\/wp-content\/uploads\/2024\/11\/sprej-za-grivo-equinatura.webp","contentUrl":"https:\/\/clair.si\/wp-content\/uploads\/2024\/11\/sprej-za-grivo-equinatura.webp","width":800,"height":800},{"@type":"BreadcrumbList","@id":"https:\/\/clair.si\/hr\/izdelek\/sprej-za-grivu-i-rep-equinatura\/#breadcrumb","itemListElement":[{"@type":"ListItem","position":1,"name":"Home","item":"https:\/\/clair.si\/hr\/"},{"@type":"ListItem","position":2,"name":"Trgovina","item":"https:\/\/clair.si\/trgovina\/"},{"@type":"ListItem","position":3,"name":"Sprej za grivu i rep EQUINATURA"}]},{"@type":"WebSite","@id":"https:\/\/clair.si\/#website","url":"https:\/\/clair.si\/","name":"Clair","description":"Trgovina s konjeni\u0161ko opremo","publisher":{"@id":"https:\/\/clair.si\/#organization"},"potentialAction":[{"@type":"SearchAction","target":{"@type":"EntryPoint","urlTemplate":"https:\/\/clair.si\/?s={search_term_string}"},"query-input":{"@type":"PropertyValueSpecification","valueRequired":true,"valueName":"search_term_string"}}],"inLanguage":"hr"},{"@type":"Organization","@id":"https:\/\/clair.si\/#organization","name":"Clair","url":"https:\/\/clair.si\/","logo":{"@type":"ImageObject","inLanguage":"hr","@id":"https:\/\/clair.si\/#\/schema\/logo\/image\/","url":"https:\/\/clair.si\/wp-content\/uploads\/2022\/11\/clair_logo_2022.jpg","contentUrl":"https:\/\/clair.si\/wp-content\/uploads\/2022\/11\/clair_logo_2022.jpg","width":1920,"height":1920,"caption":"Clair"},"image":{"@id":"https:\/\/clair.si\/#\/schema\/logo\/image\/"},"sameAs":["https:\/\/www.facebook.com\/TrgovinaClair\/"]}]}},"_links":{"self":[{"href":"https:\/\/clair.si\/hr\/wp-json\/wp\/v2\/product\/93573","targetHints":{"allow":["GET"]}}],"collection":[{"href":"https:\/\/clair.si\/hr\/wp-json\/wp\/v2\/product"}],"about":[{"href":"https:\/\/clair.si\/hr\/wp-json\/wp\/v2\/types\/product"}],"version-history":[{"count":0,"href":"https:\/\/clair.si\/hr\/wp-json\/wp\/v2\/product\/93573\/revisions"}],"wp:featuredmedia":[{"embeddable":true,"href":"https:\/\/clair.si\/hr\/wp-json\/wp\/v2\/media\/93582"}],"wp:attachment":[{"href":"https:\/\/clair.si\/hr\/wp-json\/wp\/v2\/media?parent=93573"}],"wp:term":[{"taxonomy":"product_brand","embeddable":true,"href":"https:\/\/clair.si\/hr\/wp-json\/wp\/v2\/product_brand?post=93573"},{"taxonomy":"product_cat","embeddable":true,"href":"https:\/\/clair.si\/hr\/wp-json\/wp\/v2\/product_cat?post=93573"},{"taxonomy":"product_tag","embeddable":true,"href":"https:\/\/clair.si\/hr\/wp-json\/wp\/v2\/product_tag?post=93573"}],"curies":[{"name":"wp","href":"https:\/\/api.w.org\/{rel}","templated":true}]}}